{"id":297034,"date":"2025-07-08T11:29:03","date_gmt":"2025-07-08T11:29:03","guid":{"rendered":"https:\/\/fashiongold.lt\/papuosalas\/moderns-saderinasanas-gredzens-ar-smaragda-slipejuma-dimantu-1-35-ct\/"},"modified":"2025-07-08T11:29:03","modified_gmt":"2025-07-08T11:29:03","slug":"moderns-saderinasanas-gredzens-ar-smaragda-slipejuma-dimantu-1-35-ct","status":"publish","type":"product","link":"https:\/\/fashiongold.lt\/lv\/papuosalas\/moderns-saderinasanas-gredzens-ar-smaragda-slipejuma-dimantu-1-35-ct\/","title":{"rendered":"Moderns saderin\u0101\u0161an\u0101s gredzens ar smaragda sl\u012bp\u0113juma dimantu (1.35 ct)"},"content":{"rendered":"<p><span data-sheets-root=\"1\">Izgatavots ar visliel\u0101ko r\u016bp\u012bbu un uzman\u012bbu pret deta\u013c\u0101m, iev\u0113rojot augst\u0101kos juvelierizstr\u0101d\u0101jumu ra\u017eo\u0161anas standartus. P\u0113c piepras\u012bjuma gredzens var tikt piel\u0101gots individu\u0101li \u2013 ar augst\u0101kas kvalit\u0101tes dimantiem par papildu samaksu.<\/span><\/p>\n<p>\u2022 <strong><a href=\"https:\/\/fashiongold.lt\/lv\/patarimai-lv\/kada-zelta-prove-ir-vislabaka-ka-izveleties-piemerotako-saderinasanas-vai-laulibu-gredzenu\/\" target=\"_blank\" rel=\"noopener\">D\u0101rgmet\u0101li<\/a><\/strong>: 14K (585 proves), 18K (750 proves), 900 plat\u012bns<br \/>\n\u2022 <strong><a href=\"https:\/\/fashiongold.lt\/lv\/patarimai-lv\/saderinasanas-un-laulibu-gredzenu-zelta-krasa-baltais-sarkanais-vai-dzeltenais-zelts\/\" target=\"_blank\" rel=\"noopener\">Pieejam\u0101s zelta kr\u0101sas<\/a><\/strong>: balts, sarkans, dzeltens<br \/>\n\u2022 <strong><a href=\"https:\/\/fashiongold.lt\/lv\/patarimai-lv\/gredzeni-ar-dimantiem-gredzena-zelta-svars-un-dimantu-svars-karatos-ka-izveleties-piemerotako-ieteikumi-ka-saprast-un-novertet\/\" target=\"_blank\" rel=\"noopener\">Aptuvenais gredzena svars<\/a><\/strong>: <span data-sheets-root=\"1\">aptuveni 2.00 g &#8211; 3.00 g<\/span><br \/>\n\u2022 <span data-sheets-root=\"1\"><a href=\"https:\/\/fashiongold.lt\/lv\/patarimai-lv\/saderinasanas-gredzeni-perfektu-proporciju-noslepums-kapec-dazi-gredzeni-ar-dimantiem-izskatas-greznak\/\" target=\"_blank\" rel=\"noopener\"><strong>Karun\u012btes platums<\/strong><\/a>:<\/span> aptuveni <span data-sheets-root=\"1\">7.25 mm x 5.25 mm<\/span><br \/>\n\u2022 <strong><a href=\"https:\/\/fashiongold.lt\/lv\/patarimai-lv\/dimants-citas-dimanta-formas\/\" target=\"_blank\" rel=\"noopener\">Dimanta forma un sl\u012bp\u0113jums<\/a><\/strong>: <span data-sheets-root=\"1\">Taisnst\u016bra formas (<em>Emerald cut<\/em>)<\/span><br \/>\n\u2022 <strong><a href=\"https:\/\/fashiongold.lt\/lv\/patarimai-lv\/dimants-dabigs-laboratorija-audzets-vai-maksligs-ka-izveleties-pareizi\/\" target=\"_blank\" rel=\"noopener\">Dimanta izcelsme<\/a><\/strong>: Laboratorij\u0101 audz\u0113ts dimants vai dab\u012bgs dimants<br \/>\n\u2022 <strong><a href=\"https:\/\/fashiongold.lt\/lv\/patarimai-lv\/dimants-ka-tiek-verteta-vertigaka-dargakmens-grezniba\/\" target=\"_blank\" rel=\"noopener\">Dimanta svars un raksturojums<\/a><\/strong> (var main\u012bt):<br \/>\nLaboratorij\u0101 audz\u0113ts dimants ar IGI sertifik\u0101tu: <span data-sheets-root=\"1\">1.20<\/span>\u00a0ct dimants (kr\u0101sa D-E, dzidrums VVS)<br \/>\nDab\u012bgs dimants ar GIA sertifik\u0101tu: <span data-sheets-root=\"1\">1.20<\/span>\u00a0ct dimants (kr\u0101sa G-I, dzidrums SI)<br \/>\n<span data-sheets-root=\"1\">Gredzena st\u012bpi\u0146\u0101 eso\u0161ie dimanti (var main\u012bt):\u00a0 aptuveni 0.014 ct audz\u0113ti laboratorij\u0101 vai dab\u012bgi<br \/>\nKop\u0113jais dimantu svars: 1.35 ct<\/span><br \/>\n\u2022 Vienreiz\u0113ja bezmaksas <strong><a href=\"https:\/\/fashiongold.lt\/lv\/patarimai-lv\/saderinasanas-gredzeni-vai-gredzenu-var-iegravet-detalas-kas-pieskir-jusu-saderinasanas-gredzenam-individualitati\/\" target=\"_blank\" rel=\"noopener\">grav\u0113\u0161ana<\/a><\/strong><br \/>\n\u2022 Vienreiz\u0113ja bezmaksas <strong><a href=\"https:\/\/fashiongold.lt\/lv\/patarimai-lv\/saderinasanas-gredzeni-bezmaksas-izmera-pielagosana-lai-gredzens-deretu-ideali\/\" target=\"_blank\" rel=\"noopener\">gredzena izm\u0113ra mai\u0146a<\/a><br \/>\n<\/strong>\u2022 Saderin\u0101\u0161an\u0101s gredzena iek\u0161puse ir ar <strong><a href=\"https:\/\/fashiongold.lt\/lv\/patarimai-lv\/gredzena-komforta-zona-vai-gredzena-ertums\/\" target=\"_blank\" rel=\"noopener\">komforta zonu<\/a><\/strong><br \/>\n\u2022 <strong><a href=\"https:\/\/fashiongold.lt\/lv\/piegade-un-atgriesana\/\" target=\"_blank\" rel=\"noopener\">Izgatavo\u0161anas un pieg\u0101des termi\u0146\u0161<\/a><\/strong>: no 14 darba dien\u0101m, steidzam\u012bbas k\u0101rt\u0101 7 d.d. laik\u0101.<\/p>\n<p>V\u0113laties main\u012bt dimanta izm\u0113ru, kr\u0101su vai dzidruma klasi? Visu varam piel\u0101got atbilsto\u0161i j\u016bsu v\u0113lm\u0113m. Vai jums ir savs d\u0101rgakmens vai zelts? <strong><a href=\"https:\/\/fashiongold.lt\/lv\/kontakti\/\" target=\"_blank\" rel=\"noopener\">Sazinieties<\/a><\/strong> un m\u0113s p\u0101rr\u0113\u0137in\u0101sim cenu \u2013 j\u016bs maks\u0101siet tikai par juveliera darbu!\u00a0<br data-start=\"583\" data-end=\"586\" \/>Atkl\u0101jiet pla\u0161u juvelierizstr\u0101d\u0101jumu ar dimantiem kl\u0101stu un radiet savu sap\u0146u rotaslietu kop\u0101 ar <a href=\"https:\/\/fashiongold.lt\/lv\/\" target=\"_blank\" rel=\"noopener\">FashionGold.lv<\/a>.<\/p>\n","protected":false},"excerpt":{"rendered":"<h2 data-start=\"670\" data-end=\"782\">M\u016bsdien\u012bgs saderin\u0101\u0161an\u0101s gredzens ar dimantiem, kur\u0101 <em>Emerald<\/em> sl\u012bp\u0113jums k\u013c\u016bst par prec\u012bzas elegances pamatu<\/h2>\n<p data-start=\"670\" data-end=\"782\">\u0160is m\u016bsdien\u012bgais saderin\u0101\u0161an\u0101s gredzens ar dimantiem ir rad\u012bts tiem, kuri nov\u0113rt\u0113 \u0123eometriski skaidru est\u0113tisko ritmu. 1.35 ct kop\u0113jais dimantu svars \u013cauj gaismai p\u0101rvietoties k\u0101rt\u012bg\u0101, struktur\u0113t\u0101 veid\u0101. <em>Emerald<\/em> sl\u012bp\u0113juma dimants ar sav\u0101m taisnst\u016brveida l\u012bnij\u0101m rada spilgtu vizu\u0101lo identit\u0101ti, savuk\u0101rt st\u012bpi\u0146\u0101 r\u016bp\u012bgi inkrust\u0113tie mazie akmenti\u0146i pie\u0161\u0137ir gaismas maigumu. Tas ir saderin\u0101\u0161an\u0101s gredzens, kur\u0101 apvienota discipl\u012bna, saj\u016btas, proporcijas un gaisma.<\/p>\n<h3 data-start=\"670\" data-end=\"782\">\u0122eometrisk\u0101 harmonija k\u0101 m\u016bsdienu rotaslietu est\u0113tika<\/h3>\n<p data-start=\"670\" data-end=\"782\">Taisnst\u016bra formas centr\u0101lais akmens \u0161aj\u0101 rotasliet\u0101 nav nejau\u0161s \u2013 tas prasa precizit\u0101ti un uzman\u012bbu. Tas ir saderin\u0101\u0161an\u0101s gredzens ar dimantiem, kas mirdz nevis ar uzplaiksn\u012bjumiem, bet gan ar palieko\u0161u mieru. T\u0101 l\u012bnijas veido smalku arhitekt\u016bru uz pirksta, \u013caujot justies t\u0101, it k\u0101 j\u016bs n\u0113s\u0101tu gaismu, kurai ir virziens un j\u0113ga.<\/p>\n","protected":false},"featured_media":195950,"template":"","meta":{"site-sidebar-layout":"default","site-content-layout":"","ast-site-content-layout":"default","site-content-style":"default","site-sidebar-style":"default","ast-global-header-display":"","ast-banner-title-visibility":"","ast-main-header-display":"","ast-hfb-above-header-display":"","ast-hfb-below-header-display":"","ast-hfb-mobile-header-display":"","site-post-title":"","ast-breadcrumbs-content":"","ast-featured-img":"","footer-sml-layout":"","ast-disable-related-posts":"","theme-transparent-header-meta":"default","adv-header-id-meta":"","stick-header-meta":"","header-above-stick-meta":"","header-main-stick-meta":"","header-below-stick-meta":"","astra-migrate-meta-layouts":"default","ast-page-background-enabled":"default","ast-page-background-meta":{"desktop":{"background-color":"var(--ast-global-color-4)","background-image":"","background-repeat":"repeat","background-position":"center center","background-size":"auto","background-attachment":"scroll","background-type":"","background-media":"","overlay-type":"","overlay-color":"","overlay-opacity":"","overlay-gradient":""},"tablet":{"background-color":"","background-image":"","background-repeat":"repeat","background-position":"center center","background-size":"auto","background-attachment":"scroll","background-type":"","background-media":"","overlay-type":"","overlay-color":"","overlay-opacity":"","overlay-gradient":""},"mobile":{"background-color":"","background-image":"","background-repeat":"repeat","background-position":"center center","background-size":"auto","background-attachment":"scroll","background-type":"","background-media":"","overlay-type":"","overlay-color":"","overlay-opacity":"","overlay-gradient":""}},"ast-content-background-meta":{"desktop":{"background-color":"var(--ast-global-color-5)","background-image":"","background-repeat":"repeat","background-position":"center center","background-size":"auto","background-attachment":"scroll","background-type":"","background-media":"","overlay-type":"","overlay-color":"","overlay-opacity":"","overlay-gradient":""},"tablet":{"background-color":"var(--ast-global-color-5)","background-image":"","background-repeat":"repeat","background-position":"center center","background-size":"auto","background-attachment":"scroll","background-type":"","background-media":"","overlay-type":"","overlay-color":"","overlay-opacity":"","overlay-gradient":""},"mobile":{"background-color":"var(--ast-global-color-5)","background-image":"","background-repeat":"repeat","background-position":"center center","background-size":"auto","background-attachment":"scroll","background-type":"","background-media":"","overlay-type":"","overlay-color":"","overlay-opacity":"","overlay-gradient":""}}},"product_brand":[],"product_cat":[3441,2919,2913,2921,2920,2923,3442,3042,3504,3465,3439,3962,3560,2979,3443,2936],"product_tag":[],"class_list":{"0":"post-297034","1":"product","2":"type-product","3":"status-publish","4":"has-post-thumbnail","6":"product_cat-balta-zelta-saderinasanas-gredzeni","7":"product_cat-baltzelta-rotaslietas","8":"product_cat-davanas-dzimsanas-diena","9":"product_cat-davanas-ipasiem-gadijumiem","10":"product_cat-davanas-izlaidumam","11":"product_cat-dzeltena-zelta-juvelierizstradajumi","12":"product_cat-dzeltena-zelta-saderinasanas-gredzeni","13":"product_cat-juvelierizstradajumi","14":"product_cat-juvelierizstradajumi-ar-laboratorija-audzetiem-dimantiem","15":"product_cat-moderni-saderinasanas-gredzeni","16":"product_cat-saderinasanas-gredzeni","17":"product_cat-saderinasanas-gredzeni-ar-dimantu","18":"product_cat-saderinasanas-gredzeni-ar-laboratorijas-dimantiem","19":"product_cat-sarkana-zelta-juvelierizstradajumi","20":"product_cat-sarkana-zelta-saderinasanas-gredzeni","21":"product_cat-valentindienas-davanas","22":"desktop-align-center","23":"tablet-align-left","24":"mobile-align-left","25":"ast-product-gallery-layout-horizontal-slider","26":"ast-product-single-variable","27":"ast-product-tabs-layout-accordion","28":"ast-qv-on-image","30":"first","31":"instock","32":"taxable","33":"shipping-taxable","34":"purchasable","35":"product-type-variable"},"yoast_head":"<!-- This site is optimized with the Yoast SEO plugin v26.6 - https:\/\/yoast.com\/wordpress\/plugins\/seo\/ -->\n<title>Moderns saderin\u0101\u0161an\u0101s gredzens ar Emerald dimantu (1.35 ct)<\/title>\n<meta name=\"description\" content=\"Moderns saderin\u0101\u0161an\u0101s gredzens ar dimantiem, kura centr\u0101 mirdz smaragda sl\u012bp\u0113juma akmens, k\u013c\u016bstot par prec\u012bzas elegances pamatu.\" \/>\n<meta name=\"robots\" content=\"index, follow, max-snippet:-1, max-image-preview:large, max-video-preview:-1\" \/>\n<link rel=\"canonical\" href=\"https:\/\/fashiongold.lt\/lv\/papuosalas\/moderns-saderinasanas-gredzens-ar-smaragda-slipejuma-dimantu-1-35-ct\/\" \/>\n<meta property=\"og:locale\" content=\"lv_LV\" \/>\n<meta property=\"og:type\" content=\"article\" \/>\n<meta property=\"og:title\" content=\"Moderns saderin\u0101\u0161an\u0101s gredzens ar Emerald dimantu (1.35 ct)\" \/>\n<meta property=\"og:description\" content=\"Moderns saderin\u0101\u0161an\u0101s gredzens ar dimantiem, kura centr\u0101 mirdz smaragda sl\u012bp\u0113juma akmens, k\u013c\u016bstot par prec\u012bzas elegances pamatu.\" \/>\n<meta property=\"og:url\" content=\"https:\/\/fashiongold.lt\/lv\/papuosalas\/moderns-saderinasanas-gredzens-ar-smaragda-slipejuma-dimantu-1-35-ct\/\" \/>\n<meta property=\"og:site_name\" content=\"FashionGold.lt\" \/>\n<meta property=\"og:image\" content=\"https:\/\/fashiongold.lt\/wp-content\/uploads\/2025\/06\/Modernus-suzadetuviu-ziedas-su-deimantu-Emerald-2.webp\" \/>\n\t<meta property=\"og:image:width\" content=\"800\" \/>\n\t<meta property=\"og:image:height\" content=\"800\" \/>\n\t<meta property=\"og:image:type\" content=\"image\/png\" \/>\n<meta name=\"twitter:card\" content=\"summary_large_image\" \/>\n<meta name=\"twitter:label1\" content=\"Est. reading time\" \/>\n\t<meta name=\"twitter:data1\" content=\"1 minute\" \/>\n<script type=\"application\/ld+json\" class=\"yoast-schema-graph\">{\"@context\":\"https:\/\/schema.org\",\"@graph\":[{\"@type\":\"WebPage\",\"@id\":\"https:\/\/fashiongold.lt\/lv\/papuosalas\/moderns-saderinasanas-gredzens-ar-smaragda-slipejuma-dimantu-1-35-ct\/\",\"url\":\"https:\/\/fashiongold.lt\/lv\/papuosalas\/moderns-saderinasanas-gredzens-ar-smaragda-slipejuma-dimantu-1-35-ct\/\",\"name\":\"Moderns saderin\u0101\u0161an\u0101s gredzens ar Emerald dimantu (1.35 ct)\",\"isPartOf\":{\"@id\":\"https:\/\/fashiongold.lt\/lv\/#website\"},\"primaryImageOfPage\":{\"@id\":\"https:\/\/fashiongold.lt\/lv\/papuosalas\/moderns-saderinasanas-gredzens-ar-smaragda-slipejuma-dimantu-1-35-ct\/#primaryimage\"},\"image\":{\"@id\":\"https:\/\/fashiongold.lt\/lv\/papuosalas\/moderns-saderinasanas-gredzens-ar-smaragda-slipejuma-dimantu-1-35-ct\/#primaryimage\"},\"thumbnailUrl\":\"https:\/\/fashiongold.lt\/wp-content\/uploads\/2025\/06\/Modernus-suzadetuviu-ziedas-su-deimantu-Emerald-2.png\",\"datePublished\":\"2025-07-08T11:29:03+00:00\",\"description\":\"Moderns saderin\u0101\u0161an\u0101s gredzens ar dimantiem, kura centr\u0101 mirdz smaragda sl\u012bp\u0113juma akmens, k\u013c\u016bstot par prec\u012bzas elegances pamatu.\",\"breadcrumb\":{\"@id\":\"https:\/\/fashiongold.lt\/lv\/papuosalas\/moderns-saderinasanas-gredzens-ar-smaragda-slipejuma-dimantu-1-35-ct\/#breadcrumb\"},\"inLanguage\":\"lv-LV\",\"potentialAction\":[{\"@type\":\"ReadAction\",\"target\":[\"https:\/\/fashiongold.lt\/lv\/papuosalas\/moderns-saderinasanas-gredzens-ar-smaragda-slipejuma-dimantu-1-35-ct\/\"]}]},{\"@type\":\"ImageObject\",\"inLanguage\":\"lv-LV\",\"@id\":\"https:\/\/fashiongold.lt\/lv\/papuosalas\/moderns-saderinasanas-gredzens-ar-smaragda-slipejuma-dimantu-1-35-ct\/#primaryimage\",\"url\":\"https:\/\/fashiongold.lt\/wp-content\/uploads\/2025\/06\/Modernus-suzadetuviu-ziedas-su-deimantu-Emerald-2.png\",\"contentUrl\":\"https:\/\/fashiongold.lt\/wp-content\/uploads\/2025\/06\/Modernus-suzadetuviu-ziedas-su-deimantu-Emerald-2.png\",\"width\":800,\"height\":800,\"caption\":\"Modernus su\u017ead\u0117tuvi\u0173 \u017eiedas su sta\u010diakamp\u0117s formos deimantu i\u0161 balto aukso arba platinos\"},{\"@type\":\"BreadcrumbList\",\"@id\":\"https:\/\/fashiongold.lt\/lv\/papuosalas\/moderns-saderinasanas-gredzens-ar-smaragda-slipejuma-dimantu-1-35-ct\/#breadcrumb\",\"itemListElement\":[{\"@type\":\"ListItem\",\"position\":1,\"name\":\"Home\",\"item\":\"https:\/\/fashiongold.lt\/lv\/\"},{\"@type\":\"ListItem\",\"position\":2,\"name\":\"Dimantu veikals Fashiongold.lt\",\"item\":\"https:\/\/fashiongold.lt\/shop-2\/\"},{\"@type\":\"ListItem\",\"position\":3,\"name\":\"Moderns saderin\u0101\u0161an\u0101s gredzens ar smaragda sl\u012bp\u0113juma dimantu (1.35 ct)\"}]},{\"@type\":\"WebSite\",\"@id\":\"https:\/\/fashiongold.lt\/lv\/#website\",\"url\":\"https:\/\/fashiongold.lt\/lv\/\",\"name\":\"Fashion Gold\",\"description\":\"Juvelyrikos namai\",\"publisher\":{\"@id\":\"https:\/\/fashiongold.lt\/lv\/#organization\"},\"potentialAction\":[{\"@type\":\"SearchAction\",\"target\":{\"@type\":\"EntryPoint\",\"urlTemplate\":\"https:\/\/fashiongold.lt\/lv\/?s={search_term_string}\"},\"query-input\":{\"@type\":\"PropertyValueSpecification\",\"valueRequired\":true,\"valueName\":\"search_term_string\"}}],\"inLanguage\":\"lv-LV\"},{\"@type\":\"Organization\",\"@id\":\"https:\/\/fashiongold.lt\/lv\/#organization\",\"name\":\"Topdiamonds Online\",\"url\":\"https:\/\/fashiongold.lt\/lv\/\",\"logo\":{\"@type\":\"ImageObject\",\"inLanguage\":\"lv-LV\",\"@id\":\"https:\/\/fashiongold.lt\/lv\/#\/schema\/logo\/image\/\",\"url\":\"https:\/\/fashiongold.lt\/wp-content\/uploads\/2025\/04\/cropped-fashion_gold_logotipas2-scaled-1.png\",\"contentUrl\":\"https:\/\/fashiongold.lt\/wp-content\/uploads\/2025\/04\/cropped-fashion_gold_logotipas2-scaled-1.png\",\"width\":2559,\"height\":421,\"caption\":\"Topdiamonds Online\"},\"image\":{\"@id\":\"https:\/\/fashiongold.lt\/lv\/#\/schema\/logo\/image\/\"}}]}<\/script>\n<!-- \/ Yoast SEO plugin. -->","yoast_head_json":{"title":"Moderns saderin\u0101\u0161an\u0101s gredzens ar Emerald dimantu (1.35 ct)","description":"Moderns saderin\u0101\u0161an\u0101s gredzens ar dimantiem, kura centr\u0101 mirdz smaragda sl\u012bp\u0113juma akmens, k\u013c\u016bstot par prec\u012bzas elegances pamatu.","robots":{"index":"index","follow":"follow","max-snippet":"max-snippet:-1","max-image-preview":"max-image-preview:large","max-video-preview":"max-video-preview:-1"},"canonical":"https:\/\/fashiongold.lt\/lv\/papuosalas\/moderns-saderinasanas-gredzens-ar-smaragda-slipejuma-dimantu-1-35-ct\/","og_locale":"lv_LV","og_type":"article","og_title":"Moderns saderin\u0101\u0161an\u0101s gredzens ar Emerald dimantu (1.35 ct)","og_description":"Moderns saderin\u0101\u0161an\u0101s gredzens ar dimantiem, kura centr\u0101 mirdz smaragda sl\u012bp\u0113juma akmens, k\u013c\u016bstot par prec\u012bzas elegances pamatu.","og_url":"https:\/\/fashiongold.lt\/lv\/papuosalas\/moderns-saderinasanas-gredzens-ar-smaragda-slipejuma-dimantu-1-35-ct\/","og_site_name":"FashionGold.lt","og_image":[{"width":800,"height":800,"url":"https:\/\/fashiongold.lt\/wp-content\/uploads\/2025\/06\/Modernus-suzadetuviu-ziedas-su-deimantu-Emerald-2.webp","type":"image\/png"}],"twitter_card":"summary_large_image","twitter_misc":{"Est. reading time":"1 minute"},"schema":{"@context":"https:\/\/schema.org","@graph":[{"@type":"WebPage","@id":"https:\/\/fashiongold.lt\/lv\/papuosalas\/moderns-saderinasanas-gredzens-ar-smaragda-slipejuma-dimantu-1-35-ct\/","url":"https:\/\/fashiongold.lt\/lv\/papuosalas\/moderns-saderinasanas-gredzens-ar-smaragda-slipejuma-dimantu-1-35-ct\/","name":"Moderns saderin\u0101\u0161an\u0101s gredzens ar Emerald dimantu (1.35 ct)","isPartOf":{"@id":"https:\/\/fashiongold.lt\/lv\/#website"},"primaryImageOfPage":{"@id":"https:\/\/fashiongold.lt\/lv\/papuosalas\/moderns-saderinasanas-gredzens-ar-smaragda-slipejuma-dimantu-1-35-ct\/#primaryimage"},"image":{"@id":"https:\/\/fashiongold.lt\/lv\/papuosalas\/moderns-saderinasanas-gredzens-ar-smaragda-slipejuma-dimantu-1-35-ct\/#primaryimage"},"thumbnailUrl":"https:\/\/fashiongold.lt\/wp-content\/uploads\/2025\/06\/Modernus-suzadetuviu-ziedas-su-deimantu-Emerald-2.png","datePublished":"2025-07-08T11:29:03+00:00","description":"Moderns saderin\u0101\u0161an\u0101s gredzens ar dimantiem, kura centr\u0101 mirdz smaragda sl\u012bp\u0113juma akmens, k\u013c\u016bstot par prec\u012bzas elegances pamatu.","breadcrumb":{"@id":"https:\/\/fashiongold.lt\/lv\/papuosalas\/moderns-saderinasanas-gredzens-ar-smaragda-slipejuma-dimantu-1-35-ct\/#breadcrumb"},"inLanguage":"lv-LV","potentialAction":[{"@type":"ReadAction","target":["https:\/\/fashiongold.lt\/lv\/papuosalas\/moderns-saderinasanas-gredzens-ar-smaragda-slipejuma-dimantu-1-35-ct\/"]}]},{"@type":"ImageObject","inLanguage":"lv-LV","@id":"https:\/\/fashiongold.lt\/lv\/papuosalas\/moderns-saderinasanas-gredzens-ar-smaragda-slipejuma-dimantu-1-35-ct\/#primaryimage","url":"https:\/\/fashiongold.lt\/wp-content\/uploads\/2025\/06\/Modernus-suzadetuviu-ziedas-su-deimantu-Emerald-2.png","contentUrl":"https:\/\/fashiongold.lt\/wp-content\/uploads\/2025\/06\/Modernus-suzadetuviu-ziedas-su-deimantu-Emerald-2.png","width":800,"height":800,"caption":"Modernus su\u017ead\u0117tuvi\u0173 \u017eiedas su sta\u010diakamp\u0117s formos deimantu i\u0161 balto aukso arba platinos"},{"@type":"BreadcrumbList","@id":"https:\/\/fashiongold.lt\/lv\/papuosalas\/moderns-saderinasanas-gredzens-ar-smaragda-slipejuma-dimantu-1-35-ct\/#breadcrumb","itemListElement":[{"@type":"ListItem","position":1,"name":"Home","item":"https:\/\/fashiongold.lt\/lv\/"},{"@type":"ListItem","position":2,"name":"Dimantu veikals Fashiongold.lt","item":"https:\/\/fashiongold.lt\/shop-2\/"},{"@type":"ListItem","position":3,"name":"Moderns saderin\u0101\u0161an\u0101s gredzens ar smaragda sl\u012bp\u0113juma dimantu (1.35 ct)"}]},{"@type":"WebSite","@id":"https:\/\/fashiongold.lt\/lv\/#website","url":"https:\/\/fashiongold.lt\/lv\/","name":"Fashion Gold","description":"Juvelyrikos namai","publisher":{"@id":"https:\/\/fashiongold.lt\/lv\/#organization"},"potentialAction":[{"@type":"SearchAction","target":{"@type":"EntryPoint","urlTemplate":"https:\/\/fashiongold.lt\/lv\/?s={search_term_string}"},"query-input":{"@type":"PropertyValueSpecification","valueRequired":true,"valueName":"search_term_string"}}],"inLanguage":"lv-LV"},{"@type":"Organization","@id":"https:\/\/fashiongold.lt\/lv\/#organization","name":"Topdiamonds Online","url":"https:\/\/fashiongold.lt\/lv\/","logo":{"@type":"ImageObject","inLanguage":"lv-LV","@id":"https:\/\/fashiongold.lt\/lv\/#\/schema\/logo\/image\/","url":"https:\/\/fashiongold.lt\/wp-content\/uploads\/2025\/04\/cropped-fashion_gold_logotipas2-scaled-1.png","contentUrl":"https:\/\/fashiongold.lt\/wp-content\/uploads\/2025\/04\/cropped-fashion_gold_logotipas2-scaled-1.png","width":2559,"height":421,"caption":"Topdiamonds Online"},"image":{"@id":"https:\/\/fashiongold.lt\/lv\/#\/schema\/logo\/image\/"}}]}},"_links":{"self":[{"href":"https:\/\/fashiongold.lt\/lv\/wp-json\/wp\/v2\/product\/297034","targetHints":{"allow":["GET"]}}],"collection":[{"href":"https:\/\/fashiongold.lt\/lv\/wp-json\/wp\/v2\/product"}],"about":[{"href":"https:\/\/fashiongold.lt\/lv\/wp-json\/wp\/v2\/types\/product"}],"version-history":[{"count":0,"href":"https:\/\/fashiongold.lt\/lv\/wp-json\/wp\/v2\/product\/297034\/revisions"}],"wp:featuredmedia":[{"embeddable":true,"href":"https:\/\/fashiongold.lt\/lv\/wp-json\/wp\/v2\/media\/195950"}],"wp:attachment":[{"href":"https:\/\/fashiongold.lt\/lv\/wp-json\/wp\/v2\/media?parent=297034"}],"wp:term":[{"taxonomy":"product_brand","embeddable":true,"href":"https:\/\/fashiongold.lt\/lv\/wp-json\/wp\/v2\/product_brand?post=297034"},{"taxonomy":"product_cat","embeddable":true,"href":"https:\/\/fashiongold.lt\/lv\/wp-json\/wp\/v2\/product_cat?post=297034"},{"taxonomy":"product_tag","embeddable":true,"href":"https:\/\/fashiongold.lt\/lv\/wp-json\/wp\/v2\/product_tag?post=297034"}],"curies":[{"name":"wp","href":"https:\/\/api.w.org\/{rel}","templated":true}]}}