{"id":297784,"date":"2025-06-13T08:05:25","date_gmt":"2025-06-13T08:05:25","guid":{"rendered":"https:\/\/fashiongold.lt\/papuosalas\/saderinasanas-gredzens-ar-pear-dimantu\/"},"modified":"2025-06-13T08:05:25","modified_gmt":"2025-06-13T08:05:25","slug":"saderinasanas-gredzens-ar-pear-dimantu","status":"publish","type":"product","link":"https:\/\/fashiongold.lt\/lv\/papuosalas\/saderinasanas-gredzens-ar-pear-dimantu\/","title":{"rendered":"Saderin\u0101\u0161an\u0101s gredzens ar Pear dimantu"},"content":{"rendered":"<h2>Saderin\u0101\u0161an\u0101s gredzens ar dimantu \u2013 l\u0101ses formas elegance un gaismas izpausme<\/h2>\n<p>\u0160is saderin\u0101\u0161an\u0101s gredzens ar dimantu ir rad\u012bts tiem, kas nov\u0113rt\u0113 izsmalcin\u0101tu est\u0113tiku un laika p\u0101rbaud\u012btu formu. Iztur\u012bga, sabalans\u0113ta st\u012bpi\u0146a rada vienotu fonu, \u013caujot dimantam mirdz\u0113t vis\u0101 t\u0101 skaistum\u0101. Katra l\u012bnija, proporcija un apstr\u0101des deta\u013ca ir p\u0101rdom\u0101ta t\u0101, lai atkl\u0101tu akmens dzidrumu un saglab\u0101tu perfektu proporciju starp luksusu un subtilit\u0101ti. Izv\u0113lies zelta toni \u2013 balto, dzelteno, sarkano vai plat\u012bnu \u2013 un radie individu\u0101lu gredzenu, kas piel\u0101gots tavai rokai un raksturam.<br \/>\nIzgatavots, iev\u0113rojot augst\u0101kos juvelierizstr\u0101d\u0101jumu ra\u017eo\u0161anas standartus. Gredzens var tikt izgatavots p\u0113c pas\u016bt\u012bjuma: par papildu samaksu ar augst\u0101kas kvalit\u0101tes dimantiem.<\/p>\n<p>\u2022 <strong><a href=\"https:\/\/fashiongold.lt\/lv\/patarimai-lv\/kada-zelta-prove-ir-vislabaka-ka-izveleties-piemerotako-saderinasanas-vai-laulibu-gredzenu\/\" target=\"_blank\" rel=\"noopener\">D\u0101rgmet\u0101li<\/a><\/strong>: 14K (585 prove), 18K (750 prove), 900 plat\u012bns<br \/>\n\u2022 <strong><a href=\"https:\/\/fashiongold.lt\/lv\/patarimai-lv\/saderinasanas-un-laulibu-gredzenu-zelta-krasa-baltais-sarkanais-vai-dzeltenais-zelts\/\" target=\"_blank\" rel=\"noopener\">Iesp\u0113jam\u0101s zelta kr\u0101sas<\/a><\/strong>: dzeltena, balta, sarkana<br \/>\n\u2022 <strong><a href=\"https:\/\/fashiongold.lt\/lv\/patarimai-lv\/gredzeni-ar-dimantiem-gredzena-zelta-svars-un-dimantu-svars-karatos-ka-izveleties-piemerotako-ieteikumi-ka-saprast-un-novertet\/\" target=\"_blank\" rel=\"noopener\">Aptuvenais gredzena svars<\/a><\/strong> (atkar\u012bgs no izm\u0113ra): <span data-sheets-root=\"1\">2.00 &#8211; 3.50 g<\/span><br \/>\n\u2022 <strong><a href=\"https:\/\/fashiongold.lt\/lv\/patarimai-lv\/saderinasanas-gredzeni-perfektu-proporciju-noslepums-kapec-dazi-gredzeni-ar-dimantiem-izskatas-greznak\/\" target=\"_blank\" rel=\"noopener\">Aptuvenais kron\u012b\u0161a platums<\/a><\/strong> (atkar\u012bgs no kar\u0101tiem): <span data-sheets-root=\"1\">8.5 x 5.5 mm<\/span><br \/>\n\u2022 <strong><a href=\"https:\/\/fashiongold.lt\/lv\/patarimai-lv\/gredzena-komforta-zona-vai-gredzena-ertums\/\" target=\"_blank\" rel=\"noopener\">Gredzena komforta zona<\/a><\/strong>: ir<br \/>\n\u2022 <strong><a href=\"https:\/\/fashiongold.lt\/lv\/category\/uzzini-vairak-par-dimanta-formu\/\" target=\"_blank\" rel=\"noopener\">Dimanta forma un sl\u012bp\u0113jums<\/a><\/strong>: <span data-sheets-root=\"1\">L\u0101ses formas (<em>Pear cut<\/em>)<\/span><br \/>\n\u2022 <strong><a href=\"https:\/\/fashiongold.lt\/lv\/patarimai-lv\/dimants-dabigs-laboratorija-audzets-vai-maksligs-ka-izveleties-pareizi\/\" target=\"_blank\" rel=\"noopener\">Dimanta izcelsme<\/a><\/strong> (p\u0113c izv\u0113les): Laboratorij\u0101 audz\u0113ti dimanti vai dab\u012bgie dimanti<br \/>\n\u2022 <strong><a href=\"https:\/\/fashiongold.lt\/lv\/patarimai-lv\/dimants-ka-tiek-verteta-vertigaka-dargakmens-grezniba\/\" target=\"_blank\" rel=\"noopener\">Dimanta svars un raksturojums<\/a><\/strong> (iesp\u0113jams main\u012bt):<br \/>\nLaboratorij\u0101 audz\u0113ts dimants: (kr\u0101sa D-E, dzidrums VVS), IGI sertifik\u0101ts<br \/>\nDab\u012bgais dimants: (kr\u0101sa G-I, dzidrums SI), GIA sertifik\u0101ts<br \/>\n\u2022 <strong><a href=\"https:\/\/fashiongold.lt\/lv\/patarimai-lv\/saderinasanas-gredzeni-vai-gredzenu-var-iegravet-detalas-kas-pieskir-jusu-saderinasanas-gredzenam-individualitati\/\" target=\"_blank\" rel=\"noopener\">Bezmaksas grav\u0113\u0161anas pakalpojums<\/a><\/strong><br \/>\n\u2022 <strong><a href=\"https:\/\/fashiongold.lt\/lv\/patarimai-lv\/saderinasanas-gredzeni-bezmaksas-izmera-pielagosana-lai-gredzens-deretu-ideali\/\" target=\"_blank\" rel=\"noopener\">Gredzena izm\u0113ra mai\u0146as garantija<\/a><\/strong>: vienreiz\u0113ja bezmaksas korekcija<br \/>\n\u2022 <strong><a href=\"https:\/\/fashiongold.lt\/lv\/piegade-un-atgriesana\/\" target=\"_blank\" rel=\"noopener\">Izgatavo\u0161ana un pieg\u0101de<\/a><\/strong>: 14-21 d.d., steidzam\u012bbas k\u0101rt\u0101 7 d.d. laik\u0101.<\/p>\n<p>Vai jums ir vecs zelts vai d\u0101rgakmens, ko v\u0113l\u0113tos izmantot? M\u0113s piel\u0101gosim cenu, un j\u016bs maks\u0101siet tikai par izgatavo\u0161anu. V\u0113laties main\u012bt dimanta raksturlielumus vai pievienot unik\u0101las deta\u013cas? <strong><a href=\"https:\/\/fashiongold.lt\/lv\/kontakti\/\" target=\"_blank\" rel=\"noopener\">Sazinieties ar mums<\/a><\/strong>, un kop\u0101 m\u0113s rad\u012bsim perfektu variantu.<br \/>\n<em>Fashion Gold<\/em> \u2013 vieta, kur person\u012bg\u0101s idejas p\u0101rtop izcilos darbos.<\/p>\n","protected":false},"excerpt":{"rendered":"<p>Saderin\u0101\u0161an\u0101s gredzens ar dimantu \u2013 l\u0101ses formas elegance un gaismas izpausme \u0160is saderin\u0101\u0161an\u0101s gredzens ar dimantu ir rad\u012bts tiem, kas [&hellip;]<\/p>\n","protected":false},"featured_media":17549,"template":"","meta":{"site-sidebar-layout":"default","site-content-layout":"","ast-site-content-layout":"default","site-content-style":"default","site-sidebar-style":"default","ast-global-header-display":"","ast-banner-title-visibility":"","ast-main-header-display":"","ast-hfb-above-header-display":"","ast-hfb-below-header-display":"","ast-hfb-mobile-header-display":"","site-post-title":"","ast-breadcrumbs-content":"","ast-featured-img":"","footer-sml-layout":"","ast-disable-related-posts":"","theme-transparent-header-meta":"default","adv-header-id-meta":"","stick-header-meta":"","header-above-stick-meta":"","header-main-stick-meta":"","header-below-stick-meta":"","astra-migrate-meta-layouts":"default","ast-page-background-enabled":"default","ast-page-background-meta":{"desktop":{"background-color":"var(--ast-global-color-4)","background-image":"","background-repeat":"repeat","background-position":"center center","background-size":"auto","background-attachment":"scroll","background-type":"","background-media":"","overlay-type":"","overlay-color":"","overlay-opacity":"","overlay-gradient":""},"tablet":{"background-color":"","background-image":"","background-repeat":"repeat","background-position":"center center","background-size":"auto","background-attachment":"scroll","background-type":"","background-media":"","overlay-type":"","overlay-color":"","overlay-opacity":"","overlay-gradient":""},"mobile":{"background-color":"","background-image":"","background-repeat":"repeat","background-position":"center center","background-size":"auto","background-attachment":"scroll","background-type":"","background-media":"","overlay-type":"","overlay-color":"","overlay-opacity":"","overlay-gradient":""}},"ast-content-background-meta":{"desktop":{"background-color":"var(--ast-global-color-5)","background-image":"","background-repeat":"repeat","background-position":"center center","background-size":"auto","background-attachment":"scroll","background-type":"","background-media":"","overlay-type":"","overlay-color":"","overlay-opacity":"","overlay-gradient":""},"tablet":{"background-color":"var(--ast-global-color-5)","background-image":"","background-repeat":"repeat","background-position":"center center","background-size":"auto","background-attachment":"scroll","background-type":"","background-media":"","overlay-type":"","overlay-color":"","overlay-opacity":"","overlay-gradient":""},"mobile":{"background-color":"var(--ast-global-color-5)","background-image":"","background-repeat":"repeat","background-position":"center center","background-size":"auto","background-attachment":"scroll","background-type":"","background-media":"","overlay-type":"","overlay-color":"","overlay-opacity":"","overlay-gradient":""}}},"product_brand":[],"product_cat":[4114,4115],"product_tag":[],"class_list":{"0":"post-297784","1":"product","2":"type-product","3":"status-publish","4":"has-post-thumbnail","6":"product_cat-izveido-pats-savu-rotaslietu","7":"product_cat-sakt-ar-gredzena-dizainu","8":"desktop-align-center","9":"tablet-align-left","10":"mobile-align-left","11":"ast-product-gallery-layout-horizontal-slider","12":"ast-product-single-variable","13":"ast-product-tabs-layout-accordion","14":"ast-qv-on-image","16":"first","17":"instock","18":"taxable","19":"shipping-taxable","20":"purchasable","21":"product-type-variable"},"yoast_head":"<!-- This site is optimized with the Yoast SEO plugin v26.6 - https:\/\/yoast.com\/wordpress\/plugins\/seo\/ -->\n<title>Saderin\u0101\u0161an\u0101s gredzens ar Pear dimantu<\/title>\n<meta name=\"description\" content=\"Saderin\u0101\u0161an\u0101s gredzens ar l\u0101ses formas dimantu \u2013 gaismas un elegances savienojums. Smalks dizains, unik\u0101la forma un m\u016b\u017e\u012bga grezn\u012bba vien\u0101 izstr\u0101d\u0101jum\u0101.\" \/>\n<meta name=\"robots\" content=\"index, follow, max-snippet:-1, max-image-preview:large, max-video-preview:-1\" \/>\n<link rel=\"canonical\" href=\"https:\/\/fashiongold.lt\/lv\/papuosalas\/saderinasanas-gredzens-ar-pear-dimantu\/\" \/>\n<meta property=\"og:locale\" content=\"lv_LV\" \/>\n<meta property=\"og:type\" content=\"article\" \/>\n<meta property=\"og:title\" content=\"Saderin\u0101\u0161an\u0101s gredzens ar Pear dimantu\" \/>\n<meta property=\"og:description\" content=\"Saderin\u0101\u0161an\u0101s gredzens ar l\u0101ses formas dimantu \u2013 gaismas un elegances savienojums. Smalks dizains, unik\u0101la forma un m\u016b\u017e\u012bga grezn\u012bba vien\u0101 izstr\u0101d\u0101jum\u0101.\" \/>\n<meta property=\"og:url\" content=\"https:\/\/fashiongold.lt\/lv\/papuosalas\/saderinasanas-gredzens-ar-pear-dimantu\/\" \/>\n<meta property=\"og:site_name\" content=\"FashionGold.lt\" \/>\n<meta property=\"og:image\" content=\"https:\/\/fashiongold.lt\/wp-content\/uploads\/2025\/06\/TDO-1250-klasikinis-suzadetuviu-ziedas-su-deimantu-pear-cut-3.webp\" \/>\n\t<meta property=\"og:image:width\" content=\"800\" \/>\n\t<meta property=\"og:image:height\" content=\"800\" \/>\n\t<meta property=\"og:image:type\" content=\"image\/jpeg\" \/>\n<meta name=\"twitter:card\" content=\"summary_large_image\" \/>\n<meta name=\"twitter:label1\" content=\"Est. reading time\" \/>\n\t<meta name=\"twitter:data1\" content=\"2 minutes\" \/>\n<script type=\"application\/ld+json\" class=\"yoast-schema-graph\">{\"@context\":\"https:\/\/schema.org\",\"@graph\":[{\"@type\":\"WebPage\",\"@id\":\"https:\/\/fashiongold.lt\/lv\/papuosalas\/saderinasanas-gredzens-ar-pear-dimantu\/\",\"url\":\"https:\/\/fashiongold.lt\/lv\/papuosalas\/saderinasanas-gredzens-ar-pear-dimantu\/\",\"name\":\"Saderin\u0101\u0161an\u0101s gredzens ar Pear dimantu\",\"isPartOf\":{\"@id\":\"https:\/\/fashiongold.lt\/lv\/#website\"},\"primaryImageOfPage\":{\"@id\":\"https:\/\/fashiongold.lt\/lv\/papuosalas\/saderinasanas-gredzens-ar-pear-dimantu\/#primaryimage\"},\"image\":{\"@id\":\"https:\/\/fashiongold.lt\/lv\/papuosalas\/saderinasanas-gredzens-ar-pear-dimantu\/#primaryimage\"},\"thumbnailUrl\":\"https:\/\/fashiongold.lt\/wp-content\/uploads\/2025\/06\/TDO-1250-klasikinis-suzadetuviu-ziedas-su-deimantu-pear-cut-3.jpg\",\"datePublished\":\"2025-06-13T08:05:25+00:00\",\"description\":\"Saderin\u0101\u0161an\u0101s gredzens ar l\u0101ses formas dimantu \u2013 gaismas un elegances savienojums. Smalks dizains, unik\u0101la forma un m\u016b\u017e\u012bga grezn\u012bba vien\u0101 izstr\u0101d\u0101jum\u0101.\",\"breadcrumb\":{\"@id\":\"https:\/\/fashiongold.lt\/lv\/papuosalas\/saderinasanas-gredzens-ar-pear-dimantu\/#breadcrumb\"},\"inLanguage\":\"lv-LV\",\"potentialAction\":[{\"@type\":\"ReadAction\",\"target\":[\"https:\/\/fashiongold.lt\/lv\/papuosalas\/saderinasanas-gredzens-ar-pear-dimantu\/\"]}]},{\"@type\":\"ImageObject\",\"inLanguage\":\"lv-LV\",\"@id\":\"https:\/\/fashiongold.lt\/lv\/papuosalas\/saderinasanas-gredzens-ar-pear-dimantu\/#primaryimage\",\"url\":\"https:\/\/fashiongold.lt\/wp-content\/uploads\/2025\/06\/TDO-1250-klasikinis-suzadetuviu-ziedas-su-deimantu-pear-cut-3.jpg\",\"contentUrl\":\"https:\/\/fashiongold.lt\/wp-content\/uploads\/2025\/06\/TDO-1250-klasikinis-suzadetuviu-ziedas-su-deimantu-pear-cut-3.jpg\",\"width\":800,\"height\":800,\"caption\":\"Modernus su\u017ead\u0117tuvi\u0173 \u017eiedas su deimantu i\u0161 balto aukso arba platinos - pear cut\"},{\"@type\":\"BreadcrumbList\",\"@id\":\"https:\/\/fashiongold.lt\/lv\/papuosalas\/saderinasanas-gredzens-ar-pear-dimantu\/#breadcrumb\",\"itemListElement\":[{\"@type\":\"ListItem\",\"position\":1,\"name\":\"Home\",\"item\":\"https:\/\/fashiongold.lt\/lv\/\"},{\"@type\":\"ListItem\",\"position\":2,\"name\":\"Dimantu veikals Fashiongold.lt\",\"item\":\"https:\/\/fashiongold.lt\/shop-2\/\"},{\"@type\":\"ListItem\",\"position\":3,\"name\":\"Saderin\u0101\u0161an\u0101s gredzens ar Pear dimantu\"}]},{\"@type\":\"WebSite\",\"@id\":\"https:\/\/fashiongold.lt\/lv\/#website\",\"url\":\"https:\/\/fashiongold.lt\/lv\/\",\"name\":\"Fashion Gold\",\"description\":\"Juvelyrikos namai\",\"publisher\":{\"@id\":\"https:\/\/fashiongold.lt\/lv\/#organization\"},\"potentialAction\":[{\"@type\":\"SearchAction\",\"target\":{\"@type\":\"EntryPoint\",\"urlTemplate\":\"https:\/\/fashiongold.lt\/lv\/?s={search_term_string}\"},\"query-input\":{\"@type\":\"PropertyValueSpecification\",\"valueRequired\":true,\"valueName\":\"search_term_string\"}}],\"inLanguage\":\"lv-LV\"},{\"@type\":\"Organization\",\"@id\":\"https:\/\/fashiongold.lt\/lv\/#organization\",\"name\":\"Topdiamonds Online\",\"url\":\"https:\/\/fashiongold.lt\/lv\/\",\"logo\":{\"@type\":\"ImageObject\",\"inLanguage\":\"lv-LV\",\"@id\":\"https:\/\/fashiongold.lt\/lv\/#\/schema\/logo\/image\/\",\"url\":\"https:\/\/fashiongold.lt\/wp-content\/uploads\/2025\/04\/cropped-fashion_gold_logotipas2-scaled-1.png\",\"contentUrl\":\"https:\/\/fashiongold.lt\/wp-content\/uploads\/2025\/04\/cropped-fashion_gold_logotipas2-scaled-1.png\",\"width\":2559,\"height\":421,\"caption\":\"Topdiamonds Online\"},\"image\":{\"@id\":\"https:\/\/fashiongold.lt\/lv\/#\/schema\/logo\/image\/\"}}]}<\/script>\n<!-- \/ Yoast SEO plugin. -->","yoast_head_json":{"title":"Saderin\u0101\u0161an\u0101s gredzens ar Pear dimantu","description":"Saderin\u0101\u0161an\u0101s gredzens ar l\u0101ses formas dimantu \u2013 gaismas un elegances savienojums. Smalks dizains, unik\u0101la forma un m\u016b\u017e\u012bga grezn\u012bba vien\u0101 izstr\u0101d\u0101jum\u0101.","robots":{"index":"index","follow":"follow","max-snippet":"max-snippet:-1","max-image-preview":"max-image-preview:large","max-video-preview":"max-video-preview:-1"},"canonical":"https:\/\/fashiongold.lt\/lv\/papuosalas\/saderinasanas-gredzens-ar-pear-dimantu\/","og_locale":"lv_LV","og_type":"article","og_title":"Saderin\u0101\u0161an\u0101s gredzens ar Pear dimantu","og_description":"Saderin\u0101\u0161an\u0101s gredzens ar l\u0101ses formas dimantu \u2013 gaismas un elegances savienojums. Smalks dizains, unik\u0101la forma un m\u016b\u017e\u012bga grezn\u012bba vien\u0101 izstr\u0101d\u0101jum\u0101.","og_url":"https:\/\/fashiongold.lt\/lv\/papuosalas\/saderinasanas-gredzens-ar-pear-dimantu\/","og_site_name":"FashionGold.lt","og_image":[{"width":800,"height":800,"url":"https:\/\/fashiongold.lt\/wp-content\/uploads\/2025\/06\/TDO-1250-klasikinis-suzadetuviu-ziedas-su-deimantu-pear-cut-3.webp","type":"image\/jpeg"}],"twitter_card":"summary_large_image","twitter_misc":{"Est. reading time":"2 minutes"},"schema":{"@context":"https:\/\/schema.org","@graph":[{"@type":"WebPage","@id":"https:\/\/fashiongold.lt\/lv\/papuosalas\/saderinasanas-gredzens-ar-pear-dimantu\/","url":"https:\/\/fashiongold.lt\/lv\/papuosalas\/saderinasanas-gredzens-ar-pear-dimantu\/","name":"Saderin\u0101\u0161an\u0101s gredzens ar Pear dimantu","isPartOf":{"@id":"https:\/\/fashiongold.lt\/lv\/#website"},"primaryImageOfPage":{"@id":"https:\/\/fashiongold.lt\/lv\/papuosalas\/saderinasanas-gredzens-ar-pear-dimantu\/#primaryimage"},"image":{"@id":"https:\/\/fashiongold.lt\/lv\/papuosalas\/saderinasanas-gredzens-ar-pear-dimantu\/#primaryimage"},"thumbnailUrl":"https:\/\/fashiongold.lt\/wp-content\/uploads\/2025\/06\/TDO-1250-klasikinis-suzadetuviu-ziedas-su-deimantu-pear-cut-3.jpg","datePublished":"2025-06-13T08:05:25+00:00","description":"Saderin\u0101\u0161an\u0101s gredzens ar l\u0101ses formas dimantu \u2013 gaismas un elegances savienojums. Smalks dizains, unik\u0101la forma un m\u016b\u017e\u012bga grezn\u012bba vien\u0101 izstr\u0101d\u0101jum\u0101.","breadcrumb":{"@id":"https:\/\/fashiongold.lt\/lv\/papuosalas\/saderinasanas-gredzens-ar-pear-dimantu\/#breadcrumb"},"inLanguage":"lv-LV","potentialAction":[{"@type":"ReadAction","target":["https:\/\/fashiongold.lt\/lv\/papuosalas\/saderinasanas-gredzens-ar-pear-dimantu\/"]}]},{"@type":"ImageObject","inLanguage":"lv-LV","@id":"https:\/\/fashiongold.lt\/lv\/papuosalas\/saderinasanas-gredzens-ar-pear-dimantu\/#primaryimage","url":"https:\/\/fashiongold.lt\/wp-content\/uploads\/2025\/06\/TDO-1250-klasikinis-suzadetuviu-ziedas-su-deimantu-pear-cut-3.jpg","contentUrl":"https:\/\/fashiongold.lt\/wp-content\/uploads\/2025\/06\/TDO-1250-klasikinis-suzadetuviu-ziedas-su-deimantu-pear-cut-3.jpg","width":800,"height":800,"caption":"Modernus su\u017ead\u0117tuvi\u0173 \u017eiedas su deimantu i\u0161 balto aukso arba platinos - pear cut"},{"@type":"BreadcrumbList","@id":"https:\/\/fashiongold.lt\/lv\/papuosalas\/saderinasanas-gredzens-ar-pear-dimantu\/#breadcrumb","itemListElement":[{"@type":"ListItem","position":1,"name":"Home","item":"https:\/\/fashiongold.lt\/lv\/"},{"@type":"ListItem","position":2,"name":"Dimantu veikals Fashiongold.lt","item":"https:\/\/fashiongold.lt\/shop-2\/"},{"@type":"ListItem","position":3,"name":"Saderin\u0101\u0161an\u0101s gredzens ar Pear dimantu"}]},{"@type":"WebSite","@id":"https:\/\/fashiongold.lt\/lv\/#website","url":"https:\/\/fashiongold.lt\/lv\/","name":"Fashion Gold","description":"Juvelyrikos namai","publisher":{"@id":"https:\/\/fashiongold.lt\/lv\/#organization"},"potentialAction":[{"@type":"SearchAction","target":{"@type":"EntryPoint","urlTemplate":"https:\/\/fashiongold.lt\/lv\/?s={search_term_string}"},"query-input":{"@type":"PropertyValueSpecification","valueRequired":true,"valueName":"search_term_string"}}],"inLanguage":"lv-LV"},{"@type":"Organization","@id":"https:\/\/fashiongold.lt\/lv\/#organization","name":"Topdiamonds Online","url":"https:\/\/fashiongold.lt\/lv\/","logo":{"@type":"ImageObject","inLanguage":"lv-LV","@id":"https:\/\/fashiongold.lt\/lv\/#\/schema\/logo\/image\/","url":"https:\/\/fashiongold.lt\/wp-content\/uploads\/2025\/04\/cropped-fashion_gold_logotipas2-scaled-1.png","contentUrl":"https:\/\/fashiongold.lt\/wp-content\/uploads\/2025\/04\/cropped-fashion_gold_logotipas2-scaled-1.png","width":2559,"height":421,"caption":"Topdiamonds Online"},"image":{"@id":"https:\/\/fashiongold.lt\/lv\/#\/schema\/logo\/image\/"}}]}},"_links":{"self":[{"href":"https:\/\/fashiongold.lt\/lv\/wp-json\/wp\/v2\/product\/297784","targetHints":{"allow":["GET"]}}],"collection":[{"href":"https:\/\/fashiongold.lt\/lv\/wp-json\/wp\/v2\/product"}],"about":[{"href":"https:\/\/fashiongold.lt\/lv\/wp-json\/wp\/v2\/types\/product"}],"version-history":[{"count":0,"href":"https:\/\/fashiongold.lt\/lv\/wp-json\/wp\/v2\/product\/297784\/revisions"}],"wp:featuredmedia":[{"embeddable":true,"href":"https:\/\/fashiongold.lt\/lv\/wp-json\/wp\/v2\/media\/17549"}],"wp:attachment":[{"href":"https:\/\/fashiongold.lt\/lv\/wp-json\/wp\/v2\/media?parent=297784"}],"wp:term":[{"taxonomy":"product_brand","embeddable":true,"href":"https:\/\/fashiongold.lt\/lv\/wp-json\/wp\/v2\/product_brand?post=297784"},{"taxonomy":"product_cat","embeddable":true,"href":"https:\/\/fashiongold.lt\/lv\/wp-json\/wp\/v2\/product_cat?post=297784"},{"taxonomy":"product_tag","embeddable":true,"href":"https:\/\/fashiongold.lt\/lv\/wp-json\/wp\/v2\/product_tag?post=297784"}],"curies":[{"name":"wp","href":"https:\/\/api.w.org\/{rel}","templated":true}]}}