{"id":297799,"date":"2025-06-01T11:58:34","date_gmt":"2025-06-01T11:58:34","guid":{"rendered":"https:\/\/fashiongold.lt\/papuosalas\/izveido-auskarus-ar-dimantu-round\/"},"modified":"2025-06-01T11:58:34","modified_gmt":"2025-06-01T11:58:34","slug":"izveido-auskarus-ar-dimantu-round","status":"publish","type":"product","link":"https:\/\/fashiongold.lt\/lv\/papuosalas\/izveido-auskarus-ar-dimantu-round\/","title":{"rendered":"Izveido auskarus ar dimantu &#8211; Round"},"content":{"rendered":"<p>Auskari ar apa\u013cas formas dimantiem \u2013 izv\u0113le, kas \u013cauj pa\u0161ai izveidot savas rotaslietas dizainu. Kombin\u0113 klasisko vai Halo stilu ar iecien\u012bt\u0101ko zelta kr\u0101su \u2013 balto, dzelteno vai sarkano \u2013 un izveido kombin\u0101ciju, kas atspogu\u013cos tavu person\u012bbu. N\u0101kamaj\u0101 sol\u012b izv\u0113lies v\u0113lamo <em>Round<\/em> sl\u012bp\u0113juma dimantu izm\u0113ru, kr\u0101su un dzidrumu, lai tavi auskari b\u016btu t\u0101di, k\u0101dus vienm\u0113r v\u0113l\u0113jies.<br \/>\nKatra rotaslieta tiek izgatavota p\u0113c augst\u0101kajiem juvelierizstr\u0101d\u0101jumu ra\u017eo\u0161anas standartiem.<\/p>\n<p><span data-sheets-root=\"1\">\u2022 <strong><a href=\"https:\/\/fashiongold.lt\/lv\/patarimai-lv\/auskari-ar-dimantiem-idealas-proporcijas-ka-izveleties-idealos\/\" target=\"_blank\" rel=\"noopener\">Auskara kro\u0146a diametrs<\/a><\/strong>: ap 4.2 mm (atkar\u012bgs no kar\u0101tiem)<br \/>\n\u2022 Kop\u0113jais <a href=\"https:\/\/fashiongold.lt\/auskaru-aukso-svoris\/\" target=\"_blank\" rel=\"noopener\"><strong>zelta svars<\/strong><\/a>: ap 1.30 g (atkar\u012bgs no izm\u0113ra)<\/span><\/p>\n<p>Jums ir savs zelts vai d\u0101rgakmens? T\u0101d\u0101 gad\u012bjum\u0101 auskaru cena b\u016bs zem\u0101ka <span data-sheets-root=\"1\">\u2013<\/span> maks\u0101siet tikai par rotaslietas izgatavo\u0161anu. V\u0113laties main\u012bt dimantu raksturlielumus \u2013 kr\u0101su, izm\u0113ru vai dzidrumu? M\u0113s varam visu piel\u0101got j\u016bsu vajadz\u012bb\u0101m. <strong><a href=\"https:\/\/fashiongold.lt\/lv\/kontakti\/\" target=\"_blank\" rel=\"noopener\">Sazinieties<\/a><\/strong> ar mums, un m\u0113s apspried\u012bsim individu\u0101l\u0101s iesp\u0113jas.<br \/>\nIkviens atrad\u012bs juvelierizstr\u0101d\u0101jumus ar dimantiem atbilsto\u0161i savam stilam \u2013 no smalkiem klasiskiem l\u012bdz grezniem akcentiem. FashionGold aicina personaliz\u0113t rotaslietas un p\u0101rv\u0113rst t\u0101s par j\u016bsu \u012bpa\u0161o st\u0101stu.<\/p>\n","protected":false},"excerpt":{"rendered":"<p>Auskari ar apa\u013cas formas dimantiem \u2013 izv\u0113le, kas \u013cauj pa\u0161ai izveidot savas rotaslietas dizainu. Kombin\u0113 klasisko vai Halo stilu ar [&hellip;]<\/p>\n","protected":false},"featured_media":32912,"template":"","meta":{"site-sidebar-layout":"default","site-content-layout":"","ast-site-content-layout":"default","site-content-style":"default","site-sidebar-style":"default","ast-global-header-display":"","ast-banner-title-visibility":"","ast-main-header-display":"","ast-hfb-above-header-display":"","ast-hfb-below-header-display":"","ast-hfb-mobile-header-display":"","site-post-title":"","ast-breadcrumbs-content":"","ast-featured-img":"","footer-sml-layout":"","ast-disable-related-posts":"","theme-transparent-header-meta":"default","adv-header-id-meta":"","stick-header-meta":"","header-above-stick-meta":"","header-main-stick-meta":"","header-below-stick-meta":"","astra-migrate-meta-layouts":"default","ast-page-background-enabled":"default","ast-page-background-meta":{"desktop":{"background-color":"var(--ast-global-color-4)","background-image":"","background-repeat":"repeat","background-position":"center center","background-size":"auto","background-attachment":"scroll","background-type":"","background-media":"","overlay-type":"","overlay-color":"","overlay-opacity":"","overlay-gradient":""},"tablet":{"background-color":"","background-image":"","background-repeat":"repeat","background-position":"center center","background-size":"auto","background-attachment":"scroll","background-type":"","background-media":"","overlay-type":"","overlay-color":"","overlay-opacity":"","overlay-gradient":""},"mobile":{"background-color":"","background-image":"","background-repeat":"repeat","background-position":"center center","background-size":"auto","background-attachment":"scroll","background-type":"","background-media":"","overlay-type":"","overlay-color":"","overlay-opacity":"","overlay-gradient":""}},"ast-content-background-meta":{"desktop":{"background-color":"var(--ast-global-color-5)","background-image":"","background-repeat":"repeat","background-position":"center center","background-size":"auto","background-attachment":"scroll","background-type":"","background-media":"","overlay-type":"","overlay-color":"","overlay-opacity":"","overlay-gradient":""},"tablet":{"background-color":"var(--ast-global-color-5)","background-image":"","background-repeat":"repeat","background-position":"center center","background-size":"auto","background-attachment":"scroll","background-type":"","background-media":"","overlay-type":"","overlay-color":"","overlay-opacity":"","overlay-gradient":""},"mobile":{"background-color":"var(--ast-global-color-5)","background-image":"","background-repeat":"repeat","background-position":"center center","background-size":"auto","background-attachment":"scroll","background-type":"","background-media":"","overlay-type":"","overlay-color":"","overlay-opacity":"","overlay-gradient":""}}},"product_brand":[],"product_cat":[4114,4122],"product_tag":[],"class_list":{"0":"post-297799","1":"product","2":"type-product","3":"status-publish","4":"has-post-thumbnail","6":"product_cat-izveido-pats-savu-rotaslietu","7":"product_cat-sakt-no-auskaru-dizaina","8":"desktop-align-center","9":"tablet-align-left","10":"mobile-align-left","11":"ast-product-gallery-layout-horizontal-slider","12":"ast-product-single-variable","13":"ast-product-tabs-layout-accordion","14":"ast-qv-on-image","16":"first","17":"instock","18":"taxable","19":"shipping-taxable","20":"purchasable","21":"product-type-variable"},"yoast_head":"<!-- This site is optimized with the Yoast SEO plugin v26.6 - https:\/\/yoast.com\/wordpress\/plugins\/seo\/ -->\n<title>Izveido savus auskarus ar dimantu - Round<\/title>\n<meta name=\"description\" content=\"S\u0101c savu dizainu ar \u0161iem auskariem ar dimantiem. Apa\u013ci dimanti pie\u0161\u0137irs mirdzumu gan ikdienai, gan \u012bpa\u0161iem mirk\u013ciem.\" \/>\n<meta name=\"robots\" content=\"index, follow, max-snippet:-1, max-image-preview:large, max-video-preview:-1\" \/>\n<link rel=\"canonical\" href=\"https:\/\/fashiongold.lt\/lv\/papuosalas\/izveido-auskarus-ar-dimantu-round\/\" \/>\n<meta property=\"og:locale\" content=\"lv_LV\" \/>\n<meta property=\"og:type\" content=\"article\" \/>\n<meta property=\"og:title\" content=\"Izveido savus auskarus ar dimantu - Round\" \/>\n<meta property=\"og:description\" content=\"S\u0101c savu dizainu ar \u0161iem auskariem ar dimantiem. Apa\u013ci dimanti pie\u0161\u0137irs mirdzumu gan ikdienai, gan \u012bpa\u0161iem mirk\u013ciem.\" \/>\n<meta property=\"og:url\" content=\"https:\/\/fashiongold.lt\/lv\/papuosalas\/izveido-auskarus-ar-dimantu-round\/\" \/>\n<meta property=\"og:site_name\" content=\"FashionGold.lt\" \/>\n<meta property=\"og:image\" content=\"https:\/\/fashiongold.lt\/wp-content\/uploads\/2025\/07\/Klasikiniai-balto-aukso-auskarai-su-deimantu-Round.webp\" \/>\n\t<meta property=\"og:image:width\" content=\"800\" \/>\n\t<meta property=\"og:image:height\" content=\"800\" \/>\n\t<meta property=\"og:image:type\" content=\"image\/png\" \/>\n<meta name=\"twitter:card\" content=\"summary_large_image\" \/>\n<meta name=\"twitter:label1\" content=\"Est. reading time\" \/>\n\t<meta name=\"twitter:data1\" content=\"1 minute\" \/>\n<script type=\"application\/ld+json\" class=\"yoast-schema-graph\">{\"@context\":\"https:\/\/schema.org\",\"@graph\":[{\"@type\":\"WebPage\",\"@id\":\"https:\/\/fashiongold.lt\/lv\/papuosalas\/izveido-auskarus-ar-dimantu-round\/\",\"url\":\"https:\/\/fashiongold.lt\/lv\/papuosalas\/izveido-auskarus-ar-dimantu-round\/\",\"name\":\"Izveido savus auskarus ar dimantu - Round\",\"isPartOf\":{\"@id\":\"https:\/\/fashiongold.lt\/lv\/#website\"},\"primaryImageOfPage\":{\"@id\":\"https:\/\/fashiongold.lt\/lv\/papuosalas\/izveido-auskarus-ar-dimantu-round\/#primaryimage\"},\"image\":{\"@id\":\"https:\/\/fashiongold.lt\/lv\/papuosalas\/izveido-auskarus-ar-dimantu-round\/#primaryimage\"},\"thumbnailUrl\":\"https:\/\/fashiongold.lt\/wp-content\/uploads\/2025\/07\/Klasikiniai-balto-aukso-auskarai-su-deimantu-Round.png\",\"datePublished\":\"2025-06-01T11:58:34+00:00\",\"description\":\"S\u0101c savu dizainu ar \u0161iem auskariem ar dimantiem. Apa\u013ci dimanti pie\u0161\u0137irs mirdzumu gan ikdienai, gan \u012bpa\u0161iem mirk\u013ciem.\",\"breadcrumb\":{\"@id\":\"https:\/\/fashiongold.lt\/lv\/papuosalas\/izveido-auskarus-ar-dimantu-round\/#breadcrumb\"},\"inLanguage\":\"lv-LV\",\"potentialAction\":[{\"@type\":\"ReadAction\",\"target\":[\"https:\/\/fashiongold.lt\/lv\/papuosalas\/izveido-auskarus-ar-dimantu-round\/\"]}]},{\"@type\":\"ImageObject\",\"inLanguage\":\"lv-LV\",\"@id\":\"https:\/\/fashiongold.lt\/lv\/papuosalas\/izveido-auskarus-ar-dimantu-round\/#primaryimage\",\"url\":\"https:\/\/fashiongold.lt\/wp-content\/uploads\/2025\/07\/Klasikiniai-balto-aukso-auskarai-su-deimantu-Round.png\",\"contentUrl\":\"https:\/\/fashiongold.lt\/wp-content\/uploads\/2025\/07\/Klasikiniai-balto-aukso-auskarai-su-deimantu-Round.png\",\"width\":800,\"height\":800,\"caption\":\"Klasikiniai auskarai su apvaliais deimantais i\u0161 geltono aukso\"},{\"@type\":\"BreadcrumbList\",\"@id\":\"https:\/\/fashiongold.lt\/lv\/papuosalas\/izveido-auskarus-ar-dimantu-round\/#breadcrumb\",\"itemListElement\":[{\"@type\":\"ListItem\",\"position\":1,\"name\":\"Home\",\"item\":\"https:\/\/fashiongold.lt\/lv\/\"},{\"@type\":\"ListItem\",\"position\":2,\"name\":\"Dimantu veikals Fashiongold.lt\",\"item\":\"https:\/\/fashiongold.lt\/shop-2\/\"},{\"@type\":\"ListItem\",\"position\":3,\"name\":\"Izveido auskarus ar dimantu &#8211; Round\"}]},{\"@type\":\"WebSite\",\"@id\":\"https:\/\/fashiongold.lt\/lv\/#website\",\"url\":\"https:\/\/fashiongold.lt\/lv\/\",\"name\":\"Fashion Gold\",\"description\":\"Juvelyrikos namai\",\"publisher\":{\"@id\":\"https:\/\/fashiongold.lt\/lv\/#organization\"},\"potentialAction\":[{\"@type\":\"SearchAction\",\"target\":{\"@type\":\"EntryPoint\",\"urlTemplate\":\"https:\/\/fashiongold.lt\/lv\/?s={search_term_string}\"},\"query-input\":{\"@type\":\"PropertyValueSpecification\",\"valueRequired\":true,\"valueName\":\"search_term_string\"}}],\"inLanguage\":\"lv-LV\"},{\"@type\":\"Organization\",\"@id\":\"https:\/\/fashiongold.lt\/lv\/#organization\",\"name\":\"Topdiamonds Online\",\"url\":\"https:\/\/fashiongold.lt\/lv\/\",\"logo\":{\"@type\":\"ImageObject\",\"inLanguage\":\"lv-LV\",\"@id\":\"https:\/\/fashiongold.lt\/lv\/#\/schema\/logo\/image\/\",\"url\":\"https:\/\/fashiongold.lt\/wp-content\/uploads\/2025\/04\/cropped-fashion_gold_logotipas2-scaled-1.png\",\"contentUrl\":\"https:\/\/fashiongold.lt\/wp-content\/uploads\/2025\/04\/cropped-fashion_gold_logotipas2-scaled-1.png\",\"width\":2559,\"height\":421,\"caption\":\"Topdiamonds Online\"},\"image\":{\"@id\":\"https:\/\/fashiongold.lt\/lv\/#\/schema\/logo\/image\/\"}}]}<\/script>\n<!-- \/ Yoast SEO plugin. -->","yoast_head_json":{"title":"Izveido savus auskarus ar dimantu - Round","description":"S\u0101c savu dizainu ar \u0161iem auskariem ar dimantiem. Apa\u013ci dimanti pie\u0161\u0137irs mirdzumu gan ikdienai, gan \u012bpa\u0161iem mirk\u013ciem.","robots":{"index":"index","follow":"follow","max-snippet":"max-snippet:-1","max-image-preview":"max-image-preview:large","max-video-preview":"max-video-preview:-1"},"canonical":"https:\/\/fashiongold.lt\/lv\/papuosalas\/izveido-auskarus-ar-dimantu-round\/","og_locale":"lv_LV","og_type":"article","og_title":"Izveido savus auskarus ar dimantu - Round","og_description":"S\u0101c savu dizainu ar \u0161iem auskariem ar dimantiem. Apa\u013ci dimanti pie\u0161\u0137irs mirdzumu gan ikdienai, gan \u012bpa\u0161iem mirk\u013ciem.","og_url":"https:\/\/fashiongold.lt\/lv\/papuosalas\/izveido-auskarus-ar-dimantu-round\/","og_site_name":"FashionGold.lt","og_image":[{"width":800,"height":800,"url":"https:\/\/fashiongold.lt\/wp-content\/uploads\/2025\/07\/Klasikiniai-balto-aukso-auskarai-su-deimantu-Round.webp","type":"image\/png"}],"twitter_card":"summary_large_image","twitter_misc":{"Est. reading time":"1 minute"},"schema":{"@context":"https:\/\/schema.org","@graph":[{"@type":"WebPage","@id":"https:\/\/fashiongold.lt\/lv\/papuosalas\/izveido-auskarus-ar-dimantu-round\/","url":"https:\/\/fashiongold.lt\/lv\/papuosalas\/izveido-auskarus-ar-dimantu-round\/","name":"Izveido savus auskarus ar dimantu - Round","isPartOf":{"@id":"https:\/\/fashiongold.lt\/lv\/#website"},"primaryImageOfPage":{"@id":"https:\/\/fashiongold.lt\/lv\/papuosalas\/izveido-auskarus-ar-dimantu-round\/#primaryimage"},"image":{"@id":"https:\/\/fashiongold.lt\/lv\/papuosalas\/izveido-auskarus-ar-dimantu-round\/#primaryimage"},"thumbnailUrl":"https:\/\/fashiongold.lt\/wp-content\/uploads\/2025\/07\/Klasikiniai-balto-aukso-auskarai-su-deimantu-Round.png","datePublished":"2025-06-01T11:58:34+00:00","description":"S\u0101c savu dizainu ar \u0161iem auskariem ar dimantiem. Apa\u013ci dimanti pie\u0161\u0137irs mirdzumu gan ikdienai, gan \u012bpa\u0161iem mirk\u013ciem.","breadcrumb":{"@id":"https:\/\/fashiongold.lt\/lv\/papuosalas\/izveido-auskarus-ar-dimantu-round\/#breadcrumb"},"inLanguage":"lv-LV","potentialAction":[{"@type":"ReadAction","target":["https:\/\/fashiongold.lt\/lv\/papuosalas\/izveido-auskarus-ar-dimantu-round\/"]}]},{"@type":"ImageObject","inLanguage":"lv-LV","@id":"https:\/\/fashiongold.lt\/lv\/papuosalas\/izveido-auskarus-ar-dimantu-round\/#primaryimage","url":"https:\/\/fashiongold.lt\/wp-content\/uploads\/2025\/07\/Klasikiniai-balto-aukso-auskarai-su-deimantu-Round.png","contentUrl":"https:\/\/fashiongold.lt\/wp-content\/uploads\/2025\/07\/Klasikiniai-balto-aukso-auskarai-su-deimantu-Round.png","width":800,"height":800,"caption":"Klasikiniai auskarai su apvaliais deimantais i\u0161 geltono aukso"},{"@type":"BreadcrumbList","@id":"https:\/\/fashiongold.lt\/lv\/papuosalas\/izveido-auskarus-ar-dimantu-round\/#breadcrumb","itemListElement":[{"@type":"ListItem","position":1,"name":"Home","item":"https:\/\/fashiongold.lt\/lv\/"},{"@type":"ListItem","position":2,"name":"Dimantu veikals Fashiongold.lt","item":"https:\/\/fashiongold.lt\/shop-2\/"},{"@type":"ListItem","position":3,"name":"Izveido auskarus ar dimantu &#8211; Round"}]},{"@type":"WebSite","@id":"https:\/\/fashiongold.lt\/lv\/#website","url":"https:\/\/fashiongold.lt\/lv\/","name":"Fashion Gold","description":"Juvelyrikos namai","publisher":{"@id":"https:\/\/fashiongold.lt\/lv\/#organization"},"potentialAction":[{"@type":"SearchAction","target":{"@type":"EntryPoint","urlTemplate":"https:\/\/fashiongold.lt\/lv\/?s={search_term_string}"},"query-input":{"@type":"PropertyValueSpecification","valueRequired":true,"valueName":"search_term_string"}}],"inLanguage":"lv-LV"},{"@type":"Organization","@id":"https:\/\/fashiongold.lt\/lv\/#organization","name":"Topdiamonds Online","url":"https:\/\/fashiongold.lt\/lv\/","logo":{"@type":"ImageObject","inLanguage":"lv-LV","@id":"https:\/\/fashiongold.lt\/lv\/#\/schema\/logo\/image\/","url":"https:\/\/fashiongold.lt\/wp-content\/uploads\/2025\/04\/cropped-fashion_gold_logotipas2-scaled-1.png","contentUrl":"https:\/\/fashiongold.lt\/wp-content\/uploads\/2025\/04\/cropped-fashion_gold_logotipas2-scaled-1.png","width":2559,"height":421,"caption":"Topdiamonds Online"},"image":{"@id":"https:\/\/fashiongold.lt\/lv\/#\/schema\/logo\/image\/"}}]}},"_links":{"self":[{"href":"https:\/\/fashiongold.lt\/lv\/wp-json\/wp\/v2\/product\/297799","targetHints":{"allow":["GET"]}}],"collection":[{"href":"https:\/\/fashiongold.lt\/lv\/wp-json\/wp\/v2\/product"}],"about":[{"href":"https:\/\/fashiongold.lt\/lv\/wp-json\/wp\/v2\/types\/product"}],"version-history":[{"count":0,"href":"https:\/\/fashiongold.lt\/lv\/wp-json\/wp\/v2\/product\/297799\/revisions"}],"wp:featuredmedia":[{"embeddable":true,"href":"https:\/\/fashiongold.lt\/lv\/wp-json\/wp\/v2\/media\/32912"}],"wp:attachment":[{"href":"https:\/\/fashiongold.lt\/lv\/wp-json\/wp\/v2\/media?parent=297799"}],"wp:term":[{"taxonomy":"product_brand","embeddable":true,"href":"https:\/\/fashiongold.lt\/lv\/wp-json\/wp\/v2\/product_brand?post=297799"},{"taxonomy":"product_cat","embeddable":true,"href":"https:\/\/fashiongold.lt\/lv\/wp-json\/wp\/v2\/product_cat?post=297799"},{"taxonomy":"product_tag","embeddable":true,"href":"https:\/\/fashiongold.lt\/lv\/wp-json\/wp\/v2\/product_tag?post=297799"}],"curies":[{"name":"wp","href":"https:\/\/api.w.org\/{rel}","templated":true}]}}