{"id":297819,"date":"2025-05-28T16:08:31","date_gmt":"2025-05-28T16:08:31","guid":{"rendered":"https:\/\/fashiongold.lt\/papuosalas\/kulons-ar-dimantu-cushion-slipejuma-dimants\/"},"modified":"2025-05-28T16:08:31","modified_gmt":"2025-05-28T16:08:31","slug":"kulons-ar-dimantu-cushion-slipejuma-dimants","status":"publish","type":"product","link":"https:\/\/fashiongold.lt\/lv\/papuosalas\/kulons-ar-dimantu-cushion-slipejuma-dimants\/","title":{"rendered":"Kulons ar dimantu &#8211; Cushion sl\u012bp\u0113juma dimants"},"content":{"rendered":"<h2>Kulons ar dimantu \u2013 tavas rado\u0161\u0101s iedvesmas s\u0101kums spilvena formas akmen\u012b<\/h2>\n<p>\u0160is kulons ar dimantu iemieso maigu eleganci un smalku grezn\u012bbas saj\u016btu. Spilvena formas dimantam piem\u012bt gaismas sp\u0113le un neliela retro v\u0113sma \u2013 it k\u0101 grezn\u012bbas piliens no pag\u0101ju\u0161\u0101 gadsimta, kas piel\u0101gots m\u016bsdienu stilam. Iesp\u0113jams izv\u0113l\u0113ties no \u010detriem d\u0101rgmet\u0101liem \u2013 dzelten\u0101, balt\u0101, sarkan\u0101 zelta vai plat\u012bna \u2013 t\u0101d\u0113j\u0101di piel\u0101gojot izstr\u0101d\u0101jumu person\u012bgajai gaumei. Katrs l\u0113mums \u2013 no akmens izm\u0113ra l\u012bdz kro\u0146a formai \u2013 \u013cauj izveidot piln\u012bgi individu\u0101lu rotaslietu, kur\u0101 apvienojas romantika, trad\u012bcijas un modernit\u0101te.<br \/>\nKatra rotaslieta tiek izgatavota individu\u0101li, iev\u0113rojot augst\u0101kos juvelierizstr\u0101d\u0101jumu ra\u017eo\u0161anas standartus.<\/p>\n<p><span data-sheets-root=\"1\">\u2022 <a href=\"https:\/\/fashiongold.lt\/lv\/patarimai-lv\/kulons-ar-dimantu-ka-izveleties-zelta-svaru-krasu-un-piemerotu-kediti\/\" target=\"_blank\" rel=\"noopener\"><strong>Kulona zelta svars<\/strong><\/a>: aptuveni 2.25 g<br \/>\n\u2022 <strong><a href=\"https:\/\/fashiongold.lt\/lv\/category\/uzzini-vairak-par-dimanta-formu\/\" target=\"_blank\" rel=\"noopener\">Dimanta forma un sl\u012bp\u0113jums<\/a><\/strong>: Spilvena formas (<em>Cushion cut<\/em>)<br \/>\n<\/span><span data-sheets-root=\"1\">\u2022 <a href=\"https:\/\/fashiongold.lt\/lv\/patarimai-lv\/saderinasanas-gredzeni-vai-gredzenu-var-iegravet-detalas-kas-pieskir-jusu-saderinasanas-gredzenam-individualitati\/\" target=\"_blank\" rel=\"noopener\"><strong>Grav\u0113\u0161ana<\/strong><\/a> ir pieejama bez maksas<br \/>\n\u2022 Vienreiz\u0113ja <a href=\"https:\/\/fashiongold.lt\/lv\/patarimai-lv\/zelta-kedite-bezmaksas-garuma-maina-iegadajoties-no-fashiongold-lt\/\" target=\"_blank\" rel=\"noopener\"><strong>\u0137\u0113d\u012btes garuma mai\u0146as garantija<\/strong><\/a> bez maksas<\/span><\/p>\n<p>Jums ir savs d\u0101rgakmens vai zelts? M\u0113s attiec\u012bgi piel\u0101gosim cenu \u2013 j\u016bs maks\u0101siet tikai par juveliera darbu. T\u0101pat varat izv\u0113l\u0113ties augst\u0101kas kvalit\u0101tes dimantus vai main\u012bt to parametrus atbilsto\u0161i sav\u0101m v\u0113lm\u0113m. <strong><a href=\"https:\/\/fashiongold.lt\/lv\/kontakti\/\" target=\"_blank\" rel=\"noopener\">Sazinieties ar mums<\/a><\/strong>, un m\u0113s visu piel\u0101gosim j\u016bsu v\u0113lm\u0113m.<br data-start=\"789\" data-end=\"792\" \/>Izveidojiet savu sap\u0146u rotaslietu ar <em>Fashion Gold<\/em>.<\/p>\n","protected":false},"excerpt":{"rendered":"<p>Kulons ar dimantu \u2013 tavas rado\u0161\u0101s iedvesmas s\u0101kums spilvena formas akmen\u012b \u0160is kulons ar dimantu iemieso maigu eleganci un smalku [&hellip;]<\/p>\n","protected":false},"featured_media":14482,"template":"","meta":{"site-sidebar-layout":"default","site-content-layout":"","ast-site-content-layout":"default","site-content-style":"default","site-sidebar-style":"default","ast-global-header-display":"","ast-banner-title-visibility":"","ast-main-header-display":"","ast-hfb-above-header-display":"","ast-hfb-below-header-display":"","ast-hfb-mobile-header-display":"","site-post-title":"","ast-breadcrumbs-content":"","ast-featured-img":"","footer-sml-layout":"","ast-disable-related-posts":"","theme-transparent-header-meta":"default","adv-header-id-meta":"","stick-header-meta":"","header-above-stick-meta":"","header-main-stick-meta":"","header-below-stick-meta":"","astra-migrate-meta-layouts":"default","ast-page-background-enabled":"default","ast-page-background-meta":{"desktop":{"background-color":"var(--ast-global-color-4)","background-image":"","background-repeat":"repeat","background-position":"center center","background-size":"auto","background-attachment":"scroll","background-type":"","background-media":"","overlay-type":"","overlay-color":"","overlay-opacity":"","overlay-gradient":""},"tablet":{"background-color":"","background-image":"","background-repeat":"repeat","background-position":"center center","background-size":"auto","background-attachment":"scroll","background-type":"","background-media":"","overlay-type":"","overlay-color":"","overlay-opacity":"","overlay-gradient":""},"mobile":{"background-color":"","background-image":"","background-repeat":"repeat","background-position":"center center","background-size":"auto","background-attachment":"scroll","background-type":"","background-media":"","overlay-type":"","overlay-color":"","overlay-opacity":"","overlay-gradient":""}},"ast-content-background-meta":{"desktop":{"background-color":"var(--ast-global-color-5)","background-image":"","background-repeat":"repeat","background-position":"center center","background-size":"auto","background-attachment":"scroll","background-type":"","background-media":"","overlay-type":"","overlay-color":"","overlay-opacity":"","overlay-gradient":""},"tablet":{"background-color":"var(--ast-global-color-5)","background-image":"","background-repeat":"repeat","background-position":"center center","background-size":"auto","background-attachment":"scroll","background-type":"","background-media":"","overlay-type":"","overlay-color":"","overlay-opacity":"","overlay-gradient":""},"mobile":{"background-color":"var(--ast-global-color-5)","background-image":"","background-repeat":"repeat","background-position":"center center","background-size":"auto","background-attachment":"scroll","background-type":"","background-media":"","overlay-type":"","overlay-color":"","overlay-opacity":"","overlay-gradient":""}}},"product_brand":[],"product_cat":[4114,4127],"product_tag":[],"class_list":{"0":"post-297819","1":"product","2":"type-product","3":"status-publish","4":"has-post-thumbnail","6":"product_cat-izveido-pats-savu-rotaslietu","7":"product_cat-sakt-no-piekarina-dizaina","8":"desktop-align-center","9":"tablet-align-left","10":"mobile-align-left","11":"ast-product-gallery-layout-horizontal-slider","12":"ast-product-single-variable","13":"ast-product-tabs-layout-accordion","14":"ast-qv-on-image","16":"first","17":"instock","18":"taxable","19":"shipping-taxable","20":"purchasable","21":"product-type-variable"},"yoast_head":"<!-- This site is optimized with the Yoast SEO plugin v26.6 - https:\/\/yoast.com\/wordpress\/plugins\/seo\/ -->\n<title>Kulons ar dimantu - Cushion sl\u012bp\u0113juma dimants<\/title>\n<meta name=\"description\" content=\"Kulons ar dimantu \u2013 spilventi\u0146a formas akmens un grezna Halo vai klasiska dizaina izv\u0113le tavam person\u012bgajam stilam.\" \/>\n<meta name=\"robots\" content=\"index, follow, max-snippet:-1, max-image-preview:large, max-video-preview:-1\" \/>\n<link rel=\"canonical\" href=\"https:\/\/fashiongold.lt\/lv\/papuosalas\/kulons-ar-dimantu-cushion-slipejuma-dimants\/\" \/>\n<meta property=\"og:locale\" content=\"lv_LV\" \/>\n<meta property=\"og:type\" content=\"article\" \/>\n<meta property=\"og:title\" content=\"Kulons ar dimantu - Cushion sl\u012bp\u0113juma dimants\" \/>\n<meta property=\"og:description\" content=\"Kulons ar dimantu \u2013 spilventi\u0146a formas akmens un grezna Halo vai klasiska dizaina izv\u0113le tavam person\u012bgajam stilam.\" \/>\n<meta property=\"og:url\" content=\"https:\/\/fashiongold.lt\/lv\/papuosalas\/kulons-ar-dimantu-cushion-slipejuma-dimants\/\" \/>\n<meta property=\"og:site_name\" content=\"FashionGold.lt\" \/>\n<meta property=\"og:image\" content=\"https:\/\/fashiongold.lt\/wp-content\/uploads\/2025\/05\/Klasikinis-pakabukas-su-deimantu-CUSHION-DEIMANTAS-030-ct-2-1.webp\" \/>\n\t<meta property=\"og:image:width\" content=\"800\" \/>\n\t<meta property=\"og:image:height\" content=\"800\" \/>\n\t<meta property=\"og:image:type\" content=\"image\/png\" \/>\n<meta name=\"twitter:card\" content=\"summary_large_image\" \/>\n<meta name=\"twitter:label1\" content=\"Est. reading time\" \/>\n\t<meta name=\"twitter:data1\" content=\"1 minute\" \/>\n<script type=\"application\/ld+json\" class=\"yoast-schema-graph\">{\"@context\":\"https:\/\/schema.org\",\"@graph\":[{\"@type\":\"WebPage\",\"@id\":\"https:\/\/fashiongold.lt\/lv\/papuosalas\/kulons-ar-dimantu-cushion-slipejuma-dimants\/\",\"url\":\"https:\/\/fashiongold.lt\/lv\/papuosalas\/kulons-ar-dimantu-cushion-slipejuma-dimants\/\",\"name\":\"Kulons ar dimantu - Cushion sl\u012bp\u0113juma dimants\",\"isPartOf\":{\"@id\":\"https:\/\/fashiongold.lt\/lv\/#website\"},\"primaryImageOfPage\":{\"@id\":\"https:\/\/fashiongold.lt\/lv\/papuosalas\/kulons-ar-dimantu-cushion-slipejuma-dimants\/#primaryimage\"},\"image\":{\"@id\":\"https:\/\/fashiongold.lt\/lv\/papuosalas\/kulons-ar-dimantu-cushion-slipejuma-dimants\/#primaryimage\"},\"thumbnailUrl\":\"https:\/\/fashiongold.lt\/wp-content\/uploads\/2025\/05\/Klasikinis-pakabukas-su-deimantu-CUSHION-DEIMANTAS-030-ct-2-1.png\",\"datePublished\":\"2025-05-28T16:08:31+00:00\",\"description\":\"Kulons ar dimantu \u2013 spilventi\u0146a formas akmens un grezna Halo vai klasiska dizaina izv\u0113le tavam person\u012bgajam stilam.\",\"breadcrumb\":{\"@id\":\"https:\/\/fashiongold.lt\/lv\/papuosalas\/kulons-ar-dimantu-cushion-slipejuma-dimants\/#breadcrumb\"},\"inLanguage\":\"lv-LV\",\"potentialAction\":[{\"@type\":\"ReadAction\",\"target\":[\"https:\/\/fashiongold.lt\/lv\/papuosalas\/kulons-ar-dimantu-cushion-slipejuma-dimants\/\"]}]},{\"@type\":\"ImageObject\",\"inLanguage\":\"lv-LV\",\"@id\":\"https:\/\/fashiongold.lt\/lv\/papuosalas\/kulons-ar-dimantu-cushion-slipejuma-dimants\/#primaryimage\",\"url\":\"https:\/\/fashiongold.lt\/wp-content\/uploads\/2025\/05\/Klasikinis-pakabukas-su-deimantu-CUSHION-DEIMANTAS-030-ct-2-1.png\",\"contentUrl\":\"https:\/\/fashiongold.lt\/wp-content\/uploads\/2025\/05\/Klasikinis-pakabukas-su-deimantu-CUSHION-DEIMANTAS-030-ct-2-1.png\",\"width\":800,\"height\":800,\"caption\":\"alto aukso pakabukas su deimantu (cushion cut)\"},{\"@type\":\"BreadcrumbList\",\"@id\":\"https:\/\/fashiongold.lt\/lv\/papuosalas\/kulons-ar-dimantu-cushion-slipejuma-dimants\/#breadcrumb\",\"itemListElement\":[{\"@type\":\"ListItem\",\"position\":1,\"name\":\"Home\",\"item\":\"https:\/\/fashiongold.lt\/lv\/\"},{\"@type\":\"ListItem\",\"position\":2,\"name\":\"Dimantu veikals Fashiongold.lt\",\"item\":\"https:\/\/fashiongold.lt\/shop-2\/\"},{\"@type\":\"ListItem\",\"position\":3,\"name\":\"Kulons ar dimantu &#8211; Cushion sl\u012bp\u0113juma dimants\"}]},{\"@type\":\"WebSite\",\"@id\":\"https:\/\/fashiongold.lt\/lv\/#website\",\"url\":\"https:\/\/fashiongold.lt\/lv\/\",\"name\":\"Fashion Gold\",\"description\":\"Juvelyrikos namai\",\"publisher\":{\"@id\":\"https:\/\/fashiongold.lt\/lv\/#organization\"},\"potentialAction\":[{\"@type\":\"SearchAction\",\"target\":{\"@type\":\"EntryPoint\",\"urlTemplate\":\"https:\/\/fashiongold.lt\/lv\/?s={search_term_string}\"},\"query-input\":{\"@type\":\"PropertyValueSpecification\",\"valueRequired\":true,\"valueName\":\"search_term_string\"}}],\"inLanguage\":\"lv-LV\"},{\"@type\":\"Organization\",\"@id\":\"https:\/\/fashiongold.lt\/lv\/#organization\",\"name\":\"Topdiamonds Online\",\"url\":\"https:\/\/fashiongold.lt\/lv\/\",\"logo\":{\"@type\":\"ImageObject\",\"inLanguage\":\"lv-LV\",\"@id\":\"https:\/\/fashiongold.lt\/lv\/#\/schema\/logo\/image\/\",\"url\":\"https:\/\/fashiongold.lt\/wp-content\/uploads\/2025\/04\/cropped-fashion_gold_logotipas2-scaled-1.png\",\"contentUrl\":\"https:\/\/fashiongold.lt\/wp-content\/uploads\/2025\/04\/cropped-fashion_gold_logotipas2-scaled-1.png\",\"width\":2559,\"height\":421,\"caption\":\"Topdiamonds Online\"},\"image\":{\"@id\":\"https:\/\/fashiongold.lt\/lv\/#\/schema\/logo\/image\/\"}}]}<\/script>\n<!-- \/ Yoast SEO plugin. -->","yoast_head_json":{"title":"Kulons ar dimantu - Cushion sl\u012bp\u0113juma dimants","description":"Kulons ar dimantu \u2013 spilventi\u0146a formas akmens un grezna Halo vai klasiska dizaina izv\u0113le tavam person\u012bgajam stilam.","robots":{"index":"index","follow":"follow","max-snippet":"max-snippet:-1","max-image-preview":"max-image-preview:large","max-video-preview":"max-video-preview:-1"},"canonical":"https:\/\/fashiongold.lt\/lv\/papuosalas\/kulons-ar-dimantu-cushion-slipejuma-dimants\/","og_locale":"lv_LV","og_type":"article","og_title":"Kulons ar dimantu - Cushion sl\u012bp\u0113juma dimants","og_description":"Kulons ar dimantu \u2013 spilventi\u0146a formas akmens un grezna Halo vai klasiska dizaina izv\u0113le tavam person\u012bgajam stilam.","og_url":"https:\/\/fashiongold.lt\/lv\/papuosalas\/kulons-ar-dimantu-cushion-slipejuma-dimants\/","og_site_name":"FashionGold.lt","og_image":[{"width":800,"height":800,"url":"https:\/\/fashiongold.lt\/wp-content\/uploads\/2025\/05\/Klasikinis-pakabukas-su-deimantu-CUSHION-DEIMANTAS-030-ct-2-1.webp","type":"image\/png"}],"twitter_card":"summary_large_image","twitter_misc":{"Est. reading time":"1 minute"},"schema":{"@context":"https:\/\/schema.org","@graph":[{"@type":"WebPage","@id":"https:\/\/fashiongold.lt\/lv\/papuosalas\/kulons-ar-dimantu-cushion-slipejuma-dimants\/","url":"https:\/\/fashiongold.lt\/lv\/papuosalas\/kulons-ar-dimantu-cushion-slipejuma-dimants\/","name":"Kulons ar dimantu - Cushion sl\u012bp\u0113juma dimants","isPartOf":{"@id":"https:\/\/fashiongold.lt\/lv\/#website"},"primaryImageOfPage":{"@id":"https:\/\/fashiongold.lt\/lv\/papuosalas\/kulons-ar-dimantu-cushion-slipejuma-dimants\/#primaryimage"},"image":{"@id":"https:\/\/fashiongold.lt\/lv\/papuosalas\/kulons-ar-dimantu-cushion-slipejuma-dimants\/#primaryimage"},"thumbnailUrl":"https:\/\/fashiongold.lt\/wp-content\/uploads\/2025\/05\/Klasikinis-pakabukas-su-deimantu-CUSHION-DEIMANTAS-030-ct-2-1.png","datePublished":"2025-05-28T16:08:31+00:00","description":"Kulons ar dimantu \u2013 spilventi\u0146a formas akmens un grezna Halo vai klasiska dizaina izv\u0113le tavam person\u012bgajam stilam.","breadcrumb":{"@id":"https:\/\/fashiongold.lt\/lv\/papuosalas\/kulons-ar-dimantu-cushion-slipejuma-dimants\/#breadcrumb"},"inLanguage":"lv-LV","potentialAction":[{"@type":"ReadAction","target":["https:\/\/fashiongold.lt\/lv\/papuosalas\/kulons-ar-dimantu-cushion-slipejuma-dimants\/"]}]},{"@type":"ImageObject","inLanguage":"lv-LV","@id":"https:\/\/fashiongold.lt\/lv\/papuosalas\/kulons-ar-dimantu-cushion-slipejuma-dimants\/#primaryimage","url":"https:\/\/fashiongold.lt\/wp-content\/uploads\/2025\/05\/Klasikinis-pakabukas-su-deimantu-CUSHION-DEIMANTAS-030-ct-2-1.png","contentUrl":"https:\/\/fashiongold.lt\/wp-content\/uploads\/2025\/05\/Klasikinis-pakabukas-su-deimantu-CUSHION-DEIMANTAS-030-ct-2-1.png","width":800,"height":800,"caption":"alto aukso pakabukas su deimantu (cushion cut)"},{"@type":"BreadcrumbList","@id":"https:\/\/fashiongold.lt\/lv\/papuosalas\/kulons-ar-dimantu-cushion-slipejuma-dimants\/#breadcrumb","itemListElement":[{"@type":"ListItem","position":1,"name":"Home","item":"https:\/\/fashiongold.lt\/lv\/"},{"@type":"ListItem","position":2,"name":"Dimantu veikals Fashiongold.lt","item":"https:\/\/fashiongold.lt\/shop-2\/"},{"@type":"ListItem","position":3,"name":"Kulons ar dimantu &#8211; Cushion sl\u012bp\u0113juma dimants"}]},{"@type":"WebSite","@id":"https:\/\/fashiongold.lt\/lv\/#website","url":"https:\/\/fashiongold.lt\/lv\/","name":"Fashion Gold","description":"Juvelyrikos namai","publisher":{"@id":"https:\/\/fashiongold.lt\/lv\/#organization"},"potentialAction":[{"@type":"SearchAction","target":{"@type":"EntryPoint","urlTemplate":"https:\/\/fashiongold.lt\/lv\/?s={search_term_string}"},"query-input":{"@type":"PropertyValueSpecification","valueRequired":true,"valueName":"search_term_string"}}],"inLanguage":"lv-LV"},{"@type":"Organization","@id":"https:\/\/fashiongold.lt\/lv\/#organization","name":"Topdiamonds Online","url":"https:\/\/fashiongold.lt\/lv\/","logo":{"@type":"ImageObject","inLanguage":"lv-LV","@id":"https:\/\/fashiongold.lt\/lv\/#\/schema\/logo\/image\/","url":"https:\/\/fashiongold.lt\/wp-content\/uploads\/2025\/04\/cropped-fashion_gold_logotipas2-scaled-1.png","contentUrl":"https:\/\/fashiongold.lt\/wp-content\/uploads\/2025\/04\/cropped-fashion_gold_logotipas2-scaled-1.png","width":2559,"height":421,"caption":"Topdiamonds Online"},"image":{"@id":"https:\/\/fashiongold.lt\/lv\/#\/schema\/logo\/image\/"}}]}},"_links":{"self":[{"href":"https:\/\/fashiongold.lt\/lv\/wp-json\/wp\/v2\/product\/297819","targetHints":{"allow":["GET"]}}],"collection":[{"href":"https:\/\/fashiongold.lt\/lv\/wp-json\/wp\/v2\/product"}],"about":[{"href":"https:\/\/fashiongold.lt\/lv\/wp-json\/wp\/v2\/types\/product"}],"version-history":[{"count":0,"href":"https:\/\/fashiongold.lt\/lv\/wp-json\/wp\/v2\/product\/297819\/revisions"}],"wp:featuredmedia":[{"embeddable":true,"href":"https:\/\/fashiongold.lt\/lv\/wp-json\/wp\/v2\/media\/14482"}],"wp:attachment":[{"href":"https:\/\/fashiongold.lt\/lv\/wp-json\/wp\/v2\/media?parent=297819"}],"wp:term":[{"taxonomy":"product_brand","embeddable":true,"href":"https:\/\/fashiongold.lt\/lv\/wp-json\/wp\/v2\/product_brand?post=297819"},{"taxonomy":"product_cat","embeddable":true,"href":"https:\/\/fashiongold.lt\/lv\/wp-json\/wp\/v2\/product_cat?post=297819"},{"taxonomy":"product_tag","embeddable":true,"href":"https:\/\/fashiongold.lt\/lv\/wp-json\/wp\/v2\/product_tag?post=297819"}],"curies":[{"name":"wp","href":"https:\/\/api.w.org\/{rel}","templated":true}]}}