{"id":298184,"date":"2025-10-09T16:24:51","date_gmt":"2025-10-09T16:24:51","guid":{"rendered":"https:\/\/fashiongold.lt\/papuosalas\/gredzens-ar-dimantu-round-dimants\/"},"modified":"2025-10-09T16:24:51","modified_gmt":"2025-10-09T16:24:51","slug":"gredzens-ar-dimantu-round-dimants","status":"publish","type":"product","link":"https:\/\/fashiongold.lt\/lv\/papuosalas\/gredzens-ar-dimantu-round-dimants\/","title":{"rendered":"Gredzens ar dimantu &#8211; ROUND dimants"},"content":{"rendered":"<p><span data-sheets-root=\"1\">\u0160is<\/span> klasiskais gredzens ar dimantu ir rad\u012bts tiem, kuri nov\u0113rt\u0113 t\u012bru skaistumu un izteiksm\u012bgu vienk\u0101r\u0161\u012bbu. T\u0101 elegantais, zemais kron\u012btis ir k\u0101 subtils paaugstin\u0101jums, kas \u013cauj dimantam mirdz\u0113t vis\u0101 t\u0101 sp\u0113k\u0101. Zelta st\u012bpi\u0146as l\u012bnijas \u2013 gludas, minim\u0101listiskas, lai nekas nenov\u0113rstu uzman\u012bbu no <span data-sheets-root=\"1\">d<\/span>\u0101rgakmens. Izv\u0113lies met\u0101lu \u2013 dzelteno, sarkano, balto zeltu vai plat\u012bnu. <span data-sheets-root=\"1\">T\u0101l\u0101k \u2013 prec\u012bzs izm\u0113rs, kas ide\u0101li piegul\u0113s pirkstam. Galvenais akcents \u2013 dimants: izv\u0113lies <em>round<\/em> dimantu, k\u0101 ar\u012b t\u0101 veidu, t\u012br\u012bbu, kr\u0101su un citus raksturlielumus.<\/span> \u013bauj katrai deta\u013cai atkl\u0101ties atbilsto\u0161i tavai est\u0113tiskajai v\u012bzijai.<\/p>\n<p><span data-sheets-root=\"1\">\u2022 <a href=\"https:\/\/fashiongold.lt\/lv\/patarimai-lv\/gredzeni-ar-dimantiem-gredzena-zelta-svars-un-dimantu-svars-karatos-ka-izveleties-piemerotako-ieteikumi-ka-saprast-un-novertet\/\" target=\"_blank\" rel=\"noopener\"><strong>Gredzena svars<\/strong>:<\/a> (atkar\u012bgs no izm\u0113ra): aptuveni 2,00 &#8211; 3,00 g<br \/>\n\u2022 <a href=\"https:\/\/fashiongold.lt\/lv\/patarimai-lv\/gredzena-komforta-zona-vai-gredzena-ertums\/\" target=\"_blank\" rel=\"noopener\"><strong>Gredzena komforta zona<\/strong><\/a>: ir<br \/>\n\u2022 <a href=\"https:\/\/fashiongold.lt\/lv\/patarimai-lv\/saderinasanas-gredzeni-vai-gredzenu-var-iegravet-detalas-kas-pieskir-jusu-saderinasanas-gredzenam-individualitati\/\" target=\"_blank\" rel=\"noopener\"><strong>Grav\u0113\u0161ana<\/strong><\/a> bez maksas<br \/>\n\u2022 Vienreiz\u0113ja bezmaksas <a href=\"https:\/\/fashiongold.lt\/lv\/patarimai-lv\/saderinasanas-gredzeni-bezmaksas-izmera-pielagosana-lai-gredzens-deretu-ideali\/\" target=\"_blank\" rel=\"noopener\"><strong>gredzena izm\u0113ra mai\u0146as garantija<\/strong><\/a><\/span><\/p>\n<p><span data-sheets-root=\"1\">Jums ir savs d\u0101rgakmens vai zelts? <a href=\"https:\/\/fashiongold.lt\/lv\/kontakti\/\" target=\"_blank\" rel=\"noopener\"><strong>Sazinieties<\/strong><\/a> \u2013 m\u0113s p\u0101rr\u0113\u0137in\u0101sim cenu, un j\u016bs maks\u0101siet tikai par gredzenu izgatavo\u0161anu.<br \/>\nAtkl\u0101jiet pla\u0161u saderin\u0101\u0161an\u0101s gredzenu izv\u0113li, kas atbilst da\u017e\u0101d\u0101m gaum\u0113m, bud\u017eetiem un personaliz\u0101cij\u0101m ar <a href=\"https:\/\/fashiongold.lt\/lv\/\" target=\"_blank\" rel=\"noopener\">FashionGold.lt<\/a>.<\/span><\/p>\n","protected":false},"excerpt":{"rendered":"<p>\u0160is klasiskais gredzens ar dimantu ir rad\u012bts tiem, kuri nov\u0113rt\u0113 t\u012bru skaistumu un izteiksm\u012bgu vienk\u0101r\u0161\u012bbu. T\u0101 elegantais, zemais kron\u012btis ir [&hellip;]<\/p>\n","protected":false},"featured_media":260515,"template":"","meta":{"site-sidebar-layout":"default","site-content-layout":"","ast-site-content-layout":"default","site-content-style":"default","site-sidebar-style":"default","ast-global-header-display":"","ast-banner-title-visibility":"","ast-main-header-display":"","ast-hfb-above-header-display":"","ast-hfb-below-header-display":"","ast-hfb-mobile-header-display":"","site-post-title":"","ast-breadcrumbs-content":"","ast-featured-img":"","footer-sml-layout":"","ast-disable-related-posts":"","theme-transparent-header-meta":"default","adv-header-id-meta":"","stick-header-meta":"","header-above-stick-meta":"","header-main-stick-meta":"","header-below-stick-meta":"","astra-migrate-meta-layouts":"default","ast-page-background-enabled":"default","ast-page-background-meta":{"desktop":{"background-color":"var(--ast-global-color-4)","background-image":"","background-repeat":"repeat","background-position":"center center","background-size":"auto","background-attachment":"scroll","background-type":"","background-media":"","overlay-type":"","overlay-color":"","overlay-opacity":"","overlay-gradient":""},"tablet":{"background-color":"","background-image":"","background-repeat":"repeat","background-position":"center center","background-size":"auto","background-attachment":"scroll","background-type":"","background-media":"","overlay-type":"","overlay-color":"","overlay-opacity":"","overlay-gradient":""},"mobile":{"background-color":"","background-image":"","background-repeat":"repeat","background-position":"center center","background-size":"auto","background-attachment":"scroll","background-type":"","background-media":"","overlay-type":"","overlay-color":"","overlay-opacity":"","overlay-gradient":""}},"ast-content-background-meta":{"desktop":{"background-color":"var(--ast-global-color-5)","background-image":"","background-repeat":"repeat","background-position":"center center","background-size":"auto","background-attachment":"scroll","background-type":"","background-media":"","overlay-type":"","overlay-color":"","overlay-opacity":"","overlay-gradient":""},"tablet":{"background-color":"var(--ast-global-color-5)","background-image":"","background-repeat":"repeat","background-position":"center center","background-size":"auto","background-attachment":"scroll","background-type":"","background-media":"","overlay-type":"","overlay-color":"","overlay-opacity":"","overlay-gradient":""},"mobile":{"background-color":"var(--ast-global-color-5)","background-image":"","background-repeat":"repeat","background-position":"center center","background-size":"auto","background-attachment":"scroll","background-type":"","background-media":"","overlay-type":"","overlay-color":"","overlay-opacity":"","overlay-gradient":""}}},"product_brand":[],"product_cat":[4114,4115],"product_tag":[],"class_list":{"0":"post-298184","1":"product","2":"type-product","3":"status-publish","4":"has-post-thumbnail","6":"product_cat-izveido-pats-savu-rotaslietu","7":"product_cat-sakt-ar-gredzena-dizainu","8":"desktop-align-center","9":"tablet-align-left","10":"mobile-align-left","11":"ast-product-gallery-layout-horizontal-slider","12":"ast-product-single-variable","13":"ast-product-tabs-layout-accordion","14":"ast-qv-on-image","16":"first","17":"instock","18":"taxable","19":"shipping-taxable","20":"purchasable","21":"product-type-variable"},"yoast_head":"<!-- This site is optimized with the Yoast SEO plugin v26.6 - https:\/\/yoast.com\/wordpress\/plugins\/seo\/ -->\n<title>Gredzens ar dimantu - ROUND dimants<\/title>\n<meta name=\"description\" content=\"\u0160is klasisk\u0101 dizaina gredzens ar dimantu ir s\u0101kumpunkts tavam person\u012bgajam rad\u012bjumam. \u013bauj ROUND dimantam atkl\u0101ties atbilsto\u0161i tavai est\u0113tiskajai v\u012bzijai.\" \/>\n<meta name=\"robots\" content=\"index, follow, max-snippet:-1, max-image-preview:large, max-video-preview:-1\" \/>\n<link rel=\"canonical\" href=\"https:\/\/fashiongold.lt\/lv\/papuosalas\/gredzens-ar-dimantu-round-dimants\/\" \/>\n<meta property=\"og:locale\" content=\"lv_LV\" \/>\n<meta property=\"og:type\" content=\"article\" \/>\n<meta property=\"og:title\" content=\"Gredzens ar dimantu - ROUND dimants\" \/>\n<meta property=\"og:description\" content=\"\u0160is klasisk\u0101 dizaina gredzens ar dimantu ir s\u0101kumpunkts tavam person\u012bgajam rad\u012bjumam. \u013bauj ROUND dimantam atkl\u0101ties atbilsto\u0161i tavai est\u0113tiskajai v\u012bzijai.\" \/>\n<meta property=\"og:url\" content=\"https:\/\/fashiongold.lt\/lv\/papuosalas\/gredzens-ar-dimantu-round-dimants\/\" \/>\n<meta property=\"og:site_name\" content=\"FashionGold.lt\" \/>\n<meta property=\"og:image\" content=\"https:\/\/fashiongold.lt\/wp-content\/uploads\/2025\/05\/Klasikinis-suzadetuviu-ziedas-is-balto-aukso-arba-platinos-1.webp\" \/>\n\t<meta property=\"og:image:width\" content=\"800\" \/>\n\t<meta property=\"og:image:height\" content=\"800\" \/>\n\t<meta property=\"og:image:type\" content=\"image\/png\" \/>\n<meta name=\"twitter:card\" content=\"summary_large_image\" \/>\n<meta name=\"twitter:label1\" content=\"Est. reading time\" \/>\n\t<meta name=\"twitter:data1\" content=\"1 minute\" \/>\n<script type=\"application\/ld+json\" class=\"yoast-schema-graph\">{\"@context\":\"https:\/\/schema.org\",\"@graph\":[{\"@type\":\"WebPage\",\"@id\":\"https:\/\/fashiongold.lt\/lv\/papuosalas\/gredzens-ar-dimantu-round-dimants\/\",\"url\":\"https:\/\/fashiongold.lt\/lv\/papuosalas\/gredzens-ar-dimantu-round-dimants\/\",\"name\":\"Gredzens ar dimantu - ROUND dimants\",\"isPartOf\":{\"@id\":\"https:\/\/fashiongold.lt\/lv\/#website\"},\"primaryImageOfPage\":{\"@id\":\"https:\/\/fashiongold.lt\/lv\/papuosalas\/gredzens-ar-dimantu-round-dimants\/#primaryimage\"},\"image\":{\"@id\":\"https:\/\/fashiongold.lt\/lv\/papuosalas\/gredzens-ar-dimantu-round-dimants\/#primaryimage\"},\"thumbnailUrl\":\"https:\/\/fashiongold.lt\/wp-content\/uploads\/2025\/05\/Klasikinis-suzadetuviu-ziedas-is-balto-aukso-arba-platinos-1.png\",\"datePublished\":\"2025-10-09T16:24:51+00:00\",\"description\":\"\u0160is klasisk\u0101 dizaina gredzens ar dimantu ir s\u0101kumpunkts tavam person\u012bgajam rad\u012bjumam. \u013bauj ROUND dimantam atkl\u0101ties atbilsto\u0161i tavai est\u0113tiskajai v\u012bzijai.\",\"breadcrumb\":{\"@id\":\"https:\/\/fashiongold.lt\/lv\/papuosalas\/gredzens-ar-dimantu-round-dimants\/#breadcrumb\"},\"inLanguage\":\"lv-LV\",\"potentialAction\":[{\"@type\":\"ReadAction\",\"target\":[\"https:\/\/fashiongold.lt\/lv\/papuosalas\/gredzens-ar-dimantu-round-dimants\/\"]}]},{\"@type\":\"ImageObject\",\"inLanguage\":\"lv-LV\",\"@id\":\"https:\/\/fashiongold.lt\/lv\/papuosalas\/gredzens-ar-dimantu-round-dimants\/#primaryimage\",\"url\":\"https:\/\/fashiongold.lt\/wp-content\/uploads\/2025\/05\/Klasikinis-suzadetuviu-ziedas-is-balto-aukso-arba-platinos-1.png\",\"contentUrl\":\"https:\/\/fashiongold.lt\/wp-content\/uploads\/2025\/05\/Klasikinis-suzadetuviu-ziedas-is-balto-aukso-arba-platinos-1.png\",\"width\":800,\"height\":800,\"caption\":\"Auksinis \u017eiedas su apvalios formos deimantu - round cut\"},{\"@type\":\"BreadcrumbList\",\"@id\":\"https:\/\/fashiongold.lt\/lv\/papuosalas\/gredzens-ar-dimantu-round-dimants\/#breadcrumb\",\"itemListElement\":[{\"@type\":\"ListItem\",\"position\":1,\"name\":\"Home\",\"item\":\"https:\/\/fashiongold.lt\/lv\/\"},{\"@type\":\"ListItem\",\"position\":2,\"name\":\"Dimantu veikals Fashiongold.lt\",\"item\":\"https:\/\/fashiongold.lt\/shop-2\/\"},{\"@type\":\"ListItem\",\"position\":3,\"name\":\"Gredzens ar dimantu &#8211; ROUND dimants\"}]},{\"@type\":\"WebSite\",\"@id\":\"https:\/\/fashiongold.lt\/lv\/#website\",\"url\":\"https:\/\/fashiongold.lt\/lv\/\",\"name\":\"Fashion Gold\",\"description\":\"Juvelyrikos namai\",\"publisher\":{\"@id\":\"https:\/\/fashiongold.lt\/lv\/#organization\"},\"potentialAction\":[{\"@type\":\"SearchAction\",\"target\":{\"@type\":\"EntryPoint\",\"urlTemplate\":\"https:\/\/fashiongold.lt\/lv\/?s={search_term_string}\"},\"query-input\":{\"@type\":\"PropertyValueSpecification\",\"valueRequired\":true,\"valueName\":\"search_term_string\"}}],\"inLanguage\":\"lv-LV\"},{\"@type\":\"Organization\",\"@id\":\"https:\/\/fashiongold.lt\/lv\/#organization\",\"name\":\"Topdiamonds Online\",\"url\":\"https:\/\/fashiongold.lt\/lv\/\",\"logo\":{\"@type\":\"ImageObject\",\"inLanguage\":\"lv-LV\",\"@id\":\"https:\/\/fashiongold.lt\/lv\/#\/schema\/logo\/image\/\",\"url\":\"https:\/\/fashiongold.lt\/wp-content\/uploads\/2025\/04\/cropped-fashion_gold_logotipas2-scaled-1.png\",\"contentUrl\":\"https:\/\/fashiongold.lt\/wp-content\/uploads\/2025\/04\/cropped-fashion_gold_logotipas2-scaled-1.png\",\"width\":2559,\"height\":421,\"caption\":\"Topdiamonds Online\"},\"image\":{\"@id\":\"https:\/\/fashiongold.lt\/lv\/#\/schema\/logo\/image\/\"}}]}<\/script>\n<!-- \/ Yoast SEO plugin. -->","yoast_head_json":{"title":"Gredzens ar dimantu - ROUND dimants","description":"\u0160is klasisk\u0101 dizaina gredzens ar dimantu ir s\u0101kumpunkts tavam person\u012bgajam rad\u012bjumam. \u013bauj ROUND dimantam atkl\u0101ties atbilsto\u0161i tavai est\u0113tiskajai v\u012bzijai.","robots":{"index":"index","follow":"follow","max-snippet":"max-snippet:-1","max-image-preview":"max-image-preview:large","max-video-preview":"max-video-preview:-1"},"canonical":"https:\/\/fashiongold.lt\/lv\/papuosalas\/gredzens-ar-dimantu-round-dimants\/","og_locale":"lv_LV","og_type":"article","og_title":"Gredzens ar dimantu - ROUND dimants","og_description":"\u0160is klasisk\u0101 dizaina gredzens ar dimantu ir s\u0101kumpunkts tavam person\u012bgajam rad\u012bjumam. \u013bauj ROUND dimantam atkl\u0101ties atbilsto\u0161i tavai est\u0113tiskajai v\u012bzijai.","og_url":"https:\/\/fashiongold.lt\/lv\/papuosalas\/gredzens-ar-dimantu-round-dimants\/","og_site_name":"FashionGold.lt","og_image":[{"width":800,"height":800,"url":"https:\/\/fashiongold.lt\/wp-content\/uploads\/2025\/05\/Klasikinis-suzadetuviu-ziedas-is-balto-aukso-arba-platinos-1.webp","type":"image\/png"}],"twitter_card":"summary_large_image","twitter_misc":{"Est. reading time":"1 minute"},"schema":{"@context":"https:\/\/schema.org","@graph":[{"@type":"WebPage","@id":"https:\/\/fashiongold.lt\/lv\/papuosalas\/gredzens-ar-dimantu-round-dimants\/","url":"https:\/\/fashiongold.lt\/lv\/papuosalas\/gredzens-ar-dimantu-round-dimants\/","name":"Gredzens ar dimantu - ROUND dimants","isPartOf":{"@id":"https:\/\/fashiongold.lt\/lv\/#website"},"primaryImageOfPage":{"@id":"https:\/\/fashiongold.lt\/lv\/papuosalas\/gredzens-ar-dimantu-round-dimants\/#primaryimage"},"image":{"@id":"https:\/\/fashiongold.lt\/lv\/papuosalas\/gredzens-ar-dimantu-round-dimants\/#primaryimage"},"thumbnailUrl":"https:\/\/fashiongold.lt\/wp-content\/uploads\/2025\/05\/Klasikinis-suzadetuviu-ziedas-is-balto-aukso-arba-platinos-1.png","datePublished":"2025-10-09T16:24:51+00:00","description":"\u0160is klasisk\u0101 dizaina gredzens ar dimantu ir s\u0101kumpunkts tavam person\u012bgajam rad\u012bjumam. \u013bauj ROUND dimantam atkl\u0101ties atbilsto\u0161i tavai est\u0113tiskajai v\u012bzijai.","breadcrumb":{"@id":"https:\/\/fashiongold.lt\/lv\/papuosalas\/gredzens-ar-dimantu-round-dimants\/#breadcrumb"},"inLanguage":"lv-LV","potentialAction":[{"@type":"ReadAction","target":["https:\/\/fashiongold.lt\/lv\/papuosalas\/gredzens-ar-dimantu-round-dimants\/"]}]},{"@type":"ImageObject","inLanguage":"lv-LV","@id":"https:\/\/fashiongold.lt\/lv\/papuosalas\/gredzens-ar-dimantu-round-dimants\/#primaryimage","url":"https:\/\/fashiongold.lt\/wp-content\/uploads\/2025\/05\/Klasikinis-suzadetuviu-ziedas-is-balto-aukso-arba-platinos-1.png","contentUrl":"https:\/\/fashiongold.lt\/wp-content\/uploads\/2025\/05\/Klasikinis-suzadetuviu-ziedas-is-balto-aukso-arba-platinos-1.png","width":800,"height":800,"caption":"Auksinis \u017eiedas su apvalios formos deimantu - round cut"},{"@type":"BreadcrumbList","@id":"https:\/\/fashiongold.lt\/lv\/papuosalas\/gredzens-ar-dimantu-round-dimants\/#breadcrumb","itemListElement":[{"@type":"ListItem","position":1,"name":"Home","item":"https:\/\/fashiongold.lt\/lv\/"},{"@type":"ListItem","position":2,"name":"Dimantu veikals Fashiongold.lt","item":"https:\/\/fashiongold.lt\/shop-2\/"},{"@type":"ListItem","position":3,"name":"Gredzens ar dimantu &#8211; ROUND dimants"}]},{"@type":"WebSite","@id":"https:\/\/fashiongold.lt\/lv\/#website","url":"https:\/\/fashiongold.lt\/lv\/","name":"Fashion Gold","description":"Juvelyrikos namai","publisher":{"@id":"https:\/\/fashiongold.lt\/lv\/#organization"},"potentialAction":[{"@type":"SearchAction","target":{"@type":"EntryPoint","urlTemplate":"https:\/\/fashiongold.lt\/lv\/?s={search_term_string}"},"query-input":{"@type":"PropertyValueSpecification","valueRequired":true,"valueName":"search_term_string"}}],"inLanguage":"lv-LV"},{"@type":"Organization","@id":"https:\/\/fashiongold.lt\/lv\/#organization","name":"Topdiamonds Online","url":"https:\/\/fashiongold.lt\/lv\/","logo":{"@type":"ImageObject","inLanguage":"lv-LV","@id":"https:\/\/fashiongold.lt\/lv\/#\/schema\/logo\/image\/","url":"https:\/\/fashiongold.lt\/wp-content\/uploads\/2025\/04\/cropped-fashion_gold_logotipas2-scaled-1.png","contentUrl":"https:\/\/fashiongold.lt\/wp-content\/uploads\/2025\/04\/cropped-fashion_gold_logotipas2-scaled-1.png","width":2559,"height":421,"caption":"Topdiamonds Online"},"image":{"@id":"https:\/\/fashiongold.lt\/lv\/#\/schema\/logo\/image\/"}}]}},"_links":{"self":[{"href":"https:\/\/fashiongold.lt\/lv\/wp-json\/wp\/v2\/product\/298184","targetHints":{"allow":["GET"]}}],"collection":[{"href":"https:\/\/fashiongold.lt\/lv\/wp-json\/wp\/v2\/product"}],"about":[{"href":"https:\/\/fashiongold.lt\/lv\/wp-json\/wp\/v2\/types\/product"}],"version-history":[{"count":0,"href":"https:\/\/fashiongold.lt\/lv\/wp-json\/wp\/v2\/product\/298184\/revisions"}],"wp:featuredmedia":[{"embeddable":true,"href":"https:\/\/fashiongold.lt\/lv\/wp-json\/wp\/v2\/media\/260515"}],"wp:attachment":[{"href":"https:\/\/fashiongold.lt\/lv\/wp-json\/wp\/v2\/media?parent=298184"}],"wp:term":[{"taxonomy":"product_brand","embeddable":true,"href":"https:\/\/fashiongold.lt\/lv\/wp-json\/wp\/v2\/product_brand?post=298184"},{"taxonomy":"product_cat","embeddable":true,"href":"https:\/\/fashiongold.lt\/lv\/wp-json\/wp\/v2\/product_cat?post=298184"},{"taxonomy":"product_tag","embeddable":true,"href":"https:\/\/fashiongold.lt\/lv\/wp-json\/wp\/v2\/product_tag?post=298184"}],"curies":[{"name":"wp","href":"https:\/\/api.w.org\/{rel}","templated":true}]}}