{"id":298219,"date":"2025-10-09T16:13:55","date_gmt":"2025-10-09T16:13:55","guid":{"rendered":"https:\/\/fashiongold.lt\/papuosalas\/gredzens-ar-dimantiem-0-09-ct-dimantu-joslina\/"},"modified":"2025-10-09T16:13:55","modified_gmt":"2025-10-09T16:13:55","slug":"gredzens-ar-dimantiem-0-09-ct-dimantu-joslina","status":"publish","type":"product","link":"https:\/\/fashiongold.lt\/lv\/papuosalas\/gredzens-ar-dimantiem-0-09-ct-dimantu-joslina\/","title":{"rendered":"Gredzens ar dimantiem &#8211; 0.09 ct dimantu josli\u0146a"},"content":{"rendered":"<p><span data-sheets-root=\"1\">Elegant\u0101 0,09 ct dimanta josli\u0146a ar r\u016bp\u012bgi iestr\u0101d\u0101tiem apa\u013ciem briljantiem. Klasisks dizains, kas simboliz\u0113 m\u016b\u017e\u012bgu m\u012blest\u012bbu un rafin\u0113tu mirdzumu \u2013 lieliska izv\u0113le k\u0101z\u0101m vai \u012bpa\u0161iem gad\u012bjumiem.<br \/>\nPagaminta Lietuv\u0101, iev\u0113rojot augst\u0101kos juvelierizstr\u0101d\u0101jumu ra\u017eo\u0161anas standartus. Gredzens var tikt izgatavots p\u0113c pas\u016bt\u012bjuma: par papildu samaksu ar augst\u0101kas kvalit\u0101tes dimantu vai dimantiem.<br \/>\n<\/span><\/p>\n<p><span data-sheets-root=\"1\"><br \/>\n<strong>\u2022 Gredzena met\u0101li:<\/strong> 14K (585 prove), 18K (750 prove), 900 plat\u012bns<br \/>\n<strong>\u2022 Gredzena kr\u0101sa:<\/strong> balta, sarkana, dzeltena<br \/>\n<strong>\u2022 Gredzena svars:<\/strong> (atkar\u012bgs no izm\u0113ra): aptuveni 3,00 &#8211; 3,50 g<br \/>\n<strong>\u2022 Gredzena izm\u0113ri:<\/strong> kro\u0146a platums aptuveni<br \/>\n<strong>\u2022 Gredzena komforta zona:<\/strong> ir<br \/>\n<strong>\u2022 Dimantu veidi:<\/strong> Laboratorij\u0101 audz\u0113ti dimanti vai dab\u012bgie dimanti<br \/>\n<strong>\u2022 Dimantu formas:<\/strong> Apa\u013ca forma (Round cut)<br \/>\n<strong>\u2022 Dimanta raksturojums:<\/strong> 1,00 ct dimants (kr\u0101sa E, dzidrums VVS2) (iesp\u0113jams main\u012bt)<br \/>\n<strong>\u2022 Sertifik\u0101ts:<\/strong> Lietuvas Prove\u0161anas pal\u0101ta (LPR), IGI sertifik\u0101ts<br \/>\n<strong>\u2022 Grav\u0113\u0161ana bez maksas<\/strong><br \/>\n<strong>\u2022 Vienreiz\u0113ja bezmaksas gredzena izm\u0113ra mai\u0146as garantija<\/strong><br \/>\n<strong>\u2022 Izgatavo\u0161anas un pieg\u0101des termi\u0146\u0161:<\/strong> no 14 darba dien\u0101m, steidzam\u012bbas k\u0101rt\u0101 7 d.d. laik\u0101<\/span><\/p>\n<p>&nbsp;<\/p>\n<p>Jums ir savs d\u0101rgakmens vai zelts? Sazinieties ar mums \u2013 m\u0113s p\u0101rr\u0113\u0137in\u0101sim cenu, un j\u016bs maks\u0101siet tikai par gredzenu izgatavo\u0161anu. Pie mums atrad\u012bsiet pla\u0161u saderin\u0101\u0161an\u0101s gredzenu izv\u0113li, kas atbilst da\u017e\u0101d\u0101m gaum\u0113m, bud\u017eetiem un personaliz\u0101cij\u0101m.<\/p>\n","protected":false},"excerpt":{"rendered":"<p><span data-sheets-root=\"1\">Eleganta dimantu st\u012bpi\u0146a, kas rot\u0101ta ar r\u016bp\u012bgi atlas\u012btiem apa\u013ciem briljantiem, radot mirdzuma un luksusa iespaidu. Klasiskais un laikam nepak\u013cautais dizains lieliski piem\u0113rots gan k\u0101 saderin\u0101\u0161an\u0101s vai laul\u012bbas gredzens, gan k\u0101 d\u0101vana \u012bpa\u0161am gad\u012bjumam. Nedaudz sa\u0161aurin\u0101t\u0101 st\u012bpi\u0146a nodro\u0161ina \u0113rtu ikdienas n\u0113s\u0101\u0161anu, savuk\u0101rt briljantu mirdzums simboliz\u0113 m\u012blest\u012bbas sp\u0113ku un m\u016b\u017e\u012bbu. \u0160is gredzens ir elegances, izsmalcin\u0101t\u012bbas un izcilas meistar\u012bbas apvienojums, kas piem\u0113rots gan minim\u0101lisma, gan luksusa stila cien\u012bt\u0101jiem.<\/span><\/p>\n","protected":false},"featured_media":34642,"template":"","meta":{"site-sidebar-layout":"default","site-content-layout":"","ast-site-content-layout":"default","site-content-style":"default","site-sidebar-style":"default","ast-global-header-display":"","ast-banner-title-visibility":"","ast-main-header-display":"","ast-hfb-above-header-display":"","ast-hfb-below-header-display":"","ast-hfb-mobile-header-display":"","site-post-title":"","ast-breadcrumbs-content":"","ast-featured-img":"","footer-sml-layout":"","ast-disable-related-posts":"","theme-transparent-header-meta":"default","adv-header-id-meta":"","stick-header-meta":"","header-above-stick-meta":"","header-main-stick-meta":"","header-below-stick-meta":"","astra-migrate-meta-layouts":"default","ast-page-background-enabled":"default","ast-page-background-meta":{"desktop":{"background-color":"var(--ast-global-color-4)","background-image":"","background-repeat":"repeat","background-position":"center center","background-size":"auto","background-attachment":"scroll","background-type":"","background-media":"","overlay-type":"","overlay-color":"","overlay-opacity":"","overlay-gradient":""},"tablet":{"background-color":"","background-image":"","background-repeat":"repeat","background-position":"center center","background-size":"auto","background-attachment":"scroll","background-type":"","background-media":"","overlay-type":"","overlay-color":"","overlay-opacity":"","overlay-gradient":""},"mobile":{"background-color":"","background-image":"","background-repeat":"repeat","background-position":"center center","background-size":"auto","background-attachment":"scroll","background-type":"","background-media":"","overlay-type":"","overlay-color":"","overlay-opacity":"","overlay-gradient":""}},"ast-content-background-meta":{"desktop":{"background-color":"var(--ast-global-color-5)","background-image":"","background-repeat":"repeat","background-position":"center center","background-size":"auto","background-attachment":"scroll","background-type":"","background-media":"","overlay-type":"","overlay-color":"","overlay-opacity":"","overlay-gradient":""},"tablet":{"background-color":"var(--ast-global-color-5)","background-image":"","background-repeat":"repeat","background-position":"center center","background-size":"auto","background-attachment":"scroll","background-type":"","background-media":"","overlay-type":"","overlay-color":"","overlay-opacity":"","overlay-gradient":""},"mobile":{"background-color":"var(--ast-global-color-5)","background-image":"","background-repeat":"repeat","background-position":"center center","background-size":"auto","background-attachment":"scroll","background-type":"","background-media":"","overlay-type":"","overlay-color":"","overlay-opacity":"","overlay-gradient":""}}},"product_brand":[],"product_cat":[3446],"product_tag":[],"class_list":{"0":"post-298219","1":"product","2":"type-product","3":"status-publish","4":"has-post-thumbnail","6":"product_cat-klasiskie-saderinasanas-gredzeni","7":"desktop-align-center","8":"tablet-align-left","9":"mobile-align-left","10":"ast-product-gallery-layout-horizontal-slider","11":"ast-product-gallery-with-no-image","12":"ast-product-single-variable","13":"ast-product-tabs-layout-accordion","14":"ast-qv-on-image","16":"first","17":"instock","18":"taxable","19":"shipping-taxable","20":"purchasable","21":"product-type-variable"},"yoast_head":"<!-- This site is optimized with the Yoast SEO plugin v26.6 - https:\/\/yoast.com\/wordpress\/plugins\/seo\/ -->\n<title>Gredzens ar dimantiem - 0.09 ct dimantu josla<\/title>\n<meta name=\"description\" content=\"Eleganta dimantu st\u012bpi\u0146a ar apa\u013ciem briljantiem. Nadlaic\u012bgs dizains, kas simboliz\u0113 m\u012blest\u012bbu, mirdzumu un izcilu izsmalcin\u0101t\u012bbu.\" \/>\n<meta name=\"robots\" content=\"index, follow, max-snippet:-1, max-image-preview:large, max-video-preview:-1\" \/>\n<link rel=\"canonical\" href=\"https:\/\/fashiongold.lt\/lv\/papuosalas\/gredzens-ar-dimantiem-0-09-ct-dimantu-joslina\/\" \/>\n<meta property=\"og:locale\" content=\"lv_LV\" \/>\n<meta property=\"og:type\" content=\"article\" \/>\n<meta property=\"og:title\" content=\"Gredzens ar dimantiem - 0.09 ct dimantu josla\" \/>\n<meta property=\"og:description\" content=\"Eleganta dimantu st\u012bpi\u0146a ar apa\u013ciem briljantiem. Nadlaic\u012bgs dizains, kas simboliz\u0113 m\u012blest\u012bbu, mirdzumu un izcilu izsmalcin\u0101t\u012bbu.\" \/>\n<meta property=\"og:url\" content=\"https:\/\/fashiongold.lt\/lv\/papuosalas\/gredzens-ar-dimantiem-0-09-ct-dimantu-joslina\/\" \/>\n<meta property=\"og:site_name\" content=\"FashionGold.lt\" \/>\n<meta property=\"og:image\" content=\"https:\/\/fashiongold.lt\/wp-content\/uploads\/2025\/10\/deimantine-juostele.webp\" \/>\n\t<meta property=\"og:image:width\" content=\"800\" \/>\n\t<meta property=\"og:image:height\" content=\"800\" \/>\n\t<meta property=\"og:image:type\" content=\"image\/jpeg\" \/>\n<meta name=\"twitter:card\" content=\"summary_large_image\" \/>\n<meta name=\"twitter:label1\" content=\"Est. reading time\" \/>\n\t<meta name=\"twitter:data1\" content=\"1 minute\" \/>\n<script type=\"application\/ld+json\" class=\"yoast-schema-graph\">{\"@context\":\"https:\/\/schema.org\",\"@graph\":[{\"@type\":\"WebPage\",\"@id\":\"https:\/\/fashiongold.lt\/lv\/papuosalas\/gredzens-ar-dimantiem-0-09-ct-dimantu-joslina\/\",\"url\":\"https:\/\/fashiongold.lt\/lv\/papuosalas\/gredzens-ar-dimantiem-0-09-ct-dimantu-joslina\/\",\"name\":\"Gredzens ar dimantiem - 0.09 ct dimantu josla\",\"isPartOf\":{\"@id\":\"https:\/\/fashiongold.lt\/lv\/#website\"},\"primaryImageOfPage\":{\"@id\":\"https:\/\/fashiongold.lt\/lv\/papuosalas\/gredzens-ar-dimantiem-0-09-ct-dimantu-joslina\/#primaryimage\"},\"image\":{\"@id\":\"https:\/\/fashiongold.lt\/lv\/papuosalas\/gredzens-ar-dimantiem-0-09-ct-dimantu-joslina\/#primaryimage\"},\"thumbnailUrl\":\"https:\/\/fashiongold.lt\/wp-content\/uploads\/2025\/10\/deimantine-juostele.jpg\",\"datePublished\":\"2025-10-09T16:13:55+00:00\",\"description\":\"Eleganta dimantu st\u012bpi\u0146a ar apa\u013ciem briljantiem. Nadlaic\u012bgs dizains, kas simboliz\u0113 m\u012blest\u012bbu, mirdzumu un izcilu izsmalcin\u0101t\u012bbu.\",\"breadcrumb\":{\"@id\":\"https:\/\/fashiongold.lt\/lv\/papuosalas\/gredzens-ar-dimantiem-0-09-ct-dimantu-joslina\/#breadcrumb\"},\"inLanguage\":\"lv-LV\",\"potentialAction\":[{\"@type\":\"ReadAction\",\"target\":[\"https:\/\/fashiongold.lt\/lv\/papuosalas\/gredzens-ar-dimantiem-0-09-ct-dimantu-joslina\/\"]}]},{\"@type\":\"ImageObject\",\"inLanguage\":\"lv-LV\",\"@id\":\"https:\/\/fashiongold.lt\/lv\/papuosalas\/gredzens-ar-dimantiem-0-09-ct-dimantu-joslina\/#primaryimage\",\"url\":\"https:\/\/fashiongold.lt\/wp-content\/uploads\/2025\/10\/deimantine-juostele.jpg\",\"contentUrl\":\"https:\/\/fashiongold.lt\/wp-content\/uploads\/2025\/10\/deimantine-juostele.jpg\",\"width\":800,\"height\":800},{\"@type\":\"BreadcrumbList\",\"@id\":\"https:\/\/fashiongold.lt\/lv\/papuosalas\/gredzens-ar-dimantiem-0-09-ct-dimantu-joslina\/#breadcrumb\",\"itemListElement\":[{\"@type\":\"ListItem\",\"position\":1,\"name\":\"Home\",\"item\":\"https:\/\/fashiongold.lt\/lv\/\"},{\"@type\":\"ListItem\",\"position\":2,\"name\":\"Dimantu veikals Fashiongold.lt\",\"item\":\"https:\/\/fashiongold.lt\/shop-2\/\"},{\"@type\":\"ListItem\",\"position\":3,\"name\":\"Gredzens ar dimantiem &#8211; 0.09 ct dimantu josli\u0146a\"}]},{\"@type\":\"WebSite\",\"@id\":\"https:\/\/fashiongold.lt\/lv\/#website\",\"url\":\"https:\/\/fashiongold.lt\/lv\/\",\"name\":\"Fashion Gold\",\"description\":\"Juvelyrikos namai\",\"publisher\":{\"@id\":\"https:\/\/fashiongold.lt\/lv\/#organization\"},\"potentialAction\":[{\"@type\":\"SearchAction\",\"target\":{\"@type\":\"EntryPoint\",\"urlTemplate\":\"https:\/\/fashiongold.lt\/lv\/?s={search_term_string}\"},\"query-input\":{\"@type\":\"PropertyValueSpecification\",\"valueRequired\":true,\"valueName\":\"search_term_string\"}}],\"inLanguage\":\"lv-LV\"},{\"@type\":\"Organization\",\"@id\":\"https:\/\/fashiongold.lt\/lv\/#organization\",\"name\":\"Topdiamonds Online\",\"url\":\"https:\/\/fashiongold.lt\/lv\/\",\"logo\":{\"@type\":\"ImageObject\",\"inLanguage\":\"lv-LV\",\"@id\":\"https:\/\/fashiongold.lt\/lv\/#\/schema\/logo\/image\/\",\"url\":\"https:\/\/fashiongold.lt\/wp-content\/uploads\/2025\/04\/cropped-fashion_gold_logotipas2-scaled-1.png\",\"contentUrl\":\"https:\/\/fashiongold.lt\/wp-content\/uploads\/2025\/04\/cropped-fashion_gold_logotipas2-scaled-1.png\",\"width\":2559,\"height\":421,\"caption\":\"Topdiamonds Online\"},\"image\":{\"@id\":\"https:\/\/fashiongold.lt\/lv\/#\/schema\/logo\/image\/\"}}]}<\/script>\n<!-- \/ Yoast SEO plugin. -->","yoast_head_json":{"title":"Gredzens ar dimantiem - 0.09 ct dimantu josla","description":"Eleganta dimantu st\u012bpi\u0146a ar apa\u013ciem briljantiem. Nadlaic\u012bgs dizains, kas simboliz\u0113 m\u012blest\u012bbu, mirdzumu un izcilu izsmalcin\u0101t\u012bbu.","robots":{"index":"index","follow":"follow","max-snippet":"max-snippet:-1","max-image-preview":"max-image-preview:large","max-video-preview":"max-video-preview:-1"},"canonical":"https:\/\/fashiongold.lt\/lv\/papuosalas\/gredzens-ar-dimantiem-0-09-ct-dimantu-joslina\/","og_locale":"lv_LV","og_type":"article","og_title":"Gredzens ar dimantiem - 0.09 ct dimantu josla","og_description":"Eleganta dimantu st\u012bpi\u0146a ar apa\u013ciem briljantiem. Nadlaic\u012bgs dizains, kas simboliz\u0113 m\u012blest\u012bbu, mirdzumu un izcilu izsmalcin\u0101t\u012bbu.","og_url":"https:\/\/fashiongold.lt\/lv\/papuosalas\/gredzens-ar-dimantiem-0-09-ct-dimantu-joslina\/","og_site_name":"FashionGold.lt","og_image":[{"width":800,"height":800,"url":"https:\/\/fashiongold.lt\/wp-content\/uploads\/2025\/10\/deimantine-juostele.webp","type":"image\/jpeg"}],"twitter_card":"summary_large_image","twitter_misc":{"Est. reading time":"1 minute"},"schema":{"@context":"https:\/\/schema.org","@graph":[{"@type":"WebPage","@id":"https:\/\/fashiongold.lt\/lv\/papuosalas\/gredzens-ar-dimantiem-0-09-ct-dimantu-joslina\/","url":"https:\/\/fashiongold.lt\/lv\/papuosalas\/gredzens-ar-dimantiem-0-09-ct-dimantu-joslina\/","name":"Gredzens ar dimantiem - 0.09 ct dimantu josla","isPartOf":{"@id":"https:\/\/fashiongold.lt\/lv\/#website"},"primaryImageOfPage":{"@id":"https:\/\/fashiongold.lt\/lv\/papuosalas\/gredzens-ar-dimantiem-0-09-ct-dimantu-joslina\/#primaryimage"},"image":{"@id":"https:\/\/fashiongold.lt\/lv\/papuosalas\/gredzens-ar-dimantiem-0-09-ct-dimantu-joslina\/#primaryimage"},"thumbnailUrl":"https:\/\/fashiongold.lt\/wp-content\/uploads\/2025\/10\/deimantine-juostele.jpg","datePublished":"2025-10-09T16:13:55+00:00","description":"Eleganta dimantu st\u012bpi\u0146a ar apa\u013ciem briljantiem. Nadlaic\u012bgs dizains, kas simboliz\u0113 m\u012blest\u012bbu, mirdzumu un izcilu izsmalcin\u0101t\u012bbu.","breadcrumb":{"@id":"https:\/\/fashiongold.lt\/lv\/papuosalas\/gredzens-ar-dimantiem-0-09-ct-dimantu-joslina\/#breadcrumb"},"inLanguage":"lv-LV","potentialAction":[{"@type":"ReadAction","target":["https:\/\/fashiongold.lt\/lv\/papuosalas\/gredzens-ar-dimantiem-0-09-ct-dimantu-joslina\/"]}]},{"@type":"ImageObject","inLanguage":"lv-LV","@id":"https:\/\/fashiongold.lt\/lv\/papuosalas\/gredzens-ar-dimantiem-0-09-ct-dimantu-joslina\/#primaryimage","url":"https:\/\/fashiongold.lt\/wp-content\/uploads\/2025\/10\/deimantine-juostele.jpg","contentUrl":"https:\/\/fashiongold.lt\/wp-content\/uploads\/2025\/10\/deimantine-juostele.jpg","width":800,"height":800},{"@type":"BreadcrumbList","@id":"https:\/\/fashiongold.lt\/lv\/papuosalas\/gredzens-ar-dimantiem-0-09-ct-dimantu-joslina\/#breadcrumb","itemListElement":[{"@type":"ListItem","position":1,"name":"Home","item":"https:\/\/fashiongold.lt\/lv\/"},{"@type":"ListItem","position":2,"name":"Dimantu veikals Fashiongold.lt","item":"https:\/\/fashiongold.lt\/shop-2\/"},{"@type":"ListItem","position":3,"name":"Gredzens ar dimantiem &#8211; 0.09 ct dimantu josli\u0146a"}]},{"@type":"WebSite","@id":"https:\/\/fashiongold.lt\/lv\/#website","url":"https:\/\/fashiongold.lt\/lv\/","name":"Fashion Gold","description":"Juvelyrikos namai","publisher":{"@id":"https:\/\/fashiongold.lt\/lv\/#organization"},"potentialAction":[{"@type":"SearchAction","target":{"@type":"EntryPoint","urlTemplate":"https:\/\/fashiongold.lt\/lv\/?s={search_term_string}"},"query-input":{"@type":"PropertyValueSpecification","valueRequired":true,"valueName":"search_term_string"}}],"inLanguage":"lv-LV"},{"@type":"Organization","@id":"https:\/\/fashiongold.lt\/lv\/#organization","name":"Topdiamonds Online","url":"https:\/\/fashiongold.lt\/lv\/","logo":{"@type":"ImageObject","inLanguage":"lv-LV","@id":"https:\/\/fashiongold.lt\/lv\/#\/schema\/logo\/image\/","url":"https:\/\/fashiongold.lt\/wp-content\/uploads\/2025\/04\/cropped-fashion_gold_logotipas2-scaled-1.png","contentUrl":"https:\/\/fashiongold.lt\/wp-content\/uploads\/2025\/04\/cropped-fashion_gold_logotipas2-scaled-1.png","width":2559,"height":421,"caption":"Topdiamonds Online"},"image":{"@id":"https:\/\/fashiongold.lt\/lv\/#\/schema\/logo\/image\/"}}]}},"_links":{"self":[{"href":"https:\/\/fashiongold.lt\/lv\/wp-json\/wp\/v2\/product\/298219","targetHints":{"allow":["GET"]}}],"collection":[{"href":"https:\/\/fashiongold.lt\/lv\/wp-json\/wp\/v2\/product"}],"about":[{"href":"https:\/\/fashiongold.lt\/lv\/wp-json\/wp\/v2\/types\/product"}],"version-history":[{"count":0,"href":"https:\/\/fashiongold.lt\/lv\/wp-json\/wp\/v2\/product\/298219\/revisions"}],"wp:featuredmedia":[{"embeddable":true,"href":"https:\/\/fashiongold.lt\/lv\/wp-json\/wp\/v2\/media\/34642"}],"wp:attachment":[{"href":"https:\/\/fashiongold.lt\/lv\/wp-json\/wp\/v2\/media?parent=298219"}],"wp:term":[{"taxonomy":"product_brand","embeddable":true,"href":"https:\/\/fashiongold.lt\/lv\/wp-json\/wp\/v2\/product_brand?post=298219"},{"taxonomy":"product_cat","embeddable":true,"href":"https:\/\/fashiongold.lt\/lv\/wp-json\/wp\/v2\/product_cat?post=298219"},{"taxonomy":"product_tag","embeddable":true,"href":"https:\/\/fashiongold.lt\/lv\/wp-json\/wp\/v2\/product_tag?post=298219"}],"curies":[{"name":"wp","href":"https:\/\/api.w.org\/{rel}","templated":true}]}}