{"id":298429,"date":"2025-08-06T11:55:50","date_gmt":"2025-08-06T11:55:50","guid":{"rendered":"https:\/\/fashiongold.lt\/papuosalas\/aproce-ar-dimantiem-round-3-00-ct\/"},"modified":"2026-02-22T15:43:45","modified_gmt":"2026-02-22T15:43:45","slug":"aproce-ar-dimantiem-round-3-00-ct","status":"publish","type":"product","link":"https:\/\/fashiongold.lt\/lv\/rotaslieta\/aproce-ar-dimantiem-round-3-00-ct\/","title":{"rendered":"Aproce ar dimantiem &#8211; Round (3.00 ct)"},"content":{"rendered":"<p>Izgatavota saska\u0146\u0101 ar augst\u0101kajiem juvelierizstr\u0101d\u0101jumu meistardarba standartiem. Aproce var tikt izgatavota individu\u0101li p\u0113c pas\u016bt\u012bjuma \u2013 izv\u0113loties augst\u0101kas kvalit\u0101tes dimantus par papildu samaksu.<\/p>\n<p>&nbsp;<\/p>\n<p><span data-sheets-root=\"1\">\u2022 <a href=\"https:\/\/fashiongold.lt\/lv\/patarimai-lv\/zelta-prove-rokasspradzei-ar-dimantiem-ka-izveleties-piemerotako\/\" target=\"_blank\" rel=\"noopener\"><strong>C\u0113lmet\u0101li<\/strong><\/a>: 14K (585. prove), 18K (750. prove), 900 plat\u012bns<br \/>\n\u2022 <a href=\"https:\/\/fashiongold.lt\/lv\/patarimai-lv\/rokasspradzes-un-zelta-krasa-kuru-izveleties-balto-sarkano-vai-dzelteno-zeltu\/\" target=\"_blank\" rel=\"noopener\"><strong>Iesp\u0113jam\u0101 zelta kr\u0101sa<\/strong><\/a>: balta, sarkana, dzeltena<br \/>\n\u2022 <a href=\"https:\/\/fashiongold.lt\/lv\/patarimai-lv\/aproce-ar-dimantiem-kvalitate-svars-garums-prove-zelta-krasa\/\" target=\"_blank\" rel=\"noopener\"><strong>Kop\u0113jais zelta svars<\/strong><\/a> (atkar\u012bb\u0101 no aproces garuma): aptuveni 8.50 g<br \/>\n\u2022 <a href=\"https:\/\/fashiongold.lt\/lv\/patarimai-lv\/aproce-ar-dimantiem-ka-pareizi-izveleties-garumu\/\" target=\"_blank\" rel=\"noopener\"><strong>Aproces garums<\/strong><\/a> (p\u0113c izv\u0113les): 17 cm, 18 cm, 19 cm, 20 cm, 21 cm, 22 cm<br \/>\n\u2022 <a href=\"https:\/\/fashiongold.lt\/lv\/category\/uzzini-vairak-par-dimanta-formu\/\" target=\"_blank\" rel=\"noopener\"><strong>Dimantu sl\u012bp\u0113jums un forma<\/strong><\/a>: Apa\u013ca forma (<em>Round cut<\/em>)<br \/>\n\u2022 <strong><a href=\"https:\/\/fashiongold.lt\/lv\/patarimai-lv\/dimants-ka-tiek-verteta-vertigaka-dargakmens-grezniba\/\" target=\"_blank\" rel=\"noopener\">Dimantu svars un raksturojums<\/a><\/strong> (iesp\u0113jams main\u012bt):<br \/>\nLaboratorij\u0101 audz\u0113ti dimanti: aptuveni 0.05 ct (kr\u0101sa D-E, dzidrums VVS)<br \/>\nDab\u012bgie dimanti: aptuveni 0.05 ct (kr\u0101sa G-I, dzidrums SI)<br \/>\nKop\u0113jais dimantu svars (atkar\u012bb\u0101 no aproces garuma): aptuveni 3.00 ct<br \/>\n\u2022 Bezmaksas <a href=\"https:\/\/fashiongold.lt\/lv\/patarimai-lv\/saderinasanas-gredzeni-vai-gredzenu-var-iegravet-detalas-kas-pieskir-jusu-saderinasanas-gredzenam-individualitati\/\" target=\"_blank\" rel=\"noopener\"><strong>grav\u0113\u0161ana<\/strong><\/a><br \/>\n\u2022 Vienreiz\u0113ja <a href=\"https:\/\/fashiongold.lt\/lv\/patarimai-lv\/bezmaksas-rokasspradzes-garuma-maina-rotaslietam-kas-iegadatas-fashiongold-lt\/\" target=\"_blank\" rel=\"noopener\"><strong>aproces garuma mai\u0146as garantija<\/strong><\/a> bez maksas (atbilsto\u0161i iesp\u0113j\u0101m)<br \/>\n\u2022 <a href=\"https:\/\/fashiongold.lt\/lv\/piegade-un-atgriesana\/\" target=\"_blank\" rel=\"noopener\"><strong>Izgatavo\u0161ana un pieg\u0101de<\/strong><\/a>: no 14 darba dien\u0101m, steidzam\u012bbas k\u0101rt\u0101 7 d.d. laik\u0101.<\/span><\/p>\n<p>&nbsp;<\/p>\n<p>Vai jums ir savs d\u0101rgakmens vai zelts? Apr\u0113\u0137in\u0101sim jaunu cenu, un j\u016bs maks\u0101siet tikai par izgatavo\u0161anas darbu. V\u0113laties piel\u0101got dimanta \u012bpa\u0161\u012bbas savai v\u012bzijai? <strong><a href=\"https:\/\/fashiongold.lt\/lv\/kontakti\/\" target=\"_blank\" rel=\"noopener\">Sazinieties ar mums<\/a><\/strong> \u2013 pal\u012bdz\u0113sim \u012bstenot j\u016bsu ideju.<br data-start=\"194\" data-end=\"197\" \/>Atkl\u0101jiet ekskluz\u012bvu juvelierizstr\u0101d\u0101jumu ar dimantiem kolekciju, kas atbilst da\u017e\u0101diem stiliem un bud\u017eetiem. Izveidojiet un personaliz\u0113jiet savu rotaslietu kop\u0101 ar <a href=\"https:\/\/fashiongold.lt\/lv\/\" target=\"_blank\" rel=\"noopener\">FashionGold.lt<\/a>.<\/p>\n","protected":false},"excerpt":{"rendered":"<h2 data-start=\"2745\" data-end=\"2823\">Aproce ar dimantiem \u2013 klasisks dizains, kas nekad nenoveco<\/h2>\n<p data-start=\"2825\" data-end=\"3102\">\u0160\u012b 3.00 ct aproce ar dimantiem mirdz ar tik \u012bpa\u0161u gaismas dzi\u013cuma efektu, kas rakstur\u012bgs tikai <em>Round<\/em> sl\u012bp\u0113juma akme\u0146iem. Katrs akmens \u0161eit ir prec\u012bzi un vienm\u0113r\u012bgi izvietots, lai saglab\u0101tu simetriju un viendab\u012bgu mirdzumu. Tas ir m\u0101kslas darbs, kas atspogu\u013co m\u016b\u017e\u012bgu eleganci un sievi\u0161\u0137\u012bgu p\u0101rliec\u012bbu.<\/p>\n<h3 data-start=\"3104\" data-end=\"3174\">Apa\u013cas formas dimanti \u2013 piln\u012bbas standarts juvelierizstr\u0101d\u0101jumos<\/h3>\n<p data-start=\"3176\" data-end=\"3425\">\u0160\u012b aproce ir rad\u012bta t\u0101, lai ne tikai greznotu, bet ar\u012b dabiski piegul\u0113tu plaukstas loc\u012btavai. Gaisma, p\u0101rvietojoties caur akme\u0146u \u0161\u0137autn\u0113m, rada hipnotiz\u0113jo\u0161u mirdzumu. \u0160\u012b rota ir lieliska izv\u0113le svin\u012bgiem gad\u012bjumiem vai k\u0101 simbols, kas pavada visu m\u016b\u017eu.<\/p>\n","protected":false},"featured_media":260432,"template":"","meta":{"site-sidebar-layout":"default","site-content-layout":"","ast-site-content-layout":"default","site-content-style":"default","site-sidebar-style":"default","ast-global-header-display":"","ast-banner-title-visibility":"","ast-main-header-display":"","ast-hfb-above-header-display":"","ast-hfb-below-header-display":"","ast-hfb-mobile-header-display":"","site-post-title":"","ast-breadcrumbs-content":"","ast-featured-img":"","footer-sml-layout":"","ast-disable-related-posts":"","theme-transparent-header-meta":"default","adv-header-id-meta":"","stick-header-meta":"","header-above-stick-meta":"","header-main-stick-meta":"","header-below-stick-meta":"","astra-migrate-meta-layouts":"default","ast-page-background-enabled":"default","ast-page-background-meta":{"desktop":{"background-color":"var(--ast-global-color-4)","background-image":"","background-repeat":"repeat","background-position":"center center","background-size":"auto","background-attachment":"scroll","background-type":"","background-media":"","overlay-type":"","overlay-color":"","overlay-opacity":"","overlay-gradient":""},"tablet":{"background-color":"","background-image":"","background-repeat":"repeat","background-position":"center center","background-size":"auto","background-attachment":"scroll","background-type":"","background-media":"","overlay-type":"","overlay-color":"","overlay-opacity":"","overlay-gradient":""},"mobile":{"background-color":"","background-image":"","background-repeat":"repeat","background-position":"center center","background-size":"auto","background-attachment":"scroll","background-type":"","background-media":"","overlay-type":"","overlay-color":"","overlay-opacity":"","overlay-gradient":""}},"ast-content-background-meta":{"desktop":{"background-color":"var(--ast-global-color-5)","background-image":"","background-repeat":"repeat","background-position":"center center","background-size":"auto","background-attachment":"scroll","background-type":"","background-media":"","overlay-type":"","overlay-color":"","overlay-opacity":"","overlay-gradient":""},"tablet":{"background-color":"var(--ast-global-color-5)","background-image":"","background-repeat":"repeat","background-position":"center center","background-size":"auto","background-attachment":"scroll","background-type":"","background-media":"","overlay-type":"","overlay-color":"","overlay-opacity":"","overlay-gradient":""},"mobile":{"background-color":"var(--ast-global-color-5)","background-image":"","background-repeat":"repeat","background-position":"center center","background-size":"auto","background-attachment":"scroll","background-type":"","background-media":"","overlay-type":"","overlay-color":"","overlay-opacity":"","overlay-gradient":""}}},"product_brand":[],"product_cat":[3789,4022,2919,2933,2922,2932,2931,2918],"product_tag":[],"class_list":{"0":"post-298429","1":"product","2":"type-product","3":"status-publish","4":"has-post-thumbnail","6":"product_cat-aproces-ar-dimantiem","7":"product_cat-aproces-ar-dimantiem-laboratorijas","8":"product_cat-baltzelta-rotaslietas","9":"product_cat-davanu-idejas","10":"product_cat-mates-dienas-davanas","11":"product_cat-rotaslietas-sievietem","12":"product_cat-rotaslietas-viriesiem","13":"product_cat-ziemassvetku-davanas","14":"desktop-align-center","15":"tablet-align-left","16":"mobile-align-left","17":"ast-product-gallery-layout-horizontal-slider","18":"ast-product-single-variable","19":"ast-product-tabs-layout-accordion","20":"ast-qv-on-image","22":"first","23":"instock","24":"taxable","25":"shipping-taxable","26":"purchasable","27":"product-type-variable"},"yoast_head":"<!-- This site is optimized with the Yoast SEO plugin v26.6 - https:\/\/yoast.com\/wordpress\/plugins\/seo\/ -->\n<title>Aproce ar dimantiem - Round (3.00 ct)<\/title>\n<meta name=\"description\" content=\"3,00 ct dimantu aproce, kur\u0101 mirdz apa\u013ca (Round) sl\u012bp\u0113juma akme\u0146i. Klasiskas formas luksusa izstr\u0101d\u0101jums, kas rad\u012bts, lai mirdz\u0113tu \u012bpa\u0161os br\u012b\u017eos.\" \/>\n<meta name=\"robots\" content=\"index, follow, max-snippet:-1, max-image-preview:large, max-video-preview:-1\" \/>\n<link rel=\"canonical\" href=\"https:\/\/fashiongold.lt\/lv\/rotaslieta\/aproce-ar-dimantiem-round-3-00-ct\/\" \/>\n<meta property=\"og:locale\" content=\"lv_LV\" \/>\n<meta property=\"og:type\" content=\"article\" \/>\n<meta property=\"og:title\" content=\"Aproce ar dimantiem - Round (3.00 ct)\" \/>\n<meta property=\"og:description\" content=\"3,00 ct dimantu aproce, kur\u0101 mirdz apa\u013ca (Round) sl\u012bp\u0113juma akme\u0146i. Klasiskas formas luksusa izstr\u0101d\u0101jums, kas rad\u012bts, lai mirdz\u0113tu \u012bpa\u0161os br\u012b\u017eos.\" \/>\n<meta property=\"og:url\" content=\"https:\/\/fashiongold.lt\/lv\/rotaslieta\/aproce-ar-dimantiem-round-3-00-ct\/\" \/>\n<meta property=\"og:site_name\" content=\"FashionGold.lt\" \/>\n<meta property=\"article:modified_time\" content=\"2026-02-22T15:43:45+00:00\" \/>\n<meta property=\"og:image\" content=\"https:\/\/fashiongold.lt\/wp-content\/uploads\/2025\/05\/Apyranke-su-apvaliais-deimantais-is-balto-aukso-arba-platinos.webp\" \/>\n\t<meta property=\"og:image:width\" content=\"800\" \/>\n\t<meta property=\"og:image:height\" content=\"800\" \/>\n\t<meta property=\"og:image:type\" content=\"image\/png\" \/>\n<meta name=\"twitter:card\" content=\"summary_large_image\" \/>\n<meta name=\"twitter:label1\" content=\"Est. reading time\" \/>\n\t<meta name=\"twitter:data1\" content=\"1 minute\" \/>\n<script type=\"application\/ld+json\" class=\"yoast-schema-graph\">{\"@context\":\"https:\/\/schema.org\",\"@graph\":[{\"@type\":\"WebPage\",\"@id\":\"https:\/\/fashiongold.lt\/lv\/rotaslieta\/aproce-ar-dimantiem-round-3-00-ct\/\",\"url\":\"https:\/\/fashiongold.lt\/lv\/rotaslieta\/aproce-ar-dimantiem-round-3-00-ct\/\",\"name\":\"Aproce ar dimantiem - Round (3.00 ct)\",\"isPartOf\":{\"@id\":\"https:\/\/fashiongold.lt\/lv\/#website\"},\"primaryImageOfPage\":{\"@id\":\"https:\/\/fashiongold.lt\/lv\/rotaslieta\/aproce-ar-dimantiem-round-3-00-ct\/#primaryimage\"},\"image\":{\"@id\":\"https:\/\/fashiongold.lt\/lv\/rotaslieta\/aproce-ar-dimantiem-round-3-00-ct\/#primaryimage\"},\"thumbnailUrl\":\"https:\/\/fashiongold.lt\/wp-content\/uploads\/2025\/05\/Apyranke-su-apvaliais-deimantais-is-balto-aukso-arba-platinos.png\",\"datePublished\":\"2025-08-06T11:55:50+00:00\",\"dateModified\":\"2026-02-22T15:43:45+00:00\",\"description\":\"3,00 ct dimantu aproce, kur\u0101 mirdz apa\u013ca (Round) sl\u012bp\u0113juma akme\u0146i. Klasiskas formas luksusa izstr\u0101d\u0101jums, kas rad\u012bts, lai mirdz\u0113tu \u012bpa\u0161os br\u012b\u017eos.\",\"breadcrumb\":{\"@id\":\"https:\/\/fashiongold.lt\/lv\/rotaslieta\/aproce-ar-dimantiem-round-3-00-ct\/#breadcrumb\"},\"inLanguage\":\"lv-LV\",\"potentialAction\":[{\"@type\":\"ReadAction\",\"target\":[\"https:\/\/fashiongold.lt\/lv\/rotaslieta\/aproce-ar-dimantiem-round-3-00-ct\/\"]}]},{\"@type\":\"ImageObject\",\"inLanguage\":\"lv-LV\",\"@id\":\"https:\/\/fashiongold.lt\/lv\/rotaslieta\/aproce-ar-dimantiem-round-3-00-ct\/#primaryimage\",\"url\":\"https:\/\/fashiongold.lt\/wp-content\/uploads\/2025\/05\/Apyranke-su-apvaliais-deimantais-is-balto-aukso-arba-platinos.png\",\"contentUrl\":\"https:\/\/fashiongold.lt\/wp-content\/uploads\/2025\/05\/Apyranke-su-apvaliais-deimantais-is-balto-aukso-arba-platinos.png\",\"width\":800,\"height\":800,\"caption\":\"Apyrank\u0117 su apvaliais deimantais i\u0161 balto aukso arba platinos\"},{\"@type\":\"BreadcrumbList\",\"@id\":\"https:\/\/fashiongold.lt\/lv\/rotaslieta\/aproce-ar-dimantiem-round-3-00-ct\/#breadcrumb\",\"itemListElement\":[{\"@type\":\"ListItem\",\"position\":1,\"name\":\"Home\",\"item\":\"https:\/\/fashiongold.lt\/lv\/\"},{\"@type\":\"ListItem\",\"position\":2,\"name\":\"Dimantu veikals Fashiongold.lt\",\"item\":\"https:\/\/fashiongold.lt\/shop-2\/\"},{\"@type\":\"ListItem\",\"position\":3,\"name\":\"Aproce ar dimantiem &#8211; Round (3.00 ct)\"}]},{\"@type\":\"WebSite\",\"@id\":\"https:\/\/fashiongold.lt\/lv\/#website\",\"url\":\"https:\/\/fashiongold.lt\/lv\/\",\"name\":\"Fashion Gold\",\"description\":\"Juvelierizstr\u0101d\u0101jumu nams\",\"publisher\":{\"@id\":\"https:\/\/fashiongold.lt\/lv\/#organization\"},\"potentialAction\":[{\"@type\":\"SearchAction\",\"target\":{\"@type\":\"EntryPoint\",\"urlTemplate\":\"https:\/\/fashiongold.lt\/lv\/?s={search_term_string}\"},\"query-input\":{\"@type\":\"PropertyValueSpecification\",\"valueRequired\":true,\"valueName\":\"search_term_string\"}}],\"inLanguage\":\"lv-LV\"},{\"@type\":\"Organization\",\"@id\":\"https:\/\/fashiongold.lt\/lv\/#organization\",\"name\":\"Topdiamonds Online\",\"url\":\"https:\/\/fashiongold.lt\/lv\/\",\"logo\":{\"@type\":\"ImageObject\",\"inLanguage\":\"lv-LV\",\"@id\":\"https:\/\/fashiongold.lt\/lv\/#\/schema\/logo\/image\/\",\"url\":\"https:\/\/fashiongold.lt\/wp-content\/uploads\/2025\/04\/cropped-fashion_gold_logotipas2-scaled-1.png\",\"contentUrl\":\"https:\/\/fashiongold.lt\/wp-content\/uploads\/2025\/04\/cropped-fashion_gold_logotipas2-scaled-1.png\",\"width\":2559,\"height\":421,\"caption\":\"Topdiamonds Online\"},\"image\":{\"@id\":\"https:\/\/fashiongold.lt\/lv\/#\/schema\/logo\/image\/\"}}]}<\/script>\n<!-- \/ Yoast SEO plugin. -->","yoast_head_json":{"title":"Aproce ar dimantiem - Round (3.00 ct)","description":"3,00 ct dimantu aproce, kur\u0101 mirdz apa\u013ca (Round) sl\u012bp\u0113juma akme\u0146i. Klasiskas formas luksusa izstr\u0101d\u0101jums, kas rad\u012bts, lai mirdz\u0113tu \u012bpa\u0161os br\u012b\u017eos.","robots":{"index":"index","follow":"follow","max-snippet":"max-snippet:-1","max-image-preview":"max-image-preview:large","max-video-preview":"max-video-preview:-1"},"canonical":"https:\/\/fashiongold.lt\/lv\/rotaslieta\/aproce-ar-dimantiem-round-3-00-ct\/","og_locale":"lv_LV","og_type":"article","og_title":"Aproce ar dimantiem - Round (3.00 ct)","og_description":"3,00 ct dimantu aproce, kur\u0101 mirdz apa\u013ca (Round) sl\u012bp\u0113juma akme\u0146i. Klasiskas formas luksusa izstr\u0101d\u0101jums, kas rad\u012bts, lai mirdz\u0113tu \u012bpa\u0161os br\u012b\u017eos.","og_url":"https:\/\/fashiongold.lt\/lv\/rotaslieta\/aproce-ar-dimantiem-round-3-00-ct\/","og_site_name":"FashionGold.lt","article_modified_time":"2026-02-22T15:43:45+00:00","og_image":[{"width":800,"height":800,"url":"https:\/\/fashiongold.lt\/wp-content\/uploads\/2025\/05\/Apyranke-su-apvaliais-deimantais-is-balto-aukso-arba-platinos.webp","type":"image\/png"}],"twitter_card":"summary_large_image","twitter_misc":{"Est. reading time":"1 minute"},"schema":{"@context":"https:\/\/schema.org","@graph":[{"@type":"WebPage","@id":"https:\/\/fashiongold.lt\/lv\/rotaslieta\/aproce-ar-dimantiem-round-3-00-ct\/","url":"https:\/\/fashiongold.lt\/lv\/rotaslieta\/aproce-ar-dimantiem-round-3-00-ct\/","name":"Aproce ar dimantiem - Round (3.00 ct)","isPartOf":{"@id":"https:\/\/fashiongold.lt\/lv\/#website"},"primaryImageOfPage":{"@id":"https:\/\/fashiongold.lt\/lv\/rotaslieta\/aproce-ar-dimantiem-round-3-00-ct\/#primaryimage"},"image":{"@id":"https:\/\/fashiongold.lt\/lv\/rotaslieta\/aproce-ar-dimantiem-round-3-00-ct\/#primaryimage"},"thumbnailUrl":"https:\/\/fashiongold.lt\/wp-content\/uploads\/2025\/05\/Apyranke-su-apvaliais-deimantais-is-balto-aukso-arba-platinos.png","datePublished":"2025-08-06T11:55:50+00:00","dateModified":"2026-02-22T15:43:45+00:00","description":"3,00 ct dimantu aproce, kur\u0101 mirdz apa\u013ca (Round) sl\u012bp\u0113juma akme\u0146i. Klasiskas formas luksusa izstr\u0101d\u0101jums, kas rad\u012bts, lai mirdz\u0113tu \u012bpa\u0161os br\u012b\u017eos.","breadcrumb":{"@id":"https:\/\/fashiongold.lt\/lv\/rotaslieta\/aproce-ar-dimantiem-round-3-00-ct\/#breadcrumb"},"inLanguage":"lv-LV","potentialAction":[{"@type":"ReadAction","target":["https:\/\/fashiongold.lt\/lv\/rotaslieta\/aproce-ar-dimantiem-round-3-00-ct\/"]}]},{"@type":"ImageObject","inLanguage":"lv-LV","@id":"https:\/\/fashiongold.lt\/lv\/rotaslieta\/aproce-ar-dimantiem-round-3-00-ct\/#primaryimage","url":"https:\/\/fashiongold.lt\/wp-content\/uploads\/2025\/05\/Apyranke-su-apvaliais-deimantais-is-balto-aukso-arba-platinos.png","contentUrl":"https:\/\/fashiongold.lt\/wp-content\/uploads\/2025\/05\/Apyranke-su-apvaliais-deimantais-is-balto-aukso-arba-platinos.png","width":800,"height":800,"caption":"Apyrank\u0117 su apvaliais deimantais i\u0161 balto aukso arba platinos"},{"@type":"BreadcrumbList","@id":"https:\/\/fashiongold.lt\/lv\/rotaslieta\/aproce-ar-dimantiem-round-3-00-ct\/#breadcrumb","itemListElement":[{"@type":"ListItem","position":1,"name":"Home","item":"https:\/\/fashiongold.lt\/lv\/"},{"@type":"ListItem","position":2,"name":"Dimantu veikals Fashiongold.lt","item":"https:\/\/fashiongold.lt\/shop-2\/"},{"@type":"ListItem","position":3,"name":"Aproce ar dimantiem &#8211; Round (3.00 ct)"}]},{"@type":"WebSite","@id":"https:\/\/fashiongold.lt\/lv\/#website","url":"https:\/\/fashiongold.lt\/lv\/","name":"Fashion Gold","description":"Juvelierizstr\u0101d\u0101jumu nams","publisher":{"@id":"https:\/\/fashiongold.lt\/lv\/#organization"},"potentialAction":[{"@type":"SearchAction","target":{"@type":"EntryPoint","urlTemplate":"https:\/\/fashiongold.lt\/lv\/?s={search_term_string}"},"query-input":{"@type":"PropertyValueSpecification","valueRequired":true,"valueName":"search_term_string"}}],"inLanguage":"lv-LV"},{"@type":"Organization","@id":"https:\/\/fashiongold.lt\/lv\/#organization","name":"Topdiamonds Online","url":"https:\/\/fashiongold.lt\/lv\/","logo":{"@type":"ImageObject","inLanguage":"lv-LV","@id":"https:\/\/fashiongold.lt\/lv\/#\/schema\/logo\/image\/","url":"https:\/\/fashiongold.lt\/wp-content\/uploads\/2025\/04\/cropped-fashion_gold_logotipas2-scaled-1.png","contentUrl":"https:\/\/fashiongold.lt\/wp-content\/uploads\/2025\/04\/cropped-fashion_gold_logotipas2-scaled-1.png","width":2559,"height":421,"caption":"Topdiamonds Online"},"image":{"@id":"https:\/\/fashiongold.lt\/lv\/#\/schema\/logo\/image\/"}}]}},"_links":{"self":[{"href":"https:\/\/fashiongold.lt\/lv\/wp-json\/wp\/v2\/product\/298429","targetHints":{"allow":["GET"]}}],"collection":[{"href":"https:\/\/fashiongold.lt\/lv\/wp-json\/wp\/v2\/product"}],"about":[{"href":"https:\/\/fashiongold.lt\/lv\/wp-json\/wp\/v2\/types\/product"}],"version-history":[{"count":0,"href":"https:\/\/fashiongold.lt\/lv\/wp-json\/wp\/v2\/product\/298429\/revisions"}],"wp:featuredmedia":[{"embeddable":true,"href":"https:\/\/fashiongold.lt\/lv\/wp-json\/wp\/v2\/media\/260432"}],"wp:attachment":[{"href":"https:\/\/fashiongold.lt\/lv\/wp-json\/wp\/v2\/media?parent=298429"}],"wp:term":[{"taxonomy":"product_brand","embeddable":true,"href":"https:\/\/fashiongold.lt\/lv\/wp-json\/wp\/v2\/product_brand?post=298429"},{"taxonomy":"product_cat","embeddable":true,"href":"https:\/\/fashiongold.lt\/lv\/wp-json\/wp\/v2\/product_cat?post=298429"},{"taxonomy":"product_tag","embeddable":true,"href":"https:\/\/fashiongold.lt\/lv\/wp-json\/wp\/v2\/product_tag?post=298429"}],"curies":[{"name":"wp","href":"https:\/\/api.w.org\/{rel}","templated":true}]}}