{"id":298609,"date":"2025-08-04T13:26:16","date_gmt":"2025-08-04T13:26:16","guid":{"rendered":"https:\/\/fashiongold.lt\/papuosalas\/klasiskie-auskari-ar-dimantiem-oval-1-00-ct\/"},"modified":"2025-08-04T13:26:16","modified_gmt":"2025-08-04T13:26:16","slug":"klasiskie-auskari-ar-dimantiem-oval-1-00-ct","status":"publish","type":"product","link":"https:\/\/fashiongold.lt\/lv\/papuosalas\/klasiskie-auskari-ar-dimantiem-oval-1-00-ct\/","title":{"rendered":"Klasiskie auskari ar dimantiem \u2013 Oval (1.00 ct)"},"content":{"rendered":"<h3>Ov\u0101las formas dimanti tiek asoci\u0113ti ar m\u016b\u017e\u012bbu, harmoniju un bezgal\u012bgu m\u012blest\u012bbu, t\u0101p\u0113c \u0161ajos auskaros tie ieg\u016bst \u012bpa\u0161u simboliku.<\/h3>\n<p>Rotaslietas tiek izgatavotas saska\u0146\u0101 ar augst\u0101kajiem juvelierizstr\u0101d\u0101jumu ra\u017eo\u0161anas standartiem. P\u0113c klienta v\u0113l\u0113\u0161an\u0101s par papildu samaksu varam izmantot augst\u0101kas kvalit\u0101tes dimantus.<\/p>\n<p>&nbsp;<\/p>\n<p>\u2022 <a href=\"https:\/\/fashiongold.lt\/lv\/patarimai-lv\/zelta-prove-auskariem-ka-izveleties-kvalitativas-un-ilgmuzigas-rotaslietas\/\" target=\"_blank\" rel=\"noopener\"><strong>C\u0113lmet\u0101li<\/strong><\/a>: 14K (585. prove), 18K (750. prove), 900 plat\u012bns<br \/>\n\u2022 <a href=\"https:\/\/fashiongold.lt\/lv\/patarimai-lv\/auskaru-zelta-krasa-baltais-sarkanais-un-dzeltenais-zelts-ar-dimantiem\/\" target=\"_blank\" rel=\"noopener\"><strong>Zelta kr\u0101su izv\u0113le<\/strong><\/a>: dzeltena, sarkana, balta<br \/>\n\u2022 <strong><a href=\"https:\/\/fashiongold.lt\/lv\/patarimai-lv\/auskari-ar-dimantiem-idealas-proporcijas-ka-izveleties-idealos\/\" target=\"_blank\" rel=\"noopener\">Auskaru kro\u0146a diametrs<\/a><\/strong>: aptuveni 6 mm x 4 mm<br \/>\n\u2022 Bendras <a href=\"https:\/\/fashiongold.lt\/auskaru-aukso-svoris\/\" target=\"_blank\" rel=\"noopener\"><strong>zelta svars<\/strong><\/a>: aptuveni 1.50 g<br \/>\n\u2022 Bendras <strong><a href=\"https:\/\/fashiongold.lt\/deimantu-svoris\/\" target=\"_blank\" rel=\"noopener\">dimantu svars<\/a><\/strong>: 1.00 ct<br \/>\n\u2022 <strong><a href=\"https:\/\/fashiongold.lt\/lv\/patarimai-lv\/dimants-citas-dimanta-formas\/\" target=\"_blank\" rel=\"noopener\">Dimantu forma un sl\u012bp\u0113jums<\/a><\/strong>: Ov\u0101la forma (<em>Oval cut<\/em>)<br \/>\n\u2022 <strong><a href=\"https:\/\/fashiongold.lt\/lv\/patarimai-lv\/dimants-dabigs-laboratorija-audzets-vai-maksligs-ka-izveleties-pareizi\/\" target=\"_blank\" rel=\"noopener\">Dimantu izcelsme<\/a><\/strong>: Laboratorij\u0101 audz\u0113ti dimanti vai dab\u012bgi dimanti<br \/>\n\u2022 <a href=\"https:\/\/fashiongold.lt\/lv\/patarimai-lv\/dimants-kas-jazina-pirms-iegades\/\" target=\"_blank\" rel=\"noopener\"><strong>Dimanta svars un raksturojums<\/strong><\/a> (iesp\u0113jams main\u012bt):<br \/>\nLaboratorij\u0101 audz\u0113ts dimants (IGI sertifik\u0101ts): 0.50 ct dimants (kr\u0101sa D-E, dzidrums VVS)<br \/>\nDab\u012bgs dimants (GIA sertifik\u0101ts): 0.50 ct dimants (kr\u0101sa G-I, dzidrums SI)<br \/>\n\u2022 <a href=\"https:\/\/fashiongold.lt\/lv\/piegade-un-atgriesana\/\" target=\"_blank\" rel=\"noopener\"><strong>Izgatavo\u0161anas un pieg\u0101des laiks<\/strong><\/a>: parasti aptuveni 14 d. d., nepiecie\u0161am\u012bbas gad\u012bjum\u0101 varam piel\u0101got steidzamu variantu <span data-sheets-root=\"1\">\u2013 <\/span>7 d. d.<\/p>\n<p>&nbsp;<\/p>\n<p>Vai jums ir savs zelts vai d\u0101rgakmens? T\u0101d\u0101 gad\u012bjum\u0101 auskaru cena b\u016bs zem\u0101ka <span data-sheets-root=\"1\">\u2013<\/span> maks\u0101siet tikai par rotaslietas izgatavo\u0161anu. V\u0113laties main\u012bt dimantu raksturojumu \u2013 kr\u0101su, izm\u0113ru vai dzidrumu? M\u0113s varam visu piel\u0101got j\u016bsu vajadz\u012bb\u0101m. <strong><a href=\"https:\/\/fashiongold.lt\/lv\/kontakti\/\" target=\"_blank\" rel=\"noopener\">Sazinieties<\/a><\/strong> ar mums, un m\u0113s apspried\u012bsim individu\u0101las iesp\u0113jas.<br \/>\nIkviens atrad\u012bs savam stilam atbilsto\u0161as rotaslietas ar dimantiem \u2013 no smalkas klasikas l\u012bdz grezniem akcentiem. FashionGold aicina personaliz\u0113t rotaslietas un padar\u012bt t\u0101s par j\u016bsu unik\u0101lo st\u0101stu.<\/p>\n","protected":false},"excerpt":{"rendered":"<h2>Klasiskie auskari ar dimantiem (1.00 ct) \u2013 rota ar unik\u0101lu ov\u0101las formas simboliku.<\/h2>\n<p>Ov\u0101las formas dimanti izce\u013cas ne tikai ar elegantu mirdzumu, bet tiem ir ar\u012b dzi\u013ca simbolika. Tie tiek uzskat\u012bti par m\u016b\u017e\u012bbas un harmoniskas m\u012blest\u012bbas z\u012bmi, t\u0101p\u0113c \u0161ie auskari k\u013c\u016bst par ko daudz vair\u0101k nek\u0101 tikai skaistu rotaslietu. Subtils dizains rada harmonisku t\u0113lu, bet mirdzo\u0161ie akme\u0146i uzsver katras dienas skaistumu. \u0160\u0101di auskari ir ide\u0101la d\u0101vana \u012bpa\u0161iem gad\u012bjumiem, k\u0101 ar\u012b invest\u012bcija ar m\u016b\u017e\u012bgu v\u0113rt\u012bbu.<\/p>\n","protected":false},"featured_media":29702,"template":"","meta":{"site-sidebar-layout":"default","site-content-layout":"","ast-site-content-layout":"default","site-content-style":"default","site-sidebar-style":"default","ast-global-header-display":"","ast-banner-title-visibility":"","ast-main-header-display":"","ast-hfb-above-header-display":"","ast-hfb-below-header-display":"","ast-hfb-mobile-header-display":"","site-post-title":"","ast-breadcrumbs-content":"","ast-featured-img":"","footer-sml-layout":"","ast-disable-related-posts":"","theme-transparent-header-meta":"default","adv-header-id-meta":"","stick-header-meta":"","header-above-stick-meta":"","header-main-stick-meta":"","header-below-stick-meta":"","astra-migrate-meta-layouts":"default","ast-page-background-enabled":"default","ast-page-background-meta":{"desktop":{"background-color":"var(--ast-global-color-4)","background-image":"","background-repeat":"repeat","background-position":"center center","background-size":"auto","background-attachment":"scroll","background-type":"","background-media":"","overlay-type":"","overlay-color":"","overlay-opacity":"","overlay-gradient":""},"tablet":{"background-color":"","background-image":"","background-repeat":"repeat","background-position":"center center","background-size":"auto","background-attachment":"scroll","background-type":"","background-media":"","overlay-type":"","overlay-color":"","overlay-opacity":"","overlay-gradient":""},"mobile":{"background-color":"","background-image":"","background-repeat":"repeat","background-position":"center center","background-size":"auto","background-attachment":"scroll","background-type":"","background-media":"","overlay-type":"","overlay-color":"","overlay-opacity":"","overlay-gradient":""}},"ast-content-background-meta":{"desktop":{"background-color":"var(--ast-global-color-5)","background-image":"","background-repeat":"repeat","background-position":"center center","background-size":"auto","background-attachment":"scroll","background-type":"","background-media":"","overlay-type":"","overlay-color":"","overlay-opacity":"","overlay-gradient":""},"tablet":{"background-color":"var(--ast-global-color-5)","background-image":"","background-repeat":"repeat","background-position":"center center","background-size":"auto","background-attachment":"scroll","background-type":"","background-media":"","overlay-type":"","overlay-color":"","overlay-opacity":"","overlay-gradient":""},"mobile":{"background-color":"var(--ast-global-color-5)","background-image":"","background-repeat":"repeat","background-position":"center center","background-size":"auto","background-attachment":"scroll","background-type":"","background-media":"","overlay-type":"","overlay-color":"","overlay-opacity":"","overlay-gradient":""}}},"product_brand":[],"product_cat":[2978,3505,3042,3504,2932],"product_tag":[],"class_list":{"0":"post-298609","1":"product","2":"type-product","3":"status-publish","4":"has-post-thumbnail","6":"product_cat-auskari-ar-dimantiem","7":"product_cat-auskari-ar-dimantiem-laboratorijas","8":"product_cat-juvelierizstradajumi","9":"product_cat-juvelierizstradajumi-ar-laboratorija-audzetiem-dimantiem","10":"product_cat-rotaslietas-sievietem","11":"desktop-align-center","12":"tablet-align-left","13":"mobile-align-left","14":"ast-product-gallery-layout-horizontal-slider","15":"ast-product-single-variable","16":"ast-product-tabs-layout-accordion","17":"ast-qv-on-image","19":"first","20":"instock","21":"taxable","22":"shipping-taxable","23":"purchasable","24":"product-type-variable"},"yoast_head":"<!-- This site is optimized with the Yoast SEO plugin v26.6 - https:\/\/yoast.com\/wordpress\/plugins\/seo\/ -->\n<title>Klasiskie auskari ar dimantiem \u2013 Oval (1.00 ct)<\/title>\n<meta name=\"description\" content=\"\u0160ie klasiskie auskari ar ov\u0101las formas dimantiem simboliz\u0113 saskan\u012bgu m\u012blest\u012bbu, smalku grezn\u012bbu un rafin\u0113tu eleganci, kas piem\u0113rota ikvienam stilam.\" \/>\n<meta name=\"robots\" content=\"index, follow, max-snippet:-1, max-image-preview:large, max-video-preview:-1\" \/>\n<link rel=\"canonical\" href=\"https:\/\/fashiongold.lt\/lv\/papuosalas\/klasiskie-auskari-ar-dimantiem-oval-1-00-ct\/\" \/>\n<meta property=\"og:locale\" content=\"lv_LV\" \/>\n<meta property=\"og:type\" content=\"article\" \/>\n<meta property=\"og:title\" content=\"Klasiskie auskari ar dimantiem \u2013 Oval (1.00 ct)\" \/>\n<meta property=\"og:description\" content=\"\u0160ie klasiskie auskari ar ov\u0101las formas dimantiem simboliz\u0113 saskan\u012bgu m\u012blest\u012bbu, smalku grezn\u012bbu un rafin\u0113tu eleganci, kas piem\u0113rota ikvienam stilam.\" \/>\n<meta property=\"og:url\" content=\"https:\/\/fashiongold.lt\/lv\/papuosalas\/klasiskie-auskari-ar-dimantiem-oval-1-00-ct\/\" \/>\n<meta property=\"og:site_name\" content=\"FashionGold.lt\" \/>\n<meta property=\"og:image\" content=\"https:\/\/fashiongold.lt\/wp-content\/uploads\/2025\/08\/Klasikiniai-auskarai-su-deimantu-OVAL-DEIMANTAI-1101-2.webp\" \/>\n\t<meta property=\"og:image:width\" content=\"800\" \/>\n\t<meta property=\"og:image:height\" content=\"800\" \/>\n\t<meta property=\"og:image:type\" content=\"image\/jpeg\" \/>\n<meta name=\"twitter:card\" content=\"summary_large_image\" \/>\n<meta name=\"twitter:label1\" content=\"Est. reading time\" \/>\n\t<meta name=\"twitter:data1\" content=\"1 minute\" \/>\n<script type=\"application\/ld+json\" class=\"yoast-schema-graph\">{\"@context\":\"https:\/\/schema.org\",\"@graph\":[{\"@type\":\"WebPage\",\"@id\":\"https:\/\/fashiongold.lt\/lv\/papuosalas\/klasiskie-auskari-ar-dimantiem-oval-1-00-ct\/\",\"url\":\"https:\/\/fashiongold.lt\/lv\/papuosalas\/klasiskie-auskari-ar-dimantiem-oval-1-00-ct\/\",\"name\":\"Klasiskie auskari ar dimantiem \u2013 Oval (1.00 ct)\",\"isPartOf\":{\"@id\":\"https:\/\/fashiongold.lt\/lv\/#website\"},\"primaryImageOfPage\":{\"@id\":\"https:\/\/fashiongold.lt\/lv\/papuosalas\/klasiskie-auskari-ar-dimantiem-oval-1-00-ct\/#primaryimage\"},\"image\":{\"@id\":\"https:\/\/fashiongold.lt\/lv\/papuosalas\/klasiskie-auskari-ar-dimantiem-oval-1-00-ct\/#primaryimage\"},\"thumbnailUrl\":\"https:\/\/fashiongold.lt\/wp-content\/uploads\/2025\/08\/Klasikiniai-auskarai-su-deimantu-OVAL-DEIMANTAI-1101-2.jpg\",\"datePublished\":\"2025-08-04T13:26:16+00:00\",\"description\":\"\u0160ie klasiskie auskari ar ov\u0101las formas dimantiem simboliz\u0113 saskan\u012bgu m\u012blest\u012bbu, smalku grezn\u012bbu un rafin\u0113tu eleganci, kas piem\u0113rota ikvienam stilam.\",\"breadcrumb\":{\"@id\":\"https:\/\/fashiongold.lt\/lv\/papuosalas\/klasiskie-auskari-ar-dimantiem-oval-1-00-ct\/#breadcrumb\"},\"inLanguage\":\"lv-LV\",\"potentialAction\":[{\"@type\":\"ReadAction\",\"target\":[\"https:\/\/fashiongold.lt\/lv\/papuosalas\/klasiskie-auskari-ar-dimantiem-oval-1-00-ct\/\"]}]},{\"@type\":\"ImageObject\",\"inLanguage\":\"lv-LV\",\"@id\":\"https:\/\/fashiongold.lt\/lv\/papuosalas\/klasiskie-auskari-ar-dimantiem-oval-1-00-ct\/#primaryimage\",\"url\":\"https:\/\/fashiongold.lt\/wp-content\/uploads\/2025\/08\/Klasikiniai-auskarai-su-deimantu-OVAL-DEIMANTAI-1101-2.jpg\",\"contentUrl\":\"https:\/\/fashiongold.lt\/wp-content\/uploads\/2025\/08\/Klasikiniai-auskarai-su-deimantu-OVAL-DEIMANTAI-1101-2.jpg\",\"width\":800,\"height\":800,\"caption\":\"Klasikiniai auskarai su deimantu i\u0161 balto aukso arba platinos - oval cut deimantai\"},{\"@type\":\"BreadcrumbList\",\"@id\":\"https:\/\/fashiongold.lt\/lv\/papuosalas\/klasiskie-auskari-ar-dimantiem-oval-1-00-ct\/#breadcrumb\",\"itemListElement\":[{\"@type\":\"ListItem\",\"position\":1,\"name\":\"Home\",\"item\":\"https:\/\/fashiongold.lt\/lv\/\"},{\"@type\":\"ListItem\",\"position\":2,\"name\":\"Dimantu veikals Fashiongold.lt\",\"item\":\"https:\/\/fashiongold.lt\/shop-2\/\"},{\"@type\":\"ListItem\",\"position\":3,\"name\":\"Klasiskie auskari ar dimantiem \u2013 Oval (1.00 ct)\"}]},{\"@type\":\"WebSite\",\"@id\":\"https:\/\/fashiongold.lt\/lv\/#website\",\"url\":\"https:\/\/fashiongold.lt\/lv\/\",\"name\":\"Fashion Gold\",\"description\":\"Juvelyrikos namai\",\"publisher\":{\"@id\":\"https:\/\/fashiongold.lt\/lv\/#organization\"},\"potentialAction\":[{\"@type\":\"SearchAction\",\"target\":{\"@type\":\"EntryPoint\",\"urlTemplate\":\"https:\/\/fashiongold.lt\/lv\/?s={search_term_string}\"},\"query-input\":{\"@type\":\"PropertyValueSpecification\",\"valueRequired\":true,\"valueName\":\"search_term_string\"}}],\"inLanguage\":\"lv-LV\"},{\"@type\":\"Organization\",\"@id\":\"https:\/\/fashiongold.lt\/lv\/#organization\",\"name\":\"Topdiamonds Online\",\"url\":\"https:\/\/fashiongold.lt\/lv\/\",\"logo\":{\"@type\":\"ImageObject\",\"inLanguage\":\"lv-LV\",\"@id\":\"https:\/\/fashiongold.lt\/lv\/#\/schema\/logo\/image\/\",\"url\":\"https:\/\/fashiongold.lt\/wp-content\/uploads\/2025\/04\/cropped-fashion_gold_logotipas2-scaled-1.png\",\"contentUrl\":\"https:\/\/fashiongold.lt\/wp-content\/uploads\/2025\/04\/cropped-fashion_gold_logotipas2-scaled-1.png\",\"width\":2559,\"height\":421,\"caption\":\"Topdiamonds Online\"},\"image\":{\"@id\":\"https:\/\/fashiongold.lt\/lv\/#\/schema\/logo\/image\/\"}}]}<\/script>\n<!-- \/ Yoast SEO plugin. -->","yoast_head_json":{"title":"Klasiskie auskari ar dimantiem \u2013 Oval (1.00 ct)","description":"\u0160ie klasiskie auskari ar ov\u0101las formas dimantiem simboliz\u0113 saskan\u012bgu m\u012blest\u012bbu, smalku grezn\u012bbu un rafin\u0113tu eleganci, kas piem\u0113rota ikvienam stilam.","robots":{"index":"index","follow":"follow","max-snippet":"max-snippet:-1","max-image-preview":"max-image-preview:large","max-video-preview":"max-video-preview:-1"},"canonical":"https:\/\/fashiongold.lt\/lv\/papuosalas\/klasiskie-auskari-ar-dimantiem-oval-1-00-ct\/","og_locale":"lv_LV","og_type":"article","og_title":"Klasiskie auskari ar dimantiem \u2013 Oval (1.00 ct)","og_description":"\u0160ie klasiskie auskari ar ov\u0101las formas dimantiem simboliz\u0113 saskan\u012bgu m\u012blest\u012bbu, smalku grezn\u012bbu un rafin\u0113tu eleganci, kas piem\u0113rota ikvienam stilam.","og_url":"https:\/\/fashiongold.lt\/lv\/papuosalas\/klasiskie-auskari-ar-dimantiem-oval-1-00-ct\/","og_site_name":"FashionGold.lt","og_image":[{"width":800,"height":800,"url":"https:\/\/fashiongold.lt\/wp-content\/uploads\/2025\/08\/Klasikiniai-auskarai-su-deimantu-OVAL-DEIMANTAI-1101-2.webp","type":"image\/jpeg"}],"twitter_card":"summary_large_image","twitter_misc":{"Est. reading time":"1 minute"},"schema":{"@context":"https:\/\/schema.org","@graph":[{"@type":"WebPage","@id":"https:\/\/fashiongold.lt\/lv\/papuosalas\/klasiskie-auskari-ar-dimantiem-oval-1-00-ct\/","url":"https:\/\/fashiongold.lt\/lv\/papuosalas\/klasiskie-auskari-ar-dimantiem-oval-1-00-ct\/","name":"Klasiskie auskari ar dimantiem \u2013 Oval (1.00 ct)","isPartOf":{"@id":"https:\/\/fashiongold.lt\/lv\/#website"},"primaryImageOfPage":{"@id":"https:\/\/fashiongold.lt\/lv\/papuosalas\/klasiskie-auskari-ar-dimantiem-oval-1-00-ct\/#primaryimage"},"image":{"@id":"https:\/\/fashiongold.lt\/lv\/papuosalas\/klasiskie-auskari-ar-dimantiem-oval-1-00-ct\/#primaryimage"},"thumbnailUrl":"https:\/\/fashiongold.lt\/wp-content\/uploads\/2025\/08\/Klasikiniai-auskarai-su-deimantu-OVAL-DEIMANTAI-1101-2.jpg","datePublished":"2025-08-04T13:26:16+00:00","description":"\u0160ie klasiskie auskari ar ov\u0101las formas dimantiem simboliz\u0113 saskan\u012bgu m\u012blest\u012bbu, smalku grezn\u012bbu un rafin\u0113tu eleganci, kas piem\u0113rota ikvienam stilam.","breadcrumb":{"@id":"https:\/\/fashiongold.lt\/lv\/papuosalas\/klasiskie-auskari-ar-dimantiem-oval-1-00-ct\/#breadcrumb"},"inLanguage":"lv-LV","potentialAction":[{"@type":"ReadAction","target":["https:\/\/fashiongold.lt\/lv\/papuosalas\/klasiskie-auskari-ar-dimantiem-oval-1-00-ct\/"]}]},{"@type":"ImageObject","inLanguage":"lv-LV","@id":"https:\/\/fashiongold.lt\/lv\/papuosalas\/klasiskie-auskari-ar-dimantiem-oval-1-00-ct\/#primaryimage","url":"https:\/\/fashiongold.lt\/wp-content\/uploads\/2025\/08\/Klasikiniai-auskarai-su-deimantu-OVAL-DEIMANTAI-1101-2.jpg","contentUrl":"https:\/\/fashiongold.lt\/wp-content\/uploads\/2025\/08\/Klasikiniai-auskarai-su-deimantu-OVAL-DEIMANTAI-1101-2.jpg","width":800,"height":800,"caption":"Klasikiniai auskarai su deimantu i\u0161 balto aukso arba platinos - oval cut deimantai"},{"@type":"BreadcrumbList","@id":"https:\/\/fashiongold.lt\/lv\/papuosalas\/klasiskie-auskari-ar-dimantiem-oval-1-00-ct\/#breadcrumb","itemListElement":[{"@type":"ListItem","position":1,"name":"Home","item":"https:\/\/fashiongold.lt\/lv\/"},{"@type":"ListItem","position":2,"name":"Dimantu veikals Fashiongold.lt","item":"https:\/\/fashiongold.lt\/shop-2\/"},{"@type":"ListItem","position":3,"name":"Klasiskie auskari ar dimantiem \u2013 Oval (1.00 ct)"}]},{"@type":"WebSite","@id":"https:\/\/fashiongold.lt\/lv\/#website","url":"https:\/\/fashiongold.lt\/lv\/","name":"Fashion Gold","description":"Juvelyrikos namai","publisher":{"@id":"https:\/\/fashiongold.lt\/lv\/#organization"},"potentialAction":[{"@type":"SearchAction","target":{"@type":"EntryPoint","urlTemplate":"https:\/\/fashiongold.lt\/lv\/?s={search_term_string}"},"query-input":{"@type":"PropertyValueSpecification","valueRequired":true,"valueName":"search_term_string"}}],"inLanguage":"lv-LV"},{"@type":"Organization","@id":"https:\/\/fashiongold.lt\/lv\/#organization","name":"Topdiamonds Online","url":"https:\/\/fashiongold.lt\/lv\/","logo":{"@type":"ImageObject","inLanguage":"lv-LV","@id":"https:\/\/fashiongold.lt\/lv\/#\/schema\/logo\/image\/","url":"https:\/\/fashiongold.lt\/wp-content\/uploads\/2025\/04\/cropped-fashion_gold_logotipas2-scaled-1.png","contentUrl":"https:\/\/fashiongold.lt\/wp-content\/uploads\/2025\/04\/cropped-fashion_gold_logotipas2-scaled-1.png","width":2559,"height":421,"caption":"Topdiamonds Online"},"image":{"@id":"https:\/\/fashiongold.lt\/lv\/#\/schema\/logo\/image\/"}}]}},"_links":{"self":[{"href":"https:\/\/fashiongold.lt\/lv\/wp-json\/wp\/v2\/product\/298609","targetHints":{"allow":["GET"]}}],"collection":[{"href":"https:\/\/fashiongold.lt\/lv\/wp-json\/wp\/v2\/product"}],"about":[{"href":"https:\/\/fashiongold.lt\/lv\/wp-json\/wp\/v2\/types\/product"}],"version-history":[{"count":0,"href":"https:\/\/fashiongold.lt\/lv\/wp-json\/wp\/v2\/product\/298609\/revisions"}],"wp:featuredmedia":[{"embeddable":true,"href":"https:\/\/fashiongold.lt\/lv\/wp-json\/wp\/v2\/media\/29702"}],"wp:attachment":[{"href":"https:\/\/fashiongold.lt\/lv\/wp-json\/wp\/v2\/media?parent=298609"}],"wp:term":[{"taxonomy":"product_brand","embeddable":true,"href":"https:\/\/fashiongold.lt\/lv\/wp-json\/wp\/v2\/product_brand?post=298609"},{"taxonomy":"product_cat","embeddable":true,"href":"https:\/\/fashiongold.lt\/lv\/wp-json\/wp\/v2\/product_cat?post=298609"},{"taxonomy":"product_tag","embeddable":true,"href":"https:\/\/fashiongold.lt\/lv\/wp-json\/wp\/v2\/product_tag?post=298609"}],"curies":[{"name":"wp","href":"https:\/\/api.w.org\/{rel}","templated":true}]}}