{"id":298694,"date":"2025-07-29T15:02:20","date_gmt":"2025-07-29T15:02:20","guid":{"rendered":"https:\/\/fashiongold.lt\/papuosalas\/klasiskie-auskari-ar-dimantiem-trilliant-0-60-ct\/"},"modified":"2025-07-29T15:02:20","modified_gmt":"2025-07-29T15:02:20","slug":"klasiskie-auskari-ar-dimantiem-trilliant-0-60-ct","status":"publish","type":"product","link":"https:\/\/fashiongold.lt\/lv\/papuosalas\/klasiskie-auskari-ar-dimantiem-trilliant-0-60-ct\/","title":{"rendered":"Klasiskie auskari ar dimantiem \u2013 Trilliant (0.60 ct)"},"content":{"rendered":"<h3>Trijst\u016bra formas dimanti, kas izce\u013cas ar modernu raksturu un spilgtu mirdzumu.<\/h3>\n<p>Rotaslietas tiek izgatavotas saska\u0146\u0101 ar augst\u0101kajiem juvelierizstr\u0101d\u0101jumu ra\u017eo\u0161anas standartiem. P\u0113c klienta v\u0113l\u0113\u0161an\u0101s par papildu samaksu varam izmantot augst\u0101kas kvalit\u0101tes dimantus.<\/p>\n<p>&nbsp;<\/p>\n<p>\u2022 <a href=\"https:\/\/fashiongold.lt\/lv\/patarimai-lv\/zelta-prove-auskariem-ka-izveleties-kvalitativas-un-ilgmuzigas-rotaslietas\/\" target=\"_blank\" rel=\"noopener\"><strong>D\u0101rgmet\u0101li<\/strong><\/a>: 14K (585. prove), 18K (750. prove), 900 plat\u012bns<br \/>\n\u2022 <a href=\"https:\/\/fashiongold.lt\/lv\/patarimai-lv\/auskaru-zelta-krasa-baltais-sarkanais-un-dzeltenais-zelts-ar-dimantiem\/\" target=\"_blank\" rel=\"noopener\"><strong>Zelta kr\u0101su izv\u0113le<\/strong><\/a>: dzeltenais, sarkanais, baltais<br \/>\n\u2022 <strong><a href=\"https:\/\/fashiongold.lt\/lv\/patarimai-lv\/auskari-ar-dimantiem-idealas-proporcijas-ka-izveleties-idealos\/\" target=\"_blank\" rel=\"noopener\">Auskaru kro\u0146a diametrs<\/a><\/strong>: aptuveni 5 mm<br \/>\n\u2022 Kop\u0113jais <a href=\"https:\/\/fashiongold.lt\/auskaru-aukso-svoris\/\" target=\"_blank\" rel=\"noopener\"><strong>zelta svars<\/strong><\/a>: aptuveni 1.50 g<br \/>\n\u2022 Kop\u0113jais <strong><a href=\"https:\/\/fashiongold.lt\/deimantu-svoris\/\" target=\"_blank\" rel=\"noopener\">dimantu svars<\/a><\/strong>: 0.60 ct<br \/>\n\u2022 <strong><a href=\"https:\/\/fashiongold.lt\/lv\/patarimai-lv\/dimants-citas-dimanta-formas\/\" target=\"_blank\" rel=\"noopener\">Dimantu forma un griezums<\/a><\/strong>: Trijst\u016bra forma (<em>Trilliant cut<\/em>)<br \/>\n\u2022 <strong><a href=\"https:\/\/fashiongold.lt\/lv\/patarimai-lv\/dimants-dabigs-laboratorija-audzets-vai-maksligs-ka-izveleties-pareizi\/\" target=\"_blank\" rel=\"noopener\">Dimantu izcelsme<\/a><\/strong>: Laboratorij\u0101 audz\u0113ti dimanti vai dab\u012bgie dimanti<br \/>\n\u2022 <a href=\"https:\/\/fashiongold.lt\/lv\/patarimai-lv\/dimants-kas-jazina-pirms-iegades\/\" target=\"_blank\" rel=\"noopener\"><strong>Dimanta svars un raksturojums<\/strong><\/a> (iesp\u0113jams main\u012bt):<br \/>\nLaboratorij\u0101 audz\u0113ts dimants (IGI sertifik\u0101ts): 0.30 ct dimants (kr\u0101sa D-E, dzidrums VVS)<br \/>\nDab\u012bgs dimants (GIA sertifik\u0101ts): 0.30 ct dimants (kr\u0101sa G-I, dzidrums SI)<br \/>\n\u2022 <a href=\"https:\/\/fashiongold.lt\/lv\/piegade-un-atgriesana\/\" target=\"_blank\" rel=\"noopener\"><strong>Izgatavo\u0161anas un pieg\u0101des laiks<\/strong><\/a>: parasti aptuveni 14 d. d., nepiecie\u0161am\u012bbas gad\u012bjum\u0101 varam piel\u0101got steidzamu variantu <span data-sheets-root=\"1\">\u2013 <\/span>7 d. d.<\/p>\n<p>&nbsp;<\/p>\n<p>Vai jums ir savs zelts vai d\u0101rgakmens? \u0160\u0101d\u0101 gad\u012bjum\u0101 auskaru cena b\u016bs zem\u0101ka <span data-sheets-root=\"1\">\u2013<\/span> maks\u0101siet tikai par rotaslietas izgatavo\u0161anu. V\u0113laties main\u012bt dimantu raksturojumu \u2013 kr\u0101su, izm\u0113ru vai dzidrumu? M\u0113s varam visu piel\u0101got j\u016bsu vajadz\u012bb\u0101m. <strong><a href=\"https:\/\/fashiongold.lt\/lv\/kontakti\/\" target=\"_blank\" rel=\"noopener\">Sazinieties<\/a><\/strong> ar mums, un m\u0113s apspried\u012bsim individu\u0101l\u0101s iesp\u0113jas.<br \/>\nIkviens atrad\u012bs juvelierizstr\u0101d\u0101jumus ar dimantiem atbilsto\u0161i savam stilam \u2013 no subtiliem klasiskiem l\u012bdz grezniem akcentiem. FashionGold aicina personaliz\u0113t rotaslietas un p\u0101rv\u0113rst t\u0101s par j\u016bsu unik\u0101lo st\u0101stu.<\/p>\n","protected":false},"excerpt":{"rendered":"<h2>Klasiski auskari ar dimantiem (0.60 ct) \u2013 <em>Trilliant<\/em> sl\u012bp\u0113juma unikalit\u0101te.<\/h2>\n<p>\u0160ie auskari ar dimantiem piesaista uzman\u012bbu ar savu unik\u0101lo tr\u012bsst\u016bra formu. <em>Trilliant<\/em> sl\u012bp\u0113juma akme\u0146iem piem\u012bt spo\u017es mirdzums un moderna est\u0113tika, ta\u010du vienlaikus tie saglab\u0101 klasisku raksturu. Pateicoties savai \u0123eometriskajai formai, tie k\u013c\u016bst par unik\u0101lu stila akcentu, kas harmoniski papildina da\u017e\u0101dus t\u0113lus \u2013 no ikdienas ap\u0123\u0113rba l\u012bdz \u012bpa\u0161iem gad\u012bjumiem. T\u0101 ir rota, kas paredz\u0113ta tiem, kuri tiecas p\u0113c subtilas, bet izsmalcin\u0101tas elegances.<\/p>\n","protected":false},"featured_media":29151,"template":"","meta":{"site-sidebar-layout":"default","site-content-layout":"","ast-site-content-layout":"default","site-content-style":"default","site-sidebar-style":"default","ast-global-header-display":"","ast-banner-title-visibility":"","ast-main-header-display":"","ast-hfb-above-header-display":"","ast-hfb-below-header-display":"","ast-hfb-mobile-header-display":"","site-post-title":"","ast-breadcrumbs-content":"","ast-featured-img":"","footer-sml-layout":"","ast-disable-related-posts":"","theme-transparent-header-meta":"default","adv-header-id-meta":"","stick-header-meta":"","header-above-stick-meta":"","header-main-stick-meta":"","header-below-stick-meta":"","astra-migrate-meta-layouts":"default","ast-page-background-enabled":"default","ast-page-background-meta":{"desktop":{"background-color":"var(--ast-global-color-4)","background-image":"","background-repeat":"repeat","background-position":"center center","background-size":"auto","background-attachment":"scroll","background-type":"","background-media":"","overlay-type":"","overlay-color":"","overlay-opacity":"","overlay-gradient":""},"tablet":{"background-color":"","background-image":"","background-repeat":"repeat","background-position":"center center","background-size":"auto","background-attachment":"scroll","background-type":"","background-media":"","overlay-type":"","overlay-color":"","overlay-opacity":"","overlay-gradient":""},"mobile":{"background-color":"","background-image":"","background-repeat":"repeat","background-position":"center center","background-size":"auto","background-attachment":"scroll","background-type":"","background-media":"","overlay-type":"","overlay-color":"","overlay-opacity":"","overlay-gradient":""}},"ast-content-background-meta":{"desktop":{"background-color":"var(--ast-global-color-5)","background-image":"","background-repeat":"repeat","background-position":"center center","background-size":"auto","background-attachment":"scroll","background-type":"","background-media":"","overlay-type":"","overlay-color":"","overlay-opacity":"","overlay-gradient":""},"tablet":{"background-color":"var(--ast-global-color-5)","background-image":"","background-repeat":"repeat","background-position":"center center","background-size":"auto","background-attachment":"scroll","background-type":"","background-media":"","overlay-type":"","overlay-color":"","overlay-opacity":"","overlay-gradient":""},"mobile":{"background-color":"var(--ast-global-color-5)","background-image":"","background-repeat":"repeat","background-position":"center center","background-size":"auto","background-attachment":"scroll","background-type":"","background-media":"","overlay-type":"","overlay-color":"","overlay-opacity":"","overlay-gradient":""}}},"product_brand":[],"product_cat":[4022,2978,3505,2981,2919,3042,3504,2932],"product_tag":[],"class_list":{"0":"post-298694","1":"product","2":"type-product","3":"status-publish","4":"has-post-thumbnail","6":"product_cat-aproces-ar-dimantiem-laboratorijas","7":"product_cat-auskari-ar-dimantiem","8":"product_cat-auskari-ar-dimantiem-laboratorijas","9":"product_cat-auskari-naglinas","10":"product_cat-baltzelta-rotaslietas","11":"product_cat-juvelierizstradajumi","12":"product_cat-juvelierizstradajumi-ar-laboratorija-audzetiem-dimantiem","13":"product_cat-rotaslietas-sievietem","14":"desktop-align-center","15":"tablet-align-left","16":"mobile-align-left","17":"ast-product-gallery-layout-horizontal-slider","18":"ast-product-single-variable","19":"ast-product-tabs-layout-accordion","20":"ast-qv-on-image","22":"first","23":"instock","24":"taxable","25":"shipping-taxable","26":"purchasable","27":"product-type-variable"},"yoast_head":"<!-- This site is optimized with the Yoast SEO plugin v26.6 - https:\/\/yoast.com\/wordpress\/plugins\/seo\/ -->\n<title>Klasiski auskari ar dimantiem \u2013 Trilliant (0.60 ct)<\/title>\n<meta name=\"description\" content=\"Klasiski auskari ar dimantiem \u2013 tr\u012bsst\u016bra formas akme\u0146i, izcils mirdzums un unik\u0101ls dizains katrai dienai.\" \/>\n<meta name=\"robots\" content=\"index, follow, max-snippet:-1, max-image-preview:large, max-video-preview:-1\" \/>\n<link rel=\"canonical\" href=\"https:\/\/fashiongold.lt\/lv\/papuosalas\/klasiskie-auskari-ar-dimantiem-trilliant-0-60-ct\/\" \/>\n<meta property=\"og:locale\" content=\"lv_LV\" \/>\n<meta property=\"og:type\" content=\"article\" \/>\n<meta property=\"og:title\" content=\"Klasiski auskari ar dimantiem \u2013 Trilliant (0.60 ct)\" \/>\n<meta property=\"og:description\" content=\"Klasiski auskari ar dimantiem \u2013 tr\u012bsst\u016bra formas akme\u0146i, izcils mirdzums un unik\u0101ls dizains katrai dienai.\" \/>\n<meta property=\"og:url\" content=\"https:\/\/fashiongold.lt\/lv\/papuosalas\/klasiskie-auskari-ar-dimantiem-trilliant-0-60-ct\/\" \/>\n<meta property=\"og:site_name\" content=\"FashionGold.lt\" \/>\n<meta property=\"og:image\" content=\"https:\/\/fashiongold.lt\/wp-content\/uploads\/2025\/07\/Klasikiniai-auskarai-su-deimantu-TRIANGULAR-DEIMANTAI-1121-2.webp\" \/>\n\t<meta property=\"og:image:width\" content=\"800\" \/>\n\t<meta property=\"og:image:height\" content=\"800\" \/>\n\t<meta property=\"og:image:type\" content=\"image\/jpeg\" \/>\n<meta name=\"twitter:card\" content=\"summary_large_image\" \/>\n<meta name=\"twitter:label1\" content=\"Est. reading time\" \/>\n\t<meta name=\"twitter:data1\" content=\"1 minute\" \/>\n<script type=\"application\/ld+json\" class=\"yoast-schema-graph\">{\"@context\":\"https:\/\/schema.org\",\"@graph\":[{\"@type\":\"WebPage\",\"@id\":\"https:\/\/fashiongold.lt\/lv\/papuosalas\/klasiskie-auskari-ar-dimantiem-trilliant-0-60-ct\/\",\"url\":\"https:\/\/fashiongold.lt\/lv\/papuosalas\/klasiskie-auskari-ar-dimantiem-trilliant-0-60-ct\/\",\"name\":\"Klasiski auskari ar dimantiem \u2013 Trilliant (0.60 ct)\",\"isPartOf\":{\"@id\":\"https:\/\/fashiongold.lt\/lv\/#website\"},\"primaryImageOfPage\":{\"@id\":\"https:\/\/fashiongold.lt\/lv\/papuosalas\/klasiskie-auskari-ar-dimantiem-trilliant-0-60-ct\/#primaryimage\"},\"image\":{\"@id\":\"https:\/\/fashiongold.lt\/lv\/papuosalas\/klasiskie-auskari-ar-dimantiem-trilliant-0-60-ct\/#primaryimage\"},\"thumbnailUrl\":\"https:\/\/fashiongold.lt\/wp-content\/uploads\/2025\/07\/Klasikiniai-auskarai-su-deimantu-TRIANGULAR-DEIMANTAI-1121-2.jpg\",\"datePublished\":\"2025-07-29T15:02:20+00:00\",\"description\":\"Klasiski auskari ar dimantiem \u2013 tr\u012bsst\u016bra formas akme\u0146i, izcils mirdzums un unik\u0101ls dizains katrai dienai.\",\"breadcrumb\":{\"@id\":\"https:\/\/fashiongold.lt\/lv\/papuosalas\/klasiskie-auskari-ar-dimantiem-trilliant-0-60-ct\/#breadcrumb\"},\"inLanguage\":\"lv-LV\",\"potentialAction\":[{\"@type\":\"ReadAction\",\"target\":[\"https:\/\/fashiongold.lt\/lv\/papuosalas\/klasiskie-auskari-ar-dimantiem-trilliant-0-60-ct\/\"]}]},{\"@type\":\"ImageObject\",\"inLanguage\":\"lv-LV\",\"@id\":\"https:\/\/fashiongold.lt\/lv\/papuosalas\/klasiskie-auskari-ar-dimantiem-trilliant-0-60-ct\/#primaryimage\",\"url\":\"https:\/\/fashiongold.lt\/wp-content\/uploads\/2025\/07\/Klasikiniai-auskarai-su-deimantu-TRIANGULAR-DEIMANTAI-1121-2.jpg\",\"contentUrl\":\"https:\/\/fashiongold.lt\/wp-content\/uploads\/2025\/07\/Klasikiniai-auskarai-su-deimantu-TRIANGULAR-DEIMANTAI-1121-2.jpg\",\"width\":800,\"height\":800,\"caption\":\"Klasikiniai auskarai su deimantu i\u0161 balto aukso arba platinos - trilliant cut deimantai\"},{\"@type\":\"BreadcrumbList\",\"@id\":\"https:\/\/fashiongold.lt\/lv\/papuosalas\/klasiskie-auskari-ar-dimantiem-trilliant-0-60-ct\/#breadcrumb\",\"itemListElement\":[{\"@type\":\"ListItem\",\"position\":1,\"name\":\"Home\",\"item\":\"https:\/\/fashiongold.lt\/lv\/\"},{\"@type\":\"ListItem\",\"position\":2,\"name\":\"Dimantu veikals Fashiongold.lt\",\"item\":\"https:\/\/fashiongold.lt\/shop-2\/\"},{\"@type\":\"ListItem\",\"position\":3,\"name\":\"Klasiskie auskari ar dimantiem \u2013 Trilliant (0.60 ct)\"}]},{\"@type\":\"WebSite\",\"@id\":\"https:\/\/fashiongold.lt\/lv\/#website\",\"url\":\"https:\/\/fashiongold.lt\/lv\/\",\"name\":\"Fashion Gold\",\"description\":\"Juvelyrikos namai\",\"publisher\":{\"@id\":\"https:\/\/fashiongold.lt\/lv\/#organization\"},\"potentialAction\":[{\"@type\":\"SearchAction\",\"target\":{\"@type\":\"EntryPoint\",\"urlTemplate\":\"https:\/\/fashiongold.lt\/lv\/?s={search_term_string}\"},\"query-input\":{\"@type\":\"PropertyValueSpecification\",\"valueRequired\":true,\"valueName\":\"search_term_string\"}}],\"inLanguage\":\"lv-LV\"},{\"@type\":\"Organization\",\"@id\":\"https:\/\/fashiongold.lt\/lv\/#organization\",\"name\":\"Topdiamonds Online\",\"url\":\"https:\/\/fashiongold.lt\/lv\/\",\"logo\":{\"@type\":\"ImageObject\",\"inLanguage\":\"lv-LV\",\"@id\":\"https:\/\/fashiongold.lt\/lv\/#\/schema\/logo\/image\/\",\"url\":\"https:\/\/fashiongold.lt\/wp-content\/uploads\/2025\/04\/cropped-fashion_gold_logotipas2-scaled-1.png\",\"contentUrl\":\"https:\/\/fashiongold.lt\/wp-content\/uploads\/2025\/04\/cropped-fashion_gold_logotipas2-scaled-1.png\",\"width\":2559,\"height\":421,\"caption\":\"Topdiamonds Online\"},\"image\":{\"@id\":\"https:\/\/fashiongold.lt\/lv\/#\/schema\/logo\/image\/\"}}]}<\/script>\n<!-- \/ Yoast SEO plugin. -->","yoast_head_json":{"title":"Klasiski auskari ar dimantiem \u2013 Trilliant (0.60 ct)","description":"Klasiski auskari ar dimantiem \u2013 tr\u012bsst\u016bra formas akme\u0146i, izcils mirdzums un unik\u0101ls dizains katrai dienai.","robots":{"index":"index","follow":"follow","max-snippet":"max-snippet:-1","max-image-preview":"max-image-preview:large","max-video-preview":"max-video-preview:-1"},"canonical":"https:\/\/fashiongold.lt\/lv\/papuosalas\/klasiskie-auskari-ar-dimantiem-trilliant-0-60-ct\/","og_locale":"lv_LV","og_type":"article","og_title":"Klasiski auskari ar dimantiem \u2013 Trilliant (0.60 ct)","og_description":"Klasiski auskari ar dimantiem \u2013 tr\u012bsst\u016bra formas akme\u0146i, izcils mirdzums un unik\u0101ls dizains katrai dienai.","og_url":"https:\/\/fashiongold.lt\/lv\/papuosalas\/klasiskie-auskari-ar-dimantiem-trilliant-0-60-ct\/","og_site_name":"FashionGold.lt","og_image":[{"width":800,"height":800,"url":"https:\/\/fashiongold.lt\/wp-content\/uploads\/2025\/07\/Klasikiniai-auskarai-su-deimantu-TRIANGULAR-DEIMANTAI-1121-2.webp","type":"image\/jpeg"}],"twitter_card":"summary_large_image","twitter_misc":{"Est. reading time":"1 minute"},"schema":{"@context":"https:\/\/schema.org","@graph":[{"@type":"WebPage","@id":"https:\/\/fashiongold.lt\/lv\/papuosalas\/klasiskie-auskari-ar-dimantiem-trilliant-0-60-ct\/","url":"https:\/\/fashiongold.lt\/lv\/papuosalas\/klasiskie-auskari-ar-dimantiem-trilliant-0-60-ct\/","name":"Klasiski auskari ar dimantiem \u2013 Trilliant (0.60 ct)","isPartOf":{"@id":"https:\/\/fashiongold.lt\/lv\/#website"},"primaryImageOfPage":{"@id":"https:\/\/fashiongold.lt\/lv\/papuosalas\/klasiskie-auskari-ar-dimantiem-trilliant-0-60-ct\/#primaryimage"},"image":{"@id":"https:\/\/fashiongold.lt\/lv\/papuosalas\/klasiskie-auskari-ar-dimantiem-trilliant-0-60-ct\/#primaryimage"},"thumbnailUrl":"https:\/\/fashiongold.lt\/wp-content\/uploads\/2025\/07\/Klasikiniai-auskarai-su-deimantu-TRIANGULAR-DEIMANTAI-1121-2.jpg","datePublished":"2025-07-29T15:02:20+00:00","description":"Klasiski auskari ar dimantiem \u2013 tr\u012bsst\u016bra formas akme\u0146i, izcils mirdzums un unik\u0101ls dizains katrai dienai.","breadcrumb":{"@id":"https:\/\/fashiongold.lt\/lv\/papuosalas\/klasiskie-auskari-ar-dimantiem-trilliant-0-60-ct\/#breadcrumb"},"inLanguage":"lv-LV","potentialAction":[{"@type":"ReadAction","target":["https:\/\/fashiongold.lt\/lv\/papuosalas\/klasiskie-auskari-ar-dimantiem-trilliant-0-60-ct\/"]}]},{"@type":"ImageObject","inLanguage":"lv-LV","@id":"https:\/\/fashiongold.lt\/lv\/papuosalas\/klasiskie-auskari-ar-dimantiem-trilliant-0-60-ct\/#primaryimage","url":"https:\/\/fashiongold.lt\/wp-content\/uploads\/2025\/07\/Klasikiniai-auskarai-su-deimantu-TRIANGULAR-DEIMANTAI-1121-2.jpg","contentUrl":"https:\/\/fashiongold.lt\/wp-content\/uploads\/2025\/07\/Klasikiniai-auskarai-su-deimantu-TRIANGULAR-DEIMANTAI-1121-2.jpg","width":800,"height":800,"caption":"Klasikiniai auskarai su deimantu i\u0161 balto aukso arba platinos - trilliant cut deimantai"},{"@type":"BreadcrumbList","@id":"https:\/\/fashiongold.lt\/lv\/papuosalas\/klasiskie-auskari-ar-dimantiem-trilliant-0-60-ct\/#breadcrumb","itemListElement":[{"@type":"ListItem","position":1,"name":"Home","item":"https:\/\/fashiongold.lt\/lv\/"},{"@type":"ListItem","position":2,"name":"Dimantu veikals Fashiongold.lt","item":"https:\/\/fashiongold.lt\/shop-2\/"},{"@type":"ListItem","position":3,"name":"Klasiskie auskari ar dimantiem \u2013 Trilliant (0.60 ct)"}]},{"@type":"WebSite","@id":"https:\/\/fashiongold.lt\/lv\/#website","url":"https:\/\/fashiongold.lt\/lv\/","name":"Fashion Gold","description":"Juvelyrikos namai","publisher":{"@id":"https:\/\/fashiongold.lt\/lv\/#organization"},"potentialAction":[{"@type":"SearchAction","target":{"@type":"EntryPoint","urlTemplate":"https:\/\/fashiongold.lt\/lv\/?s={search_term_string}"},"query-input":{"@type":"PropertyValueSpecification","valueRequired":true,"valueName":"search_term_string"}}],"inLanguage":"lv-LV"},{"@type":"Organization","@id":"https:\/\/fashiongold.lt\/lv\/#organization","name":"Topdiamonds Online","url":"https:\/\/fashiongold.lt\/lv\/","logo":{"@type":"ImageObject","inLanguage":"lv-LV","@id":"https:\/\/fashiongold.lt\/lv\/#\/schema\/logo\/image\/","url":"https:\/\/fashiongold.lt\/wp-content\/uploads\/2025\/04\/cropped-fashion_gold_logotipas2-scaled-1.png","contentUrl":"https:\/\/fashiongold.lt\/wp-content\/uploads\/2025\/04\/cropped-fashion_gold_logotipas2-scaled-1.png","width":2559,"height":421,"caption":"Topdiamonds Online"},"image":{"@id":"https:\/\/fashiongold.lt\/lv\/#\/schema\/logo\/image\/"}}]}},"_links":{"self":[{"href":"https:\/\/fashiongold.lt\/lv\/wp-json\/wp\/v2\/product\/298694","targetHints":{"allow":["GET"]}}],"collection":[{"href":"https:\/\/fashiongold.lt\/lv\/wp-json\/wp\/v2\/product"}],"about":[{"href":"https:\/\/fashiongold.lt\/lv\/wp-json\/wp\/v2\/types\/product"}],"version-history":[{"count":0,"href":"https:\/\/fashiongold.lt\/lv\/wp-json\/wp\/v2\/product\/298694\/revisions"}],"wp:featuredmedia":[{"embeddable":true,"href":"https:\/\/fashiongold.lt\/lv\/wp-json\/wp\/v2\/media\/29151"}],"wp:attachment":[{"href":"https:\/\/fashiongold.lt\/lv\/wp-json\/wp\/v2\/media?parent=298694"}],"wp:term":[{"taxonomy":"product_brand","embeddable":true,"href":"https:\/\/fashiongold.lt\/lv\/wp-json\/wp\/v2\/product_brand?post=298694"},{"taxonomy":"product_cat","embeddable":true,"href":"https:\/\/fashiongold.lt\/lv\/wp-json\/wp\/v2\/product_cat?post=298694"},{"taxonomy":"product_tag","embeddable":true,"href":"https:\/\/fashiongold.lt\/lv\/wp-json\/wp\/v2\/product_tag?post=298694"}],"curies":[{"name":"wp","href":"https:\/\/api.w.org\/{rel}","templated":true}]}}