{"id":298804,"date":"2025-07-29T10:10:29","date_gmt":"2025-07-29T10:10:29","guid":{"rendered":"https:\/\/fashiongold.lt\/papuosalas\/klasiski-auskari-ar-dimantiem-round-1-20-ct\/"},"modified":"2025-07-29T10:10:29","modified_gmt":"2025-07-29T10:10:29","slug":"klasiski-auskari-ar-dimantiem-round-1-20-ct","status":"publish","type":"product","link":"https:\/\/fashiongold.lt\/lv\/papuosalas\/klasiski-auskari-ar-dimantiem-round-1-20-ct\/","title":{"rendered":"Klasiski auskari ar dimantiem \u2013 Round (1.20 ct)"},"content":{"rendered":"<h3 data-start=\"168\" data-end=\"433\">Apa\u013ci dimanti iemieso perfektu l\u012bdzsvaru, un to mirdzums k\u013c\u016bst par klusu luksusa izpausmi.<\/h3>\n<p data-start=\"168\" data-end=\"433\">Rotaslietas tiek izgatavotas atbilsto\u0161i augst\u0101kajiem juvelierizstr\u0101d\u0101jumu ra\u017eo\u0161anas standartiem. P\u0113c klienta v\u0113lmes par papildu samaksu varam izmantot augst\u0101kas kvalit\u0101tes dimantus.<\/p>\n<p>&nbsp;<\/p>\n<p>\u2022 <a href=\"https:\/\/fashiongold.lt\/lv\/patarimai-lv\/zelta-prove-auskariem-ka-izveleties-kvalitativas-un-ilgmuzigas-rotaslietas\/\" target=\"_blank\" rel=\"noopener\"><strong>D\u0101rgmet\u0101li<\/strong><\/a>: 14K (585. prove), 18K (750. prove), 900 plat\u012bns<br \/>\n\u2022 <a href=\"https:\/\/fashiongold.lt\/lv\/patarimai-lv\/auskaru-zelta-krasa-baltais-sarkanais-un-dzeltenais-zelts-ar-dimantiem\/\" target=\"_blank\" rel=\"noopener\"><strong>Zelta kr\u0101su izv\u0113le<\/strong><\/a>: dzeltena, sarkana, balta<br \/>\n\u2022 <strong><a href=\"https:\/\/fashiongold.lt\/lv\/patarimai-lv\/auskari-ar-dimantiem-idealas-proporcijas-ka-izveleties-idealos\/\" target=\"_blank\" rel=\"noopener\">Auskaru kro\u0146a diametrs<\/a><\/strong>: ap 5.5 mm (iesp\u0113jams main\u012bt)<br \/>\n\u2022 Bendras <a href=\"https:\/\/fashiongold.lt\/auskaru-aukso-svoris\/\" target=\"_blank\" rel=\"noopener\"><strong>zelta svars<\/strong><\/a>: ap 1.50 g<br \/>\n\u2022 Bendras <strong><a href=\"https:\/\/fashiongold.lt\/deimantu-svoris\/\" target=\"_blank\" rel=\"noopener\">dimantu svars<\/a><\/strong>: 1.20 ct<br \/>\n\u2022 <strong><a href=\"https:\/\/fashiongold.lt\/lv\/patarimai-lv\/dimants-citas-dimanta-formas\/\" target=\"_blank\" rel=\"noopener\">Dimantu forma un sl\u012bp\u0113jums<\/a><\/strong>: Apa\u013ca forma (<em>Round cut<\/em>)<br \/>\n\u2022 <strong><a href=\"https:\/\/fashiongold.lt\/lv\/patarimai-lv\/dimants-dabigs-laboratorija-audzets-vai-maksligs-ka-izveleties-pareizi\/\" target=\"_blank\" rel=\"noopener\">Dimantu izcelsme<\/a><\/strong>: Laboratorij\u0101 audz\u0113ti dimanti vai dab\u012bgi dimanti<br \/>\n\u2022 <a href=\"https:\/\/fashiongold.lt\/lv\/patarimai-lv\/dimants-kas-jazina-pirms-iegades\/\" target=\"_blank\" rel=\"noopener\"><strong>Dimanta svars un raksturojums<\/strong><\/a> (iesp\u0113jams main\u012bt):<br \/>\nLaboratorij\u0101 audz\u0113ts dimants (IGI sertifik\u0101ts): 0.60 ct dimants (kr\u0101sa D-E, dzidrums VVS)<br \/>\nDab\u012bgs dimants (GIA sertifik\u0101ts): 0.60 ct dimants (kr\u0101sa G-I, dzidrums SI)<br \/>\n\u2022 <a href=\"https:\/\/fashiongold.lt\/lv\/piegade-un-atgriesana\/\" target=\"_blank\" rel=\"noopener\"><strong>Izgatavo\u0161anas un pieg\u0101des laiks<\/strong><\/a>: parasti aptuveni 14 d. d., nepiecie\u0161am\u012bbas gad\u012bjum\u0101 varam piel\u0101got steidzamu variantu <span data-sheets-root=\"1\">\u2013 <\/span>7 d. d.<\/p>\n<p>&nbsp;<\/p>\n<p>Vai jums ir savs zelts vai d\u0101rgakmens? T\u0101d\u0101 gad\u012bjum\u0101 auskaru cena b\u016bs zem\u0101ka <span data-sheets-root=\"1\">\u2013<\/span> maks\u0101siet tikai par rotaslietas izgatavo\u0161anu. V\u0113laties main\u012bt dimantu raksturojumu \u2013 kr\u0101su, izm\u0113ru vai dzidrumu? Visu varam piel\u0101got j\u016bsu vajadz\u012bb\u0101m. <strong><a href=\"https:\/\/fashiongold.lt\/lv\/kontakti\/\" target=\"_blank\" rel=\"noopener\">Sazinieties<\/a><\/strong> ar mums, un m\u0113s apspried\u012bsim individu\u0101l\u0101s iesp\u0113jas.<br \/>\nIkviens atrad\u012bs juvelierizstr\u0101d\u0101jumus ar dimantiem savam stilam \u2013 no smalkas klasikas l\u012bdz grezniem akcentiem. FashionGold aicina personaliz\u0113t rotaslietas un p\u0101rv\u0113rst t\u0101s par j\u016bsu unik\u0101lo st\u0101stu.<\/p>\n","protected":false},"excerpt":{"rendered":"<h2><span data-sheets-root=\"1\">Klasiski auskari ar dimantiem (1.20 ct) \u2013 Round mirdzums katram gad\u012bjumam.<\/span><\/h2>\n<p>Klasiski auskari ar dimantiem ir rotaslieta, kas nekad nezaud\u0113 savu v\u0113rt\u012bbu. <em>Round<\/em> sl\u012bp\u0113juma akme\u0146i ir meistariski kompon\u0113ti t\u0101, lai katrs no tiem atspogu\u013cotu maksim\u0101lu gaismas burv\u012bbu. \u010cetras smalkas k\u0101ji\u0146as nodro\u0161ina iztur\u012bbu, saglab\u0101jot minim\u0101listisku eleganci. Izv\u0113l\u0113tais d\u0101rgmet\u0101ls \u2013 zelts vai plat\u012bns \u2013 pie\u0161\u0137ir \u0161iem auskariem uzticam\u012bbu un grezn\u012bbu. T\u0101 ir univers\u0101la rotaslieta, kas lieliski piest\u0101v gan ikdienas, gan sv\u0113tku t\u0113lam, sniedzot p\u0101rliec\u012bbu un \u012bpa\u0161u \u0161armu.<\/p>\n","protected":false},"featured_media":32912,"template":"","meta":{"site-sidebar-layout":"default","site-content-layout":"","ast-site-content-layout":"default","site-content-style":"default","site-sidebar-style":"default","ast-global-header-display":"","ast-banner-title-visibility":"","ast-main-header-display":"","ast-hfb-above-header-display":"","ast-hfb-below-header-display":"","ast-hfb-mobile-header-display":"","site-post-title":"","ast-breadcrumbs-content":"","ast-featured-img":"","footer-sml-layout":"","ast-disable-related-posts":"","theme-transparent-header-meta":"default","adv-header-id-meta":"","stick-header-meta":"","header-above-stick-meta":"","header-main-stick-meta":"","header-below-stick-meta":"","astra-migrate-meta-layouts":"default","ast-page-background-enabled":"default","ast-page-background-meta":{"desktop":{"background-color":"var(--ast-global-color-4)","background-image":"","background-repeat":"repeat","background-position":"center center","background-size":"auto","background-attachment":"scroll","background-type":"","background-media":"","overlay-type":"","overlay-color":"","overlay-opacity":"","overlay-gradient":""},"tablet":{"background-color":"","background-image":"","background-repeat":"repeat","background-position":"center center","background-size":"auto","background-attachment":"scroll","background-type":"","background-media":"","overlay-type":"","overlay-color":"","overlay-opacity":"","overlay-gradient":""},"mobile":{"background-color":"","background-image":"","background-repeat":"repeat","background-position":"center center","background-size":"auto","background-attachment":"scroll","background-type":"","background-media":"","overlay-type":"","overlay-color":"","overlay-opacity":"","overlay-gradient":""}},"ast-content-background-meta":{"desktop":{"background-color":"var(--ast-global-color-5)","background-image":"","background-repeat":"repeat","background-position":"center center","background-size":"auto","background-attachment":"scroll","background-type":"","background-media":"","overlay-type":"","overlay-color":"","overlay-opacity":"","overlay-gradient":""},"tablet":{"background-color":"var(--ast-global-color-5)","background-image":"","background-repeat":"repeat","background-position":"center center","background-size":"auto","background-attachment":"scroll","background-type":"","background-media":"","overlay-type":"","overlay-color":"","overlay-opacity":"","overlay-gradient":""},"mobile":{"background-color":"var(--ast-global-color-5)","background-image":"","background-repeat":"repeat","background-position":"center center","background-size":"auto","background-attachment":"scroll","background-type":"","background-media":"","overlay-type":"","overlay-color":"","overlay-opacity":"","overlay-gradient":""}}},"product_brand":[],"product_cat":[4022,2978,3505,2981,2919,3042,3504,2932],"product_tag":[],"class_list":{"0":"post-298804","1":"product","2":"type-product","3":"status-publish","4":"has-post-thumbnail","6":"product_cat-aproces-ar-dimantiem-laboratorijas","7":"product_cat-auskari-ar-dimantiem","8":"product_cat-auskari-ar-dimantiem-laboratorijas","9":"product_cat-auskari-naglinas","10":"product_cat-baltzelta-rotaslietas","11":"product_cat-juvelierizstradajumi","12":"product_cat-juvelierizstradajumi-ar-laboratorija-audzetiem-dimantiem","13":"product_cat-rotaslietas-sievietem","14":"desktop-align-center","15":"tablet-align-left","16":"mobile-align-left","17":"ast-product-gallery-layout-horizontal-slider","18":"ast-product-single-variable","19":"ast-product-tabs-layout-accordion","20":"ast-qv-on-image","22":"first","23":"instock","24":"taxable","25":"shipping-taxable","26":"purchasable","27":"product-type-variable"},"yoast_head":"<!-- This site is optimized with the Yoast SEO plugin v26.6 - https:\/\/yoast.com\/wordpress\/plugins\/seo\/ -->\n<title>Klasiskie auskari ar dimantu - ROUND DIMANTI (1.20 ct)<\/title>\n<meta name=\"description\" content=\"Auskari ar dimantiem \u2013 apa\u013ca dimanta sl\u012bp\u0113juma mirdzums, rad\u012bts tiem, kuri nov\u0113rt\u0113 klasiku un rafin\u0113tu stilu ikvien\u0101 kust\u012bb\u0101.\" \/>\n<meta name=\"robots\" content=\"index, follow, max-snippet:-1, max-image-preview:large, max-video-preview:-1\" \/>\n<link rel=\"canonical\" href=\"https:\/\/fashiongold.lt\/lv\/papuosalas\/klasiski-auskari-ar-dimantiem-round-1-20-ct\/\" \/>\n<meta property=\"og:locale\" content=\"lv_LV\" \/>\n<meta property=\"og:type\" content=\"article\" \/>\n<meta property=\"og:title\" content=\"Klasiskie auskari ar dimantu - ROUND DIMANTI (1.20 ct)\" \/>\n<meta property=\"og:description\" content=\"Auskari ar dimantiem \u2013 apa\u013ca dimanta sl\u012bp\u0113juma mirdzums, rad\u012bts tiem, kuri nov\u0113rt\u0113 klasiku un rafin\u0113tu stilu ikvien\u0101 kust\u012bb\u0101.\" \/>\n<meta property=\"og:url\" content=\"https:\/\/fashiongold.lt\/lv\/papuosalas\/klasiski-auskari-ar-dimantiem-round-1-20-ct\/\" \/>\n<meta property=\"og:site_name\" content=\"FashionGold.lt\" \/>\n<meta property=\"og:image\" content=\"https:\/\/fashiongold.lt\/wp-content\/uploads\/2025\/07\/Klasikiniai-balto-aukso-auskarai-su-deimantu-Round.webp\" \/>\n\t<meta property=\"og:image:width\" content=\"800\" \/>\n\t<meta property=\"og:image:height\" content=\"800\" \/>\n\t<meta property=\"og:image:type\" content=\"image\/png\" \/>\n<meta name=\"twitter:card\" content=\"summary_large_image\" \/>\n<meta name=\"twitter:label1\" content=\"Est. reading time\" \/>\n\t<meta name=\"twitter:data1\" content=\"1 minute\" \/>\n<script type=\"application\/ld+json\" class=\"yoast-schema-graph\">{\"@context\":\"https:\/\/schema.org\",\"@graph\":[{\"@type\":\"WebPage\",\"@id\":\"https:\/\/fashiongold.lt\/lv\/papuosalas\/klasiski-auskari-ar-dimantiem-round-1-20-ct\/\",\"url\":\"https:\/\/fashiongold.lt\/lv\/papuosalas\/klasiski-auskari-ar-dimantiem-round-1-20-ct\/\",\"name\":\"Klasiskie auskari ar dimantu - ROUND DIMANTI (1.20 ct)\",\"isPartOf\":{\"@id\":\"https:\/\/fashiongold.lt\/lv\/#website\"},\"primaryImageOfPage\":{\"@id\":\"https:\/\/fashiongold.lt\/lv\/papuosalas\/klasiski-auskari-ar-dimantiem-round-1-20-ct\/#primaryimage\"},\"image\":{\"@id\":\"https:\/\/fashiongold.lt\/lv\/papuosalas\/klasiski-auskari-ar-dimantiem-round-1-20-ct\/#primaryimage\"},\"thumbnailUrl\":\"https:\/\/fashiongold.lt\/wp-content\/uploads\/2025\/07\/Klasikiniai-balto-aukso-auskarai-su-deimantu-Round.png\",\"datePublished\":\"2025-07-29T10:10:29+00:00\",\"description\":\"Auskari ar dimantiem \u2013 apa\u013ca dimanta sl\u012bp\u0113juma mirdzums, rad\u012bts tiem, kuri nov\u0113rt\u0113 klasiku un rafin\u0113tu stilu ikvien\u0101 kust\u012bb\u0101.\",\"breadcrumb\":{\"@id\":\"https:\/\/fashiongold.lt\/lv\/papuosalas\/klasiski-auskari-ar-dimantiem-round-1-20-ct\/#breadcrumb\"},\"inLanguage\":\"lv-LV\",\"potentialAction\":[{\"@type\":\"ReadAction\",\"target\":[\"https:\/\/fashiongold.lt\/lv\/papuosalas\/klasiski-auskari-ar-dimantiem-round-1-20-ct\/\"]}]},{\"@type\":\"ImageObject\",\"inLanguage\":\"lv-LV\",\"@id\":\"https:\/\/fashiongold.lt\/lv\/papuosalas\/klasiski-auskari-ar-dimantiem-round-1-20-ct\/#primaryimage\",\"url\":\"https:\/\/fashiongold.lt\/wp-content\/uploads\/2025\/07\/Klasikiniai-balto-aukso-auskarai-su-deimantu-Round.png\",\"contentUrl\":\"https:\/\/fashiongold.lt\/wp-content\/uploads\/2025\/07\/Klasikiniai-balto-aukso-auskarai-su-deimantu-Round.png\",\"width\":800,\"height\":800,\"caption\":\"Klasikiniai auskarai su apvaliais deimantais i\u0161 geltono aukso\"},{\"@type\":\"BreadcrumbList\",\"@id\":\"https:\/\/fashiongold.lt\/lv\/papuosalas\/klasiski-auskari-ar-dimantiem-round-1-20-ct\/#breadcrumb\",\"itemListElement\":[{\"@type\":\"ListItem\",\"position\":1,\"name\":\"Home\",\"item\":\"https:\/\/fashiongold.lt\/lv\/\"},{\"@type\":\"ListItem\",\"position\":2,\"name\":\"Dimantu veikals Fashiongold.lt\",\"item\":\"https:\/\/fashiongold.lt\/shop-2\/\"},{\"@type\":\"ListItem\",\"position\":3,\"name\":\"Klasiski auskari ar dimantiem \u2013 Round (1.20 ct)\"}]},{\"@type\":\"WebSite\",\"@id\":\"https:\/\/fashiongold.lt\/lv\/#website\",\"url\":\"https:\/\/fashiongold.lt\/lv\/\",\"name\":\"Fashion Gold\",\"description\":\"Juvelyrikos namai\",\"publisher\":{\"@id\":\"https:\/\/fashiongold.lt\/lv\/#organization\"},\"potentialAction\":[{\"@type\":\"SearchAction\",\"target\":{\"@type\":\"EntryPoint\",\"urlTemplate\":\"https:\/\/fashiongold.lt\/lv\/?s={search_term_string}\"},\"query-input\":{\"@type\":\"PropertyValueSpecification\",\"valueRequired\":true,\"valueName\":\"search_term_string\"}}],\"inLanguage\":\"lv-LV\"},{\"@type\":\"Organization\",\"@id\":\"https:\/\/fashiongold.lt\/lv\/#organization\",\"name\":\"Topdiamonds Online\",\"url\":\"https:\/\/fashiongold.lt\/lv\/\",\"logo\":{\"@type\":\"ImageObject\",\"inLanguage\":\"lv-LV\",\"@id\":\"https:\/\/fashiongold.lt\/lv\/#\/schema\/logo\/image\/\",\"url\":\"https:\/\/fashiongold.lt\/wp-content\/uploads\/2025\/04\/cropped-fashion_gold_logotipas2-scaled-1.png\",\"contentUrl\":\"https:\/\/fashiongold.lt\/wp-content\/uploads\/2025\/04\/cropped-fashion_gold_logotipas2-scaled-1.png\",\"width\":2559,\"height\":421,\"caption\":\"Topdiamonds Online\"},\"image\":{\"@id\":\"https:\/\/fashiongold.lt\/lv\/#\/schema\/logo\/image\/\"}}]}<\/script>\n<!-- \/ Yoast SEO plugin. -->","yoast_head_json":{"title":"Klasiskie auskari ar dimantu - ROUND DIMANTI (1.20 ct)","description":"Auskari ar dimantiem \u2013 apa\u013ca dimanta sl\u012bp\u0113juma mirdzums, rad\u012bts tiem, kuri nov\u0113rt\u0113 klasiku un rafin\u0113tu stilu ikvien\u0101 kust\u012bb\u0101.","robots":{"index":"index","follow":"follow","max-snippet":"max-snippet:-1","max-image-preview":"max-image-preview:large","max-video-preview":"max-video-preview:-1"},"canonical":"https:\/\/fashiongold.lt\/lv\/papuosalas\/klasiski-auskari-ar-dimantiem-round-1-20-ct\/","og_locale":"lv_LV","og_type":"article","og_title":"Klasiskie auskari ar dimantu - ROUND DIMANTI (1.20 ct)","og_description":"Auskari ar dimantiem \u2013 apa\u013ca dimanta sl\u012bp\u0113juma mirdzums, rad\u012bts tiem, kuri nov\u0113rt\u0113 klasiku un rafin\u0113tu stilu ikvien\u0101 kust\u012bb\u0101.","og_url":"https:\/\/fashiongold.lt\/lv\/papuosalas\/klasiski-auskari-ar-dimantiem-round-1-20-ct\/","og_site_name":"FashionGold.lt","og_image":[{"width":800,"height":800,"url":"https:\/\/fashiongold.lt\/wp-content\/uploads\/2025\/07\/Klasikiniai-balto-aukso-auskarai-su-deimantu-Round.webp","type":"image\/png"}],"twitter_card":"summary_large_image","twitter_misc":{"Est. reading time":"1 minute"},"schema":{"@context":"https:\/\/schema.org","@graph":[{"@type":"WebPage","@id":"https:\/\/fashiongold.lt\/lv\/papuosalas\/klasiski-auskari-ar-dimantiem-round-1-20-ct\/","url":"https:\/\/fashiongold.lt\/lv\/papuosalas\/klasiski-auskari-ar-dimantiem-round-1-20-ct\/","name":"Klasiskie auskari ar dimantu - ROUND DIMANTI (1.20 ct)","isPartOf":{"@id":"https:\/\/fashiongold.lt\/lv\/#website"},"primaryImageOfPage":{"@id":"https:\/\/fashiongold.lt\/lv\/papuosalas\/klasiski-auskari-ar-dimantiem-round-1-20-ct\/#primaryimage"},"image":{"@id":"https:\/\/fashiongold.lt\/lv\/papuosalas\/klasiski-auskari-ar-dimantiem-round-1-20-ct\/#primaryimage"},"thumbnailUrl":"https:\/\/fashiongold.lt\/wp-content\/uploads\/2025\/07\/Klasikiniai-balto-aukso-auskarai-su-deimantu-Round.png","datePublished":"2025-07-29T10:10:29+00:00","description":"Auskari ar dimantiem \u2013 apa\u013ca dimanta sl\u012bp\u0113juma mirdzums, rad\u012bts tiem, kuri nov\u0113rt\u0113 klasiku un rafin\u0113tu stilu ikvien\u0101 kust\u012bb\u0101.","breadcrumb":{"@id":"https:\/\/fashiongold.lt\/lv\/papuosalas\/klasiski-auskari-ar-dimantiem-round-1-20-ct\/#breadcrumb"},"inLanguage":"lv-LV","potentialAction":[{"@type":"ReadAction","target":["https:\/\/fashiongold.lt\/lv\/papuosalas\/klasiski-auskari-ar-dimantiem-round-1-20-ct\/"]}]},{"@type":"ImageObject","inLanguage":"lv-LV","@id":"https:\/\/fashiongold.lt\/lv\/papuosalas\/klasiski-auskari-ar-dimantiem-round-1-20-ct\/#primaryimage","url":"https:\/\/fashiongold.lt\/wp-content\/uploads\/2025\/07\/Klasikiniai-balto-aukso-auskarai-su-deimantu-Round.png","contentUrl":"https:\/\/fashiongold.lt\/wp-content\/uploads\/2025\/07\/Klasikiniai-balto-aukso-auskarai-su-deimantu-Round.png","width":800,"height":800,"caption":"Klasikiniai auskarai su apvaliais deimantais i\u0161 geltono aukso"},{"@type":"BreadcrumbList","@id":"https:\/\/fashiongold.lt\/lv\/papuosalas\/klasiski-auskari-ar-dimantiem-round-1-20-ct\/#breadcrumb","itemListElement":[{"@type":"ListItem","position":1,"name":"Home","item":"https:\/\/fashiongold.lt\/lv\/"},{"@type":"ListItem","position":2,"name":"Dimantu veikals Fashiongold.lt","item":"https:\/\/fashiongold.lt\/shop-2\/"},{"@type":"ListItem","position":3,"name":"Klasiski auskari ar dimantiem \u2013 Round (1.20 ct)"}]},{"@type":"WebSite","@id":"https:\/\/fashiongold.lt\/lv\/#website","url":"https:\/\/fashiongold.lt\/lv\/","name":"Fashion Gold","description":"Juvelyrikos namai","publisher":{"@id":"https:\/\/fashiongold.lt\/lv\/#organization"},"potentialAction":[{"@type":"SearchAction","target":{"@type":"EntryPoint","urlTemplate":"https:\/\/fashiongold.lt\/lv\/?s={search_term_string}"},"query-input":{"@type":"PropertyValueSpecification","valueRequired":true,"valueName":"search_term_string"}}],"inLanguage":"lv-LV"},{"@type":"Organization","@id":"https:\/\/fashiongold.lt\/lv\/#organization","name":"Topdiamonds Online","url":"https:\/\/fashiongold.lt\/lv\/","logo":{"@type":"ImageObject","inLanguage":"lv-LV","@id":"https:\/\/fashiongold.lt\/lv\/#\/schema\/logo\/image\/","url":"https:\/\/fashiongold.lt\/wp-content\/uploads\/2025\/04\/cropped-fashion_gold_logotipas2-scaled-1.png","contentUrl":"https:\/\/fashiongold.lt\/wp-content\/uploads\/2025\/04\/cropped-fashion_gold_logotipas2-scaled-1.png","width":2559,"height":421,"caption":"Topdiamonds Online"},"image":{"@id":"https:\/\/fashiongold.lt\/lv\/#\/schema\/logo\/image\/"}}]}},"_links":{"self":[{"href":"https:\/\/fashiongold.lt\/lv\/wp-json\/wp\/v2\/product\/298804","targetHints":{"allow":["GET"]}}],"collection":[{"href":"https:\/\/fashiongold.lt\/lv\/wp-json\/wp\/v2\/product"}],"about":[{"href":"https:\/\/fashiongold.lt\/lv\/wp-json\/wp\/v2\/types\/product"}],"version-history":[{"count":0,"href":"https:\/\/fashiongold.lt\/lv\/wp-json\/wp\/v2\/product\/298804\/revisions"}],"wp:featuredmedia":[{"embeddable":true,"href":"https:\/\/fashiongold.lt\/lv\/wp-json\/wp\/v2\/media\/32912"}],"wp:attachment":[{"href":"https:\/\/fashiongold.lt\/lv\/wp-json\/wp\/v2\/media?parent=298804"}],"wp:term":[{"taxonomy":"product_brand","embeddable":true,"href":"https:\/\/fashiongold.lt\/lv\/wp-json\/wp\/v2\/product_brand?post=298804"},{"taxonomy":"product_cat","embeddable":true,"href":"https:\/\/fashiongold.lt\/lv\/wp-json\/wp\/v2\/product_cat?post=298804"},{"taxonomy":"product_tag","embeddable":true,"href":"https:\/\/fashiongold.lt\/lv\/wp-json\/wp\/v2\/product_tag?post=298804"}],"curies":[{"name":"wp","href":"https:\/\/api.w.org\/{rel}","templated":true}]}}