{"id":298999,"date":"2025-07-21T15:35:26","date_gmt":"2025-07-21T15:35:26","guid":{"rendered":"https:\/\/fashiongold.lt\/papuosalas\/halo-dizaina-kulons-ar-dimantiem-ovals-1-05-ct\/"},"modified":"2025-07-21T15:35:26","modified_gmt":"2025-07-21T15:35:26","slug":"halo-dizaina-kulons-ar-dimantiem-ovals-1-05-ct","status":"publish","type":"product","link":"https:\/\/fashiongold.lt\/lv\/papuosalas\/halo-dizaina-kulons-ar-dimantiem-ovals-1-05-ct\/","title":{"rendered":"Halo dizaina kulons ar dimantiem &#8211; Ov\u0101ls (1.05 ct)"},"content":{"rendered":"<p><span data-sheets-root=\"1\">M<\/span>\u016bsu rotaslietas tiek izgatavotas saska\u0146\u0101 ar stingriem juvelierizstr\u0101d\u0101jumu kvalit\u0101tes standartiem, nodro\u0161inot katras deta\u013cas precizit\u0101ti. Par papildu samaksu iesp\u0113jams izv\u0113l\u0113ties augst\u0101kas kvalit\u0101tes dimantus, kas piel\u0101goti individu\u0101lam pas\u016bt\u012bjumam.<\/p>\n<p>&nbsp;<\/p>\n<p><span data-sheets-root=\"1\">\u2022 <a href=\"https:\/\/fashiongold.lt\/lv\/patarimai-lv\/zelta-prove-kulonam-ka-izveleties-piemerotako\/\" target=\"_blank\" rel=\"noopener\"><strong>D\u0101rgmet\u0101li<\/strong><\/a>: 14K (585. prove), 18K (750. prove), 900 plat\u012bns<br \/>\n\u2022 <a href=\"https:\/\/fashiongold.lt\/lv\/patarimai-lv\/piekarini-un-zelta-krasa-ka-izveleties-balto-sarto-vai-dzelteno-zeltu\/\" target=\"_blank\" rel=\"noopener\"><strong>Zelta kr\u0101su izv\u0113le<\/strong><\/a>: balts, sarkans, dzeltens<br \/>\n<\/span><span data-sheets-root=\"1\">\u2022 Kop\u0113jais<a href=\"https:\/\/fashiongold.lt\/lv\/patarimai-lv\/zelta-kedites-kvalitate-svars-prove-zelta-krasa-un-garums\/\" target=\"_blank\" rel=\"noopener\"><strong> zelta svars<\/strong><\/a>: 2.00 g &#8211; 3.00 g<br \/>\n\u2022 <a href=\"https:\/\/fashiongold.lt\/lv\/patarimai-lv\/ideala-kombinacija-kulons-ar-dimantu-un-piemerots-kedites-garums\/\" target=\"_blank\" rel=\"noopener\"><strong>\u0136\u0113d\u012btes garums<\/strong><\/a>: 43-45 cm (regul\u0113jams)<br \/>\n\u2022 <a href=\"https:\/\/fashiongold.lt\/lv\/patarimai-lv\/zelta-piekarini-ar-dimantiem-kapec-izmeri-nosaka-kvalitati\/\" target=\"_blank\" rel=\"noopener\"><strong>Kulona<\/strong><strong> kro\u0146a diametrs<\/strong><\/a>: aptuveni 7.75 mm x 5.75 mm<br \/>\n\u2022 <strong><a href=\"https:\/\/fashiongold.lt\/lv\/patarimai-lv\/dimants-citas-dimanta-formas\/\" target=\"_blank\" rel=\"noopener\">Dimantu forma un sl\u012bp\u0113jums<\/a><\/strong>: Ov\u0101la forma (<em>Oval cut<\/em>)<br \/>\n\u2022 <strong><a href=\"https:\/\/fashiongold.lt\/lv\/patarimai-lv\/dimants-dabigs-laboratorija-audzets-vai-maksligs-ka-izveleties-pareizi\/\" target=\"_blank\" rel=\"noopener\">Dimantu izcelsme<\/a><\/strong>: Laboratorij\u0101 audz\u0113ti dimanti vai dab\u012bgie dimanti<br \/>\n\u2022 <a href=\"https:\/\/fashiongold.lt\/lv\/patarimai-lv\/dimants-kas-jazina-pirms-iegades\/\" target=\"_blank\" rel=\"noopener\"><strong>Dimantu svars un raksturojums<\/strong><\/a> (iesp\u0113jams main\u012bt):<br \/>\nLaboratorij\u0101 audz\u0113ts dimants (IGI sertifik\u0101ts): 0.90 ct dimants (kr\u0101sa D-E, dzidrums VVS)<br \/>\nDab\u012bgs dimants (GIA sertifik\u0101ts): 0.90 ct dimants (kr\u0101sa G-I, dzidrums SI)<br \/>\nHalo vainadzi\u0146\u0101: aptuveni 0.15 ct dimanti (iesp\u0113jams main\u012bt)<br \/>\n\u2022 Kop\u0113jais dimantu svars: 1.05 ct<br \/>\n<strong>Piez\u012bme<\/strong>: p\u0113rkot Halo stila kulonu, pie\u013caujam\u0101 kop\u0113j\u0101 kar\u0101tu svara k\u013c\u016bda: 1.03 ct &#8211; 1.07 ct<br \/>\n\u2022 Bezmaksas <strong><a href=\"https:\/\/fashiongold.lt\/lv\/patarimai-lv\/saderinasanas-gredzeni-vai-gredzenu-var-iegravet-detalas-kas-pieskir-jusu-saderinasanas-gredzenam-individualitati\/\" target=\"_blank\" rel=\"noopener\">grav\u0113\u0161ana<\/a><\/strong><br \/>\n\u2022 <a href=\"https:\/\/fashiongold.lt\/lv\/piegade-un-atgriesana\/\" target=\"_blank\" rel=\"noopener\"><strong>Izgatavo\u0161anas un pieg\u0101des termi\u0146\u0161<\/strong><\/a>: aptuveni 14 darba dienas, steidzam\u012bbas k\u0101rt\u0101 7 d.d. laik\u0101<br \/>\n\u2022 Vienreiz\u0113ja bezmaksas <a href=\"https:\/\/fashiongold.lt\/lv\/patarimai-lv\/zelta-kedite-bezmaksas-garuma-maina-iegadajoties-no-fashiongold-lt\/\" target=\"_blank\" rel=\"noopener\"><strong>\u0137\u0113d\u012btes garuma mai\u0146a<\/strong><\/a><br \/>\n<\/span><\/p>\n<p>&nbsp;<\/p>\n<p>Jums ir savs zelts vai d\u0101rgakmens? T\u0101d\u0101 gad\u012bjum\u0101 cena b\u016bs zem\u0101ka \u2013 j\u0101maks\u0101 b\u016bs tikai par juveliera darbu. V\u0113laties main\u012bt dimantu kr\u0101su, izm\u0113ru vai dzidrumu? M\u0113s visu piel\u0101gosim j\u016bsu v\u0113lm\u0113m.<br data-start=\"317\" data-end=\"320\" \/><strong><a href=\"https:\/\/fashiongold.lt\/lv\/kontakti\/\" target=\"_blank\" rel=\"noopener\">Sazinieties <\/a><\/strong>ar mums \u2013 m\u0113s pal\u012bdz\u0113sim rad\u012bt rotaslietu, kas atspogu\u013co j\u016bsu stilu. <em data-start=\"396\" data-end=\"409\">FashionGold<\/em> \u2013 no subtilas klasikas l\u012bdz izteiksm\u012bgai grezn\u012bbai.<\/p>\n","protected":false},"excerpt":{"rendered":"<div class=\"flex max-w-full flex-col grow\">\n<div class=\"min-h-8 text-message relative flex w-full flex-col items-end gap-2 text-start break-words whitespace-normal [.text-message+&amp;]:mt-5\" dir=\"auto\" data-message-author-role=\"assistant\" data-message-id=\"5c71cca1-97a8-4be4-98f8-ae3b265b8ca4\" data-message-model-slug=\"gpt-4o\">\n<div class=\"flex w-full flex-col gap-1 empty:hidden first:pt-[3px]\">\n<div class=\"markdown prose dark:prose-invert w-full break-words dark\">\n<article class=\"text-token-text-primary w-full\" dir=\"auto\" data-testid=\"conversation-turn-16\" data-scroll-anchor=\"true\">\n<div class=\"text-base my-auto mx-auto py-5 [--thread-content-margin:--spacing(4)] @[37rem]:[--thread-content-margin:--spacing(6)] @[72rem]:[--thread-content-margin:--spacing(16)] px-(--thread-content-margin)\">\n<div class=\"[--thread-content-max-width:32rem] @[34rem]:[--thread-content-max-width:40rem] @[64rem]:[--thread-content-max-width:48rem] mx-auto flex max-w-(--thread-content-max-width) flex-1 text-base gap-4 md:gap-5 lg:gap-6 group\/turn-messages focus-visible:outline-hidden\" tabindex=\"-1\">\n<div class=\"group\/conversation-turn relative flex w-full min-w-0 flex-col agent-turn\">\n<div class=\"relative flex-col gap-1 md:gap-3\">\n<div class=\"flex max-w-full flex-col grow\">\n<div class=\"min-h-8 text-message relative flex w-full flex-col items-end gap-2 text-start break-words whitespace-normal [.text-message+&amp;]:mt-5\" dir=\"auto\" data-message-author-role=\"assistant\" data-message-id=\"6b6bce92-f7da-4b83-b8a2-6a8f5061b6dd\" data-message-model-slug=\"gpt-4o\">\n<div class=\"flex w-full flex-col gap-1 empty:hidden first:pt-[3px]\">\n<div class=\"markdown prose dark:prose-invert w-full break-words dark\">\n<h2 data-start=\"2994\" data-end=\"3089\">Halo dizaina kulons ar dimantiem \u2013 prec\u012bzi konstru\u0113ta gaismas arhitekt\u016bra.<\/h2>\n<p data-start=\"3091\" data-end=\"3438\">\u0160is Halo dizaina kulons ar dimantiem ir meistar\u012bbas paraugstunda. Centr\u0101l\u0101 <em>Oval<\/em> sl\u012bp\u0113juma dimanta proporcijas balans\u0113 starp gaismas refleksiju un apjomu, savuk\u0101rt ap to eso\u0161ie mazie akmenti\u0146i mirdz k\u0101 gaismas spogu\u013ci. Halo oreols \u0161aj\u0101 rotasliet\u0101 ir rad\u012bts ne tikai skaistumam, bet ar\u012b funkcionalit\u0101tei \u2013 tas palielina centr\u0101l\u0101 akmens mirdzumu pat par 30% un papildus aizsarg\u0101 galveno akmeni no \u0101r\u0113jiem faktoriem.<\/p>\n<h3 data-start=\"3440\" data-end=\"3502\"><em>Oval<\/em> sl\u012bp\u0113juma dimants \u2013 prec\u012bzas \u0123eometrijas dzeja<\/h3>\n<p data-start=\"3504\" data-end=\"3778\">1.05 ct Halo dizaina kulons ar dimantiem atspogu\u013co perfektas simetrijas skaistumu. Katrs dimants \u0161eit ir iestr\u0101d\u0101ts ar precizit\u0101ti, lai gaisma l\u016bztu da\u017e\u0101dos le\u0146\u0137os \u2013 t\u0101 ir optiska il\u016bzija, kas pie\u0161\u0137ir rotaslietai dz\u012bv\u012bgumu. Tas ir paredz\u0113ts sievietei, kura nov\u0113rt\u0113 k\u0101rt\u012bbu, strukt\u016bru un dzi\u013cumu.<\/p>\n<\/div>\n<\/div>\n<\/div>\n<\/div>\n<\/div>\n<\/div>\n<\/div>\n<\/div>\n<\/article>\n<\/div>\n<\/div>\n<\/div>\n<\/div>\n","protected":false},"featured_media":27571,"template":"","meta":{"site-sidebar-layout":"default","site-content-layout":"","ast-site-content-layout":"default","site-content-style":"default","site-sidebar-style":"default","ast-global-header-display":"","ast-banner-title-visibility":"","ast-main-header-display":"","ast-hfb-above-header-display":"","ast-hfb-below-header-display":"","ast-hfb-mobile-header-display":"","site-post-title":"","ast-breadcrumbs-content":"","ast-featured-img":"","footer-sml-layout":"","ast-disable-related-posts":"","theme-transparent-header-meta":"default","adv-header-id-meta":"","stick-header-meta":"","header-above-stick-meta":"","header-main-stick-meta":"","header-below-stick-meta":"","astra-migrate-meta-layouts":"default","ast-page-background-enabled":"default","ast-page-background-meta":{"desktop":{"background-color":"var(--ast-global-color-4)","background-image":"","background-repeat":"repeat","background-position":"center center","background-size":"auto","background-attachment":"scroll","background-type":"","background-media":"","overlay-type":"","overlay-color":"","overlay-opacity":"","overlay-gradient":""},"tablet":{"background-color":"","background-image":"","background-repeat":"repeat","background-position":"center center","background-size":"auto","background-attachment":"scroll","background-type":"","background-media":"","overlay-type":"","overlay-color":"","overlay-opacity":"","overlay-gradient":""},"mobile":{"background-color":"","background-image":"","background-repeat":"repeat","background-position":"center center","background-size":"auto","background-attachment":"scroll","background-type":"","background-media":"","overlay-type":"","overlay-color":"","overlay-opacity":"","overlay-gradient":""}},"ast-content-background-meta":{"desktop":{"background-color":"var(--ast-global-color-5)","background-image":"","background-repeat":"repeat","background-position":"center center","background-size":"auto","background-attachment":"scroll","background-type":"","background-media":"","overlay-type":"","overlay-color":"","overlay-opacity":"","overlay-gradient":""},"tablet":{"background-color":"var(--ast-global-color-5)","background-image":"","background-repeat":"repeat","background-position":"center center","background-size":"auto","background-attachment":"scroll","background-type":"","background-media":"","overlay-type":"","overlay-color":"","overlay-opacity":"","overlay-gradient":""},"mobile":{"background-color":"var(--ast-global-color-5)","background-image":"","background-repeat":"repeat","background-position":"center center","background-size":"auto","background-attachment":"scroll","background-type":"","background-media":"","overlay-type":"","overlay-color":"","overlay-opacity":"","overlay-gradient":""}}},"product_brand":[],"product_cat":[3490,3028],"product_tag":[],"class_list":{"0":"post-298999","1":"product","2":"type-product","3":"status-publish","4":"has-post-thumbnail","6":"product_cat-kedites-ar-dimantiem","7":"product_cat-kuloni-ar-dimantiem","8":"desktop-align-center","9":"tablet-align-left","10":"mobile-align-left","11":"ast-product-gallery-layout-horizontal-slider","12":"ast-product-single-variable","13":"ast-product-tabs-layout-accordion","14":"ast-qv-on-image","16":"first","17":"instock","18":"taxable","19":"shipping-taxable","20":"purchasable","21":"product-type-variable"},"yoast_head":"<!-- This site is optimized with the Yoast SEO plugin v26.6 - https:\/\/yoast.com\/wordpress\/plugins\/seo\/ -->\n<title>Halo dizaina kulons ar dimantiem - Ov\u0101ls (1.05 ct)<\/title>\n<meta name=\"description\" content=\"Halo dizaina kulons ar dimantiem \u2013 ov\u0101la sl\u012bp\u0113juma d\u0101rgakmens, veidots no gaismas arhitekt\u016bras un prec\u012bz\u0101m proporcij\u0101m.\" \/>\n<meta name=\"robots\" content=\"index, follow, max-snippet:-1, max-image-preview:large, max-video-preview:-1\" \/>\n<link rel=\"canonical\" href=\"https:\/\/fashiongold.lt\/lv\/papuosalas\/halo-dizaina-kulons-ar-dimantiem-ovals-1-05-ct\/\" \/>\n<meta property=\"og:locale\" content=\"lv_LV\" \/>\n<meta property=\"og:type\" content=\"article\" \/>\n<meta property=\"og:title\" content=\"Halo dizaina kulons ar dimantiem - Ov\u0101ls (1.05 ct)\" \/>\n<meta property=\"og:description\" content=\"Halo dizaina kulons ar dimantiem \u2013 ov\u0101la sl\u012bp\u0113juma d\u0101rgakmens, veidots no gaismas arhitekt\u016bras un prec\u012bz\u0101m proporcij\u0101m.\" \/>\n<meta property=\"og:url\" content=\"https:\/\/fashiongold.lt\/lv\/papuosalas\/halo-dizaina-kulons-ar-dimantiem-ovals-1-05-ct\/\" \/>\n<meta property=\"og:site_name\" content=\"FashionGold.lt\" \/>\n<meta property=\"og:image\" content=\"https:\/\/fashiongold.lt\/wp-content\/uploads\/2025\/07\/Pakabukas-su-deimantu-OVAL-HALO-DEIMANTAS-2.webp\" \/>\n\t<meta property=\"og:image:width\" content=\"800\" \/>\n\t<meta property=\"og:image:height\" content=\"800\" \/>\n\t<meta property=\"og:image:type\" content=\"image\/jpeg\" \/>\n<meta name=\"twitter:card\" content=\"summary_large_image\" \/>\n<meta name=\"twitter:label1\" content=\"Est. reading time\" \/>\n\t<meta name=\"twitter:data1\" content=\"1 minute\" \/>\n<script type=\"application\/ld+json\" class=\"yoast-schema-graph\">{\"@context\":\"https:\/\/schema.org\",\"@graph\":[{\"@type\":\"WebPage\",\"@id\":\"https:\/\/fashiongold.lt\/lv\/papuosalas\/halo-dizaina-kulons-ar-dimantiem-ovals-1-05-ct\/\",\"url\":\"https:\/\/fashiongold.lt\/lv\/papuosalas\/halo-dizaina-kulons-ar-dimantiem-ovals-1-05-ct\/\",\"name\":\"Halo dizaina kulons ar dimantiem - Ov\u0101ls (1.05 ct)\",\"isPartOf\":{\"@id\":\"https:\/\/fashiongold.lt\/lv\/#website\"},\"primaryImageOfPage\":{\"@id\":\"https:\/\/fashiongold.lt\/lv\/papuosalas\/halo-dizaina-kulons-ar-dimantiem-ovals-1-05-ct\/#primaryimage\"},\"image\":{\"@id\":\"https:\/\/fashiongold.lt\/lv\/papuosalas\/halo-dizaina-kulons-ar-dimantiem-ovals-1-05-ct\/#primaryimage\"},\"thumbnailUrl\":\"https:\/\/fashiongold.lt\/wp-content\/uploads\/2025\/07\/Pakabukas-su-deimantu-OVAL-HALO-DEIMANTAS-2.jpg\",\"datePublished\":\"2025-07-21T15:35:26+00:00\",\"description\":\"Halo dizaina kulons ar dimantiem \u2013 ov\u0101la sl\u012bp\u0113juma d\u0101rgakmens, veidots no gaismas arhitekt\u016bras un prec\u012bz\u0101m proporcij\u0101m.\",\"breadcrumb\":{\"@id\":\"https:\/\/fashiongold.lt\/lv\/papuosalas\/halo-dizaina-kulons-ar-dimantiem-ovals-1-05-ct\/#breadcrumb\"},\"inLanguage\":\"lv-LV\",\"potentialAction\":[{\"@type\":\"ReadAction\",\"target\":[\"https:\/\/fashiongold.lt\/lv\/papuosalas\/halo-dizaina-kulons-ar-dimantiem-ovals-1-05-ct\/\"]}]},{\"@type\":\"ImageObject\",\"inLanguage\":\"lv-LV\",\"@id\":\"https:\/\/fashiongold.lt\/lv\/papuosalas\/halo-dizaina-kulons-ar-dimantiem-ovals-1-05-ct\/#primaryimage\",\"url\":\"https:\/\/fashiongold.lt\/wp-content\/uploads\/2025\/07\/Pakabukas-su-deimantu-OVAL-HALO-DEIMANTAS-2.jpg\",\"contentUrl\":\"https:\/\/fashiongold.lt\/wp-content\/uploads\/2025\/07\/Pakabukas-su-deimantu-OVAL-HALO-DEIMANTAS-2.jpg\",\"width\":800,\"height\":800,\"caption\":\"Pakabukas su ovalo formos deimantu ir Halo juostele i\u0161 balto aukso arba platinos\"},{\"@type\":\"BreadcrumbList\",\"@id\":\"https:\/\/fashiongold.lt\/lv\/papuosalas\/halo-dizaina-kulons-ar-dimantiem-ovals-1-05-ct\/#breadcrumb\",\"itemListElement\":[{\"@type\":\"ListItem\",\"position\":1,\"name\":\"Home\",\"item\":\"https:\/\/fashiongold.lt\/lv\/\"},{\"@type\":\"ListItem\",\"position\":2,\"name\":\"Dimantu veikals Fashiongold.lt\",\"item\":\"https:\/\/fashiongold.lt\/shop-2\/\"},{\"@type\":\"ListItem\",\"position\":3,\"name\":\"Halo dizaina kulons ar dimantiem &#8211; Ov\u0101ls (1.05 ct)\"}]},{\"@type\":\"WebSite\",\"@id\":\"https:\/\/fashiongold.lt\/lv\/#website\",\"url\":\"https:\/\/fashiongold.lt\/lv\/\",\"name\":\"Fashion Gold\",\"description\":\"Juvelyrikos namai\",\"publisher\":{\"@id\":\"https:\/\/fashiongold.lt\/lv\/#organization\"},\"potentialAction\":[{\"@type\":\"SearchAction\",\"target\":{\"@type\":\"EntryPoint\",\"urlTemplate\":\"https:\/\/fashiongold.lt\/lv\/?s={search_term_string}\"},\"query-input\":{\"@type\":\"PropertyValueSpecification\",\"valueRequired\":true,\"valueName\":\"search_term_string\"}}],\"inLanguage\":\"lv-LV\"},{\"@type\":\"Organization\",\"@id\":\"https:\/\/fashiongold.lt\/lv\/#organization\",\"name\":\"Topdiamonds Online\",\"url\":\"https:\/\/fashiongold.lt\/lv\/\",\"logo\":{\"@type\":\"ImageObject\",\"inLanguage\":\"lv-LV\",\"@id\":\"https:\/\/fashiongold.lt\/lv\/#\/schema\/logo\/image\/\",\"url\":\"https:\/\/fashiongold.lt\/wp-content\/uploads\/2025\/04\/cropped-fashion_gold_logotipas2-scaled-1.png\",\"contentUrl\":\"https:\/\/fashiongold.lt\/wp-content\/uploads\/2025\/04\/cropped-fashion_gold_logotipas2-scaled-1.png\",\"width\":2559,\"height\":421,\"caption\":\"Topdiamonds Online\"},\"image\":{\"@id\":\"https:\/\/fashiongold.lt\/lv\/#\/schema\/logo\/image\/\"}}]}<\/script>\n<!-- \/ Yoast SEO plugin. -->","yoast_head_json":{"title":"Halo dizaina kulons ar dimantiem - Ov\u0101ls (1.05 ct)","description":"Halo dizaina kulons ar dimantiem \u2013 ov\u0101la sl\u012bp\u0113juma d\u0101rgakmens, veidots no gaismas arhitekt\u016bras un prec\u012bz\u0101m proporcij\u0101m.","robots":{"index":"index","follow":"follow","max-snippet":"max-snippet:-1","max-image-preview":"max-image-preview:large","max-video-preview":"max-video-preview:-1"},"canonical":"https:\/\/fashiongold.lt\/lv\/papuosalas\/halo-dizaina-kulons-ar-dimantiem-ovals-1-05-ct\/","og_locale":"lv_LV","og_type":"article","og_title":"Halo dizaina kulons ar dimantiem - Ov\u0101ls (1.05 ct)","og_description":"Halo dizaina kulons ar dimantiem \u2013 ov\u0101la sl\u012bp\u0113juma d\u0101rgakmens, veidots no gaismas arhitekt\u016bras un prec\u012bz\u0101m proporcij\u0101m.","og_url":"https:\/\/fashiongold.lt\/lv\/papuosalas\/halo-dizaina-kulons-ar-dimantiem-ovals-1-05-ct\/","og_site_name":"FashionGold.lt","og_image":[{"width":800,"height":800,"url":"https:\/\/fashiongold.lt\/wp-content\/uploads\/2025\/07\/Pakabukas-su-deimantu-OVAL-HALO-DEIMANTAS-2.webp","type":"image\/jpeg"}],"twitter_card":"summary_large_image","twitter_misc":{"Est. reading time":"1 minute"},"schema":{"@context":"https:\/\/schema.org","@graph":[{"@type":"WebPage","@id":"https:\/\/fashiongold.lt\/lv\/papuosalas\/halo-dizaina-kulons-ar-dimantiem-ovals-1-05-ct\/","url":"https:\/\/fashiongold.lt\/lv\/papuosalas\/halo-dizaina-kulons-ar-dimantiem-ovals-1-05-ct\/","name":"Halo dizaina kulons ar dimantiem - Ov\u0101ls (1.05 ct)","isPartOf":{"@id":"https:\/\/fashiongold.lt\/lv\/#website"},"primaryImageOfPage":{"@id":"https:\/\/fashiongold.lt\/lv\/papuosalas\/halo-dizaina-kulons-ar-dimantiem-ovals-1-05-ct\/#primaryimage"},"image":{"@id":"https:\/\/fashiongold.lt\/lv\/papuosalas\/halo-dizaina-kulons-ar-dimantiem-ovals-1-05-ct\/#primaryimage"},"thumbnailUrl":"https:\/\/fashiongold.lt\/wp-content\/uploads\/2025\/07\/Pakabukas-su-deimantu-OVAL-HALO-DEIMANTAS-2.jpg","datePublished":"2025-07-21T15:35:26+00:00","description":"Halo dizaina kulons ar dimantiem \u2013 ov\u0101la sl\u012bp\u0113juma d\u0101rgakmens, veidots no gaismas arhitekt\u016bras un prec\u012bz\u0101m proporcij\u0101m.","breadcrumb":{"@id":"https:\/\/fashiongold.lt\/lv\/papuosalas\/halo-dizaina-kulons-ar-dimantiem-ovals-1-05-ct\/#breadcrumb"},"inLanguage":"lv-LV","potentialAction":[{"@type":"ReadAction","target":["https:\/\/fashiongold.lt\/lv\/papuosalas\/halo-dizaina-kulons-ar-dimantiem-ovals-1-05-ct\/"]}]},{"@type":"ImageObject","inLanguage":"lv-LV","@id":"https:\/\/fashiongold.lt\/lv\/papuosalas\/halo-dizaina-kulons-ar-dimantiem-ovals-1-05-ct\/#primaryimage","url":"https:\/\/fashiongold.lt\/wp-content\/uploads\/2025\/07\/Pakabukas-su-deimantu-OVAL-HALO-DEIMANTAS-2.jpg","contentUrl":"https:\/\/fashiongold.lt\/wp-content\/uploads\/2025\/07\/Pakabukas-su-deimantu-OVAL-HALO-DEIMANTAS-2.jpg","width":800,"height":800,"caption":"Pakabukas su ovalo formos deimantu ir Halo juostele i\u0161 balto aukso arba platinos"},{"@type":"BreadcrumbList","@id":"https:\/\/fashiongold.lt\/lv\/papuosalas\/halo-dizaina-kulons-ar-dimantiem-ovals-1-05-ct\/#breadcrumb","itemListElement":[{"@type":"ListItem","position":1,"name":"Home","item":"https:\/\/fashiongold.lt\/lv\/"},{"@type":"ListItem","position":2,"name":"Dimantu veikals Fashiongold.lt","item":"https:\/\/fashiongold.lt\/shop-2\/"},{"@type":"ListItem","position":3,"name":"Halo dizaina kulons ar dimantiem &#8211; Ov\u0101ls (1.05 ct)"}]},{"@type":"WebSite","@id":"https:\/\/fashiongold.lt\/lv\/#website","url":"https:\/\/fashiongold.lt\/lv\/","name":"Fashion Gold","description":"Juvelyrikos namai","publisher":{"@id":"https:\/\/fashiongold.lt\/lv\/#organization"},"potentialAction":[{"@type":"SearchAction","target":{"@type":"EntryPoint","urlTemplate":"https:\/\/fashiongold.lt\/lv\/?s={search_term_string}"},"query-input":{"@type":"PropertyValueSpecification","valueRequired":true,"valueName":"search_term_string"}}],"inLanguage":"lv-LV"},{"@type":"Organization","@id":"https:\/\/fashiongold.lt\/lv\/#organization","name":"Topdiamonds Online","url":"https:\/\/fashiongold.lt\/lv\/","logo":{"@type":"ImageObject","inLanguage":"lv-LV","@id":"https:\/\/fashiongold.lt\/lv\/#\/schema\/logo\/image\/","url":"https:\/\/fashiongold.lt\/wp-content\/uploads\/2025\/04\/cropped-fashion_gold_logotipas2-scaled-1.png","contentUrl":"https:\/\/fashiongold.lt\/wp-content\/uploads\/2025\/04\/cropped-fashion_gold_logotipas2-scaled-1.png","width":2559,"height":421,"caption":"Topdiamonds Online"},"image":{"@id":"https:\/\/fashiongold.lt\/lv\/#\/schema\/logo\/image\/"}}]}},"_links":{"self":[{"href":"https:\/\/fashiongold.lt\/lv\/wp-json\/wp\/v2\/product\/298999","targetHints":{"allow":["GET"]}}],"collection":[{"href":"https:\/\/fashiongold.lt\/lv\/wp-json\/wp\/v2\/product"}],"about":[{"href":"https:\/\/fashiongold.lt\/lv\/wp-json\/wp\/v2\/types\/product"}],"version-history":[{"count":0,"href":"https:\/\/fashiongold.lt\/lv\/wp-json\/wp\/v2\/product\/298999\/revisions"}],"wp:featuredmedia":[{"embeddable":true,"href":"https:\/\/fashiongold.lt\/lv\/wp-json\/wp\/v2\/media\/27571"}],"wp:attachment":[{"href":"https:\/\/fashiongold.lt\/lv\/wp-json\/wp\/v2\/media?parent=298999"}],"wp:term":[{"taxonomy":"product_brand","embeddable":true,"href":"https:\/\/fashiongold.lt\/lv\/wp-json\/wp\/v2\/product_brand?post=298999"},{"taxonomy":"product_cat","embeddable":true,"href":"https:\/\/fashiongold.lt\/lv\/wp-json\/wp\/v2\/product_cat?post=298999"},{"taxonomy":"product_tag","embeddable":true,"href":"https:\/\/fashiongold.lt\/lv\/wp-json\/wp\/v2\/product_tag?post=298999"}],"curies":[{"name":"wp","href":"https:\/\/api.w.org\/{rel}","templated":true}]}}