{"id":269337,"date":"2025-07-04T07:57:33","date_gmt":"2025-07-04T07:57:33","guid":{"rendered":"https:\/\/fashiongold.lt\/pozyczka-konsumencka-esto\/"},"modified":"2026-02-03T05:04:42","modified_gmt":"2026-02-03T05:04:42","slug":"pozyczka-konsumencka-esto","status":"publish","type":"page","link":"https:\/\/fashiongold.lt\/pl\/pozyczka-konsumencka-esto\/","title":{"rendered":"Po\u017cyczka konsumencka ESTO"},"content":{"rendered":"<p><img fetchpriority=\"high\" decoding=\"async\" class=\"aligncenter wp-image-21774 size-full\" src=\"https:\/\/fashiongold.lt\/wp-content\/uploads\/2025\/07\/Small-loan-info-banner-LT.jpg\" alt=\"\" width=\"1920\" height=\"600\" srcset=\"https:\/\/fashiongold.lt\/wp-content\/uploads\/2025\/07\/Small-loan-info-banner-LT.jpg 1920w, https:\/\/fashiongold.lt\/wp-content\/uploads\/2025\/07\/Small-loan-info-banner-LT-300x94.jpg 300w, https:\/\/fashiongold.lt\/wp-content\/uploads\/2025\/07\/Small-loan-info-banner-LT-1024x320.jpg 1024w, https:\/\/fashiongold.lt\/wp-content\/uploads\/2025\/07\/Small-loan-info-banner-LT-768x240.jpg 768w, https:\/\/fashiongold.lt\/wp-content\/uploads\/2025\/07\/Small-loan-info-banner-LT-1536x480.jpg 1536w, https:\/\/fashiongold.lt\/wp-content\/uploads\/2025\/07\/Small-loan-info-banner-LT-600x188.jpg 600w\" sizes=\"(max-width: 1920px) 100vw, 1920px\" \/><\/p>\n<p><strong>Potrzebujesz pieni\u0119dzy na wi\u0119ksze zakupy? Poznaj ESTO Ma\u0142a po\u017cyczka!<\/strong><\/p>\n<p><strong>\u2714\ufe0f <\/strong>Wype\u0142nienie wniosku online w zaledwie 1 minut\u0119<br \/>\n\u2714\ufe0f Szybka decyzja kredytowa<br \/>\n\u2714\ufe0f Proste podpisanie umowy<\/p>\n<p>Ciesz si\u0119 d\u0142ugo wyczekiwanymi wakacjami, kup najnowszego Macbooka do pracy lub po prostu miej dodatkowe pieni\u0105dze na niespodziewane wydatki \u2013 ESTO Ma\u0142a po\u017cyczka daje mo\u017cliwo\u015b\u0107 po\u017cyczenia do 1000 \u20ac.<\/p>\n<ul>\n<li>Kwota po\u017cyczki: 500 \u20ac &#8211; 10000 \u20ac<\/li>\n<li>Okres po\u017cyczki: 3 &#8211; 48 miesi\u0119cy<\/li>\n<li>Cel po\u017cyczki: dowolny<\/li>\n<li>Warunki szczeg\u00f3lne: 0 \u20ac op\u0142aty za zawarcie umowy<\/li>\n<\/ul>\n<p>&nbsp;<\/p>\n<p><strong><u><a href=\"https:\/\/api.estopay.lt\/loan\/merchant-small?shop_id=topdiamonds\">Otrzymaj po\u017cyczk\u0119<\/a><\/u><\/strong><\/p>\n<p>Decyzja o po\u017cyczce jest indywidualna i zale\u017cy od wybranej kwoty po\u017cyczki, czasu trwania umowy oraz Twojej zdolno\u015bci kredytowej. Wszystkie czynno\u015bci zwi\u0105zane z otrzymaniem i sp\u0142at\u0105 po\u017cyczki mo\u017cesz wykona\u0107 cyfrowo, niezale\u017cnie od tego, czy jest to z\u0142o\u017cenie wniosku, zmiana okresu po\u017cyczki, czy nawet wcze\u015bniejsza sp\u0142ata.<\/p>\n<p>Zgodnie z harmonogramem sp\u0142at wszystkie Twoje miesi\u0119czne raty s\u0105 r\u00f3wne i sta\u0142e przez ca\u0142y wybrany okres po\u017cyczki. W portalu samoobs\u0142ugowym ESTO mo\u017cesz \u0142atwo zarz\u0105dza\u0107 swoimi umowami i sp\u0142atami, gdy tylko zostaniesz klientem.<\/p>\n<p><img decoding=\"async\" class=\"alignnone size-full wp-image-21762\" src=\"https:\/\/fashiongold.lt\/wp-content\/uploads\/2025\/07\/Steps-info-banner-LT.png\" alt=\"\" width=\"1920\" height=\"348\" srcset=\"https:\/\/fashiongold.lt\/wp-content\/uploads\/2025\/07\/Steps-info-banner-LT.png 1920w, https:\/\/fashiongold.lt\/wp-content\/uploads\/2025\/07\/Steps-info-banner-LT-300x54.png 300w, https:\/\/fashiongold.lt\/wp-content\/uploads\/2025\/07\/Steps-info-banner-LT-1024x186.png 1024w, https:\/\/fashiongold.lt\/wp-content\/uploads\/2025\/07\/Steps-info-banner-LT-768x139.png 768w, https:\/\/fashiongold.lt\/wp-content\/uploads\/2025\/07\/Steps-info-banner-LT-1536x278.png 1536w, https:\/\/fashiongold.lt\/wp-content\/uploads\/2025\/07\/Steps-info-banner-LT-600x109.png 600w\" sizes=\"(max-width: 1920px) 100vw, 1920px\" \/><\/p>\n<p><strong><em>Uwaga! Przed podpisaniem umowy nale\u017cy dok\u0142adnie zapozna\u0107 si\u0119 z warunkami proponowanej umowy i w razie potrzeby skonsultowa\u0107 si\u0119 z pracownikiem ESTO lub innym specjalist\u0105. <\/em><\/strong><em>Na przyk\u0142ad, je\u015bli po\u017cyczysz 500 EUR, roczna rzeczywista stopa oprocentowania Ma\u0142ej po\u017cyczki ESTO wyniesie 25,48%, sta\u0142a stopa oprocentowania \u2013 8,90% w skali roku, op\u0142ata za zawarcie umowy \u2013 7,9 EUR, miesi\u0119czna op\u0142ata administracyjna \u2013 1,90 EUR, ca\u0142kowita kwota po\u017cyczki i rat \u2013 844,2 EUR (pod warunkiem, \u017ce po\u017cyczka zostanie sp\u0142acona w ci\u0105gu 60 miesi\u0119cy w r\u00f3wnych miesi\u0119cznych ratach po 14,07 EUR). Warunki mog\u0105 ulec zmianie w zale\u017cno\u015bci od wybranej kwoty, terminu umowy lub na podstawie uzyskanych wynik\u00f3w oceny zdolno\u015bci kredytowej.<\/em><\/p>\n<p>&nbsp;<\/p>\n<p><strong>CZYM JEST ESTO?<br \/>\n<\/strong>ESTO to firma \u015bwiadcz\u0105ca us\u0142ugi finansowe, za\u0142o\u017cona w 2016 roku. Firma ta powsta\u0142a dzi\u0119ki zapotrzebowaniu na rozwi\u0105zania p\u0142atnicze odpowiednie zar\u00f3wno dla konsumenta ko\u0144cowego, jak i sprzedawcy. Dzi\u015b w krajach ba\u0142tyckich ESTO oferuje r\u00f3\u017cne rozwi\u0105zania p\u0142atnicze i wsp\u00f3\u0142pracuje z ponad 2000 partner\u00f3w i sklep\u00f3w oraz skupia sie\u0107 ponad 200 000 klient\u00f3w. Warunki znajdziesz tutaj: esto.eu\/lt. W razie potrzeby skontaktuj si\u0119 z pracownikiem ESTO pod adresem info@esto.lt lub za po\u015brednictwem okna czatu online <a href=\"https:\/\/esto.eu\/lt\/asmeninis\/pagalba?lang=lt\">https:\/\/esto.eu\/lt\/pagalba<\/a>.<\/p>\n","protected":false},"excerpt":{"rendered":"<p>Potrzebujesz pieni\u0119dzy na wi\u0119ksze zakupy? Poznaj ESTO Ma\u0142a po\u017cyczka! \u2714\ufe0f Wype\u0142nienie wniosku online w zaledwie 1 minut\u0119 \u2714\ufe0f Szybka decyzja [&hellip;]<\/p>\n","protected":false},"author":3,"featured_media":32355,"parent":0,"menu_order":0,"comment_status":"closed","ping_status":"closed","template":"","meta":{"site-sidebar-layout":"default","site-content-layout":"","ast-site-content-layout":"default","site-content-style":"default","site-sidebar-style":"default","ast-global-header-display":"","ast-banner-title-visibility":"","ast-main-header-display":"","ast-hfb-above-header-display":"","ast-hfb-below-header-display":"","ast-hfb-mobile-header-display":"","site-post-title":"","ast-breadcrumbs-content":"","ast-featured-img":"","footer-sml-layout":"","ast-disable-related-posts":"","theme-transparent-header-meta":"default","adv-header-id-meta":"","stick-header-meta":"","header-above-stick-meta":"","header-main-stick-meta":"","header-below-stick-meta":"","astra-migrate-meta-layouts":"default","ast-page-background-enabled":"default","ast-page-background-meta":{"desktop":{"background-color":"var(--ast-global-color-4)","background-image":"","background-repeat":"repeat","background-position":"center center","background-size":"auto","background-attachment":"scroll","background-type":"","background-media":"","overlay-type":"","overlay-color":"","overlay-opacity":"","overlay-gradient":""},"tablet":{"background-color":"","background-image":"","background-repeat":"repeat","background-position":"center center","background-size":"auto","background-attachment":"scroll","background-type":"","background-media":"","overlay-type":"","overlay-color":"","overlay-opacity":"","overlay-gradient":""},"mobile":{"background-color":"","background-image":"","background-repeat":"repeat","background-position":"center center","background-size":"auto","background-attachment":"scroll","background-type":"","background-media":"","overlay-type":"","overlay-color":"","overlay-opacity":"","overlay-gradient":""}},"ast-content-background-meta":{"desktop":{"background-color":"var(--ast-global-color-5)","background-image":"","background-repeat":"repeat","background-position":"center center","background-size":"auto","background-attachment":"scroll","background-type":"","background-media":"","overlay-type":"","overlay-color":"","overlay-opacity":"","overlay-gradient":""},"tablet":{"background-color":"var(--ast-global-color-5)","background-image":"","background-repeat":"repeat","background-position":"center center","background-size":"auto","background-attachment":"scroll","background-type":"","background-media":"","overlay-type":"","overlay-color":"","overlay-opacity":"","overlay-gradient":""},"mobile":{"background-color":"var(--ast-global-color-5)","background-image":"","background-repeat":"repeat","background-position":"center center","background-size":"auto","background-attachment":"scroll","background-type":"","background-media":"","overlay-type":"","overlay-color":"","overlay-opacity":"","overlay-gradient":""}},"footnotes":""},"class_list":["post-269337","page","type-page","status-publish","has-post-thumbnail","hentry"],"yoast_head":"<!-- This site is optimized with the Yoast SEO plugin v26.6 - https:\/\/yoast.com\/wordpress\/plugins\/seo\/ -->\n<title>ESTO po\u017cyczka konsumencka | Fashiongold.lt leasing na bi\u017cuteri\u0119<\/title>\n<meta name=\"description\" content=\"Kupuj certyfikowane diamenty i bi\u017cuteri\u0119 na raty: po\u017cyczka konsumencka ESTO w Fashiongold.lt \u2013 szybki wniosek, odpowied\u017a w minut\u0119.\" \/>\n<meta name=\"robots\" content=\"index, follow, max-snippet:-1, max-image-preview:large, max-video-preview:-1\" \/>\n<link rel=\"canonical\" href=\"https:\/\/fashiongold.lt\/pl\/pozyczka-konsumencka-esto\/\" \/>\n<meta property=\"og:locale\" content=\"pl_PL\" \/>\n<meta property=\"og:type\" content=\"article\" \/>\n<meta property=\"og:title\" content=\"ESTO po\u017cyczka konsumencka | Fashiongold.lt leasing na bi\u017cuteri\u0119\" \/>\n<meta property=\"og:description\" content=\"Kupuj certyfikowane diamenty i bi\u017cuteri\u0119 na raty: po\u017cyczka konsumencka ESTO w Fashiongold.lt \u2013 szybki wniosek, odpowied\u017a w minut\u0119.\" \/>\n<meta property=\"og:url\" content=\"https:\/\/fashiongold.lt\/pl\/pozyczka-konsumencka-esto\/\" \/>\n<meta property=\"og:site_name\" content=\"FashionGold.lt\" \/>\n<meta property=\"article:modified_time\" content=\"2026-02-03T05:04:42+00:00\" \/>\n<meta property=\"og:image\" content=\"https:\/\/fashiongold.lt\/wp-content\/uploads\/2025\/08\/Suzadetuviu-ziedas-su-smaragdu-ir-deimantais-\u2013-elegantiskas-zalias-brangakmenis-1.png\" \/>\n\t<meta property=\"og:image:width\" content=\"1024\" \/>\n\t<meta property=\"og:image:height\" content=\"1024\" \/>\n\t<meta property=\"og:image:type\" content=\"image\/png\" \/>\n<meta name=\"twitter:card\" content=\"summary_large_image\" \/>\n<meta name=\"twitter:label1\" content=\"Szacowany czas czytania\" \/>\n\t<meta name=\"twitter:data1\" content=\"2 minuty\" \/>\n<script type=\"application\/ld+json\" class=\"yoast-schema-graph\">{\"@context\":\"https:\/\/schema.org\",\"@graph\":[{\"@type\":\"WebPage\",\"@id\":\"https:\/\/fashiongold.lt\/pl\/pozyczka-konsumencka-esto\/\",\"url\":\"https:\/\/fashiongold.lt\/pl\/pozyczka-konsumencka-esto\/\",\"name\":\"ESTO po\u017cyczka konsumencka | Fashiongold.lt leasing na bi\u017cuteri\u0119\",\"isPartOf\":{\"@id\":\"https:\/\/fashiongold.lt\/pl\/#website\"},\"primaryImageOfPage\":{\"@id\":\"https:\/\/fashiongold.lt\/pl\/pozyczka-konsumencka-esto\/#primaryimage\"},\"image\":{\"@id\":\"https:\/\/fashiongold.lt\/pl\/pozyczka-konsumencka-esto\/#primaryimage\"},\"thumbnailUrl\":\"https:\/\/fashiongold.lt\/wp-content\/uploads\/2025\/08\/Suzadetuviu-ziedas-su-smaragdu-ir-deimantais-\u2013-elegantiskas-zalias-brangakmenis-1.png\",\"datePublished\":\"2025-07-04T07:57:33+00:00\",\"dateModified\":\"2026-02-03T05:04:42+00:00\",\"description\":\"Kupuj certyfikowane diamenty i bi\u017cuteri\u0119 na raty: po\u017cyczka konsumencka ESTO w Fashiongold.lt \u2013 szybki wniosek, odpowied\u017a w minut\u0119.\",\"breadcrumb\":{\"@id\":\"https:\/\/fashiongold.lt\/pl\/pozyczka-konsumencka-esto\/#breadcrumb\"},\"inLanguage\":\"pl-PL\",\"potentialAction\":[{\"@type\":\"ReadAction\",\"target\":[\"https:\/\/fashiongold.lt\/pl\/pozyczka-konsumencka-esto\/\"]}]},{\"@type\":\"ImageObject\",\"inLanguage\":\"pl-PL\",\"@id\":\"https:\/\/fashiongold.lt\/pl\/pozyczka-konsumencka-esto\/#primaryimage\",\"url\":\"https:\/\/fashiongold.lt\/wp-content\/uploads\/2025\/08\/Suzadetuviu-ziedas-su-smaragdu-ir-deimantais-\u2013-elegantiskas-zalias-brangakmenis-1.png\",\"contentUrl\":\"https:\/\/fashiongold.lt\/wp-content\/uploads\/2025\/08\/Suzadetuviu-ziedas-su-smaragdu-ir-deimantais-\u2013-elegantiskas-zalias-brangakmenis-1.png\",\"width\":1024,\"height\":1024,\"caption\":\"Smaragdas - su\u017ead\u0117tuvi\u0173 \u017eiedas su smaragdu ir deimantais\"},{\"@type\":\"BreadcrumbList\",\"@id\":\"https:\/\/fashiongold.lt\/pl\/pozyczka-konsumencka-esto\/#breadcrumb\",\"itemListElement\":[{\"@type\":\"ListItem\",\"position\":1,\"name\":\"Home\",\"item\":\"https:\/\/fashiongold.lt\/pl\/\"},{\"@type\":\"ListItem\",\"position\":2,\"name\":\"Po\u017cyczka konsumencka ESTO\"}]},{\"@type\":\"WebSite\",\"@id\":\"https:\/\/fashiongold.lt\/pl\/#website\",\"url\":\"https:\/\/fashiongold.lt\/pl\/\",\"name\":\"Fashion Gold\",\"description\":\"Juvelyrikos namai\",\"publisher\":{\"@id\":\"https:\/\/fashiongold.lt\/pl\/#organization\"},\"potentialAction\":[{\"@type\":\"SearchAction\",\"target\":{\"@type\":\"EntryPoint\",\"urlTemplate\":\"https:\/\/fashiongold.lt\/pl\/?s={search_term_string}\"},\"query-input\":{\"@type\":\"PropertyValueSpecification\",\"valueRequired\":true,\"valueName\":\"search_term_string\"}}],\"inLanguage\":\"pl-PL\"},{\"@type\":\"Organization\",\"@id\":\"https:\/\/fashiongold.lt\/pl\/#organization\",\"name\":\"Topdiamonds Online\",\"url\":\"https:\/\/fashiongold.lt\/pl\/\",\"logo\":{\"@type\":\"ImageObject\",\"inLanguage\":\"pl-PL\",\"@id\":\"https:\/\/fashiongold.lt\/pl\/#\/schema\/logo\/image\/\",\"url\":\"https:\/\/fashiongold.lt\/wp-content\/uploads\/2025\/04\/cropped-fashion_gold_logotipas2-scaled-1.png\",\"contentUrl\":\"https:\/\/fashiongold.lt\/wp-content\/uploads\/2025\/04\/cropped-fashion_gold_logotipas2-scaled-1.png\",\"width\":2559,\"height\":421,\"caption\":\"Topdiamonds Online\"},\"image\":{\"@id\":\"https:\/\/fashiongold.lt\/pl\/#\/schema\/logo\/image\/\"}}]}<\/script>\n<!-- \/ Yoast SEO plugin. -->","yoast_head_json":{"title":"ESTO po\u017cyczka konsumencka | Fashiongold.lt leasing na bi\u017cuteri\u0119","description":"Kupuj certyfikowane diamenty i bi\u017cuteri\u0119 na raty: po\u017cyczka konsumencka ESTO w Fashiongold.lt \u2013 szybki wniosek, odpowied\u017a w minut\u0119.","robots":{"index":"index","follow":"follow","max-snippet":"max-snippet:-1","max-image-preview":"max-image-preview:large","max-video-preview":"max-video-preview:-1"},"canonical":"https:\/\/fashiongold.lt\/pl\/pozyczka-konsumencka-esto\/","og_locale":"pl_PL","og_type":"article","og_title":"ESTO po\u017cyczka konsumencka | Fashiongold.lt leasing na bi\u017cuteri\u0119","og_description":"Kupuj certyfikowane diamenty i bi\u017cuteri\u0119 na raty: po\u017cyczka konsumencka ESTO w Fashiongold.lt \u2013 szybki wniosek, odpowied\u017a w minut\u0119.","og_url":"https:\/\/fashiongold.lt\/pl\/pozyczka-konsumencka-esto\/","og_site_name":"FashionGold.lt","article_modified_time":"2026-02-03T05:04:42+00:00","og_image":[{"width":1024,"height":1024,"url":"https:\/\/fashiongold.lt\/wp-content\/uploads\/2025\/08\/Suzadetuviu-ziedas-su-smaragdu-ir-deimantais-\u2013-elegantiskas-zalias-brangakmenis-1.png","type":"image\/png"}],"twitter_card":"summary_large_image","twitter_misc":{"Szacowany czas czytania":"2 minuty"},"schema":{"@context":"https:\/\/schema.org","@graph":[{"@type":"WebPage","@id":"https:\/\/fashiongold.lt\/pl\/pozyczka-konsumencka-esto\/","url":"https:\/\/fashiongold.lt\/pl\/pozyczka-konsumencka-esto\/","name":"ESTO po\u017cyczka konsumencka | Fashiongold.lt leasing na bi\u017cuteri\u0119","isPartOf":{"@id":"https:\/\/fashiongold.lt\/pl\/#website"},"primaryImageOfPage":{"@id":"https:\/\/fashiongold.lt\/pl\/pozyczka-konsumencka-esto\/#primaryimage"},"image":{"@id":"https:\/\/fashiongold.lt\/pl\/pozyczka-konsumencka-esto\/#primaryimage"},"thumbnailUrl":"https:\/\/fashiongold.lt\/wp-content\/uploads\/2025\/08\/Suzadetuviu-ziedas-su-smaragdu-ir-deimantais-\u2013-elegantiskas-zalias-brangakmenis-1.png","datePublished":"2025-07-04T07:57:33+00:00","dateModified":"2026-02-03T05:04:42+00:00","description":"Kupuj certyfikowane diamenty i bi\u017cuteri\u0119 na raty: po\u017cyczka konsumencka ESTO w Fashiongold.lt \u2013 szybki wniosek, odpowied\u017a w minut\u0119.","breadcrumb":{"@id":"https:\/\/fashiongold.lt\/pl\/pozyczka-konsumencka-esto\/#breadcrumb"},"inLanguage":"pl-PL","potentialAction":[{"@type":"ReadAction","target":["https:\/\/fashiongold.lt\/pl\/pozyczka-konsumencka-esto\/"]}]},{"@type":"ImageObject","inLanguage":"pl-PL","@id":"https:\/\/fashiongold.lt\/pl\/pozyczka-konsumencka-esto\/#primaryimage","url":"https:\/\/fashiongold.lt\/wp-content\/uploads\/2025\/08\/Suzadetuviu-ziedas-su-smaragdu-ir-deimantais-\u2013-elegantiskas-zalias-brangakmenis-1.png","contentUrl":"https:\/\/fashiongold.lt\/wp-content\/uploads\/2025\/08\/Suzadetuviu-ziedas-su-smaragdu-ir-deimantais-\u2013-elegantiskas-zalias-brangakmenis-1.png","width":1024,"height":1024,"caption":"Smaragdas - su\u017ead\u0117tuvi\u0173 \u017eiedas su smaragdu ir deimantais"},{"@type":"BreadcrumbList","@id":"https:\/\/fashiongold.lt\/pl\/pozyczka-konsumencka-esto\/#breadcrumb","itemListElement":[{"@type":"ListItem","position":1,"name":"Home","item":"https:\/\/fashiongold.lt\/pl\/"},{"@type":"ListItem","position":2,"name":"Po\u017cyczka konsumencka ESTO"}]},{"@type":"WebSite","@id":"https:\/\/fashiongold.lt\/pl\/#website","url":"https:\/\/fashiongold.lt\/pl\/","name":"Fashion Gold","description":"Juvelyrikos namai","publisher":{"@id":"https:\/\/fashiongold.lt\/pl\/#organization"},"potentialAction":[{"@type":"SearchAction","target":{"@type":"EntryPoint","urlTemplate":"https:\/\/fashiongold.lt\/pl\/?s={search_term_string}"},"query-input":{"@type":"PropertyValueSpecification","valueRequired":true,"valueName":"search_term_string"}}],"inLanguage":"pl-PL"},{"@type":"Organization","@id":"https:\/\/fashiongold.lt\/pl\/#organization","name":"Topdiamonds Online","url":"https:\/\/fashiongold.lt\/pl\/","logo":{"@type":"ImageObject","inLanguage":"pl-PL","@id":"https:\/\/fashiongold.lt\/pl\/#\/schema\/logo\/image\/","url":"https:\/\/fashiongold.lt\/wp-content\/uploads\/2025\/04\/cropped-fashion_gold_logotipas2-scaled-1.png","contentUrl":"https:\/\/fashiongold.lt\/wp-content\/uploads\/2025\/04\/cropped-fashion_gold_logotipas2-scaled-1.png","width":2559,"height":421,"caption":"Topdiamonds Online"},"image":{"@id":"https:\/\/fashiongold.lt\/pl\/#\/schema\/logo\/image\/"}}]}},"_links":{"self":[{"href":"https:\/\/fashiongold.lt\/pl\/wp-json\/wp\/v2\/pages\/269337","targetHints":{"allow":["GET"]}}],"collection":[{"href":"https:\/\/fashiongold.lt\/pl\/wp-json\/wp\/v2\/pages"}],"about":[{"href":"https:\/\/fashiongold.lt\/pl\/wp-json\/wp\/v2\/types\/page"}],"author":[{"embeddable":true,"href":"https:\/\/fashiongold.lt\/pl\/wp-json\/wp\/v2\/users\/3"}],"replies":[{"embeddable":true,"href":"https:\/\/fashiongold.lt\/pl\/wp-json\/wp\/v2\/comments?post=269337"}],"version-history":[{"count":0,"href":"https:\/\/fashiongold.lt\/pl\/wp-json\/wp\/v2\/pages\/269337\/revisions"}],"wp:featuredmedia":[{"embeddable":true,"href":"https:\/\/fashiongold.lt\/pl\/wp-json\/wp\/v2\/media\/32355"}],"wp:attachment":[{"href":"https:\/\/fashiongold.lt\/pl\/wp-json\/wp\/v2\/media?parent=269337"}],"curies":[{"name":"wp","href":"https:\/\/api.w.org\/{rel}","templated":true}]}}