{"id":269648,"date":"2026-01-04T08:58:19","date_gmt":"2026-01-04T08:58:19","guid":{"rendered":"https:\/\/fashiongold.lt\/spinel\/"},"modified":"2026-02-03T05:05:55","modified_gmt":"2026-02-03T05:05:55","slug":"spinel","status":"publish","type":"page","link":"https:\/\/fashiongold.lt\/pl\/spinel\/","title":{"rendered":"Spinel"},"content":{"rendered":"<h2>Spinel \u2013 kamie\u0144 szlachetny, kt\u00f3ry przez d\u0142ugi czas nazywano \u201erubinem\u201d<\/h2>\n<p>Ten artyku\u0142 jest przeznaczony dla wszystkich os\u00f3b zainteresowanych kamieniami szlachetnymi, jubilerstwem lub chc\u0105cych dowiedzie\u0107 si\u0119 wi\u0119cej o w\u0142a\u015bciwo\u015bciach i wyborze spinelu. W ostatnich latach spinel jest coraz bardziej ceniony ze wzgl\u0119du na swoj\u0105 naturalno\u015b\u0107 i r\u00f3\u017cnorodno\u015b\u0107 barw.<\/p>\n<p>Spinel to naturalny kamie\u0144 szlachetny z grupy tlenk\u00f3w (najcz\u0119\u015bciej tlenek magnezu i glinu), ceniony za intensywne kolory, dobr\u0105 przejrzysto\u015b\u0107 i trwa\u0142o\u015b\u0107. Minera\u0142y z grupy tlenk\u00f3w to minera\u0142y zawieraj\u0105ce zwi\u0105zki tlenu i pierwiastk\u00f3w metali.<\/p>\n<h2>Kr\u00f3tka historia: dlaczego spinel przez tak d\u0142ugi czas by\u0142 uznawany za \u201erubin\u201d<\/h2>\n<p>Przez d\u0142ugi czas czerwone spinele nazywano rubinami, poniewa\u017c wizualnie s\u0105 do nich bardzo podobne, a ich rozr\u00f3\u017cnienie wymaga bada\u0144 gemologicznych. Oto dlaczego niekt\u00f3re z najs\u0142ynniejszych \u201erubin\u00f3w\u201d w koronach to w rzeczywisto\u015bci spinele.<\/p>\n<h2>Kolory spinelu: od czerwieni do czerni \u2013 pe\u0142ne spektrum<\/h2>\n<h3>Czerwony spinel<\/h3>\n<p><img decoding=\"async\" src=\"https:\/\/fashiongold.lt\/wp-content\/uploads\/2026\/01\/24ff20c4-26ff-4713-accd-520bd8b45608.png\" alt=\"Czerwony spinel \u2013 naturalny kamie\u0144 szlachetny\" \/><\/p>\n<p>Czerwony spinel historycznie nazywany by\u0142 \u201erubinem\u201d. Jego barwa waha si\u0119 od malinowej po nasycon\u0105 wi\u015bniow\u0105, o ciep\u0142ym lub ch\u0142odnym odcieniu. Jest to jedna z najcenniejszych barw spinelu.<\/p>\n<h3>R\u00f3\u017cowy spinel<\/h3>\n<p><img decoding=\"async\" src=\"https:\/\/fashiongold.lt\/wp-content\/uploads\/2026\/01\/5751e573-29dc-407e-9706-d121cc8d55b1.png\" alt=\"R\u00f3\u017cowy spinel \u2013 przezroczysty r\u00f3\u017cowy kamie\u0144 szlachetny\" \/><\/p>\n<p>Od delikatnego pudrowego po jaskrawy neonowy r\u00f3\u017c. Ten kolor jest szczeg\u00f3lnie popularny w nowoczesnej, kobiecej bi\u017cuterii.<\/p>\n<h3>Niebieski spinel<\/h3>\n<p><img decoding=\"async\" src=\"https:\/\/fashiongold.lt\/wp-content\/uploads\/2026\/01\/e1cce2cb-0d40-484d-9448-dcd173d657dc.png\" alt=\"Niebieski spinel \u2013 naturalny kamie\u0144 szlachetny o odcieniu kobaltowym\" \/><\/p>\n<p>Kolor mo\u017ce waha\u0107 si\u0119 od szaro-niebieskiego do niezwykle rzadkiego b\u0142\u0119kitu kobaltowego, kt\u00f3ry uwa\u017cany jest za okaz kolekcjonerski i inwestycyjny.<\/p>\n<h3>Fioletowy i lawendowy<\/h3>\n<p><img decoding=\"async\" src=\"https:\/\/fashiongold.lt\/wp-content\/uploads\/2026\/01\/2f3e4736-95d9-45a9-b96f-34a89ac1cceb.png\" alt=\"Fioletowy spinel \u2013 lawendowy kamie\u0144 szlachetny\" \/><\/p>\n<p>Eleganckie, subtelne odcienie, idealnie pasuj\u0105ce do indywidualnej, artystycznej bi\u017cuterii.<\/p>\n<h3>Zielony spinel<\/h3>\n<p><img decoding=\"async\" src=\"https:\/\/fashiongold.lt\/wp-content\/uploads\/2026\/01\/9f85e770-06e0-4e52-aac9-831f7cef9f06.png\" alt=\"Zielony spinel \u2013 naturalny kamie\u0144 szlachetny o zielonym kolorze\" \/><\/p>\n<p>Rzadki kolor, cz\u0119sto o szarawym lub oliwkowym odcieniu, ceniony za swoj\u0105 wyj\u0105tkowo\u015b\u0107.<\/p>\n<h3>Czarny spinel<\/h3>\n<p><img decoding=\"async\" src=\"https:\/\/fashiongold.lt\/wp-content\/uploads\/2026\/01\/8dec39a0-6e51-40e7-a6bc-3ab0937d5e2c.png\" alt=\"Czarny spinel \u2013 nowoczesny kamie\u0144 szlachetny\" \/><\/p>\n<p>Nieprzezroczysty lub p\u00f3\u0142przezroczysty, cz\u0119sto stosowany w nowoczesnej, minimalistycznej bi\u017cuterii.<\/p>\n<p>Po om\u00f3wieniu spektrum kolor\u00f3w wa\u017cne jest, aby przybli\u017cy\u0107 inne w\u0142a\u015bciwo\u015bci fizyczne spinelu, kt\u00f3re determinuj\u0105 jego warto\u015b\u0107 i przydatno\u015b\u0107 w jubilerstwie \u2013 przejrzysto\u015b\u0107, twardo\u015b\u0107 oraz inne kryteria jako\u015bciowe.<\/p>\n<h2>Przejrzysto\u015b\u0107 i jako\u015b\u0107<\/h2>\n<h3>Przejrzysto\u015b\u0107<\/h3>\n<p>Wysokiej jako\u015bci spinel jest przejrzysty, o silnym szklistym po\u0142ysku. To jedna z cech, dzi\u0119ki kt\u00f3rej wizualnie bardzo przypomina rubin lub szafir.<\/p>\n<h3>Kryszta\u0142y spinelu i czysto\u015b\u0107 (clarity)<\/h3>\n<p>Wiele spineli charakteryzuje si\u0119 dobr\u0105 czysto\u015bci\u0105:<\/p>\n<ul>\n<li>cz\u0119sto \u201eczyste dla oka\u201d<\/li>\n<li>mog\u0105 posiada\u0107 naturalne mikroskopijne inkluzje<\/li>\n<li>inkluzje zazwyczaj nie zak\u0142\u00f3caj\u0105 gry \u015bwiat\u0142a<\/li>\n<\/ul>\n<h3>Twardo\u015b\u0107<\/h3>\n<p>Twardo\u015b\u0107 spinelu wynosi ok. 8 w skali Mohsa (skala Mohsa to system pomiaru twardo\u015bci minera\u0142\u00f3w od 1 do 10), dlatego:<\/p>\n<ul>\n<li>nadaje si\u0119 do pier\u015bcionk\u00f3w noszonych na co dzie\u0144,<\/li>\n<li>jest odporny na zarysowania,<\/li>\n<li>jest trwa\u0142y w bi\u017cuterii.<\/li>\n<\/ul>\n<h2>Historia spinelu: kamie\u0144 szlachetny o \u201efa\u0142szywej to\u017csamo\u015bci\u201d<\/h2>\n<p>Przez stulecia spinel by\u0142 uwa\u017cany za rubin, poniewa\u017c:<\/p>\n<ul>\n<li>oba kamienie wyst\u0119puj\u0105 w tych samych z\u0142o\u017cach,<\/li>\n<li>oba mog\u0105 by\u0107 intensywnie czerwone,<\/li>\n<li>w dawnych czasach nie istnia\u0142y badania gemologicznych.<\/li>\n<\/ul>\n<p>Dopiero w XIX wieku naukowo udowodniono, \u017ce s\u0105 to dwa r\u00f3\u017cne minera\u0142y.<\/p>\n<h2>Najs\u0142ynniejsza bi\u017cuteria ze spinelem na \u015bwiecie<\/h2>\n<h3>\u201eRubin Czarnego Ksi\u0119cia\u201d (Black Prince\u2019s Ruby)<\/h3>\n<p>Jeden z najs\u0142ynniejszych kamieni brytyjskiej korony \u2013 w rzeczywisto\u015bci czerwony spinel zdobi\u0105cy Imperialn\u0105 Koron\u0119 Pa\u0144stwow\u0105.<\/p>\n<h3>\u201eRubin Timura\u201d (Timur Ruby) (352,54 ct)<\/h3>\n<p>Historyczny spinel o imponuj\u0105cych rozmiarach z inskrypcjami, przez d\u0142ugi czas uwa\u017cany za rubin.<\/p>\n<h3>Wielka Korona Imperialna Rosji<\/h3>\n<p>Kamie\u0144 znajduj\u0105cy si\u0119 na szczycie to r\u00f3wnie\u017c masywny czerwony spinel, symbolizuj\u0105cy w\u0142adz\u0119 imperialn\u0105.<\/p>\n<h2>Spinel vs rubin vs szafir \u2013 jak je odr\u00f3\u017cni\u0107?<\/h2>\n<h3>Tabela por\u00f3wnawcza<\/h3>\n<table style=\"min-width: 100px;\">\n<colgroup>\n<col style=\"min-width: 25px;\" \/>\n<col style=\"min-width: 25px;\" \/>\n<col style=\"min-width: 25px;\" \/>\n<col style=\"min-width: 25px;\" \/><\/colgroup>\n<tbody>\n<tr>\n<th colspan=\"1\" rowspan=\"1\">Cecha<\/th>\n<th colspan=\"1\" rowspan=\"1\">Spinel<\/th>\n<th colspan=\"1\" rowspan=\"1\">Rubin<\/th>\n<th colspan=\"1\" rowspan=\"1\">Szafir<\/th>\n<\/tr>\n<tr>\n<td colspan=\"1\" rowspan=\"1\">Minera\u0142<\/td>\n<td colspan=\"1\" rowspan=\"1\">Tlenek<\/td>\n<td colspan=\"1\" rowspan=\"1\">Korund<\/td>\n<td colspan=\"1\" rowspan=\"1\">Korund<\/td>\n<\/tr>\n<tr>\n<td colspan=\"1\" rowspan=\"1\">Twardo\u015b\u0107<\/td>\n<td colspan=\"1\" rowspan=\"1\">~8<\/td>\n<td colspan=\"1\" rowspan=\"1\">9<\/td>\n<td colspan=\"1\" rowspan=\"1\">9<\/td>\n<\/tr>\n<tr>\n<td colspan=\"1\" rowspan=\"1\">Obr\u00f3bka<\/td>\n<td colspan=\"1\" rowspan=\"1\">Zazwyczaj brak<\/td>\n<td colspan=\"1\" rowspan=\"1\">Cz\u0119sta<\/td>\n<td colspan=\"1\" rowspan=\"1\">Cz\u0119sta<\/td>\n<\/tr>\n<tr>\n<td colspan=\"1\" rowspan=\"1\">R\u00f3\u017cnorodno\u015b\u0107 barw<\/td>\n<td colspan=\"1\" rowspan=\"1\">Bardzo szeroka<\/td>\n<td colspan=\"1\" rowspan=\"1\">Ograniczona<\/td>\n<td colspan=\"1\" rowspan=\"1\">Szeroka<\/td>\n<\/tr>\n<tr>\n<td colspan=\"1\" rowspan=\"1\">Cena<\/td>\n<td colspan=\"1\" rowspan=\"1\">Ni\u017csza<\/td>\n<td colspan=\"1\" rowspan=\"1\">Wysoka<\/td>\n<td colspan=\"1\" rowspan=\"1\">Wysoka<\/td>\n<\/tr>\n<\/tbody>\n<\/table>\n<h2>Jak wybra\u0107 spinel do bi\u017cuterii, praktyczne porady dotycz\u0105ce rozr\u00f3\u017cniania<\/h2>\n<ul>\n<li>Kolor: wybieraj nasycon\u0105, \u201eczyst\u0105\u201d (bez odcienia szaro\u015bci) barw\u0119 \u2013 szczeg\u00f3lnie czerwon\u0105, r\u00f3\u017cow\u0105 lub niebiesk\u0105.<\/li>\n<li>Przejrzysto\u015b\u0107 i po\u0142ysk: spinel jest najpi\u0119kniejszy, gdy kamie\u0144 jest \u201e\u017cywy\u201d \u2013 pi\u0119knie odbija \u015bwiat\u0142o.<\/li>\n<li>Inkluzje: naturalne inkluzje mog\u0105 by\u0107 norm\u0105, ale w pier\u015bcionku lepiej, aby nie znajdowa\u0142y si\u0119 przy powierzchni ani w centrum.<\/li>\n<li>Trwa\u0142o\u015b\u0107: dzi\u0119ki dobrej twardo\u015bci spinel \u015bwietnie nadaje si\u0119 do codziennego u\u017cytku, jednak (jak w przypadku wszystkich kamieni szlachetnych) warto wybra\u0107 bezpieczniejsz\u0105 opraw\u0119, je\u015bli kamie\u0144 jest noszony ka\u017cdego dnia.<\/li>\n<\/ul>\n<h2>Dla kogo odpowiedni jest spinel w jubilerstwie?<\/h2>\n<ul>\n<li>Do pier\u015bcionk\u00f3w zar\u0119czynowych \u2013 zw\u0142aszcza czerwony, r\u00f3\u017cowy lub niebieski.<\/li>\n<li>Do pier\u015bcionk\u00f3w na co dzie\u0144 \u2013 ze wzgl\u0119du na trwa\u0142o\u015b\u0107.<\/li>\n<li>Do wyj\u0105tkowych, indywidualnych projekt\u00f3w.<\/li>\n<li>Jako alternatywa dla rubinu lub szafiru dla os\u00f3b szukaj\u0105cych unikalno\u015bci.<\/li>\n<\/ul>\n<h2>Dlaczego warto wybra\u0107 spinel?<\/h2>\n<ul>\n<li>Naturalny, niepoprawiany kolor.<\/li>\n<li>Doskona\u0142y stosunek ceny do jako\u015bci.<\/li>\n<li>Trwa\u0142y, odpowiedni na co dzie\u0144.<\/li>\n<li>Bogata historia.<\/li>\n<li>Coraz bardziej ceniony na rynku.<\/li>\n<\/ul>\n<p>Od 2026 roku mog\u0105 wej\u015b\u0107 w \u017cycie nowe wymogi lub standardy dotycz\u0105ce handlu lub certyfikacji spinelu.<\/p>\n<p>Informacji zawartych w tym artykule nie wolno kopiowa\u0107 bez zezwolenia.<\/p>\n","protected":false},"excerpt":{"rendered":"<p>Spinel \u2013 kamie\u0144 szlachetny, kt\u00f3ry przez d\u0142ugi czas nazywano \u201erubinem\u201d Ten artyku\u0142 jest przeznaczony dla wszystkich os\u00f3b zainteresowanych kamieniami szlachetnymi, [&hellip;]<\/p>\n","protected":false},"author":11,"featured_media":266849,"parent":0,"menu_order":0,"comment_status":"closed","ping_status":"closed","template":"","meta":{"site-sidebar-layout":"default","site-content-layout":"","ast-site-content-layout":"default","site-content-style":"default","site-sidebar-style":"default","ast-global-header-display":"","ast-banner-title-visibility":"","ast-main-header-display":"","ast-hfb-above-header-display":"","ast-hfb-below-header-display":"","ast-hfb-mobile-header-display":"","site-post-title":"","ast-breadcrumbs-content":"","ast-featured-img":"disabled","footer-sml-layout":"","ast-disable-related-posts":"","theme-transparent-header-meta":"default","adv-header-id-meta":"","stick-header-meta":"","header-above-stick-meta":"","header-main-stick-meta":"","header-below-stick-meta":"","astra-migrate-meta-layouts":"default","ast-page-background-enabled":"default","ast-page-background-meta":{"desktop":{"background-color":"var(--ast-global-color-4)","background-image":"","background-repeat":"repeat","background-position":"center center","background-size":"auto","background-attachment":"scroll","background-type":"","background-media":"","overlay-type":"","overlay-color":"","overlay-opacity":"","overlay-gradient":""},"tablet":{"background-color":"","background-image":"","background-repeat":"repeat","background-position":"center center","background-size":"auto","background-attachment":"scroll","background-type":"","background-media":"","overlay-type":"","overlay-color":"","overlay-opacity":"","overlay-gradient":""},"mobile":{"background-color":"","background-image":"","background-repeat":"repeat","background-position":"center center","background-size":"auto","background-attachment":"scroll","background-type":"","background-media":"","overlay-type":"","overlay-color":"","overlay-opacity":"","overlay-gradient":""}},"ast-content-background-meta":{"desktop":{"background-color":"var(--ast-global-color-5)","background-image":"","background-repeat":"repeat","background-position":"center center","background-size":"auto","background-attachment":"scroll","background-type":"","background-media":"","overlay-type":"","overlay-color":"","overlay-opacity":"","overlay-gradient":""},"tablet":{"background-color":"var(--ast-global-color-5)","background-image":"","background-repeat":"repeat","background-position":"center center","background-size":"auto","background-attachment":"scroll","background-type":"","background-media":"","overlay-type":"","overlay-color":"","overlay-opacity":"","overlay-gradient":""},"mobile":{"background-color":"var(--ast-global-color-5)","background-image":"","background-repeat":"repeat","background-position":"center center","background-size":"auto","background-attachment":"scroll","background-type":"","background-media":"","overlay-type":"","overlay-color":"","overlay-opacity":"","overlay-gradient":""}},"footnotes":""},"class_list":["post-269648","page","type-page","status-publish","has-post-thumbnail","hentry"],"yoast_head":"<!-- This site is optimized with the Yoast SEO plugin v26.6 - https:\/\/yoast.com\/wordpress\/plugins\/seo\/ -->\n<title>Spinel: najlepszy wyb\u00f3r dla kamieni naturalnych<\/title>\n<meta name=\"description\" content=\"Odkryj, dlaczego spinel jest doskona\u0142ym wyborem w\u015br\u00f3d kamieni naturalnych i kryszta\u0142\u00f3w. Dowiedz si\u0119 wi\u0119cej i zg\u0142\u0119b zalety tego materia\u0142u!\" \/>\n<meta name=\"robots\" content=\"index, follow, max-snippet:-1, max-image-preview:large, max-video-preview:-1\" \/>\n<link rel=\"canonical\" href=\"https:\/\/fashiongold.lt\/pl\/spinel\/\" \/>\n<meta property=\"og:locale\" content=\"pl_PL\" \/>\n<meta property=\"og:type\" content=\"article\" \/>\n<meta property=\"og:title\" content=\"Spinel: najlepszy wyb\u00f3r dla kamieni naturalnych\" \/>\n<meta property=\"og:description\" content=\"Odkryj, dlaczego spinel jest doskona\u0142ym wyborem w\u015br\u00f3d kamieni naturalnych i kryszta\u0142\u00f3w. Dowiedz si\u0119 wi\u0119cej i zg\u0142\u0119b zalety tego materia\u0142u!\" \/>\n<meta property=\"og:url\" content=\"https:\/\/fashiongold.lt\/pl\/spinel\/\" \/>\n<meta property=\"og:site_name\" content=\"FashionGold.lt\" \/>\n<meta property=\"article:modified_time\" content=\"2026-02-03T05:05:55+00:00\" \/>\n<meta property=\"og:image\" content=\"https:\/\/fashiongold.lt\/wp-content\/uploads\/2026\/01\/24ff20c4-26ff-4713-accd-520bd8b45608.webp\" \/>\n\t<meta property=\"og:image:width\" content=\"1536\" \/>\n\t<meta property=\"og:image:height\" content=\"1024\" \/>\n\t<meta property=\"og:image:type\" content=\"image\/png\" \/>\n<meta name=\"twitter:card\" content=\"summary_large_image\" \/>\n<meta name=\"twitter:label1\" content=\"Szacowany czas czytania\" \/>\n\t<meta name=\"twitter:data1\" content=\"4 minuty\" \/>\n<script type=\"application\/ld+json\" class=\"yoast-schema-graph\">{\"@context\":\"https:\/\/schema.org\",\"@graph\":[{\"@type\":\"WebPage\",\"@id\":\"https:\/\/fashiongold.lt\/pl\/spinel\/\",\"url\":\"https:\/\/fashiongold.lt\/pl\/spinel\/\",\"name\":\"Spinel: najlepszy wyb\u00f3r dla kamieni naturalnych\",\"isPartOf\":{\"@id\":\"https:\/\/fashiongold.lt\/pl\/#website\"},\"primaryImageOfPage\":{\"@id\":\"https:\/\/fashiongold.lt\/pl\/spinel\/#primaryimage\"},\"image\":{\"@id\":\"https:\/\/fashiongold.lt\/pl\/spinel\/#primaryimage\"},\"thumbnailUrl\":\"https:\/\/fashiongold.lt\/wp-content\/uploads\/2026\/01\/24ff20c4-26ff-4713-accd-520bd8b45608.png\",\"datePublished\":\"2026-01-04T08:58:19+00:00\",\"dateModified\":\"2026-02-03T05:05:55+00:00\",\"description\":\"Odkryj, dlaczego spinel jest doskona\u0142ym wyborem w\u015br\u00f3d kamieni naturalnych i kryszta\u0142\u00f3w. Dowiedz si\u0119 wi\u0119cej i zg\u0142\u0119b zalety tego materia\u0142u!\",\"breadcrumb\":{\"@id\":\"https:\/\/fashiongold.lt\/pl\/spinel\/#breadcrumb\"},\"inLanguage\":\"pl-PL\",\"potentialAction\":[{\"@type\":\"ReadAction\",\"target\":[\"https:\/\/fashiongold.lt\/pl\/spinel\/\"]}]},{\"@type\":\"ImageObject\",\"inLanguage\":\"pl-PL\",\"@id\":\"https:\/\/fashiongold.lt\/pl\/spinel\/#primaryimage\",\"url\":\"https:\/\/fashiongold.lt\/wp-content\/uploads\/2026\/01\/24ff20c4-26ff-4713-accd-520bd8b45608.png\",\"contentUrl\":\"https:\/\/fashiongold.lt\/wp-content\/uploads\/2026\/01\/24ff20c4-26ff-4713-accd-520bd8b45608.png\",\"width\":1536,\"height\":1024},{\"@type\":\"BreadcrumbList\",\"@id\":\"https:\/\/fashiongold.lt\/pl\/spinel\/#breadcrumb\",\"itemListElement\":[{\"@type\":\"ListItem\",\"position\":1,\"name\":\"Home\",\"item\":\"https:\/\/fashiongold.lt\/pl\/\"},{\"@type\":\"ListItem\",\"position\":2,\"name\":\"Spinel\"}]},{\"@type\":\"WebSite\",\"@id\":\"https:\/\/fashiongold.lt\/pl\/#website\",\"url\":\"https:\/\/fashiongold.lt\/pl\/\",\"name\":\"Fashion Gold\",\"description\":\"Juvelyrikos namai\",\"publisher\":{\"@id\":\"https:\/\/fashiongold.lt\/pl\/#organization\"},\"potentialAction\":[{\"@type\":\"SearchAction\",\"target\":{\"@type\":\"EntryPoint\",\"urlTemplate\":\"https:\/\/fashiongold.lt\/pl\/?s={search_term_string}\"},\"query-input\":{\"@type\":\"PropertyValueSpecification\",\"valueRequired\":true,\"valueName\":\"search_term_string\"}}],\"inLanguage\":\"pl-PL\"},{\"@type\":\"Organization\",\"@id\":\"https:\/\/fashiongold.lt\/pl\/#organization\",\"name\":\"Topdiamonds Online\",\"url\":\"https:\/\/fashiongold.lt\/pl\/\",\"logo\":{\"@type\":\"ImageObject\",\"inLanguage\":\"pl-PL\",\"@id\":\"https:\/\/fashiongold.lt\/pl\/#\/schema\/logo\/image\/\",\"url\":\"https:\/\/fashiongold.lt\/wp-content\/uploads\/2025\/04\/cropped-fashion_gold_logotipas2-scaled-1.png\",\"contentUrl\":\"https:\/\/fashiongold.lt\/wp-content\/uploads\/2025\/04\/cropped-fashion_gold_logotipas2-scaled-1.png\",\"width\":2559,\"height\":421,\"caption\":\"Topdiamonds Online\"},\"image\":{\"@id\":\"https:\/\/fashiongold.lt\/pl\/#\/schema\/logo\/image\/\"}}]}<\/script>\n<!-- \/ Yoast SEO plugin. -->","yoast_head_json":{"title":"Spinel: najlepszy wyb\u00f3r dla kamieni naturalnych","description":"Odkryj, dlaczego spinel jest doskona\u0142ym wyborem w\u015br\u00f3d kamieni naturalnych i kryszta\u0142\u00f3w. Dowiedz si\u0119 wi\u0119cej i zg\u0142\u0119b zalety tego materia\u0142u!","robots":{"index":"index","follow":"follow","max-snippet":"max-snippet:-1","max-image-preview":"max-image-preview:large","max-video-preview":"max-video-preview:-1"},"canonical":"https:\/\/fashiongold.lt\/pl\/spinel\/","og_locale":"pl_PL","og_type":"article","og_title":"Spinel: najlepszy wyb\u00f3r dla kamieni naturalnych","og_description":"Odkryj, dlaczego spinel jest doskona\u0142ym wyborem w\u015br\u00f3d kamieni naturalnych i kryszta\u0142\u00f3w. Dowiedz si\u0119 wi\u0119cej i zg\u0142\u0119b zalety tego materia\u0142u!","og_url":"https:\/\/fashiongold.lt\/pl\/spinel\/","og_site_name":"FashionGold.lt","article_modified_time":"2026-02-03T05:05:55+00:00","og_image":[{"width":1536,"height":1024,"url":"https:\/\/fashiongold.lt\/wp-content\/uploads\/2026\/01\/24ff20c4-26ff-4713-accd-520bd8b45608.webp","type":"image\/png"}],"twitter_card":"summary_large_image","twitter_misc":{"Szacowany czas czytania":"4 minuty"},"schema":{"@context":"https:\/\/schema.org","@graph":[{"@type":"WebPage","@id":"https:\/\/fashiongold.lt\/pl\/spinel\/","url":"https:\/\/fashiongold.lt\/pl\/spinel\/","name":"Spinel: najlepszy wyb\u00f3r dla kamieni naturalnych","isPartOf":{"@id":"https:\/\/fashiongold.lt\/pl\/#website"},"primaryImageOfPage":{"@id":"https:\/\/fashiongold.lt\/pl\/spinel\/#primaryimage"},"image":{"@id":"https:\/\/fashiongold.lt\/pl\/spinel\/#primaryimage"},"thumbnailUrl":"https:\/\/fashiongold.lt\/wp-content\/uploads\/2026\/01\/24ff20c4-26ff-4713-accd-520bd8b45608.png","datePublished":"2026-01-04T08:58:19+00:00","dateModified":"2026-02-03T05:05:55+00:00","description":"Odkryj, dlaczego spinel jest doskona\u0142ym wyborem w\u015br\u00f3d kamieni naturalnych i kryszta\u0142\u00f3w. Dowiedz si\u0119 wi\u0119cej i zg\u0142\u0119b zalety tego materia\u0142u!","breadcrumb":{"@id":"https:\/\/fashiongold.lt\/pl\/spinel\/#breadcrumb"},"inLanguage":"pl-PL","potentialAction":[{"@type":"ReadAction","target":["https:\/\/fashiongold.lt\/pl\/spinel\/"]}]},{"@type":"ImageObject","inLanguage":"pl-PL","@id":"https:\/\/fashiongold.lt\/pl\/spinel\/#primaryimage","url":"https:\/\/fashiongold.lt\/wp-content\/uploads\/2026\/01\/24ff20c4-26ff-4713-accd-520bd8b45608.png","contentUrl":"https:\/\/fashiongold.lt\/wp-content\/uploads\/2026\/01\/24ff20c4-26ff-4713-accd-520bd8b45608.png","width":1536,"height":1024},{"@type":"BreadcrumbList","@id":"https:\/\/fashiongold.lt\/pl\/spinel\/#breadcrumb","itemListElement":[{"@type":"ListItem","position":1,"name":"Home","item":"https:\/\/fashiongold.lt\/pl\/"},{"@type":"ListItem","position":2,"name":"Spinel"}]},{"@type":"WebSite","@id":"https:\/\/fashiongold.lt\/pl\/#website","url":"https:\/\/fashiongold.lt\/pl\/","name":"Fashion Gold","description":"Juvelyrikos namai","publisher":{"@id":"https:\/\/fashiongold.lt\/pl\/#organization"},"potentialAction":[{"@type":"SearchAction","target":{"@type":"EntryPoint","urlTemplate":"https:\/\/fashiongold.lt\/pl\/?s={search_term_string}"},"query-input":{"@type":"PropertyValueSpecification","valueRequired":true,"valueName":"search_term_string"}}],"inLanguage":"pl-PL"},{"@type":"Organization","@id":"https:\/\/fashiongold.lt\/pl\/#organization","name":"Topdiamonds Online","url":"https:\/\/fashiongold.lt\/pl\/","logo":{"@type":"ImageObject","inLanguage":"pl-PL","@id":"https:\/\/fashiongold.lt\/pl\/#\/schema\/logo\/image\/","url":"https:\/\/fashiongold.lt\/wp-content\/uploads\/2025\/04\/cropped-fashion_gold_logotipas2-scaled-1.png","contentUrl":"https:\/\/fashiongold.lt\/wp-content\/uploads\/2025\/04\/cropped-fashion_gold_logotipas2-scaled-1.png","width":2559,"height":421,"caption":"Topdiamonds Online"},"image":{"@id":"https:\/\/fashiongold.lt\/pl\/#\/schema\/logo\/image\/"}}]}},"_links":{"self":[{"href":"https:\/\/fashiongold.lt\/pl\/wp-json\/wp\/v2\/pages\/269648","targetHints":{"allow":["GET"]}}],"collection":[{"href":"https:\/\/fashiongold.lt\/pl\/wp-json\/wp\/v2\/pages"}],"about":[{"href":"https:\/\/fashiongold.lt\/pl\/wp-json\/wp\/v2\/types\/page"}],"author":[{"embeddable":true,"href":"https:\/\/fashiongold.lt\/pl\/wp-json\/wp\/v2\/users\/11"}],"replies":[{"embeddable":true,"href":"https:\/\/fashiongold.lt\/pl\/wp-json\/wp\/v2\/comments?post=269648"}],"version-history":[{"count":0,"href":"https:\/\/fashiongold.lt\/pl\/wp-json\/wp\/v2\/pages\/269648\/revisions"}],"wp:featuredmedia":[{"embeddable":true,"href":"https:\/\/fashiongold.lt\/pl\/wp-json\/wp\/v2\/media\/266849"}],"wp:attachment":[{"href":"https:\/\/fashiongold.lt\/pl\/wp-json\/wp\/v2\/media?parent=269648"}],"curies":[{"name":"wp","href":"https:\/\/api.w.org\/{rel}","templated":true}]}}