{"id":269837,"date":"2025-11-05T09:18:00","date_gmt":"2025-11-05T09:18:00","guid":{"rendered":"https:\/\/fashiongold.lt\/granat\/"},"modified":"2026-02-03T05:28:05","modified_gmt":"2026-02-03T05:28:05","slug":"granat","status":"publish","type":"page","link":"https:\/\/fashiongold.lt\/pl\/granat\/","title":{"rendered":"Granat"},"content":{"rendered":"<p><img decoding=\"async\" src=\"https:\/\/fashiongold.lt\/wp-content\/uploads\/2025\/11\/5e4c9f05-9ea7-4f50-bb16-789a9bc755ce.png\" alt=\"Przezroczysty czerwony granat (szlif brylantowy okr\u0105g\u0142y). Kamie\u0144 l\u015bni nasyconymi czerwonymi tonami\" \/><\/p>\n<h2><strong>Granat \u2013 kamie\u0144 pasji i si\u0142y: od staro\u017cytnych legend po wsp\u00f3\u0142czesn\u0105 bi\u017cuteri\u0119<\/strong><\/h2>\n<h3>Czym jest granat?<\/h3>\n<p>Dowiedz si\u0119 wi\u0119cej o granacie \u2013 jednym z najpopularniejszych kamieni szlachetnych, jego w\u0142a\u015bciwo\u015bciach, kolorach i symbolice.<\/p>\n<p>Granat to jeden z najpopularniejszych kamieni szlachetnych, znany od tysi\u0119cy lat. Nie jest to pojedynczy kamie\u0144, lecz ca\u0142a grupa minera\u0142\u00f3w szlachetnych, kt\u00f3ra charakteryzuje si\u0119 imponuj\u0105c\u0105 r\u00f3\u017cnorodno\u015bci\u0105 barw \u2013 od czerwieni po ziele\u0144, pomara\u0144cz, fiolet, a nawet b\u0142\u0119kit. Jest to grupa kamieni ceniona za swoje wyj\u0105tkowe w\u0142a\u015bciwo\u015bci. Kamie\u0144 granat symbolizuje mi\u0142o\u015b\u0107, si\u0142\u0119, odwag\u0119 i wierno\u015b\u0107. Jest to przezroczysty kamie\u0144 szlachetny wyst\u0119puj\u0105cy w r\u00f3\u017cnych kolorach, ceniony za sw\u00f3j intensywny blask i trwa\u0142o\u015b\u0107.<\/p>\n<h3>Pochodzenie i historia granatu<\/h3>\n<p>Ten kamie\u0144 szlachetny by\u0142 ceniony ju\u017c w staro\u017cytnym Egipcie, Rzymie i Persji. Granat nazywano \u201ekarbunku\u0142em\u201d, co oznacza \u201eognisty kamie\u0144\u201d. By\u0142 u\u017cywany w bi\u017cuterii w\u0142adc\u00f3w, pier\u015bcionkach zar\u0119czynowych i amuletach. Wierzono, \u017ce granat chroni podr\u00f3\u017cnych, dodaje energii i pomaga pokona\u0107 l\u0119ki.<\/p>\n<h3>W\u0142a\u015bciwo\u015bci granatu<\/h3>\n<ul>\n<li><strong>Twardo\u015b\u0107:<\/strong> 6,5\u20137,5 w skali Mohsa \u2013 granaty s\u0105 do\u015b\u0107 twarde, dlatego nadaj\u0105 si\u0119 do codziennej bi\u017cuterii.<\/li>\n<li><strong>Po\u0142ysk:<\/strong> szklany lub diamentowy, dzi\u0119ki czemu kamie\u0144 l\u015bni nawet przy s\u0142abym \u015bwietle, a jego blask mo\u017ce przypomina\u0107 blask diament\u00f3w.<\/li>\n<li><strong>Przezroczysto\u015b\u0107:<\/strong> jest to <strong>przezroczysty kamie\u0144 szlachetny o r\u00f3\u017cnych barwach<\/strong> \u2013 od czerwonej po zielon\u0105, pomara\u0144czow\u0105, a nawet niebiesk\u0105.<\/li>\n<li><strong>G\u0119sto\u015b\u0107:<\/strong> 3,4\u20134,2 g\/cm\u00b3, przez co kamie\u0144 wydaje si\u0119 solidny i ma swoj\u0105 \u201ewag\u0119\u201d.<\/li>\n<li><strong>Sk\u0142ad:<\/strong> minera\u0142 z grupy krzemian\u00f3w, zawieraj\u0105cy domieszki \u017celaza, magnezu, manganu lub wapnia \u2013 to od nich zale\u017cy kolor.<\/li>\n<\/ul>\n<p>Dzi\u0119ki tym w\u0142a\u015bciwo\u015bciom granat mo\u017ce by\u0107 stosowany w r\u00f3\u017cnorodnej bi\u017cuterii, a nawet w przemy\u015ble.<\/p>\n<h3>Rodzaje i kolory granat\u00f3w<\/h3>\n<p><img decoding=\"async\" src=\"https:\/\/fashiongold.lt\/wp-content\/uploads\/2025\/11\/e9e121b0-4906-402c-b452-c5e449462317.png\" alt=\"R\u00f3\u017cne kolory granatu - czerwony, pomara\u0144czowy, r\u00f3\u017cowy, fioletowy, br\u0105zowy, czarny, niebieski\" \/><\/p>\n<p>Granaty mog\u0105 by\u0107 czerwone, pomara\u0144czowe, zielone, r\u00f3\u017cowe, fioletowe, a nawet czarne. Najcz\u0119\u015bciej spotykane rodzaje to:<\/p>\n<ul>\n<li><strong>Almandyn<\/strong> \u2013 kamie\u0144 o g\u0142\u0119bokiej czerwonej barwie, uwa\u017cany za symbol mi\u0142o\u015bci i pasji.<\/li>\n<li><strong>Pirop<\/strong> \u2013 klasyczny, ciemnoczerwony, przypominaj\u0105cy nasiona owocu granatu lub wino.<\/li>\n<li><strong>Spessartyn<\/strong> \u2013 o odcieniu pomara\u0144czowym lub mandarynkowym, dodaj\u0105cy optymizmu i kreatywno\u015bci.<\/li>\n<li><strong>Grossular<\/strong> \u2013 jasnozielony lub \u017c\u00f3\u0142tawy kamie\u0144, czasem przypominaj\u0105cy szmaragd. Szmaragdy to zielone kamienie szlachetne, cenione za sw\u00f3j wyj\u0105tkowy kolor i rzadko\u015b\u0107.<\/li>\n<li><strong>Uwarowit<\/strong> \u2013 jasnozielony granat, bardzo rzadki i ceniony za unikalny kolor.<\/li>\n<\/ul>\n<p>Granaty s\u0105 cz\u0119sto mylone z innymi kamieniami szlachetnymi, takimi jak rubin, szafir, szmaragd czy per\u0142y.<\/p>\n<h3>Granat w jubilerstwie<\/h3>\n<p><img decoding=\"async\" src=\"https:\/\/fashiongold.lt\/wp-content\/uploads\/2025\/11\/ddad0ce3-2c2f-484c-8b2e-8f58766859e9.png\" alt=\"Na uszach stylowej dziewczyny l\u015bni\u0105 kolczyki z bia\u0142ego z\u0142ota z okr\u0105g\u0142ym granatem w \u015brodku i drobnymi diamentami dooko\u0142a.\" \/><\/p>\n<p>Granaty doskonale komponuj\u0105 si\u0119 w bi\u017cuterii z\u0142otej i srebrnej. S\u0105 wykorzystywane do tworzenia pier\u015bcionk\u00f3w z diamentami, kolczyk\u00f3w z diamentami, wisiork\u00f3w z diamentami oraz obr\u0105czek \u015blubnych. Czerwony granat jest szczeg\u00f3lnie popularny w pier\u015bcionkach zar\u0119czynowych, poniewa\u017c symbolizuje mi\u0142o\u015b\u0107 i pasj\u0119.<\/p>\n<h3>Magiczne w\u0142a\u015bciwo\u015bci granatu<\/h3>\n<p>W staro\u017cytno\u015bci ludzie wierzyli, \u017ce granat to talizman chroni\u0105cy przed nieszcz\u0119\u015bciem. Symbolizuje odwag\u0119, energi\u0119 i wytrwa\u0142o\u015b\u0107. Jako talizman wed\u0142ug znaku zodiaku cz\u0119sto kojarzony jest z Lwem, Skorpionem i Baranem \u2013 znakami, kt\u00f3rym kamie\u0144 ten dodaje si\u0142y.<\/p>\n<p>Granat od dawna uwa\u017cany jest za kamie\u0144 przyci\u0105gaj\u0105cy szcz\u0119\u015bcie i zapewniaj\u0105cy ochron\u0119.<\/p>\n<p>Kamie\u0144 granat jest r\u00f3wnie\u017c uwa\u017cany za symbol mi\u0142o\u015bci \u2013 wzmacnia wi\u0119\u017a mi\u0119dzy partnerami i sprzyja szczero\u015bci.<\/p>\n<h3>Granat a znaki zodiaku<\/h3>\n<p>Jako kamie\u0144 zodiakalny, granat najbardziej pasuje do os\u00f3b urodzonych w styczniu \u2013 dlatego nazywany jest kamieniem urodzeniowym stycznia. Kamie\u0144 wybrany wed\u0142ug daty urodzenia mo\u017ce pom\u00f3c uwolni\u0107 energi\u0119 cz\u0142owieka, a granat jest uwa\u017cany za talizman, kt\u00f3ry dodaje witalno\u015bci i pewno\u015bci siebie.<\/p>\n<h3>Jak rozpozna\u0107 prawdziwy granat<\/h3>\n<p>Naturalny granat charakteryzuje si\u0119 silnym szklanym po\u0142yskiem, a jego powierzchnia wydaje si\u0119 g\u0142\u0119boka, jakby promieniowa\u0142a od wewn\u0105trz. Je\u015bli kamie\u0144 jest zbyt idealnie przezroczysty, prawdopodobnie jest to wariant syntetyczny. Prawdziwy granat cz\u0119sto posiada drobne inkluzje wewn\u0119trzne, kt\u00f3re \u015bwiadcz\u0105 o jego naturalnym pochodzeniu.<\/p>\n<h3>Granat \u2013 nie tylko czerwony<\/h3>\n<p>Cho\u0107 najcz\u0119\u015bciej granaty kojarzone s\u0105 z czerwonymi kamieniami szlachetnymi, istniej\u0105 r\u00f3wnie\u017c rzadsze odcienie \u2013 zielonkawe, pomara\u0144czowe, a nawet niebieskie. Przezroczysty kamie\u0144 szlachetny zmienia kolor w zale\u017cno\u015bci od o\u015bwietlenia, dlatego niekt\u00f3re egzemplarze swoim pi\u0119knem dor\u00f3wnuj\u0105 szafirom czy diamentom.<\/p>\n<h3>Miejsce granatu w\u015br\u00f3d kamieni szlachetnych<\/h3>\n<p>Granaty nale\u017c\u0105 do najbardziej cenionych kamieni szlachetnych ze wzgl\u0119du na swoje naturalne pi\u0119kno i wszechstronno\u015b\u0107. Cz\u0119sto wybieraj\u0105 je osoby szukaj\u0105ce bi\u017cuterii z przes\u0142aniem \u2013 talizmanu wed\u0142ug daty urodzenia, kt\u00f3ry nie tylko zdobi, ale i pomaga odzyska\u0107 r\u00f3wnowag\u0119 emocjonaln\u0105.<\/p>\n<p>Granat to kamie\u0144, kt\u00f3ry \u0142\u0105czy mi\u0142o\u015b\u0107 i energi\u0119, dodaje si\u0142y i inspiracji. Doskonale komponuje si\u0119 z diamentami, szafirami, per\u0142ami, a nawet szmaragdem, tworz\u0105c wyraziste, kontrastowe zestawienia jubilerskie.<\/p>\n<h3>Cena granatu<\/h3>\n<p>Cena granatu zale\u017cy od wielu czynnik\u00f3w \u2013 wielko\u015bci, jako\u015bci, koloru i rodzaju. Kamie\u0144 ten mo\u017ce wyst\u0119powa\u0107 w r\u00f3\u017cnych barwach, dlatego zakres cenowy jest bardzo szeroki. Szczeg\u00f3lnie cenione s\u0105 czerwone granaty, takie jak piropy, kt\u00f3re cz\u0119sto s\u0105 najbardziej po\u017c\u0105dane i najdro\u017csze. Jednak granaty mog\u0105 by\u0107 nie tylko czerwone \u2013 zielone, pomara\u0144czowe czy nawet fioletowe kamienie r\u00f3wnie\u017c maj\u0105 swoj\u0105 warto\u015b\u0107, zale\u017cn\u0105 od rzadko\u015bci i pi\u0119kna. Cena granatu zale\u017cy tak\u017ce od jego przezroczysto\u015bci, kszta\u0142tu i szlifu \u2013 im kamie\u0144 jest czystszy i lepiej oszlifowany, tym jest dro\u017cszy. Niekt\u00f3re granaty, szczeg\u00f3lnie te rzadkie lub o unikalnym kolorze, mog\u0105 by\u0107 niezwykle kosztowne. Niemniej jednak, nawet ta\u0144sze granaty mog\u0105 by\u0107 bardzo pi\u0119kne i warto\u015bciowe, dlatego kamie\u0144 ten nadaje si\u0119 zar\u00f3wno do luksusowej, jak i codziennej bi\u017cuterii. Cena granatu jest subiektywna \u2013 zale\u017cy od indywidualnych preferencji, po\u017c\u0105danego koloru czy wielko\u015bci kamienia, wi\u0119c ka\u017cdy mo\u017ce znale\u017a\u0107 opcj\u0119 odpowiedni\u0105 dla siebie.<\/p>\n<h3>Ciekawostki o granacie<\/h3>\n<p>Granat jest jednym z najstarszych i najbardziej cenionych kamieni szlachetnych na \u015bwiecie. Uwa\u017cany jest za symbol si\u0142y, determinacji i ochrony, a ze wzgl\u0119du na swoje wyj\u0105tkowe w\u0142a\u015bciwo\u015bci by\u0142 u\u017cywany przez tysi\u0105ce lat w r\u00f3\u017cnych kulturach. Granat wyr\u00f3\u017cnia si\u0119 nie tylko pi\u0119knem, ale i twardo\u015bci\u0105 \u2013 jest jednym z najbardziej odpornych kamieni, dzi\u0119ki czemu idealnie nadaje si\u0119 do codziennego noszenia. Kamie\u0144 ten mo\u017ce przybiera\u0107 r\u00f3\u017cne barwy \u2013 od nasyconej czerwieni po jasn\u0105 ziele\u0144 czy fiolet, wi\u0119c ka\u017cdy mo\u017ce znale\u017a\u0107 odcie\u0144 dla siebie. Granat jest r\u00f3wnie\u017c uwa\u017cany za symbol mi\u0142o\u015bci, pasji i ochrony, dlatego cz\u0119sto wybierany jest jako wyj\u0105tkowy akcent w bi\u017cuterii. Co ciekawe, granat by\u0142 u\u017cywany nie tylko w ozdobach, ale r\u00f3wnie\u017c jako talizman chroni\u0105cy przed nieszcz\u0119\u015bciami lub dodaj\u0105cy si\u0142y. Dzi\u0119ki swojej wszechstronno\u015bci i wyj\u0105tkowo\u015bci granat pozostaje jednym z najbardziej cenionych kamieni szlachetnych, kt\u00f3ry zawsze b\u0119dzie modny i lubiany zar\u00f3wno w \u015bwiecie jubilerskim, jak i kolekcjonerskim.<\/p>\n<h3>Dlaczego warto wybra\u0107 granat<\/h3>\n<p><img decoding=\"async\" src=\"https:\/\/fashiongold.lt\/wp-content\/uploads\/2025\/11\/e57d58fc-2bec-4efb-ba5e-54545f362ca4.png\" alt=\"Pier\u015bcionek zar\u0119czynowy z okr\u0105g\u0142ym czerwonym granatem w \u015brodku, bia\u0142e z\u0142oto, boczne diamenty.\" \/><\/p>\n<p>Ten kamie\u0144 szlachetny to nie tylko ozdoba, ale i symbol. Pomaga w d\u0105\u017ceniu do cel\u00f3w, pokonywaniu wyzwa\u0144 i wzmacnia pewno\u015b\u0107 siebie. Pier\u015bcionek z granatem i diamentem lub kolczyki z diamentami stan\u0105 si\u0119 nie tylko akcentem stylizacji, ale i talizmanem na ca\u0142e \u017cycie.<\/p>\n<p>Granat to jeden z tych kamieni szlachetnych, kt\u00f3re nigdy nie wychodz\u0105 z mody. Jego kolory, blask i historia zachwycaj\u0105 zar\u00f3wno mi\u0142o\u015bnik\u00f3w klasyki, jak i wielbicieli bi\u017cuterii szukaj\u0105cych nowoczesnych form.<\/p>\n","protected":false},"excerpt":{"rendered":"<p>Granat \u2013 kamie\u0144 pasji i si\u0142y: od staro\u017cytnych legend po wsp\u00f3\u0142czesn\u0105 bi\u017cuteri\u0119 Czym jest granat? Dowiedz si\u0119 wi\u0119cej o granacie [&hellip;]<\/p>\n","protected":false},"author":11,"featured_media":263389,"parent":0,"menu_order":0,"comment_status":"closed","ping_status":"closed","template":"","meta":{"site-sidebar-layout":"default","site-content-layout":"","ast-site-content-layout":"default","site-content-style":"default","site-sidebar-style":"default","ast-global-header-display":"","ast-banner-title-visibility":"","ast-main-header-display":"","ast-hfb-above-header-display":"","ast-hfb-below-header-display":"","ast-hfb-mobile-header-display":"","site-post-title":"","ast-breadcrumbs-content":"","ast-featured-img":"disabled","footer-sml-layout":"","ast-disable-related-posts":"","theme-transparent-header-meta":"default","adv-header-id-meta":"","stick-header-meta":"","header-above-stick-meta":"","header-main-stick-meta":"","header-below-stick-meta":"","astra-migrate-meta-layouts":"default","ast-page-background-enabled":"default","ast-page-background-meta":{"desktop":{"background-color":"var(--ast-global-color-4)","background-image":"","background-repeat":"repeat","background-position":"center center","background-size":"auto","background-attachment":"scroll","background-type":"","background-media":"","overlay-type":"","overlay-color":"","overlay-opacity":"","overlay-gradient":""},"tablet":{"background-color":"","background-image":"","background-repeat":"repeat","background-position":"center center","background-size":"auto","background-attachment":"scroll","background-type":"","background-media":"","overlay-type":"","overlay-color":"","overlay-opacity":"","overlay-gradient":""},"mobile":{"background-color":"","background-image":"","background-repeat":"repeat","background-position":"center center","background-size":"auto","background-attachment":"scroll","background-type":"","background-media":"","overlay-type":"","overlay-color":"","overlay-opacity":"","overlay-gradient":""}},"ast-content-background-meta":{"desktop":{"background-color":"var(--ast-global-color-5)","background-image":"","background-repeat":"repeat","background-position":"center center","background-size":"auto","background-attachment":"scroll","background-type":"","background-media":"","overlay-type":"","overlay-color":"","overlay-opacity":"","overlay-gradient":""},"tablet":{"background-color":"var(--ast-global-color-5)","background-image":"","background-repeat":"repeat","background-position":"center center","background-size":"auto","background-attachment":"scroll","background-type":"","background-media":"","overlay-type":"","overlay-color":"","overlay-opacity":"","overlay-gradient":""},"mobile":{"background-color":"var(--ast-global-color-5)","background-image":"","background-repeat":"repeat","background-position":"center center","background-size":"auto","background-attachment":"scroll","background-type":"","background-media":"","overlay-type":"","overlay-color":"","overlay-opacity":"","overlay-gradient":""}},"footnotes":""},"class_list":["post-269837","page","type-page","status-publish","has-post-thumbnail","hentry"],"yoast_head":"<!-- This site is optimized with the Yoast SEO plugin v26.6 - https:\/\/yoast.com\/wordpress\/plugins\/seo\/ -->\n<title>Granat: w\u0142a\u015bciwo\u015bci, zastosowanie i znaczenie w kamieniach szlachetnych<\/title>\n<meta name=\"description\" content=\"Odkryj w\u0142a\u015bciwo\u015bci granatu, jego zastosowanie i znaczenie w jubilerstwie. Dowiedz si\u0119, jak ten kamie\u0144 mo\u017ce wzbogaci\u0107 Twoj\u0105 kolekcj\u0119. Przeczytaj artyku\u0142!\" \/>\n<meta name=\"robots\" content=\"index, follow, max-snippet:-1, max-image-preview:large, max-video-preview:-1\" \/>\n<link rel=\"canonical\" href=\"https:\/\/fashiongold.lt\/pl\/granat\/\" \/>\n<meta property=\"og:locale\" content=\"pl_PL\" \/>\n<meta property=\"og:type\" content=\"article\" \/>\n<meta property=\"og:title\" content=\"Granat: w\u0142a\u015bciwo\u015bci, zastosowanie i znaczenie w kamieniach szlachetnych\" \/>\n<meta property=\"og:description\" content=\"Odkryj w\u0142a\u015bciwo\u015bci granatu, jego zastosowanie i znaczenie w jubilerstwie. Dowiedz si\u0119, jak ten kamie\u0144 mo\u017ce wzbogaci\u0107 Twoj\u0105 kolekcj\u0119. Przeczytaj artyku\u0142!\" \/>\n<meta property=\"og:url\" content=\"https:\/\/fashiongold.lt\/pl\/granat\/\" \/>\n<meta property=\"og:site_name\" content=\"FashionGold.lt\" \/>\n<meta property=\"article:modified_time\" content=\"2026-02-03T05:28:05+00:00\" \/>\n<meta property=\"og:image\" content=\"https:\/\/fashiongold.lt\/wp-content\/uploads\/2025\/11\/5e4c9f05-9ea7-4f50-bb16-789a9bc755ce.png\" \/>\n<meta name=\"twitter:card\" content=\"summary_large_image\" \/>\n<meta name=\"twitter:label1\" content=\"Szacowany czas czytania\" \/>\n\t<meta name=\"twitter:data1\" content=\"6 minut\" \/>\n<script type=\"application\/ld+json\" class=\"yoast-schema-graph\">{\"@context\":\"https:\/\/schema.org\",\"@graph\":[{\"@type\":\"WebPage\",\"@id\":\"https:\/\/fashiongold.lt\/pl\/granat\/\",\"url\":\"https:\/\/fashiongold.lt\/pl\/granat\/\",\"name\":\"Granat: w\u0142a\u015bciwo\u015bci, zastosowanie i znaczenie w kamieniach szlachetnych\",\"isPartOf\":{\"@id\":\"https:\/\/fashiongold.lt\/pl\/#website\"},\"primaryImageOfPage\":{\"@id\":\"https:\/\/fashiongold.lt\/pl\/granat\/#primaryimage\"},\"image\":{\"@id\":\"https:\/\/fashiongold.lt\/pl\/granat\/#primaryimage\"},\"thumbnailUrl\":\"https:\/\/fashiongold.lt\/wp-content\/uploads\/2025\/11\/5e4c9f05-9ea7-4f50-bb16-789a9bc755ce.png\",\"datePublished\":\"2025-11-05T09:18:00+00:00\",\"dateModified\":\"2026-02-03T05:28:05+00:00\",\"description\":\"Odkryj w\u0142a\u015bciwo\u015bci granatu, jego zastosowanie i znaczenie w jubilerstwie. Dowiedz si\u0119, jak ten kamie\u0144 mo\u017ce wzbogaci\u0107 Twoj\u0105 kolekcj\u0119. Przeczytaj artyku\u0142!\",\"breadcrumb\":{\"@id\":\"https:\/\/fashiongold.lt\/pl\/granat\/#breadcrumb\"},\"inLanguage\":\"pl-PL\",\"potentialAction\":[{\"@type\":\"ReadAction\",\"target\":[\"https:\/\/fashiongold.lt\/pl\/granat\/\"]}]},{\"@type\":\"ImageObject\",\"inLanguage\":\"pl-PL\",\"@id\":\"https:\/\/fashiongold.lt\/pl\/granat\/#primaryimage\",\"url\":\"https:\/\/fashiongold.lt\/wp-content\/uploads\/2025\/11\/5e4c9f05-9ea7-4f50-bb16-789a9bc755ce.png\",\"contentUrl\":\"https:\/\/fashiongold.lt\/wp-content\/uploads\/2025\/11\/5e4c9f05-9ea7-4f50-bb16-789a9bc755ce.png\",\"width\":1536,\"height\":1024,\"caption\":\"Skaidrus raudonas granatas (round brilliant cut). Akmuo spindi sodriai raudonais tonais\"},{\"@type\":\"BreadcrumbList\",\"@id\":\"https:\/\/fashiongold.lt\/pl\/granat\/#breadcrumb\",\"itemListElement\":[{\"@type\":\"ListItem\",\"position\":1,\"name\":\"Home\",\"item\":\"https:\/\/fashiongold.lt\/pl\/\"},{\"@type\":\"ListItem\",\"position\":2,\"name\":\"Granat\"}]},{\"@type\":\"WebSite\",\"@id\":\"https:\/\/fashiongold.lt\/pl\/#website\",\"url\":\"https:\/\/fashiongold.lt\/pl\/\",\"name\":\"Fashion Gold\",\"description\":\"Juvelyrikos namai\",\"publisher\":{\"@id\":\"https:\/\/fashiongold.lt\/pl\/#organization\"},\"potentialAction\":[{\"@type\":\"SearchAction\",\"target\":{\"@type\":\"EntryPoint\",\"urlTemplate\":\"https:\/\/fashiongold.lt\/pl\/?s={search_term_string}\"},\"query-input\":{\"@type\":\"PropertyValueSpecification\",\"valueRequired\":true,\"valueName\":\"search_term_string\"}}],\"inLanguage\":\"pl-PL\"},{\"@type\":\"Organization\",\"@id\":\"https:\/\/fashiongold.lt\/pl\/#organization\",\"name\":\"Topdiamonds Online\",\"url\":\"https:\/\/fashiongold.lt\/pl\/\",\"logo\":{\"@type\":\"ImageObject\",\"inLanguage\":\"pl-PL\",\"@id\":\"https:\/\/fashiongold.lt\/pl\/#\/schema\/logo\/image\/\",\"url\":\"https:\/\/fashiongold.lt\/wp-content\/uploads\/2025\/04\/cropped-fashion_gold_logotipas2-scaled-1.png\",\"contentUrl\":\"https:\/\/fashiongold.lt\/wp-content\/uploads\/2025\/04\/cropped-fashion_gold_logotipas2-scaled-1.png\",\"width\":2559,\"height\":421,\"caption\":\"Topdiamonds Online\"},\"image\":{\"@id\":\"https:\/\/fashiongold.lt\/pl\/#\/schema\/logo\/image\/\"}}]}<\/script>\n<!-- \/ Yoast SEO plugin. -->","yoast_head_json":{"title":"Granat: w\u0142a\u015bciwo\u015bci, zastosowanie i znaczenie w kamieniach szlachetnych","description":"Odkryj w\u0142a\u015bciwo\u015bci granatu, jego zastosowanie i znaczenie w jubilerstwie. Dowiedz si\u0119, jak ten kamie\u0144 mo\u017ce wzbogaci\u0107 Twoj\u0105 kolekcj\u0119. Przeczytaj artyku\u0142!","robots":{"index":"index","follow":"follow","max-snippet":"max-snippet:-1","max-image-preview":"max-image-preview:large","max-video-preview":"max-video-preview:-1"},"canonical":"https:\/\/fashiongold.lt\/pl\/granat\/","og_locale":"pl_PL","og_type":"article","og_title":"Granat: w\u0142a\u015bciwo\u015bci, zastosowanie i znaczenie w kamieniach szlachetnych","og_description":"Odkryj w\u0142a\u015bciwo\u015bci granatu, jego zastosowanie i znaczenie w jubilerstwie. Dowiedz si\u0119, jak ten kamie\u0144 mo\u017ce wzbogaci\u0107 Twoj\u0105 kolekcj\u0119. Przeczytaj artyku\u0142!","og_url":"https:\/\/fashiongold.lt\/pl\/granat\/","og_site_name":"FashionGold.lt","article_modified_time":"2026-02-03T05:28:05+00:00","og_image":[{"url":"https:\/\/fashiongold.lt\/wp-content\/uploads\/2025\/11\/5e4c9f05-9ea7-4f50-bb16-789a9bc755ce.png","type":"","width":"","height":""}],"twitter_card":"summary_large_image","twitter_misc":{"Szacowany czas czytania":"6 minut"},"schema":{"@context":"https:\/\/schema.org","@graph":[{"@type":"WebPage","@id":"https:\/\/fashiongold.lt\/pl\/granat\/","url":"https:\/\/fashiongold.lt\/pl\/granat\/","name":"Granat: w\u0142a\u015bciwo\u015bci, zastosowanie i znaczenie w kamieniach szlachetnych","isPartOf":{"@id":"https:\/\/fashiongold.lt\/pl\/#website"},"primaryImageOfPage":{"@id":"https:\/\/fashiongold.lt\/pl\/granat\/#primaryimage"},"image":{"@id":"https:\/\/fashiongold.lt\/pl\/granat\/#primaryimage"},"thumbnailUrl":"https:\/\/fashiongold.lt\/wp-content\/uploads\/2025\/11\/5e4c9f05-9ea7-4f50-bb16-789a9bc755ce.png","datePublished":"2025-11-05T09:18:00+00:00","dateModified":"2026-02-03T05:28:05+00:00","description":"Odkryj w\u0142a\u015bciwo\u015bci granatu, jego zastosowanie i znaczenie w jubilerstwie. Dowiedz si\u0119, jak ten kamie\u0144 mo\u017ce wzbogaci\u0107 Twoj\u0105 kolekcj\u0119. Przeczytaj artyku\u0142!","breadcrumb":{"@id":"https:\/\/fashiongold.lt\/pl\/granat\/#breadcrumb"},"inLanguage":"pl-PL","potentialAction":[{"@type":"ReadAction","target":["https:\/\/fashiongold.lt\/pl\/granat\/"]}]},{"@type":"ImageObject","inLanguage":"pl-PL","@id":"https:\/\/fashiongold.lt\/pl\/granat\/#primaryimage","url":"https:\/\/fashiongold.lt\/wp-content\/uploads\/2025\/11\/5e4c9f05-9ea7-4f50-bb16-789a9bc755ce.png","contentUrl":"https:\/\/fashiongold.lt\/wp-content\/uploads\/2025\/11\/5e4c9f05-9ea7-4f50-bb16-789a9bc755ce.png","width":1536,"height":1024,"caption":"Skaidrus raudonas granatas (round brilliant cut). Akmuo spindi sodriai raudonais tonais"},{"@type":"BreadcrumbList","@id":"https:\/\/fashiongold.lt\/pl\/granat\/#breadcrumb","itemListElement":[{"@type":"ListItem","position":1,"name":"Home","item":"https:\/\/fashiongold.lt\/pl\/"},{"@type":"ListItem","position":2,"name":"Granat"}]},{"@type":"WebSite","@id":"https:\/\/fashiongold.lt\/pl\/#website","url":"https:\/\/fashiongold.lt\/pl\/","name":"Fashion Gold","description":"Juvelyrikos namai","publisher":{"@id":"https:\/\/fashiongold.lt\/pl\/#organization"},"potentialAction":[{"@type":"SearchAction","target":{"@type":"EntryPoint","urlTemplate":"https:\/\/fashiongold.lt\/pl\/?s={search_term_string}"},"query-input":{"@type":"PropertyValueSpecification","valueRequired":true,"valueName":"search_term_string"}}],"inLanguage":"pl-PL"},{"@type":"Organization","@id":"https:\/\/fashiongold.lt\/pl\/#organization","name":"Topdiamonds Online","url":"https:\/\/fashiongold.lt\/pl\/","logo":{"@type":"ImageObject","inLanguage":"pl-PL","@id":"https:\/\/fashiongold.lt\/pl\/#\/schema\/logo\/image\/","url":"https:\/\/fashiongold.lt\/wp-content\/uploads\/2025\/04\/cropped-fashion_gold_logotipas2-scaled-1.png","contentUrl":"https:\/\/fashiongold.lt\/wp-content\/uploads\/2025\/04\/cropped-fashion_gold_logotipas2-scaled-1.png","width":2559,"height":421,"caption":"Topdiamonds Online"},"image":{"@id":"https:\/\/fashiongold.lt\/pl\/#\/schema\/logo\/image\/"}}]}},"_links":{"self":[{"href":"https:\/\/fashiongold.lt\/pl\/wp-json\/wp\/v2\/pages\/269837","targetHints":{"allow":["GET"]}}],"collection":[{"href":"https:\/\/fashiongold.lt\/pl\/wp-json\/wp\/v2\/pages"}],"about":[{"href":"https:\/\/fashiongold.lt\/pl\/wp-json\/wp\/v2\/types\/page"}],"author":[{"embeddable":true,"href":"https:\/\/fashiongold.lt\/pl\/wp-json\/wp\/v2\/users\/11"}],"replies":[{"embeddable":true,"href":"https:\/\/fashiongold.lt\/pl\/wp-json\/wp\/v2\/comments?post=269837"}],"version-history":[{"count":0,"href":"https:\/\/fashiongold.lt\/pl\/wp-json\/wp\/v2\/pages\/269837\/revisions"}],"wp:featuredmedia":[{"embeddable":true,"href":"https:\/\/fashiongold.lt\/pl\/wp-json\/wp\/v2\/media\/263389"}],"wp:attachment":[{"href":"https:\/\/fashiongold.lt\/pl\/wp-json\/wp\/v2\/media?parent=269837"}],"curies":[{"name":"wp","href":"https:\/\/api.w.org\/{rel}","templated":true}]}}