{"id":269875,"date":"2025-11-05T09:56:19","date_gmt":"2025-11-05T09:56:19","guid":{"rendered":"https:\/\/fashiongold.lt\/kwarc\/"},"modified":"2026-02-03T05:28:03","modified_gmt":"2026-02-03T05:28:03","slug":"kwarc","status":"publish","type":"page","link":"https:\/\/fashiongold.lt\/pl\/kwarc\/","title":{"rendered":"Kwarc"},"content":{"rendered":"<p><img decoding=\"async\" src=\"https:\/\/fashiongold.lt\/wp-content\/uploads\/2025\/11\/97e31025-9143-4393-abeb-de56daa86ff5.png\" alt=\"Przezroczysty kryszta\u0142 g\u00f3rski (rock crystal quartz)\" \/><\/p>\n<h3>Czym jest kwarc?<\/h3>\n<p>Kwarc to jeden z najpopularniejszych kamieni szlachetnych na \u015bwiecie, uwa\u017cany za prawdziwego kr\u00f3la minera\u0142\u00f3w. Kwarc nale\u017cy do kamieni szlachetnych, kt\u00f3re od czas\u00f3w staro\u017cytnych s\u0105 cenione za swoje pi\u0119kno i w\u0142a\u015bciwo\u015bci. Jest to przezroczysty kamie\u0144 szlachetny wyst\u0119puj\u0105cy w r\u00f3\u017cnych kolorach, charakteryzuj\u0105cy si\u0119 wyj\u0105tkow\u0105 twardo\u015bci\u0105, odporno\u015bci\u0105 i subtelnym blaskiem.<\/p>\n<p>Kamienie szlachetne i ich rodzaje r\u00f3\u017cni\u0105 si\u0119 kolorami, sk\u0142adem i warto\u015bci\u0105. Kamie\u0144 kwarcowy wyst\u0119puje niemal w ka\u017cdym miejscu na Ziemi ze wzgl\u0119du na swoje rozpowszechnienie i w\u0142a\u015bciwo\u015bci, a r\u00f3\u017cnorodno\u015b\u0107 jego barw zadziwia nawet do\u015bwiadczonych gemmolog\u00f3w.<\/p>\n<p>O kwarcu i innych kamieniach szlachetnych mo\u017cna dowiedzie\u0107 si\u0119 wielu interesuj\u0105cych fakt\u00f3w, poniewa\u017c s\u0105 one nie tylko pi\u0119kne, ale maj\u0105 r\u00f3wnie\u017c znaczenie symboliczne.<\/p>\n<h3><strong>Og\u00f3lne w\u0142a\u015bciwo\u015bci kwarcu<\/strong><\/h3>\n<ul>\n<li><strong>Sk\u0142ad:<\/strong> dwutlenek krzemu (SiO\u2082).<\/li>\n<li><strong>Twardo\u015b\u0107:<\/strong> 7 w skali Mohsa \u2013 co oznacza, \u017ce kwarc jest do\u015b\u0107 odporny na zarysowania.<\/li>\n<li><strong>Po\u0142ysk:<\/strong> szklany, czasem z odcieniem przypominaj\u0105cym wosk lub jedwab.<\/li>\n<li><strong>Przejrzysto\u015b\u0107:<\/strong> od ca\u0142kowicie przezroczystego do nieprzezroczystego \u2013 w zale\u017cno\u015bci od rodzaju i zanieczyszcze\u0144.<\/li>\n<li><strong>Kolory:<\/strong> praktycznie wszystkie \u2013 od przezroczystego, r\u00f3\u017cowego, br\u0105zowego, fioletowego, po zielony, \u017c\u00f3\u0142ty czy niebieski.<\/li>\n<\/ul>\n<h3>Kwarc \u2013 od przezroczystego po dymny<\/h3>\n<p><img decoding=\"async\" src=\"https:\/\/fashiongold.lt\/wp-content\/uploads\/2025\/11\/f0e19e75-e052-4775-a30d-62947d1f8d44.png\" alt=\"Kwarc w r\u00f3\u017cnych kolorach \u2013 przezroczysty kryszta\u0142 g\u00f3rski, kwarc r\u00f3\u017cowy, kwarc dymny, cytryn, ametyst, zielony prazem, kwarc rutylowy, czerwony kwarc, niebieski kwarc i kwarc mlecznobia\u0142y\" \/><\/p>\n<p>Cho\u0107 wielu wyobra\u017ca sobie kwarc jako przezroczysty kamie\u0144 szlachetny, w rzeczywisto\u015bci mo\u017ce on by\u0107 r\u00f3\u017cowy, szary, a nawet czarny. Kwarc dymny (rauchtopaz) to jedna z jego najciekawszych odmian. Ten subtelnie br\u0105zowy kamie\u0144 emanuje spokojem i pewno\u015bci\u0105 siebie, dlatego cz\u0119sto nazywany jest talizmanem przeciwstresowym. Mo\u017cna go wybiera\u0107 do medytacji, gdy chce si\u0119 wzmocni\u0107 wewn\u0119trzny spok\u00f3j lub ochron\u0119.<\/p>\n<h3>Kwarc r\u00f3\u017cowy \u2013 symbol mi\u0142o\u015bci<\/h3>\n<p>Jednym z najbardziej znanych kamieni z tej grupy jest kwarc r\u00f3\u017cowy. To kamie\u0144 szlachetny mi\u0142o\u015bci i delikatno\u015bci, kt\u00f3ry wed\u0142ug dawnych tradycji sprzyja pewno\u015bci siebie, zdolno\u015bci do kochania i pomaga pokocha\u0107 samego siebie. Kwarc r\u00f3\u017cowy jest cz\u0119sto wykorzystywany do tworzenia kolczyk\u00f3w z diamentami i kwarcem, wisiork\u00f3w oraz bransoletek \u2013 ludzie cz\u0119sto wybieraj\u0105 ten kamie\u0144 ze wzgl\u0119du na jego symboliczne znaczenie. Nie tylko zdobi, ale tak\u017ce \u0142agodzi emocje i wzmacnia relacje.<\/p>\n<h3>Kwarc dymny \u2013 tajemniczy kamie\u0144 ochronny<\/h3>\n<p>Kwarc dymny (zwany r\u00f3wnie\u017c kryszta\u0142em dymnym) symbolizuje stabilno\u015b\u0107 i ochron\u0119 przed negatywn\u0105 energi\u0105. Jest idealny dla tych, kt\u00f3rzy chc\u0105 czu\u0107 r\u00f3wnowag\u0119 i wewn\u0119trzn\u0105 si\u0142\u0119. Ten kamie\u0144 kwarcowy jest cz\u0119sto u\u017cywany w medytacji \u2013 ma pomaga\u0107 w koncentracji i chroni\u0107 przed negatywnymi energiami, a tak\u017ce pomaga oczy\u015bci\u0107 my\u015bli i odnale\u017a\u0107 spok\u00f3j. Kwarc dymny mo\u017ce by\u0107 r\u00f3wnie\u017c u\u017cywany jako talizman ochronny w \u017cyciu codziennym.<\/p>\n<h3>\u015awiat kolor\u00f3w kwarcu<\/h3>\n<p>Rodzina kwarcu obejmuje wiele znanych nazw kamieni szlachetnych \u2013 od z\u0142otego cytrynu, fioletowego ametystu, kamienia ksi\u0119\u017cycowego, po niebieski kwarc szafirowy czy nawet zielony prazem. Wszystkie one r\u00f3\u017cni\u0105 si\u0119 odcieniami i energetyk\u0105, jednak s\u0105 cz\u0119sto wybierane przez jubiler\u00f3w do tworzenia wyj\u0105tkowej bi\u017cuterii. W\u0142a\u015bciwo\u015bci kwarcu \u2013 wytrzyma\u0142o\u015b\u0107, blask przejrzysto\u015bci i dostarczanie energii \u2013 pozostaj\u0105 niezmienne.<\/p>\n<h3>Kwarc i jego magiczne w\u0142a\u015bciwo\u015bci<\/h3>\n<p>Od staro\u017cytno\u015bci kwarc by\u0142 u\u017cywany jako talizman. Pomaga pozby\u0107 si\u0119 l\u0119k\u00f3w, sprzyja energii sukcesu i wzmacnia intuicj\u0119. To wyj\u0105tkowa energia, kt\u00f3ra wp\u0142ywa na wewn\u0119trzn\u0105 r\u00f3wnowag\u0119 cz\u0142owieka. Kwarc r\u00f3\u017cowy jest \u0142\u0105czony z czakr\u0105 mi\u0142o\u015bci, natomiast kwarc dymny \u2013 z energi\u0105 ziemi i ochron\u0105. Kwarc, podobnie jak topaz, rubin czy szmaragd, nale\u017cy do najwy\u017cej cenionych kamieni szlachetnych, kt\u00f3re nie tylko zdobi\u0105, ale maj\u0105 r\u00f3wnie\u017c znaczenie symboliczne. Kwarc jest cz\u0119sto noszony obok innych kamieni w celu wzmocnienia ich dzia\u0142ania.<\/p>\n<h3>Kwarc jako talizman wed\u0142ug znaku zodiaku<\/h3>\n<p>Talizman wed\u0142ug znaku zodiaku to nie tylko bi\u017cuteria, ale tak\u017ce osobista ochrona energetyczna.<\/p>\n<ul>\n<li>Kwarc r\u00f3\u017cowy szczeg\u00f3lnie pasuje do Byk\u00f3w, Wag i Rak\u00f3w, poniewa\u017c wzmacnia mi\u0142o\u015b\u0107 i delikatno\u015b\u0107.<\/li>\n<li>Kwarc dymny \u2013 dla Kozioro\u017cc\u00f3w i Skorpion\u00f3w, poniewa\u017c pomaga zachowa\u0107 spok\u00f3j i silny charakter.<\/li>\n<li>Kwarc przezroczysty, czyli kryszta\u0142 g\u00f3rski, pasuje ka\u017cdemu, kto d\u0105\u017cy do wewn\u0119trznej harmonii i rozwoju duchowego.<\/li>\n<\/ul>\n<h3>Kamie\u0144 wed\u0142ug daty urodzenia<\/h3>\n<p>Kwarc jest cz\u0119sto wybierany jako kamie\u0144 wed\u0142ug daty urodzenia, poniewa\u017c r\u00f3\u017cnorodno\u015b\u0107 jego rodzaj\u00f3w pozwala na dopasowanie go do ka\u017cdej osoby. Urodzonym wiosn\u0105 poleca si\u0119 kwarc r\u00f3\u017cowy, latem \u2013 cytryn, jesieni\u0105 \u2013 kwarc dymny, a zim\u0105 \u2013 kryszta\u0142 g\u00f3rski. Takie talizmany wed\u0142ug daty urodzenia s\u0105 uwa\u017cane za wyj\u0105tkowo osobiste i znacz\u0105ce.<\/p>\n<h3>Kwarc w jubilerstwie<\/h3>\n<p><img decoding=\"async\" src=\"https:\/\/fashiongold.lt\/wp-content\/uploads\/2025\/11\/b3bbeef7-b7c1-4485-8ae3-ef9b986394e6.png\" alt=\"Pier\u015bcionek zar\u0119czynowy typu halo z kwarcem r\u00f3\u017cowym w centrum i drobnymi diamentami wok\u00f3\u0142.\" \/><\/p>\n<p>Kolczyki z diamentami, kwarc i wisiorki z kamieniami szlachetnymi to popularny wyb\u00f3r we wsp\u00f3\u0142czesnym jubilerstwie. Kwarc dobrze komponuje si\u0119 zar\u00f3wno z bia\u0142ym z\u0142otem, jak i metalami o r\u00f3\u017cowym odcieniu, dlatego jest cz\u0119sto u\u017cywany w pier\u015bcionkach zar\u0119czynowych, obr\u0105czkach \u015blubnych i subtelnych akcesoriach. Ka\u017cdy kamie\u0144 kwarcu, w zale\u017cno\u015bci od koloru, nadaje produktowi unikalny charakter.<\/p>\n<h3>Piel\u0119gnacja kwarcu<\/h3>\n<p>W\u0142a\u015bciwa piel\u0119gnacja kwarcu r\u00f3\u017cowego jest bardzo wa\u017cna, je\u015bli chcesz, aby ten kamie\u0144 zachowa\u0142 swoje wyj\u0105tkowe w\u0142a\u015bciwo\u015bci i kolor. Kwarc r\u00f3\u017cowy jest do\u015b\u0107 wra\u017cliwy, dlatego nale\u017cy wzi\u0105\u0107 pod uwag\u0119 kilka prostych, ale wa\u017cnych kwestii. Przede wszystkim kamie\u0144 jest podatny na zarysowania, wi\u0119c nale\u017cy go chroni\u0107 przed uderzeniami lub innymi uszkodzeniami mechanicznymi. Ponadto kwarc r\u00f3\u017cowy nie powinien by\u0107 trzymany w bezpo\u015brednim \u015bwietle s\u0142onecznym, poniewa\u017c mo\u017ce to spowodowa\u0107 wyblakni\u0119cie jego koloru i utrat\u0119 naturalnej delikatno\u015bci.<\/p>\n<p>Do czyszczenia kwarcu r\u00f3\u017cowego zaleca si\u0119 u\u017cywanie ciep\u0142ej wody i \u0142agodnego myd\u0142a \u2013 pomo\u017ce to zachowa\u0107 pi\u0119kno kamienia i nie uszkodzi jego powierzchni. Wa\u017cne jest, aby unika\u0107 agresywnych \u015brodk\u00f3w chemicznych, poniewa\u017c mog\u0105 one nie tylko zaszkodzi\u0107 kamieniowi, ale tak\u017ce wp\u0142yn\u0105\u0107 na jego kolor. Je\u015bli chcesz, aby kwarc r\u00f3\u017cowy zawsze l\u015bni\u0142, czy\u015b\u0107 go regularnie, ale delikatnie.<\/p>\n<p>Kwarc r\u00f3\u017cowy mo\u017ce by\u0107 nie tylko efektown\u0105 bi\u017cuteri\u0105, ale tak\u017ce towarzyszem codzienno\u015bci podczas medytacji lub chwil spokoju. Odpowiednio piel\u0119gnowany kamie\u0144 zachowuje swoje w\u0142a\u015bciwo\u015bci i mo\u017ce by\u0107 u\u017cywany przez d\u0142ugie lata, emanuj\u0105c mi\u0142o\u015bci\u0105 i delikatno\u015bci\u0105. Pami\u0119taj, \u017ce piel\u0119gnacja kwarcu r\u00f3\u017cowego to nie tylko dba\u0142o\u015b\u0107 o wygl\u0105d zewn\u0119trzny, ale tak\u017ce szacunek dla energii kamienia, kt\u00f3r\u0105 ci daruje.<\/p>\n<h3>Kwarc \u2013 kamie\u0144 \u0142\u0105cz\u0105cy pi\u0119kno i energi\u0119<\/h3>\n<p><img decoding=\"async\" src=\"https:\/\/fashiongold.lt\/wp-content\/uploads\/2025\/11\/07d4ccdb-f356-43d3-93da-b49d824bdbe3.png\" alt=\"Kolczyki typu \u201esztyft\u201d z kwarcem dymnym (smoky quartz)\" \/><\/p>\n<p>Kwarc to nie tylko kamie\u0144 szlachetny, ale tak\u017ce \u017ar\u00f3d\u0142o energii, kt\u00f3re pomaga cz\u0142owiekowi odnale\u017a\u0107 spok\u00f3j, mi\u0142o\u015b\u0107 i pewno\u015b\u0107 siebie. Jego w\u0142a\u015bciwo\u015bci pozwalaj\u0105 na noszenie go zar\u00f3wno na co dzie\u0144, jak i jako magicznego talizmanu. Dlatego je\u015bli szukasz kamienia, kt\u00f3ry zawsze b\u0119dzie pasowa\u0142 do Ciebie i Twojej energii, kwarc jest doskona\u0142ym wyborem.<\/p>\n","protected":false},"excerpt":{"rendered":"<p>Czym jest kwarc? Kwarc to jeden z najpopularniejszych kamieni szlachetnych na \u015bwiecie, uwa\u017cany za prawdziwego kr\u00f3la minera\u0142\u00f3w. Kwarc nale\u017cy do [&hellip;]<\/p>\n","protected":false},"author":11,"featured_media":263584,"parent":0,"menu_order":0,"comment_status":"closed","ping_status":"closed","template":"","meta":{"site-sidebar-layout":"default","site-content-layout":"","ast-site-content-layout":"default","site-content-style":"default","site-sidebar-style":"default","ast-global-header-display":"","ast-banner-title-visibility":"","ast-main-header-display":"","ast-hfb-above-header-display":"","ast-hfb-below-header-display":"","ast-hfb-mobile-header-display":"","site-post-title":"","ast-breadcrumbs-content":"","ast-featured-img":"disabled","footer-sml-layout":"","ast-disable-related-posts":"","theme-transparent-header-meta":"default","adv-header-id-meta":"","stick-header-meta":"","header-above-stick-meta":"","header-main-stick-meta":"","header-below-stick-meta":"","astra-migrate-meta-layouts":"default","ast-page-background-enabled":"default","ast-page-background-meta":{"desktop":{"background-color":"var(--ast-global-color-4)","background-image":"","background-repeat":"repeat","background-position":"center center","background-size":"auto","background-attachment":"scroll","background-type":"","background-media":"","overlay-type":"","overlay-color":"","overlay-opacity":"","overlay-gradient":""},"tablet":{"background-color":"","background-image":"","background-repeat":"repeat","background-position":"center center","background-size":"auto","background-attachment":"scroll","background-type":"","background-media":"","overlay-type":"","overlay-color":"","overlay-opacity":"","overlay-gradient":""},"mobile":{"background-color":"","background-image":"","background-repeat":"repeat","background-position":"center center","background-size":"auto","background-attachment":"scroll","background-type":"","background-media":"","overlay-type":"","overlay-color":"","overlay-opacity":"","overlay-gradient":""}},"ast-content-background-meta":{"desktop":{"background-color":"var(--ast-global-color-5)","background-image":"","background-repeat":"repeat","background-position":"center center","background-size":"auto","background-attachment":"scroll","background-type":"","background-media":"","overlay-type":"","overlay-color":"","overlay-opacity":"","overlay-gradient":""},"tablet":{"background-color":"var(--ast-global-color-5)","background-image":"","background-repeat":"repeat","background-position":"center center","background-size":"auto","background-attachment":"scroll","background-type":"","background-media":"","overlay-type":"","overlay-color":"","overlay-opacity":"","overlay-gradient":""},"mobile":{"background-color":"var(--ast-global-color-5)","background-image":"","background-repeat":"repeat","background-position":"center center","background-size":"auto","background-attachment":"scroll","background-type":"","background-media":"","overlay-type":"","overlay-color":"","overlay-opacity":"","overlay-gradient":""}},"footnotes":""},"class_list":["post-269875","page","type-page","status-publish","has-post-thumbnail","hentry"],"yoast_head":"<!-- This site is optimized with the Yoast SEO plugin v26.6 - https:\/\/yoast.com\/wordpress\/plugins\/seo\/ -->\n<title>Kwarc: w\u0142a\u015bciwo\u015bci, rodzaje i korzy\u015bci dla Twojego \u017cycia<\/title>\n<meta name=\"description\" content=\"Odkryj w\u0142a\u015bciwo\u015bci, rodzaje i korzy\u015bci, jakie kwarc mo\u017ce wnie\u015b\u0107 do Twojego \u017cycia. Dowiedz si\u0119, jak ten minera\u0142 mo\u017ce poprawi\u0107 Twoj\u0105 codzienno\u015b\u0107! Czytaj wi\u0119cej.\" \/>\n<meta name=\"robots\" content=\"index, follow, max-snippet:-1, max-image-preview:large, max-video-preview:-1\" \/>\n<link rel=\"canonical\" href=\"https:\/\/fashiongold.lt\/pl\/kwarc\/\" \/>\n<meta property=\"og:locale\" content=\"pl_PL\" \/>\n<meta property=\"og:type\" content=\"article\" \/>\n<meta property=\"og:title\" content=\"Kwarc: w\u0142a\u015bciwo\u015bci, rodzaje i korzy\u015bci dla Twojego \u017cycia\" \/>\n<meta property=\"og:description\" content=\"Odkryj w\u0142a\u015bciwo\u015bci, rodzaje i korzy\u015bci, jakie kwarc mo\u017ce wnie\u015b\u0107 do Twojego \u017cycia. Dowiedz si\u0119, jak ten minera\u0142 mo\u017ce poprawi\u0107 Twoj\u0105 codzienno\u015b\u0107! Czytaj wi\u0119cej.\" \/>\n<meta property=\"og:url\" content=\"https:\/\/fashiongold.lt\/pl\/kwarc\/\" \/>\n<meta property=\"og:site_name\" content=\"FashionGold.lt\" \/>\n<meta property=\"article:modified_time\" content=\"2026-02-03T05:28:03+00:00\" \/>\n<meta property=\"og:image\" content=\"https:\/\/fashiongold.lt\/wp-content\/uploads\/2025\/11\/97e31025-9143-4393-abeb-de56daa86ff5.png\" \/>\n<meta name=\"twitter:card\" content=\"summary_large_image\" \/>\n<meta name=\"twitter:label1\" content=\"Szacowany czas czytania\" \/>\n\t<meta name=\"twitter:data1\" content=\"6 minut\" \/>\n<script type=\"application\/ld+json\" class=\"yoast-schema-graph\">{\"@context\":\"https:\/\/schema.org\",\"@graph\":[{\"@type\":\"WebPage\",\"@id\":\"https:\/\/fashiongold.lt\/pl\/kwarc\/\",\"url\":\"https:\/\/fashiongold.lt\/pl\/kwarc\/\",\"name\":\"Kwarc: w\u0142a\u015bciwo\u015bci, rodzaje i korzy\u015bci dla Twojego \u017cycia\",\"isPartOf\":{\"@id\":\"https:\/\/fashiongold.lt\/pl\/#website\"},\"primaryImageOfPage\":{\"@id\":\"https:\/\/fashiongold.lt\/pl\/kwarc\/#primaryimage\"},\"image\":{\"@id\":\"https:\/\/fashiongold.lt\/pl\/kwarc\/#primaryimage\"},\"thumbnailUrl\":\"https:\/\/fashiongold.lt\/wp-content\/uploads\/2025\/11\/97e31025-9143-4393-abeb-de56daa86ff5.png\",\"datePublished\":\"2025-11-05T09:56:19+00:00\",\"dateModified\":\"2026-02-03T05:28:03+00:00\",\"description\":\"Odkryj w\u0142a\u015bciwo\u015bci, rodzaje i korzy\u015bci, jakie kwarc mo\u017ce wnie\u015b\u0107 do Twojego \u017cycia. Dowiedz si\u0119, jak ten minera\u0142 mo\u017ce poprawi\u0107 Twoj\u0105 codzienno\u015b\u0107! Czytaj wi\u0119cej.\",\"breadcrumb\":{\"@id\":\"https:\/\/fashiongold.lt\/pl\/kwarc\/#breadcrumb\"},\"inLanguage\":\"pl-PL\",\"potentialAction\":[{\"@type\":\"ReadAction\",\"target\":[\"https:\/\/fashiongold.lt\/pl\/kwarc\/\"]}]},{\"@type\":\"ImageObject\",\"inLanguage\":\"pl-PL\",\"@id\":\"https:\/\/fashiongold.lt\/pl\/kwarc\/#primaryimage\",\"url\":\"https:\/\/fashiongold.lt\/wp-content\/uploads\/2025\/11\/97e31025-9143-4393-abeb-de56daa86ff5.png\",\"contentUrl\":\"https:\/\/fashiongold.lt\/wp-content\/uploads\/2025\/11\/97e31025-9143-4393-abeb-de56daa86ff5.png\",\"width\":1536,\"height\":1024,\"caption\":\"Skaidrus kaln\u0173 kri\u0161tolo kvarcas (rock crystal quartz)\"},{\"@type\":\"BreadcrumbList\",\"@id\":\"https:\/\/fashiongold.lt\/pl\/kwarc\/#breadcrumb\",\"itemListElement\":[{\"@type\":\"ListItem\",\"position\":1,\"name\":\"Home\",\"item\":\"https:\/\/fashiongold.lt\/pl\/\"},{\"@type\":\"ListItem\",\"position\":2,\"name\":\"Kwarc\"}]},{\"@type\":\"WebSite\",\"@id\":\"https:\/\/fashiongold.lt\/pl\/#website\",\"url\":\"https:\/\/fashiongold.lt\/pl\/\",\"name\":\"Fashion Gold\",\"description\":\"Juvelyrikos namai\",\"publisher\":{\"@id\":\"https:\/\/fashiongold.lt\/pl\/#organization\"},\"potentialAction\":[{\"@type\":\"SearchAction\",\"target\":{\"@type\":\"EntryPoint\",\"urlTemplate\":\"https:\/\/fashiongold.lt\/pl\/?s={search_term_string}\"},\"query-input\":{\"@type\":\"PropertyValueSpecification\",\"valueRequired\":true,\"valueName\":\"search_term_string\"}}],\"inLanguage\":\"pl-PL\"},{\"@type\":\"Organization\",\"@id\":\"https:\/\/fashiongold.lt\/pl\/#organization\",\"name\":\"Topdiamonds Online\",\"url\":\"https:\/\/fashiongold.lt\/pl\/\",\"logo\":{\"@type\":\"ImageObject\",\"inLanguage\":\"pl-PL\",\"@id\":\"https:\/\/fashiongold.lt\/pl\/#\/schema\/logo\/image\/\",\"url\":\"https:\/\/fashiongold.lt\/wp-content\/uploads\/2025\/04\/cropped-fashion_gold_logotipas2-scaled-1.png\",\"contentUrl\":\"https:\/\/fashiongold.lt\/wp-content\/uploads\/2025\/04\/cropped-fashion_gold_logotipas2-scaled-1.png\",\"width\":2559,\"height\":421,\"caption\":\"Topdiamonds Online\"},\"image\":{\"@id\":\"https:\/\/fashiongold.lt\/pl\/#\/schema\/logo\/image\/\"}}]}<\/script>\n<!-- \/ Yoast SEO plugin. -->","yoast_head_json":{"title":"Kwarc: w\u0142a\u015bciwo\u015bci, rodzaje i korzy\u015bci dla Twojego \u017cycia","description":"Odkryj w\u0142a\u015bciwo\u015bci, rodzaje i korzy\u015bci, jakie kwarc mo\u017ce wnie\u015b\u0107 do Twojego \u017cycia. Dowiedz si\u0119, jak ten minera\u0142 mo\u017ce poprawi\u0107 Twoj\u0105 codzienno\u015b\u0107! Czytaj wi\u0119cej.","robots":{"index":"index","follow":"follow","max-snippet":"max-snippet:-1","max-image-preview":"max-image-preview:large","max-video-preview":"max-video-preview:-1"},"canonical":"https:\/\/fashiongold.lt\/pl\/kwarc\/","og_locale":"pl_PL","og_type":"article","og_title":"Kwarc: w\u0142a\u015bciwo\u015bci, rodzaje i korzy\u015bci dla Twojego \u017cycia","og_description":"Odkryj w\u0142a\u015bciwo\u015bci, rodzaje i korzy\u015bci, jakie kwarc mo\u017ce wnie\u015b\u0107 do Twojego \u017cycia. Dowiedz si\u0119, jak ten minera\u0142 mo\u017ce poprawi\u0107 Twoj\u0105 codzienno\u015b\u0107! Czytaj wi\u0119cej.","og_url":"https:\/\/fashiongold.lt\/pl\/kwarc\/","og_site_name":"FashionGold.lt","article_modified_time":"2026-02-03T05:28:03+00:00","og_image":[{"url":"https:\/\/fashiongold.lt\/wp-content\/uploads\/2025\/11\/97e31025-9143-4393-abeb-de56daa86ff5.png","type":"","width":"","height":""}],"twitter_card":"summary_large_image","twitter_misc":{"Szacowany czas czytania":"6 minut"},"schema":{"@context":"https:\/\/schema.org","@graph":[{"@type":"WebPage","@id":"https:\/\/fashiongold.lt\/pl\/kwarc\/","url":"https:\/\/fashiongold.lt\/pl\/kwarc\/","name":"Kwarc: w\u0142a\u015bciwo\u015bci, rodzaje i korzy\u015bci dla Twojego \u017cycia","isPartOf":{"@id":"https:\/\/fashiongold.lt\/pl\/#website"},"primaryImageOfPage":{"@id":"https:\/\/fashiongold.lt\/pl\/kwarc\/#primaryimage"},"image":{"@id":"https:\/\/fashiongold.lt\/pl\/kwarc\/#primaryimage"},"thumbnailUrl":"https:\/\/fashiongold.lt\/wp-content\/uploads\/2025\/11\/97e31025-9143-4393-abeb-de56daa86ff5.png","datePublished":"2025-11-05T09:56:19+00:00","dateModified":"2026-02-03T05:28:03+00:00","description":"Odkryj w\u0142a\u015bciwo\u015bci, rodzaje i korzy\u015bci, jakie kwarc mo\u017ce wnie\u015b\u0107 do Twojego \u017cycia. Dowiedz si\u0119, jak ten minera\u0142 mo\u017ce poprawi\u0107 Twoj\u0105 codzienno\u015b\u0107! Czytaj wi\u0119cej.","breadcrumb":{"@id":"https:\/\/fashiongold.lt\/pl\/kwarc\/#breadcrumb"},"inLanguage":"pl-PL","potentialAction":[{"@type":"ReadAction","target":["https:\/\/fashiongold.lt\/pl\/kwarc\/"]}]},{"@type":"ImageObject","inLanguage":"pl-PL","@id":"https:\/\/fashiongold.lt\/pl\/kwarc\/#primaryimage","url":"https:\/\/fashiongold.lt\/wp-content\/uploads\/2025\/11\/97e31025-9143-4393-abeb-de56daa86ff5.png","contentUrl":"https:\/\/fashiongold.lt\/wp-content\/uploads\/2025\/11\/97e31025-9143-4393-abeb-de56daa86ff5.png","width":1536,"height":1024,"caption":"Skaidrus kaln\u0173 kri\u0161tolo kvarcas (rock crystal quartz)"},{"@type":"BreadcrumbList","@id":"https:\/\/fashiongold.lt\/pl\/kwarc\/#breadcrumb","itemListElement":[{"@type":"ListItem","position":1,"name":"Home","item":"https:\/\/fashiongold.lt\/pl\/"},{"@type":"ListItem","position":2,"name":"Kwarc"}]},{"@type":"WebSite","@id":"https:\/\/fashiongold.lt\/pl\/#website","url":"https:\/\/fashiongold.lt\/pl\/","name":"Fashion Gold","description":"Juvelyrikos namai","publisher":{"@id":"https:\/\/fashiongold.lt\/pl\/#organization"},"potentialAction":[{"@type":"SearchAction","target":{"@type":"EntryPoint","urlTemplate":"https:\/\/fashiongold.lt\/pl\/?s={search_term_string}"},"query-input":{"@type":"PropertyValueSpecification","valueRequired":true,"valueName":"search_term_string"}}],"inLanguage":"pl-PL"},{"@type":"Organization","@id":"https:\/\/fashiongold.lt\/pl\/#organization","name":"Topdiamonds Online","url":"https:\/\/fashiongold.lt\/pl\/","logo":{"@type":"ImageObject","inLanguage":"pl-PL","@id":"https:\/\/fashiongold.lt\/pl\/#\/schema\/logo\/image\/","url":"https:\/\/fashiongold.lt\/wp-content\/uploads\/2025\/04\/cropped-fashion_gold_logotipas2-scaled-1.png","contentUrl":"https:\/\/fashiongold.lt\/wp-content\/uploads\/2025\/04\/cropped-fashion_gold_logotipas2-scaled-1.png","width":2559,"height":421,"caption":"Topdiamonds Online"},"image":{"@id":"https:\/\/fashiongold.lt\/pl\/#\/schema\/logo\/image\/"}}]}},"_links":{"self":[{"href":"https:\/\/fashiongold.lt\/pl\/wp-json\/wp\/v2\/pages\/269875","targetHints":{"allow":["GET"]}}],"collection":[{"href":"https:\/\/fashiongold.lt\/pl\/wp-json\/wp\/v2\/pages"}],"about":[{"href":"https:\/\/fashiongold.lt\/pl\/wp-json\/wp\/v2\/types\/page"}],"author":[{"embeddable":true,"href":"https:\/\/fashiongold.lt\/pl\/wp-json\/wp\/v2\/users\/11"}],"replies":[{"embeddable":true,"href":"https:\/\/fashiongold.lt\/pl\/wp-json\/wp\/v2\/comments?post=269875"}],"version-history":[{"count":0,"href":"https:\/\/fashiongold.lt\/pl\/wp-json\/wp\/v2\/pages\/269875\/revisions"}],"wp:featuredmedia":[{"embeddable":true,"href":"https:\/\/fashiongold.lt\/pl\/wp-json\/wp\/v2\/media\/263584"}],"wp:attachment":[{"href":"https:\/\/fashiongold.lt\/pl\/wp-json\/wp\/v2\/media?parent=269875"}],"curies":[{"name":"wp","href":"https:\/\/api.w.org\/{rel}","templated":true}]}}