{"id":270392,"date":"2025-05-06T10:08:00","date_gmt":"2025-05-06T10:08:00","guid":{"rendered":"https:\/\/fashiongold.lt\/stworz-projekt-3d-z-jubilerem\/"},"modified":"2026-02-03T05:39:55","modified_gmt":"2026-02-03T05:39:55","slug":"stworz-projekt-3d-z-jubilerem","status":"publish","type":"page","link":"https:\/\/fashiongold.lt\/pl\/stworz-projekt-3d-z-jubilerem\/","title":{"rendered":"Stw\u00f3rz projekt 3D z jubilerem"},"content":{"rendered":"\t\t<div data-elementor-type=\"wp-page\" data-elementor-id=\"270392\" class=\"elementor elementor-270392 elementor-10756\" data-elementor-post-type=\"page\">\n\t\t\t\t<div class=\"elementor-element elementor-element-33006076 e-grid e-con-boxed e-con e-parent\" data-id=\"33006076\" data-element_type=\"container\">\n\t\t\t\t\t<div class=\"e-con-inner\">\n\t\t\t\t<div class=\"elementor-element elementor-element-897660e elementor-widget elementor-widget-heading\" data-id=\"897660e\" data-element_type=\"widget\" data-widget_type=\"heading.default\">\n\t\t\t\t<div class=\"elementor-widget-container\">\n\t\t\t\t\t<h1 class=\"elementor-heading-title elementor-size-default\">Odkryj rado\u015b\u0107 tworzenia \u2013 stw\u00f3rz swoj\u0105 wymarzon\u0105 bi\u017cuteri\u0119 w formacie 3D razem z jubilerem! Zobacz, jak Tw\u00f3j pomys\u0142 zmienia si\u0119 w prawdziwe, l\u015bni\u0105ce dzie\u0142o.<\/h1>\t\t\t\t<\/div>\n\t\t\t\t<\/div>\n\t\t\t\t<div class=\"elementor-element elementor-element-91c05e1 elementor-widget elementor-widget-text-editor\" data-id=\"91c05e1\" data-element_type=\"widget\" data-widget_type=\"text-editor.default\">\n\t\t\t\t<div class=\"elementor-widget-container\">\n\t\t\t\t\t\t\t\t\t<p>Prze\u015blij kr\u00f3tki opis projektu wybranej bi\u017cuterii (pier\u015bcionka, kolczyk\u00f3w, zawieszki), a my skontaktujemy si\u0119 z Tob\u0105!<\/p>\t\t\t\t\t\t\t\t<\/div>\n\t\t\t\t<\/div>\n\t\t\t\t<div class=\"elementor-element elementor-element-7242522a elementor-widget elementor-widget-shortcode\" data-id=\"7242522a\" data-element_type=\"widget\" data-widget_type=\"shortcode.default\">\n\t\t\t\t<div class=\"elementor-widget-container\">\n\t\t\t\t\t\t\t<div class=\"elementor-shortcode\"><div class=\"wpforms-container \" id=\"wpforms-10705\"><form id=\"wpforms-form-10705\" class=\"wpforms-validate wpforms-form wpforms-ajax-form\" data-formid=\"10705\" method=\"post\" enctype=\"multipart\/form-data\" action=\"\/pl\/wp-json\/wp\/v2\/pages\/270392?wpforms_form_id=10705\" data-token=\"3e8a4435147cf0940d3a9d7a95d6a75e\" data-token-time=\"1777588764\"><noscript class=\"wpforms-error-noscript\">Aby wype\u0142ni\u0107 ten formularz, w\u0142\u0105cz obs\u0142ug\u0119 JavaScript w przegl\u0105darce.<\/noscript><div class=\"wpforms-field-container\"><div id=\"wpforms-10705-field_1-container\" class=\"wpforms-field wpforms-field-name\" data-field-id=\"1\"><label class=\"wpforms-field-label\" for=\"wpforms-10705-field_1\">J\u016bs\u0173 vardas <span class=\"wpforms-required-label\">*<\/span><\/label><input type=\"text\" id=\"wpforms-10705-field_1\" class=\"wpforms-field-medium wpforms-field-required\" name=\"wpforms[fields][1]\" required><\/div><div id=\"wpforms-10705-field_2-container\" class=\"wpforms-field wpforms-field-email\" data-field-id=\"2\"><label class=\"wpforms-field-label\" for=\"wpforms-10705-field_2\">El. pa\u0161tas <span class=\"wpforms-required-label\">*<\/span><\/label><input type=\"email\" id=\"wpforms-10705-field_2\" class=\"wpforms-field-medium wpforms-field-required\" name=\"wpforms[fields][2]\" spellcheck=\"false\" required><\/div><div id=\"wpforms-10705-field_3-container\" class=\"wpforms-field wpforms-field-phone\" data-field-id=\"3\"><label class=\"wpforms-field-label\" for=\"wpforms-10705-field_3\">Tel. nr.<\/label><input type=\"tel\" id=\"wpforms-10705-field_3\" class=\"wpforms-field-medium\" data-rule-int-phone-field=\"true\" name=\"wpforms[fields][3]\" aria-label=\"Tel. nr.\" ><\/div><div id=\"wpforms-10705-field_4-container\" class=\"wpforms-field wpforms-field-textarea\" data-field-id=\"4\"><label class=\"wpforms-field-label\" for=\"wpforms-10705-field_4\">Apra\u0161ykite kokio \u017eiedo dizaino pageidaujate <span class=\"wpforms-required-label\">*<\/span><\/label><textarea id=\"wpforms-10705-field_4\" class=\"wpforms-field-medium wpforms-field-required\" name=\"wpforms[fields][4]\" required><\/textarea><\/div>\t\t<div id=\"wpforms-10705-field_6-container\"\n\t\t\tclass=\"wpforms-field wpforms-field-text\"\n\t\t\tdata-field-type=\"text\"\n\t\t\tdata-field-id=\"6\"\n\t\t\t>\n\t\t\t<label class=\"wpforms-field-label\" for=\"wpforms-10705-field_6\" >Jums pa\u0161tas \u017eied\u0173<\/label>\n\t\t\t<input type=\"text\" id=\"wpforms-10705-field_6\" class=\"wpforms-field-medium\" name=\"wpforms[fields][6]\" >\n\t\t<\/div>\n\t\t<div id=\"wpforms-10705-field_5-container\" class=\"wpforms-field wpforms-field-file-upload\" data-field-id=\"5\"><label class=\"wpforms-field-label\" for=\"wpforms-10705-field_5\">\u012ekelkite Jums patinkan\u010di\u0173 \u017eied\u0173 nuotraukas<\/label><div\n\t\tclass=\"wpforms-uploader \"\n\t\tdata-field-id=\"5\"\n\t\tdata-form-id=\"10705\"\n\t\tdata-input-name=\"wpforms_10705_5\"\n\t\tdata-extensions=\"jpg,png,pdf\"\n\t\tdata-max-size=\"5242880\"\n\t\tdata-max-file-number=\"1\"\n\t\tdata-post-max-size=\"67108864\"\n\t\tdata-max-parallel-uploads=\"4\"\n\t\tdata-parallel-uploads=\"true\"\n\t\tdata-file-chunk-size=\"2097152\">\n\t<div class=\"dz-message\">\n\t\t<svg  viewBox=\"0 0 640 640\" focusable=\"false\" data-icon=\"inbox\" width=\"50px\" height=\"50px\" fill=\"currentColor\" aria-hidden=\"true\">\n\t\t\t<path d=\"M352 173.3L352 384C352 401.7 337.7 416 320 416C302.3 416 288 401.7 288 384L288 173.3L246.6 214.7C234.1 227.2 213.8 227.2 201.3 214.7C188.8 202.2 188.8 181.9 201.3 169.4L297.3 73.4C309.8 60.9 330.1 60.9 342.6 73.4L438.6 169.4C451.1 181.9 451.1 202.2 438.6 214.7C426.1 227.2 405.8 227.2 393.3 214.7L352 173.3zM320 464C364.2 464 400 428.2 400 384L480 384C515.3 384 544 412.7 544 448L544 480C544 515.3 515.3 544 480 544L160 544C124.7 544 96 515.3 96 480L96 448C96 412.7 124.7 384 160 384L240 384C240 428.2 275.8 464 320 464zM464 488C477.3 488 488 477.3 488 464C488 450.7 477.3 440 464 440C450.7 440 440 450.7 440 464C440 477.3 450.7 488 464 488z\"\/>\n\t\t<\/svg>\n\n\t\t<span class=\"modern-title\">\n\t\t\t\t\t\t\tDrag &amp; Drop Files, \t\t\t\t<span>Choose Files to Upload<\/span>\n\t\t\t\t\t<\/span>\n\n\t\t\t<\/div>\n<\/div>\n\n<input\n\t\ttype=\"text\"\n\t\tautocomplete=\"off\"\n\t\treadonly\n\t\tclass=\"dropzone-input\"\n\t\tstyle=\"position:absolute!important;clip:rect(0,0,0,0)!important;height:1px!important;width:1px!important;border:0!important;overflow:hidden!important;padding:0!important;margin:0!important;\"\n\t\tid=\"wpforms-10705-field_5\"\n\t\tname=\"wpforms_10705_5\" \t\tvalue=\"\">\n<\/div><script>\n\t\t\t\t( function() {\n\t\t\t\t\tconst style = document.createElement( 'style' );\n\t\t\t\t\tstyle.appendChild( document.createTextNode( '#wpforms-10705-field_6-container { position: absolute !important; overflow: hidden !important; display: inline !important; height: 1px !important; width: 1px !important; z-index: -1000 !important; padding: 0 !important; } #wpforms-10705-field_6-container input { visibility: hidden; } #wpforms-conversational-form-page #wpforms-10705-field_6-container label { counter-increment: none; }' ) );\n\t\t\t\t\tdocument.head.appendChild( style );\n\t\t\t\t\tdocument.currentScript?.remove();\n\t\t\t\t} )();\n\t\t\t<\/script><\/div><!-- .wpforms-field-container --><div class=\"wpforms-submit-container\" ><input type=\"hidden\" name=\"wpforms[id]\" value=\"10705\"><input type=\"hidden\" name=\"page_title\" value=\"\"><input type=\"hidden\" name=\"page_url\" value=\"https:\/\/fashiongold.lt\/pl\/wp-json\/wp\/v2\/pages\/270392\"><input type=\"hidden\" name=\"url_referer\" value=\"\"><button type=\"submit\" name=\"wpforms[submit]\" id=\"wpforms-submit-10705\" class=\"wpforms-submit\" data-alt-text=\"Siun\u010diama...\" data-submit-text=\"Si\u0173sti\" aria-live=\"assertive\" value=\"wpforms-submit\">Si\u0173sti<\/button><img decoding=\"async\" src=\"https:\/\/fashiongold.lt\/wp-content\/plugins\/wpforms\/assets\/images\/submit-spin.svg\" class=\"wpforms-submit-spinner\" style=\"display: none;\" width=\"26\" height=\"26\" alt=\"Wczytywanie\"><\/div><\/form><\/div>  <!-- .wpforms-container --><\/div>\n\t\t\t\t\t\t<\/div>\n\t\t\t\t<\/div>\n\t\t\t\t\t<\/div>\n\t\t\t\t<\/div>\n\t\t\t\t<\/div>\n\t\t","protected":false},"excerpt":{"rendered":"<p>Odkryj rado\u015b\u0107 tworzenia \u2013 stw\u00f3rz swoj\u0105 wymarzon\u0105 bi\u017cuteri\u0119 w formacie 3D razem z jubilerem! Zobacz, jak Tw\u00f3j pomys\u0142 zmienia si\u0119 [&hellip;]<\/p>\n","protected":false},"author":3,"featured_media":26828,"parent":0,"menu_order":0,"comment_status":"closed","ping_status":"closed","template":"","meta":{"site-sidebar-layout":"default","site-content-layout":"","ast-site-content-layout":"default","site-content-style":"default","site-sidebar-style":"default","ast-global-header-display":"","ast-banner-title-visibility":"","ast-main-header-display":"","ast-hfb-above-header-display":"","ast-hfb-below-header-display":"","ast-hfb-mobile-header-display":"","site-post-title":"","ast-breadcrumbs-content":"","ast-featured-img":"","footer-sml-layout":"","ast-disable-related-posts":"","theme-transparent-header-meta":"default","adv-header-id-meta":"","stick-header-meta":"","header-above-stick-meta":"","header-main-stick-meta":"","header-below-stick-meta":"","astra-migrate-meta-layouts":"default","ast-page-background-enabled":"default","ast-page-background-meta":{"desktop":{"background-color":"var(--ast-global-color-4)","background-image":"","background-repeat":"repeat","background-position":"center center","background-size":"auto","background-attachment":"scroll","background-type":"","background-media":"","overlay-type":"","overlay-color":"","overlay-opacity":"","overlay-gradient":""},"tablet":{"background-color":"","background-image":"","background-repeat":"repeat","background-position":"center center","background-size":"auto","background-attachment":"scroll","background-type":"","background-media":"","overlay-type":"","overlay-color":"","overlay-opacity":"","overlay-gradient":""},"mobile":{"background-color":"","background-image":"","background-repeat":"repeat","background-position":"center center","background-size":"auto","background-attachment":"scroll","background-type":"","background-media":"","overlay-type":"","overlay-color":"","overlay-opacity":"","overlay-gradient":""}},"ast-content-background-meta":{"desktop":{"background-color":"var(--ast-global-color-5)","background-image":"","background-repeat":"repeat","background-position":"center center","background-size":"auto","background-attachment":"scroll","background-type":"","background-media":"","overlay-type":"","overlay-color":"","overlay-opacity":"","overlay-gradient":""},"tablet":{"background-color":"var(--ast-global-color-5)","background-image":"","background-repeat":"repeat","background-position":"center center","background-size":"auto","background-attachment":"scroll","background-type":"","background-media":"","overlay-type":"","overlay-color":"","overlay-opacity":"","overlay-gradient":""},"mobile":{"background-color":"var(--ast-global-color-5)","background-image":"","background-repeat":"repeat","background-position":"center center","background-size":"auto","background-attachment":"scroll","background-type":"","background-media":"","overlay-type":"","overlay-color":"","overlay-opacity":"","overlay-gradient":""}},"footnotes":""},"class_list":["post-270392","page","type-page","status-publish","has-post-thumbnail","hentry"],"yoast_head":"<!-- This site is optimized with the Yoast SEO plugin v26.6 - https:\/\/yoast.com\/wordpress\/plugins\/seo\/ -->\n<title>Projektowanie 3D z jubilerem | autorska bi\u017cuteria FasioGold.lt<\/title>\n<meta name=\"description\" content=\"Stworzymy dla Ciebie projekt 3D \u2013 skonsultuj si\u0119 z jubilerem, otrzymaj wizualizacj\u0119 w ci\u0105gu 48 godzin, dopracuj szczeg\u00f3\u0142y i zatwierd\u017a produkcj\u0119.\" \/>\n<meta name=\"robots\" content=\"index, follow, max-snippet:-1, max-image-preview:large, max-video-preview:-1\" \/>\n<link rel=\"canonical\" href=\"https:\/\/fashiongold.lt\/pl\/stworz-projekt-3d-z-jubilerem\/\" \/>\n<meta property=\"og:locale\" content=\"pl_PL\" \/>\n<meta property=\"og:type\" content=\"article\" \/>\n<meta property=\"og:title\" content=\"Projektowanie 3D z jubilerem | autorska bi\u017cuteria FasioGold.lt\" \/>\n<meta property=\"og:description\" content=\"Stworzymy dla Ciebie projekt 3D \u2013 skonsultuj si\u0119 z jubilerem, otrzymaj wizualizacj\u0119 w ci\u0105gu 48 godzin, dopracuj szczeg\u00f3\u0142y i zatwierd\u017a produkcj\u0119.\" \/>\n<meta property=\"og:url\" content=\"https:\/\/fashiongold.lt\/pl\/stworz-projekt-3d-z-jubilerem\/\" \/>\n<meta property=\"og:site_name\" content=\"FashionGold.lt\" \/>\n<meta property=\"article:modified_time\" content=\"2026-02-03T05:39:55+00:00\" \/>\n<meta property=\"og:image\" content=\"https:\/\/fashiongold.lt\/wp-content\/uploads\/2025\/07\/Juvelyras-piesia-ziedo-eskiza-o-monitoriuje-rodomas-to-paties-ziedo-3D-modelis.png\" \/>\n\t<meta property=\"og:image:width\" content=\"1024\" \/>\n\t<meta property=\"og:image:height\" content=\"1024\" \/>\n\t<meta property=\"og:image:type\" content=\"image\/png\" \/>\n<meta name=\"twitter:card\" content=\"summary_large_image\" \/>\n<script type=\"application\/ld+json\" class=\"yoast-schema-graph\">{\"@context\":\"https:\/\/schema.org\",\"@graph\":[{\"@type\":\"WebPage\",\"@id\":\"https:\/\/fashiongold.lt\/pl\/stworz-projekt-3d-z-jubilerem\/\",\"url\":\"https:\/\/fashiongold.lt\/pl\/stworz-projekt-3d-z-jubilerem\/\",\"name\":\"Projektowanie 3D z jubilerem | autorska bi\u017cuteria FasioGold.lt\",\"isPartOf\":{\"@id\":\"https:\/\/fashiongold.lt\/pl\/#website\"},\"primaryImageOfPage\":{\"@id\":\"https:\/\/fashiongold.lt\/pl\/stworz-projekt-3d-z-jubilerem\/#primaryimage\"},\"image\":{\"@id\":\"https:\/\/fashiongold.lt\/pl\/stworz-projekt-3d-z-jubilerem\/#primaryimage\"},\"thumbnailUrl\":\"https:\/\/fashiongold.lt\/wp-content\/uploads\/2025\/07\/Juvelyras-piesia-ziedo-eskiza-o-monitoriuje-rodomas-to-paties-ziedo-3D-modelis.png\",\"datePublished\":\"2025-05-06T10:08:00+00:00\",\"dateModified\":\"2026-02-03T05:39:55+00:00\",\"description\":\"Stworzymy dla Ciebie projekt 3D \u2013 skonsultuj si\u0119 z jubilerem, otrzymaj wizualizacj\u0119 w ci\u0105gu 48 godzin, dopracuj szczeg\u00f3\u0142y i zatwierd\u017a produkcj\u0119.\",\"breadcrumb\":{\"@id\":\"https:\/\/fashiongold.lt\/pl\/stworz-projekt-3d-z-jubilerem\/#breadcrumb\"},\"inLanguage\":\"pl-PL\",\"potentialAction\":[{\"@type\":\"ReadAction\",\"target\":[\"https:\/\/fashiongold.lt\/pl\/stworz-projekt-3d-z-jubilerem\/\"]}]},{\"@type\":\"ImageObject\",\"inLanguage\":\"pl-PL\",\"@id\":\"https:\/\/fashiongold.lt\/pl\/stworz-projekt-3d-z-jubilerem\/#primaryimage\",\"url\":\"https:\/\/fashiongold.lt\/wp-content\/uploads\/2025\/07\/Juvelyras-piesia-ziedo-eskiza-o-monitoriuje-rodomas-to-paties-ziedo-3D-modelis.png\",\"contentUrl\":\"https:\/\/fashiongold.lt\/wp-content\/uploads\/2025\/07\/Juvelyras-piesia-ziedo-eskiza-o-monitoriuje-rodomas-to-paties-ziedo-3D-modelis.png\",\"width\":1024,\"height\":1024,\"caption\":\"Juvelyras pie\u0161ia \u017eiedo eskiz\u0105, o monitoriuje rodomas to paties \u017eiedo 3D modelis\"},{\"@type\":\"BreadcrumbList\",\"@id\":\"https:\/\/fashiongold.lt\/pl\/stworz-projekt-3d-z-jubilerem\/#breadcrumb\",\"itemListElement\":[{\"@type\":\"ListItem\",\"position\":1,\"name\":\"Home\",\"item\":\"https:\/\/fashiongold.lt\/pl\/\"},{\"@type\":\"ListItem\",\"position\":2,\"name\":\"Stw\u00f3rz projekt 3D z jubilerem\"}]},{\"@type\":\"WebSite\",\"@id\":\"https:\/\/fashiongold.lt\/pl\/#website\",\"url\":\"https:\/\/fashiongold.lt\/pl\/\",\"name\":\"Fashion Gold\",\"description\":\"Juvelyrikos namai\",\"publisher\":{\"@id\":\"https:\/\/fashiongold.lt\/pl\/#organization\"},\"potentialAction\":[{\"@type\":\"SearchAction\",\"target\":{\"@type\":\"EntryPoint\",\"urlTemplate\":\"https:\/\/fashiongold.lt\/pl\/?s={search_term_string}\"},\"query-input\":{\"@type\":\"PropertyValueSpecification\",\"valueRequired\":true,\"valueName\":\"search_term_string\"}}],\"inLanguage\":\"pl-PL\"},{\"@type\":\"Organization\",\"@id\":\"https:\/\/fashiongold.lt\/pl\/#organization\",\"name\":\"Topdiamonds Online\",\"url\":\"https:\/\/fashiongold.lt\/pl\/\",\"logo\":{\"@type\":\"ImageObject\",\"inLanguage\":\"pl-PL\",\"@id\":\"https:\/\/fashiongold.lt\/pl\/#\/schema\/logo\/image\/\",\"url\":\"https:\/\/fashiongold.lt\/wp-content\/uploads\/2025\/04\/cropped-fashion_gold_logotipas2-scaled-1.png\",\"contentUrl\":\"https:\/\/fashiongold.lt\/wp-content\/uploads\/2025\/04\/cropped-fashion_gold_logotipas2-scaled-1.png\",\"width\":2559,\"height\":421,\"caption\":\"Topdiamonds Online\"},\"image\":{\"@id\":\"https:\/\/fashiongold.lt\/pl\/#\/schema\/logo\/image\/\"}}]}<\/script>\n<!-- \/ Yoast SEO plugin. -->","yoast_head_json":{"title":"Projektowanie 3D z jubilerem | autorska bi\u017cuteria FasioGold.lt","description":"Stworzymy dla Ciebie projekt 3D \u2013 skonsultuj si\u0119 z jubilerem, otrzymaj wizualizacj\u0119 w ci\u0105gu 48 godzin, dopracuj szczeg\u00f3\u0142y i zatwierd\u017a produkcj\u0119.","robots":{"index":"index","follow":"follow","max-snippet":"max-snippet:-1","max-image-preview":"max-image-preview:large","max-video-preview":"max-video-preview:-1"},"canonical":"https:\/\/fashiongold.lt\/pl\/stworz-projekt-3d-z-jubilerem\/","og_locale":"pl_PL","og_type":"article","og_title":"Projektowanie 3D z jubilerem | autorska bi\u017cuteria FasioGold.lt","og_description":"Stworzymy dla Ciebie projekt 3D \u2013 skonsultuj si\u0119 z jubilerem, otrzymaj wizualizacj\u0119 w ci\u0105gu 48 godzin, dopracuj szczeg\u00f3\u0142y i zatwierd\u017a produkcj\u0119.","og_url":"https:\/\/fashiongold.lt\/pl\/stworz-projekt-3d-z-jubilerem\/","og_site_name":"FashionGold.lt","article_modified_time":"2026-02-03T05:39:55+00:00","og_image":[{"width":1024,"height":1024,"url":"https:\/\/fashiongold.lt\/wp-content\/uploads\/2025\/07\/Juvelyras-piesia-ziedo-eskiza-o-monitoriuje-rodomas-to-paties-ziedo-3D-modelis.png","type":"image\/png"}],"twitter_card":"summary_large_image","schema":{"@context":"https:\/\/schema.org","@graph":[{"@type":"WebPage","@id":"https:\/\/fashiongold.lt\/pl\/stworz-projekt-3d-z-jubilerem\/","url":"https:\/\/fashiongold.lt\/pl\/stworz-projekt-3d-z-jubilerem\/","name":"Projektowanie 3D z jubilerem | autorska bi\u017cuteria FasioGold.lt","isPartOf":{"@id":"https:\/\/fashiongold.lt\/pl\/#website"},"primaryImageOfPage":{"@id":"https:\/\/fashiongold.lt\/pl\/stworz-projekt-3d-z-jubilerem\/#primaryimage"},"image":{"@id":"https:\/\/fashiongold.lt\/pl\/stworz-projekt-3d-z-jubilerem\/#primaryimage"},"thumbnailUrl":"https:\/\/fashiongold.lt\/wp-content\/uploads\/2025\/07\/Juvelyras-piesia-ziedo-eskiza-o-monitoriuje-rodomas-to-paties-ziedo-3D-modelis.png","datePublished":"2025-05-06T10:08:00+00:00","dateModified":"2026-02-03T05:39:55+00:00","description":"Stworzymy dla Ciebie projekt 3D \u2013 skonsultuj si\u0119 z jubilerem, otrzymaj wizualizacj\u0119 w ci\u0105gu 48 godzin, dopracuj szczeg\u00f3\u0142y i zatwierd\u017a produkcj\u0119.","breadcrumb":{"@id":"https:\/\/fashiongold.lt\/pl\/stworz-projekt-3d-z-jubilerem\/#breadcrumb"},"inLanguage":"pl-PL","potentialAction":[{"@type":"ReadAction","target":["https:\/\/fashiongold.lt\/pl\/stworz-projekt-3d-z-jubilerem\/"]}]},{"@type":"ImageObject","inLanguage":"pl-PL","@id":"https:\/\/fashiongold.lt\/pl\/stworz-projekt-3d-z-jubilerem\/#primaryimage","url":"https:\/\/fashiongold.lt\/wp-content\/uploads\/2025\/07\/Juvelyras-piesia-ziedo-eskiza-o-monitoriuje-rodomas-to-paties-ziedo-3D-modelis.png","contentUrl":"https:\/\/fashiongold.lt\/wp-content\/uploads\/2025\/07\/Juvelyras-piesia-ziedo-eskiza-o-monitoriuje-rodomas-to-paties-ziedo-3D-modelis.png","width":1024,"height":1024,"caption":"Juvelyras pie\u0161ia \u017eiedo eskiz\u0105, o monitoriuje rodomas to paties \u017eiedo 3D modelis"},{"@type":"BreadcrumbList","@id":"https:\/\/fashiongold.lt\/pl\/stworz-projekt-3d-z-jubilerem\/#breadcrumb","itemListElement":[{"@type":"ListItem","position":1,"name":"Home","item":"https:\/\/fashiongold.lt\/pl\/"},{"@type":"ListItem","position":2,"name":"Stw\u00f3rz projekt 3D z jubilerem"}]},{"@type":"WebSite","@id":"https:\/\/fashiongold.lt\/pl\/#website","url":"https:\/\/fashiongold.lt\/pl\/","name":"Fashion Gold","description":"Juvelyrikos namai","publisher":{"@id":"https:\/\/fashiongold.lt\/pl\/#organization"},"potentialAction":[{"@type":"SearchAction","target":{"@type":"EntryPoint","urlTemplate":"https:\/\/fashiongold.lt\/pl\/?s={search_term_string}"},"query-input":{"@type":"PropertyValueSpecification","valueRequired":true,"valueName":"search_term_string"}}],"inLanguage":"pl-PL"},{"@type":"Organization","@id":"https:\/\/fashiongold.lt\/pl\/#organization","name":"Topdiamonds Online","url":"https:\/\/fashiongold.lt\/pl\/","logo":{"@type":"ImageObject","inLanguage":"pl-PL","@id":"https:\/\/fashiongold.lt\/pl\/#\/schema\/logo\/image\/","url":"https:\/\/fashiongold.lt\/wp-content\/uploads\/2025\/04\/cropped-fashion_gold_logotipas2-scaled-1.png","contentUrl":"https:\/\/fashiongold.lt\/wp-content\/uploads\/2025\/04\/cropped-fashion_gold_logotipas2-scaled-1.png","width":2559,"height":421,"caption":"Topdiamonds Online"},"image":{"@id":"https:\/\/fashiongold.lt\/pl\/#\/schema\/logo\/image\/"}}]}},"_links":{"self":[{"href":"https:\/\/fashiongold.lt\/pl\/wp-json\/wp\/v2\/pages\/270392","targetHints":{"allow":["GET"]}}],"collection":[{"href":"https:\/\/fashiongold.lt\/pl\/wp-json\/wp\/v2\/pages"}],"about":[{"href":"https:\/\/fashiongold.lt\/pl\/wp-json\/wp\/v2\/types\/page"}],"author":[{"embeddable":true,"href":"https:\/\/fashiongold.lt\/pl\/wp-json\/wp\/v2\/users\/3"}],"replies":[{"embeddable":true,"href":"https:\/\/fashiongold.lt\/pl\/wp-json\/wp\/v2\/comments?post=270392"}],"version-history":[{"count":0,"href":"https:\/\/fashiongold.lt\/pl\/wp-json\/wp\/v2\/pages\/270392\/revisions"}],"wp:featuredmedia":[{"embeddable":true,"href":"https:\/\/fashiongold.lt\/pl\/wp-json\/wp\/v2\/media\/26828"}],"wp:attachment":[{"href":"https:\/\/fashiongold.lt\/pl\/wp-json\/wp\/v2\/media?parent=270392"}],"curies":[{"name":"wp","href":"https:\/\/api.w.org\/{rel}","templated":true}]}}