{"id":270805,"date":"2025-12-08T18:55:30","date_gmt":"2025-12-08T18:55:30","guid":{"rendered":"https:\/\/fashiongold.lt\/faq-pierscionki-zareczynowe\/"},"modified":"2026-02-03T05:28:02","modified_gmt":"2026-02-03T05:28:02","slug":"faq-pierscionki-zareczynowe","status":"publish","type":"page","link":"https:\/\/fashiongold.lt\/pl\/faq-pierscionki-zareczynowe\/","title":{"rendered":"FAQ Pier\u015bcionki zar\u0119czynowe"},"content":{"rendered":"<h2><img fetchpriority=\"high\" decoding=\"async\" class=\"alignnone size-medium wp-image-263001\" src=\"https:\/\/fashiongold.lt\/wp-content\/uploads\/2025\/11\/1777e376-11bd-47d7-8379-51f782558920-300x300.png\" alt=\"Pier\u015bcionek zar\u0119czynowy z bia\u0142ego z\u0142ota z diamentem typu solitaire \u2013 subtelny balans designu.\" width=\"300\" height=\"300\" srcset=\"https:\/\/fashiongold.lt\/wp-content\/uploads\/2025\/11\/1777e376-11bd-47d7-8379-51f782558920-300x300.png 300w, https:\/\/fashiongold.lt\/wp-content\/uploads\/2025\/11\/1777e376-11bd-47d7-8379-51f782558920-150x150.png 150w, https:\/\/fashiongold.lt\/wp-content\/uploads\/2025\/11\/1777e376-11bd-47d7-8379-51f782558920-768x768.png 768w, https:\/\/fashiongold.lt\/wp-content\/uploads\/2025\/11\/1777e376-11bd-47d7-8379-51f782558920-600x600.png 600w, https:\/\/fashiongold.lt\/wp-content\/uploads\/2025\/11\/1777e376-11bd-47d7-8379-51f782558920-100x100.png 100w, https:\/\/fashiongold.lt\/wp-content\/uploads\/2025\/11\/1777e376-11bd-47d7-8379-51f782558920-50x50.png 50w, https:\/\/fashiongold.lt\/wp-content\/uploads\/2025\/11\/1777e376-11bd-47d7-8379-51f782558920.png 1024w\" sizes=\"(max-width: 300px) 100vw, 300px\" \/><\/h2>\n<h2>Pier\u015bcionki zar\u0119czynowe \u2013 jak wybra\u0107?<\/h2>\n<p>Zacznij od bud\u017cetu, kszta\u0142tu diamentu i koloru z\u0142ota \u2013 mo\u017cesz wybra\u0107 pier\u015bcionki zar\u0119czynowe z diamentami lub z kamieniami szlachetnymi, wykonane z r\u00f3\u017cnych metali, w r\u00f3\u017cnych stylach i rozmiarach. Kryteria jako\u015bci pier\u015bcionk\u00f3w s\u0105 bardzo wa\u017cne przy wyborze, poniewa\u017c decyduj\u0105 o warto\u015bci i trwa\u0142o\u015bci zar\u00f3wno diament\u00f3w, jak i ca\u0142ej bi\u017cuterii. Pier\u015bcionki zar\u0119czynowe mog\u0105 mie\u0107 r\u00f3\u017cne style, rozmiary i jako\u015b\u0107, dlatego wa\u017cne jest, aby wzi\u0105\u0107 pod uwag\u0119 osobiste preferencje oraz gust partnerki.<\/p>\n<h2>Gdzie najlepiej kupi\u0107 pier\u015bcionek zar\u0119czynowy na Litwie?<\/h2>\n<p>Najbardziej godny zaufania \u2013 Fashion Gold w Wilnie lub online na FashionGold.lt.<\/p>\n<h2>Od czego zacz\u0105\u0107 wyb\u00f3r pier\u015bcionka zar\u0119czynowego?<\/h2>\n<p>Od bud\u017cetu oraz stylu i gustu partnerki. Wybieraj\u0105c pier\u015bcionek zar\u0119czynowy, warto pomy\u015ble\u0107 o stylu \u017cycia lub hobby partnerki, aby wybrany pier\u015bcionek by\u0142 nie tylko pi\u0119kny, ale r\u00f3wnie\u017c praktyczny w codziennym noszeniu.<\/p>\n<h2>Jak wybra\u0107 rozmiar pier\u015bcionka?<\/h2>\n<p>Jednym ze sposob\u00f3w na ustalenie odpowiedniego rozmiaru pier\u015bcionka zar\u0119czynowego jest u\u017cycie <a href=\"https:\/\/fashiongold.lt\/pl\/miernik-rozmiarow-pierscionkow\/\" target=\"_self\" rel=\"noopener noreferrer\">online<\/a> miarki do pier\u015bcionk\u00f3w.<\/p>\n<h2>Czy po zakupie mo\u017cna zmieni\u0107 rozmiar pier\u015bcionka?<\/h2>\n<p>Tak, w wi\u0119kszo\u015bci przypadk\u00f3w \u2013 bezp\u0142atnie, dlatego po zakupie mo\u017cesz zmieni\u0107 rozmiar pier\u015bcionka bez dodatkowych koszt\u00f3w.<\/p>\n<h2>Jak wybra\u0107 diament do pier\u015bcionka zar\u0119czynowego? Jaki diament wybra\u0107?<\/h2>\n<p>Wybieraj\u0105c pier\u015bcionek zar\u0119czynowy, wa\u017cne jest uwzgl\u0119dnienie kryteri\u00f3w 4C: karat\u00f3w, koloru, czysto\u015bci i szlifu.<\/p>\n<h2>Jaki diament jest najlepszy do pier\u015bcionka zar\u0119czynowego?<\/h2>\n<p>Okr\u0105g\u0142y diament o czysto\u015bci VS\u2013VVS i barwie G\u2013F to najlepszy wyb\u00f3r.<\/p>\n<h2>Czy pier\u015bcionki zar\u0119czynowe musz\u0105 mie\u0107 certyfikat?<\/h2>\n<p>Tak \u2013 zalecane s\u0105 GIA, IGI lub HRD, poniewa\u017c certyfikat zapewnia, \u017ce diament spe\u0142nia standardy jako\u015bci.<\/p>\n<h2>Ile kosztuje pier\u015bcionek zar\u0119czynowy?<\/h2>\n<p>Cena pier\u015bcionka zale\u017cy od diamentu, metalu i wzoru \u2013 mo\u017ce waha\u0107 si\u0119 od ok. 400 \u20ac do kilkudziesi\u0119ciu tysi\u0119cy.<\/p>\n<h2>Jakie kszta\u0142ty diament\u00f3w nadaj\u0105 si\u0119 na zar\u0119czyny?<\/h2>\n<p>Wszystkie: okr\u0105g\u0142y, owalny, gruszka, princessa, szmaragdowy. Mo\u017cna r\u00f3wnie\u017c wybra\u0107 diamenty o innych kszta\u0142tach, w zale\u017cno\u015bci od osobistego stylu i preferencji.<\/p>\n<h2>Jaki design pier\u015bcionk\u00f3w zar\u0119czynowych jest najpopularniejszy?<\/h2>\n<p>Klasyczny, halo oraz nowoczesny design to te, kt\u00f3re s\u0105 obecnie najpopularniejsze.<\/p>\n<h2>Jaki kszta\u0142t diamentu jest najpopularniejszy w pier\u015bcionkach zar\u0119czynowych?<\/h2>\n<p>Okr\u0105g\u0142y (round brilliant) \u2013 klasyka.<\/p>\n<h2>Jaki kolor z\u0142ota jest najlepszy dla pier\u015bcionka zar\u0119czynowego?<\/h2>\n<p>Bia\u0142ego z\u0142ota \u2013 uniwersalny i najpopularniejszy.<\/p>\n<h2>Czy \u017c\u00f3\u0142te z\u0142oto nadaje si\u0119 na pier\u015bcionek zar\u0119czynowy?<\/h2>\n<p>Tak \u2013 pier\u015bcionki z \u017c\u00f3\u0142tego z\u0142ota doskonale komponuj\u0105 si\u0119 z klasycznym designem.<\/p>\n<h2>Czy r\u00f3\u017cowe (czerwone) z\u0142oto nadaje si\u0119 na pier\u015bcionek zar\u0119czynowy?<\/h2>\n<p>Tak \u2013 to nowoczesny, romantyczny wyb\u00f3r, a r\u00f3\u017cowe z\u0142oto jest popularnym wyborem dla pier\u015bcionk\u00f3w zar\u0119czynowych.<\/p>\n<h2>Czy warto wybra\u0107 platynowy pier\u015bcionek zar\u0119czynowy?<\/h2>\n<p>Tak, je\u015bli zale\u017cy Ci nie tylko na wyborze hipoalergicznym, ale i wyj\u0105tkowym.<\/p>\n<h2>Jaka jest najlepsza jako\u015b\u0107 diamentu do pier\u015bcionka zar\u0119czynowego?<\/h2>\n<p>Optymalnie: barwa F\u2013G, czysto\u015b\u0107 VS1\u2013VS2, doskona\u0142y szlif EX. Takie parametry gwarantuj\u0105 wysok\u0105 jako\u015b\u0107 diamentu.<\/p>\n<h2>Ile karat\u00f3w powinien mie\u0107 diament w pier\u015bcionku zar\u0119czynowego?<\/h2>\n<p>Najpopularniejsze w pier\u015bcionkach zar\u0119czynowych s\u0105 jednak diamenty o masie 0.30 ct, 0.50 ct i 1.00 ct.<\/p>\n<h2>Czy diamenty laboratoryjne nadaj\u0105 si\u0119 na pier\u015bcionek zar\u0119czynowy?<\/h2>\n<p>Tak \u2013 s\u0105 ta\u0144sze. Diamenty laboratoryjne mog\u0105 by\u0107 doskona\u0142ym wyborem dla Twojego pier\u015bcionka zar\u0119czynowego.<\/p>\n<h2>Czym r\u00f3\u017cni si\u0119 diament naturalny od laboratoryjnego?<\/h2>\n<p>Pochodzeniem \u2013 jako\u015b\u0107 i wygl\u0105d s\u0105 takie same. Wi\u0119cej o r\u00f3\u017cnicach mi\u0119dzy diamentami naturalnymi a laboratoryjnymi dowiesz si\u0119 u specjalist\u00f3w.<\/p>\n<h2>Czy wszystkie pier\u015bcionki zar\u0119czynowe musz\u0105 posiada\u0107 certyfikat?<\/h2>\n<p>Zalecane \u2013 GIA\/IGI\/HRD gwarantuj\u0105 jako\u015b\u0107. Wa\u017cne jest, aby zwr\u00f3ci\u0107 uwag\u0119 na certyfikaty, kt\u00f3re wskazuj\u0105 pochodzenie i jako\u015b\u0107 diamentu.<\/p>\n<h2>Gdzie kupi\u0107 pier\u015bcionek zar\u0119czynowy z certyfikowanym diamentem?<\/h2>\n<p>Fashion Gold oferuje wy\u0142\u0105cznie certyfikowane diamenty naturalne i laboratoryjne. Pomo\u017cemy Ci wybra\u0107 certyfikowany diament do Twojego pier\u015bcionka zar\u0119czynowego, aby wyb\u00f3r by\u0142 \u0142atwy i pewny.<\/p>\n<h2>Czy pier\u015bcionek zar\u0119czynowy z szafirem to dobry wyb\u00f3r?<\/h2>\n<p>Tak \u2013 szafir to popularny i trwa\u0142y wyb\u00f3r do pier\u015bcionka zar\u0119czynowego, cechuj\u0105cy si\u0119 kr\u00f3lewsk\u0105 estetyk\u0105.<\/p>\n<h2>Czy pier\u015bcionek zar\u0119czynowy z rubinem nadaje si\u0119 do codziennego noszenia?<\/h2>\n<p>Tak \u2013 rubin jest bardzo odporny. Cz\u0119sto rubin uwa\u017cany jest za symbol mi\u0142o\u015bci, dlatego pier\u015bcionki zar\u0119czynowe z rubinem podkre\u015blaj\u0105 siln\u0105 wi\u0119\u017a emocjonaln\u0105 mi\u0119dzy par\u0105.<\/p>\n<h2>Czy szmaragd nadaje si\u0119 na pier\u015bcionek zar\u0119czynowy?<\/h2>\n<p>Tak, ale wymaga wi\u0119kszej piel\u0119gnacji, poniewa\u017c szmaragd to kamie\u0144 szlachetny, kt\u00f3rego powierzchnia jest bardziej mi\u0119kka i wra\u017cliwa na uszkodzenia.<\/p>\n<h2>Co lepsze \u2013 jeden du\u017cy diament czy design halo?<\/h2>\n<p>Halo b\u0142yszczy bardziej i wizualnie powi\u0119ksza centralny kamie\u0144. Cz\u0119sto ten wz\u00f3r jest \u0142\u0105czony z diamentem, aby jeszcze bardziej podkre\u015bli\u0107 pi\u0119kno kamienia centralnego i nada\u0107 pier\u015bcionkowi wyj\u0105tkowy luksus.<\/p>\n<h2>Czy fluorescencja diamentu jest wa\u017cna przy wyborze pier\u015bcionka zar\u0119czynowego?<\/h2>\n<p>S\u0142aba fluorescencja nie szkodzi, silna mo\u017ce wp\u0142yn\u0105\u0107 na wygl\u0105d. Istniej\u0105 sytuacje, w kt\u00f3rych silna fluorescencja mo\u017ce wp\u0142yn\u0105\u0107 na wygl\u0105d diamentu.<\/p>\n<h2>Jak d\u0142ugo trwa wykonanie pier\u015bcionka zar\u0119czynowego?<\/h2>\n<p>\u015arednio 5\u201310 dni roboczych.<\/p>\n<h2>Czy mo\u017cna wykona\u0107 pier\u015bcionek zar\u0119czynowy na podstawie zdj\u0119cia?<\/h2>\n<p>Tak \u2013 Fashion Gold tworzy na podstawie pomys\u0142u, zdj\u0119cia i modelu 3D. Mo\u017cesz r\u00f3wnie\u017c stworzy\u0107 sw\u00f3j unikalny pier\u015bcionek zar\u0119czynowy wed\u0142ug indywidualnego pomys\u0142u.<\/p>\n<h2>Czy przed zakupem mo\u017cna obejrze\u0107 pier\u015bcionki na \u017cywo?<\/h2>\n<p>Tak \u2013 zapraszamy do salonu <a href=\"https:\/\/www.google.com\/maps\/place\/Fashion+Gold\/@54.6857292,25.2748039,19z\/data=!3m1!4b1!4m6!3m5!1s0x46dd940e18df1073:0x1dfe6d883d7f9d21!8m2!3d54.6857284!4d25.2754476!16s%2Fg%2F12hl0gvss?entry=ttu&amp;g_ep=EgoyMDI1MTIwMS4wIKXMDSoASAFQAw%3D%3D\" target=\"_blank\" rel=\"noopener noreferrer\">przy ul. Pam\u0117nkalnio 5 w Wilnie.<\/a> Tutaj b\u0119dziesz m\u00f3g\u0142 na \u017cywo obejrze\u0107 pier\u015bcionki zar\u0119czynowe i skonsultowa\u0107 si\u0119 ze specjalistami.<\/p>\n<h2>Jaki bud\u017cet jest potrzebny na pier\u015bcionek zar\u0119czynowy?<\/h2>\n<p>Najcz\u0119\u015bciej od ok. 500 \u20ac do 3000 \u20ac, w zale\u017cno\u015bci od kamienia. Wi\u0119kszo\u015b\u0107 pier\u015bcionk\u00f3w zar\u0119czynowych wykonuje si\u0119 ze z\u0142ota pr\u00f3by 585, kt\u00f3re jest popularne ze wzgl\u0119du na swoj\u0105 trwa\u0142o\u015b\u0107 i warto\u015b\u0107.<\/p>\n<h2>Jak sprawdzi\u0107, czy diament jest prawdziwy?<\/h2>\n<p>Sprawdzaj\u0105c certyfikat, wa\u017cne jest upewnienie si\u0119, \u017ce jest on autentyczny i wystawiony przez wiarygodne laboratorium. Certyfikat potwierdza, \u017ce diament jest prawdziwy i odpowiada okre\u015blonym w\u0142a\u015bciwo\u015bciom.<\/p>\n<h2>Czy pier\u015bcionek zar\u0119czynowy mo\u017cna kupi\u0107 online?<\/h2>\n<p>Tak \u2013 wa\u017cne jest, aby wybra\u0107 wiarygodnego sprzedawc\u0119 posiadaj\u0105cego salon stacjonarny. Zakup online jest dla Ciebie wygodny i pozwala na wyb\u00f3r z szerokiego asortymentu pier\u015bcionk\u00f3w zar\u0119czynowych.<\/p>\n<h2>Czy warto kupi\u0107 pier\u015bcionek zar\u0119czynowy od Fashion Gold?<\/h2>\n<p>Tak \u2013 otrzymujesz r\u0119kodzie\u0142o naszych jubiler\u00f3w z ponad 30-letnim do\u015bwiadczeniem oraz certyfikowane diamenty.<\/p>\n<h2>Jak uzyska\u0107 profesjonaln\u0105 pomoc przy wyborze pier\u015bcionka zar\u0119czynowego?<\/h2>\n<p>Um\u00f3wi\u0107 si\u0119 na konsultacj\u0119 z ekspertk\u0105 od diament\u00f3w Julij\u0105 Gerlich, <a href=\"tel:+37061008501\" target=\"_blank\" rel=\"noopener noreferrer\">mo\u017cna online<\/a>. Pomo\u017cemy wybra\u0107 najodpowiedniejszy pier\u015bcionek zar\u0119czynowy, zapewniaj\u0105c profesjonaln\u0105 i spersonalizowan\u0105 pomoc.<\/p>\n<h2> Gdzie mo\u017cna na \u017cywo obejrze\u0107 i wybra\u0107 pier\u015bcionek zar\u0119czynowy?<\/h2>\n<p>Przyje\u017cd\u017caj\u0105c do salonu pod adresem ul. Pam\u0117nkalnio 5, Wilno, gdzie b\u0119dziesz m\u00f3g\u0142 na \u017cywo obejrze\u0107 i wybra\u0107 pier\u015bcionki zar\u0119czynowe z dost\u0119pnego asortymentu.<\/p>\n<h2>Jak mo\u017cna kupi\u0107 pier\u015bcionek zar\u0119czynowy bez wychodzenia z domu?<\/h2>\n<p>Darmowa wysy\u0142ka na terenie ca\u0142ej Litwy wraz z ubezpieczeniem \u2013 pier\u015bcionek zar\u0119czynowy zostanie dostarczony bezpo\u015brednio do Twojego domu.<\/p>\n<h2>Co zrobi\u0107, je\u015bli chc\u0119 wybra\u0107 pier\u015bcionek zar\u0119czynowy z pomoc\u0105 eksperta?<\/h2>\n<p>Zapisa\u0107 si\u0119 na konsultacj\u0119 z ekspertk\u0105 od diament\u00f3w Julij\u0105 Gerlich. <a href=\"tel:+37061008501\" target=\"_blank\" rel=\"noopener noreferrer\">Mo\u017cna online.<\/a> Podczas konsultacji ekspertka pomo\u017ce Ci wybra\u0107 najodpowiedniejszy pier\u015bcionek zar\u0119czynowy zgodnie z Twoimi potrzebami i \u017cyczeniami.<\/p>\n<h2>Czy trzeba jecha\u0107 do Wilna, aby kupi\u0107 pier\u015bcionek zar\u0119czynowy?<\/h2>\n<p>Nie trzeba \u2013 oferowana jest darmowa i ubezpieczona wysy\u0142ka na terenie ca\u0142ej Litwy.<\/p>\n<h2>Gdzie najszybciej wybra\u0107 pier\u015bcionek jeszcze tego samego dnia?<\/h2>\n<p>Przyje\u017cd\u017caj\u0105c do salonu pod adresem ul. Pam\u0117nkalnio 5, Wilno i wybieraj\u0105c z dost\u0119pnego asortymentu, gdzie czeka na Pa\u0144stwa zesp\u00f3\u0142 profesjonalist\u00f3w gotowy sprosta\u0107 ludzkim potrzebom.<\/p>\n<h2>Ile gotowych pier\u015bcionk\u00f3w zar\u0119czynowych macie w salonie?<\/h2>\n<p>Zawsze staramy si\u0119 posiada\u0107 na miejscu asortyment oko\u0142o 400 pier\u015bcionk\u00f3w zar\u0119czynowych, aby\u015b m\u00f3g\u0142 dokona\u0107 wyboru od r\u0119ki.<\/p>\n","protected":false},"excerpt":{"rendered":"<p>Pier\u015bcionki zar\u0119czynowe \u2013 jak wybra\u0107? Zacznij od bud\u017cetu, kszta\u0142tu diamentu i koloru z\u0142ota \u2013 mo\u017cesz wybra\u0107 pier\u015bcionki zar\u0119czynowe z diamentami [&hellip;]<\/p>\n","protected":false},"author":11,"featured_media":264100,"parent":0,"menu_order":0,"comment_status":"closed","ping_status":"closed","template":"","meta":{"site-sidebar-layout":"default","site-content-layout":"","ast-site-content-layout":"default","site-content-style":"default","site-sidebar-style":"default","ast-global-header-display":"","ast-banner-title-visibility":"","ast-main-header-display":"","ast-hfb-above-header-display":"","ast-hfb-below-header-display":"","ast-hfb-mobile-header-display":"","site-post-title":"","ast-breadcrumbs-content":"","ast-featured-img":"disabled","footer-sml-layout":"","ast-disable-related-posts":"","theme-transparent-header-meta":"default","adv-header-id-meta":"","stick-header-meta":"","header-above-stick-meta":"","header-main-stick-meta":"","header-below-stick-meta":"","astra-migrate-meta-layouts":"default","ast-page-background-enabled":"default","ast-page-background-meta":{"desktop":{"background-color":"var(--ast-global-color-4)","background-image":"","background-repeat":"repeat","background-position":"center center","background-size":"auto","background-attachment":"scroll","background-type":"","background-media":"","overlay-type":"","overlay-color":"","overlay-opacity":"","overlay-gradient":""},"tablet":{"background-color":"","background-image":"","background-repeat":"repeat","background-position":"center center","background-size":"auto","background-attachment":"scroll","background-type":"","background-media":"","overlay-type":"","overlay-color":"","overlay-opacity":"","overlay-gradient":""},"mobile":{"background-color":"","background-image":"","background-repeat":"repeat","background-position":"center center","background-size":"auto","background-attachment":"scroll","background-type":"","background-media":"","overlay-type":"","overlay-color":"","overlay-opacity":"","overlay-gradient":""}},"ast-content-background-meta":{"desktop":{"background-color":"var(--ast-global-color-5)","background-image":"","background-repeat":"repeat","background-position":"center center","background-size":"auto","background-attachment":"scroll","background-type":"","background-media":"","overlay-type":"","overlay-color":"","overlay-opacity":"","overlay-gradient":""},"tablet":{"background-color":"var(--ast-global-color-5)","background-image":"","background-repeat":"repeat","background-position":"center center","background-size":"auto","background-attachment":"scroll","background-type":"","background-media":"","overlay-type":"","overlay-color":"","overlay-opacity":"","overlay-gradient":""},"mobile":{"background-color":"var(--ast-global-color-5)","background-image":"","background-repeat":"repeat","background-position":"center center","background-size":"auto","background-attachment":"scroll","background-type":"","background-media":"","overlay-type":"","overlay-color":"","overlay-opacity":"","overlay-gradient":""}},"footnotes":""},"class_list":["post-270805","page","type-page","status-publish","has-post-thumbnail","hentry"],"yoast_head":"<!-- This site is optimized with the Yoast SEO plugin v26.6 - https:\/\/yoast.com\/wordpress\/plugins\/seo\/ -->\n<title>Pier\u015bcionki zar\u0119czynowe \u2013 wyj\u0105tkowe wybory na ka\u017cdy gust<\/title>\n<meta name=\"description\" content=\"Odkryj pier\u015bcionki zar\u0119czynowe pasuj\u0105ce do ka\u017cdego gustu. Wybierz idealny wariant na swoj\u0105 wyj\u0105tkow\u0105 okazj\u0119. Przeczytaj teraz!\" \/>\n<meta name=\"robots\" content=\"index, follow, max-snippet:-1, max-image-preview:large, max-video-preview:-1\" \/>\n<link rel=\"canonical\" href=\"https:\/\/fashiongold.lt\/pl\/faq-pierscionki-zareczynowe\/\" \/>\n<meta property=\"og:locale\" content=\"pl_PL\" \/>\n<meta property=\"og:type\" content=\"article\" \/>\n<meta property=\"og:title\" content=\"Pier\u015bcionki zar\u0119czynowe \u2013 wyj\u0105tkowe wybory na ka\u017cdy gust\" \/>\n<meta property=\"og:description\" content=\"Odkryj pier\u015bcionki zar\u0119czynowe pasuj\u0105ce do ka\u017cdego gustu. Wybierz idealny wariant na swoj\u0105 wyj\u0105tkow\u0105 okazj\u0119. Przeczytaj teraz!\" \/>\n<meta property=\"og:url\" content=\"https:\/\/fashiongold.lt\/pl\/faq-pierscionki-zareczynowe\/\" \/>\n<meta property=\"og:site_name\" content=\"FashionGold.lt\" \/>\n<meta property=\"article:modified_time\" content=\"2026-02-03T05:28:02+00:00\" \/>\n<meta property=\"og:image\" content=\"https:\/\/fashiongold.lt\/wp-content\/uploads\/2025\/11\/1777e376-11bd-47d7-8379-51f782558920.png\" \/>\n\t<meta property=\"og:image:width\" content=\"1024\" \/>\n\t<meta property=\"og:image:height\" content=\"1024\" \/>\n\t<meta property=\"og:image:type\" content=\"image\/png\" \/>\n<meta name=\"twitter:card\" content=\"summary_large_image\" \/>\n<meta name=\"twitter:label1\" content=\"Szacowany czas czytania\" \/>\n\t<meta name=\"twitter:data1\" content=\"7 minut\" \/>\n<script type=\"application\/ld+json\" class=\"yoast-schema-graph\">{\"@context\":\"https:\/\/schema.org\",\"@graph\":[{\"@type\":\"WebPage\",\"@id\":\"https:\/\/fashiongold.lt\/pl\/faq-pierscionki-zareczynowe\/\",\"url\":\"https:\/\/fashiongold.lt\/pl\/faq-pierscionki-zareczynowe\/\",\"name\":\"Pier\u015bcionki zar\u0119czynowe \u2013 wyj\u0105tkowe wybory na ka\u017cdy gust\",\"isPartOf\":{\"@id\":\"https:\/\/fashiongold.lt\/pl\/#website\"},\"primaryImageOfPage\":{\"@id\":\"https:\/\/fashiongold.lt\/pl\/faq-pierscionki-zareczynowe\/#primaryimage\"},\"image\":{\"@id\":\"https:\/\/fashiongold.lt\/pl\/faq-pierscionki-zareczynowe\/#primaryimage\"},\"thumbnailUrl\":\"https:\/\/fashiongold.lt\/wp-content\/uploads\/2025\/07\/TDO-1243-modernus-suzadetuviu-ziedas-su-cushion-deimantu-1.png\",\"datePublished\":\"2025-12-08T18:55:30+00:00\",\"dateModified\":\"2026-02-03T05:28:02+00:00\",\"description\":\"Odkryj pier\u015bcionki zar\u0119czynowe pasuj\u0105ce do ka\u017cdego gustu. Wybierz idealny wariant na swoj\u0105 wyj\u0105tkow\u0105 okazj\u0119. Przeczytaj teraz!\",\"breadcrumb\":{\"@id\":\"https:\/\/fashiongold.lt\/pl\/faq-pierscionki-zareczynowe\/#breadcrumb\"},\"inLanguage\":\"pl-PL\",\"potentialAction\":[{\"@type\":\"ReadAction\",\"target\":[\"https:\/\/fashiongold.lt\/pl\/faq-pierscionki-zareczynowe\/\"]}]},{\"@type\":\"ImageObject\",\"inLanguage\":\"pl-PL\",\"@id\":\"https:\/\/fashiongold.lt\/pl\/faq-pierscionki-zareczynowe\/#primaryimage\",\"url\":\"https:\/\/fashiongold.lt\/wp-content\/uploads\/2025\/07\/TDO-1243-modernus-suzadetuviu-ziedas-su-cushion-deimantu-1.png\",\"contentUrl\":\"https:\/\/fashiongold.lt\/wp-content\/uploads\/2025\/07\/TDO-1243-modernus-suzadetuviu-ziedas-su-cushion-deimantu-1.png\",\"width\":800,\"height\":800,\"caption\":\"Modernus raudono aukso su\u017ead\u0117tuvi\u0173 \u017eiedas su pagalv\u0117l\u0117s formos deimantu - Cushion cut\"},{\"@type\":\"BreadcrumbList\",\"@id\":\"https:\/\/fashiongold.lt\/pl\/faq-pierscionki-zareczynowe\/#breadcrumb\",\"itemListElement\":[{\"@type\":\"ListItem\",\"position\":1,\"name\":\"Home\",\"item\":\"https:\/\/fashiongold.lt\/pl\/\"},{\"@type\":\"ListItem\",\"position\":2,\"name\":\"FAQ Pier\u015bcionki zar\u0119czynowe\"}]},{\"@type\":\"WebSite\",\"@id\":\"https:\/\/fashiongold.lt\/pl\/#website\",\"url\":\"https:\/\/fashiongold.lt\/pl\/\",\"name\":\"Fashion Gold\",\"description\":\"Juvelyrikos namai\",\"publisher\":{\"@id\":\"https:\/\/fashiongold.lt\/pl\/#organization\"},\"potentialAction\":[{\"@type\":\"SearchAction\",\"target\":{\"@type\":\"EntryPoint\",\"urlTemplate\":\"https:\/\/fashiongold.lt\/pl\/?s={search_term_string}\"},\"query-input\":{\"@type\":\"PropertyValueSpecification\",\"valueRequired\":true,\"valueName\":\"search_term_string\"}}],\"inLanguage\":\"pl-PL\"},{\"@type\":\"Organization\",\"@id\":\"https:\/\/fashiongold.lt\/pl\/#organization\",\"name\":\"Topdiamonds Online\",\"url\":\"https:\/\/fashiongold.lt\/pl\/\",\"logo\":{\"@type\":\"ImageObject\",\"inLanguage\":\"pl-PL\",\"@id\":\"https:\/\/fashiongold.lt\/pl\/#\/schema\/logo\/image\/\",\"url\":\"https:\/\/fashiongold.lt\/wp-content\/uploads\/2025\/04\/cropped-fashion_gold_logotipas2-scaled-1.png\",\"contentUrl\":\"https:\/\/fashiongold.lt\/wp-content\/uploads\/2025\/04\/cropped-fashion_gold_logotipas2-scaled-1.png\",\"width\":2559,\"height\":421,\"caption\":\"Topdiamonds Online\"},\"image\":{\"@id\":\"https:\/\/fashiongold.lt\/pl\/#\/schema\/logo\/image\/\"}}]}<\/script>\n<!-- \/ Yoast SEO plugin. -->","yoast_head_json":{"title":"Pier\u015bcionki zar\u0119czynowe \u2013 wyj\u0105tkowe wybory na ka\u017cdy gust","description":"Odkryj pier\u015bcionki zar\u0119czynowe pasuj\u0105ce do ka\u017cdego gustu. Wybierz idealny wariant na swoj\u0105 wyj\u0105tkow\u0105 okazj\u0119. Przeczytaj teraz!","robots":{"index":"index","follow":"follow","max-snippet":"max-snippet:-1","max-image-preview":"max-image-preview:large","max-video-preview":"max-video-preview:-1"},"canonical":"https:\/\/fashiongold.lt\/pl\/faq-pierscionki-zareczynowe\/","og_locale":"pl_PL","og_type":"article","og_title":"Pier\u015bcionki zar\u0119czynowe \u2013 wyj\u0105tkowe wybory na ka\u017cdy gust","og_description":"Odkryj pier\u015bcionki zar\u0119czynowe pasuj\u0105ce do ka\u017cdego gustu. Wybierz idealny wariant na swoj\u0105 wyj\u0105tkow\u0105 okazj\u0119. Przeczytaj teraz!","og_url":"https:\/\/fashiongold.lt\/pl\/faq-pierscionki-zareczynowe\/","og_site_name":"FashionGold.lt","article_modified_time":"2026-02-03T05:28:02+00:00","og_image":[{"width":1024,"height":1024,"url":"https:\/\/fashiongold.lt\/wp-content\/uploads\/2025\/11\/1777e376-11bd-47d7-8379-51f782558920.png","type":"image\/png"}],"twitter_card":"summary_large_image","twitter_misc":{"Szacowany czas czytania":"7 minut"},"schema":{"@context":"https:\/\/schema.org","@graph":[{"@type":"WebPage","@id":"https:\/\/fashiongold.lt\/pl\/faq-pierscionki-zareczynowe\/","url":"https:\/\/fashiongold.lt\/pl\/faq-pierscionki-zareczynowe\/","name":"Pier\u015bcionki zar\u0119czynowe \u2013 wyj\u0105tkowe wybory na ka\u017cdy gust","isPartOf":{"@id":"https:\/\/fashiongold.lt\/pl\/#website"},"primaryImageOfPage":{"@id":"https:\/\/fashiongold.lt\/pl\/faq-pierscionki-zareczynowe\/#primaryimage"},"image":{"@id":"https:\/\/fashiongold.lt\/pl\/faq-pierscionki-zareczynowe\/#primaryimage"},"thumbnailUrl":"https:\/\/fashiongold.lt\/wp-content\/uploads\/2025\/07\/TDO-1243-modernus-suzadetuviu-ziedas-su-cushion-deimantu-1.png","datePublished":"2025-12-08T18:55:30+00:00","dateModified":"2026-02-03T05:28:02+00:00","description":"Odkryj pier\u015bcionki zar\u0119czynowe pasuj\u0105ce do ka\u017cdego gustu. Wybierz idealny wariant na swoj\u0105 wyj\u0105tkow\u0105 okazj\u0119. Przeczytaj teraz!","breadcrumb":{"@id":"https:\/\/fashiongold.lt\/pl\/faq-pierscionki-zareczynowe\/#breadcrumb"},"inLanguage":"pl-PL","potentialAction":[{"@type":"ReadAction","target":["https:\/\/fashiongold.lt\/pl\/faq-pierscionki-zareczynowe\/"]}]},{"@type":"ImageObject","inLanguage":"pl-PL","@id":"https:\/\/fashiongold.lt\/pl\/faq-pierscionki-zareczynowe\/#primaryimage","url":"https:\/\/fashiongold.lt\/wp-content\/uploads\/2025\/07\/TDO-1243-modernus-suzadetuviu-ziedas-su-cushion-deimantu-1.png","contentUrl":"https:\/\/fashiongold.lt\/wp-content\/uploads\/2025\/07\/TDO-1243-modernus-suzadetuviu-ziedas-su-cushion-deimantu-1.png","width":800,"height":800,"caption":"Modernus raudono aukso su\u017ead\u0117tuvi\u0173 \u017eiedas su pagalv\u0117l\u0117s formos deimantu - Cushion cut"},{"@type":"BreadcrumbList","@id":"https:\/\/fashiongold.lt\/pl\/faq-pierscionki-zareczynowe\/#breadcrumb","itemListElement":[{"@type":"ListItem","position":1,"name":"Home","item":"https:\/\/fashiongold.lt\/pl\/"},{"@type":"ListItem","position":2,"name":"FAQ Pier\u015bcionki zar\u0119czynowe"}]},{"@type":"WebSite","@id":"https:\/\/fashiongold.lt\/pl\/#website","url":"https:\/\/fashiongold.lt\/pl\/","name":"Fashion Gold","description":"Juvelyrikos namai","publisher":{"@id":"https:\/\/fashiongold.lt\/pl\/#organization"},"potentialAction":[{"@type":"SearchAction","target":{"@type":"EntryPoint","urlTemplate":"https:\/\/fashiongold.lt\/pl\/?s={search_term_string}"},"query-input":{"@type":"PropertyValueSpecification","valueRequired":true,"valueName":"search_term_string"}}],"inLanguage":"pl-PL"},{"@type":"Organization","@id":"https:\/\/fashiongold.lt\/pl\/#organization","name":"Topdiamonds Online","url":"https:\/\/fashiongold.lt\/pl\/","logo":{"@type":"ImageObject","inLanguage":"pl-PL","@id":"https:\/\/fashiongold.lt\/pl\/#\/schema\/logo\/image\/","url":"https:\/\/fashiongold.lt\/wp-content\/uploads\/2025\/04\/cropped-fashion_gold_logotipas2-scaled-1.png","contentUrl":"https:\/\/fashiongold.lt\/wp-content\/uploads\/2025\/04\/cropped-fashion_gold_logotipas2-scaled-1.png","width":2559,"height":421,"caption":"Topdiamonds Online"},"image":{"@id":"https:\/\/fashiongold.lt\/pl\/#\/schema\/logo\/image\/"}}]}},"_links":{"self":[{"href":"https:\/\/fashiongold.lt\/pl\/wp-json\/wp\/v2\/pages\/270805","targetHints":{"allow":["GET"]}}],"collection":[{"href":"https:\/\/fashiongold.lt\/pl\/wp-json\/wp\/v2\/pages"}],"about":[{"href":"https:\/\/fashiongold.lt\/pl\/wp-json\/wp\/v2\/types\/page"}],"author":[{"embeddable":true,"href":"https:\/\/fashiongold.lt\/pl\/wp-json\/wp\/v2\/users\/11"}],"replies":[{"embeddable":true,"href":"https:\/\/fashiongold.lt\/pl\/wp-json\/wp\/v2\/comments?post=270805"}],"version-history":[{"count":0,"href":"https:\/\/fashiongold.lt\/pl\/wp-json\/wp\/v2\/pages\/270805\/revisions"}],"wp:featuredmedia":[{"embeddable":true,"href":"https:\/\/fashiongold.lt\/pl\/wp-json\/wp\/v2\/media\/264100"}],"wp:attachment":[{"href":"https:\/\/fashiongold.lt\/pl\/wp-json\/wp\/v2\/media?parent=270805"}],"curies":[{"name":"wp","href":"https:\/\/api.w.org\/{rel}","templated":true}]}}