{"id":1036863,"date":"2026-03-28T12:03:02","date_gmt":"2026-03-28T12:03:02","guid":{"rendered":"https:\/\/fashiongold.lt\/?post_type=product&#038;p=1036863"},"modified":"2026-03-28T12:56:04","modified_gmt":"2026-03-28T12:56:04","slug":"deimantine-juostele-su-laboratoriniais-24-marquise-round-7-36-karatai","status":"publish","type":"product","link":"https:\/\/fashiongold.lt\/pl\/papuosalas\/deimantine-juostele-su-laboratoriniais-24-marquise-round-7-36-karatai\/","title":{"rendered":"Deimantin\u0117 juostel\u0117 su laboratoriniais 24 Marquise &#038; Round 7.36 karatai"},"content":{"rendered":"<p>\u017diedas gali b\u016bti pagamintas pagal u\u017esakym\u0105: u\u017e papildom\u0105 mokest\u012f su auk\u0161tesn\u0117s kokyb\u0117s deimant\u0173 arba deimantais.<\/p>\n<p>\u2022 \u017diedo metalas: 14K (585 prabos), galime pagaminti i\u0161 10K (375 prabos),\u00a0 18K (750 prabos), 950 platina,<\/p>\n<p>\u2022 \u017diedo spalva: baltas, geltonas, raudonas<\/p>\n<p>\u2022 \u017diedo svoris (prilauso nuo dyd\u017eio): apie 5,00 &#8211; 7,00 g<\/p>\n<p>\u2022 \u017diedo matmenis: apie 6.00 mm<\/p>\n<p>\u2022 \u017diedo komforto zona: yra<\/p>\n<p>\u2022 Deimanto tipas: Laboratorinis deimantas<\/p>\n<p>\u2022 Deimanto forma: markiz\u0117s formos (<strong data-start=\"48\" data-end=\"71\">Marquise cut<\/strong>)<\/p>\n<p>\u2022 Deimanto charakteristika: bendras svoris 7.36 ct (spalva D, E \u0161varumas VVS1-VVS2) (galima keisti).<\/p>\n<p>\u2022 Sertifikatas: Lietuvos Prabavimo R\u016bmai (LPR) + IGI sertifikatai<\/p>\n<p>\u2022 Graviravimas nemokamai<\/p>\n<p>\u2022 Vienkartin\u0117 nemokama \u017eiedo dyd\u017eio keitimo garantija (pagal galimyb\u0117s)<\/p>\n<p>\u2022 Gamybos ir pristatymo terminas nuo 21 darbo dien\u0173, skubos tvark\u0105 per 14 d.d.<\/p>\n<p><strong>Turite savo brangakmen\u012f? Susisiekite, perskai\u010diuosime kain\u0105 &#8211; mok\u0117site tik u\u017e \u017eied\u0173 gamyb\u0105.<\/strong><\/p>\n","protected":false},"excerpt":{"rendered":"<p>I\u0161skirtin\u0117 deimantin\u0117 juostel\u0117 su 24 markiz\u0117s ir apvalios formos laboratoriniais deimantais &#8211; \u017eiedas su 7.36 karato deimantais. Auk\u0161\u010diausia \u017eiedo kokyb\u0117 i\u0161 Lietuvos. Maksimalus patogumas kasdieniam ne\u0161iojimui. Tai i\u0161skirtinis pasirinkimas tiems, kurie vertina auk\u0161t\u0105 kokyb\u0119. Pagaminta Lietuvoje &#8211; pagal auk\u0161\u010diausius standartus.<\/p>\n","protected":false},"featured_media":1036938,"template":"","meta":{"site-sidebar-layout":"default","site-content-layout":"","ast-site-content-layout":"default","site-content-style":"default","site-sidebar-style":"default","ast-global-header-display":"","ast-banner-title-visibility":"","ast-main-header-display":"","ast-hfb-above-header-display":"","ast-hfb-below-header-display":"","ast-hfb-mobile-header-display":"","site-post-title":"","ast-breadcrumbs-content":"","ast-featured-img":"","footer-sml-layout":"","ast-disable-related-posts":"","theme-transparent-header-meta":"default","adv-header-id-meta":"","stick-header-meta":"","header-above-stick-meta":"","header-main-stick-meta":"","header-below-stick-meta":"","astra-migrate-meta-layouts":"set","ast-page-background-enabled":"default","ast-page-background-meta":{"desktop":{"background-color":"var(--ast-global-color-4)","background-image":"","background-repeat":"repeat","background-position":"center center","background-size":"auto","background-attachment":"scroll","background-type":"","background-media":"","overlay-type":"","overlay-color":"","overlay-opacity":"","overlay-gradient":""},"tablet":{"background-color":"","background-image":"","background-repeat":"repeat","background-position":"center center","background-size":"auto","background-attachment":"scroll","background-type":"","background-media":"","overlay-type":"","overlay-color":"","overlay-opacity":"","overlay-gradient":""},"mobile":{"background-color":"","background-image":"","background-repeat":"repeat","background-position":"center center","background-size":"auto","background-attachment":"scroll","background-type":"","background-media":"","overlay-type":"","overlay-color":"","overlay-opacity":"","overlay-gradient":""}},"ast-content-background-meta":{"desktop":{"background-color":"var(--ast-global-color-5)","background-image":"","background-repeat":"repeat","background-position":"center center","background-size":"auto","background-attachment":"scroll","background-type":"","background-media":"","overlay-type":"","overlay-color":"","overlay-opacity":"","overlay-gradient":""},"tablet":{"background-color":"var(--ast-global-color-5)","background-image":"","background-repeat":"repeat","background-position":"center center","background-size":"auto","background-attachment":"scroll","background-type":"","background-media":"","overlay-type":"","overlay-color":"","overlay-opacity":"","overlay-gradient":""},"mobile":{"background-color":"var(--ast-global-color-5)","background-image":"","background-repeat":"repeat","background-position":"center center","background-size":"auto","background-attachment":"scroll","background-type":"","background-media":"","overlay-type":"","overlay-color":"","overlay-opacity":"","overlay-gradient":""}}},"product_brand":[],"product_cat":[2895,2889,3087,3138,3045,3797,3747,2896,2883,2890,2884,2885,2886,3075,2891,2899,3088,3837,2902,3057,2904,3121,2901,2888,3099,3143,3118,2900,2961,3089,3942,2893,3140,3142,3738,3792,3095],"product_tag":[],"class_list":{"0":"post-1036863","1":"product","2":"type-product","3":"status-publish","4":"has-post-thumbnail","6":"product_cat-white-gold-diamond-bands","7":"product_cat-white-gold-jewelry","8":"product_cat-white-gold-engagement-rings","9":"product_cat-white-gold-wedding-rings","10":"product_cat-diamond-band-around-the-entire-ring","11":"product_cat-diamond-band-with-diamonds","12":"product_cat-diamond-band-with-lab-grown-diamonds","13":"product_cat-diamond-strips","14":"product_cat-birthday-gifts","15":"product_cat-graduation-gifts","16":"product_cat-gifts-for-women","17":"product_cat-gifts-for-the-birth-of-a-child","18":"product_cat-wedding-anniversary-gifts","19":"product_cat-wedding-gifts","20":"product_cat-gifts-for-special-occasions","21":"product_cat-yellow-gold-diamond-bands","22":"product_cat-yellow-gold-engagement-rings","23":"product_cat-yellow-gold-wedding-rings","24":"product_cat-jeweler","25":"product_cat-jewelry","26":"product_cat-jewelry-for-women","27":"product_cat-lab-grown-diamond-jewelry","28":"product_cat-jewelry-manufacturing","29":"product_cat-christmas-gifts","30":"product_cat-modern-engagement-rings","31":"product_cat-modern-wedding-rings","32":"product_cat-womens-wedding-rings","33":"product_cat-rose-gold-diamond-bands","34":"product_cat-rose-gold-jewelry","35":"product_cat-rose-gold-engagement-rings","36":"product_cat-rose-gold-wedding-rings","37":"product_cat-valentines-day-gifts","38":"product_cat-wedding-rings","39":"product_cat-diamond-wedding-rings","40":"product_cat-wedding-rings-with-lab-grown-diamonds-lab-grown-diamonds","41":"product_cat-wedding-ring-production","42":"product_cat-diamond-rings","43":"desktop-align-center","44":"tablet-align-left","45":"mobile-align-left","46":"ast-product-gallery-layout-horizontal-slider","47":"ast-product-single-variable","48":"ast-product-tabs-layout-accordion","49":"ast-qv-on-image","51":"first","52":"instock","53":"taxable","54":"shipping-taxable","55":"purchasable","56":"product-type-variable","57":"has-default-attributes"},"yoast_head":"<!-- This site is optimized with the Yoast SEO plugin v26.6 - https:\/\/yoast.com\/wordpress\/plugins\/seo\/ -->\n<title>Deimantin\u0117 juostel\u0117 su laboratoriniais marquise ir round deimantais<\/title>\n<meta name=\"description\" content=\"Deimantin\u0117 juostel\u0117 su laboratoriniais markiz\u0117s ir apvalios formos deimantais (24 Marquise). I\u0161skirtinis pasirinkimas tiems, kurie vertina auk\u0161t\u0105 kokyb\u0119.\" \/>\n<meta name=\"robots\" content=\"index, follow, max-snippet:-1, max-image-preview:large, max-video-preview:-1\" \/>\n<link rel=\"canonical\" href=\"https:\/\/fashiongold.lt\/pl\/papuosalas\/deimantine-juostele-su-laboratoriniais-24-marquise-round-7-36-karatai\/\" \/>\n<meta property=\"og:locale\" content=\"pl_PL\" \/>\n<meta property=\"og:type\" content=\"article\" \/>\n<meta property=\"og:title\" content=\"Deimantin\u0117 juostel\u0117 su laboratoriniais marquise ir round deimantais\" \/>\n<meta property=\"og:description\" content=\"Deimantin\u0117 juostel\u0117 su laboratoriniais markiz\u0117s ir apvalios formos deimantais (24 Marquise). I\u0161skirtinis pasirinkimas tiems, kurie vertina auk\u0161t\u0105 kokyb\u0119.\" \/>\n<meta property=\"og:url\" content=\"https:\/\/fashiongold.lt\/pl\/papuosalas\/deimantine-juostele-su-laboratoriniais-24-marquise-round-7-36-karatai\/\" \/>\n<meta property=\"og:site_name\" content=\"FashionGold.lt\" \/>\n<meta property=\"article:modified_time\" content=\"2026-03-28T12:56:04+00:00\" \/>\n<meta property=\"og:image\" content=\"https:\/\/fashiongold.lt\/wp-content\/uploads\/2026\/03\/Deimantine-juostele-su-laboratoriniais-24-MarquiseRound-7.36-karatai-.webp\" \/>\n\t<meta property=\"og:image:width\" content=\"842\" \/>\n\t<meta property=\"og:image:height\" content=\"632\" \/>\n\t<meta property=\"og:image:type\" content=\"image\/png\" \/>\n<meta name=\"twitter:card\" content=\"summary_large_image\" \/>\n<meta name=\"twitter:label1\" content=\"Szacowany czas czytania\" \/>\n\t<meta name=\"twitter:data1\" content=\"1 minuta\" \/>\n<script type=\"application\/ld+json\" class=\"yoast-schema-graph\">{\"@context\":\"https:\/\/schema.org\",\"@graph\":[{\"@type\":\"WebPage\",\"@id\":\"https:\/\/fashiongold.lt\/pl\/papuosalas\/deimantine-juostele-su-laboratoriniais-24-marquise-round-7-36-karatai\/\",\"url\":\"https:\/\/fashiongold.lt\/pl\/papuosalas\/deimantine-juostele-su-laboratoriniais-24-marquise-round-7-36-karatai\/\",\"name\":\"Deimantin\u0117 juostel\u0117 su laboratoriniais marquise ir round deimantais\",\"isPartOf\":{\"@id\":\"https:\/\/fashiongold.lt\/pl\/#website\"},\"primaryImageOfPage\":{\"@id\":\"https:\/\/fashiongold.lt\/pl\/papuosalas\/deimantine-juostele-su-laboratoriniais-24-marquise-round-7-36-karatai\/#primaryimage\"},\"image\":{\"@id\":\"https:\/\/fashiongold.lt\/pl\/papuosalas\/deimantine-juostele-su-laboratoriniais-24-marquise-round-7-36-karatai\/#primaryimage\"},\"thumbnailUrl\":\"https:\/\/fashiongold.lt\/wp-content\/uploads\/2026\/03\/Deimantine-juostele-su-laboratoriniais-24-MarquiseRound-7.36-karatai-.png\",\"datePublished\":\"2026-03-28T12:03:02+00:00\",\"dateModified\":\"2026-03-28T12:56:04+00:00\",\"description\":\"Deimantin\u0117 juostel\u0117 su laboratoriniais markiz\u0117s ir apvalios formos deimantais (24 Marquise). I\u0161skirtinis pasirinkimas tiems, kurie vertina auk\u0161t\u0105 kokyb\u0119.\",\"breadcrumb\":{\"@id\":\"https:\/\/fashiongold.lt\/pl\/papuosalas\/deimantine-juostele-su-laboratoriniais-24-marquise-round-7-36-karatai\/#breadcrumb\"},\"inLanguage\":\"pl-PL\",\"potentialAction\":[{\"@type\":\"ReadAction\",\"target\":[\"https:\/\/fashiongold.lt\/pl\/papuosalas\/deimantine-juostele-su-laboratoriniais-24-marquise-round-7-36-karatai\/\"]}]},{\"@type\":\"ImageObject\",\"inLanguage\":\"pl-PL\",\"@id\":\"https:\/\/fashiongold.lt\/pl\/papuosalas\/deimantine-juostele-su-laboratoriniais-24-marquise-round-7-36-karatai\/#primaryimage\",\"url\":\"https:\/\/fashiongold.lt\/wp-content\/uploads\/2026\/03\/Deimantine-juostele-su-laboratoriniais-24-MarquiseRound-7.36-karatai-.png\",\"contentUrl\":\"https:\/\/fashiongold.lt\/wp-content\/uploads\/2026\/03\/Deimantine-juostele-su-laboratoriniais-24-MarquiseRound-7.36-karatai-.png\",\"width\":842,\"height\":632,\"caption\":\"\u017diedas deimantin\u0117 juostel\u0117 su laboratoriniais 24 Marquise\/Round 7.36 karatai\"},{\"@type\":\"BreadcrumbList\",\"@id\":\"https:\/\/fashiongold.lt\/pl\/papuosalas\/deimantine-juostele-su-laboratoriniais-24-marquise-round-7-36-karatai\/#breadcrumb\",\"itemListElement\":[{\"@type\":\"ListItem\",\"position\":1,\"name\":\"Home\",\"item\":\"https:\/\/fashiongold.lt\/pl\/\"},{\"@type\":\"ListItem\",\"position\":2,\"name\":\"Sklep z diamentami Fashiongold.lt\",\"item\":\"https:\/\/fashiongold.lt\/shop-2\/\"},{\"@type\":\"ListItem\",\"position\":3,\"name\":\"Deimantin\u0117 juostel\u0117 su laboratoriniais 24 Marquise &#038; Round 7.36 karatai\"}]},{\"@type\":\"WebSite\",\"@id\":\"https:\/\/fashiongold.lt\/pl\/#website\",\"url\":\"https:\/\/fashiongold.lt\/pl\/\",\"name\":\"Fashion Gold\",\"description\":\"Juvelyrikos namai\",\"publisher\":{\"@id\":\"https:\/\/fashiongold.lt\/pl\/#organization\"},\"potentialAction\":[{\"@type\":\"SearchAction\",\"target\":{\"@type\":\"EntryPoint\",\"urlTemplate\":\"https:\/\/fashiongold.lt\/pl\/?s={search_term_string}\"},\"query-input\":{\"@type\":\"PropertyValueSpecification\",\"valueRequired\":true,\"valueName\":\"search_term_string\"}}],\"inLanguage\":\"pl-PL\"},{\"@type\":\"Organization\",\"@id\":\"https:\/\/fashiongold.lt\/pl\/#organization\",\"name\":\"Topdiamonds Online\",\"url\":\"https:\/\/fashiongold.lt\/pl\/\",\"logo\":{\"@type\":\"ImageObject\",\"inLanguage\":\"pl-PL\",\"@id\":\"https:\/\/fashiongold.lt\/pl\/#\/schema\/logo\/image\/\",\"url\":\"https:\/\/fashiongold.lt\/wp-content\/uploads\/2025\/04\/cropped-fashion_gold_logotipas2-scaled-1.png\",\"contentUrl\":\"https:\/\/fashiongold.lt\/wp-content\/uploads\/2025\/04\/cropped-fashion_gold_logotipas2-scaled-1.png\",\"width\":2559,\"height\":421,\"caption\":\"Topdiamonds Online\"},\"image\":{\"@id\":\"https:\/\/fashiongold.lt\/pl\/#\/schema\/logo\/image\/\"}}]}<\/script>\n<!-- \/ Yoast SEO plugin. -->","yoast_head_json":{"title":"Deimantin\u0117 juostel\u0117 su laboratoriniais marquise ir round deimantais","description":"Deimantin\u0117 juostel\u0117 su laboratoriniais markiz\u0117s ir apvalios formos deimantais (24 Marquise). I\u0161skirtinis pasirinkimas tiems, kurie vertina auk\u0161t\u0105 kokyb\u0119.","robots":{"index":"index","follow":"follow","max-snippet":"max-snippet:-1","max-image-preview":"max-image-preview:large","max-video-preview":"max-video-preview:-1"},"canonical":"https:\/\/fashiongold.lt\/pl\/papuosalas\/deimantine-juostele-su-laboratoriniais-24-marquise-round-7-36-karatai\/","og_locale":"pl_PL","og_type":"article","og_title":"Deimantin\u0117 juostel\u0117 su laboratoriniais marquise ir round deimantais","og_description":"Deimantin\u0117 juostel\u0117 su laboratoriniais markiz\u0117s ir apvalios formos deimantais (24 Marquise). I\u0161skirtinis pasirinkimas tiems, kurie vertina auk\u0161t\u0105 kokyb\u0119.","og_url":"https:\/\/fashiongold.lt\/pl\/papuosalas\/deimantine-juostele-su-laboratoriniais-24-marquise-round-7-36-karatai\/","og_site_name":"FashionGold.lt","article_modified_time":"2026-03-28T12:56:04+00:00","og_image":[{"width":842,"height":632,"url":"https:\/\/fashiongold.lt\/wp-content\/uploads\/2026\/03\/Deimantine-juostele-su-laboratoriniais-24-MarquiseRound-7.36-karatai-.webp","type":"image\/png"}],"twitter_card":"summary_large_image","twitter_misc":{"Szacowany czas czytania":"1 minuta"},"schema":{"@context":"https:\/\/schema.org","@graph":[{"@type":"WebPage","@id":"https:\/\/fashiongold.lt\/pl\/papuosalas\/deimantine-juostele-su-laboratoriniais-24-marquise-round-7-36-karatai\/","url":"https:\/\/fashiongold.lt\/pl\/papuosalas\/deimantine-juostele-su-laboratoriniais-24-marquise-round-7-36-karatai\/","name":"Deimantin\u0117 juostel\u0117 su laboratoriniais marquise ir round deimantais","isPartOf":{"@id":"https:\/\/fashiongold.lt\/pl\/#website"},"primaryImageOfPage":{"@id":"https:\/\/fashiongold.lt\/pl\/papuosalas\/deimantine-juostele-su-laboratoriniais-24-marquise-round-7-36-karatai\/#primaryimage"},"image":{"@id":"https:\/\/fashiongold.lt\/pl\/papuosalas\/deimantine-juostele-su-laboratoriniais-24-marquise-round-7-36-karatai\/#primaryimage"},"thumbnailUrl":"https:\/\/fashiongold.lt\/wp-content\/uploads\/2026\/03\/Deimantine-juostele-su-laboratoriniais-24-MarquiseRound-7.36-karatai-.png","datePublished":"2026-03-28T12:03:02+00:00","dateModified":"2026-03-28T12:56:04+00:00","description":"Deimantin\u0117 juostel\u0117 su laboratoriniais markiz\u0117s ir apvalios formos deimantais (24 Marquise). I\u0161skirtinis pasirinkimas tiems, kurie vertina auk\u0161t\u0105 kokyb\u0119.","breadcrumb":{"@id":"https:\/\/fashiongold.lt\/pl\/papuosalas\/deimantine-juostele-su-laboratoriniais-24-marquise-round-7-36-karatai\/#breadcrumb"},"inLanguage":"pl-PL","potentialAction":[{"@type":"ReadAction","target":["https:\/\/fashiongold.lt\/pl\/papuosalas\/deimantine-juostele-su-laboratoriniais-24-marquise-round-7-36-karatai\/"]}]},{"@type":"ImageObject","inLanguage":"pl-PL","@id":"https:\/\/fashiongold.lt\/pl\/papuosalas\/deimantine-juostele-su-laboratoriniais-24-marquise-round-7-36-karatai\/#primaryimage","url":"https:\/\/fashiongold.lt\/wp-content\/uploads\/2026\/03\/Deimantine-juostele-su-laboratoriniais-24-MarquiseRound-7.36-karatai-.png","contentUrl":"https:\/\/fashiongold.lt\/wp-content\/uploads\/2026\/03\/Deimantine-juostele-su-laboratoriniais-24-MarquiseRound-7.36-karatai-.png","width":842,"height":632,"caption":"\u017diedas deimantin\u0117 juostel\u0117 su laboratoriniais 24 Marquise\/Round 7.36 karatai"},{"@type":"BreadcrumbList","@id":"https:\/\/fashiongold.lt\/pl\/papuosalas\/deimantine-juostele-su-laboratoriniais-24-marquise-round-7-36-karatai\/#breadcrumb","itemListElement":[{"@type":"ListItem","position":1,"name":"Home","item":"https:\/\/fashiongold.lt\/pl\/"},{"@type":"ListItem","position":2,"name":"Sklep z diamentami Fashiongold.lt","item":"https:\/\/fashiongold.lt\/shop-2\/"},{"@type":"ListItem","position":3,"name":"Deimantin\u0117 juostel\u0117 su laboratoriniais 24 Marquise &#038; Round 7.36 karatai"}]},{"@type":"WebSite","@id":"https:\/\/fashiongold.lt\/pl\/#website","url":"https:\/\/fashiongold.lt\/pl\/","name":"Fashion Gold","description":"Juvelyrikos namai","publisher":{"@id":"https:\/\/fashiongold.lt\/pl\/#organization"},"potentialAction":[{"@type":"SearchAction","target":{"@type":"EntryPoint","urlTemplate":"https:\/\/fashiongold.lt\/pl\/?s={search_term_string}"},"query-input":{"@type":"PropertyValueSpecification","valueRequired":true,"valueName":"search_term_string"}}],"inLanguage":"pl-PL"},{"@type":"Organization","@id":"https:\/\/fashiongold.lt\/pl\/#organization","name":"Topdiamonds Online","url":"https:\/\/fashiongold.lt\/pl\/","logo":{"@type":"ImageObject","inLanguage":"pl-PL","@id":"https:\/\/fashiongold.lt\/pl\/#\/schema\/logo\/image\/","url":"https:\/\/fashiongold.lt\/wp-content\/uploads\/2025\/04\/cropped-fashion_gold_logotipas2-scaled-1.png","contentUrl":"https:\/\/fashiongold.lt\/wp-content\/uploads\/2025\/04\/cropped-fashion_gold_logotipas2-scaled-1.png","width":2559,"height":421,"caption":"Topdiamonds Online"},"image":{"@id":"https:\/\/fashiongold.lt\/pl\/#\/schema\/logo\/image\/"}}]}},"_links":{"self":[{"href":"https:\/\/fashiongold.lt\/pl\/wp-json\/wp\/v2\/product\/1036863","targetHints":{"allow":["GET"]}}],"collection":[{"href":"https:\/\/fashiongold.lt\/pl\/wp-json\/wp\/v2\/product"}],"about":[{"href":"https:\/\/fashiongold.lt\/pl\/wp-json\/wp\/v2\/types\/product"}],"version-history":[{"count":0,"href":"https:\/\/fashiongold.lt\/pl\/wp-json\/wp\/v2\/product\/1036863\/revisions"}],"wp:featuredmedia":[{"embeddable":true,"href":"https:\/\/fashiongold.lt\/pl\/wp-json\/wp\/v2\/media\/1036938"}],"wp:attachment":[{"href":"https:\/\/fashiongold.lt\/pl\/wp-json\/wp\/v2\/media?parent=1036863"}],"wp:term":[{"taxonomy":"product_brand","embeddable":true,"href":"https:\/\/fashiongold.lt\/pl\/wp-json\/wp\/v2\/product_brand?post=1036863"},{"taxonomy":"product_cat","embeddable":true,"href":"https:\/\/fashiongold.lt\/pl\/wp-json\/wp\/v2\/product_cat?post=1036863"},{"taxonomy":"product_tag","embeddable":true,"href":"https:\/\/fashiongold.lt\/pl\/wp-json\/wp\/v2\/product_tag?post=1036863"}],"curies":[{"name":"wp","href":"https:\/\/api.w.org\/{rel}","templated":true}]}}