{"id":1041308,"date":"2026-03-30T06:42:55","date_gmt":"2026-03-30T06:42:55","guid":{"rendered":"https:\/\/fashiongold.lt\/?post_type=product&#038;p=1041308"},"modified":"2026-03-30T08:56:38","modified_gmt":"2026-03-30T08:56:38","slug":"zawieszka-z-diamentami-o-wzorze-halo-princess-0-45-ct-kopija-kopija-kopija-kopija-kopija-2","status":"publish","type":"product","link":"https:\/\/fashiongold.lt\/pl\/papuosalas\/zawieszka-z-diamentami-o-wzorze-halo-princess-0-45-ct-kopija-kopija-kopija-kopija-kopija-2\/","title":{"rendered":"Zawieszka z diamentami o wzorze Halo &#8211; Princess (0.45 ct) (Kopija) (Kopija) (Kopija) (Kopija) (Kopija)"},"content":{"rendered":"<p><span data-sheets-root=\"1\">N<\/span>asza bi\u017cuteria jest wytwarzana zgodnie z rygorystycznymi jubilerskimi standardami jako\u015bci, zapewniaj\u0105c precyzj\u0119 ka\u017cdego detalu. Za dodatkow\u0105 op\u0142at\u0105 istnieje mo\u017cliwo\u015b\u0107 wyboru diament\u00f3w o wy\u017cszej jako\u015bci, dostosowanych do indywidualnego zam\u00f3wienia.<\/p>\n<p>&nbsp;<\/p>\n<p><span data-sheets-root=\"1\">\u2022 <a href=\"https:\/\/fashiongold.lt\/pl\/patarimai-pl\/proba-zlota-dla-zawieszki-jak-wybrac-odpowiednia\/\" target=\"_blank\" rel=\"noopener\"><strong>Metale szlachetne<\/strong><\/a>: 14K (pr\u00f3ba 585), 18K (pr\u00f3ba 750), platyna 900<br \/>\n\u2022 <a href=\"https:\/\/fashiongold.lt\/pl\/patarimai-pl\/zawieszki-i-kolor-zlota-jak-wybrac-biale-czerwone-czy-zolte-zloto\/\" target=\"_blank\" rel=\"noopener\"><strong>Opcje kolorystyczne z\u0142ota<\/strong><\/a>: bia\u0142e, czerwone, \u017c\u00f3\u0142te<br \/>\n<\/span><span data-sheets-root=\"1\">\u2022 Ca\u0142kowita<a href=\"https:\/\/fashiongold.lt\/pl\/patarimai-pl\/zlote-lancuszki-jakosc-waga-proba-kolor-zlota-i-dlugosc\/\" target=\"_blank\" rel=\"noopener\"><strong>\u00a0waga z\u0142ota<\/strong><\/a>: 2.00 g &#8211; 3.00 g<br \/>\n\u2022 <a href=\"https:\/\/fashiongold.lt\/pl\/patarimai-pl\/idealne-polaczenie-zawieszka-z-diamentem-i-odpowiednia-dlugosc-lancuszka\/\" target=\"_blank\" rel=\"noopener\"><strong>D\u0142ugo\u015b\u0107 \u0142a\u0144cuszka<\/strong><\/a>: 43-45 cm (regulowana)<br \/>\n\u2022 <a href=\"https:\/\/fashiongold.lt\/pl\/patarimai-pl\/zlote-zawieszki-z-diamentami-dlaczego-wymiary-decyduja-o-jakosci\/\" target=\"_blank\" rel=\"noopener\"><strong>\u015arednica<\/strong><strong>\u00a0korony zawieszki<\/strong><\/a>: oko\u0142o 3.75 mm<br \/>\n\u2022 <strong><a href=\"https:\/\/fashiongold.lt\/pl\/wszystko-o-pierscionkach-zareczynowych\/diament-inne-ksztalty-diamentu\/\" target=\"_blank\" rel=\"noopener\">Kszta\u0142t i szlif diament\u00f3w<\/a><\/strong>: Kszta\u0142t kwadratowy (<em>Princess cut<\/em>)<br \/>\n\u2022 <strong><a href=\"https:\/\/fashiongold.lt\/pl\/patarimai-pl\/diament-naturalny-laboratoryjny-czy-sztuczny-jak-wybrac-wlasciwie\/\" target=\"_blank\" rel=\"noopener\">Pochodzenie diament\u00f3w<\/a><\/strong>: Diamenty hodowane w laboratorium lub diamenty naturalne<br \/>\n\u2022 <a href=\"https:\/\/fashiongold.lt\/pl\/patarimai-pl\/diament-co-trzeba-wiedziec-przed-zakupem\/\" target=\"_blank\" rel=\"noopener\"><strong>Waga i charakterystyka diament\u00f3w<\/strong><\/a> (mo\u017cliwo\u015b\u0107 zmiany):<br \/>\nDiament hodowany w laboratorium (certyfikat IGI): diament 0.30 ct (kolor D-E, czysto\u015b\u0107 VVS)<br \/>\nDiament naturalny (certyfikat GIA): diament 0.30 ct (kolor G-I, czysto\u015b\u0107 SI)<br \/>\nW aureoli Halo: diamenty oko\u0142o 0.15 ct (mo\u017cliwo\u015b\u0107 zmiany)<br \/>\n\u2022 Ca\u0142kowita waga diament\u00f3w: 0.45 ct<br \/>\n<strong>Uwaga<\/strong>: przy zakupie zawieszki w stylu Halo mo\u017cliwa jest r\u00f3\u017cnica w ca\u0142kowitej wadze karatowej: 0.43 ct &#8211; 0.47 ct<br \/>\n\u2022 Bezp\u0142atny <strong><a href=\"https:\/\/fashiongold.lt\/pl\/wszystko-o-pierscionkach-zareczynowych\/pierscionki-zareczynowe-czy-mozna-wygrawerowac-pierscionek-detale-ktore-nadaja-twojemu-pierscionkowi-zareczynowemu-indywidualnego-charakteru\/\" target=\"_blank\" rel=\"noopener\">grawerunek<\/a><\/strong><br \/>\n\u2022 <a href=\"https:\/\/fashiongold.lt\/pl\/dostawa-i-zwroty\/\" target=\"_blank\" rel=\"noopener\"><strong>Termin produkcji i dostawy<\/strong><\/a>: oko\u0142o 14 dni roboczych, w trybie pilnym w ci\u0105gu 7 dni roboczych<br \/>\n\u2022 Jednorazowa bezp\u0142atna <a href=\"https:\/\/fashiongold.lt\/pl\/patarimai-pl\/zloty-lancuszek-bezplatna-zmiana-dlugosci-przy-zakupie-w-fashiongold-lt\/\" target=\"_blank\" rel=\"noopener\"><strong>zmiana d\u0142ugo\u015bci \u0142a\u0144cuszka<\/strong><\/a><br \/>\n<\/span><\/p>\n<p>&nbsp;<\/p>\n<p>Masz w\u0142asne z\u0142oto lub kamie\u0144 szlachetny? W takim przypadku cena b\u0119dzie ni\u017csza \u2013 zap\u0142acisz tylko za prac\u0119 jubilersk\u0105. Chcesz zmieni\u0107 kolor, wielko\u015b\u0107 lub czysto\u015b\u0107 diament\u00f3w? Wszystko dostosujemy do Twoich potrzeb.<br data-start=\"317\" data-end=\"320\" \/><strong><a href=\"https:\/\/fashiongold.lt\/pl\/kontakt\/\" target=\"_blank\" rel=\"noopener\">Skontaktuj si\u0119 <\/a><\/strong>z nami \u2013 pomo\u017cemy Ci stworzy\u0107 bi\u017cuteri\u0119 odzwierciedlaj\u0105c\u0105 Tw\u00f3j styl. <em data-start=\"396\" data-end=\"409\">FashionGold<\/em> \u2013 od subtelnej klasyki po wyrazisty luksus.<\/p>\n","protected":false},"excerpt":{"rendered":"<div class=\"flex max-w-full flex-col grow\">\n<div class=\"min-h-8 text-message relative flex w-full flex-col items-end gap-2 text-start break-words whitespace-normal [.text-message+&amp;]:mt-5\" dir=\"auto\" data-message-author-role=\"assistant\" data-message-id=\"5c71cca1-97a8-4be4-98f8-ae3b265b8ca4\" data-message-model-slug=\"gpt-4o\">\n<div class=\"flex w-full flex-col gap-1 empty:hidden first:pt-[3px]\">\n<div class=\"markdown prose dark:prose-invert w-full break-words dark\">\n<article class=\"text-token-text-primary w-full\" dir=\"auto\" data-testid=\"conversation-turn-16\" data-scroll-anchor=\"true\">\n<div class=\"text-base my-auto mx-auto py-5 [--thread-content-margin:--spacing(4)] @[37rem]:[--thread-content-margin:--spacing(6)] @[72rem]:[--thread-content-margin:--spacing(16)] px-(--thread-content-margin)\">\n<div class=\"[--thread-content-max-width:32rem] @[34rem]:[--thread-content-max-width:40rem] @[64rem]:[--thread-content-max-width:48rem] mx-auto flex max-w-(--thread-content-max-width) flex-1 text-base gap-4 md:gap-5 lg:gap-6 group\/turn-messages focus-visible:outline-hidden\" tabindex=\"-1\">\n<div class=\"group\/conversation-turn relative flex w-full min-w-0 flex-col agent-turn\">\n<div class=\"relative flex-col gap-1 md:gap-3\">\n<div class=\"flex max-w-full flex-col grow\">\n<div class=\"min-h-8 text-message relative flex w-full flex-col items-end gap-2 text-start break-words whitespace-normal [.text-message+&amp;]:mt-5\" dir=\"auto\" data-message-author-role=\"assistant\" data-message-id=\"6b6bce92-f7da-4b83-b8a2-6a8f5061b6dd\" data-message-model-slug=\"gpt-4o\">\n<div class=\"flex w-full flex-col gap-1 empty:hidden first:pt-[3px]\">\n<div class=\"markdown prose dark:prose-invert w-full break-words dark\">\n<h2 data-start=\"838\" data-end=\"934\">Zawieszka z diamentami w stylu Halo \u2013 po\u0142\u0105czenie minimalistycznej elegancji i blasku<\/h2>\n<p data-start=\"936\" data-end=\"1269\">W centrum tej zawieszki z diamentami w oprawie Halo l\u015bni diament o szlifie <em>Princess<\/em>, zachwycaj\u0105cy swoimi wyra\u017anymi liniami i nieskazitelnym blaskiem. Mniejsze diamenty rozmieszczone wok\u00f3\u0142 kamienia tworz\u0105 delikatn\u0105 aureol\u0119, kt\u00f3ra podkre\u015bla geometri\u0119 centralnego klejnotu. Wzornictwo jest wywa\u017cone \u2013 ani zbyt strojne, ani zbyt proste.<\/p>\n<h3 data-start=\"1271\" data-end=\"1360\">Diament o szlifie <em>Princess<\/em> \u2013 akcent ustrukturyzowanego pi\u0119kna i subtelnego blasku<\/h3>\n<p data-start=\"1362\" data-end=\"1578\">Diament o kwadratowym kszta\u0142cie tworzy symetryczn\u0105 gr\u0119 \u015bwiat\u0142a. To zawieszka, kt\u00f3ra pasuje zar\u00f3wno do klasycznego stroju, jak i codziennej estetyki \u2013 niczym cichy symbol luksusu, kt\u00f3ry zawsze wygl\u0105da stylowo.<\/p>\n<\/div>\n<\/div>\n<\/div>\n<\/div>\n<\/div>\n<\/div>\n<\/div>\n<\/div>\n<\/article>\n<\/div>\n<\/div>\n<\/div>\n<\/div>\n","protected":false},"featured_media":1041219,"template":"","meta":{"site-sidebar-layout":"default","site-content-layout":"","ast-site-content-layout":"default","site-content-style":"default","site-sidebar-style":"default","ast-global-header-display":"","ast-banner-title-visibility":"","ast-main-header-display":"","ast-hfb-above-header-display":"","ast-hfb-below-header-display":"","ast-hfb-mobile-header-display":"","site-post-title":"","ast-breadcrumbs-content":"","ast-featured-img":"","footer-sml-layout":"","ast-disable-related-posts":"","theme-transparent-header-meta":"default","adv-header-id-meta":"","stick-header-meta":"","header-above-stick-meta":"","header-main-stick-meta":"","header-below-stick-meta":"","astra-migrate-meta-layouts":"set","ast-page-background-enabled":"default","ast-page-background-meta":{"desktop":{"background-color":"var(--ast-global-color-4)","background-image":"","background-repeat":"repeat","background-position":"center center","background-size":"auto","background-attachment":"scroll","background-type":"","background-media":"","overlay-type":"","overlay-color":"","overlay-opacity":"","overlay-gradient":""},"tablet":{"background-color":"","background-image":"","background-repeat":"repeat","background-position":"center center","background-size":"auto","background-attachment":"scroll","background-type":"","background-media":"","overlay-type":"","overlay-color":"","overlay-opacity":"","overlay-gradient":""},"mobile":{"background-color":"","background-image":"","background-repeat":"repeat","background-position":"center center","background-size":"auto","background-attachment":"scroll","background-type":"","background-media":"","overlay-type":"","overlay-color":"","overlay-opacity":"","overlay-gradient":""}},"ast-content-background-meta":{"desktop":{"background-color":"var(--ast-global-color-5)","background-image":"","background-repeat":"repeat","background-position":"center center","background-size":"auto","background-attachment":"scroll","background-type":"","background-media":"","overlay-type":"","overlay-color":"","overlay-opacity":"","overlay-gradient":""},"tablet":{"background-color":"var(--ast-global-color-5)","background-image":"","background-repeat":"repeat","background-position":"center center","background-size":"auto","background-attachment":"scroll","background-type":"","background-media":"","overlay-type":"","overlay-color":"","overlay-opacity":"","overlay-gradient":""},"mobile":{"background-color":"var(--ast-global-color-5)","background-image":"","background-repeat":"repeat","background-position":"center center","background-size":"auto","background-attachment":"scroll","background-type":"","background-media":"","overlay-type":"","overlay-color":"","overlay-opacity":"","overlay-gradient":""}}},"product_brand":[],"product_cat":[3044,2871,2870,2973,2861,3262,3353,3263,3059,2853,2856,2875,2876,2860,2857,2854,2855,3169,2859,2852],"product_tag":[],"class_list":{"0":"post-1041308","1":"product","2":"type-product","3":"status-publish","4":"has-post-thumbnail","6":"product_cat-bizuteria","7":"product_cat-bizuteria-dla-kobiet","8":"product_cat-bizuteria-meska","9":"product_cat-bizuteria-z-czerwonego-zlota","10":"product_cat-bizuteria-z-zoltego-zlota","11":"product_cat-lancuszek-meski","12":"product_cat-lancuszek-z-diamentem","13":"product_cat-lancuszki-z-diamentami","14":"product_cat-naszyjnik-z-zawieszka-w-stylu-halo","15":"product_cat-prezenty-dla-kobiet","16":"product_cat-prezenty-dla-mezczyzn","17":"product_cat-prezenty-na-dzien-matki","18":"product_cat-prezenty-na-walentynki","19":"product_cat-prezenty-na-wyjatkowe-okazje","20":"product_cat-prezenty-swiateczne","21":"product_cat-prezenty-z-okazji-narodzin-dziecka","22":"product_cat-prezenty-z-okazji-rocznicy-slubu","23":"product_cat-prezenty-z-okazji-slubu","24":"product_cat-prezenty-z-okazji-ukonczenia-szkoly","25":"product_cat-prezenty-z-okazji-urodzin","26":"desktop-align-center","27":"tablet-align-left","28":"mobile-align-left","29":"ast-product-gallery-layout-horizontal-slider","30":"ast-product-single-variable","31":"ast-product-tabs-layout-accordion","32":"ast-qv-on-image","34":"first","35":"instock","36":"taxable","37":"shipping-taxable","38":"purchasable","39":"product-type-variable"},"yoast_head":"<!-- This site is optimized with the Yoast SEO plugin v26.6 - https:\/\/yoast.com\/wordpress\/plugins\/seo\/ -->\n<title>Zawieszka Halo z diamentami - Princess (0.45 ct)<\/title>\n<meta name=\"description\" content=\"0,45 ct wisiorek z diamentami o wzorze Halo \u2013 kamie\u0144 o kwadratowym kszta\u0142cie, wyj\u0105tkowy wyb\u00f3r do codziennego stylu z nutk\u0105 luksusu.\" \/>\n<meta name=\"robots\" content=\"index, follow, max-snippet:-1, max-image-preview:large, max-video-preview:-1\" \/>\n<link rel=\"canonical\" href=\"https:\/\/fashiongold.lt\/pl\/papuosalas\/zawieszka-z-diamentami-o-wzorze-halo-princess-0-45-ct-kopija-kopija-kopija-kopija-kopija-2\/\" \/>\n<meta property=\"og:locale\" content=\"pl_PL\" \/>\n<meta property=\"og:type\" content=\"article\" \/>\n<meta property=\"og:title\" content=\"Zawieszka Halo z diamentami - Princess (0.45 ct)\" \/>\n<meta property=\"og:description\" content=\"0,45 ct wisiorek z diamentami o wzorze Halo \u2013 kamie\u0144 o kwadratowym kszta\u0142cie, wyj\u0105tkowy wyb\u00f3r do codziennego stylu z nutk\u0105 luksusu.\" \/>\n<meta property=\"og:url\" content=\"https:\/\/fashiongold.lt\/pl\/papuosalas\/zawieszka-z-diamentami-o-wzorze-halo-princess-0-45-ct-kopija-kopija-kopija-kopija-kopija-2\/\" \/>\n<meta property=\"og:site_name\" content=\"FashionGold.lt\" \/>\n<meta property=\"article:modified_time\" content=\"2026-03-30T08:56:38+00:00\" \/>\n<meta property=\"og:image\" content=\"https:\/\/fashiongold.lt\/wp-content\/uploads\/2026\/03\/Grandinele-su-deimantais-Tennis-kolje-balto-aukso-11.76-ct-1024x974.png\" \/>\n\t<meta property=\"og:image:width\" content=\"1024\" \/>\n\t<meta property=\"og:image:height\" content=\"974\" \/>\n\t<meta property=\"og:image:type\" content=\"image\/png\" \/>\n<meta name=\"twitter:card\" content=\"summary_large_image\" \/>\n<meta name=\"twitter:label1\" content=\"Szacowany czas czytania\" \/>\n\t<meta name=\"twitter:data1\" content=\"1 minuta\" \/>\n<script type=\"application\/ld+json\" class=\"yoast-schema-graph\">{\"@context\":\"https:\/\/schema.org\",\"@graph\":[{\"@type\":\"WebPage\",\"@id\":\"https:\/\/fashiongold.lt\/pl\/papuosalas\/zawieszka-z-diamentami-o-wzorze-halo-princess-0-45-ct-kopija-kopija-kopija-kopija-kopija-2\/\",\"url\":\"https:\/\/fashiongold.lt\/pl\/papuosalas\/zawieszka-z-diamentami-o-wzorze-halo-princess-0-45-ct-kopija-kopija-kopija-kopija-kopija-2\/\",\"name\":\"Zawieszka Halo z diamentami - Princess (0.45 ct)\",\"isPartOf\":{\"@id\":\"https:\/\/fashiongold.lt\/pl\/#website\"},\"primaryImageOfPage\":{\"@id\":\"https:\/\/fashiongold.lt\/pl\/papuosalas\/zawieszka-z-diamentami-o-wzorze-halo-princess-0-45-ct-kopija-kopija-kopija-kopija-kopija-2\/#primaryimage\"},\"image\":{\"@id\":\"https:\/\/fashiongold.lt\/pl\/papuosalas\/zawieszka-z-diamentami-o-wzorze-halo-princess-0-45-ct-kopija-kopija-kopija-kopija-kopija-2\/#primaryimage\"},\"thumbnailUrl\":\"https:\/\/fashiongold.lt\/wp-content\/uploads\/2026\/03\/Grandinele-su-deimantais-Tennis-kolje-balto-aukso-11.76-ct.png\",\"datePublished\":\"2026-03-30T06:42:55+00:00\",\"dateModified\":\"2026-03-30T08:56:38+00:00\",\"description\":\"0,45 ct wisiorek z diamentami o wzorze Halo \u2013 kamie\u0144 o kwadratowym kszta\u0142cie, wyj\u0105tkowy wyb\u00f3r do codziennego stylu z nutk\u0105 luksusu.\",\"breadcrumb\":{\"@id\":\"https:\/\/fashiongold.lt\/pl\/papuosalas\/zawieszka-z-diamentami-o-wzorze-halo-princess-0-45-ct-kopija-kopija-kopija-kopija-kopija-2\/#breadcrumb\"},\"inLanguage\":\"pl-PL\",\"potentialAction\":[{\"@type\":\"ReadAction\",\"target\":[\"https:\/\/fashiongold.lt\/pl\/papuosalas\/zawieszka-z-diamentami-o-wzorze-halo-princess-0-45-ct-kopija-kopija-kopija-kopija-kopija-2\/\"]}]},{\"@type\":\"ImageObject\",\"inLanguage\":\"pl-PL\",\"@id\":\"https:\/\/fashiongold.lt\/pl\/papuosalas\/zawieszka-z-diamentami-o-wzorze-halo-princess-0-45-ct-kopija-kopija-kopija-kopija-kopija-2\/#primaryimage\",\"url\":\"https:\/\/fashiongold.lt\/wp-content\/uploads\/2026\/03\/Grandinele-su-deimantais-Tennis-kolje-balto-aukso-11.76-ct.png\",\"contentUrl\":\"https:\/\/fashiongold.lt\/wp-content\/uploads\/2026\/03\/Grandinele-su-deimantais-Tennis-kolje-balto-aukso-11.76-ct.png\",\"width\":2000,\"height\":1903,\"caption\":\"Grandin\u0117l\u0117 su deimantais - Tennis kolje balto aukso 11.76 ct\"},{\"@type\":\"BreadcrumbList\",\"@id\":\"https:\/\/fashiongold.lt\/pl\/papuosalas\/zawieszka-z-diamentami-o-wzorze-halo-princess-0-45-ct-kopija-kopija-kopija-kopija-kopija-2\/#breadcrumb\",\"itemListElement\":[{\"@type\":\"ListItem\",\"position\":1,\"name\":\"Home\",\"item\":\"https:\/\/fashiongold.lt\/pl\/\"},{\"@type\":\"ListItem\",\"position\":2,\"name\":\"Sklep z diamentami Fashiongold.lt\",\"item\":\"https:\/\/fashiongold.lt\/shop-2\/\"},{\"@type\":\"ListItem\",\"position\":3,\"name\":\"Zawieszka z diamentami o wzorze Halo &#8211; Princess (0.45 ct) (Kopija) (Kopija) (Kopija) (Kopija) (Kopija)\"}]},{\"@type\":\"WebSite\",\"@id\":\"https:\/\/fashiongold.lt\/pl\/#website\",\"url\":\"https:\/\/fashiongold.lt\/pl\/\",\"name\":\"Fashion Gold\",\"description\":\"Juvelyrikos namai\",\"publisher\":{\"@id\":\"https:\/\/fashiongold.lt\/pl\/#organization\"},\"potentialAction\":[{\"@type\":\"SearchAction\",\"target\":{\"@type\":\"EntryPoint\",\"urlTemplate\":\"https:\/\/fashiongold.lt\/pl\/?s={search_term_string}\"},\"query-input\":{\"@type\":\"PropertyValueSpecification\",\"valueRequired\":true,\"valueName\":\"search_term_string\"}}],\"inLanguage\":\"pl-PL\"},{\"@type\":\"Organization\",\"@id\":\"https:\/\/fashiongold.lt\/pl\/#organization\",\"name\":\"Topdiamonds Online\",\"url\":\"https:\/\/fashiongold.lt\/pl\/\",\"logo\":{\"@type\":\"ImageObject\",\"inLanguage\":\"pl-PL\",\"@id\":\"https:\/\/fashiongold.lt\/pl\/#\/schema\/logo\/image\/\",\"url\":\"https:\/\/fashiongold.lt\/wp-content\/uploads\/2025\/04\/cropped-fashion_gold_logotipas2-scaled-1.png\",\"contentUrl\":\"https:\/\/fashiongold.lt\/wp-content\/uploads\/2025\/04\/cropped-fashion_gold_logotipas2-scaled-1.png\",\"width\":2559,\"height\":421,\"caption\":\"Topdiamonds Online\"},\"image\":{\"@id\":\"https:\/\/fashiongold.lt\/pl\/#\/schema\/logo\/image\/\"}}]}<\/script>\n<!-- \/ Yoast SEO plugin. -->","yoast_head_json":{"title":"Zawieszka Halo z diamentami - Princess (0.45 ct)","description":"0,45 ct wisiorek z diamentami o wzorze Halo \u2013 kamie\u0144 o kwadratowym kszta\u0142cie, wyj\u0105tkowy wyb\u00f3r do codziennego stylu z nutk\u0105 luksusu.","robots":{"index":"index","follow":"follow","max-snippet":"max-snippet:-1","max-image-preview":"max-image-preview:large","max-video-preview":"max-video-preview:-1"},"canonical":"https:\/\/fashiongold.lt\/pl\/papuosalas\/zawieszka-z-diamentami-o-wzorze-halo-princess-0-45-ct-kopija-kopija-kopija-kopija-kopija-2\/","og_locale":"pl_PL","og_type":"article","og_title":"Zawieszka Halo z diamentami - Princess (0.45 ct)","og_description":"0,45 ct wisiorek z diamentami o wzorze Halo \u2013 kamie\u0144 o kwadratowym kszta\u0142cie, wyj\u0105tkowy wyb\u00f3r do codziennego stylu z nutk\u0105 luksusu.","og_url":"https:\/\/fashiongold.lt\/pl\/papuosalas\/zawieszka-z-diamentami-o-wzorze-halo-princess-0-45-ct-kopija-kopija-kopija-kopija-kopija-2\/","og_site_name":"FashionGold.lt","article_modified_time":"2026-03-30T08:56:38+00:00","og_image":[{"width":1024,"height":974,"url":"https:\/\/fashiongold.lt\/wp-content\/uploads\/2026\/03\/Grandinele-su-deimantais-Tennis-kolje-balto-aukso-11.76-ct-1024x974.png","type":"image\/png"}],"twitter_card":"summary_large_image","twitter_misc":{"Szacowany czas czytania":"1 minuta"},"schema":{"@context":"https:\/\/schema.org","@graph":[{"@type":"WebPage","@id":"https:\/\/fashiongold.lt\/pl\/papuosalas\/zawieszka-z-diamentami-o-wzorze-halo-princess-0-45-ct-kopija-kopija-kopija-kopija-kopija-2\/","url":"https:\/\/fashiongold.lt\/pl\/papuosalas\/zawieszka-z-diamentami-o-wzorze-halo-princess-0-45-ct-kopija-kopija-kopija-kopija-kopija-2\/","name":"Zawieszka Halo z diamentami - Princess (0.45 ct)","isPartOf":{"@id":"https:\/\/fashiongold.lt\/pl\/#website"},"primaryImageOfPage":{"@id":"https:\/\/fashiongold.lt\/pl\/papuosalas\/zawieszka-z-diamentami-o-wzorze-halo-princess-0-45-ct-kopija-kopija-kopija-kopija-kopija-2\/#primaryimage"},"image":{"@id":"https:\/\/fashiongold.lt\/pl\/papuosalas\/zawieszka-z-diamentami-o-wzorze-halo-princess-0-45-ct-kopija-kopija-kopija-kopija-kopija-2\/#primaryimage"},"thumbnailUrl":"https:\/\/fashiongold.lt\/wp-content\/uploads\/2026\/03\/Grandinele-su-deimantais-Tennis-kolje-balto-aukso-11.76-ct.png","datePublished":"2026-03-30T06:42:55+00:00","dateModified":"2026-03-30T08:56:38+00:00","description":"0,45 ct wisiorek z diamentami o wzorze Halo \u2013 kamie\u0144 o kwadratowym kszta\u0142cie, wyj\u0105tkowy wyb\u00f3r do codziennego stylu z nutk\u0105 luksusu.","breadcrumb":{"@id":"https:\/\/fashiongold.lt\/pl\/papuosalas\/zawieszka-z-diamentami-o-wzorze-halo-princess-0-45-ct-kopija-kopija-kopija-kopija-kopija-2\/#breadcrumb"},"inLanguage":"pl-PL","potentialAction":[{"@type":"ReadAction","target":["https:\/\/fashiongold.lt\/pl\/papuosalas\/zawieszka-z-diamentami-o-wzorze-halo-princess-0-45-ct-kopija-kopija-kopija-kopija-kopija-2\/"]}]},{"@type":"ImageObject","inLanguage":"pl-PL","@id":"https:\/\/fashiongold.lt\/pl\/papuosalas\/zawieszka-z-diamentami-o-wzorze-halo-princess-0-45-ct-kopija-kopija-kopija-kopija-kopija-2\/#primaryimage","url":"https:\/\/fashiongold.lt\/wp-content\/uploads\/2026\/03\/Grandinele-su-deimantais-Tennis-kolje-balto-aukso-11.76-ct.png","contentUrl":"https:\/\/fashiongold.lt\/wp-content\/uploads\/2026\/03\/Grandinele-su-deimantais-Tennis-kolje-balto-aukso-11.76-ct.png","width":2000,"height":1903,"caption":"Grandin\u0117l\u0117 su deimantais - Tennis kolje balto aukso 11.76 ct"},{"@type":"BreadcrumbList","@id":"https:\/\/fashiongold.lt\/pl\/papuosalas\/zawieszka-z-diamentami-o-wzorze-halo-princess-0-45-ct-kopija-kopija-kopija-kopija-kopija-2\/#breadcrumb","itemListElement":[{"@type":"ListItem","position":1,"name":"Home","item":"https:\/\/fashiongold.lt\/pl\/"},{"@type":"ListItem","position":2,"name":"Sklep z diamentami Fashiongold.lt","item":"https:\/\/fashiongold.lt\/shop-2\/"},{"@type":"ListItem","position":3,"name":"Zawieszka z diamentami o wzorze Halo &#8211; Princess (0.45 ct) (Kopija) (Kopija) (Kopija) (Kopija) (Kopija)"}]},{"@type":"WebSite","@id":"https:\/\/fashiongold.lt\/pl\/#website","url":"https:\/\/fashiongold.lt\/pl\/","name":"Fashion Gold","description":"Juvelyrikos namai","publisher":{"@id":"https:\/\/fashiongold.lt\/pl\/#organization"},"potentialAction":[{"@type":"SearchAction","target":{"@type":"EntryPoint","urlTemplate":"https:\/\/fashiongold.lt\/pl\/?s={search_term_string}"},"query-input":{"@type":"PropertyValueSpecification","valueRequired":true,"valueName":"search_term_string"}}],"inLanguage":"pl-PL"},{"@type":"Organization","@id":"https:\/\/fashiongold.lt\/pl\/#organization","name":"Topdiamonds Online","url":"https:\/\/fashiongold.lt\/pl\/","logo":{"@type":"ImageObject","inLanguage":"pl-PL","@id":"https:\/\/fashiongold.lt\/pl\/#\/schema\/logo\/image\/","url":"https:\/\/fashiongold.lt\/wp-content\/uploads\/2025\/04\/cropped-fashion_gold_logotipas2-scaled-1.png","contentUrl":"https:\/\/fashiongold.lt\/wp-content\/uploads\/2025\/04\/cropped-fashion_gold_logotipas2-scaled-1.png","width":2559,"height":421,"caption":"Topdiamonds Online"},"image":{"@id":"https:\/\/fashiongold.lt\/pl\/#\/schema\/logo\/image\/"}}]}},"_links":{"self":[{"href":"https:\/\/fashiongold.lt\/pl\/wp-json\/wp\/v2\/product\/1041308","targetHints":{"allow":["GET"]}}],"collection":[{"href":"https:\/\/fashiongold.lt\/pl\/wp-json\/wp\/v2\/product"}],"about":[{"href":"https:\/\/fashiongold.lt\/pl\/wp-json\/wp\/v2\/types\/product"}],"version-history":[{"count":1,"href":"https:\/\/fashiongold.lt\/pl\/wp-json\/wp\/v2\/product\/1041308\/revisions"}],"predecessor-version":[{"id":1041427,"href":"https:\/\/fashiongold.lt\/pl\/wp-json\/wp\/v2\/product\/1041308\/revisions\/1041427"}],"wp:featuredmedia":[{"embeddable":true,"href":"https:\/\/fashiongold.lt\/pl\/wp-json\/wp\/v2\/media\/1041219"}],"wp:attachment":[{"href":"https:\/\/fashiongold.lt\/pl\/wp-json\/wp\/v2\/media?parent=1041308"}],"wp:term":[{"taxonomy":"product_brand","embeddable":true,"href":"https:\/\/fashiongold.lt\/pl\/wp-json\/wp\/v2\/product_brand?post=1041308"},{"taxonomy":"product_cat","embeddable":true,"href":"https:\/\/fashiongold.lt\/pl\/wp-json\/wp\/v2\/product_cat?post=1041308"},{"taxonomy":"product_tag","embeddable":true,"href":"https:\/\/fashiongold.lt\/pl\/wp-json\/wp\/v2\/product_tag?post=1041308"}],"curies":[{"name":"wp","href":"https:\/\/api.w.org\/{rel}","templated":true}]}}