{"id":13433,"date":"2025-05-20T16:46:43","date_gmt":"2025-05-20T16:46:43","guid":{"rendered":"https:\/\/fashiongold.lt\/?post_type=product&#038;p=13433"},"modified":"2026-03-16T16:03:28","modified_gmt":"2026-03-16T16:03:28","slug":"klasikinis-ziedas-su-deimantu-radiant","status":"publish","type":"product","link":"https:\/\/fashiongold.lt\/pl\/papuosalas\/klasikinis-ziedas-su-deimantu-radiant\/","title":{"rendered":"Klasikinis \u017eiedas su deimantu &#8211; Radiant"},"content":{"rendered":"<p>\u0160is klasikinis \u017eiedas su deimantu suteikia galimyb\u0119 suformuoti papuo\u0161al\u0105 pagal savo vizij\u0105. Pirmiausia pasirenkamas metalas \u2013 geltonas, baltas ar raudonas auksas, arba platina. Toliau nustatomas norimas \u017eiedo dydis, o viso dizaino centre atsiranda <em>Radiant<\/em> pj\u016bvio deimantas. \u017dema kar\u016bn\u0117l\u0117 ir minimalistinis lankelis i\u0161ry\u0161kina \u0161io sta\u010diakamp\u0117s formos akmens geometrij\u0105, tod\u0117l jo spindesys tampa pagrindiniu papuo\u0161alo elementu. Galutin\u012f rezultat\u0105 lemia j\u016bs\u0173 pasirinktos deimanto savyb\u0117s \u2013 karati\u0161kumas, spalva, skaidrumas ir pj\u016bvis, kurie kartu sukuria harmoning\u0105, i\u0161skirtin\u012f k\u016brin\u012f.<\/p>\n<p><span data-sheets-root=\"1\">\u2022 <a href=\"https:\/\/fashiongold.lt\/ziedo-komforto-zona\/\" target=\"_blank\" rel=\"noopener\"><strong>\u017diedo komforto zona<\/strong><\/a>: yra<br \/>\n<\/span><span data-sheets-root=\"1\">\u2022 <a href=\"https:\/\/fashiongold.lt\/ziedo-svoris\/\" target=\"_blank\" rel=\"noopener\"><strong>\u017diedo svoris<\/strong><\/a>: apie 2.00 &#8211; 3.00 g (priklauso nuo dyd\u017eio)<br \/>\n\u2022 <a href=\"https:\/\/fashiongold.lt\/graviravimas\/\" target=\"_blank\" rel=\"noopener\"><strong>Graviravimas<\/strong><\/a> nemokamai<br \/>\n\u2022 Nemokamai taikoma vienkartin\u0117 <a href=\"https:\/\/fashiongold.lt\/ziedo-dydzio-keitimo-garantija\/\" target=\"_blank\" rel=\"noopener\"><strong>\u017eiedo dyd\u017eio keitimo garantija<\/strong><\/a><\/span><\/p>\n<p>Jeigu turite savo brangakmen\u012f ar nenaudojam\u0105 auks\u0105, galime j\u012f panaudoti kuriant nauj\u0105 papuo\u0161al\u0105. <span data-sheets-root=\"1\"><a href=\"https:\/\/fashiongold.lt\/kontaktai\/\" target=\"_blank\" rel=\"noopener\"><strong>Susisiekite<\/strong><\/a><\/span> su mumis \u2013 \u012fvertinsime med\u017eiagas ir apskai\u010diuosime papuo\u0161alo gamybos kain\u0105.<br data-start=\"567\" data-end=\"570\" \/><a href=\"https:\/\/fashiongold.lt\" target=\"_blank\" rel=\"noopener\">FashionGold.lt<\/a> rasite \u012fvairi\u0173 stili\u0173 juvelyrikos su deimantais kolekcijas bei galimyb\u0119 sukurti individual\u0173 papuo\u0161al\u0105 pagal savo estetin\u0119 vizij\u0105.<\/p>\n","protected":false},"excerpt":{"rendered":"<p>\u0160is klasikinis \u017eiedas su deimantu suteikia galimyb\u0119 suformuoti papuo\u0161al\u0105 pagal savo vizij\u0105. Pirmiausia pasirenkamas metalas \u2013 geltonas, baltas ar raudonas [&hellip;]<\/p>\n","protected":false},"featured_media":260749,"template":"","meta":{"site-sidebar-layout":"default","site-content-layout":"","ast-site-content-layout":"default","site-content-style":"default","site-sidebar-style":"default","ast-global-header-display":"","ast-banner-title-visibility":"","ast-main-header-display":"","ast-hfb-above-header-display":"","ast-hfb-below-header-display":"","ast-hfb-mobile-header-display":"","site-post-title":"","ast-breadcrumbs-content":"","ast-featured-img":"","footer-sml-layout":"","ast-disable-related-posts":"","theme-transparent-header-meta":"default","adv-header-id-meta":"","stick-header-meta":"","header-above-stick-meta":"","header-main-stick-meta":"","header-below-stick-meta":"","astra-migrate-meta-layouts":"set","ast-page-background-enabled":"default","ast-page-background-meta":{"desktop":{"background-color":"var(--ast-global-color-4)","background-image":"","background-repeat":"repeat","background-position":"center center","background-size":"auto","background-attachment":"scroll","background-type":"","background-media":"","overlay-type":"","overlay-color":"","overlay-opacity":"","overlay-gradient":""},"tablet":{"background-color":"","background-image":"","background-repeat":"repeat","background-position":"center center","background-size":"auto","background-attachment":"scroll","background-type":"","background-media":"","overlay-type":"","overlay-color":"","overlay-opacity":"","overlay-gradient":""},"mobile":{"background-color":"","background-image":"","background-repeat":"repeat","background-position":"center center","background-size":"auto","background-attachment":"scroll","background-type":"","background-media":"","overlay-type":"","overlay-color":"","overlay-opacity":"","overlay-gradient":""}},"ast-content-background-meta":{"desktop":{"background-color":"var(--ast-global-color-5)","background-image":"","background-repeat":"repeat","background-position":"center center","background-size":"auto","background-attachment":"scroll","background-type":"","background-media":"","overlay-type":"","overlay-color":"","overlay-opacity":"","overlay-gradient":""},"tablet":{"background-color":"var(--ast-global-color-5)","background-image":"","background-repeat":"repeat","background-position":"center center","background-size":"auto","background-attachment":"scroll","background-type":"","background-media":"","overlay-type":"","overlay-color":"","overlay-opacity":"","overlay-gradient":""},"mobile":{"background-color":"var(--ast-global-color-5)","background-image":"","background-repeat":"repeat","background-position":"center center","background-size":"auto","background-attachment":"scroll","background-type":"","background-media":"","overlay-type":"","overlay-color":"","overlay-opacity":"","overlay-gradient":""}}},"product_brand":[],"product_cat":[4117,4116],"product_tag":[],"class_list":{"0":"post-13433","1":"product","2":"type-product","3":"status-publish","4":"has-post-thumbnail","6":"product_cat-zacznij-od-projektu-pierscionka","7":"product_cat-stworz-wlasna-bizuterie","8":"desktop-align-center","9":"tablet-align-left","10":"mobile-align-left","11":"ast-product-gallery-layout-horizontal-slider","12":"ast-product-single-variable","13":"ast-product-tabs-layout-accordion","14":"ast-qv-on-image","16":"first","17":"instock","18":"sold-individually","19":"taxable","20":"shipping-taxable","21":"purchasable","22":"product-type-variable"},"yoast_head":"<!-- This site is optimized with the Yoast SEO plugin v26.6 - https:\/\/yoast.com\/wordpress\/plugins\/seo\/ -->\n<title>Klasikinis \u017eiedas su deimantu - Radiant<\/title>\n<meta name=\"description\" content=\"Klasikinis \u017eiedas su Radiant pj\u016bvio deimantu. Pasirink akmens savybes ir sukurk \u017eied\u0105, kuris atspind\u0117s tavo estetik\u0105 ir individual\u0173 stili\u0173.\" \/>\n<meta name=\"robots\" content=\"index, follow, max-snippet:-1, max-image-preview:large, max-video-preview:-1\" \/>\n<link rel=\"canonical\" href=\"https:\/\/fashiongold.lt\/pl\/papuosalas\/klasikinis-ziedas-su-deimantu-radiant\/\" \/>\n<meta property=\"og:locale\" content=\"pl_PL\" \/>\n<meta property=\"og:type\" content=\"article\" \/>\n<meta property=\"og:title\" content=\"Klasikinis \u017eiedas su deimantu - Radiant\" \/>\n<meta property=\"og:description\" content=\"Klasikinis \u017eiedas su Radiant pj\u016bvio deimantu. Pasirink akmens savybes ir sukurk \u017eied\u0105, kuris atspind\u0117s tavo estetik\u0105 ir individual\u0173 stili\u0173.\" \/>\n<meta property=\"og:url\" content=\"https:\/\/fashiongold.lt\/pl\/papuosalas\/klasikinis-ziedas-su-deimantu-radiant\/\" \/>\n<meta property=\"og:site_name\" content=\"FashionGold.lt\" \/>\n<meta property=\"article:modified_time\" content=\"2026-03-16T16:03:28+00:00\" \/>\n<meta property=\"og:image\" content=\"https:\/\/fashiongold.lt\/wp-content\/uploads\/2025\/05\/klasikinis-suzadetuviu-ziedas-su-Radiant-deimantu.webp\" \/>\n\t<meta property=\"og:image:width\" content=\"800\" \/>\n\t<meta property=\"og:image:height\" content=\"800\" \/>\n\t<meta property=\"og:image:type\" content=\"image\/png\" \/>\n<meta name=\"twitter:card\" content=\"summary_large_image\" \/>\n<meta name=\"twitter:label1\" content=\"Szacowany czas czytania\" \/>\n\t<meta name=\"twitter:data1\" content=\"1 minuta\" \/>\n<script type=\"application\/ld+json\" class=\"yoast-schema-graph\">{\"@context\":\"https:\/\/schema.org\",\"@graph\":[{\"@type\":\"WebPage\",\"@id\":\"https:\/\/fashiongold.lt\/pl\/papuosalas\/klasikinis-ziedas-su-deimantu-radiant\/\",\"url\":\"https:\/\/fashiongold.lt\/pl\/papuosalas\/klasikinis-ziedas-su-deimantu-radiant\/\",\"name\":\"Klasikinis \u017eiedas su deimantu - Radiant\",\"isPartOf\":{\"@id\":\"https:\/\/fashiongold.lt\/pl\/#website\"},\"primaryImageOfPage\":{\"@id\":\"https:\/\/fashiongold.lt\/pl\/papuosalas\/klasikinis-ziedas-su-deimantu-radiant\/#primaryimage\"},\"image\":{\"@id\":\"https:\/\/fashiongold.lt\/pl\/papuosalas\/klasikinis-ziedas-su-deimantu-radiant\/#primaryimage\"},\"thumbnailUrl\":\"https:\/\/fashiongold.lt\/wp-content\/uploads\/2025\/05\/klasikinis-suzadetuviu-ziedas-su-Radiant-deimantu.png\",\"datePublished\":\"2025-05-20T16:46:43+00:00\",\"dateModified\":\"2026-03-16T16:03:28+00:00\",\"description\":\"Klasikinis \u017eiedas su Radiant pj\u016bvio deimantu. Pasirink akmens savybes ir sukurk \u017eied\u0105, kuris atspind\u0117s tavo estetik\u0105 ir individual\u0173 stili\u0173.\",\"breadcrumb\":{\"@id\":\"https:\/\/fashiongold.lt\/pl\/papuosalas\/klasikinis-ziedas-su-deimantu-radiant\/#breadcrumb\"},\"inLanguage\":\"pl-PL\",\"potentialAction\":[{\"@type\":\"ReadAction\",\"target\":[\"https:\/\/fashiongold.lt\/pl\/papuosalas\/klasikinis-ziedas-su-deimantu-radiant\/\"]}]},{\"@type\":\"ImageObject\",\"inLanguage\":\"pl-PL\",\"@id\":\"https:\/\/fashiongold.lt\/pl\/papuosalas\/klasikinis-ziedas-su-deimantu-radiant\/#primaryimage\",\"url\":\"https:\/\/fashiongold.lt\/wp-content\/uploads\/2025\/05\/klasikinis-suzadetuviu-ziedas-su-Radiant-deimantu.png\",\"contentUrl\":\"https:\/\/fashiongold.lt\/wp-content\/uploads\/2025\/05\/klasikinis-suzadetuviu-ziedas-su-Radiant-deimantu.png\",\"width\":800,\"height\":800,\"caption\":\"Klasikinis su\u017ead\u0117tuvi\u0173 \u017eiedas su sta\u010diakamp\u0117s formos deimantu i\u0161 balto aukso arba platinos\"},{\"@type\":\"BreadcrumbList\",\"@id\":\"https:\/\/fashiongold.lt\/pl\/papuosalas\/klasikinis-ziedas-su-deimantu-radiant\/#breadcrumb\",\"itemListElement\":[{\"@type\":\"ListItem\",\"position\":1,\"name\":\"Home\",\"item\":\"https:\/\/fashiongold.lt\/pl\/\"},{\"@type\":\"ListItem\",\"position\":2,\"name\":\"Sklep z diamentami Fashiongold.lt\",\"item\":\"https:\/\/fashiongold.lt\/shop-2\/\"},{\"@type\":\"ListItem\",\"position\":3,\"name\":\"Klasikinis \u017eiedas su deimantu &#8211; Radiant\"}]},{\"@type\":\"WebSite\",\"@id\":\"https:\/\/fashiongold.lt\/pl\/#website\",\"url\":\"https:\/\/fashiongold.lt\/pl\/\",\"name\":\"Fashion Gold\",\"description\":\"Juvelyrikos namai\",\"publisher\":{\"@id\":\"https:\/\/fashiongold.lt\/pl\/#organization\"},\"potentialAction\":[{\"@type\":\"SearchAction\",\"target\":{\"@type\":\"EntryPoint\",\"urlTemplate\":\"https:\/\/fashiongold.lt\/pl\/?s={search_term_string}\"},\"query-input\":{\"@type\":\"PropertyValueSpecification\",\"valueRequired\":true,\"valueName\":\"search_term_string\"}}],\"inLanguage\":\"pl-PL\"},{\"@type\":\"Organization\",\"@id\":\"https:\/\/fashiongold.lt\/pl\/#organization\",\"name\":\"Topdiamonds Online\",\"url\":\"https:\/\/fashiongold.lt\/pl\/\",\"logo\":{\"@type\":\"ImageObject\",\"inLanguage\":\"pl-PL\",\"@id\":\"https:\/\/fashiongold.lt\/pl\/#\/schema\/logo\/image\/\",\"url\":\"https:\/\/fashiongold.lt\/wp-content\/uploads\/2025\/04\/cropped-fashion_gold_logotipas2-scaled-1.png\",\"contentUrl\":\"https:\/\/fashiongold.lt\/wp-content\/uploads\/2025\/04\/cropped-fashion_gold_logotipas2-scaled-1.png\",\"width\":2559,\"height\":421,\"caption\":\"Topdiamonds Online\"},\"image\":{\"@id\":\"https:\/\/fashiongold.lt\/pl\/#\/schema\/logo\/image\/\"}}]}<\/script>\n<!-- \/ Yoast SEO plugin. -->","yoast_head_json":{"title":"Klasikinis \u017eiedas su deimantu - Radiant","description":"Klasikinis \u017eiedas su Radiant pj\u016bvio deimantu. Pasirink akmens savybes ir sukurk \u017eied\u0105, kuris atspind\u0117s tavo estetik\u0105 ir individual\u0173 stili\u0173.","robots":{"index":"index","follow":"follow","max-snippet":"max-snippet:-1","max-image-preview":"max-image-preview:large","max-video-preview":"max-video-preview:-1"},"canonical":"https:\/\/fashiongold.lt\/pl\/papuosalas\/klasikinis-ziedas-su-deimantu-radiant\/","og_locale":"pl_PL","og_type":"article","og_title":"Klasikinis \u017eiedas su deimantu - Radiant","og_description":"Klasikinis \u017eiedas su Radiant pj\u016bvio deimantu. Pasirink akmens savybes ir sukurk \u017eied\u0105, kuris atspind\u0117s tavo estetik\u0105 ir individual\u0173 stili\u0173.","og_url":"https:\/\/fashiongold.lt\/pl\/papuosalas\/klasikinis-ziedas-su-deimantu-radiant\/","og_site_name":"FashionGold.lt","article_modified_time":"2026-03-16T16:03:28+00:00","og_image":[{"width":800,"height":800,"url":"https:\/\/fashiongold.lt\/wp-content\/uploads\/2025\/05\/klasikinis-suzadetuviu-ziedas-su-Radiant-deimantu.webp","type":"image\/png"}],"twitter_card":"summary_large_image","twitter_misc":{"Szacowany czas czytania":"1 minuta"},"schema":{"@context":"https:\/\/schema.org","@graph":[{"@type":"WebPage","@id":"https:\/\/fashiongold.lt\/pl\/papuosalas\/klasikinis-ziedas-su-deimantu-radiant\/","url":"https:\/\/fashiongold.lt\/pl\/papuosalas\/klasikinis-ziedas-su-deimantu-radiant\/","name":"Klasikinis \u017eiedas su deimantu - Radiant","isPartOf":{"@id":"https:\/\/fashiongold.lt\/pl\/#website"},"primaryImageOfPage":{"@id":"https:\/\/fashiongold.lt\/pl\/papuosalas\/klasikinis-ziedas-su-deimantu-radiant\/#primaryimage"},"image":{"@id":"https:\/\/fashiongold.lt\/pl\/papuosalas\/klasikinis-ziedas-su-deimantu-radiant\/#primaryimage"},"thumbnailUrl":"https:\/\/fashiongold.lt\/wp-content\/uploads\/2025\/05\/klasikinis-suzadetuviu-ziedas-su-Radiant-deimantu.png","datePublished":"2025-05-20T16:46:43+00:00","dateModified":"2026-03-16T16:03:28+00:00","description":"Klasikinis \u017eiedas su Radiant pj\u016bvio deimantu. Pasirink akmens savybes ir sukurk \u017eied\u0105, kuris atspind\u0117s tavo estetik\u0105 ir individual\u0173 stili\u0173.","breadcrumb":{"@id":"https:\/\/fashiongold.lt\/pl\/papuosalas\/klasikinis-ziedas-su-deimantu-radiant\/#breadcrumb"},"inLanguage":"pl-PL","potentialAction":[{"@type":"ReadAction","target":["https:\/\/fashiongold.lt\/pl\/papuosalas\/klasikinis-ziedas-su-deimantu-radiant\/"]}]},{"@type":"ImageObject","inLanguage":"pl-PL","@id":"https:\/\/fashiongold.lt\/pl\/papuosalas\/klasikinis-ziedas-su-deimantu-radiant\/#primaryimage","url":"https:\/\/fashiongold.lt\/wp-content\/uploads\/2025\/05\/klasikinis-suzadetuviu-ziedas-su-Radiant-deimantu.png","contentUrl":"https:\/\/fashiongold.lt\/wp-content\/uploads\/2025\/05\/klasikinis-suzadetuviu-ziedas-su-Radiant-deimantu.png","width":800,"height":800,"caption":"Klasikinis su\u017ead\u0117tuvi\u0173 \u017eiedas su sta\u010diakamp\u0117s formos deimantu i\u0161 balto aukso arba platinos"},{"@type":"BreadcrumbList","@id":"https:\/\/fashiongold.lt\/pl\/papuosalas\/klasikinis-ziedas-su-deimantu-radiant\/#breadcrumb","itemListElement":[{"@type":"ListItem","position":1,"name":"Home","item":"https:\/\/fashiongold.lt\/pl\/"},{"@type":"ListItem","position":2,"name":"Sklep z diamentami Fashiongold.lt","item":"https:\/\/fashiongold.lt\/shop-2\/"},{"@type":"ListItem","position":3,"name":"Klasikinis \u017eiedas su deimantu &#8211; Radiant"}]},{"@type":"WebSite","@id":"https:\/\/fashiongold.lt\/pl\/#website","url":"https:\/\/fashiongold.lt\/pl\/","name":"Fashion Gold","description":"Juvelyrikos namai","publisher":{"@id":"https:\/\/fashiongold.lt\/pl\/#organization"},"potentialAction":[{"@type":"SearchAction","target":{"@type":"EntryPoint","urlTemplate":"https:\/\/fashiongold.lt\/pl\/?s={search_term_string}"},"query-input":{"@type":"PropertyValueSpecification","valueRequired":true,"valueName":"search_term_string"}}],"inLanguage":"pl-PL"},{"@type":"Organization","@id":"https:\/\/fashiongold.lt\/pl\/#organization","name":"Topdiamonds Online","url":"https:\/\/fashiongold.lt\/pl\/","logo":{"@type":"ImageObject","inLanguage":"pl-PL","@id":"https:\/\/fashiongold.lt\/pl\/#\/schema\/logo\/image\/","url":"https:\/\/fashiongold.lt\/wp-content\/uploads\/2025\/04\/cropped-fashion_gold_logotipas2-scaled-1.png","contentUrl":"https:\/\/fashiongold.lt\/wp-content\/uploads\/2025\/04\/cropped-fashion_gold_logotipas2-scaled-1.png","width":2559,"height":421,"caption":"Topdiamonds Online"},"image":{"@id":"https:\/\/fashiongold.lt\/pl\/#\/schema\/logo\/image\/"}}]}},"_links":{"self":[{"href":"https:\/\/fashiongold.lt\/pl\/wp-json\/wp\/v2\/product\/13433","targetHints":{"allow":["GET"]}}],"collection":[{"href":"https:\/\/fashiongold.lt\/pl\/wp-json\/wp\/v2\/product"}],"about":[{"href":"https:\/\/fashiongold.lt\/pl\/wp-json\/wp\/v2\/types\/product"}],"version-history":[{"count":0,"href":"https:\/\/fashiongold.lt\/pl\/wp-json\/wp\/v2\/product\/13433\/revisions"}],"wp:featuredmedia":[{"embeddable":true,"href":"https:\/\/fashiongold.lt\/pl\/wp-json\/wp\/v2\/media\/260749"}],"wp:attachment":[{"href":"https:\/\/fashiongold.lt\/pl\/wp-json\/wp\/v2\/media?parent=13433"}],"wp:term":[{"taxonomy":"product_brand","embeddable":true,"href":"https:\/\/fashiongold.lt\/pl\/wp-json\/wp\/v2\/product_brand?post=13433"},{"taxonomy":"product_cat","embeddable":true,"href":"https:\/\/fashiongold.lt\/pl\/wp-json\/wp\/v2\/product_cat?post=13433"},{"taxonomy":"product_tag","embeddable":true,"href":"https:\/\/fashiongold.lt\/pl\/wp-json\/wp\/v2\/product_tag?post=13433"}],"curies":[{"name":"wp","href":"https:\/\/api.w.org\/{rel}","templated":true}]}}