{"id":271489,"date":"2025-12-28T14:14:23","date_gmt":"2025-12-28T14:14:23","guid":{"rendered":"https:\/\/fashiongold.lt\/papuosalas\/perly-akoya-kolczyki-z-perlami-8-mm-i-diamentami-ai-jubiler\/"},"modified":"2025-12-28T14:14:23","modified_gmt":"2025-12-28T14:14:23","slug":"perly-akoya-kolczyki-z-perlami-8-mm-i-diamentami-ai-jubiler","status":"publish","type":"product","link":"https:\/\/fashiongold.lt\/pl\/papuosalas\/perly-akoya-kolczyki-z-perlami-8-mm-i-diamentami-ai-jubiler\/","title":{"rendered":"Per\u0142y Akoya &#8211; Kolczyki z per\u0142ami 8 mm i diamentami. AI Jubiler"},"content":{"rendered":"<h3 data-start=\"192\" data-end=\"289\">AI Jubiler: <strong data-start=\"236\" data-end=\"291\">kolczyki sztyfty z per\u0142ami 8 mm i diamentow\u0105 otoczk\u0105<\/strong><\/h3>\n<p data-start=\"236\" data-end=\"698\">To indywidualny projekt stworzony i wykonany przez jubilera, w kt\u00f3rym ka\u017cdy szczeg\u00f3\u0142 jest przemy\u015blany z uwzgl\u0119dnieniem wybranej per\u0142y. Per\u0142y wyr\u00f3\u017cniaj\u0105 si\u0119 subtelnym, tajemniczym blaskiem, naturalnym odbiciem \u015bwiat\u0142a i unikaln\u0105 powierzchni\u0105 \u2013 ka\u017cda per\u0142a jest inna. To nie jest produkt seryjny \u2013 to prawdziwe jubilerstwo, zaczynaj\u0105ce si\u0119 od pomys\u0142u, a ko\u0144cz\u0105ce na r\u0119cznie wykonanych, unikatowych kolczykach.<\/p>\n<p data-start=\"700\" data-end=\"1172\">Projektuj\u0105c kolczyki sztyfty z per\u0142ami, jubiler najpierw ocenia cechy samej per\u0142y \u2013 jej rozmiar (8 mm), regularno\u015b\u0107 kszta\u0142tu, jako\u015b\u0107 powierzchni i naturalny blask. To w\u0142a\u015bnie pod konkretn\u0105 per\u0142\u0119 tworzony jest ca\u0142y projekt: proporcje kolczyk\u00f3w, wysoko\u015b\u0107 korony, rozmieszczenie diamentowej otoczki i og\u00f3lna r\u00f3wnowaga wizualna. Ka\u017cda para kolczyk\u00f3w wymaga niezwykle starannej i profesjonalnej pracy, aby osi\u0105gn\u0105\u0107 idealne po\u0142\u0105czenie estetyki, wygody i trwa\u0142o\u015bci.<\/p>\n<p data-start=\"1174\" data-end=\"1263\">Kolczyki sztyfty z per\u0142ami s\u0105 wykonywane na indywidualne zam\u00f3wienie, dzi\u0119ki czemu mo\u017cemy dostosowa\u0107:<\/p>\n<ul data-start=\"997\" data-end=\"1252\">\n<li data-start=\"997\" data-end=\"1056\">\n<p data-start=\"999\" data-end=\"1056\">dowolny kolor z\u0142ota (bia\u0142y, \u017c\u00f3\u0142ty lub czerwony),<\/p>\n<\/li>\n<li data-start=\"1057\" data-end=\"1103\">\n<p data-start=\"1059\" data-end=\"1103\">wybran\u0105 <a href=\"https:\/\/fashiongold.lt\/pl\/patarimai-pl\/proba-zlota-w-bizuterii-jak-wybrac-odpowiednia\/\">pr\u00f3b\u0119<\/a> z\u0142ota \u2013 585 lub 750,<\/p>\n<\/li>\n<li data-start=\"1104\" data-end=\"1152\">\n<p data-start=\"1106\" data-end=\"1152\">r\u00f3\u017cne rozmiary diament\u00f3w lub pere\u0142 oraz ich uk\u0142ad,<\/p>\n<\/li>\n<li data-start=\"1153\" data-end=\"1252\">\n<p data-start=\"1155\" data-end=\"1252\">indywidualn\u0105 diamentow\u0105 otoczk\u0119, kt\u00f3r\u0105 mo\u017cna zaprojektowa\u0107 jako zdejmowan\u0105, co pozwala nosi\u0107 kolczyki zar\u00f3wno w wersji minimalistycznej, jak i bardziej luksusowej.<\/p>\n<\/li>\n<\/ul>\n<p data-start=\"1541\" data-end=\"1742\">Przy wyborze kolczyk\u00f3w wed\u0142ug indywidualnego projektu najwa\u017cniejsze jest to, co pasuje do Twojej osobowo\u015bci, stylu i trybu \u017cycia. Takie kolczyki staj\u0105 si\u0119 nie tylko subtelnym, ale i emocjonalnie znacz\u0105cym detalem jubilerskim.<\/p>\n<p data-start=\"1744\" data-end=\"2111\">W tym modelu wybrany design typu \u201ehalo\u201d subtelnie podkre\u015bla naturalny blask per\u0142y i nadaje kolczykom dodatkowej elegancji oraz luksusu. Drobne diamenty elegancko obramowuj\u0105 per\u0142\u0119, wzmacniaj\u0105c gr\u0119 \u015bwiat\u0142a, a sama per\u0142a staje si\u0119 g\u0142\u00f3wnym akcentem kompozycji. Per\u0142y w jubilerstwie symbolizuj\u0105 czysto\u015b\u0107, harmoni\u0119, kobieco\u015b\u0107 i ponadczasow\u0105 klasyk\u0119.<\/p>\n<p data-start=\"2113\" data-end=\"2287\">Wszystkie kolczyki sztyfty z per\u0142ami oraz inna bi\u017cuteria s\u0105 produkowane na Litwie i posiadaj\u0105 certyfikaty Litewskiej Izby Probierczej, gwarantuj\u0105ce autentyczno\u015b\u0107 metali i najwy\u017csz\u0105 jako\u015b\u0107.<\/p>\n<p data-start=\"2289\" data-end=\"2545\">To <span style=\"font-size: 16px;\">\u00a0<\/span><a style=\"font-size: 16px; background-color: #ffffff;\" href=\"https:\/\/fashiongold.lt\/pl\/patarimai-pl\/jubiler-kiedy-twoje-marzenie-przybiera-forme-zlota\/\">produkcja<\/a><span style=\"font-size: 16px;\"> jubilerska wed\u0142ug indywidualnego projektu, przeznaczona dla tych, kt\u00f3rzy szukaj\u0105 nie tylko kolczyk\u00f3w, ale i osobistej historii, stworzonej ze z\u0142ota, diament\u00f3w i naturalnych pere\u0142. Ka\u017cda taka para kolczyk\u00f3w jest unikatowa, stworzona specjalnie dla Ciebie i Twojej wizji.<\/span><\/p>\n<h4>Nasze us\u0142ugi<\/h4>\n<p>Oferujemy <a href=\"https:\/\/fashiongold.lt\/pl\/kategorija\/produkcja-bizuterii\/\" target=\"_self\" rel=\"noopener noreferrer\">indywidualny design, gdzie ka\u017cda bi\u017cuteria powstaje wed\u0142ug Twoich pomys\u0142\u00f3w i wizji<\/a>. Wykonujemy r\u00f3wnie\u017c renowacj\u0119, aby Twoja cenna bi\u017cuteria zn\u00f3w l\u015bni\u0142a jak nowa. Ka\u017cde nasze dzie\u0142o to nie tylko ozdoba, ale i odzwierciedlenie Twojej osobowo\u015bci. Ka\u017cda nasza praca to dow\u00f3d na to, \u017ce jako\u015b\u0107 i kreatywno\u015b\u0107 mog\u0105 i\u015b\u0107 w parze.<\/p>\n<h4>Otwarto\u015b\u0107 i Gwarancja<\/h4>\n<p>Nasze podej\u015bcie to otwarto\u015b\u0107 i szczera komunikacja z ka\u017cdym klientem. Od pierwszej konsultacji po ostateczny odbi\u00f3r bi\u017cuterii jeste\u015bmy obok, aby pom\u00f3c Ci we wszystkich kwestiach. Udzielamy 5-letniej gwarancji jako\u015bci na wszystkie nasze wyroby, dzi\u0119ki czemu mo\u017cesz by\u0107 pewien ich niezawodno\u015bci i trwa\u0142o\u015bci. Nasza gwarancja obejmuje wszystkie aspekty jako\u015bci wykonania, aby\u015b m\u00f3g\u0142 cieszy\u0107 si\u0119 bi\u017cuteri\u0105 bez obaw przez wiele lat. Dbamy o to, aby ka\u017cdy nasz klient czu\u0142 si\u0119 pewnie i wiedzia\u0142, \u017ce nasza bi\u017cuteria jest godna zaufania.<\/p>\n<h4>Zam\u00f3wienia i konsultacje<\/h4>\n<p>Je\u015bli chcesz zam\u00f3wi\u0107 indywidualn\u0105 bi\u017cuteri\u0119 lub skonsultowa\u0107 swoje pomys\u0142y, nasz zesp\u00f3\u0142 jest zawsze gotowy do pomocy. Podczas konsultacji omawiamy Twoj\u0105 wizj\u0119, preferencje i proponujemy najlepsze rozwi\u0105zania, aby stworzy\u0107 bi\u017cuteri\u0119 spe\u0142niaj\u0105c\u0105 Twoje oczekiwania. Do ka\u017cdego zam\u00f3wienia podchodzimy ze szczeg\u00f3ln\u0105 uwag\u0105, dlatego mo\u017cemy zaoferowa\u0107 indywidualne rozwi\u0105zania zar\u00f3wno dla pier\u015bcionk\u00f3w zar\u0119czynowych, jak i innej bi\u017cuterii. Produkcja bi\u017cuterii trwa zazwyczaj oko\u0142o 5 tygodni, ale zawsze staramy si\u0119, aby Twoja bi\u017cuteria by\u0142a gotowa jak najszybciej. Skontaktuj si\u0119 z nami \u2013 wsp\u00f3lnie stworzymy bi\u017cuteri\u0119, kt\u00f3ra stanie si\u0119 cz\u0119\u015bci\u0105 Twojej historii.<\/p>\n","protected":false},"excerpt":{"rendered":"<p>AI Jubiler: kolczyki sztyfty z per\u0142ami 8 mm i diamentow\u0105 otoczk\u0105 To indywidualny projekt stworzony i wykonany przez jubilera, w [&hellip;]<\/p>\n","protected":false},"featured_media":265904,"template":"","meta":{"site-sidebar-layout":"default","site-content-layout":"","ast-site-content-layout":"default","site-content-style":"default","site-sidebar-style":"default","ast-global-header-display":"","ast-banner-title-visibility":"","ast-main-header-display":"","ast-hfb-above-header-display":"","ast-hfb-below-header-display":"","ast-hfb-mobile-header-display":"","site-post-title":"","ast-breadcrumbs-content":"","ast-featured-img":"","footer-sml-layout":"","ast-disable-related-posts":"","theme-transparent-header-meta":"default","adv-header-id-meta":"","stick-header-meta":"","header-above-stick-meta":"","header-main-stick-meta":"","header-below-stick-meta":"","astra-migrate-meta-layouts":"default","ast-page-background-enabled":"default","ast-page-background-meta":{"desktop":{"background-color":"var(--ast-global-color-4)","background-image":"","background-repeat":"repeat","background-position":"center center","background-size":"auto","background-attachment":"scroll","background-type":"","background-media":"","overlay-type":"","overlay-color":"","overlay-opacity":"","overlay-gradient":""},"tablet":{"background-color":"","background-image":"","background-repeat":"repeat","background-position":"center center","background-size":"auto","background-attachment":"scroll","background-type":"","background-media":"","overlay-type":"","overlay-color":"","overlay-opacity":"","overlay-gradient":""},"mobile":{"background-color":"","background-image":"","background-repeat":"repeat","background-position":"center center","background-size":"auto","background-attachment":"scroll","background-type":"","background-media":"","overlay-type":"","overlay-color":"","overlay-opacity":"","overlay-gradient":""}},"ast-content-background-meta":{"desktop":{"background-color":"var(--ast-global-color-5)","background-image":"","background-repeat":"repeat","background-position":"center center","background-size":"auto","background-attachment":"scroll","background-type":"","background-media":"","overlay-type":"","overlay-color":"","overlay-opacity":"","overlay-gradient":""},"tablet":{"background-color":"var(--ast-global-color-5)","background-image":"","background-repeat":"repeat","background-position":"center center","background-size":"auto","background-attachment":"scroll","background-type":"","background-media":"","overlay-type":"","overlay-color":"","overlay-opacity":"","overlay-gradient":""},"mobile":{"background-color":"var(--ast-global-color-5)","background-image":"","background-repeat":"repeat","background-position":"center center","background-size":"auto","background-attachment":"scroll","background-type":"","background-media":"","overlay-type":"","overlay-color":"","overlay-opacity":"","overlay-gradient":""}}},"product_brand":[],"product_cat":[2871,2973,2877,2861,2869,2975,2972,2974,2977,2976,2872,2853,2875,2876,2860,2852,2868],"product_tag":[],"class_list":{"0":"post-271489","1":"product","2":"type-product","3":"status-publish","4":"has-post-thumbnail","6":"product_cat-bizuteria-dla-kobiet","7":"product_cat-bizuteria-z-czerwonego-zlota","8":"product_cat-bizuteria-z-kamieniami-polszlachetnymi","9":"product_cat-bizuteria-z-zoltego-zlota","10":"product_cat-jubiler","11":"product_cat-kolczyki-sztyfty","12":"product_cat-kolczyki-z-diamentami","13":"product_cat-kolczyki-z-kamieniami-szlachetnymi","14":"product_cat-kolczyki-z-perlami","15":"product_cat-perly-bizuteria-z-perlami","16":"product_cat-pomysly-na-prezent","17":"product_cat-prezenty-dla-kobiet","18":"product_cat-prezenty-na-dzien-matki","19":"product_cat-prezenty-na-walentynki","20":"product_cat-prezenty-na-wyjatkowe-okazje","21":"product_cat-prezenty-z-okazji-urodzin","22":"product_cat-produkcja-bizuterii","23":"desktop-align-center","24":"tablet-align-left","25":"mobile-align-left","26":"ast-product-gallery-layout-horizontal-slider","27":"ast-product-tabs-layout-accordion","28":"ast-qv-on-image","30":"first","31":"onbackorder","32":"taxable","33":"shipping-taxable","34":"purchasable","35":"product-type-simple"},"yoast_head":"<!-- This site is optimized with the Yoast SEO plugin v26.6 - https:\/\/yoast.com\/wordpress\/plugins\/seo\/ -->\n<title>Kolczyki z per\u0142ami 8 mm i obw\u00f3dk\u0105 z diament\u00f3w | Jubiler<\/title>\n<meta name=\"description\" content=\"R\u0119cznie robione kolczyki z per\u0142ami 8 mm i diamentow\u0105 obw\u00f3dk\u0105. \u017b\u00f3\u0142te, bia\u0142e lub czerwone z\u0142oto. Mo\u017cliwa zdejmowana diamentowa obw\u00f3dka.\" \/>\n<meta name=\"robots\" content=\"index, follow, max-snippet:-1, max-image-preview:large, max-video-preview:-1\" \/>\n<link rel=\"canonical\" href=\"https:\/\/fashiongold.lt\/pl\/papuosalas\/perly-akoya-kolczyki-z-perlami-8-mm-i-diamentami-ai-jubiler\/\" \/>\n<meta property=\"og:locale\" content=\"pl_PL\" \/>\n<meta property=\"og:type\" content=\"article\" \/>\n<meta property=\"og:title\" content=\"Kolczyki z per\u0142ami 8 mm i obw\u00f3dk\u0105 z diament\u00f3w | Jubiler\" \/>\n<meta property=\"og:description\" content=\"R\u0119cznie robione kolczyki z per\u0142ami 8 mm i diamentow\u0105 obw\u00f3dk\u0105. \u017b\u00f3\u0142te, bia\u0142e lub czerwone z\u0142oto. Mo\u017cliwa zdejmowana diamentowa obw\u00f3dka.\" \/>\n<meta property=\"og:url\" content=\"https:\/\/fashiongold.lt\/pl\/papuosalas\/perly-akoya-kolczyki-z-perlami-8-mm-i-diamentami-ai-jubiler\/\" \/>\n<meta property=\"og:site_name\" content=\"FashionGold.lt\" \/>\n<meta property=\"og:image\" content=\"https:\/\/fashiongold.lt\/wp-content\/uploads\/2025\/12\/Pearl-and-Diamond-Halo-Earrings.webp\" \/>\n\t<meta property=\"og:image:width\" content=\"1024\" \/>\n\t<meta property=\"og:image:height\" content=\"1024\" \/>\n\t<meta property=\"og:image:type\" content=\"image\/png\" \/>\n<meta name=\"twitter:card\" content=\"summary_large_image\" \/>\n<meta name=\"twitter:label1\" content=\"Szacowany czas czytania\" \/>\n\t<meta name=\"twitter:data1\" content=\"3 minuty\" \/>\n<script type=\"application\/ld+json\" class=\"yoast-schema-graph\">{\"@context\":\"https:\/\/schema.org\",\"@graph\":[{\"@type\":\"WebPage\",\"@id\":\"https:\/\/fashiongold.lt\/pl\/papuosalas\/perly-akoya-kolczyki-z-perlami-8-mm-i-diamentami-ai-jubiler\/\",\"url\":\"https:\/\/fashiongold.lt\/pl\/papuosalas\/perly-akoya-kolczyki-z-perlami-8-mm-i-diamentami-ai-jubiler\/\",\"name\":\"Kolczyki z per\u0142ami 8 mm i obw\u00f3dk\u0105 z diament\u00f3w | Jubiler\",\"isPartOf\":{\"@id\":\"https:\/\/fashiongold.lt\/pl\/#website\"},\"primaryImageOfPage\":{\"@id\":\"https:\/\/fashiongold.lt\/pl\/papuosalas\/perly-akoya-kolczyki-z-perlami-8-mm-i-diamentami-ai-jubiler\/#primaryimage\"},\"image\":{\"@id\":\"https:\/\/fashiongold.lt\/pl\/papuosalas\/perly-akoya-kolczyki-z-perlami-8-mm-i-diamentami-ai-jubiler\/#primaryimage\"},\"thumbnailUrl\":\"https:\/\/fashiongold.lt\/wp-content\/uploads\/2025\/12\/Pearl-and-Diamond-Halo-Earrings.png\",\"datePublished\":\"2025-12-28T14:14:23+00:00\",\"description\":\"R\u0119cznie robione kolczyki z per\u0142ami 8 mm i diamentow\u0105 obw\u00f3dk\u0105. \u017b\u00f3\u0142te, bia\u0142e lub czerwone z\u0142oto. Mo\u017cliwa zdejmowana diamentowa obw\u00f3dka.\",\"breadcrumb\":{\"@id\":\"https:\/\/fashiongold.lt\/pl\/papuosalas\/perly-akoya-kolczyki-z-perlami-8-mm-i-diamentami-ai-jubiler\/#breadcrumb\"},\"inLanguage\":\"pl-PL\",\"potentialAction\":[{\"@type\":\"ReadAction\",\"target\":[\"https:\/\/fashiongold.lt\/pl\/papuosalas\/perly-akoya-kolczyki-z-perlami-8-mm-i-diamentami-ai-jubiler\/\"]}]},{\"@type\":\"ImageObject\",\"inLanguage\":\"pl-PL\",\"@id\":\"https:\/\/fashiongold.lt\/pl\/papuosalas\/perly-akoya-kolczyki-z-perlami-8-mm-i-diamentami-ai-jubiler\/#primaryimage\",\"url\":\"https:\/\/fashiongold.lt\/wp-content\/uploads\/2025\/12\/Pearl-and-Diamond-Halo-Earrings.png\",\"contentUrl\":\"https:\/\/fashiongold.lt\/wp-content\/uploads\/2025\/12\/Pearl-and-Diamond-Halo-Earrings.png\",\"width\":1024,\"height\":1024,\"caption\":\"Pearl and Diamond Halo Earrings\"},{\"@type\":\"BreadcrumbList\",\"@id\":\"https:\/\/fashiongold.lt\/pl\/papuosalas\/perly-akoya-kolczyki-z-perlami-8-mm-i-diamentami-ai-jubiler\/#breadcrumb\",\"itemListElement\":[{\"@type\":\"ListItem\",\"position\":1,\"name\":\"Home\",\"item\":\"https:\/\/fashiongold.lt\/pl\/\"},{\"@type\":\"ListItem\",\"position\":2,\"name\":\"Sklep z diamentami Fashiongold.lt\",\"item\":\"https:\/\/fashiongold.lt\/shop-2\/\"},{\"@type\":\"ListItem\",\"position\":3,\"name\":\"Per\u0142y Akoya &#8211; Kolczyki z per\u0142ami 8 mm i diamentami. AI Jubiler\"}]},{\"@type\":\"WebSite\",\"@id\":\"https:\/\/fashiongold.lt\/pl\/#website\",\"url\":\"https:\/\/fashiongold.lt\/pl\/\",\"name\":\"Fashion Gold\",\"description\":\"Juvelyrikos namai\",\"publisher\":{\"@id\":\"https:\/\/fashiongold.lt\/pl\/#organization\"},\"potentialAction\":[{\"@type\":\"SearchAction\",\"target\":{\"@type\":\"EntryPoint\",\"urlTemplate\":\"https:\/\/fashiongold.lt\/pl\/?s={search_term_string}\"},\"query-input\":{\"@type\":\"PropertyValueSpecification\",\"valueRequired\":true,\"valueName\":\"search_term_string\"}}],\"inLanguage\":\"pl-PL\"},{\"@type\":\"Organization\",\"@id\":\"https:\/\/fashiongold.lt\/pl\/#organization\",\"name\":\"Topdiamonds Online\",\"url\":\"https:\/\/fashiongold.lt\/pl\/\",\"logo\":{\"@type\":\"ImageObject\",\"inLanguage\":\"pl-PL\",\"@id\":\"https:\/\/fashiongold.lt\/pl\/#\/schema\/logo\/image\/\",\"url\":\"https:\/\/fashiongold.lt\/wp-content\/uploads\/2025\/04\/cropped-fashion_gold_logotipas2-scaled-1.png\",\"contentUrl\":\"https:\/\/fashiongold.lt\/wp-content\/uploads\/2025\/04\/cropped-fashion_gold_logotipas2-scaled-1.png\",\"width\":2559,\"height\":421,\"caption\":\"Topdiamonds Online\"},\"image\":{\"@id\":\"https:\/\/fashiongold.lt\/pl\/#\/schema\/logo\/image\/\"}}]}<\/script>\n<!-- \/ Yoast SEO plugin. -->","yoast_head_json":{"title":"Kolczyki z per\u0142ami 8 mm i obw\u00f3dk\u0105 z diament\u00f3w | Jubiler","description":"R\u0119cznie robione kolczyki z per\u0142ami 8 mm i diamentow\u0105 obw\u00f3dk\u0105. \u017b\u00f3\u0142te, bia\u0142e lub czerwone z\u0142oto. Mo\u017cliwa zdejmowana diamentowa obw\u00f3dka.","robots":{"index":"index","follow":"follow","max-snippet":"max-snippet:-1","max-image-preview":"max-image-preview:large","max-video-preview":"max-video-preview:-1"},"canonical":"https:\/\/fashiongold.lt\/pl\/papuosalas\/perly-akoya-kolczyki-z-perlami-8-mm-i-diamentami-ai-jubiler\/","og_locale":"pl_PL","og_type":"article","og_title":"Kolczyki z per\u0142ami 8 mm i obw\u00f3dk\u0105 z diament\u00f3w | Jubiler","og_description":"R\u0119cznie robione kolczyki z per\u0142ami 8 mm i diamentow\u0105 obw\u00f3dk\u0105. \u017b\u00f3\u0142te, bia\u0142e lub czerwone z\u0142oto. Mo\u017cliwa zdejmowana diamentowa obw\u00f3dka.","og_url":"https:\/\/fashiongold.lt\/pl\/papuosalas\/perly-akoya-kolczyki-z-perlami-8-mm-i-diamentami-ai-jubiler\/","og_site_name":"FashionGold.lt","og_image":[{"width":1024,"height":1024,"url":"https:\/\/fashiongold.lt\/wp-content\/uploads\/2025\/12\/Pearl-and-Diamond-Halo-Earrings.webp","type":"image\/png"}],"twitter_card":"summary_large_image","twitter_misc":{"Szacowany czas czytania":"3 minuty"},"schema":{"@context":"https:\/\/schema.org","@graph":[{"@type":"WebPage","@id":"https:\/\/fashiongold.lt\/pl\/papuosalas\/perly-akoya-kolczyki-z-perlami-8-mm-i-diamentami-ai-jubiler\/","url":"https:\/\/fashiongold.lt\/pl\/papuosalas\/perly-akoya-kolczyki-z-perlami-8-mm-i-diamentami-ai-jubiler\/","name":"Kolczyki z per\u0142ami 8 mm i obw\u00f3dk\u0105 z diament\u00f3w | Jubiler","isPartOf":{"@id":"https:\/\/fashiongold.lt\/pl\/#website"},"primaryImageOfPage":{"@id":"https:\/\/fashiongold.lt\/pl\/papuosalas\/perly-akoya-kolczyki-z-perlami-8-mm-i-diamentami-ai-jubiler\/#primaryimage"},"image":{"@id":"https:\/\/fashiongold.lt\/pl\/papuosalas\/perly-akoya-kolczyki-z-perlami-8-mm-i-diamentami-ai-jubiler\/#primaryimage"},"thumbnailUrl":"https:\/\/fashiongold.lt\/wp-content\/uploads\/2025\/12\/Pearl-and-Diamond-Halo-Earrings.png","datePublished":"2025-12-28T14:14:23+00:00","description":"R\u0119cznie robione kolczyki z per\u0142ami 8 mm i diamentow\u0105 obw\u00f3dk\u0105. \u017b\u00f3\u0142te, bia\u0142e lub czerwone z\u0142oto. Mo\u017cliwa zdejmowana diamentowa obw\u00f3dka.","breadcrumb":{"@id":"https:\/\/fashiongold.lt\/pl\/papuosalas\/perly-akoya-kolczyki-z-perlami-8-mm-i-diamentami-ai-jubiler\/#breadcrumb"},"inLanguage":"pl-PL","potentialAction":[{"@type":"ReadAction","target":["https:\/\/fashiongold.lt\/pl\/papuosalas\/perly-akoya-kolczyki-z-perlami-8-mm-i-diamentami-ai-jubiler\/"]}]},{"@type":"ImageObject","inLanguage":"pl-PL","@id":"https:\/\/fashiongold.lt\/pl\/papuosalas\/perly-akoya-kolczyki-z-perlami-8-mm-i-diamentami-ai-jubiler\/#primaryimage","url":"https:\/\/fashiongold.lt\/wp-content\/uploads\/2025\/12\/Pearl-and-Diamond-Halo-Earrings.png","contentUrl":"https:\/\/fashiongold.lt\/wp-content\/uploads\/2025\/12\/Pearl-and-Diamond-Halo-Earrings.png","width":1024,"height":1024,"caption":"Pearl and Diamond Halo Earrings"},{"@type":"BreadcrumbList","@id":"https:\/\/fashiongold.lt\/pl\/papuosalas\/perly-akoya-kolczyki-z-perlami-8-mm-i-diamentami-ai-jubiler\/#breadcrumb","itemListElement":[{"@type":"ListItem","position":1,"name":"Home","item":"https:\/\/fashiongold.lt\/pl\/"},{"@type":"ListItem","position":2,"name":"Sklep z diamentami Fashiongold.lt","item":"https:\/\/fashiongold.lt\/shop-2\/"},{"@type":"ListItem","position":3,"name":"Per\u0142y Akoya &#8211; Kolczyki z per\u0142ami 8 mm i diamentami. AI Jubiler"}]},{"@type":"WebSite","@id":"https:\/\/fashiongold.lt\/pl\/#website","url":"https:\/\/fashiongold.lt\/pl\/","name":"Fashion Gold","description":"Juvelyrikos namai","publisher":{"@id":"https:\/\/fashiongold.lt\/pl\/#organization"},"potentialAction":[{"@type":"SearchAction","target":{"@type":"EntryPoint","urlTemplate":"https:\/\/fashiongold.lt\/pl\/?s={search_term_string}"},"query-input":{"@type":"PropertyValueSpecification","valueRequired":true,"valueName":"search_term_string"}}],"inLanguage":"pl-PL"},{"@type":"Organization","@id":"https:\/\/fashiongold.lt\/pl\/#organization","name":"Topdiamonds Online","url":"https:\/\/fashiongold.lt\/pl\/","logo":{"@type":"ImageObject","inLanguage":"pl-PL","@id":"https:\/\/fashiongold.lt\/pl\/#\/schema\/logo\/image\/","url":"https:\/\/fashiongold.lt\/wp-content\/uploads\/2025\/04\/cropped-fashion_gold_logotipas2-scaled-1.png","contentUrl":"https:\/\/fashiongold.lt\/wp-content\/uploads\/2025\/04\/cropped-fashion_gold_logotipas2-scaled-1.png","width":2559,"height":421,"caption":"Topdiamonds Online"},"image":{"@id":"https:\/\/fashiongold.lt\/pl\/#\/schema\/logo\/image\/"}}]}},"_links":{"self":[{"href":"https:\/\/fashiongold.lt\/pl\/wp-json\/wp\/v2\/product\/271489","targetHints":{"allow":["GET"]}}],"collection":[{"href":"https:\/\/fashiongold.lt\/pl\/wp-json\/wp\/v2\/product"}],"about":[{"href":"https:\/\/fashiongold.lt\/pl\/wp-json\/wp\/v2\/types\/product"}],"version-history":[{"count":0,"href":"https:\/\/fashiongold.lt\/pl\/wp-json\/wp\/v2\/product\/271489\/revisions"}],"wp:featuredmedia":[{"embeddable":true,"href":"https:\/\/fashiongold.lt\/pl\/wp-json\/wp\/v2\/media\/265904"}],"wp:attachment":[{"href":"https:\/\/fashiongold.lt\/pl\/wp-json\/wp\/v2\/media?parent=271489"}],"wp:term":[{"taxonomy":"product_brand","embeddable":true,"href":"https:\/\/fashiongold.lt\/pl\/wp-json\/wp\/v2\/product_brand?post=271489"},{"taxonomy":"product_cat","embeddable":true,"href":"https:\/\/fashiongold.lt\/pl\/wp-json\/wp\/v2\/product_cat?post=271489"},{"taxonomy":"product_tag","embeddable":true,"href":"https:\/\/fashiongold.lt\/pl\/wp-json\/wp\/v2\/product_tag?post=271489"}],"curies":[{"name":"wp","href":"https:\/\/api.w.org\/{rel}","templated":true}]}}