{"id":271517,"date":"2025-12-28T21:04:16","date_gmt":"2025-12-28T21:04:16","guid":{"rendered":"https:\/\/fashiongold.lt\/papuosalas\/szafir-obraczka-z-szafirami-ai-jubiler\/"},"modified":"2025-12-28T21:04:16","modified_gmt":"2025-12-28T21:04:16","slug":"szafir-obraczka-z-szafirami-ai-jubiler","status":"publish","type":"product","link":"https:\/\/fashiongold.lt\/pl\/papuosalas\/szafir-obraczka-z-szafirami-ai-jubiler\/","title":{"rendered":"Szafir &#8211; Obr\u0105czka z szafirami. AI Jubiler"},"content":{"rendered":"<h2 data-start=\"295\" data-end=\"371\">Jubiler AI: obr\u0105czka z szafirami \u2013 produkcja wed\u0142ug indywidualnego projektu<\/h2>\n<p data-start=\"80\" data-end=\"685\">Ta obr\u0105czka z szafirami dooko\u0142a to indywidualny projekt stworzony i wyprodukowany przez jubilera, w kt\u00f3rym ka\u017cdy detal jest przemy\u015blany z uwzgl\u0119dnieniem wybranego kamienia szlachetnego \u2013 szafiru, charakteryzuj\u0105cego si\u0119 wyj\u0105tkow\u0105 twardo\u015bci\u0105, przejrzysto\u015bci\u0105 i r\u00f3\u017cnorodno\u015bci\u0105 odcieni niebieskiego. Nie jest to produkt seryjny, lecz prawdziwa produkcja jubilerska, kt\u00f3ra zaczyna si\u0119 od pomys\u0142u, a ko\u0144czy r\u0119cznie wykonanym, unikalnym pier\u015bcionkiem. Jubiler wykonuje nie tylko pier\u015bcionki, ale tak\u017ce kolczyki i inn\u0105 bi\u017cuteri\u0119 na indywidualne zam\u00f3wienie, podkre\u015blaj\u0105c ich jako\u015b\u0107 i wyj\u0105tkowo\u015b\u0107. Wi\u0119cej o szafirze, jego kolorach i cenie mo\u017cna dowiedzie\u0107 si\u0119 <a href=\"https:\/\/fashiongold.lt\/pl\/szafir-kamien-madrosci-spokoju-i-wiernosci-w-jubilerstwie\/\">tutaj<\/a>.<\/p>\n<p data-start=\"687\" data-end=\"1206\">Projektuj\u0105c obr\u0105czk\u0119 z szafirami, jubiler najpierw ocenia w\u0142a\u015bciwo\u015bci szafiru \u2013 jego przejrzysto\u015b\u0107, intensywno\u015b\u0107 koloru oraz odcie\u0144, kt\u00f3ry mo\u017ce waha\u0107 si\u0119 od delikatnego, jasnoniebieskiego do g\u0142\u0119bokiego, ciemnoniebieskiego. Ca\u0142y design tworzony jest pod konkretny szafir: wysoko\u015b\u0107 korony, rozmieszczenie szafir\u00f3w, szeroko\u015b\u0107 i kszta\u0142t szyny. Ka\u017cdy pier\u015bcionek oraz inna bi\u017cuteria wymaga niezwykle starannej i profesjonalnej pracy, pozwalaj\u0105cej osi\u0105gn\u0105\u0107 idealn\u0105 r\u00f3wnowag\u0119 mi\u0119dzy estetyk\u0105, wygod\u0105 a trwa\u0142o\u015bci\u0105.<\/p>\n<p data-start=\"1208\" data-end=\"1312\">Obr\u0105czka z szafirami do po\u0142owy jest wykonywana na indywidualne zam\u00f3wienie, dlatego mo\u017cemy dostosowa\u0107:<\/p>\n<ul>\n<li>dowolny <a href=\"https:\/\/fashiongold.lt\/pl\/patarimai-pl\/kolor-zlota-co-warto-wiedziec-o-roznych-odcieniach-i-ich-wlasciwosciach\/\" target=\"_self\" rel=\"noopener noreferrer\">kolor z\u0142ota<\/a> (bia\u0142y, \u017c\u00f3\u0142ty lub czerwony),<\/li>\n<li><a href=\"https:\/\/fashiongold.lt\/pl\/patarimai-pl\/proba-zlota-w-bizuterii-jak-wybrac-odpowiednia\/\" target=\"_self\" rel=\"noopener noreferrer\">wybran\u0105 pr\u00f3b\u0119 z\u0142ota 585 lub 750<\/a>,<\/li>\n<li>r\u00f3\u017cn\u0105 wielko\u015b\u0107 i rozmieszczenie akwamaryn\u00f3w,<\/li>\n<li data-start=\"1302\" data-end=\"1414\">\n<p data-start=\"1304\" data-end=\"1414\">indywidualny odcie\u0144 szafiru \u2013 od delikatnego, jasnoniebieskiego do g\u0142\u0119bokiego, ciemnoniebieskiego.<\/p>\n<\/li>\n<\/ul>\n<p data-start=\"1552\" data-end=\"1690\">Przy wyborze obr\u0105czki z szafirami wed\u0142ug indywidualnego projektu najwa\u017cniejsze jest to, co odpowiada Twojej osobowo\u015bci, stylowi i potrzebom.<\/p>\n<p data-start=\"1692\" data-end=\"1931\">W tym modelu wybrano klasyczny design, kt\u00f3ry subtelnie podkre\u015bla blask szafiru i nadaje pier\u015bcionkowi dodatkowego luksusu oraz wyj\u0105tkowo\u015bci. Szafiry elegancko wzmacniaj\u0105 gr\u0119 \u015bwiat\u0142a, a sam kamie\u0144 szlachetny staje si\u0119 talizmanem.<\/p>\n<p data-start=\"1933\" data-end=\"2044\">Wszystkie pier\u015bcionki z szafirami<span style=\"font-size: 16px;\">\u00a0oraz <\/span><a style=\"font-size: 16px; background-color: #ffffff;\" href=\"https:\/\/fashiongold.lt\/kategorija\/proginiai-auskarai\/\" target=\"_self\" rel=\"noopener noreferrer\">inna bi\u017cuteria<\/a><span style=\"font-size: 16px;\"> s\u0105 produkowane na Litwie i posiadaj\u0105 certyfikaty Litewskiej Izby Probierczej.<\/span><\/p>\n<p>To <a href=\"https:\/\/fashiongold.lt\/pl\/patarimai-pl\/jubiler-kiedy-twoje-marzenie-przybiera-forme-zlota\/\" target=\"_self\" rel=\"noopener noreferrer\">produkcja jubilerska wed\u0142ug indywidualnego projektu<\/a>, przeznaczona dla tych, kt\u00f3rzy szukaj\u0105 nie tylko pier\u015bcionka, ale i osobistej historii stworzonej ze z\u0142ota i szafiru. Ka\u017cdy taki pier\u015bcionek z szafirami jest unikalny, dopasowany w\u0142a\u015bnie do Ciebie i wybranego przez Ciebie kamienia szlachetnego. Pier\u015bcionki maj\u0105 szczeg\u00f3lne znaczenie symboliczne \u2013 s\u0105 symbolami mi\u0142o\u015bci i zaanga\u017cowania, a indywidualny design pozwala ujawni\u0107 Twoj\u0105 osobist\u0105 histori\u0119.<\/p>\n<h4>Nasze us\u0142ugi<\/h4>\n<p>Oferujemy <a href=\"https:\/\/fashiongold.lt\/pl\/kategorija\/produkcja-bizuterii\/\" target=\"_self\" rel=\"noopener noreferrer\">indywidualny design, w kt\u00f3rym ka\u017cda bi\u017cuteria tworzona jest wed\u0142ug Twoich pomys\u0142\u00f3w i wizji<\/a>. Wykonujemy r\u00f3wnie\u017c renowacj\u0119, aby Twoja cenna bi\u017cuteria zn\u00f3w l\u015bni\u0142a jak nowa. Ka\u017cde nasze dzie\u0142o to nie tylko ozdoba, ale tak\u017ce odzwierciedlenie Twojej osobowo\u015bci. Ka\u017cda nasza praca to dow\u00f3d na to, \u017ce jako\u015b\u0107 i kreatywno\u015b\u0107 mog\u0105 i\u015b\u0107 w parze.<\/p>\n<h4>Otwarto\u015b\u0107 i Gwarancja<\/h4>\n<p>Naszym podej\u015bciem jest otwarto\u015b\u0107 i szczera komunikacja z ka\u017cdym klientem. Od pierwszej konsultacji do ko\u0144cowego odbioru bi\u017cuterii jeste\u015bmy obok, aby pom\u00f3c Ci we wszystkich kwestiach. Udzielamy 5-letniej gwarancji jako\u015bci na wszystkie nasze wyroby, dzi\u0119ki czemu mo\u017cesz by\u0107 pewien ich niezawodno\u015bci i trwa\u0142o\u015bci. Nasza gwarancja obejmuje wszystkie aspekty jako\u015bci produkcji, aby\u015b m\u00f3g\u0142 cieszy\u0107 si\u0119 bi\u017cuteri\u0105 bez trosk przez wiele lat. Dbamy o to, aby ka\u017cdy nasz klient czu\u0142 si\u0119 pewnie i wiedzia\u0142, \u017ce nasza bi\u017cuteria jest godna zaufania.<\/p>\n<h4>Zam\u00f3wienia i konsultacje<\/h4>\n<p>Je\u015bli chcesz zam\u00f3wi\u0107 indywidualn\u0105 bi\u017cuteri\u0119 lub skonsultowa\u0107 swoje pomys\u0142y, nasz zesp\u00f3\u0142 jest zawsze gotowy do pomocy. Podczas konsultacji omawiamy Twoj\u0105 wizj\u0119, preferencje i proponujemy najlepsze rozwi\u0105zania, aby\u015bmy mogli wykona\u0107 bi\u017cuteri\u0119 spe\u0142niaj\u0105c\u0105 Twoje oczekiwania. Ka\u017cdemu zam\u00f3wieniu po\u015bwi\u0119camy szczeg\u00f3ln\u0105 uwag\u0119, dlatego mo\u017cemy zaproponowa\u0107 indywidualne rozwi\u0105zania zar\u00f3wno dla pier\u015bcionk\u00f3w zar\u0119czynowych, jak i innej bi\u017cuterii. Produkcja bi\u017cuterii trwa zazwyczaj oko\u0142o 5 tygodni, ale zawsze staramy si\u0119, aby Twoje zam\u00f3wienie zosta\u0142o zrealizowane jak najszybciej. Skontaktuj si\u0119 z nami \u2013 wsp\u00f3lnie stworzymy bi\u017cuteri\u0119, kt\u00f3ra stanie si\u0119 cz\u0119\u015bci\u0105 Twojej historii.<\/p>\n","protected":false},"excerpt":{"rendered":"<p>Jubiler AI: obr\u0105czka z szafirami \u2013 produkcja wed\u0142ug indywidualnego projektu Ta obr\u0105czka z szafirami dooko\u0142a to indywidualny projekt stworzony i [&hellip;]<\/p>\n","protected":false},"featured_media":266231,"template":"","meta":{"site-sidebar-layout":"default","site-content-layout":"","ast-site-content-layout":"default","site-content-style":"default","site-sidebar-style":"default","ast-global-header-display":"","ast-banner-title-visibility":"","ast-main-header-display":"","ast-hfb-above-header-display":"","ast-hfb-below-header-display":"","ast-hfb-mobile-header-display":"","site-post-title":"","ast-breadcrumbs-content":"","ast-featured-img":"","footer-sml-layout":"","ast-disable-related-posts":"","theme-transparent-header-meta":"default","adv-header-id-meta":"","stick-header-meta":"","header-above-stick-meta":"","header-main-stick-meta":"","header-below-stick-meta":"","astra-migrate-meta-layouts":"default","ast-page-background-enabled":"default","ast-page-background-meta":{"desktop":{"background-color":"var(--ast-global-color-4)","background-image":"","background-repeat":"repeat","background-position":"center center","background-size":"auto","background-attachment":"scroll","background-type":"","background-media":"","overlay-type":"","overlay-color":"","overlay-opacity":"","overlay-gradient":""},"tablet":{"background-color":"","background-image":"","background-repeat":"repeat","background-position":"center center","background-size":"auto","background-attachment":"scroll","background-type":"","background-media":"","overlay-type":"","overlay-color":"","overlay-opacity":"","overlay-gradient":""},"mobile":{"background-color":"","background-image":"","background-repeat":"repeat","background-position":"center center","background-size":"auto","background-attachment":"scroll","background-type":"","background-media":"","overlay-type":"","overlay-color":"","overlay-opacity":"","overlay-gradient":""}},"ast-content-background-meta":{"desktop":{"background-color":"var(--ast-global-color-5)","background-image":"","background-repeat":"repeat","background-position":"center center","background-size":"auto","background-attachment":"scroll","background-type":"","background-media":"","overlay-type":"","overlay-color":"","overlay-opacity":"","overlay-gradient":""},"tablet":{"background-color":"var(--ast-global-color-5)","background-image":"","background-repeat":"repeat","background-position":"center center","background-size":"auto","background-attachment":"scroll","background-type":"","background-media":"","overlay-type":"","overlay-color":"","overlay-opacity":"","overlay-gradient":""},"mobile":{"background-color":"var(--ast-global-color-5)","background-image":"","background-repeat":"repeat","background-position":"center center","background-size":"auto","background-attachment":"scroll","background-type":"","background-media":"","overlay-type":"","overlay-color":"","overlay-opacity":"","overlay-gradient":""}}},"product_brand":[],"product_cat":[3044,2871,2870,2858,2877,2878,2861,2862,2866,2863,2865,2881,2867,2869,2882,2874,2879,2880,2872,2853,2856,2875,2876,2860,2857,2854,2855,2859,2852,2868,2873],"product_tag":[],"class_list":{"0":"post-271517","1":"product","2":"type-product","3":"status-publish","4":"has-post-thumbnail","6":"product_cat-bizuteria","7":"product_cat-bizuteria-dla-kobiet","8":"product_cat-bizuteria-meska","9":"product_cat-bizuteria-z-bialego-zlota","10":"product_cat-bizuteria-z-kamieniami-polszlachetnymi","11":"product_cat-bizuteria-z-niebieskimi-kamieniami-szlachetnymi","12":"product_cat-bizuteria-z-zoltego-zlota","13":"product_cat-diamentowe-obraczki-z-bialego-zlota","14":"product_cat-diamentowe-obraczki-z-zoltego-zlota","15":"product_cat-diamentowe-paski","16":"product_cat-diamentowe-paski-dla-mezczyzn","17":"product_cat-diamentowe-paski-z-czerwonego-zlota","18":"product_cat-diamentowy-pasek-wokol-calego-pierscionka","19":"product_cat-jubiler","20":"product_cat-pierscionek-obraczka-z-kamieniami-szlachetnymi","21":"product_cat-pierscionek-zareczynowy-z-szafirem","22":"product_cat-pierscionki-z-kamieniami-szlachetnymi","23":"product_cat-pierscionki-z-szafirami","24":"product_cat-pomysly-na-prezent","25":"product_cat-prezenty-dla-kobiet","26":"product_cat-prezenty-dla-mezczyzn","27":"product_cat-prezenty-na-dzien-matki","28":"product_cat-prezenty-na-walentynki","29":"product_cat-prezenty-na-wyjatkowe-okazje","30":"product_cat-prezenty-swiateczne","31":"product_cat-prezenty-z-okazji-narodzin-dziecka","32":"product_cat-prezenty-z-okazji-rocznicy-slubu","33":"product_cat-prezenty-z-okazji-ukonczenia-szkoly","34":"product_cat-prezenty-z-okazji-urodzin","35":"product_cat-produkcja-bizuterii","36":"product_cat-szafir-bizuteria-z-szafirami","37":"desktop-align-center","38":"tablet-align-left","39":"mobile-align-left","40":"ast-product-gallery-layout-horizontal-slider","41":"ast-product-tabs-layout-accordion","42":"ast-qv-on-image","44":"first","45":"onbackorder","46":"taxable","47":"shipping-taxable","48":"purchasable","49":"product-type-simple"},"yoast_head":"<!-- This site is optimized with the Yoast SEO plugin v26.6 - https:\/\/yoast.com\/wordpress\/plugins\/seo\/ -->\n<title>Jubiler: pier\u015bcionek obr\u0105czka z 7 szafirami<\/title>\n<meta name=\"description\" content=\"Pier\u015bcionek obr\u0105czka z szafirami do po\u0142owy \u2013 subtelne jasnoniebieskie odcienie, indywidualne wykonanie jubilerskie i ponadczasowa elegancja\" \/>\n<meta name=\"robots\" content=\"index, follow, max-snippet:-1, max-image-preview:large, max-video-preview:-1\" \/>\n<link rel=\"canonical\" href=\"https:\/\/fashiongold.lt\/pl\/papuosalas\/szafir-obraczka-z-szafirami-ai-jubiler\/\" \/>\n<meta property=\"og:locale\" content=\"pl_PL\" \/>\n<meta property=\"og:type\" content=\"article\" \/>\n<meta property=\"og:title\" content=\"Jubiler: pier\u015bcionek obr\u0105czka z 7 szafirami\" \/>\n<meta property=\"og:description\" content=\"Pier\u015bcionek obr\u0105czka z szafirami do po\u0142owy \u2013 subtelne jasnoniebieskie odcienie, indywidualne wykonanie jubilerskie i ponadczasowa elegancja\" \/>\n<meta property=\"og:url\" content=\"https:\/\/fashiongold.lt\/pl\/papuosalas\/szafir-obraczka-z-szafirami-ai-jubiler\/\" \/>\n<meta property=\"og:site_name\" content=\"FashionGold.lt\" \/>\n<meta property=\"og:image\" content=\"https:\/\/fashiongold.lt\/wp-content\/uploads\/2025\/12\/Ziedas-juostele-su-safyrais-raudonas-auksas.webp\" \/>\n\t<meta property=\"og:image:width\" content=\"1536\" \/>\n\t<meta property=\"og:image:height\" content=\"1024\" \/>\n\t<meta property=\"og:image:type\" content=\"image\/png\" \/>\n<meta name=\"twitter:card\" content=\"summary_large_image\" \/>\n<meta name=\"twitter:label1\" content=\"Szacowany czas czytania\" \/>\n\t<meta name=\"twitter:data1\" content=\"3 minuty\" \/>\n<script type=\"application\/ld+json\" class=\"yoast-schema-graph\">{\"@context\":\"https:\/\/schema.org\",\"@graph\":[{\"@type\":\"WebPage\",\"@id\":\"https:\/\/fashiongold.lt\/pl\/papuosalas\/szafir-obraczka-z-szafirami-ai-jubiler\/\",\"url\":\"https:\/\/fashiongold.lt\/pl\/papuosalas\/szafir-obraczka-z-szafirami-ai-jubiler\/\",\"name\":\"Jubiler: pier\u015bcionek obr\u0105czka z 7 szafirami\",\"isPartOf\":{\"@id\":\"https:\/\/fashiongold.lt\/pl\/#website\"},\"primaryImageOfPage\":{\"@id\":\"https:\/\/fashiongold.lt\/pl\/papuosalas\/szafir-obraczka-z-szafirami-ai-jubiler\/#primaryimage\"},\"image\":{\"@id\":\"https:\/\/fashiongold.lt\/pl\/papuosalas\/szafir-obraczka-z-szafirami-ai-jubiler\/#primaryimage\"},\"thumbnailUrl\":\"https:\/\/fashiongold.lt\/wp-content\/uploads\/2025\/12\/Ziedas-juostele-su-safyrais-raudonas-auksas.png\",\"datePublished\":\"2025-12-28T21:04:16+00:00\",\"description\":\"Pier\u015bcionek obr\u0105czka z szafirami do po\u0142owy \u2013 subtelne jasnoniebieskie odcienie, indywidualne wykonanie jubilerskie i ponadczasowa elegancja\",\"breadcrumb\":{\"@id\":\"https:\/\/fashiongold.lt\/pl\/papuosalas\/szafir-obraczka-z-szafirami-ai-jubiler\/#breadcrumb\"},\"inLanguage\":\"pl-PL\",\"potentialAction\":[{\"@type\":\"ReadAction\",\"target\":[\"https:\/\/fashiongold.lt\/pl\/papuosalas\/szafir-obraczka-z-szafirami-ai-jubiler\/\"]}]},{\"@type\":\"ImageObject\",\"inLanguage\":\"pl-PL\",\"@id\":\"https:\/\/fashiongold.lt\/pl\/papuosalas\/szafir-obraczka-z-szafirami-ai-jubiler\/#primaryimage\",\"url\":\"https:\/\/fashiongold.lt\/wp-content\/uploads\/2025\/12\/Ziedas-juostele-su-safyrais-raudonas-auksas.png\",\"contentUrl\":\"https:\/\/fashiongold.lt\/wp-content\/uploads\/2025\/12\/Ziedas-juostele-su-safyrais-raudonas-auksas.png\",\"width\":1536,\"height\":1024,\"caption\":\"Z\u030ciedas juostele\u0307 su safyrais raudonas auksas\"},{\"@type\":\"BreadcrumbList\",\"@id\":\"https:\/\/fashiongold.lt\/pl\/papuosalas\/szafir-obraczka-z-szafirami-ai-jubiler\/#breadcrumb\",\"itemListElement\":[{\"@type\":\"ListItem\",\"position\":1,\"name\":\"Home\",\"item\":\"https:\/\/fashiongold.lt\/pl\/\"},{\"@type\":\"ListItem\",\"position\":2,\"name\":\"Sklep z diamentami Fashiongold.lt\",\"item\":\"https:\/\/fashiongold.lt\/shop-2\/\"},{\"@type\":\"ListItem\",\"position\":3,\"name\":\"Szafir &#8211; Obr\u0105czka z szafirami. AI Jubiler\"}]},{\"@type\":\"WebSite\",\"@id\":\"https:\/\/fashiongold.lt\/pl\/#website\",\"url\":\"https:\/\/fashiongold.lt\/pl\/\",\"name\":\"Fashion Gold\",\"description\":\"Juvelyrikos namai\",\"publisher\":{\"@id\":\"https:\/\/fashiongold.lt\/pl\/#organization\"},\"potentialAction\":[{\"@type\":\"SearchAction\",\"target\":{\"@type\":\"EntryPoint\",\"urlTemplate\":\"https:\/\/fashiongold.lt\/pl\/?s={search_term_string}\"},\"query-input\":{\"@type\":\"PropertyValueSpecification\",\"valueRequired\":true,\"valueName\":\"search_term_string\"}}],\"inLanguage\":\"pl-PL\"},{\"@type\":\"Organization\",\"@id\":\"https:\/\/fashiongold.lt\/pl\/#organization\",\"name\":\"Topdiamonds Online\",\"url\":\"https:\/\/fashiongold.lt\/pl\/\",\"logo\":{\"@type\":\"ImageObject\",\"inLanguage\":\"pl-PL\",\"@id\":\"https:\/\/fashiongold.lt\/pl\/#\/schema\/logo\/image\/\",\"url\":\"https:\/\/fashiongold.lt\/wp-content\/uploads\/2025\/04\/cropped-fashion_gold_logotipas2-scaled-1.png\",\"contentUrl\":\"https:\/\/fashiongold.lt\/wp-content\/uploads\/2025\/04\/cropped-fashion_gold_logotipas2-scaled-1.png\",\"width\":2559,\"height\":421,\"caption\":\"Topdiamonds Online\"},\"image\":{\"@id\":\"https:\/\/fashiongold.lt\/pl\/#\/schema\/logo\/image\/\"}}]}<\/script>\n<!-- \/ Yoast SEO plugin. -->","yoast_head_json":{"title":"Jubiler: pier\u015bcionek obr\u0105czka z 7 szafirami","description":"Pier\u015bcionek obr\u0105czka z szafirami do po\u0142owy \u2013 subtelne jasnoniebieskie odcienie, indywidualne wykonanie jubilerskie i ponadczasowa elegancja","robots":{"index":"index","follow":"follow","max-snippet":"max-snippet:-1","max-image-preview":"max-image-preview:large","max-video-preview":"max-video-preview:-1"},"canonical":"https:\/\/fashiongold.lt\/pl\/papuosalas\/szafir-obraczka-z-szafirami-ai-jubiler\/","og_locale":"pl_PL","og_type":"article","og_title":"Jubiler: pier\u015bcionek obr\u0105czka z 7 szafirami","og_description":"Pier\u015bcionek obr\u0105czka z szafirami do po\u0142owy \u2013 subtelne jasnoniebieskie odcienie, indywidualne wykonanie jubilerskie i ponadczasowa elegancja","og_url":"https:\/\/fashiongold.lt\/pl\/papuosalas\/szafir-obraczka-z-szafirami-ai-jubiler\/","og_site_name":"FashionGold.lt","og_image":[{"width":1536,"height":1024,"url":"https:\/\/fashiongold.lt\/wp-content\/uploads\/2025\/12\/Ziedas-juostele-su-safyrais-raudonas-auksas.webp","type":"image\/png"}],"twitter_card":"summary_large_image","twitter_misc":{"Szacowany czas czytania":"3 minuty"},"schema":{"@context":"https:\/\/schema.org","@graph":[{"@type":"WebPage","@id":"https:\/\/fashiongold.lt\/pl\/papuosalas\/szafir-obraczka-z-szafirami-ai-jubiler\/","url":"https:\/\/fashiongold.lt\/pl\/papuosalas\/szafir-obraczka-z-szafirami-ai-jubiler\/","name":"Jubiler: pier\u015bcionek obr\u0105czka z 7 szafirami","isPartOf":{"@id":"https:\/\/fashiongold.lt\/pl\/#website"},"primaryImageOfPage":{"@id":"https:\/\/fashiongold.lt\/pl\/papuosalas\/szafir-obraczka-z-szafirami-ai-jubiler\/#primaryimage"},"image":{"@id":"https:\/\/fashiongold.lt\/pl\/papuosalas\/szafir-obraczka-z-szafirami-ai-jubiler\/#primaryimage"},"thumbnailUrl":"https:\/\/fashiongold.lt\/wp-content\/uploads\/2025\/12\/Ziedas-juostele-su-safyrais-raudonas-auksas.png","datePublished":"2025-12-28T21:04:16+00:00","description":"Pier\u015bcionek obr\u0105czka z szafirami do po\u0142owy \u2013 subtelne jasnoniebieskie odcienie, indywidualne wykonanie jubilerskie i ponadczasowa elegancja","breadcrumb":{"@id":"https:\/\/fashiongold.lt\/pl\/papuosalas\/szafir-obraczka-z-szafirami-ai-jubiler\/#breadcrumb"},"inLanguage":"pl-PL","potentialAction":[{"@type":"ReadAction","target":["https:\/\/fashiongold.lt\/pl\/papuosalas\/szafir-obraczka-z-szafirami-ai-jubiler\/"]}]},{"@type":"ImageObject","inLanguage":"pl-PL","@id":"https:\/\/fashiongold.lt\/pl\/papuosalas\/szafir-obraczka-z-szafirami-ai-jubiler\/#primaryimage","url":"https:\/\/fashiongold.lt\/wp-content\/uploads\/2025\/12\/Ziedas-juostele-su-safyrais-raudonas-auksas.png","contentUrl":"https:\/\/fashiongold.lt\/wp-content\/uploads\/2025\/12\/Ziedas-juostele-su-safyrais-raudonas-auksas.png","width":1536,"height":1024,"caption":"Z\u030ciedas juostele\u0307 su safyrais raudonas auksas"},{"@type":"BreadcrumbList","@id":"https:\/\/fashiongold.lt\/pl\/papuosalas\/szafir-obraczka-z-szafirami-ai-jubiler\/#breadcrumb","itemListElement":[{"@type":"ListItem","position":1,"name":"Home","item":"https:\/\/fashiongold.lt\/pl\/"},{"@type":"ListItem","position":2,"name":"Sklep z diamentami Fashiongold.lt","item":"https:\/\/fashiongold.lt\/shop-2\/"},{"@type":"ListItem","position":3,"name":"Szafir &#8211; Obr\u0105czka z szafirami. AI Jubiler"}]},{"@type":"WebSite","@id":"https:\/\/fashiongold.lt\/pl\/#website","url":"https:\/\/fashiongold.lt\/pl\/","name":"Fashion Gold","description":"Juvelyrikos namai","publisher":{"@id":"https:\/\/fashiongold.lt\/pl\/#organization"},"potentialAction":[{"@type":"SearchAction","target":{"@type":"EntryPoint","urlTemplate":"https:\/\/fashiongold.lt\/pl\/?s={search_term_string}"},"query-input":{"@type":"PropertyValueSpecification","valueRequired":true,"valueName":"search_term_string"}}],"inLanguage":"pl-PL"},{"@type":"Organization","@id":"https:\/\/fashiongold.lt\/pl\/#organization","name":"Topdiamonds Online","url":"https:\/\/fashiongold.lt\/pl\/","logo":{"@type":"ImageObject","inLanguage":"pl-PL","@id":"https:\/\/fashiongold.lt\/pl\/#\/schema\/logo\/image\/","url":"https:\/\/fashiongold.lt\/wp-content\/uploads\/2025\/04\/cropped-fashion_gold_logotipas2-scaled-1.png","contentUrl":"https:\/\/fashiongold.lt\/wp-content\/uploads\/2025\/04\/cropped-fashion_gold_logotipas2-scaled-1.png","width":2559,"height":421,"caption":"Topdiamonds Online"},"image":{"@id":"https:\/\/fashiongold.lt\/pl\/#\/schema\/logo\/image\/"}}]}},"_links":{"self":[{"href":"https:\/\/fashiongold.lt\/pl\/wp-json\/wp\/v2\/product\/271517","targetHints":{"allow":["GET"]}}],"collection":[{"href":"https:\/\/fashiongold.lt\/pl\/wp-json\/wp\/v2\/product"}],"about":[{"href":"https:\/\/fashiongold.lt\/pl\/wp-json\/wp\/v2\/types\/product"}],"version-history":[{"count":0,"href":"https:\/\/fashiongold.lt\/pl\/wp-json\/wp\/v2\/product\/271517\/revisions"}],"wp:featuredmedia":[{"embeddable":true,"href":"https:\/\/fashiongold.lt\/pl\/wp-json\/wp\/v2\/media\/266231"}],"wp:attachment":[{"href":"https:\/\/fashiongold.lt\/pl\/wp-json\/wp\/v2\/media?parent=271517"}],"wp:term":[{"taxonomy":"product_brand","embeddable":true,"href":"https:\/\/fashiongold.lt\/pl\/wp-json\/wp\/v2\/product_brand?post=271517"},{"taxonomy":"product_cat","embeddable":true,"href":"https:\/\/fashiongold.lt\/pl\/wp-json\/wp\/v2\/product_cat?post=271517"},{"taxonomy":"product_tag","embeddable":true,"href":"https:\/\/fashiongold.lt\/pl\/wp-json\/wp\/v2\/product_tag?post=271517"}],"curies":[{"name":"wp","href":"https:\/\/api.w.org\/{rel}","templated":true}]}}