{"id":271557,"date":"2025-12-28T11:59:11","date_gmt":"2025-12-28T11:59:11","guid":{"rendered":"https:\/\/fashiongold.lt\/papuosalas\/topaz-pierscionek-z-topazem-i-diamentami-ai-jubiler\/"},"modified":"2025-12-28T11:59:11","modified_gmt":"2025-12-28T11:59:11","slug":"topaz-pierscionek-z-topazem-i-diamentami-ai-jubiler","status":"publish","type":"product","link":"https:\/\/fashiongold.lt\/pl\/papuosalas\/topaz-pierscionek-z-topazem-i-diamentami-ai-jubiler\/","title":{"rendered":"Topaz &#8211; Pier\u015bcionek z topazem i diamentami. AI Jubiler"},"content":{"rendered":"<h2 data-start=\"295\" data-end=\"371\">AI Jubiler: pier\u015bcionek z b\u0142\u0119kitnym topazem \u2013 produkcja wed\u0142ug indywidualnego projektu<\/h2>\n<p data-start=\"379\" data-end=\"852\">Ten pier\u015bcionek z owalnym b\u0142\u0119kitnym topazem i opraw\u0105 typu halo z \u017c\u00f3\u0142tego z\u0142ota to bi\u017cuteria tworzona przez jubilera i produkowana wed\u0142ug indywidualnego projektu, w kt\u00f3rym ka\u017cdy detal jest przemy\u015blany z uwzgl\u0119dnieniem wybranego kamienia szlachetnego \u2013 topazu, charakteryzuj\u0105cego si\u0119 wyj\u0105tkow\u0105 przejrzysto\u015bci\u0105, wyra\u017anym blaskiem i eleganck\u0105 gam\u0105 kolorystyczn\u0105 niebiesko-b\u0142\u0119kitn\u0105. To nie jest produkt seryjny \u2013 to prawdziwa produkcja jubilerska, kt\u00f3ra zaczyna si\u0119 od pomys\u0142u, a ko\u0144czy r\u0119cznie wykonanym, unikalnym pier\u015bcionkiem.<\/p>\n<p data-start=\"854\" data-end=\"1181\">Jubiler na indywidualne zam\u00f3wienie wykonuje nie tylko pier\u015bcionki, ale tak\u017ce kolczyki, zawieszki i inn\u0105 bi\u017cuteri\u0119, k\u0142ad\u0105c szczeg\u00f3lny nacisk na jako\u015b\u0107, proporcje i trwa\u0142o\u015b\u0107. Topaz to jeden z najpopularniejszych kamieni szlachetnych w jubilerstwie, ceniony nie tylko za swoje pi\u0119kno, ale r\u00f3wnie\u017c za korzystny stosunek ceny do estetyki.<\/p>\n<p data-start=\"1183\" data-end=\"1575\">Projektuj\u0105c pier\u015bcionek z b\u0142\u0119kitnym topazem, najpierw oceniane s\u0105 w\u0142a\u015bciwo\u015bci tego kamienia szlachetnego \u2013 jego przejrzysto\u015b\u0107, intensywno\u015b\u0107 koloru i odcie\u0144, kt\u00f3ry mo\u017ce waha\u0107 si\u0119 od delikatnego, niebia\u0144skiego b\u0142\u0119kitu po nasycony, wyra\u017aniejszy niebieski. To w\u0142a\u015bnie pod konkretny okaz topazu tworzony jest ca\u0142y design pier\u015bcionka: wysoko\u015b\u0107 korony, rozmieszczenie diament\u00f3w w halo, szeroko\u015b\u0107 szyny, grubo\u015b\u0107 i forma z\u0142ota.<\/p>\n<p data-start=\"1577\" data-end=\"1754\">Ka\u017cdy taki pier\u015bcionek wymaga niezwykle starannej i profesjonalnej pracy, pozwalaj\u0105cej osi\u0105gn\u0105\u0107 harmonijn\u0105 r\u00f3wnowag\u0119 mi\u0119dzy estetyk\u0105, wygod\u0105 i trwa\u0142o\u015bci\u0105 w codziennym noszeniu.<\/p>\n<h3 data-start=\"1756\" data-end=\"1785\">Indywidualne wybory<\/h3>\n<p data-start=\"1787\" data-end=\"1910\">Pier\u015bcionek z owalnym b\u0142\u0119kitnym topazem i opraw\u0105 typu halo jest wykonywany na indywidualne zam\u00f3wienie, dlatego mo\u017cemy dostosowa\u0107:<\/p>\n<ul>\n<li>dowolny <a href=\"https:\/\/fashiongold.lt\/pl\/patarimai-pl\/kolor-zlota-co-warto-wiedziec-o-roznych-odcieniach-i-ich-wlasciwosciach\/\" target=\"_self\" rel=\"noopener noreferrer\">kolor z\u0142ota<\/a> (bia\u0142y, \u017c\u00f3\u0142ty lub czerwony),<\/li>\n<li><a href=\"https:\/\/fashiongold.lt\/pl\/patarimai-pl\/proba-zlota-w-bizuterii-jak-wybrac-odpowiednia\/\" target=\"_self\" rel=\"noopener noreferrer\">po\u017c\u0105dan\u0105 pr\u00f3b\u0119 z\u0142ota 585 lub 750<\/a>,<\/li>\n<li>r\u00f3\u017cn\u0105 wielko\u015b\u0107 i rozmieszczenie diament\u00f3w,<\/li>\n<li data-start=\"1302\" data-end=\"1414\">\n<p data-start=\"1304\" data-end=\"1414\">indywidualny odcie\u0144 topazu \u2013 od delikatnego b\u0142\u0119kitu po bardziej intensywny kolor niebieski.<\/p>\n<\/li>\n<\/ul>\n<p data-start=\"2157\" data-end=\"2324\">Wybieraj\u0105c indywidualnie produkowany pier\u015bcionek z topazem, najwa\u017cniejsze jest to, co najlepiej odzwierciedla Twoj\u0105 osobowo\u015b\u0107, styl i emocje, kt\u00f3re chcesz uwieczni\u0107 w bi\u017cuterii.<\/p>\n<h3 data-start=\"2326\" data-end=\"2351\">Luksus designu halo<\/h3>\n<p data-start=\"2353\" data-end=\"2683\">W tym modelu wybrano design halo, kt\u00f3ry subtelnie podkre\u015bla blask centralnego topazu i nadaje pier\u015bcionkowi dodatkowego luksusu oraz wizualnej g\u0142\u0119bi. Drobne diamenty elegancko obramowuj\u0105 owalny topaz, wzmacniaj\u0105c gr\u0119 \u015bwiat\u0142a, a sam b\u0142\u0119kitny topaz staje si\u0119 g\u0142\u00f3wnym i bezsprzecznym akcentem pier\u015bcionka.<\/p>\n<p data-start=\"2685\" data-end=\"2885\">W\u015br\u00f3d innych kamieni szlachetnych, cz\u0119sto wybieranych do projekt\u00f3w indywidualnych, warto wymieni\u0107 szmaragd, szafir czy rubin, jednak topaz wyr\u00f3\u017cnia si\u0119 swoj\u0105 uniwersalno\u015bci\u0105 i \u0142atwym do dostosowania designem.<\/p>\n<h3 data-start=\"2887\" data-end=\"2923\">Certyfikaty i produkcja na Litwie<\/h3>\n<p data-start=\"2925\" data-end=\"3135\">Wszystkie pier\u015bcionki z topazem oraz inna indywidualnie produkowana bi\u017cuteria s\u0105 projektowane i wytwarzane na Litwie oraz posiadaj\u0105 certyfikaty Litewskiej Izby Probierczej, potwierdzaj\u0105ce pr\u00f3b\u0119 z\u0142ota i autentyczno\u015b\u0107 kamieni szlachetnych.<\/p>\n<p>To <a href=\"https:\/\/fashiongold.lt\/pl\/patarimai-pl\/jubiler-kiedy-twoje-marzenie-przybiera-forme-zlota\/\" target=\"_self\" rel=\"noopener noreferrer\">produkcja jubilerska wed\u0142ug indywidualnego projektu<\/a>, przeznaczona dla tych, kt\u00f3rzy szukaj\u0105 nie tylko pier\u015bcionka, ale i osobistej historii stworzonej ze z\u0142ota, diament\u00f3w i topazu. Ka\u017cdy taki pier\u015bcionek jest unikatowy, dopasowany w\u0142a\u015bnie do Ciebie i wybranego przez Ciebie kamienia szlachetnego. Pier\u015bcionki maj\u0105 szczeg\u00f3lne znaczenie symboliczne \u2013 s\u0105 symbolami mi\u0142o\u015bci, zobowi\u0105zania i trwa\u0142ych warto\u015bci, a indywidualny design pozwala subtelnie ujawni\u0107 Twoj\u0105 osobist\u0105 histori\u0119.<\/p>\n<h4>Nasze us\u0142ugi<\/h4>\n<p>Oferujemy <a href=\"https:\/\/fashiongold.lt\/pl\/kategorija\/produkcja-bizuterii\/\" target=\"_self\" rel=\"noopener noreferrer\">indywidualny design, w kt\u00f3rym ka\u017cdy element bi\u017cuterii powstaje zgodnie z Twoimi pomys\u0142ami i wizj\u0105<\/a>. Wykonujemy r\u00f3wnie\u017c renowacj\u0119, aby Twoja cenna bi\u017cuteria zn\u00f3w l\u015bni\u0142a jak nowa. Ka\u017cde nasze dzie\u0142o to nie tylko ozdoba, ale i odzwierciedlenie Twojej osobowo\u015bci. Ka\u017cda nasza praca jest dowodem na to, \u017ce jako\u015b\u0107 i kreatywno\u015b\u0107 mog\u0105 i\u015b\u0107 w parze.<\/p>\n<h4>Otwarto\u015b\u0107 i Gwarancja<\/h4>\n<p>Nasze podej\u015bcie to otwarto\u015b\u0107 i szczera komunikacja z ka\u017cdym klientem. Od pierwszej konsultacji po ko\u0144cowy odbi\u00f3r bi\u017cuterii jeste\u015bmy obok, aby pom\u00f3c Ci we wszystkich kwestiach. Udzielamy 5-letniej gwarancji jako\u015bci na wszystkie nasze wyroby, dzi\u0119ki czemu mo\u017cesz by\u0107 pewien ich niezawodno\u015bci i trwa\u0142o\u015bci. Nasza gwarancja obejmuje wszystkie aspekty jako\u015bci wykonania, aby\u015b m\u00f3g\u0142 cieszy\u0107 si\u0119 bi\u017cuteri\u0105 bez trosk przez wiele lat. Dbamy o to, aby ka\u017cdy nasz klient czu\u0142 si\u0119 pewnie i wiedzia\u0142, \u017ce nasza bi\u017cuteria jest godna zaufania.<\/p>\n<h4>Zam\u00f3wienia i konsultacje<\/h4>\n<p>Je\u015bli chcesz zam\u00f3wi\u0107 indywidualn\u0105 bi\u017cuteri\u0119 lub skonsultowa\u0107 swoje pomys\u0142y, nasz zesp\u00f3\u0142 jest zawsze gotowy do pomocy. Podczas konsultacji omawiamy Twoj\u0105 wizj\u0119, \u017cyczenia i proponujemy najlepsze rozwi\u0105zania, aby\u015bmy mogli wykona\u0107 bi\u017cuteri\u0119 spe\u0142niaj\u0105c\u0105 Twoje oczekiwania. Ka\u017cdemu zam\u00f3wieniu po\u015bwi\u0119camy szczeg\u00f3ln\u0105 uwag\u0119, dlatego mo\u017cemy zaproponowa\u0107 indywidualne rozwi\u0105zania zar\u00f3wno dla pier\u015bcionk\u00f3w zar\u0119czynowych, jak i innej bi\u017cuterii. Produkcja bi\u017cuterii trwa zazwyczaj oko\u0142o 5 tygodni, ale zawsze staramy si\u0119, aby Twoja bi\u017cuteria zosta\u0142a wykonana jak najszybciej. Skontaktuj si\u0119 z nami \u2013 wsp\u00f3lnie stworzymy bi\u017cuteri\u0119, kt\u00f3ra stanie si\u0119 cz\u0119\u015bci\u0105 Twojej historii.<\/p>\n","protected":false},"excerpt":{"rendered":"<p>AI Jubiler: pier\u015bcionek z b\u0142\u0119kitnym topazem \u2013 produkcja wed\u0142ug indywidualnego projektu Ten pier\u015bcionek z owalnym b\u0142\u0119kitnym topazem i opraw\u0105 typu [&hellip;]<\/p>\n","protected":false},"featured_media":265778,"template":"","meta":{"site-sidebar-layout":"default","site-content-layout":"","ast-site-content-layout":"default","site-content-style":"default","site-sidebar-style":"default","ast-global-header-display":"","ast-banner-title-visibility":"","ast-main-header-display":"","ast-hfb-above-header-display":"","ast-hfb-below-header-display":"","ast-hfb-mobile-header-display":"","site-post-title":"","ast-breadcrumbs-content":"","ast-featured-img":"","footer-sml-layout":"","ast-disable-related-posts":"","theme-transparent-header-meta":"default","adv-header-id-meta":"","stick-header-meta":"","header-above-stick-meta":"","header-main-stick-meta":"","header-below-stick-meta":"","astra-migrate-meta-layouts":"default","ast-page-background-enabled":"default","ast-page-background-meta":{"desktop":{"background-color":"var(--ast-global-color-4)","background-image":"","background-repeat":"repeat","background-position":"center center","background-size":"auto","background-attachment":"scroll","background-type":"","background-media":"","overlay-type":"","overlay-color":"","overlay-opacity":"","overlay-gradient":""},"tablet":{"background-color":"","background-image":"","background-repeat":"repeat","background-position":"center center","background-size":"auto","background-attachment":"scroll","background-type":"","background-media":"","overlay-type":"","overlay-color":"","overlay-opacity":"","overlay-gradient":""},"mobile":{"background-color":"","background-image":"","background-repeat":"repeat","background-position":"center center","background-size":"auto","background-attachment":"scroll","background-type":"","background-media":"","overlay-type":"","overlay-color":"","overlay-opacity":"","overlay-gradient":""}},"ast-content-background-meta":{"desktop":{"background-color":"var(--ast-global-color-5)","background-image":"","background-repeat":"repeat","background-position":"center center","background-size":"auto","background-attachment":"scroll","background-type":"","background-media":"","overlay-type":"","overlay-color":"","overlay-opacity":"","overlay-gradient":""},"tablet":{"background-color":"var(--ast-global-color-5)","background-image":"","background-repeat":"repeat","background-position":"center center","background-size":"auto","background-attachment":"scroll","background-type":"","background-media":"","overlay-type":"","overlay-color":"","overlay-opacity":"","overlay-gradient":""},"mobile":{"background-color":"var(--ast-global-color-5)","background-image":"","background-repeat":"repeat","background-position":"center center","background-size":"auto","background-attachment":"scroll","background-type":"","background-media":"","overlay-type":"","overlay-color":"","overlay-opacity":"","overlay-gradient":""}}},"product_brand":[],"product_cat":[2871,2877,2878,2861,2869,2879,2993,2872,2853,2875,2876,2860,2854,2855,2859,2852,2868,2994],"product_tag":[],"class_list":{"0":"post-271557","1":"product","2":"type-product","3":"status-publish","4":"has-post-thumbnail","6":"product_cat-bizuteria-dla-kobiet","7":"product_cat-bizuteria-z-kamieniami-polszlachetnymi","8":"product_cat-bizuteria-z-niebieskimi-kamieniami-szlachetnymi","9":"product_cat-bizuteria-z-zoltego-zlota","10":"product_cat-jubiler","11":"product_cat-pierscionki-z-kamieniami-szlachetnymi","12":"product_cat-pierscionki-zareczynowe-typu-halo","13":"product_cat-pomysly-na-prezent","14":"product_cat-prezenty-dla-kobiet","15":"product_cat-prezenty-na-dzien-matki","16":"product_cat-prezenty-na-walentynki","17":"product_cat-prezenty-na-wyjatkowe-okazje","18":"product_cat-prezenty-z-okazji-narodzin-dziecka","19":"product_cat-prezenty-z-okazji-rocznicy-slubu","20":"product_cat-prezenty-z-okazji-ukonczenia-szkoly","21":"product_cat-prezenty-z-okazji-urodzin","22":"product_cat-produkcja-bizuterii","23":"product_cat-produkcja-pierscionkow-zareczynowych","24":"desktop-align-center","25":"tablet-align-left","26":"mobile-align-left","27":"ast-product-gallery-layout-horizontal-slider","28":"ast-product-tabs-layout-accordion","29":"ast-qv-on-image","31":"first","32":"onbackorder","33":"taxable","34":"shipping-taxable","35":"purchasable","36":"product-type-simple"},"yoast_head":"<!-- This site is optimized with the Yoast SEO plugin v26.6 - https:\/\/yoast.com\/wordpress\/plugins\/seo\/ -->\n<title>Pier\u015bcionek z b\u0142\u0119kitnym topazem | Jubiler<\/title>\n<meta name=\"description\" content=\"Pier\u015bcionek z b\u0142\u0119kitnym topazem o owalnym kszta\u0142cie w oprawie halo z \u017c\u00f3\u0142tego z\u0142ota. Indywidualna produkcja jubilerska, certyfikowana jako\u015b\u0107 i wyj\u0105tkowy design.\" \/>\n<meta name=\"robots\" content=\"index, follow, max-snippet:-1, max-image-preview:large, max-video-preview:-1\" \/>\n<link rel=\"canonical\" href=\"https:\/\/fashiongold.lt\/pl\/papuosalas\/topaz-pierscionek-z-topazem-i-diamentami-ai-jubiler\/\" \/>\n<meta property=\"og:locale\" content=\"pl_PL\" \/>\n<meta property=\"og:type\" content=\"article\" \/>\n<meta property=\"og:title\" content=\"Pier\u015bcionek z b\u0142\u0119kitnym topazem | Jubiler\" \/>\n<meta property=\"og:description\" content=\"Pier\u015bcionek z b\u0142\u0119kitnym topazem o owalnym kszta\u0142cie w oprawie halo z \u017c\u00f3\u0142tego z\u0142ota. Indywidualna produkcja jubilerska, certyfikowana jako\u015b\u0107 i wyj\u0105tkowy design.\" \/>\n<meta property=\"og:url\" content=\"https:\/\/fashiongold.lt\/pl\/papuosalas\/topaz-pierscionek-z-topazem-i-diamentami-ai-jubiler\/\" \/>\n<meta property=\"og:site_name\" content=\"FashionGold.lt\" \/>\n<meta property=\"og:image\" content=\"https:\/\/fashiongold.lt\/wp-content\/uploads\/2025\/12\/Auksinis-ziedas-su-ovalo-formos-topazu-ir-deimantais-halo-dizainas.webp\" \/>\n\t<meta property=\"og:image:width\" content=\"1536\" \/>\n\t<meta property=\"og:image:height\" content=\"1024\" \/>\n\t<meta property=\"og:image:type\" content=\"image\/png\" \/>\n<meta name=\"twitter:card\" content=\"summary_large_image\" \/>\n<meta name=\"twitter:label1\" content=\"Szacowany czas czytania\" \/>\n\t<meta name=\"twitter:data1\" content=\"4 minuty\" \/>\n<script type=\"application\/ld+json\" class=\"yoast-schema-graph\">{\"@context\":\"https:\/\/schema.org\",\"@graph\":[{\"@type\":\"WebPage\",\"@id\":\"https:\/\/fashiongold.lt\/pl\/papuosalas\/topaz-pierscionek-z-topazem-i-diamentami-ai-jubiler\/\",\"url\":\"https:\/\/fashiongold.lt\/pl\/papuosalas\/topaz-pierscionek-z-topazem-i-diamentami-ai-jubiler\/\",\"name\":\"Pier\u015bcionek z b\u0142\u0119kitnym topazem | Jubiler\",\"isPartOf\":{\"@id\":\"https:\/\/fashiongold.lt\/pl\/#website\"},\"primaryImageOfPage\":{\"@id\":\"https:\/\/fashiongold.lt\/pl\/papuosalas\/topaz-pierscionek-z-topazem-i-diamentami-ai-jubiler\/#primaryimage\"},\"image\":{\"@id\":\"https:\/\/fashiongold.lt\/pl\/papuosalas\/topaz-pierscionek-z-topazem-i-diamentami-ai-jubiler\/#primaryimage\"},\"thumbnailUrl\":\"https:\/\/fashiongold.lt\/wp-content\/uploads\/2025\/12\/Auksinis-ziedas-su-ovalo-formos-topazu-ir-deimantais-halo-dizainas.png\",\"datePublished\":\"2025-12-28T11:59:11+00:00\",\"description\":\"Pier\u015bcionek z b\u0142\u0119kitnym topazem o owalnym kszta\u0142cie w oprawie halo z \u017c\u00f3\u0142tego z\u0142ota. Indywidualna produkcja jubilerska, certyfikowana jako\u015b\u0107 i wyj\u0105tkowy design.\",\"breadcrumb\":{\"@id\":\"https:\/\/fashiongold.lt\/pl\/papuosalas\/topaz-pierscionek-z-topazem-i-diamentami-ai-jubiler\/#breadcrumb\"},\"inLanguage\":\"pl-PL\",\"potentialAction\":[{\"@type\":\"ReadAction\",\"target\":[\"https:\/\/fashiongold.lt\/pl\/papuosalas\/topaz-pierscionek-z-topazem-i-diamentami-ai-jubiler\/\"]}]},{\"@type\":\"ImageObject\",\"inLanguage\":\"pl-PL\",\"@id\":\"https:\/\/fashiongold.lt\/pl\/papuosalas\/topaz-pierscionek-z-topazem-i-diamentami-ai-jubiler\/#primaryimage\",\"url\":\"https:\/\/fashiongold.lt\/wp-content\/uploads\/2025\/12\/Auksinis-ziedas-su-ovalo-formos-topazu-ir-deimantais-halo-dizainas.png\",\"contentUrl\":\"https:\/\/fashiongold.lt\/wp-content\/uploads\/2025\/12\/Auksinis-ziedas-su-ovalo-formos-topazu-ir-deimantais-halo-dizainas.png\",\"width\":1536,\"height\":1024,\"caption\":\"Auksinis z\u030ciedas su ovalo formos topazu ir deimantais halo dizainas\"},{\"@type\":\"BreadcrumbList\",\"@id\":\"https:\/\/fashiongold.lt\/pl\/papuosalas\/topaz-pierscionek-z-topazem-i-diamentami-ai-jubiler\/#breadcrumb\",\"itemListElement\":[{\"@type\":\"ListItem\",\"position\":1,\"name\":\"Home\",\"item\":\"https:\/\/fashiongold.lt\/pl\/\"},{\"@type\":\"ListItem\",\"position\":2,\"name\":\"Sklep z diamentami Fashiongold.lt\",\"item\":\"https:\/\/fashiongold.lt\/shop-2\/\"},{\"@type\":\"ListItem\",\"position\":3,\"name\":\"Topaz &#8211; Pier\u015bcionek z topazem i diamentami. AI Jubiler\"}]},{\"@type\":\"WebSite\",\"@id\":\"https:\/\/fashiongold.lt\/pl\/#website\",\"url\":\"https:\/\/fashiongold.lt\/pl\/\",\"name\":\"Fashion Gold\",\"description\":\"Juvelyrikos namai\",\"publisher\":{\"@id\":\"https:\/\/fashiongold.lt\/pl\/#organization\"},\"potentialAction\":[{\"@type\":\"SearchAction\",\"target\":{\"@type\":\"EntryPoint\",\"urlTemplate\":\"https:\/\/fashiongold.lt\/pl\/?s={search_term_string}\"},\"query-input\":{\"@type\":\"PropertyValueSpecification\",\"valueRequired\":true,\"valueName\":\"search_term_string\"}}],\"inLanguage\":\"pl-PL\"},{\"@type\":\"Organization\",\"@id\":\"https:\/\/fashiongold.lt\/pl\/#organization\",\"name\":\"Topdiamonds Online\",\"url\":\"https:\/\/fashiongold.lt\/pl\/\",\"logo\":{\"@type\":\"ImageObject\",\"inLanguage\":\"pl-PL\",\"@id\":\"https:\/\/fashiongold.lt\/pl\/#\/schema\/logo\/image\/\",\"url\":\"https:\/\/fashiongold.lt\/wp-content\/uploads\/2025\/04\/cropped-fashion_gold_logotipas2-scaled-1.png\",\"contentUrl\":\"https:\/\/fashiongold.lt\/wp-content\/uploads\/2025\/04\/cropped-fashion_gold_logotipas2-scaled-1.png\",\"width\":2559,\"height\":421,\"caption\":\"Topdiamonds Online\"},\"image\":{\"@id\":\"https:\/\/fashiongold.lt\/pl\/#\/schema\/logo\/image\/\"}}]}<\/script>\n<!-- \/ Yoast SEO plugin. -->","yoast_head_json":{"title":"Pier\u015bcionek z b\u0142\u0119kitnym topazem | Jubiler","description":"Pier\u015bcionek z b\u0142\u0119kitnym topazem o owalnym kszta\u0142cie w oprawie halo z \u017c\u00f3\u0142tego z\u0142ota. Indywidualna produkcja jubilerska, certyfikowana jako\u015b\u0107 i wyj\u0105tkowy design.","robots":{"index":"index","follow":"follow","max-snippet":"max-snippet:-1","max-image-preview":"max-image-preview:large","max-video-preview":"max-video-preview:-1"},"canonical":"https:\/\/fashiongold.lt\/pl\/papuosalas\/topaz-pierscionek-z-topazem-i-diamentami-ai-jubiler\/","og_locale":"pl_PL","og_type":"article","og_title":"Pier\u015bcionek z b\u0142\u0119kitnym topazem | Jubiler","og_description":"Pier\u015bcionek z b\u0142\u0119kitnym topazem o owalnym kszta\u0142cie w oprawie halo z \u017c\u00f3\u0142tego z\u0142ota. Indywidualna produkcja jubilerska, certyfikowana jako\u015b\u0107 i wyj\u0105tkowy design.","og_url":"https:\/\/fashiongold.lt\/pl\/papuosalas\/topaz-pierscionek-z-topazem-i-diamentami-ai-jubiler\/","og_site_name":"FashionGold.lt","og_image":[{"width":1536,"height":1024,"url":"https:\/\/fashiongold.lt\/wp-content\/uploads\/2025\/12\/Auksinis-ziedas-su-ovalo-formos-topazu-ir-deimantais-halo-dizainas.webp","type":"image\/png"}],"twitter_card":"summary_large_image","twitter_misc":{"Szacowany czas czytania":"4 minuty"},"schema":{"@context":"https:\/\/schema.org","@graph":[{"@type":"WebPage","@id":"https:\/\/fashiongold.lt\/pl\/papuosalas\/topaz-pierscionek-z-topazem-i-diamentami-ai-jubiler\/","url":"https:\/\/fashiongold.lt\/pl\/papuosalas\/topaz-pierscionek-z-topazem-i-diamentami-ai-jubiler\/","name":"Pier\u015bcionek z b\u0142\u0119kitnym topazem | Jubiler","isPartOf":{"@id":"https:\/\/fashiongold.lt\/pl\/#website"},"primaryImageOfPage":{"@id":"https:\/\/fashiongold.lt\/pl\/papuosalas\/topaz-pierscionek-z-topazem-i-diamentami-ai-jubiler\/#primaryimage"},"image":{"@id":"https:\/\/fashiongold.lt\/pl\/papuosalas\/topaz-pierscionek-z-topazem-i-diamentami-ai-jubiler\/#primaryimage"},"thumbnailUrl":"https:\/\/fashiongold.lt\/wp-content\/uploads\/2025\/12\/Auksinis-ziedas-su-ovalo-formos-topazu-ir-deimantais-halo-dizainas.png","datePublished":"2025-12-28T11:59:11+00:00","description":"Pier\u015bcionek z b\u0142\u0119kitnym topazem o owalnym kszta\u0142cie w oprawie halo z \u017c\u00f3\u0142tego z\u0142ota. Indywidualna produkcja jubilerska, certyfikowana jako\u015b\u0107 i wyj\u0105tkowy design.","breadcrumb":{"@id":"https:\/\/fashiongold.lt\/pl\/papuosalas\/topaz-pierscionek-z-topazem-i-diamentami-ai-jubiler\/#breadcrumb"},"inLanguage":"pl-PL","potentialAction":[{"@type":"ReadAction","target":["https:\/\/fashiongold.lt\/pl\/papuosalas\/topaz-pierscionek-z-topazem-i-diamentami-ai-jubiler\/"]}]},{"@type":"ImageObject","inLanguage":"pl-PL","@id":"https:\/\/fashiongold.lt\/pl\/papuosalas\/topaz-pierscionek-z-topazem-i-diamentami-ai-jubiler\/#primaryimage","url":"https:\/\/fashiongold.lt\/wp-content\/uploads\/2025\/12\/Auksinis-ziedas-su-ovalo-formos-topazu-ir-deimantais-halo-dizainas.png","contentUrl":"https:\/\/fashiongold.lt\/wp-content\/uploads\/2025\/12\/Auksinis-ziedas-su-ovalo-formos-topazu-ir-deimantais-halo-dizainas.png","width":1536,"height":1024,"caption":"Auksinis z\u030ciedas su ovalo formos topazu ir deimantais halo dizainas"},{"@type":"BreadcrumbList","@id":"https:\/\/fashiongold.lt\/pl\/papuosalas\/topaz-pierscionek-z-topazem-i-diamentami-ai-jubiler\/#breadcrumb","itemListElement":[{"@type":"ListItem","position":1,"name":"Home","item":"https:\/\/fashiongold.lt\/pl\/"},{"@type":"ListItem","position":2,"name":"Sklep z diamentami Fashiongold.lt","item":"https:\/\/fashiongold.lt\/shop-2\/"},{"@type":"ListItem","position":3,"name":"Topaz &#8211; Pier\u015bcionek z topazem i diamentami. AI Jubiler"}]},{"@type":"WebSite","@id":"https:\/\/fashiongold.lt\/pl\/#website","url":"https:\/\/fashiongold.lt\/pl\/","name":"Fashion Gold","description":"Juvelyrikos namai","publisher":{"@id":"https:\/\/fashiongold.lt\/pl\/#organization"},"potentialAction":[{"@type":"SearchAction","target":{"@type":"EntryPoint","urlTemplate":"https:\/\/fashiongold.lt\/pl\/?s={search_term_string}"},"query-input":{"@type":"PropertyValueSpecification","valueRequired":true,"valueName":"search_term_string"}}],"inLanguage":"pl-PL"},{"@type":"Organization","@id":"https:\/\/fashiongold.lt\/pl\/#organization","name":"Topdiamonds Online","url":"https:\/\/fashiongold.lt\/pl\/","logo":{"@type":"ImageObject","inLanguage":"pl-PL","@id":"https:\/\/fashiongold.lt\/pl\/#\/schema\/logo\/image\/","url":"https:\/\/fashiongold.lt\/wp-content\/uploads\/2025\/04\/cropped-fashion_gold_logotipas2-scaled-1.png","contentUrl":"https:\/\/fashiongold.lt\/wp-content\/uploads\/2025\/04\/cropped-fashion_gold_logotipas2-scaled-1.png","width":2559,"height":421,"caption":"Topdiamonds Online"},"image":{"@id":"https:\/\/fashiongold.lt\/pl\/#\/schema\/logo\/image\/"}}]}},"_links":{"self":[{"href":"https:\/\/fashiongold.lt\/pl\/wp-json\/wp\/v2\/product\/271557","targetHints":{"allow":["GET"]}}],"collection":[{"href":"https:\/\/fashiongold.lt\/pl\/wp-json\/wp\/v2\/product"}],"about":[{"href":"https:\/\/fashiongold.lt\/pl\/wp-json\/wp\/v2\/types\/product"}],"version-history":[{"count":0,"href":"https:\/\/fashiongold.lt\/pl\/wp-json\/wp\/v2\/product\/271557\/revisions"}],"wp:featuredmedia":[{"embeddable":true,"href":"https:\/\/fashiongold.lt\/pl\/wp-json\/wp\/v2\/media\/265778"}],"wp:attachment":[{"href":"https:\/\/fashiongold.lt\/pl\/wp-json\/wp\/v2\/media?parent=271557"}],"wp:term":[{"taxonomy":"product_brand","embeddable":true,"href":"https:\/\/fashiongold.lt\/pl\/wp-json\/wp\/v2\/product_brand?post=271557"},{"taxonomy":"product_cat","embeddable":true,"href":"https:\/\/fashiongold.lt\/pl\/wp-json\/wp\/v2\/product_cat?post=271557"},{"taxonomy":"product_tag","embeddable":true,"href":"https:\/\/fashiongold.lt\/pl\/wp-json\/wp\/v2\/product_tag?post=271557"}],"curies":[{"name":"wp","href":"https:\/\/api.w.org\/{rel}","templated":true}]}}