{"id":272541,"date":"2025-12-28T10:47:00","date_gmt":"2025-12-28T10:47:00","guid":{"rendered":"https:\/\/fashiongold.lt\/papuosalas\/granaty-kolczyki-z-granatami-ai-jubiler\/"},"modified":"2025-12-28T10:47:00","modified_gmt":"2025-12-28T10:47:00","slug":"granaty-kolczyki-z-granatami-ai-jubiler","status":"publish","type":"product","link":"https:\/\/fashiongold.lt\/pl\/papuosalas\/granaty-kolczyki-z-granatami-ai-jubiler\/","title":{"rendered":"Granaty &#8211; Kolczyki z granatami. AI Jubiler"},"content":{"rendered":"<h3 data-start=\"192\" data-end=\"289\">AI Jubiler: kolczyki sztyfty z czerwonymi granatami \u2013 produkcja wed\u0142ug indywidualnego projektu<\/h3>\n<p data-start=\"304\" data-end=\"736\">Kolczyki sztyfty z okr\u0105g\u0142ymi czerwonymi granatami to indywidualny projekt stworzony i wykonany przez jubilera, w kt\u00f3rym ka\u017cdy szczeg\u00f3\u0142 jest przemy\u015blany z uwzgl\u0119dnieniem wybranego kamienia szlachetnego \u2013 granatu, wyr\u00f3\u017cniaj\u0105cego si\u0119 nasycon\u0105 czerwon\u0105 barw\u0105, g\u0142\u0119bokim odcieniem i \u017cywym blaskiem. To nie jest produkt seryjny \u2013 to prawdziwe rzemios\u0142o jubilerskie, kt\u00f3re zaczyna si\u0119 od pomys\u0142u, a ko\u0144czy na r\u0119cznie wykonanych, unikatowych kolczykach.<\/p>\n<p data-start=\"738\" data-end=\"1234\">Projektuj\u0105c kolczyki sztyfty z czerwonymi granatami, jubiler najpierw ocenia w\u0142a\u015bciwo\u015bci samego kamienia \u2013 intensywno\u015b\u0107 koloru, przejrzysto\u015b\u0107, proporcje okr\u0105g\u0142ego kszta\u0142tu oraz gr\u0119 \u015bwiat\u0142a. To w\u0142a\u015bnie pod konkretny kamie\u0144 granatu tworzony jest ca\u0142y projekt: wielko\u015b\u0107 kolczyk\u00f3w, wysoko\u015b\u0107 korony, rozmieszczenie diament\u00f3w halo i og\u00f3lny balans wizualny. Ka\u017cda para kolczyk\u00f3w wymaga niezwykle starannej i profesjonalnej pracy, aby osi\u0105gn\u0105\u0107 idealne po\u0142\u0105czenie estetyki, wygody i trwa\u0142o\u015bci.<\/p>\n<p data-start=\"1236\" data-end=\"1337\">Kolczyki sztyfty z czerwonymi granatami s\u0105 wykonywane na indywidualne zam\u00f3wienie, dlatego mo\u017cemy dostosowa\u0107:<\/p>\n<ul data-start=\"997\" data-end=\"1252\">\n<li data-start=\"997\" data-end=\"1056\">\n<p data-start=\"999\" data-end=\"1056\">dowolny kolor z\u0142ota (bia\u0142y, \u017c\u00f3\u0142ty lub czerwony),<\/p>\n<\/li>\n<li data-start=\"1057\" data-end=\"1103\">\n<p data-start=\"1059\" data-end=\"1103\">wybran\u0105 <a href=\"https:\/\/fashiongold.lt\/pl\/patarimai-pl\/proba-zlota-w-bizuterii-jak-wybrac-odpowiednia\/\">pr\u00f3b\u0119<\/a> z\u0142ota \u2013 585 lub 750,<\/p>\n<\/li>\n<li data-start=\"1104\" data-end=\"1152\">\n<p data-start=\"1106\" data-end=\"1152\">r\u00f3\u017cn\u0105 wielko\u015b\u0107 diament\u00f3w i ich uk\u0142ad,<\/p>\n<\/li>\n<li data-start=\"1153\" data-end=\"1252\">\n<p data-start=\"1155\" data-end=\"1252\">indywidualny odcie\u0144 czerwonego granatu \u2013 od ciemnowi\u015bniowego po ja\u015bniejsz\u0105, ognist\u0105 czerwie\u0144.<\/p>\n<\/li>\n<\/ul>\n<p data-start=\"1602\" data-end=\"1811\">Wybieraj\u0105c kolczyki wed\u0142ug indywidualnego projektu, najwa\u017cniejsze jest to, co pasuje do Twojej osobowo\u015bci, stylu i stylu \u017cycia. Takie kolczyki staj\u0105 si\u0119 nie tylko subtelnym, ale i emocjonalnie istotnym detalem jubilerskim.<\/p>\n<p data-start=\"1813\" data-end=\"2250\">W tym modelu wybrano design typu halo, kt\u00f3ry subtelnie podkre\u015bla blask okr\u0105g\u0142ego czerwonego granatu i nadaje kolczykom dodatkowego luksusu oraz klasycznej elegancji. Drobne diamenty elegancko obramowuj\u0105 centralny kamie\u0144, wzmacniaj\u0105c gr\u0119 \u015bwiat\u0142a, a sam kamie\u0144 szlachetny \u2013 czerwony granat \u2013 staje si\u0119 g\u0142\u00f3wnym akcentem kompozycji. Granat od dawna kojarzony jest z mi\u0142o\u015bci\u0105, pasj\u0105, wewn\u0119trzn\u0105 si\u0142\u0105 i energi\u0105 \u017cyciow\u0105.<\/p>\n<p data-start=\"2252\" data-end=\"2446\">Wszystkie kolczyki sztyfty z czerwonymi granatami oraz inna bi\u017cuteria s\u0105 produkowane na Litwie i posiadaj\u0105 certyfikaty Litewskiej Izby Probierczej, co gwarantuje autentyczno\u015b\u0107 metali oraz najwy\u017csz\u0105 jako\u015b\u0107.<\/p>\n<p data-start=\"2017\" data-end=\"2283\">Jest to <a href=\"https:\/\/fashiongold.lt\/pl\/patarimai-pl\/jubiler-kiedy-twoje-marzenie-przybiera-forme-zlota\/\">produkcja<\/a> jubilerska wed\u0142ug indywidualnego projektu, przeznaczona dla tych, kt\u00f3rzy szukaj\u0105 nie tylko kolczyk\u00f3w, ale i osobistej historii stworzonej ze z\u0142ota, diament\u00f3w i czerwonego granatu. Ka\u017cda taka para kolczyk\u00f3w jest unikatowa, stworzona specjalnie dla Ciebie i wybranego przez Ciebie kamienia szlachetnego.<\/p>\n<h4>Nasze us\u0142ugi<\/h4>\n<p>Oferujemy <a href=\"https:\/\/fashiongold.lt\/pl\/kategorija\/produkcja-bizuterii\/\" target=\"_self\" rel=\"noopener noreferrer\">indywidualny projekt, w kt\u00f3rym ka\u017cda bi\u017cuteria powstaje zgodnie z Twoimi pomys\u0142ami i wizj\u0105<\/a>. Zajmujemy si\u0119 r\u00f3wnie\u017c renowacj\u0105, aby Twoja cenna bi\u017cuteria zn\u00f3w l\u015bni\u0142a jak nowa. Ka\u017cde nasze dzie\u0142o to nie tylko ozdoba, ale i odzwierciedlenie Twojej osobowo\u015bci. Ka\u017cda nasza praca jest dowodem na to, \u017ce jako\u015b\u0107 i kreatywno\u015b\u0107 mog\u0105 i\u015b\u0107 w parze.<\/p>\n<h4>Otwarto\u015b\u0107 i Gwarancja<\/h4>\n<p>Naszym podej\u015bciem jest otwarto\u015b\u0107 i szczera komunikacja z ka\u017cdym klientem. Od pierwszej konsultacji po ko\u0144cowy odbi\u00f3r bi\u017cuterii jeste\u015bmy obok, aby pom\u00f3c Ci we wszystkich kwestiach. Na wszystkie nasze produkty udzielamy 5-letniej gwarancji jako\u015bci, dzi\u0119ki czemu mo\u017cesz by\u0107 pewien ich niezawodno\u015bci i trwa\u0142o\u015bci. Nasza gwarancja obejmuje wszystkie aspekty jako\u015bci wykonania, aby\u015b m\u00f3g\u0142 cieszy\u0107 si\u0119 bi\u017cuteri\u0105 bez obaw przez wiele lat. Dbamy o to, aby ka\u017cdy nasz klient czu\u0142 si\u0119 pewnie i wiedzia\u0142, \u017ce nasza bi\u017cuteria jest godna zaufania.<\/p>\n<h4>Zam\u00f3wienia i konsultacje<\/h4>\n<p>Je\u015bli chcesz zam\u00f3wi\u0107 indywidualn\u0105 bi\u017cuteri\u0119 lub skonsultowa\u0107 swoje pomys\u0142y, nasz zesp\u00f3\u0142 jest zawsze gotowy do pomocy. Podczas konsultacji omawiamy Twoj\u0105 wizj\u0119, preferencje i proponujemy najlepsze rozwi\u0105zania, aby stworzy\u0107 bi\u017cuteri\u0119 spe\u0142niaj\u0105c\u0105 Twoje oczekiwania. Ka\u017cdemu zam\u00f3wieniu po\u015bwi\u0119camy szczeg\u00f3ln\u0105 uwag\u0119, dlatego mo\u017cemy zaproponowa\u0107 indywidualne rozwi\u0105zania zar\u00f3wno dla pier\u015bcionk\u00f3w zar\u0119czynowych, jak i innej bi\u017cuterii. Produkcja bi\u017cuterii trwa zazwyczaj oko\u0142o 5 tygodni, ale zawsze staramy si\u0119, aby Twoja bi\u017cuteria zosta\u0142a wykonana jak najszybciej. Skontaktuj si\u0119 z nami \u2013 wsp\u00f3lnie stworzymy bi\u017cuteri\u0119, kt\u00f3ra stanie si\u0119 cz\u0119\u015bci\u0105 Twojej historii.<\/p>\n","protected":false},"excerpt":{"rendered":"<p>AI Jubiler: kolczyki sztyfty z czerwonymi granatami \u2013 produkcja wed\u0142ug indywidualnego projektu Kolczyki sztyfty z okr\u0105g\u0142ymi czerwonymi granatami to indywidualny [&hellip;]<\/p>\n","protected":false},"featured_media":265676,"template":"","meta":{"site-sidebar-layout":"default","site-content-layout":"","ast-site-content-layout":"default","site-content-style":"default","site-sidebar-style":"default","ast-global-header-display":"","ast-banner-title-visibility":"","ast-main-header-display":"","ast-hfb-above-header-display":"","ast-hfb-below-header-display":"","ast-hfb-mobile-header-display":"","site-post-title":"","ast-breadcrumbs-content":"","ast-featured-img":"","footer-sml-layout":"","ast-disable-related-posts":"","theme-transparent-header-meta":"default","adv-header-id-meta":"","stick-header-meta":"","header-above-stick-meta":"","header-main-stick-meta":"","header-below-stick-meta":"","astra-migrate-meta-layouts":"default","ast-page-background-enabled":"default","ast-page-background-meta":{"desktop":{"background-color":"var(--ast-global-color-4)","background-image":"","background-repeat":"repeat","background-position":"center center","background-size":"auto","background-attachment":"scroll","background-type":"","background-media":"","overlay-type":"","overlay-color":"","overlay-opacity":"","overlay-gradient":""},"tablet":{"background-color":"","background-image":"","background-repeat":"repeat","background-position":"center center","background-size":"auto","background-attachment":"scroll","background-type":"","background-media":"","overlay-type":"","overlay-color":"","overlay-opacity":"","overlay-gradient":""},"mobile":{"background-color":"","background-image":"","background-repeat":"repeat","background-position":"center center","background-size":"auto","background-attachment":"scroll","background-type":"","background-media":"","overlay-type":"","overlay-color":"","overlay-opacity":"","overlay-gradient":""}},"ast-content-background-meta":{"desktop":{"background-color":"var(--ast-global-color-5)","background-image":"","background-repeat":"repeat","background-position":"center center","background-size":"auto","background-attachment":"scroll","background-type":"","background-media":"","overlay-type":"","overlay-color":"","overlay-opacity":"","overlay-gradient":""},"tablet":{"background-color":"var(--ast-global-color-5)","background-image":"","background-repeat":"repeat","background-position":"center center","background-size":"auto","background-attachment":"scroll","background-type":"","background-media":"","overlay-type":"","overlay-color":"","overlay-opacity":"","overlay-gradient":""},"mobile":{"background-color":"var(--ast-global-color-5)","background-image":"","background-repeat":"repeat","background-position":"center center","background-size":"auto","background-attachment":"scroll","background-type":"","background-media":"","overlay-type":"","overlay-color":"","overlay-opacity":"","overlay-gradient":""}}},"product_brand":[],"product_cat":[2871,3056,2877,2869,2975,2974,2872,2853,2875,2876,2860,2857,2854,2855,2859,2852,2868],"product_tag":[],"class_list":{"0":"post-272541","1":"product","2":"type-product","3":"status-publish","4":"has-post-thumbnail","6":"product_cat-bizuteria-dla-kobiet","7":"product_cat-bizuteria-z-czerwonymi-kamieniami-szlachetnymi","8":"product_cat-bizuteria-z-kamieniami-polszlachetnymi","9":"product_cat-jubiler","10":"product_cat-kolczyki-sztyfty","11":"product_cat-kolczyki-z-kamieniami-szlachetnymi","12":"product_cat-pomysly-na-prezent","13":"product_cat-prezenty-dla-kobiet","14":"product_cat-prezenty-na-dzien-matki","15":"product_cat-prezenty-na-walentynki","16":"product_cat-prezenty-na-wyjatkowe-okazje","17":"product_cat-prezenty-swiateczne","18":"product_cat-prezenty-z-okazji-narodzin-dziecka","19":"product_cat-prezenty-z-okazji-rocznicy-slubu","20":"product_cat-prezenty-z-okazji-ukonczenia-szkoly","21":"product_cat-prezenty-z-okazji-urodzin","22":"product_cat-produkcja-bizuterii","23":"desktop-align-center","24":"tablet-align-left","25":"mobile-align-left","26":"ast-product-gallery-layout-horizontal-slider","27":"ast-product-tabs-layout-accordion","28":"ast-qv-on-image","30":"first","31":"onbackorder","32":"taxable","33":"shipping-taxable","34":"purchasable","35":"product-type-simple"},"yoast_head":"<!-- This site is optimized with the Yoast SEO plugin v26.6 - https:\/\/yoast.com\/wordpress\/plugins\/seo\/ -->\n<title>Kolczyki z czerwonym granatem | Design halo | Indywidualna produkcja<\/title>\n<meta name=\"description\" content=\"R\u0119cznie wykonane kolczyki sztyfty z czerwonym granatem i wzorem halo z diament\u00f3w. Indywidualna produkcja na Litwie, najwy\u017csza jako\u015b\u0107, 5 lat gwarancji.\" \/>\n<meta name=\"robots\" content=\"index, follow, max-snippet:-1, max-image-preview:large, max-video-preview:-1\" \/>\n<link rel=\"canonical\" href=\"https:\/\/fashiongold.lt\/pl\/papuosalas\/granaty-kolczyki-z-granatami-ai-jubiler\/\" \/>\n<meta property=\"og:locale\" content=\"pl_PL\" \/>\n<meta property=\"og:type\" content=\"article\" \/>\n<meta property=\"og:title\" content=\"Kolczyki z czerwonym granatem | Design halo | Indywidualna produkcja\" \/>\n<meta property=\"og:description\" content=\"R\u0119cznie wykonane kolczyki sztyfty z czerwonym granatem i wzorem halo z diament\u00f3w. Indywidualna produkcja na Litwie, najwy\u017csza jako\u015b\u0107, 5 lat gwarancji.\" \/>\n<meta property=\"og:url\" content=\"https:\/\/fashiongold.lt\/pl\/papuosalas\/granaty-kolczyki-z-granatami-ai-jubiler\/\" \/>\n<meta property=\"og:site_name\" content=\"FashionGold.lt\" \/>\n<meta property=\"og:image\" content=\"https:\/\/fashiongold.lt\/wp-content\/uploads\/2025\/12\/Auskarai-su-apvaliais-granatais-centre-ir-deimantais-1024x683.png\" \/>\n\t<meta property=\"og:image:width\" content=\"1024\" \/>\n\t<meta property=\"og:image:height\" content=\"683\" \/>\n\t<meta property=\"og:image:type\" content=\"image\/png\" \/>\n<meta name=\"twitter:card\" content=\"summary_large_image\" \/>\n<meta name=\"twitter:label1\" content=\"Szacowany czas czytania\" \/>\n\t<meta name=\"twitter:data1\" content=\"3 minuty\" \/>\n<script type=\"application\/ld+json\" class=\"yoast-schema-graph\">{\"@context\":\"https:\/\/schema.org\",\"@graph\":[{\"@type\":\"WebPage\",\"@id\":\"https:\/\/fashiongold.lt\/pl\/papuosalas\/granaty-kolczyki-z-granatami-ai-jubiler\/\",\"url\":\"https:\/\/fashiongold.lt\/pl\/papuosalas\/granaty-kolczyki-z-granatami-ai-jubiler\/\",\"name\":\"Kolczyki z czerwonym granatem | Design halo | Indywidualna produkcja\",\"isPartOf\":{\"@id\":\"https:\/\/fashiongold.lt\/pl\/#website\"},\"primaryImageOfPage\":{\"@id\":\"https:\/\/fashiongold.lt\/pl\/papuosalas\/granaty-kolczyki-z-granatami-ai-jubiler\/#primaryimage\"},\"image\":{\"@id\":\"https:\/\/fashiongold.lt\/pl\/papuosalas\/granaty-kolczyki-z-granatami-ai-jubiler\/#primaryimage\"},\"thumbnailUrl\":\"https:\/\/fashiongold.lt\/wp-content\/uploads\/2025\/12\/Auskarai-su-apvaliais-granatais-centre-ir-deimantais.png\",\"datePublished\":\"2025-12-28T10:47:00+00:00\",\"description\":\"R\u0119cznie wykonane kolczyki sztyfty z czerwonym granatem i wzorem halo z diament\u00f3w. Indywidualna produkcja na Litwie, najwy\u017csza jako\u015b\u0107, 5 lat gwarancji.\",\"breadcrumb\":{\"@id\":\"https:\/\/fashiongold.lt\/pl\/papuosalas\/granaty-kolczyki-z-granatami-ai-jubiler\/#breadcrumb\"},\"inLanguage\":\"pl-PL\",\"potentialAction\":[{\"@type\":\"ReadAction\",\"target\":[\"https:\/\/fashiongold.lt\/pl\/papuosalas\/granaty-kolczyki-z-granatami-ai-jubiler\/\"]}]},{\"@type\":\"ImageObject\",\"inLanguage\":\"pl-PL\",\"@id\":\"https:\/\/fashiongold.lt\/pl\/papuosalas\/granaty-kolczyki-z-granatami-ai-jubiler\/#primaryimage\",\"url\":\"https:\/\/fashiongold.lt\/wp-content\/uploads\/2025\/12\/Auskarai-su-apvaliais-granatais-centre-ir-deimantais.png\",\"contentUrl\":\"https:\/\/fashiongold.lt\/wp-content\/uploads\/2025\/12\/Auskarai-su-apvaliais-granatais-centre-ir-deimantais.png\",\"width\":1536,\"height\":1024,\"caption\":\"auskarai su apvaliais granatais centre, baltas auksas, deimantai\"},{\"@type\":\"BreadcrumbList\",\"@id\":\"https:\/\/fashiongold.lt\/pl\/papuosalas\/granaty-kolczyki-z-granatami-ai-jubiler\/#breadcrumb\",\"itemListElement\":[{\"@type\":\"ListItem\",\"position\":1,\"name\":\"Home\",\"item\":\"https:\/\/fashiongold.lt\/pl\/\"},{\"@type\":\"ListItem\",\"position\":2,\"name\":\"Sklep z diamentami Fashiongold.lt\",\"item\":\"https:\/\/fashiongold.lt\/shop-2\/\"},{\"@type\":\"ListItem\",\"position\":3,\"name\":\"Granaty &#8211; Kolczyki z granatami. AI Jubiler\"}]},{\"@type\":\"WebSite\",\"@id\":\"https:\/\/fashiongold.lt\/pl\/#website\",\"url\":\"https:\/\/fashiongold.lt\/pl\/\",\"name\":\"Fashion Gold\",\"description\":\"Juvelyrikos namai\",\"publisher\":{\"@id\":\"https:\/\/fashiongold.lt\/pl\/#organization\"},\"potentialAction\":[{\"@type\":\"SearchAction\",\"target\":{\"@type\":\"EntryPoint\",\"urlTemplate\":\"https:\/\/fashiongold.lt\/pl\/?s={search_term_string}\"},\"query-input\":{\"@type\":\"PropertyValueSpecification\",\"valueRequired\":true,\"valueName\":\"search_term_string\"}}],\"inLanguage\":\"pl-PL\"},{\"@type\":\"Organization\",\"@id\":\"https:\/\/fashiongold.lt\/pl\/#organization\",\"name\":\"Topdiamonds Online\",\"url\":\"https:\/\/fashiongold.lt\/pl\/\",\"logo\":{\"@type\":\"ImageObject\",\"inLanguage\":\"pl-PL\",\"@id\":\"https:\/\/fashiongold.lt\/pl\/#\/schema\/logo\/image\/\",\"url\":\"https:\/\/fashiongold.lt\/wp-content\/uploads\/2025\/04\/cropped-fashion_gold_logotipas2-scaled-1.png\",\"contentUrl\":\"https:\/\/fashiongold.lt\/wp-content\/uploads\/2025\/04\/cropped-fashion_gold_logotipas2-scaled-1.png\",\"width\":2559,\"height\":421,\"caption\":\"Topdiamonds Online\"},\"image\":{\"@id\":\"https:\/\/fashiongold.lt\/pl\/#\/schema\/logo\/image\/\"}}]}<\/script>\n<!-- \/ Yoast SEO plugin. -->","yoast_head_json":{"title":"Kolczyki z czerwonym granatem | Design halo | Indywidualna produkcja","description":"R\u0119cznie wykonane kolczyki sztyfty z czerwonym granatem i wzorem halo z diament\u00f3w. Indywidualna produkcja na Litwie, najwy\u017csza jako\u015b\u0107, 5 lat gwarancji.","robots":{"index":"index","follow":"follow","max-snippet":"max-snippet:-1","max-image-preview":"max-image-preview:large","max-video-preview":"max-video-preview:-1"},"canonical":"https:\/\/fashiongold.lt\/pl\/papuosalas\/granaty-kolczyki-z-granatami-ai-jubiler\/","og_locale":"pl_PL","og_type":"article","og_title":"Kolczyki z czerwonym granatem | Design halo | Indywidualna produkcja","og_description":"R\u0119cznie wykonane kolczyki sztyfty z czerwonym granatem i wzorem halo z diament\u00f3w. Indywidualna produkcja na Litwie, najwy\u017csza jako\u015b\u0107, 5 lat gwarancji.","og_url":"https:\/\/fashiongold.lt\/pl\/papuosalas\/granaty-kolczyki-z-granatami-ai-jubiler\/","og_site_name":"FashionGold.lt","og_image":[{"width":1024,"height":683,"url":"https:\/\/fashiongold.lt\/wp-content\/uploads\/2025\/12\/Auskarai-su-apvaliais-granatais-centre-ir-deimantais-1024x683.png","type":"image\/png"}],"twitter_card":"summary_large_image","twitter_misc":{"Szacowany czas czytania":"3 minuty"},"schema":{"@context":"https:\/\/schema.org","@graph":[{"@type":"WebPage","@id":"https:\/\/fashiongold.lt\/pl\/papuosalas\/granaty-kolczyki-z-granatami-ai-jubiler\/","url":"https:\/\/fashiongold.lt\/pl\/papuosalas\/granaty-kolczyki-z-granatami-ai-jubiler\/","name":"Kolczyki z czerwonym granatem | Design halo | Indywidualna produkcja","isPartOf":{"@id":"https:\/\/fashiongold.lt\/pl\/#website"},"primaryImageOfPage":{"@id":"https:\/\/fashiongold.lt\/pl\/papuosalas\/granaty-kolczyki-z-granatami-ai-jubiler\/#primaryimage"},"image":{"@id":"https:\/\/fashiongold.lt\/pl\/papuosalas\/granaty-kolczyki-z-granatami-ai-jubiler\/#primaryimage"},"thumbnailUrl":"https:\/\/fashiongold.lt\/wp-content\/uploads\/2025\/12\/Auskarai-su-apvaliais-granatais-centre-ir-deimantais.png","datePublished":"2025-12-28T10:47:00+00:00","description":"R\u0119cznie wykonane kolczyki sztyfty z czerwonym granatem i wzorem halo z diament\u00f3w. Indywidualna produkcja na Litwie, najwy\u017csza jako\u015b\u0107, 5 lat gwarancji.","breadcrumb":{"@id":"https:\/\/fashiongold.lt\/pl\/papuosalas\/granaty-kolczyki-z-granatami-ai-jubiler\/#breadcrumb"},"inLanguage":"pl-PL","potentialAction":[{"@type":"ReadAction","target":["https:\/\/fashiongold.lt\/pl\/papuosalas\/granaty-kolczyki-z-granatami-ai-jubiler\/"]}]},{"@type":"ImageObject","inLanguage":"pl-PL","@id":"https:\/\/fashiongold.lt\/pl\/papuosalas\/granaty-kolczyki-z-granatami-ai-jubiler\/#primaryimage","url":"https:\/\/fashiongold.lt\/wp-content\/uploads\/2025\/12\/Auskarai-su-apvaliais-granatais-centre-ir-deimantais.png","contentUrl":"https:\/\/fashiongold.lt\/wp-content\/uploads\/2025\/12\/Auskarai-su-apvaliais-granatais-centre-ir-deimantais.png","width":1536,"height":1024,"caption":"auskarai su apvaliais granatais centre, baltas auksas, deimantai"},{"@type":"BreadcrumbList","@id":"https:\/\/fashiongold.lt\/pl\/papuosalas\/granaty-kolczyki-z-granatami-ai-jubiler\/#breadcrumb","itemListElement":[{"@type":"ListItem","position":1,"name":"Home","item":"https:\/\/fashiongold.lt\/pl\/"},{"@type":"ListItem","position":2,"name":"Sklep z diamentami Fashiongold.lt","item":"https:\/\/fashiongold.lt\/shop-2\/"},{"@type":"ListItem","position":3,"name":"Granaty &#8211; Kolczyki z granatami. AI Jubiler"}]},{"@type":"WebSite","@id":"https:\/\/fashiongold.lt\/pl\/#website","url":"https:\/\/fashiongold.lt\/pl\/","name":"Fashion Gold","description":"Juvelyrikos namai","publisher":{"@id":"https:\/\/fashiongold.lt\/pl\/#organization"},"potentialAction":[{"@type":"SearchAction","target":{"@type":"EntryPoint","urlTemplate":"https:\/\/fashiongold.lt\/pl\/?s={search_term_string}"},"query-input":{"@type":"PropertyValueSpecification","valueRequired":true,"valueName":"search_term_string"}}],"inLanguage":"pl-PL"},{"@type":"Organization","@id":"https:\/\/fashiongold.lt\/pl\/#organization","name":"Topdiamonds Online","url":"https:\/\/fashiongold.lt\/pl\/","logo":{"@type":"ImageObject","inLanguage":"pl-PL","@id":"https:\/\/fashiongold.lt\/pl\/#\/schema\/logo\/image\/","url":"https:\/\/fashiongold.lt\/wp-content\/uploads\/2025\/04\/cropped-fashion_gold_logotipas2-scaled-1.png","contentUrl":"https:\/\/fashiongold.lt\/wp-content\/uploads\/2025\/04\/cropped-fashion_gold_logotipas2-scaled-1.png","width":2559,"height":421,"caption":"Topdiamonds Online"},"image":{"@id":"https:\/\/fashiongold.lt\/pl\/#\/schema\/logo\/image\/"}}]}},"_links":{"self":[{"href":"https:\/\/fashiongold.lt\/pl\/wp-json\/wp\/v2\/product\/272541","targetHints":{"allow":["GET"]}}],"collection":[{"href":"https:\/\/fashiongold.lt\/pl\/wp-json\/wp\/v2\/product"}],"about":[{"href":"https:\/\/fashiongold.lt\/pl\/wp-json\/wp\/v2\/types\/product"}],"version-history":[{"count":0,"href":"https:\/\/fashiongold.lt\/pl\/wp-json\/wp\/v2\/product\/272541\/revisions"}],"wp:featuredmedia":[{"embeddable":true,"href":"https:\/\/fashiongold.lt\/pl\/wp-json\/wp\/v2\/media\/265676"}],"wp:attachment":[{"href":"https:\/\/fashiongold.lt\/pl\/wp-json\/wp\/v2\/media?parent=272541"}],"wp:term":[{"taxonomy":"product_brand","embeddable":true,"href":"https:\/\/fashiongold.lt\/pl\/wp-json\/wp\/v2\/product_brand?post=272541"},{"taxonomy":"product_cat","embeddable":true,"href":"https:\/\/fashiongold.lt\/pl\/wp-json\/wp\/v2\/product_cat?post=272541"},{"taxonomy":"product_tag","embeddable":true,"href":"https:\/\/fashiongold.lt\/pl\/wp-json\/wp\/v2\/product_tag?post=272541"}],"curies":[{"name":"wp","href":"https:\/\/api.w.org\/{rel}","templated":true}]}}