{"id":272563,"date":"2025-10-24T06:15:57","date_gmt":"2025-10-24T06:15:57","guid":{"rendered":"https:\/\/fashiongold.lt\/papuosalas\/pierscionek-typu-halo-ze-szmaragdem-i-diamentami-luksus-0-48-ct\/"},"modified":"2025-10-24T06:15:57","modified_gmt":"2025-10-24T06:15:57","slug":"pierscionek-typu-halo-ze-szmaragdem-i-diamentami-luksus-0-48-ct","status":"publish","type":"product","link":"https:\/\/fashiongold.lt\/pl\/papuosalas\/pierscionek-typu-halo-ze-szmaragdem-i-diamentami-luksus-0-48-ct\/","title":{"rendered":"Pier\u015bcionek typu Halo ze szmaragdem i diamentami &#8211; Luksus (0.48 ct)"},"content":{"rendered":"<h2>Pier\u015bcionek ze szmaragdem i diamentami &#8211; Luksus (0.48 ct)<\/h2>\n<h3>Nowoczesny pier\u015bcionek z owalnym szmaragdem o masie 0.40 karata i diamentami dooko\u0142a. Naturalne diamenty. Grawerowanie gratis.<\/h3>\n<p>Wyprodukowany na Litwie. Doskona\u0142y wyb\u00f3r dla stylowej kobiety. Magiczna moc szmaragdu \u2013 dzia\u0142a jak amulet lub talizman, obdarza w\u0142a\u015bciciela zdrowiem, energi\u0105, przynosi sukces w biznesie, pracy i \u017cyciu osobistym. Szmaragd jest odpowiedni dla Byk\u00f3w, Bli\u017ani\u0105t, Lw\u00f3w, Rak\u00f3w, Ryb, Strzelc\u00f3w.<\/p>\n<p>\u2022 Kruszec pier\u015bcionka: 14K (pr\u00f3ba 585), mo\u017cemy wykona\u0107 z 10K (pr\u00f3ba 375), 18K (pr\u00f3ba 750)\u00a0 \u00a0\u00a0<\/p>\n<p>\u2022 Kolor pier\u015bcionka: do wyboru bia\u0142e, \u017c\u00f3\u0142te, czerwone z\u0142oto<\/p>\n<p>\u2022 Waga pier\u015bcionka (zale\u017cy od rozmiaru i pr\u00f3by): ok. 2,20 &#8211; 2,60 g\u00a0 \u00a0 \u00a0 \u00a0 \u00a0<\/p>\n<p>\u2022 Wymiary pier\u015bcionka: szeroko\u015b\u0107 korony \u2013 ok. 8.50 mm, szeroko\u015b\u0107 szyny \u2013 ok. 2,00 mm (wymiary s\u0105 przybli\u017cone i mog\u0105 si\u0119 r\u00f3\u017cni\u0107 w zale\u017cno\u015bci od rozmiaru pier\u015bcionka)\u00a0 \u00a0 \u00a0<\/p>\n<p>\u2022 Profil komfortowy (soczewka): tak\u00a0 \u00a0 \u00a0 \u00a0<\/p>\n<p>\u2022 Rodzaj kamienia szlachetnego: szmaragd<\/p>\n<p>\u2022 Kszta\u0142t kamienia: szmaragd o szlifie owalnym (Oval shape)\u00a0 \u00a0 \u00a0<\/p>\n<p>\u2022 Charakterystyka kamienia: 0.40 ct (mo\u017cliwo\u015b\u0107 zmiany)\u00a0<\/p>\n<p>\u2022 Rodzaj diamentu: Naturalne diamenty\u00a0 \u00a0 \u00a0 \u00a0<\/p>\n<p>\u2022 Kszta\u0142t diamentu: okr\u0105g\u0142y (round shape)\u00a0 \u00a0 \u00a0 \u00a0<\/p>\n<p>\u2022 Charakterystyka diamentu: 0,08 ct, barwa G-H (RW-W); czysto\u015b\u0107 SI\u00a0<\/p>\n<p>\u2022 Certyfikat: Litewski Urz\u0105d Probierczy (LPR)\u00a0 \u00a0 \u00a0<\/p>\n<p>\u2022 Grawerowanie gratis\u00a0 \u00a0<\/p>\n<p>\u2022 Jednorazowa bezp\u0142atna gwarancja zmiany rozmiaru pier\u015bcionka\u00a0 \u00a0<\/p>\n<p>\u2022 Termin wykonania i dostawy od 14 dni roboczych, w trybie pilnym w ci\u0105gu 3 dni roboczych\u00a0 \u00a0<\/p>\n<p><strong>Masz w\u0142asne z\u0142oto? Skontaktuj si\u0119 z nami, przeliczymy cen\u0119 \u2013 zap\u0142acisz tylko za wykonanie pier\u015bcionka.<\/strong><\/p>\n","protected":false},"excerpt":{"rendered":"<p>Pier\u015bcionek wyr\u00f3\u017cnia si\u0119 wzornictwem typu halo i wyj\u0105tkowym pi\u0119knem. W centrum pyszni si\u0119 szmaragd o szlifie owalnym o masie 0,40 karata, a osadzone wok\u00f3\u0142 niego diamenty dodaj\u0105 mu dodatkowego blasku; pier\u015bcionek charakteryzuje si\u0119 obr\u0105czk\u0105 o wyj\u0105tkowej urodzie. Ten wyj\u0105tkowy pier\u015bcionek b\u0119dzie idealny dla stylowej kobiety, kt\u00f3ra ceni nowoczesno\u015b\u0107 i elegancj\u0119.<\/p>\n","protected":false},"featured_media":227742,"template":"","meta":{"site-sidebar-layout":"","site-content-layout":"","ast-site-content-layout":"","site-content-style":"","site-sidebar-style":"","ast-global-header-display":"","ast-banner-title-visibility":"","ast-main-header-display":"","ast-hfb-above-header-display":"","ast-hfb-below-header-display":"","ast-hfb-mobile-header-display":"","site-post-title":"","ast-breadcrumbs-content":"","ast-featured-img":"","footer-sml-layout":"","ast-disable-related-posts":"","theme-transparent-header-meta":"","adv-header-id-meta":"","stick-header-meta":"","header-above-stick-meta":"","header-main-stick-meta":"","header-below-stick-meta":"","astra-migrate-meta-layouts":"default","ast-page-background-enabled":"default","ast-page-background-meta":{"desktop":{"background-color":"var(--ast-global-color-4)","background-image":"","background-repeat":"repeat","background-position":"center center","background-size":"auto","background-attachment":"scroll","background-type":"","background-media":"","overlay-type":"","overlay-color":"","overlay-opacity":"","overlay-gradient":""},"tablet":{"background-color":"","background-image":"","background-repeat":"repeat","background-position":"center center","background-size":"auto","background-attachment":"scroll","background-type":"","background-media":"","overlay-type":"","overlay-color":"","overlay-opacity":"","overlay-gradient":""},"mobile":{"background-color":"","background-image":"","background-repeat":"repeat","background-position":"center center","background-size":"auto","background-attachment":"scroll","background-type":"","background-media":"","overlay-type":"","overlay-color":"","overlay-opacity":"","overlay-gradient":""}},"ast-content-background-meta":{"desktop":{"background-color":"var(--ast-global-color-5)","background-image":"","background-repeat":"repeat","background-position":"center center","background-size":"auto","background-attachment":"scroll","background-type":"","background-media":"","overlay-type":"","overlay-color":"","overlay-opacity":"","overlay-gradient":""},"tablet":{"background-color":"var(--ast-global-color-5)","background-image":"","background-repeat":"repeat","background-position":"center center","background-size":"auto","background-attachment":"scroll","background-type":"","background-media":"","overlay-type":"","overlay-color":"","overlay-opacity":"","overlay-gradient":""},"mobile":{"background-color":"var(--ast-global-color-5)","background-image":"","background-repeat":"repeat","background-position":"center center","background-size":"auto","background-attachment":"scroll","background-type":"","background-media":"","overlay-type":"","overlay-color":"","overlay-opacity":"","overlay-gradient":""}}},"product_brand":[],"product_cat":[3044,2877,2879,2853,2875,2857,2859,2852,3213,3214],"product_tag":[],"class_list":{"0":"post-272563","1":"product","2":"type-product","3":"status-publish","4":"has-post-thumbnail","6":"product_cat-bizuteria","7":"product_cat-bizuteria-z-kamieniami-polszlachetnymi","8":"product_cat-pierscionki-z-kamieniami-szlachetnymi","9":"product_cat-prezenty-dla-kobiet","10":"product_cat-prezenty-na-dzien-matki","11":"product_cat-prezenty-swiateczne","12":"product_cat-prezenty-z-okazji-ukonczenia-szkoly","13":"product_cat-prezenty-z-okazji-urodzin","14":"product_cat-szmaragd-bizuteria-ze-szmaragdem","15":"product_cat-szmaragd-pierscionki-ze-szmaragdem","16":"desktop-align-center","17":"tablet-align-left","18":"mobile-align-left","19":"ast-product-gallery-layout-horizontal-slider","20":"ast-product-gallery-with-no-image","21":"ast-product-single-variable","22":"ast-product-tabs-layout-accordion","23":"ast-qv-on-image","25":"first","26":"instock","27":"taxable","28":"shipping-taxable","29":"purchasable","30":"product-type-variable"},"yoast_head":"<!-- This site is optimized with the Yoast SEO plugin v26.6 - https:\/\/yoast.com\/wordpress\/plugins\/seo\/ -->\n<title>Pier\u015bcionek ze szmaragdem i diamentami - Luksus (0.48 ct)<\/title>\n<meta name=\"description\" content=\"Pier\u015bcionek wyr\u00f3\u017cnia si\u0119 designem typu halo. W centrum pyszni si\u0119 owalny szmaragd o masie 0,40 karata, otoczony diamentami, oraz wyj\u0105tkowa szyna. Idealny dla stylowej kobiety.\" \/>\n<meta name=\"robots\" content=\"index, follow, max-snippet:-1, max-image-preview:large, max-video-preview:-1\" \/>\n<link rel=\"canonical\" href=\"https:\/\/fashiongold.lt\/pl\/papuosalas\/pierscionek-typu-halo-ze-szmaragdem-i-diamentami-luksus-0-48-ct\/\" \/>\n<meta property=\"og:locale\" content=\"pl_PL\" \/>\n<meta property=\"og:type\" content=\"article\" \/>\n<meta property=\"og:title\" content=\"Pier\u015bcionek ze szmaragdem i diamentami - Luksus (0.48 ct)\" \/>\n<meta property=\"og:description\" content=\"Pier\u015bcionek wyr\u00f3\u017cnia si\u0119 designem typu halo. W centrum pyszni si\u0119 owalny szmaragd o masie 0,40 karata, otoczony diamentami, oraz wyj\u0105tkowa szyna. Idealny dla stylowej kobiety.\" \/>\n<meta property=\"og:url\" content=\"https:\/\/fashiongold.lt\/pl\/papuosalas\/pierscionek-typu-halo-ze-szmaragdem-i-diamentami-luksus-0-48-ct\/\" \/>\n<meta property=\"og:site_name\" content=\"FashionGold.lt\" \/>\n<meta property=\"og:image\" content=\"https:\/\/fashiongold.lt\/wp-content\/uploads\/2025\/10\/25031-2c3-Geltono-aukso-halo-ziedas-su-smaragdu-ir-deimantais-Prabanga-0.48-ct.webp\" \/>\n\t<meta property=\"og:image:width\" content=\"1000\" \/>\n\t<meta property=\"og:image:height\" content=\"1000\" \/>\n\t<meta property=\"og:image:type\" content=\"image\/png\" \/>\n<meta name=\"twitter:card\" content=\"summary_large_image\" \/>\n<meta name=\"twitter:label1\" content=\"Szacowany czas czytania\" \/>\n\t<meta name=\"twitter:data1\" content=\"1 minuta\" \/>\n<script type=\"application\/ld+json\" class=\"yoast-schema-graph\">{\"@context\":\"https:\/\/schema.org\",\"@graph\":[{\"@type\":\"WebPage\",\"@id\":\"https:\/\/fashiongold.lt\/pl\/papuosalas\/pierscionek-typu-halo-ze-szmaragdem-i-diamentami-luksus-0-48-ct\/\",\"url\":\"https:\/\/fashiongold.lt\/pl\/papuosalas\/pierscionek-typu-halo-ze-szmaragdem-i-diamentami-luksus-0-48-ct\/\",\"name\":\"Pier\u015bcionek ze szmaragdem i diamentami - Luksus (0.48 ct)\",\"isPartOf\":{\"@id\":\"https:\/\/fashiongold.lt\/pl\/#website\"},\"primaryImageOfPage\":{\"@id\":\"https:\/\/fashiongold.lt\/pl\/papuosalas\/pierscionek-typu-halo-ze-szmaragdem-i-diamentami-luksus-0-48-ct\/#primaryimage\"},\"image\":{\"@id\":\"https:\/\/fashiongold.lt\/pl\/papuosalas\/pierscionek-typu-halo-ze-szmaragdem-i-diamentami-luksus-0-48-ct\/#primaryimage\"},\"thumbnailUrl\":\"https:\/\/fashiongold.lt\/wp-content\/uploads\/2025\/10\/25031-2c3-Geltono-aukso-halo-ziedas-su-smaragdu-ir-deimantais-Prabanga-0.48-ct.png\",\"datePublished\":\"2025-10-24T06:15:57+00:00\",\"description\":\"Pier\u015bcionek wyr\u00f3\u017cnia si\u0119 designem typu halo. W centrum pyszni si\u0119 owalny szmaragd o masie 0,40 karata, otoczony diamentami, oraz wyj\u0105tkowa szyna. Idealny dla stylowej kobiety.\",\"breadcrumb\":{\"@id\":\"https:\/\/fashiongold.lt\/pl\/papuosalas\/pierscionek-typu-halo-ze-szmaragdem-i-diamentami-luksus-0-48-ct\/#breadcrumb\"},\"inLanguage\":\"pl-PL\",\"potentialAction\":[{\"@type\":\"ReadAction\",\"target\":[\"https:\/\/fashiongold.lt\/pl\/papuosalas\/pierscionek-typu-halo-ze-szmaragdem-i-diamentami-luksus-0-48-ct\/\"]}]},{\"@type\":\"ImageObject\",\"inLanguage\":\"pl-PL\",\"@id\":\"https:\/\/fashiongold.lt\/pl\/papuosalas\/pierscionek-typu-halo-ze-szmaragdem-i-diamentami-luksus-0-48-ct\/#primaryimage\",\"url\":\"https:\/\/fashiongold.lt\/wp-content\/uploads\/2025\/10\/25031-2c3-Geltono-aukso-halo-ziedas-su-smaragdu-ir-deimantais-Prabanga-0.48-ct.png\",\"contentUrl\":\"https:\/\/fashiongold.lt\/wp-content\/uploads\/2025\/10\/25031-2c3-Geltono-aukso-halo-ziedas-su-smaragdu-ir-deimantais-Prabanga-0.48-ct.png\",\"width\":1000,\"height\":1000},{\"@type\":\"BreadcrumbList\",\"@id\":\"https:\/\/fashiongold.lt\/pl\/papuosalas\/pierscionek-typu-halo-ze-szmaragdem-i-diamentami-luksus-0-48-ct\/#breadcrumb\",\"itemListElement\":[{\"@type\":\"ListItem\",\"position\":1,\"name\":\"Home\",\"item\":\"https:\/\/fashiongold.lt\/pl\/\"},{\"@type\":\"ListItem\",\"position\":2,\"name\":\"Sklep z diamentami Fashiongold.lt\",\"item\":\"https:\/\/fashiongold.lt\/shop-2\/\"},{\"@type\":\"ListItem\",\"position\":3,\"name\":\"Pier\u015bcionek typu Halo ze szmaragdem i diamentami &#8211; Luksus (0.48 ct)\"}]},{\"@type\":\"WebSite\",\"@id\":\"https:\/\/fashiongold.lt\/pl\/#website\",\"url\":\"https:\/\/fashiongold.lt\/pl\/\",\"name\":\"Fashion Gold\",\"description\":\"Juvelyrikos namai\",\"publisher\":{\"@id\":\"https:\/\/fashiongold.lt\/pl\/#organization\"},\"potentialAction\":[{\"@type\":\"SearchAction\",\"target\":{\"@type\":\"EntryPoint\",\"urlTemplate\":\"https:\/\/fashiongold.lt\/pl\/?s={search_term_string}\"},\"query-input\":{\"@type\":\"PropertyValueSpecification\",\"valueRequired\":true,\"valueName\":\"search_term_string\"}}],\"inLanguage\":\"pl-PL\"},{\"@type\":\"Organization\",\"@id\":\"https:\/\/fashiongold.lt\/pl\/#organization\",\"name\":\"Topdiamonds Online\",\"url\":\"https:\/\/fashiongold.lt\/pl\/\",\"logo\":{\"@type\":\"ImageObject\",\"inLanguage\":\"pl-PL\",\"@id\":\"https:\/\/fashiongold.lt\/pl\/#\/schema\/logo\/image\/\",\"url\":\"https:\/\/fashiongold.lt\/wp-content\/uploads\/2025\/04\/cropped-fashion_gold_logotipas2-scaled-1.png\",\"contentUrl\":\"https:\/\/fashiongold.lt\/wp-content\/uploads\/2025\/04\/cropped-fashion_gold_logotipas2-scaled-1.png\",\"width\":2559,\"height\":421,\"caption\":\"Topdiamonds Online\"},\"image\":{\"@id\":\"https:\/\/fashiongold.lt\/pl\/#\/schema\/logo\/image\/\"}}]}<\/script>\n<!-- \/ Yoast SEO plugin. -->","yoast_head_json":{"title":"Pier\u015bcionek ze szmaragdem i diamentami - Luksus (0.48 ct)","description":"Pier\u015bcionek wyr\u00f3\u017cnia si\u0119 designem typu halo. W centrum pyszni si\u0119 owalny szmaragd o masie 0,40 karata, otoczony diamentami, oraz wyj\u0105tkowa szyna. Idealny dla stylowej kobiety.","robots":{"index":"index","follow":"follow","max-snippet":"max-snippet:-1","max-image-preview":"max-image-preview:large","max-video-preview":"max-video-preview:-1"},"canonical":"https:\/\/fashiongold.lt\/pl\/papuosalas\/pierscionek-typu-halo-ze-szmaragdem-i-diamentami-luksus-0-48-ct\/","og_locale":"pl_PL","og_type":"article","og_title":"Pier\u015bcionek ze szmaragdem i diamentami - Luksus (0.48 ct)","og_description":"Pier\u015bcionek wyr\u00f3\u017cnia si\u0119 designem typu halo. W centrum pyszni si\u0119 owalny szmaragd o masie 0,40 karata, otoczony diamentami, oraz wyj\u0105tkowa szyna. Idealny dla stylowej kobiety.","og_url":"https:\/\/fashiongold.lt\/pl\/papuosalas\/pierscionek-typu-halo-ze-szmaragdem-i-diamentami-luksus-0-48-ct\/","og_site_name":"FashionGold.lt","og_image":[{"width":1000,"height":1000,"url":"https:\/\/fashiongold.lt\/wp-content\/uploads\/2025\/10\/25031-2c3-Geltono-aukso-halo-ziedas-su-smaragdu-ir-deimantais-Prabanga-0.48-ct.webp","type":"image\/png"}],"twitter_card":"summary_large_image","twitter_misc":{"Szacowany czas czytania":"1 minuta"},"schema":{"@context":"https:\/\/schema.org","@graph":[{"@type":"WebPage","@id":"https:\/\/fashiongold.lt\/pl\/papuosalas\/pierscionek-typu-halo-ze-szmaragdem-i-diamentami-luksus-0-48-ct\/","url":"https:\/\/fashiongold.lt\/pl\/papuosalas\/pierscionek-typu-halo-ze-szmaragdem-i-diamentami-luksus-0-48-ct\/","name":"Pier\u015bcionek ze szmaragdem i diamentami - Luksus (0.48 ct)","isPartOf":{"@id":"https:\/\/fashiongold.lt\/pl\/#website"},"primaryImageOfPage":{"@id":"https:\/\/fashiongold.lt\/pl\/papuosalas\/pierscionek-typu-halo-ze-szmaragdem-i-diamentami-luksus-0-48-ct\/#primaryimage"},"image":{"@id":"https:\/\/fashiongold.lt\/pl\/papuosalas\/pierscionek-typu-halo-ze-szmaragdem-i-diamentami-luksus-0-48-ct\/#primaryimage"},"thumbnailUrl":"https:\/\/fashiongold.lt\/wp-content\/uploads\/2025\/10\/25031-2c3-Geltono-aukso-halo-ziedas-su-smaragdu-ir-deimantais-Prabanga-0.48-ct.png","datePublished":"2025-10-24T06:15:57+00:00","description":"Pier\u015bcionek wyr\u00f3\u017cnia si\u0119 designem typu halo. W centrum pyszni si\u0119 owalny szmaragd o masie 0,40 karata, otoczony diamentami, oraz wyj\u0105tkowa szyna. Idealny dla stylowej kobiety.","breadcrumb":{"@id":"https:\/\/fashiongold.lt\/pl\/papuosalas\/pierscionek-typu-halo-ze-szmaragdem-i-diamentami-luksus-0-48-ct\/#breadcrumb"},"inLanguage":"pl-PL","potentialAction":[{"@type":"ReadAction","target":["https:\/\/fashiongold.lt\/pl\/papuosalas\/pierscionek-typu-halo-ze-szmaragdem-i-diamentami-luksus-0-48-ct\/"]}]},{"@type":"ImageObject","inLanguage":"pl-PL","@id":"https:\/\/fashiongold.lt\/pl\/papuosalas\/pierscionek-typu-halo-ze-szmaragdem-i-diamentami-luksus-0-48-ct\/#primaryimage","url":"https:\/\/fashiongold.lt\/wp-content\/uploads\/2025\/10\/25031-2c3-Geltono-aukso-halo-ziedas-su-smaragdu-ir-deimantais-Prabanga-0.48-ct.png","contentUrl":"https:\/\/fashiongold.lt\/wp-content\/uploads\/2025\/10\/25031-2c3-Geltono-aukso-halo-ziedas-su-smaragdu-ir-deimantais-Prabanga-0.48-ct.png","width":1000,"height":1000},{"@type":"BreadcrumbList","@id":"https:\/\/fashiongold.lt\/pl\/papuosalas\/pierscionek-typu-halo-ze-szmaragdem-i-diamentami-luksus-0-48-ct\/#breadcrumb","itemListElement":[{"@type":"ListItem","position":1,"name":"Home","item":"https:\/\/fashiongold.lt\/pl\/"},{"@type":"ListItem","position":2,"name":"Sklep z diamentami Fashiongold.lt","item":"https:\/\/fashiongold.lt\/shop-2\/"},{"@type":"ListItem","position":3,"name":"Pier\u015bcionek typu Halo ze szmaragdem i diamentami &#8211; Luksus (0.48 ct)"}]},{"@type":"WebSite","@id":"https:\/\/fashiongold.lt\/pl\/#website","url":"https:\/\/fashiongold.lt\/pl\/","name":"Fashion Gold","description":"Juvelyrikos namai","publisher":{"@id":"https:\/\/fashiongold.lt\/pl\/#organization"},"potentialAction":[{"@type":"SearchAction","target":{"@type":"EntryPoint","urlTemplate":"https:\/\/fashiongold.lt\/pl\/?s={search_term_string}"},"query-input":{"@type":"PropertyValueSpecification","valueRequired":true,"valueName":"search_term_string"}}],"inLanguage":"pl-PL"},{"@type":"Organization","@id":"https:\/\/fashiongold.lt\/pl\/#organization","name":"Topdiamonds Online","url":"https:\/\/fashiongold.lt\/pl\/","logo":{"@type":"ImageObject","inLanguage":"pl-PL","@id":"https:\/\/fashiongold.lt\/pl\/#\/schema\/logo\/image\/","url":"https:\/\/fashiongold.lt\/wp-content\/uploads\/2025\/04\/cropped-fashion_gold_logotipas2-scaled-1.png","contentUrl":"https:\/\/fashiongold.lt\/wp-content\/uploads\/2025\/04\/cropped-fashion_gold_logotipas2-scaled-1.png","width":2559,"height":421,"caption":"Topdiamonds Online"},"image":{"@id":"https:\/\/fashiongold.lt\/pl\/#\/schema\/logo\/image\/"}}]}},"_links":{"self":[{"href":"https:\/\/fashiongold.lt\/pl\/wp-json\/wp\/v2\/product\/272563","targetHints":{"allow":["GET"]}}],"collection":[{"href":"https:\/\/fashiongold.lt\/pl\/wp-json\/wp\/v2\/product"}],"about":[{"href":"https:\/\/fashiongold.lt\/pl\/wp-json\/wp\/v2\/types\/product"}],"version-history":[{"count":0,"href":"https:\/\/fashiongold.lt\/pl\/wp-json\/wp\/v2\/product\/272563\/revisions"}],"wp:featuredmedia":[{"embeddable":true,"href":"https:\/\/fashiongold.lt\/pl\/wp-json\/wp\/v2\/media\/227742"}],"wp:attachment":[{"href":"https:\/\/fashiongold.lt\/pl\/wp-json\/wp\/v2\/media?parent=272563"}],"wp:term":[{"taxonomy":"product_brand","embeddable":true,"href":"https:\/\/fashiongold.lt\/pl\/wp-json\/wp\/v2\/product_brand?post=272563"},{"taxonomy":"product_cat","embeddable":true,"href":"https:\/\/fashiongold.lt\/pl\/wp-json\/wp\/v2\/product_cat?post=272563"},{"taxonomy":"product_tag","embeddable":true,"href":"https:\/\/fashiongold.lt\/pl\/wp-json\/wp\/v2\/product_tag?post=272563"}],"curies":[{"name":"wp","href":"https:\/\/api.w.org\/{rel}","templated":true}]}}