{"id":272619,"date":"2025-10-23T23:57:43","date_gmt":"2025-10-23T23:57:43","guid":{"rendered":"https:\/\/fashiongold.lt\/papuosalas\/zloty-lancuszek-i-zawieszka-z-diamentem-laboratoryjnym-165-ct-asscher-diament-hodowlany\/"},"modified":"2025-10-23T23:57:43","modified_gmt":"2025-10-23T23:57:43","slug":"zloty-lancuszek-i-zawieszka-z-diamentem-laboratoryjnym-165-ct-asscher-diament-hodowlany","status":"publish","type":"product","link":"https:\/\/fashiongold.lt\/pl\/papuosalas\/zloty-lancuszek-i-zawieszka-z-diamentem-laboratoryjnym-165-ct-asscher-diament-hodowlany\/","title":{"rendered":"Z\u0142oty \u0142a\u0144cuszek i zawieszka z diamentem laboratoryjnym 1,65 ct Asscher (diament hodowlany)"},"content":{"rendered":"<p>Wyprodukowano na Litwie. Zawieszka mo\u017ce zosta\u0107 wykonana na zam\u00f3wienie: z czerwonego, \u017c\u00f3\u0142tego oraz bia\u0142ego z\u0142ota.<\/p>\n<p>\u2022 Z\u0142oto zawieszki i \u0142a\u0144cuszka: 14 K (pr\u00f3ba 585), mo\u017cemy wykona\u0107 z 10K (pr\u00f3ba 375), 18K (pr\u00f3ba 750)<\/p>\n<p>\u2022 Kolor zawieszki i \u0142a\u0144cuszka: do wyboru bia\u0142e, \u017c\u00f3\u0142te, czerwone z\u0142oto<\/p>\n<p>\u2022 Waga zawieszki i \u0142a\u0144cuszka (zale\u017cy od rozmiaru i pr\u00f3by): oko\u0142o 1.50 &#8211; 2.50 g<\/p>\n<p>\u2022 Wymiary zawieszki i \u0142a\u0144cuszka: (mo\u017cna zmieni\u0107)<\/p>\n<p>\u2022 Rodzaj diamentu: diamenty hodowane (Lab Grown Diamonds)<\/p>\n<p>\u2022 Kszta\u0142t diamentu: szlif Asscher (Asscher cut)<\/p>\n<p>\u2022 Charakterystyka diamentu: masa ca\u0142kowita 1.65 ct, kolor D-E(EW); czysto\u015b\u0107 VVS<\/p>\n<p>\u2022 Certyfikat: Litewska Izba Probiercza (LPR) oraz dodatkowo mi\u0119dzynarodowy certyfikat IGI<\/p>\n<p>\u2022 D\u0142ugo\u015b\u0107 \u0142a\u0144cuszka: regulowana 42-45 cm<\/p>\n<p>\u2022 Termin produkcji i dostawy od 14 dni roboczych, w trybie pilnym w ci\u0105gu 3 dni roboczych.<\/p>\n<p><strong>Masz w\u0142asne z\u0142oto? Skontaktuj si\u0119 z nami, przeliczymy cen\u0119 \u2013 zap\u0142acisz tylko za wykonanie wyrob\u00f3w.<\/strong><\/p>\n","protected":false},"excerpt":{"rendered":"<p>Z\u0142oty \u0142a\u0144cuszek i subtelna zawieszka o nowoczesnym wzornictwie z diamentem o szlifie Asscher o masie 1,65 ct, nadaj\u0105ca wyj\u0105tkowy urok Twoim szczeg\u00f3lnym okazjom.<\/p>\n","protected":false},"featured_media":248911,"template":"","meta":{"site-sidebar-layout":"","site-content-layout":"","ast-site-content-layout":"","site-content-style":"","site-sidebar-style":"","ast-global-header-display":"","ast-banner-title-visibility":"","ast-main-header-display":"","ast-hfb-above-header-display":"","ast-hfb-below-header-display":"","ast-hfb-mobile-header-display":"","site-post-title":"","ast-breadcrumbs-content":"","ast-featured-img":"","footer-sml-layout":"","ast-disable-related-posts":"","theme-transparent-header-meta":"","adv-header-id-meta":"","stick-header-meta":"","header-above-stick-meta":"","header-main-stick-meta":"","header-below-stick-meta":"","astra-migrate-meta-layouts":"default","ast-page-background-enabled":"default","ast-page-background-meta":{"desktop":{"background-color":"var(--ast-global-color-4)","background-image":"","background-repeat":"repeat","background-position":"center center","background-size":"auto","background-attachment":"scroll","background-type":"","background-media":"","overlay-type":"","overlay-color":"","overlay-opacity":"","overlay-gradient":""},"tablet":{"background-color":"","background-image":"","background-repeat":"repeat","background-position":"center center","background-size":"auto","background-attachment":"scroll","background-type":"","background-media":"","overlay-type":"","overlay-color":"","overlay-opacity":"","overlay-gradient":""},"mobile":{"background-color":"","background-image":"","background-repeat":"repeat","background-position":"center center","background-size":"auto","background-attachment":"scroll","background-type":"","background-media":"","overlay-type":"","overlay-color":"","overlay-opacity":"","overlay-gradient":""}},"ast-content-background-meta":{"desktop":{"background-color":"var(--ast-global-color-5)","background-image":"","background-repeat":"repeat","background-position":"center center","background-size":"auto","background-attachment":"scroll","background-type":"","background-media":"","overlay-type":"","overlay-color":"","overlay-opacity":"","overlay-gradient":""},"tablet":{"background-color":"var(--ast-global-color-5)","background-image":"","background-repeat":"repeat","background-position":"center center","background-size":"auto","background-attachment":"scroll","background-type":"","background-media":"","overlay-type":"","overlay-color":"","overlay-opacity":"","overlay-gradient":""},"mobile":{"background-color":"var(--ast-global-color-5)","background-image":"","background-repeat":"repeat","background-position":"center center","background-size":"auto","background-attachment":"scroll","background-type":"","background-media":"","overlay-type":"","overlay-color":"","overlay-opacity":"","overlay-gradient":""}}},"product_brand":[],"product_cat":[3284,3286],"product_tag":[],"class_list":{"0":"post-272619","1":"product","2":"type-product","3":"status-publish","4":"has-post-thumbnail","6":"product_cat-bizuteria-z-diamentami-laboratoryjnymi","7":"product_cat-zawieszki-z-diamentami-laboratoryjnymi","8":"desktop-align-center","9":"tablet-align-left","10":"mobile-align-left","11":"ast-product-gallery-layout-horizontal-slider","12":"ast-product-gallery-with-no-image","13":"ast-product-single-variable","14":"ast-product-tabs-layout-accordion","15":"ast-qv-on-image","17":"first","18":"instock","19":"taxable","20":"shipping-taxable","21":"purchasable","22":"product-type-variable"},"yoast_head":"<!-- This site is optimized with the Yoast SEO plugin v26.6 - https:\/\/yoast.com\/wordpress\/plugins\/seo\/ -->\n<title>\u0141a\u0144cuszek i zawieszka z diamentami laboratoryjnymi Asscher 1.65 ct<\/title>\n<meta name=\"description\" content=\"Z\u0142oty \u0142a\u0144cuszek i subtelna zawieszka o nowoczesnym designie z diamentem o szlifie Asscher o masie 1,65 ct, nadaj\u0105ce wyj\u0105tkowego uroku Twoim wyj\u0105tkowym okazjom.\" \/>\n<meta name=\"robots\" content=\"index, follow, max-snippet:-1, max-image-preview:large, max-video-preview:-1\" \/>\n<link rel=\"canonical\" href=\"https:\/\/fashiongold.lt\/pl\/papuosalas\/zloty-lancuszek-i-zawieszka-z-diamentem-laboratoryjnym-165-ct-asscher-diament-hodowlany\/\" \/>\n<meta property=\"og:locale\" content=\"pl_PL\" \/>\n<meta property=\"og:type\" content=\"article\" \/>\n<meta property=\"og:title\" content=\"\u0141a\u0144cuszek i zawieszka z diamentami laboratoryjnymi Asscher 1.65 ct\" \/>\n<meta property=\"og:description\" content=\"Z\u0142oty \u0142a\u0144cuszek i subtelna zawieszka o nowoczesnym designie z diamentem o szlifie Asscher o masie 1,65 ct, nadaj\u0105ce wyj\u0105tkowego uroku Twoim wyj\u0105tkowym okazjom.\" \/>\n<meta property=\"og:url\" content=\"https:\/\/fashiongold.lt\/pl\/papuosalas\/zloty-lancuszek-i-zawieszka-z-diamentem-laboratoryjnym-165-ct-asscher-diament-hodowlany\/\" \/>\n<meta property=\"og:site_name\" content=\"FashionGold.lt\" \/>\n<meta property=\"og:image\" content=\"https:\/\/fashiongold.lt\/wp-content\/uploads\/2025\/10\/10770-f3c-Balto-aukso-auksine-grandinele-ir-pakabukas-su-1.65-ct-Asscher-Lab-Grown-Deimantu.webp\" \/>\n\t<meta property=\"og:image:width\" content=\"1000\" \/>\n\t<meta property=\"og:image:height\" content=\"1000\" \/>\n\t<meta property=\"og:image:type\" content=\"image\/png\" \/>\n<meta name=\"twitter:card\" content=\"summary_large_image\" \/>\n<meta name=\"twitter:label1\" content=\"Szacowany czas czytania\" \/>\n\t<meta name=\"twitter:data1\" content=\"1 minuta\" \/>\n<script type=\"application\/ld+json\" class=\"yoast-schema-graph\">{\"@context\":\"https:\/\/schema.org\",\"@graph\":[{\"@type\":\"WebPage\",\"@id\":\"https:\/\/fashiongold.lt\/pl\/papuosalas\/zloty-lancuszek-i-zawieszka-z-diamentem-laboratoryjnym-165-ct-asscher-diament-hodowlany\/\",\"url\":\"https:\/\/fashiongold.lt\/pl\/papuosalas\/zloty-lancuszek-i-zawieszka-z-diamentem-laboratoryjnym-165-ct-asscher-diament-hodowlany\/\",\"name\":\"\u0141a\u0144cuszek i zawieszka z diamentami laboratoryjnymi Asscher 1.65 ct\",\"isPartOf\":{\"@id\":\"https:\/\/fashiongold.lt\/pl\/#website\"},\"primaryImageOfPage\":{\"@id\":\"https:\/\/fashiongold.lt\/pl\/papuosalas\/zloty-lancuszek-i-zawieszka-z-diamentem-laboratoryjnym-165-ct-asscher-diament-hodowlany\/#primaryimage\"},\"image\":{\"@id\":\"https:\/\/fashiongold.lt\/pl\/papuosalas\/zloty-lancuszek-i-zawieszka-z-diamentem-laboratoryjnym-165-ct-asscher-diament-hodowlany\/#primaryimage\"},\"thumbnailUrl\":\"https:\/\/fashiongold.lt\/wp-content\/uploads\/2025\/10\/10770-f3c-Balto-aukso-auksine-grandinele-ir-pakabukas-su-1.65-ct-Asscher-Lab-Grown-Deimantu.png\",\"datePublished\":\"2025-10-23T23:57:43+00:00\",\"description\":\"Z\u0142oty \u0142a\u0144cuszek i subtelna zawieszka o nowoczesnym designie z diamentem o szlifie Asscher o masie 1,65 ct, nadaj\u0105ce wyj\u0105tkowego uroku Twoim wyj\u0105tkowym okazjom.\",\"breadcrumb\":{\"@id\":\"https:\/\/fashiongold.lt\/pl\/papuosalas\/zloty-lancuszek-i-zawieszka-z-diamentem-laboratoryjnym-165-ct-asscher-diament-hodowlany\/#breadcrumb\"},\"inLanguage\":\"pl-PL\",\"potentialAction\":[{\"@type\":\"ReadAction\",\"target\":[\"https:\/\/fashiongold.lt\/pl\/papuosalas\/zloty-lancuszek-i-zawieszka-z-diamentem-laboratoryjnym-165-ct-asscher-diament-hodowlany\/\"]}]},{\"@type\":\"ImageObject\",\"inLanguage\":\"pl-PL\",\"@id\":\"https:\/\/fashiongold.lt\/pl\/papuosalas\/zloty-lancuszek-i-zawieszka-z-diamentem-laboratoryjnym-165-ct-asscher-diament-hodowlany\/#primaryimage\",\"url\":\"https:\/\/fashiongold.lt\/wp-content\/uploads\/2025\/10\/10770-f3c-Balto-aukso-auksine-grandinele-ir-pakabukas-su-1.65-ct-Asscher-Lab-Grown-Deimantu.png\",\"contentUrl\":\"https:\/\/fashiongold.lt\/wp-content\/uploads\/2025\/10\/10770-f3c-Balto-aukso-auksine-grandinele-ir-pakabukas-su-1.65-ct-Asscher-Lab-Grown-Deimantu.png\",\"width\":1000,\"height\":1000},{\"@type\":\"BreadcrumbList\",\"@id\":\"https:\/\/fashiongold.lt\/pl\/papuosalas\/zloty-lancuszek-i-zawieszka-z-diamentem-laboratoryjnym-165-ct-asscher-diament-hodowlany\/#breadcrumb\",\"itemListElement\":[{\"@type\":\"ListItem\",\"position\":1,\"name\":\"Home\",\"item\":\"https:\/\/fashiongold.lt\/pl\/\"},{\"@type\":\"ListItem\",\"position\":2,\"name\":\"Sklep z diamentami Fashiongold.lt\",\"item\":\"https:\/\/fashiongold.lt\/shop-2\/\"},{\"@type\":\"ListItem\",\"position\":3,\"name\":\"Z\u0142oty \u0142a\u0144cuszek i zawieszka z diamentem laboratoryjnym 1,65 ct Asscher (diament hodowlany)\"}]},{\"@type\":\"WebSite\",\"@id\":\"https:\/\/fashiongold.lt\/pl\/#website\",\"url\":\"https:\/\/fashiongold.lt\/pl\/\",\"name\":\"Fashion Gold\",\"description\":\"Juvelyrikos namai\",\"publisher\":{\"@id\":\"https:\/\/fashiongold.lt\/pl\/#organization\"},\"potentialAction\":[{\"@type\":\"SearchAction\",\"target\":{\"@type\":\"EntryPoint\",\"urlTemplate\":\"https:\/\/fashiongold.lt\/pl\/?s={search_term_string}\"},\"query-input\":{\"@type\":\"PropertyValueSpecification\",\"valueRequired\":true,\"valueName\":\"search_term_string\"}}],\"inLanguage\":\"pl-PL\"},{\"@type\":\"Organization\",\"@id\":\"https:\/\/fashiongold.lt\/pl\/#organization\",\"name\":\"Topdiamonds Online\",\"url\":\"https:\/\/fashiongold.lt\/pl\/\",\"logo\":{\"@type\":\"ImageObject\",\"inLanguage\":\"pl-PL\",\"@id\":\"https:\/\/fashiongold.lt\/pl\/#\/schema\/logo\/image\/\",\"url\":\"https:\/\/fashiongold.lt\/wp-content\/uploads\/2025\/04\/cropped-fashion_gold_logotipas2-scaled-1.png\",\"contentUrl\":\"https:\/\/fashiongold.lt\/wp-content\/uploads\/2025\/04\/cropped-fashion_gold_logotipas2-scaled-1.png\",\"width\":2559,\"height\":421,\"caption\":\"Topdiamonds Online\"},\"image\":{\"@id\":\"https:\/\/fashiongold.lt\/pl\/#\/schema\/logo\/image\/\"}}]}<\/script>\n<!-- \/ Yoast SEO plugin. -->","yoast_head_json":{"title":"\u0141a\u0144cuszek i zawieszka z diamentami laboratoryjnymi Asscher 1.65 ct","description":"Z\u0142oty \u0142a\u0144cuszek i subtelna zawieszka o nowoczesnym designie z diamentem o szlifie Asscher o masie 1,65 ct, nadaj\u0105ce wyj\u0105tkowego uroku Twoim wyj\u0105tkowym okazjom.","robots":{"index":"index","follow":"follow","max-snippet":"max-snippet:-1","max-image-preview":"max-image-preview:large","max-video-preview":"max-video-preview:-1"},"canonical":"https:\/\/fashiongold.lt\/pl\/papuosalas\/zloty-lancuszek-i-zawieszka-z-diamentem-laboratoryjnym-165-ct-asscher-diament-hodowlany\/","og_locale":"pl_PL","og_type":"article","og_title":"\u0141a\u0144cuszek i zawieszka z diamentami laboratoryjnymi Asscher 1.65 ct","og_description":"Z\u0142oty \u0142a\u0144cuszek i subtelna zawieszka o nowoczesnym designie z diamentem o szlifie Asscher o masie 1,65 ct, nadaj\u0105ce wyj\u0105tkowego uroku Twoim wyj\u0105tkowym okazjom.","og_url":"https:\/\/fashiongold.lt\/pl\/papuosalas\/zloty-lancuszek-i-zawieszka-z-diamentem-laboratoryjnym-165-ct-asscher-diament-hodowlany\/","og_site_name":"FashionGold.lt","og_image":[{"width":1000,"height":1000,"url":"https:\/\/fashiongold.lt\/wp-content\/uploads\/2025\/10\/10770-f3c-Balto-aukso-auksine-grandinele-ir-pakabukas-su-1.65-ct-Asscher-Lab-Grown-Deimantu.webp","type":"image\/png"}],"twitter_card":"summary_large_image","twitter_misc":{"Szacowany czas czytania":"1 minuta"},"schema":{"@context":"https:\/\/schema.org","@graph":[{"@type":"WebPage","@id":"https:\/\/fashiongold.lt\/pl\/papuosalas\/zloty-lancuszek-i-zawieszka-z-diamentem-laboratoryjnym-165-ct-asscher-diament-hodowlany\/","url":"https:\/\/fashiongold.lt\/pl\/papuosalas\/zloty-lancuszek-i-zawieszka-z-diamentem-laboratoryjnym-165-ct-asscher-diament-hodowlany\/","name":"\u0141a\u0144cuszek i zawieszka z diamentami laboratoryjnymi Asscher 1.65 ct","isPartOf":{"@id":"https:\/\/fashiongold.lt\/pl\/#website"},"primaryImageOfPage":{"@id":"https:\/\/fashiongold.lt\/pl\/papuosalas\/zloty-lancuszek-i-zawieszka-z-diamentem-laboratoryjnym-165-ct-asscher-diament-hodowlany\/#primaryimage"},"image":{"@id":"https:\/\/fashiongold.lt\/pl\/papuosalas\/zloty-lancuszek-i-zawieszka-z-diamentem-laboratoryjnym-165-ct-asscher-diament-hodowlany\/#primaryimage"},"thumbnailUrl":"https:\/\/fashiongold.lt\/wp-content\/uploads\/2025\/10\/10770-f3c-Balto-aukso-auksine-grandinele-ir-pakabukas-su-1.65-ct-Asscher-Lab-Grown-Deimantu.png","datePublished":"2025-10-23T23:57:43+00:00","description":"Z\u0142oty \u0142a\u0144cuszek i subtelna zawieszka o nowoczesnym designie z diamentem o szlifie Asscher o masie 1,65 ct, nadaj\u0105ce wyj\u0105tkowego uroku Twoim wyj\u0105tkowym okazjom.","breadcrumb":{"@id":"https:\/\/fashiongold.lt\/pl\/papuosalas\/zloty-lancuszek-i-zawieszka-z-diamentem-laboratoryjnym-165-ct-asscher-diament-hodowlany\/#breadcrumb"},"inLanguage":"pl-PL","potentialAction":[{"@type":"ReadAction","target":["https:\/\/fashiongold.lt\/pl\/papuosalas\/zloty-lancuszek-i-zawieszka-z-diamentem-laboratoryjnym-165-ct-asscher-diament-hodowlany\/"]}]},{"@type":"ImageObject","inLanguage":"pl-PL","@id":"https:\/\/fashiongold.lt\/pl\/papuosalas\/zloty-lancuszek-i-zawieszka-z-diamentem-laboratoryjnym-165-ct-asscher-diament-hodowlany\/#primaryimage","url":"https:\/\/fashiongold.lt\/wp-content\/uploads\/2025\/10\/10770-f3c-Balto-aukso-auksine-grandinele-ir-pakabukas-su-1.65-ct-Asscher-Lab-Grown-Deimantu.png","contentUrl":"https:\/\/fashiongold.lt\/wp-content\/uploads\/2025\/10\/10770-f3c-Balto-aukso-auksine-grandinele-ir-pakabukas-su-1.65-ct-Asscher-Lab-Grown-Deimantu.png","width":1000,"height":1000},{"@type":"BreadcrumbList","@id":"https:\/\/fashiongold.lt\/pl\/papuosalas\/zloty-lancuszek-i-zawieszka-z-diamentem-laboratoryjnym-165-ct-asscher-diament-hodowlany\/#breadcrumb","itemListElement":[{"@type":"ListItem","position":1,"name":"Home","item":"https:\/\/fashiongold.lt\/pl\/"},{"@type":"ListItem","position":2,"name":"Sklep z diamentami Fashiongold.lt","item":"https:\/\/fashiongold.lt\/shop-2\/"},{"@type":"ListItem","position":3,"name":"Z\u0142oty \u0142a\u0144cuszek i zawieszka z diamentem laboratoryjnym 1,65 ct Asscher (diament hodowlany)"}]},{"@type":"WebSite","@id":"https:\/\/fashiongold.lt\/pl\/#website","url":"https:\/\/fashiongold.lt\/pl\/","name":"Fashion Gold","description":"Juvelyrikos namai","publisher":{"@id":"https:\/\/fashiongold.lt\/pl\/#organization"},"potentialAction":[{"@type":"SearchAction","target":{"@type":"EntryPoint","urlTemplate":"https:\/\/fashiongold.lt\/pl\/?s={search_term_string}"},"query-input":{"@type":"PropertyValueSpecification","valueRequired":true,"valueName":"search_term_string"}}],"inLanguage":"pl-PL"},{"@type":"Organization","@id":"https:\/\/fashiongold.lt\/pl\/#organization","name":"Topdiamonds Online","url":"https:\/\/fashiongold.lt\/pl\/","logo":{"@type":"ImageObject","inLanguage":"pl-PL","@id":"https:\/\/fashiongold.lt\/pl\/#\/schema\/logo\/image\/","url":"https:\/\/fashiongold.lt\/wp-content\/uploads\/2025\/04\/cropped-fashion_gold_logotipas2-scaled-1.png","contentUrl":"https:\/\/fashiongold.lt\/wp-content\/uploads\/2025\/04\/cropped-fashion_gold_logotipas2-scaled-1.png","width":2559,"height":421,"caption":"Topdiamonds Online"},"image":{"@id":"https:\/\/fashiongold.lt\/pl\/#\/schema\/logo\/image\/"}}]}},"_links":{"self":[{"href":"https:\/\/fashiongold.lt\/pl\/wp-json\/wp\/v2\/product\/272619","targetHints":{"allow":["GET"]}}],"collection":[{"href":"https:\/\/fashiongold.lt\/pl\/wp-json\/wp\/v2\/product"}],"about":[{"href":"https:\/\/fashiongold.lt\/pl\/wp-json\/wp\/v2\/types\/product"}],"version-history":[{"count":0,"href":"https:\/\/fashiongold.lt\/pl\/wp-json\/wp\/v2\/product\/272619\/revisions"}],"wp:featuredmedia":[{"embeddable":true,"href":"https:\/\/fashiongold.lt\/pl\/wp-json\/wp\/v2\/media\/248911"}],"wp:attachment":[{"href":"https:\/\/fashiongold.lt\/pl\/wp-json\/wp\/v2\/media?parent=272619"}],"wp:term":[{"taxonomy":"product_brand","embeddable":true,"href":"https:\/\/fashiongold.lt\/pl\/wp-json\/wp\/v2\/product_brand?post=272619"},{"taxonomy":"product_cat","embeddable":true,"href":"https:\/\/fashiongold.lt\/pl\/wp-json\/wp\/v2\/product_cat?post=272619"},{"taxonomy":"product_tag","embeddable":true,"href":"https:\/\/fashiongold.lt\/pl\/wp-json\/wp\/v2\/product_tag?post=272619"}],"curies":[{"name":"wp","href":"https:\/\/api.w.org\/{rel}","templated":true}]}}