{"id":272625,"date":"2025-10-23T14:49:55","date_gmt":"2025-10-23T14:49:55","guid":{"rendered":"https:\/\/fashiongold.lt\/papuosalas\/pierscionek-zareczynowy-z-diamentami-o-szlifie-bagietowym-1-00-ct\/"},"modified":"2025-10-23T14:49:55","modified_gmt":"2025-10-23T14:49:55","slug":"pierscionek-zareczynowy-z-diamentami-o-szlifie-bagietowym-1-00-ct","status":"publish","type":"product","link":"https:\/\/fashiongold.lt\/pl\/papuosalas\/pierscionek-zareczynowy-z-diamentami-o-szlifie-bagietowym-1-00-ct\/","title":{"rendered":"Pier\u015bcionek zar\u0119czynowy z diamentami o szlifie bagietowym 1.00 ct"},"content":{"rendered":"<p>Wyj\u0105tkowy pier\u015bcionek zar\u0119czynowy z diamentem o szlifie szmaragdowym (Emerald cut) w centrum oraz dwoma dodatkowymi brylantami po bokach. Klasyczny design, elegancja i obr\u0105czka z luksusowego z\u0142ota tworz\u0105 harmonijne po\u0142\u0105czenie wyrafinowania oraz wiecznej mi\u0142o\u015bci.<\/p>\n<p>Wyprodukowano na Litwie, zgodnie z najwy\u017cszymi standardami sztuki jubilerskiej. Pier\u015bcionek mo\u017ce zosta\u0107 wykonany na zam\u00f3wienie: za dodatkow\u0105 op\u0142at\u0105 z diamentami o wy\u017cszej jako\u015bci lub innymi diamentami.<\/p>\n<p>&nbsp;<\/p>\n<p><strong>\u2022 Metale pier\u015bcionka:<\/strong> 14K (pr\u00f3ba 585), 18K (pr\u00f3ba 750), platyna 900<br \/>\n<strong>\u2022 Kolor pier\u015bcionka:<\/strong> bia\u0142y, czerwony, \u017c\u00f3\u0142ty<br \/>\n<strong>\u2022 Waga pier\u015bcionka:<\/strong> (zale\u017cna od rozmiaru): ok. 3,00 &#8211; 3,50 g<br \/>\n<strong>\u2022 Wymiary pier\u015bcionka:<\/strong> szeroko\u015b\u0107 korony ok.<br \/>\n<strong>\u2022 Profil komfortu:<\/strong> tak<br \/>\n<strong>\u2022 Rodzaje diament\u00f3w:<\/strong> Diamenty hodowane w laboratorium lub diamenty naturalne<br \/>\n<strong>\u2022 Kszta\u0142ty diament\u00f3w:<\/strong> Szlif szmaragdowy (Emerald cut)<br \/>\n<strong>\u2022 Charakterystyka diamentu:<\/strong> Diament 1.00 ct (kolor E, czysto\u015b\u0107 VVS2) (mo\u017cliwo\u015b\u0107 zmiany)<br \/>\n<strong>\u2022 Certyfikat:<\/strong> Litewski Urz\u0105d Probierczy (LPR), certyfikat IGI<br \/>\n<strong>\u2022 Darmowy grawer<\/strong><br \/>\n<strong>\u2022 Jednorazowa bezp\u0142atna gwarancja zmiany rozmiaru pier\u015bcionka<\/strong><br \/>\n<strong>\u2022 Termin produkcji i dostawy:<\/strong> od 14 dni roboczych, w trybie pilnym w ci\u0105gu 7 dni roboczych<\/p>\n<p>&nbsp;<\/p>\n<p>Masz w\u0142asny kamie\u0144 szlachetny lub z\u0142oto? Skontaktuj si\u0119 z nami \u2013 przeliczymy cen\u0119 i zap\u0142acisz tylko za wykonanie pier\u015bcionka. Znajdziesz u nas szeroki wyb\u00f3r pier\u015bcionk\u00f3w zar\u0119czynowych, odpowiadaj\u0105cy r\u00f3\u017cnym gustom, bud\u017cetom i mo\u017cliwo\u015bciom personalizacji.<\/p>\n","protected":false},"excerpt":{"rendered":"<p>Wyj\u0105tkowy pier\u015bcionek zar\u0119czynowy, w kt\u00f3rym g\u0142\u00f3wny diament o szlifie szmaragdowym (\u201eEmerald cut\u201d) symbolizuje klarowno\u015b\u0107 i wieczn\u0105 mi\u0142o\u015b\u0107. Dwa dodatkowe boczne diamenty jeszcze bardziej podkre\u015blaj\u0105 blask kamienia centralnego. Klasyczny design, luksusowa z\u0142ota obr\u0105czka i staranne rzemios\u0142o tworz\u0105 po\u0142\u0105czenie elegancji i wyrafinowania, odpowiednie zar\u00f3wno do noszenia na co dzie\u0144, jak i na wyj\u0105tkowe okazje.<\/p>\n","protected":false},"featured_media":34124,"template":"","meta":{"site-sidebar-layout":"default","site-content-layout":"","ast-site-content-layout":"default","site-content-style":"default","site-sidebar-style":"default","ast-global-header-display":"","ast-banner-title-visibility":"","ast-main-header-display":"","ast-hfb-above-header-display":"","ast-hfb-below-header-display":"","ast-hfb-mobile-header-display":"","site-post-title":"","ast-breadcrumbs-content":"","ast-featured-img":"","footer-sml-layout":"","ast-disable-related-posts":"","theme-transparent-header-meta":"default","adv-header-id-meta":"","stick-header-meta":"","header-above-stick-meta":"","header-main-stick-meta":"","header-below-stick-meta":"","astra-migrate-meta-layouts":"default","ast-page-background-enabled":"default","ast-page-background-meta":{"desktop":{"background-color":"var(--ast-global-color-4)","background-image":"","background-repeat":"repeat","background-position":"center center","background-size":"auto","background-attachment":"scroll","background-type":"","background-media":"","overlay-type":"","overlay-color":"","overlay-opacity":"","overlay-gradient":""},"tablet":{"background-color":"","background-image":"","background-repeat":"repeat","background-position":"center center","background-size":"auto","background-attachment":"scroll","background-type":"","background-media":"","overlay-type":"","overlay-color":"","overlay-opacity":"","overlay-gradient":""},"mobile":{"background-color":"","background-image":"","background-repeat":"repeat","background-position":"center center","background-size":"auto","background-attachment":"scroll","background-type":"","background-media":"","overlay-type":"","overlay-color":"","overlay-opacity":"","overlay-gradient":""}},"ast-content-background-meta":{"desktop":{"background-color":"var(--ast-global-color-5)","background-image":"","background-repeat":"repeat","background-position":"center center","background-size":"auto","background-attachment":"scroll","background-type":"","background-media":"","overlay-type":"","overlay-color":"","overlay-opacity":"","overlay-gradient":""},"tablet":{"background-color":"var(--ast-global-color-5)","background-image":"","background-repeat":"repeat","background-position":"center center","background-size":"auto","background-attachment":"scroll","background-type":"","background-media":"","overlay-type":"","overlay-color":"","overlay-opacity":"","overlay-gradient":""},"mobile":{"background-color":"var(--ast-global-color-5)","background-image":"","background-repeat":"repeat","background-position":"center center","background-size":"auto","background-attachment":"scroll","background-type":"","background-media":"","overlay-type":"","overlay-color":"","overlay-opacity":"","overlay-gradient":""}}},"product_brand":[],"product_cat":[3238],"product_tag":[],"class_list":{"0":"post-272625","1":"product","2":"type-product","3":"status-publish","4":"has-post-thumbnail","6":"product_cat-klasyczne-pierscionki-zareczynowe","7":"desktop-align-center","8":"tablet-align-left","9":"mobile-align-left","10":"ast-product-gallery-layout-horizontal-slider","11":"ast-product-single-variable","12":"ast-product-tabs-layout-accordion","13":"ast-qv-on-image","15":"first","16":"instock","17":"taxable","18":"shipping-taxable","19":"purchasable","20":"product-type-variable"},"yoast_head":"<!-- This site is optimized with the Yoast SEO plugin v26.6 - https:\/\/yoast.com\/wordpress\/plugins\/seo\/ -->\n<title>Pier\u015bcionek zar\u0119czynowy z diamentami o szlifie bagietowym 1.00 ct - FashionGold.lt<\/title>\n<meta name=\"description\" content=\"Wyj\u0105tkowy pier\u015bcionek zar\u0119czynowy z diamentem o szlifie szmaragdowym (Emerald cut) w formie bagietki i dwoma bocznymi brylantami. Klasyka, elegancja i luksus dla wiecznej mi\u0142o\u015bci.\" \/>\n<meta name=\"robots\" content=\"index, follow, max-snippet:-1, max-image-preview:large, max-video-preview:-1\" \/>\n<link rel=\"canonical\" href=\"https:\/\/fashiongold.lt\/pl\/papuosalas\/pierscionek-zareczynowy-z-diamentami-o-szlifie-bagietowym-1-00-ct\/\" \/>\n<meta property=\"og:locale\" content=\"pl_PL\" \/>\n<meta property=\"og:type\" content=\"article\" \/>\n<meta property=\"og:title\" content=\"Pier\u015bcionek zar\u0119czynowy z diamentami o szlifie bagietowym 1.00 ct - FashionGold.lt\" \/>\n<meta property=\"og:description\" content=\"Wyj\u0105tkowy pier\u015bcionek zar\u0119czynowy z diamentem o szlifie szmaragdowym (Emerald cut) w formie bagietki i dwoma bocznymi brylantami. Klasyka, elegancja i luksus dla wiecznej mi\u0142o\u015bci.\" \/>\n<meta property=\"og:url\" content=\"https:\/\/fashiongold.lt\/pl\/papuosalas\/pierscionek-zareczynowy-z-diamentami-o-szlifie-bagietowym-1-00-ct\/\" \/>\n<meta property=\"og:site_name\" content=\"FashionGold.lt\" \/>\n<meta property=\"og:image\" content=\"https:\/\/fashiongold.lt\/wp-content\/uploads\/2025\/10\/I-suzadetuviu-ziedas-su-staciakampiu-deimantu-2.webp\" \/>\n\t<meta property=\"og:image:width\" content=\"800\" \/>\n\t<meta property=\"og:image:height\" content=\"800\" \/>\n\t<meta property=\"og:image:type\" content=\"image\/jpeg\" \/>\n<meta name=\"twitter:card\" content=\"summary_large_image\" \/>\n<meta name=\"twitter:label1\" content=\"Szacowany czas czytania\" \/>\n\t<meta name=\"twitter:data1\" content=\"1 minuta\" \/>\n<script type=\"application\/ld+json\" class=\"yoast-schema-graph\">{\"@context\":\"https:\/\/schema.org\",\"@graph\":[{\"@type\":\"WebPage\",\"@id\":\"https:\/\/fashiongold.lt\/pl\/papuosalas\/pierscionek-zareczynowy-z-diamentami-o-szlifie-bagietowym-1-00-ct\/\",\"url\":\"https:\/\/fashiongold.lt\/pl\/papuosalas\/pierscionek-zareczynowy-z-diamentami-o-szlifie-bagietowym-1-00-ct\/\",\"name\":\"Pier\u015bcionek zar\u0119czynowy z diamentami o szlifie bagietowym 1.00 ct - FashionGold.lt\",\"isPartOf\":{\"@id\":\"https:\/\/fashiongold.lt\/pl\/#website\"},\"primaryImageOfPage\":{\"@id\":\"https:\/\/fashiongold.lt\/pl\/papuosalas\/pierscionek-zareczynowy-z-diamentami-o-szlifie-bagietowym-1-00-ct\/#primaryimage\"},\"image\":{\"@id\":\"https:\/\/fashiongold.lt\/pl\/papuosalas\/pierscionek-zareczynowy-z-diamentami-o-szlifie-bagietowym-1-00-ct\/#primaryimage\"},\"thumbnailUrl\":\"https:\/\/fashiongold.lt\/wp-content\/uploads\/2025\/10\/I-suzadetuviu-ziedas-su-staciakampiu-deimantu-2.jpg\",\"datePublished\":\"2025-10-23T14:49:55+00:00\",\"description\":\"Wyj\u0105tkowy pier\u015bcionek zar\u0119czynowy z diamentem o szlifie szmaragdowym (Emerald cut) w formie bagietki i dwoma bocznymi brylantami. Klasyka, elegancja i luksus dla wiecznej mi\u0142o\u015bci.\",\"breadcrumb\":{\"@id\":\"https:\/\/fashiongold.lt\/pl\/papuosalas\/pierscionek-zareczynowy-z-diamentami-o-szlifie-bagietowym-1-00-ct\/#breadcrumb\"},\"inLanguage\":\"pl-PL\",\"potentialAction\":[{\"@type\":\"ReadAction\",\"target\":[\"https:\/\/fashiongold.lt\/pl\/papuosalas\/pierscionek-zareczynowy-z-diamentami-o-szlifie-bagietowym-1-00-ct\/\"]}]},{\"@type\":\"ImageObject\",\"inLanguage\":\"pl-PL\",\"@id\":\"https:\/\/fashiongold.lt\/pl\/papuosalas\/pierscionek-zareczynowy-z-diamentami-o-szlifie-bagietowym-1-00-ct\/#primaryimage\",\"url\":\"https:\/\/fashiongold.lt\/wp-content\/uploads\/2025\/10\/I-suzadetuviu-ziedas-su-staciakampiu-deimantu-2.jpg\",\"contentUrl\":\"https:\/\/fashiongold.lt\/wp-content\/uploads\/2025\/10\/I-suzadetuviu-ziedas-su-staciakampiu-deimantu-2.jpg\",\"width\":800,\"height\":800},{\"@type\":\"BreadcrumbList\",\"@id\":\"https:\/\/fashiongold.lt\/pl\/papuosalas\/pierscionek-zareczynowy-z-diamentami-o-szlifie-bagietowym-1-00-ct\/#breadcrumb\",\"itemListElement\":[{\"@type\":\"ListItem\",\"position\":1,\"name\":\"Home\",\"item\":\"https:\/\/fashiongold.lt\/pl\/\"},{\"@type\":\"ListItem\",\"position\":2,\"name\":\"Sklep z diamentami Fashiongold.lt\",\"item\":\"https:\/\/fashiongold.lt\/shop-2\/\"},{\"@type\":\"ListItem\",\"position\":3,\"name\":\"Pier\u015bcionek zar\u0119czynowy z diamentami o szlifie bagietowym 1.00 ct\"}]},{\"@type\":\"WebSite\",\"@id\":\"https:\/\/fashiongold.lt\/pl\/#website\",\"url\":\"https:\/\/fashiongold.lt\/pl\/\",\"name\":\"Fashion Gold\",\"description\":\"Juvelyrikos namai\",\"publisher\":{\"@id\":\"https:\/\/fashiongold.lt\/pl\/#organization\"},\"potentialAction\":[{\"@type\":\"SearchAction\",\"target\":{\"@type\":\"EntryPoint\",\"urlTemplate\":\"https:\/\/fashiongold.lt\/pl\/?s={search_term_string}\"},\"query-input\":{\"@type\":\"PropertyValueSpecification\",\"valueRequired\":true,\"valueName\":\"search_term_string\"}}],\"inLanguage\":\"pl-PL\"},{\"@type\":\"Organization\",\"@id\":\"https:\/\/fashiongold.lt\/pl\/#organization\",\"name\":\"Topdiamonds Online\",\"url\":\"https:\/\/fashiongold.lt\/pl\/\",\"logo\":{\"@type\":\"ImageObject\",\"inLanguage\":\"pl-PL\",\"@id\":\"https:\/\/fashiongold.lt\/pl\/#\/schema\/logo\/image\/\",\"url\":\"https:\/\/fashiongold.lt\/wp-content\/uploads\/2025\/04\/cropped-fashion_gold_logotipas2-scaled-1.png\",\"contentUrl\":\"https:\/\/fashiongold.lt\/wp-content\/uploads\/2025\/04\/cropped-fashion_gold_logotipas2-scaled-1.png\",\"width\":2559,\"height\":421,\"caption\":\"Topdiamonds Online\"},\"image\":{\"@id\":\"https:\/\/fashiongold.lt\/pl\/#\/schema\/logo\/image\/\"}}]}<\/script>\n<!-- \/ Yoast SEO plugin. -->","yoast_head_json":{"title":"Pier\u015bcionek zar\u0119czynowy z diamentami o szlifie bagietowym 1.00 ct - FashionGold.lt","description":"Wyj\u0105tkowy pier\u015bcionek zar\u0119czynowy z diamentem o szlifie szmaragdowym (Emerald cut) w formie bagietki i dwoma bocznymi brylantami. Klasyka, elegancja i luksus dla wiecznej mi\u0142o\u015bci.","robots":{"index":"index","follow":"follow","max-snippet":"max-snippet:-1","max-image-preview":"max-image-preview:large","max-video-preview":"max-video-preview:-1"},"canonical":"https:\/\/fashiongold.lt\/pl\/papuosalas\/pierscionek-zareczynowy-z-diamentami-o-szlifie-bagietowym-1-00-ct\/","og_locale":"pl_PL","og_type":"article","og_title":"Pier\u015bcionek zar\u0119czynowy z diamentami o szlifie bagietowym 1.00 ct - FashionGold.lt","og_description":"Wyj\u0105tkowy pier\u015bcionek zar\u0119czynowy z diamentem o szlifie szmaragdowym (Emerald cut) w formie bagietki i dwoma bocznymi brylantami. Klasyka, elegancja i luksus dla wiecznej mi\u0142o\u015bci.","og_url":"https:\/\/fashiongold.lt\/pl\/papuosalas\/pierscionek-zareczynowy-z-diamentami-o-szlifie-bagietowym-1-00-ct\/","og_site_name":"FashionGold.lt","og_image":[{"width":800,"height":800,"url":"https:\/\/fashiongold.lt\/wp-content\/uploads\/2025\/10\/I-suzadetuviu-ziedas-su-staciakampiu-deimantu-2.webp","type":"image\/jpeg"}],"twitter_card":"summary_large_image","twitter_misc":{"Szacowany czas czytania":"1 minuta"},"schema":{"@context":"https:\/\/schema.org","@graph":[{"@type":"WebPage","@id":"https:\/\/fashiongold.lt\/pl\/papuosalas\/pierscionek-zareczynowy-z-diamentami-o-szlifie-bagietowym-1-00-ct\/","url":"https:\/\/fashiongold.lt\/pl\/papuosalas\/pierscionek-zareczynowy-z-diamentami-o-szlifie-bagietowym-1-00-ct\/","name":"Pier\u015bcionek zar\u0119czynowy z diamentami o szlifie bagietowym 1.00 ct - FashionGold.lt","isPartOf":{"@id":"https:\/\/fashiongold.lt\/pl\/#website"},"primaryImageOfPage":{"@id":"https:\/\/fashiongold.lt\/pl\/papuosalas\/pierscionek-zareczynowy-z-diamentami-o-szlifie-bagietowym-1-00-ct\/#primaryimage"},"image":{"@id":"https:\/\/fashiongold.lt\/pl\/papuosalas\/pierscionek-zareczynowy-z-diamentami-o-szlifie-bagietowym-1-00-ct\/#primaryimage"},"thumbnailUrl":"https:\/\/fashiongold.lt\/wp-content\/uploads\/2025\/10\/I-suzadetuviu-ziedas-su-staciakampiu-deimantu-2.jpg","datePublished":"2025-10-23T14:49:55+00:00","description":"Wyj\u0105tkowy pier\u015bcionek zar\u0119czynowy z diamentem o szlifie szmaragdowym (Emerald cut) w formie bagietki i dwoma bocznymi brylantami. Klasyka, elegancja i luksus dla wiecznej mi\u0142o\u015bci.","breadcrumb":{"@id":"https:\/\/fashiongold.lt\/pl\/papuosalas\/pierscionek-zareczynowy-z-diamentami-o-szlifie-bagietowym-1-00-ct\/#breadcrumb"},"inLanguage":"pl-PL","potentialAction":[{"@type":"ReadAction","target":["https:\/\/fashiongold.lt\/pl\/papuosalas\/pierscionek-zareczynowy-z-diamentami-o-szlifie-bagietowym-1-00-ct\/"]}]},{"@type":"ImageObject","inLanguage":"pl-PL","@id":"https:\/\/fashiongold.lt\/pl\/papuosalas\/pierscionek-zareczynowy-z-diamentami-o-szlifie-bagietowym-1-00-ct\/#primaryimage","url":"https:\/\/fashiongold.lt\/wp-content\/uploads\/2025\/10\/I-suzadetuviu-ziedas-su-staciakampiu-deimantu-2.jpg","contentUrl":"https:\/\/fashiongold.lt\/wp-content\/uploads\/2025\/10\/I-suzadetuviu-ziedas-su-staciakampiu-deimantu-2.jpg","width":800,"height":800},{"@type":"BreadcrumbList","@id":"https:\/\/fashiongold.lt\/pl\/papuosalas\/pierscionek-zareczynowy-z-diamentami-o-szlifie-bagietowym-1-00-ct\/#breadcrumb","itemListElement":[{"@type":"ListItem","position":1,"name":"Home","item":"https:\/\/fashiongold.lt\/pl\/"},{"@type":"ListItem","position":2,"name":"Sklep z diamentami Fashiongold.lt","item":"https:\/\/fashiongold.lt\/shop-2\/"},{"@type":"ListItem","position":3,"name":"Pier\u015bcionek zar\u0119czynowy z diamentami o szlifie bagietowym 1.00 ct"}]},{"@type":"WebSite","@id":"https:\/\/fashiongold.lt\/pl\/#website","url":"https:\/\/fashiongold.lt\/pl\/","name":"Fashion Gold","description":"Juvelyrikos namai","publisher":{"@id":"https:\/\/fashiongold.lt\/pl\/#organization"},"potentialAction":[{"@type":"SearchAction","target":{"@type":"EntryPoint","urlTemplate":"https:\/\/fashiongold.lt\/pl\/?s={search_term_string}"},"query-input":{"@type":"PropertyValueSpecification","valueRequired":true,"valueName":"search_term_string"}}],"inLanguage":"pl-PL"},{"@type":"Organization","@id":"https:\/\/fashiongold.lt\/pl\/#organization","name":"Topdiamonds Online","url":"https:\/\/fashiongold.lt\/pl\/","logo":{"@type":"ImageObject","inLanguage":"pl-PL","@id":"https:\/\/fashiongold.lt\/pl\/#\/schema\/logo\/image\/","url":"https:\/\/fashiongold.lt\/wp-content\/uploads\/2025\/04\/cropped-fashion_gold_logotipas2-scaled-1.png","contentUrl":"https:\/\/fashiongold.lt\/wp-content\/uploads\/2025\/04\/cropped-fashion_gold_logotipas2-scaled-1.png","width":2559,"height":421,"caption":"Topdiamonds Online"},"image":{"@id":"https:\/\/fashiongold.lt\/pl\/#\/schema\/logo\/image\/"}}]}},"_links":{"self":[{"href":"https:\/\/fashiongold.lt\/pl\/wp-json\/wp\/v2\/product\/272625","targetHints":{"allow":["GET"]}}],"collection":[{"href":"https:\/\/fashiongold.lt\/pl\/wp-json\/wp\/v2\/product"}],"about":[{"href":"https:\/\/fashiongold.lt\/pl\/wp-json\/wp\/v2\/types\/product"}],"version-history":[{"count":0,"href":"https:\/\/fashiongold.lt\/pl\/wp-json\/wp\/v2\/product\/272625\/revisions"}],"wp:featuredmedia":[{"embeddable":true,"href":"https:\/\/fashiongold.lt\/pl\/wp-json\/wp\/v2\/media\/34124"}],"wp:attachment":[{"href":"https:\/\/fashiongold.lt\/pl\/wp-json\/wp\/v2\/media?parent=272625"}],"wp:term":[{"taxonomy":"product_brand","embeddable":true,"href":"https:\/\/fashiongold.lt\/pl\/wp-json\/wp\/v2\/product_brand?post=272625"},{"taxonomy":"product_cat","embeddable":true,"href":"https:\/\/fashiongold.lt\/pl\/wp-json\/wp\/v2\/product_cat?post=272625"},{"taxonomy":"product_tag","embeddable":true,"href":"https:\/\/fashiongold.lt\/pl\/wp-json\/wp\/v2\/product_tag?post=272625"}],"curies":[{"name":"wp","href":"https:\/\/api.w.org\/{rel}","templated":true}]}}