{"id":272643,"date":"2025-12-28T07:27:14","date_gmt":"2025-12-28T07:27:14","guid":{"rendered":"https:\/\/fashiongold.lt\/papuosalas\/turmalin-pierscionek-z-turmalinem-heart-ai-jubiler\/"},"modified":"2025-12-28T07:27:14","modified_gmt":"2025-12-28T07:27:14","slug":"turmalin-pierscionek-z-turmalinem-heart-ai-jubiler","status":"publish","type":"product","link":"https:\/\/fashiongold.lt\/pl\/papuosalas\/turmalin-pierscionek-z-turmalinem-heart-ai-jubiler\/","title":{"rendered":"Turmalin &#8211; Pier\u015bcionek z turmalinem Heart. AI Jubiler"},"content":{"rendered":"<h2 data-start=\"295\" data-end=\"371\">Jubiler AI: <strong data-start=\"278\" data-end=\"373\">Pier\u015bcionek z r\u00f3\u017cowym turmalinem Rubelit (w kszta\u0142cie serca) \u2013 produkcja wed\u0142ug indywidualnego projektu<\/strong><\/h2>\n<p data-start=\"375\" data-end=\"1110\">Ten romantyczny pier\u015bcionek w kszta\u0142cie serca z r\u00f3\u017cowym turmalinem Rubelit wykonany z r\u00f3\u017cowego z\u0142ota to projekt indywidualny tworzony i wytwarzany przez jubilera, w kt\u00f3rym g\u0142\u00f3wny akcent k\u0142adziony jest na r\u00f3\u017cowy turmalin Rubelit w kszta\u0142cie serca, charakteryzuj\u0105cy si\u0119 nasyconymi odcieniami r\u00f3\u017cu, maliny, a nawet czerwonawo-r\u00f3\u017cowymi barwami oraz wyj\u0105tkowym blaskiem. Nie jest to produkt seryjny, lecz prawdziwe rzemios\u0142o jubilerskie, zaczynaj\u0105ce si\u0119 od pomys\u0142u, a ko\u0144cz\u0105ce na r\u0119cznie wykonanym, unikalnym pier\u015bcionku. Jubiler wykonuje nie tylko pier\u015bcionki, ale tak\u017ce kolczyki i inn\u0105 bi\u017cuteri\u0119 na indywidualne zam\u00f3wienia, podkre\u015blaj\u0105c ich jako\u015b\u0107, estetyk\u0119 i trwa\u0142o\u015b\u0107. Wi\u0119cej o turmalinie Rubelit, intensywno\u015bci jego barw i symbolice mo\u017cna dowiedzie\u0107 si\u0119 <a href=\"https:\/\/fashiongold.lt\/pl\/turmalin-tajemniczy-wielobarwny-kamien-szlachetny\/\">tutaj<\/a>.<\/p>\n<p data-start=\"1112\" data-end=\"1899\">Projektuj\u0105c pier\u015bcionek w kszta\u0142cie serca z turmalinem Rubelit, jubiler najpierw ocenia sam kamie\u0144 \u2013 jego przejrzysto\u015b\u0107, nasycenie koloru i oddzia\u0142ywanie emocjonalne, kt\u00f3re mo\u017ce waha\u0107 si\u0119 od delikatnego r\u00f3\u017cu po intensywny malinowy lub przypominaj\u0105cy rubin kolor. W tym modelu Rubelit w kszta\u0142cie serca jest osadzony w eleganckim wzorze halo, w kt\u00f3rym drobne diamenty subtelnie obramowuj\u0105 centralny kamie\u0144, wzmacniaj\u0105c jego blask i wyrazisto\u015b\u0107 formy. To w\u0142a\u015bnie pod konkretny okaz Rubelitu formowany jest ca\u0142y projekt pier\u015bcionka: proporcje serca, g\u0119sto\u015b\u0107 diament\u00f3w w halo, wysoko\u015b\u0107 korony i delikatno\u015b\u0107 linii r\u00f3\u017cowego z\u0142ota. Ka\u017cdy pier\u015bcionek wymaga niezwykle starannej i profesjonalnej pracy, pozwalaj\u0105cej na osi\u0105gni\u0119cie idealnej r\u00f3wnowagi mi\u0119dzy estetyk\u0105, wygod\u0105 a trwa\u0142o\u015bci\u0105.<\/p>\n<p data-start=\"1901\" data-end=\"2057\">Pier\u015bcionek w kszta\u0142cie serca z r\u00f3\u017cowym turmalinem Rubelit i diamentami halo z r\u00f3\u017cowego z\u0142ota jest wykonywany na indywidualne zam\u00f3wienie, dlatego mo\u017cemy dostosowa\u0107:<\/p>\n<ul>\n<li>dowolny <a href=\"https:\/\/fashiongold.lt\/pl\/patarimai-pl\/kolor-zlota-co-warto-wiedziec-o-roznych-odcieniach-i-ich-wlasciwosciach\/\" target=\"_self\" rel=\"noopener noreferrer\">kolor z\u0142ota<\/a> (bia\u0142y, \u017c\u00f3\u0142ty lub czerwony),<\/li>\n<li><a href=\"https:\/\/fashiongold.lt\/pl\/patarimai-pl\/proba-zlota-w-bizuterii-jak-wybrac-odpowiednia\/\" target=\"_self\" rel=\"noopener noreferrer\">\u017c\u0105dan\u0105 pr\u00f3b\u0119 z\u0142ota 585 lub 750<\/a>,<\/li>\n<li>r\u00f3\u017cn\u0105 wielko\u015b\u0107 i rozmieszczenie diament\u00f3w,<\/li>\n<li data-start=\"1302\" data-end=\"1414\">\n<p data-start=\"1304\" data-end=\"1414\">indywidualny odcie\u0144 Rubelitu \u2013 od jasnor\u00f3\u017cowego po g\u0142\u0119boki, intensywny r\u00f3\u017c lub ton malinowy.<\/p>\n<\/li>\n<\/ul>\n<p data-start=\"2426\" data-end=\"2606\">Wybieraj\u0105c pier\u015bcionek w kszta\u0142cie serca z r\u00f3\u017cowym turmalinem Rubelit wed\u0142ug indywidualnego projektu, najwa\u017cniejsze jest to, co odpowiada Twoim uczuciom, osobistej historii i poczuciu estetyki.<\/p>\n<p data-start=\"2608\" data-end=\"3071\">W tym modelu wybrano klasyczny, ale niezwykle romantyczny design halo, kt\u00f3ry podkre\u015bla symbolik\u0119 Rubelitu w kszta\u0142cie serca \u2013 mi\u0142o\u015b\u0107, czu\u0142o\u015b\u0107 i pasj\u0119. Ma\u0142e diamenty wok\u00f3\u0142 centralnego kamienia tworz\u0105 dodatkow\u0105 gr\u0119 \u015bwiat\u0142a, a r\u00f3\u017cowe z\u0142oto nadaje pier\u015bcionkowi ciep\u0142a, kobieco\u015bci i elegancji. Turmalin Rubelit w tym projekcie staje si\u0119 g\u0142\u00f3wnym akcentem wizualnym i emocjonalnym, cz\u0119sto wybieranym na zar\u0119czyny lub specjalne okazje mi\u0142osne.<\/p>\n<p data-start=\"3073\" data-end=\"3195\">Wszystkie pier\u015bcionki z turmalinem Rubelit<span style=\"font-size: 16px;\">\u00a0oraz <\/span><a style=\"font-size: 16px; background-color: #ffffff;\" href=\"https:\/\/fashiongold.lt\/pl\/kategorija\/kolczyki-okazyjne\/\" target=\"_self\" rel=\"noopener noreferrer\">inna bi\u017cuteria<\/a><span style=\"font-size: 16px;\"> s\u0105 produkowane na Litwie i posiadaj\u0105 certyfikaty Litewskiej Izby Probierczej.<\/span><\/p>\n<p>To <a href=\"https:\/\/fashiongold.lt\/pl\/patarimai-pl\/jubiler-kiedy-twoje-marzenie-przybiera-forme-zlota\/\" target=\"_self\" rel=\"noopener noreferrer\">produkcja jubilerska wed\u0142ug indywidualnego projektu<\/a>, przeznaczona dla tych, kt\u00f3rzy szukaj\u0105 nie tylko pier\u015bcionka, ale tak\u017ce g\u0142\u0119boko osobistej historii mi\u0142osnej, stworzonej z r\u00f3\u017cowego z\u0142ota, diament\u00f3w i turmalinu Rubelit w kszta\u0142cie serca. Ka\u017cdy taki pier\u015bcionek jest unikatowy, dostosowany w\u0142a\u015bnie do Ciebie i wybranego przez Ciebie kamienia szlachetnego. Kszta\u0142t serca i design halo nadaj\u0105 temu pier\u015bcionkowi szczeg\u00f3ln\u0105 warto\u015b\u0107 emocjonaln\u0105 \u2013 jest to symbol mi\u0142o\u015bci, zaanga\u017cowania i uczu\u0107, kt\u00f3ry pozostaje na d\u0142ugo.<\/p>\n<h4>Nasze us\u0142ugi<\/h4>\n<p>Oferujemy <a href=\"https:\/\/fashiongold.lt\/pl\/kategorija\/produkcja-bizuterii\/\" target=\"_self\" rel=\"noopener noreferrer\">indywidualny projekt, w kt\u00f3rym ka\u017cda bi\u017cuteria powstaje wed\u0142ug Twoich pomys\u0142\u00f3w i wizji<\/a>. Wykonujemy r\u00f3wnie\u017c renowacj\u0119, aby Twoja drogocenna bi\u017cuteria zn\u00f3w l\u015bni\u0142a jak nowa. Ka\u017cde nasze dzie\u0142o to nie tylko bi\u017cuteria, ale tak\u017ce odzwierciedlenie Twojej osobowo\u015bci. Ka\u017cda nasza praca to dow\u00f3d na to, \u017ce jako\u015b\u0107 i kreatywno\u015b\u0107 mog\u0105 i\u015b\u0107 w parze.<\/p>\n<h4>Otwarto\u015b\u0107 i Gwarancja<\/h4>\n<p>Nasze podej\u015bcie to otwarto\u015b\u0107 i szczera komunikacja z ka\u017cdym klientem. Od pierwszej konsultacji po odbi\u00f3r gotowej bi\u017cuterii jeste\u015bmy obok, aby pom\u00f3c we wszystkich kwestiach. Udzielamy 5-letniej gwarancji jako\u015bci na wszystkie nasze produkty, dzi\u0119ki czemu mo\u017cesz by\u0107 pewien ich niezawodno\u015bci i trwa\u0142o\u015bci. Nasza gwarancja obejmuje wszystkie aspekty jako\u015bci wykonania, aby\u015b m\u00f3g\u0142 cieszy\u0107 si\u0119 bi\u017cuteri\u0105 bez zmartwie\u0144 przez wiele lat. Dbamy o to, aby ka\u017cdy nasz klient czu\u0142 si\u0119 pewnie i wiedzia\u0142, \u017ce nasza bi\u017cuteria jest godna zaufania.<\/p>\n<h4>Zam\u00f3wienia i konsultacje<\/h4>\n<p>Je\u015bli chcesz zam\u00f3wi\u0107 indywidualn\u0105 bi\u017cuteri\u0119 lub skonsultowa\u0107 swoje pomys\u0142y, nasz zesp\u00f3\u0142 jest zawsze gotowy do pomocy. Podczas konsultacji omawiamy Twoj\u0105 wizj\u0119, preferencje i proponujemy najlepsze rozwi\u0105zania, aby\u015bmy mogli wykona\u0107 bi\u017cuteri\u0119 spe\u0142niaj\u0105c\u0105 Twoje oczekiwania. Ka\u017cdemu zam\u00f3wieniu po\u015bwi\u0119camy szczeg\u00f3ln\u0105 uwag\u0119, dlatego mo\u017cemy zaoferowa\u0107 indywidualne rozwi\u0105zania zar\u00f3wno dla pier\u015bcionk\u00f3w zar\u0119czynowych, jak i innej bi\u017cuterii. Produkcja bi\u017cuterii trwa zazwyczaj oko\u0142o 5 tygodni, ale zawsze staramy si\u0119, aby Twoja bi\u017cuteria zosta\u0142a wykonana jak najszybciej. Skontaktuj si\u0119 z nami \u2013 wsp\u00f3lnie stworzymy bi\u017cuteri\u0119, kt\u00f3ra stanie si\u0119 cz\u0119\u015bci\u0105 Twojej historii.<\/p>\n","protected":false},"excerpt":{"rendered":"<p>Jubiler AI: Pier\u015bcionek z r\u00f3\u017cowym turmalinem Rubelit (w kszta\u0142cie serca) \u2013 produkcja wed\u0142ug indywidualnego projektu Ten romantyczny pier\u015bcionek w kszta\u0142cie [&hellip;]<\/p>\n","protected":false},"featured_media":265503,"template":"","meta":{"site-sidebar-layout":"default","site-content-layout":"","ast-site-content-layout":"default","site-content-style":"default","site-sidebar-style":"default","ast-global-header-display":"","ast-banner-title-visibility":"","ast-main-header-display":"","ast-hfb-above-header-display":"","ast-hfb-below-header-display":"","ast-hfb-mobile-header-display":"","site-post-title":"","ast-breadcrumbs-content":"","ast-featured-img":"","footer-sml-layout":"","ast-disable-related-posts":"","theme-transparent-header-meta":"default","adv-header-id-meta":"","stick-header-meta":"","header-above-stick-meta":"","header-main-stick-meta":"","header-below-stick-meta":"","astra-migrate-meta-layouts":"default","ast-page-background-enabled":"default","ast-page-background-meta":{"desktop":{"background-color":"var(--ast-global-color-4)","background-image":"","background-repeat":"repeat","background-position":"center center","background-size":"auto","background-attachment":"scroll","background-type":"","background-media":"","overlay-type":"","overlay-color":"","overlay-opacity":"","overlay-gradient":""},"tablet":{"background-color":"","background-image":"","background-repeat":"repeat","background-position":"center center","background-size":"auto","background-attachment":"scroll","background-type":"","background-media":"","overlay-type":"","overlay-color":"","overlay-opacity":"","overlay-gradient":""},"mobile":{"background-color":"","background-image":"","background-repeat":"repeat","background-position":"center center","background-size":"auto","background-attachment":"scroll","background-type":"","background-media":"","overlay-type":"","overlay-color":"","overlay-opacity":"","overlay-gradient":""}},"ast-content-background-meta":{"desktop":{"background-color":"var(--ast-global-color-5)","background-image":"","background-repeat":"repeat","background-position":"center center","background-size":"auto","background-attachment":"scroll","background-type":"","background-media":"","overlay-type":"","overlay-color":"","overlay-opacity":"","overlay-gradient":""},"tablet":{"background-color":"var(--ast-global-color-5)","background-image":"","background-repeat":"repeat","background-position":"center center","background-size":"auto","background-attachment":"scroll","background-type":"","background-media":"","overlay-type":"","overlay-color":"","overlay-opacity":"","overlay-gradient":""},"mobile":{"background-color":"var(--ast-global-color-5)","background-image":"","background-repeat":"repeat","background-position":"center center","background-size":"auto","background-attachment":"scroll","background-type":"","background-media":"","overlay-type":"","overlay-color":"","overlay-opacity":"","overlay-gradient":""}}},"product_brand":[],"product_cat":[2877,2869,2879,2868],"product_tag":[],"class_list":{"0":"post-272643","1":"product","2":"type-product","3":"status-publish","4":"has-post-thumbnail","6":"product_cat-bizuteria-z-kamieniami-polszlachetnymi","7":"product_cat-jubiler","8":"product_cat-pierscionki-z-kamieniami-szlachetnymi","9":"product_cat-produkcja-bizuterii","10":"desktop-align-center","11":"tablet-align-left","12":"mobile-align-left","13":"ast-product-gallery-layout-horizontal-slider","14":"ast-product-tabs-layout-accordion","15":"ast-qv-on-image","17":"first","18":"onbackorder","19":"taxable","20":"shipping-taxable","21":"purchasable","22":"product-type-simple"},"yoast_head":"<!-- This site is optimized with the Yoast SEO plugin v26.6 - https:\/\/yoast.com\/wordpress\/plugins\/seo\/ -->\n<title>Pier\u015bcionek w kszta\u0142cie serca z rubelitem | Jubiler<\/title>\n<meta name=\"description\" content=\"Romantyczny pier\u015bcionek w kszta\u0142cie serca z r\u00f3\u017cowym turmalinem Rubelit, wz\u00f3r halo z diamentami, wykonany z r\u00f3\u017cowego z\u0142ota. Indywidualny wyr\u00f3b jubilerski.\" \/>\n<meta name=\"robots\" content=\"index, follow, max-snippet:-1, max-image-preview:large, max-video-preview:-1\" \/>\n<link rel=\"canonical\" href=\"https:\/\/fashiongold.lt\/pl\/papuosalas\/turmalin-pierscionek-z-turmalinem-heart-ai-jubiler\/\" \/>\n<meta property=\"og:locale\" content=\"pl_PL\" \/>\n<meta property=\"og:type\" content=\"article\" \/>\n<meta property=\"og:title\" content=\"Pier\u015bcionek w kszta\u0142cie serca z rubelitem | Jubiler\" \/>\n<meta property=\"og:description\" content=\"Romantyczny pier\u015bcionek w kszta\u0142cie serca z r\u00f3\u017cowym turmalinem Rubelit, wz\u00f3r halo z diamentami, wykonany z r\u00f3\u017cowego z\u0142ota. Indywidualny wyr\u00f3b jubilerski.\" \/>\n<meta property=\"og:url\" content=\"https:\/\/fashiongold.lt\/pl\/papuosalas\/turmalin-pierscionek-z-turmalinem-heart-ai-jubiler\/\" \/>\n<meta property=\"og:site_name\" content=\"FashionGold.lt\" \/>\n<meta property=\"og:image\" content=\"https:\/\/fashiongold.lt\/wp-content\/uploads\/2025\/12\/Prabangus-ziedas-su-sirdeles-formos-roziniu-turmalinu-Rubelitas-ir-deimantais-1024x683.png\" \/>\n\t<meta property=\"og:image:width\" content=\"1024\" \/>\n\t<meta property=\"og:image:height\" content=\"683\" \/>\n\t<meta property=\"og:image:type\" content=\"image\/png\" \/>\n<meta name=\"twitter:card\" content=\"summary_large_image\" \/>\n<meta name=\"twitter:label1\" content=\"Szacowany czas czytania\" \/>\n\t<meta name=\"twitter:data1\" content=\"4 minuty\" \/>\n<script type=\"application\/ld+json\" class=\"yoast-schema-graph\">{\"@context\":\"https:\/\/schema.org\",\"@graph\":[{\"@type\":\"WebPage\",\"@id\":\"https:\/\/fashiongold.lt\/pl\/papuosalas\/turmalin-pierscionek-z-turmalinem-heart-ai-jubiler\/\",\"url\":\"https:\/\/fashiongold.lt\/pl\/papuosalas\/turmalin-pierscionek-z-turmalinem-heart-ai-jubiler\/\",\"name\":\"Pier\u015bcionek w kszta\u0142cie serca z rubelitem | Jubiler\",\"isPartOf\":{\"@id\":\"https:\/\/fashiongold.lt\/pl\/#website\"},\"primaryImageOfPage\":{\"@id\":\"https:\/\/fashiongold.lt\/pl\/papuosalas\/turmalin-pierscionek-z-turmalinem-heart-ai-jubiler\/#primaryimage\"},\"image\":{\"@id\":\"https:\/\/fashiongold.lt\/pl\/papuosalas\/turmalin-pierscionek-z-turmalinem-heart-ai-jubiler\/#primaryimage\"},\"thumbnailUrl\":\"https:\/\/fashiongold.lt\/wp-content\/uploads\/2025\/12\/Prabangus-ziedas-su-sirdeles-formos-roziniu-turmalinu-Rubelitas-ir-deimantais.png\",\"datePublished\":\"2025-12-28T07:27:14+00:00\",\"description\":\"Romantyczny pier\u015bcionek w kszta\u0142cie serca z r\u00f3\u017cowym turmalinem Rubelit, wz\u00f3r halo z diamentami, wykonany z r\u00f3\u017cowego z\u0142ota. Indywidualny wyr\u00f3b jubilerski.\",\"breadcrumb\":{\"@id\":\"https:\/\/fashiongold.lt\/pl\/papuosalas\/turmalin-pierscionek-z-turmalinem-heart-ai-jubiler\/#breadcrumb\"},\"inLanguage\":\"pl-PL\",\"potentialAction\":[{\"@type\":\"ReadAction\",\"target\":[\"https:\/\/fashiongold.lt\/pl\/papuosalas\/turmalin-pierscionek-z-turmalinem-heart-ai-jubiler\/\"]}]},{\"@type\":\"ImageObject\",\"inLanguage\":\"pl-PL\",\"@id\":\"https:\/\/fashiongold.lt\/pl\/papuosalas\/turmalin-pierscionek-z-turmalinem-heart-ai-jubiler\/#primaryimage\",\"url\":\"https:\/\/fashiongold.lt\/wp-content\/uploads\/2025\/12\/Prabangus-ziedas-su-sirdeles-formos-roziniu-turmalinu-Rubelitas-ir-deimantais.png\",\"contentUrl\":\"https:\/\/fashiongold.lt\/wp-content\/uploads\/2025\/12\/Prabangus-ziedas-su-sirdeles-formos-roziniu-turmalinu-Rubelitas-ir-deimantais.png\",\"width\":1536,\"height\":1024,\"caption\":\"Prabangus z\u030ciedas su s\u030cirdele\u0307s formos roz\u030ciniu turmalinu Rubelitas ir deimantais\"},{\"@type\":\"BreadcrumbList\",\"@id\":\"https:\/\/fashiongold.lt\/pl\/papuosalas\/turmalin-pierscionek-z-turmalinem-heart-ai-jubiler\/#breadcrumb\",\"itemListElement\":[{\"@type\":\"ListItem\",\"position\":1,\"name\":\"Home\",\"item\":\"https:\/\/fashiongold.lt\/pl\/\"},{\"@type\":\"ListItem\",\"position\":2,\"name\":\"Sklep z diamentami Fashiongold.lt\",\"item\":\"https:\/\/fashiongold.lt\/shop-2\/\"},{\"@type\":\"ListItem\",\"position\":3,\"name\":\"Turmalin &#8211; Pier\u015bcionek z turmalinem Heart. AI Jubiler\"}]},{\"@type\":\"WebSite\",\"@id\":\"https:\/\/fashiongold.lt\/pl\/#website\",\"url\":\"https:\/\/fashiongold.lt\/pl\/\",\"name\":\"Fashion Gold\",\"description\":\"Juvelyrikos namai\",\"publisher\":{\"@id\":\"https:\/\/fashiongold.lt\/pl\/#organization\"},\"potentialAction\":[{\"@type\":\"SearchAction\",\"target\":{\"@type\":\"EntryPoint\",\"urlTemplate\":\"https:\/\/fashiongold.lt\/pl\/?s={search_term_string}\"},\"query-input\":{\"@type\":\"PropertyValueSpecification\",\"valueRequired\":true,\"valueName\":\"search_term_string\"}}],\"inLanguage\":\"pl-PL\"},{\"@type\":\"Organization\",\"@id\":\"https:\/\/fashiongold.lt\/pl\/#organization\",\"name\":\"Topdiamonds Online\",\"url\":\"https:\/\/fashiongold.lt\/pl\/\",\"logo\":{\"@type\":\"ImageObject\",\"inLanguage\":\"pl-PL\",\"@id\":\"https:\/\/fashiongold.lt\/pl\/#\/schema\/logo\/image\/\",\"url\":\"https:\/\/fashiongold.lt\/wp-content\/uploads\/2025\/04\/cropped-fashion_gold_logotipas2-scaled-1.png\",\"contentUrl\":\"https:\/\/fashiongold.lt\/wp-content\/uploads\/2025\/04\/cropped-fashion_gold_logotipas2-scaled-1.png\",\"width\":2559,\"height\":421,\"caption\":\"Topdiamonds Online\"},\"image\":{\"@id\":\"https:\/\/fashiongold.lt\/pl\/#\/schema\/logo\/image\/\"}}]}<\/script>\n<!-- \/ Yoast SEO plugin. -->","yoast_head_json":{"title":"Pier\u015bcionek w kszta\u0142cie serca z rubelitem | Jubiler","description":"Romantyczny pier\u015bcionek w kszta\u0142cie serca z r\u00f3\u017cowym turmalinem Rubelit, wz\u00f3r halo z diamentami, wykonany z r\u00f3\u017cowego z\u0142ota. Indywidualny wyr\u00f3b jubilerski.","robots":{"index":"index","follow":"follow","max-snippet":"max-snippet:-1","max-image-preview":"max-image-preview:large","max-video-preview":"max-video-preview:-1"},"canonical":"https:\/\/fashiongold.lt\/pl\/papuosalas\/turmalin-pierscionek-z-turmalinem-heart-ai-jubiler\/","og_locale":"pl_PL","og_type":"article","og_title":"Pier\u015bcionek w kszta\u0142cie serca z rubelitem | Jubiler","og_description":"Romantyczny pier\u015bcionek w kszta\u0142cie serca z r\u00f3\u017cowym turmalinem Rubelit, wz\u00f3r halo z diamentami, wykonany z r\u00f3\u017cowego z\u0142ota. Indywidualny wyr\u00f3b jubilerski.","og_url":"https:\/\/fashiongold.lt\/pl\/papuosalas\/turmalin-pierscionek-z-turmalinem-heart-ai-jubiler\/","og_site_name":"FashionGold.lt","og_image":[{"width":1024,"height":683,"url":"https:\/\/fashiongold.lt\/wp-content\/uploads\/2025\/12\/Prabangus-ziedas-su-sirdeles-formos-roziniu-turmalinu-Rubelitas-ir-deimantais-1024x683.png","type":"image\/png"}],"twitter_card":"summary_large_image","twitter_misc":{"Szacowany czas czytania":"4 minuty"},"schema":{"@context":"https:\/\/schema.org","@graph":[{"@type":"WebPage","@id":"https:\/\/fashiongold.lt\/pl\/papuosalas\/turmalin-pierscionek-z-turmalinem-heart-ai-jubiler\/","url":"https:\/\/fashiongold.lt\/pl\/papuosalas\/turmalin-pierscionek-z-turmalinem-heart-ai-jubiler\/","name":"Pier\u015bcionek w kszta\u0142cie serca z rubelitem | Jubiler","isPartOf":{"@id":"https:\/\/fashiongold.lt\/pl\/#website"},"primaryImageOfPage":{"@id":"https:\/\/fashiongold.lt\/pl\/papuosalas\/turmalin-pierscionek-z-turmalinem-heart-ai-jubiler\/#primaryimage"},"image":{"@id":"https:\/\/fashiongold.lt\/pl\/papuosalas\/turmalin-pierscionek-z-turmalinem-heart-ai-jubiler\/#primaryimage"},"thumbnailUrl":"https:\/\/fashiongold.lt\/wp-content\/uploads\/2025\/12\/Prabangus-ziedas-su-sirdeles-formos-roziniu-turmalinu-Rubelitas-ir-deimantais.png","datePublished":"2025-12-28T07:27:14+00:00","description":"Romantyczny pier\u015bcionek w kszta\u0142cie serca z r\u00f3\u017cowym turmalinem Rubelit, wz\u00f3r halo z diamentami, wykonany z r\u00f3\u017cowego z\u0142ota. Indywidualny wyr\u00f3b jubilerski.","breadcrumb":{"@id":"https:\/\/fashiongold.lt\/pl\/papuosalas\/turmalin-pierscionek-z-turmalinem-heart-ai-jubiler\/#breadcrumb"},"inLanguage":"pl-PL","potentialAction":[{"@type":"ReadAction","target":["https:\/\/fashiongold.lt\/pl\/papuosalas\/turmalin-pierscionek-z-turmalinem-heart-ai-jubiler\/"]}]},{"@type":"ImageObject","inLanguage":"pl-PL","@id":"https:\/\/fashiongold.lt\/pl\/papuosalas\/turmalin-pierscionek-z-turmalinem-heart-ai-jubiler\/#primaryimage","url":"https:\/\/fashiongold.lt\/wp-content\/uploads\/2025\/12\/Prabangus-ziedas-su-sirdeles-formos-roziniu-turmalinu-Rubelitas-ir-deimantais.png","contentUrl":"https:\/\/fashiongold.lt\/wp-content\/uploads\/2025\/12\/Prabangus-ziedas-su-sirdeles-formos-roziniu-turmalinu-Rubelitas-ir-deimantais.png","width":1536,"height":1024,"caption":"Prabangus z\u030ciedas su s\u030cirdele\u0307s formos roz\u030ciniu turmalinu Rubelitas ir deimantais"},{"@type":"BreadcrumbList","@id":"https:\/\/fashiongold.lt\/pl\/papuosalas\/turmalin-pierscionek-z-turmalinem-heart-ai-jubiler\/#breadcrumb","itemListElement":[{"@type":"ListItem","position":1,"name":"Home","item":"https:\/\/fashiongold.lt\/pl\/"},{"@type":"ListItem","position":2,"name":"Sklep z diamentami Fashiongold.lt","item":"https:\/\/fashiongold.lt\/shop-2\/"},{"@type":"ListItem","position":3,"name":"Turmalin &#8211; Pier\u015bcionek z turmalinem Heart. AI Jubiler"}]},{"@type":"WebSite","@id":"https:\/\/fashiongold.lt\/pl\/#website","url":"https:\/\/fashiongold.lt\/pl\/","name":"Fashion Gold","description":"Juvelyrikos namai","publisher":{"@id":"https:\/\/fashiongold.lt\/pl\/#organization"},"potentialAction":[{"@type":"SearchAction","target":{"@type":"EntryPoint","urlTemplate":"https:\/\/fashiongold.lt\/pl\/?s={search_term_string}"},"query-input":{"@type":"PropertyValueSpecification","valueRequired":true,"valueName":"search_term_string"}}],"inLanguage":"pl-PL"},{"@type":"Organization","@id":"https:\/\/fashiongold.lt\/pl\/#organization","name":"Topdiamonds Online","url":"https:\/\/fashiongold.lt\/pl\/","logo":{"@type":"ImageObject","inLanguage":"pl-PL","@id":"https:\/\/fashiongold.lt\/pl\/#\/schema\/logo\/image\/","url":"https:\/\/fashiongold.lt\/wp-content\/uploads\/2025\/04\/cropped-fashion_gold_logotipas2-scaled-1.png","contentUrl":"https:\/\/fashiongold.lt\/wp-content\/uploads\/2025\/04\/cropped-fashion_gold_logotipas2-scaled-1.png","width":2559,"height":421,"caption":"Topdiamonds Online"},"image":{"@id":"https:\/\/fashiongold.lt\/pl\/#\/schema\/logo\/image\/"}}]}},"_links":{"self":[{"href":"https:\/\/fashiongold.lt\/pl\/wp-json\/wp\/v2\/product\/272643","targetHints":{"allow":["GET"]}}],"collection":[{"href":"https:\/\/fashiongold.lt\/pl\/wp-json\/wp\/v2\/product"}],"about":[{"href":"https:\/\/fashiongold.lt\/pl\/wp-json\/wp\/v2\/types\/product"}],"version-history":[{"count":0,"href":"https:\/\/fashiongold.lt\/pl\/wp-json\/wp\/v2\/product\/272643\/revisions"}],"wp:featuredmedia":[{"embeddable":true,"href":"https:\/\/fashiongold.lt\/pl\/wp-json\/wp\/v2\/media\/265503"}],"wp:attachment":[{"href":"https:\/\/fashiongold.lt\/pl\/wp-json\/wp\/v2\/media?parent=272643"}],"wp:term":[{"taxonomy":"product_brand","embeddable":true,"href":"https:\/\/fashiongold.lt\/pl\/wp-json\/wp\/v2\/product_brand?post=272643"},{"taxonomy":"product_cat","embeddable":true,"href":"https:\/\/fashiongold.lt\/pl\/wp-json\/wp\/v2\/product_cat?post=272643"},{"taxonomy":"product_tag","embeddable":true,"href":"https:\/\/fashiongold.lt\/pl\/wp-json\/wp\/v2\/product_tag?post=272643"}],"curies":[{"name":"wp","href":"https:\/\/api.w.org\/{rel}","templated":true}]}}