{"id":272664,"date":"2025-11-26T15:24:54","date_gmt":"2025-11-26T15:24:54","guid":{"rendered":"https:\/\/fashiongold.lt\/papuosalas\/033-ct-diament-laboratoryjny-o-ksztalcie-lezki-kolor-d-ew-czystosc-vvs1\/"},"modified":"2025-11-26T15:24:54","modified_gmt":"2025-11-26T15:24:54","slug":"033-ct-diament-laboratoryjny-o-ksztalcie-lezki-kolor-d-ew-czystosc-vvs1","status":"publish","type":"product","link":"https:\/\/fashiongold.lt\/pl\/papuosalas\/033-ct-diament-laboratoryjny-o-ksztalcie-lezki-kolor-d-ew-czystosc-vvs1\/","title":{"rendered":"0,33 ct Diament laboratoryjny o kszta\u0142cie \u0142ezki \u2013 Kolor D (EW+), Czysto\u015b\u0107 VVS1"},"content":{"rendered":"<div class=\"elementor-element elementor-element-10e2271 elementor-widget elementor-widget-woocommerce-product-short-description\" data-id=\"10e2271\" data-element_type=\"widget\" data-widget_type=\"woocommerce-product-short-description.default\">\n<div class=\"elementor-widget-container\">\n<div class=\"woocommerce-product-details__short-description\">\n<div class=\"elementor-element elementor-element-10e2271 elementor-widget elementor-widget-woocommerce-product-short-description\" data-id=\"10e2271\" data-element_type=\"widget\" data-widget_type=\"woocommerce-product-short-description.default\">\n<div class=\"elementor-widget-container\">\n<div class=\"woocommerce-product-details__short-description\">\n<div class=\"elementor-element elementor-element-10e2271 elementor-widget elementor-widget-woocommerce-product-short-description\" data-id=\"10e2271\" data-element_type=\"widget\" data-widget_type=\"woocommerce-product-short-description.default\">\n<div class=\"elementor-widget-container\">\n<div class=\"woocommerce-product-details__short-description\">\n<div class=\"elementor-element elementor-element-10e2271 elementor-widget elementor-widget-woocommerce-product-short-description\" data-id=\"10e2271\" data-element_type=\"widget\" data-widget_type=\"woocommerce-product-short-description.default\">\n<div class=\"elementor-widget-container\">\n<div class=\"woocommerce-product-details__short-description\">\n<p>Wspania\u0142y diament wyhodowany w laboratorium o okr\u0105g\u0142ym kszta\u0142cie: Zanurz si\u0119 w \u015bwiecie, w kt\u00f3rym luksus spotyka si\u0119 z blaskiem.<\/p>\n<\/div>\n<\/div>\n<\/div>\n<div class=\"elementor-element elementor-element-5fc13b1 elementor-widget elementor-widget-woocommerce-product-content\" data-id=\"5fc13b1\" data-element_type=\"widget\" data-widget_type=\"woocommerce-product-content.default\">\n<div class=\"elementor-widget-container\">\n<h4>INFORMACJE O DIAMENCIE:<\/h4>\n<ul>\n<li>Kamie\u0144: Diament laboratoryjny (Brylant)<\/li>\n<li>Kszta\u0142t kamienia: W kszta\u0142cie kropli<\/li>\n<li>Masa kamienia: 0.33 ct<\/li>\n<li>Rozmiar kamienia: 6.26X3.86X2.29 mm<\/li>\n<li>Kolor kamienia: D (EW+)<\/li>\n<li>Czysto\u015b\u0107 kamienia: VVS1<\/li>\n<li>Certyfikat (laboratorium): IGI zapewniaj\u0105cy jako\u015b\u0107 diamentu<\/li>\n<li>Darmowe opakowanie<\/li>\n<\/ul>\n<h2 data-pm-slice=\"1 1 []\">O diamentach laboratoryjnych<\/h2>\n<p>Diamenty s\u0105 jednymi z najcenniejszych i najrzadszych kamieni szlachetnych na \u015bwiecie, kt\u00f3rych pi\u0119kno i wyj\u0105tkowo\u015b\u0107 zachwycaj\u0105 ludzi od tysi\u0119cy lat. Kamie\u0144 szlachetny to naturalny minera\u0142 charakteryzuj\u0105cy si\u0119 wyj\u0105tkowym pi\u0119knem, rzadko\u015bci\u0105 i warto\u015bci\u0105, a diament uwa\u017cany jest za jeden z najcenniejszych kamieni szlachetnych ze wzgl\u0119du na swoje szczeg\u00f3lne w\u0142a\u015bciwo\u015bci i znaczenie symboliczne. Naturalne diamenty powstaj\u0105 z w\u0119gla, a czasami zawieraj\u0105 inkluzje grafitu, kt\u00f3re mog\u0105 wp\u0142ywa\u0107 na ich czysto\u015b\u0107 i kolor. Przezroczysty diament jest oznak\u0105 najwy\u017cszej jako\u015bci. Co decyduje o warto\u015bci diamentu? To jego czysto\u015b\u0107, kolor, szlif i masa. Diament jest jednym z najrzadszych minera\u0142\u00f3w, dlatego naturalne diamenty charakteryzuj\u0105 si\u0119 wyj\u0105tkowo\u015bci\u0105 i du\u017c\u0105 rzadko\u015bci\u0105 na rynku. Naturalne diamenty r\u00f3\u017cni\u0105 si\u0119 od laboratoryjnych swoim pochodzeniem i warto\u015bci\u0105.<\/p>\n<p>Diament od dawna znany jest jako symbol luksusu. Ludzie wybieraj\u0105 diament jako inwestycj\u0119 lub prezent ze wzgl\u0119du na jego wyj\u0105tkow\u0105 warto\u015b\u0107, trwa\u0142o\u015b\u0107 i znaczenie symboliczne. S\u0105 one cenione za swoj\u0105 twardo\u015b\u0107, blask i zdolno\u015b\u0107 do odbijania \u015bwiat\u0142a. Z tego powodu diamenty s\u0105 wykorzystywane nie tylko w jubilerstwie, ale tak\u017ce w przemy\u015ble, gdzie wymagana jest szczeg\u00f3lna odporno\u015b\u0107. Aby diament odbija\u0142 \u015bwiat\u0142o i l\u015bni\u0142, niezb\u0119dny jest wysokiej jako\u015bci szlif. Diament jest wzorcem, wed\u0142ug kt\u00f3rego oceniane s\u0105 wszystkie inne kamienie szlachetne i kryszta\u0142y. Ze wzgl\u0119du na swoj\u0105 rzadko\u015b\u0107, wyj\u0105tkowe w\u0142a\u015bciwo\u015bci i niezr\u00f3wnany blask, diamenty uwa\u017cane s\u0105 za prawdziwy symbol luksusu i wieczno\u015bci na ca\u0142ym \u015bwiecie. Ich blask zale\u017cy od zdolno\u015bci do odbijania promieni \u015bwietlnych, dlatego odbijanie \u015bwiat\u0142a jest jednym z najwa\u017cniejszych wska\u017anik\u00f3w atrakcyjno\u015bci diamentu.<\/p>\n<h2>W\u0142a\u015bciwo\u015bci diamentu<\/h2>\n<p>W\u0142a\u015bciwo\u015bci diamentu zale\u017c\u0105 od jego sk\u0142adu chemicznego, unikalnej struktury krystalicznej i kszta\u0142tu. Kszta\u0142t i szlif diamentu decyduj\u0105 o jego pi\u0119knie, rozproszeniu \u015bwiat\u0142a i l\u015bnieniu \u2013 to w\u0142a\u015bnie od tych w\u0142a\u015bciwo\u015bci zale\u017cy, jak skutecznie diament odbija \u015bwiat\u0142o i b\u0142yszczy. R\u00f3wnie\u017c jako\u015b\u0107 diament\u00f3w zale\u017cy od ilo\u015bci inkluzji. Diament posiada cztery mo\u017cliwe kierunki \u0142upliwo\u015bci, dlatego, mimo \u017ce jest najtwardszym minera\u0142em, mo\u017ce ulec roz\u0142upaniu. Ponadto diament jest jednym z najrzadszych minera\u0142\u00f3w na \u015bwiecie, charakteryzuj\u0105cym si\u0119 wyj\u0105tkowymi w\u0142a\u015bciwo\u015bciami fizycznymi i chemicznymi. Diamenty charakteryzuj\u0105 si\u0119 wyj\u0105tkow\u0105 czysto\u015bci\u0105 i blaskiem, kt\u00f3ry uwidacznia si\u0119 po profesjonalnej obr\u00f3bce kamienia, poniewa\u017c to w\u0142a\u015bnie odbicie i rozproszenie \u015bwiat\u0142a decyduje o ich wyj\u0105tkowym l\u015bnieniu. Ich twardo\u015b\u0107, wynosz\u0105ca 10 w skali Mohsa, zapewnia, \u017ce diament jest odporny na zarysowania i pozostaje nieskazitelny przez wiele lat.<\/p>\n<p>Diamenty mog\u0105 by\u0107 stosowane nie tylko jako bi\u017cuteria, ale r\u00f3wnie\u017c jako \u015brodek wzmacniaj\u0105cy energi\u0119 \u2013 uwa\u017ca si\u0119, \u017ce noszenie diamentu wzmacnia pole energetyczne cz\u0142owieka, pomaga u\u015bwiadomi\u0107 sobie sw\u00f3j cel i przeznaczenie oraz daje wewn\u0119trzn\u0105 si\u0142\u0119. Dzi\u0119ki tym w\u0142a\u015bciwo\u015bciom diamenty s\u0105 cenione nie tylko za pi\u0119kno, ale tak\u017ce za ich symboliczne i duchowe znaczenie.<\/p>\n<\/div>\n<\/div>\n<\/div>\n<\/div>\n<\/div>\n<\/div>\n<\/div>\n<\/div>\n<\/div>\n<\/div>\n<\/div>\n","protected":false},"excerpt":{"rendered":"<p>Wspania\u0142y diament wyhodowany w laboratorium o okr\u0105g\u0142ym kszta\u0142cie: Zanurz si\u0119 w \u015bwiecie, w kt\u00f3rym luksus spotyka si\u0119 z blaskiem. INFORMACJE [&hellip;]<\/p>\n","protected":false},"featured_media":264256,"template":"","meta":{"site-sidebar-layout":"default","site-content-layout":"","ast-site-content-layout":"default","site-content-style":"default","site-sidebar-style":"default","ast-global-header-display":"","ast-banner-title-visibility":"","ast-main-header-display":"","ast-hfb-above-header-display":"","ast-hfb-below-header-display":"","ast-hfb-mobile-header-display":"","site-post-title":"","ast-breadcrumbs-content":"","ast-featured-img":"","footer-sml-layout":"","ast-disable-related-posts":"","theme-transparent-header-meta":"default","adv-header-id-meta":"","stick-header-meta":"","header-above-stick-meta":"","header-main-stick-meta":"","header-below-stick-meta":"","astra-migrate-meta-layouts":"default","ast-page-background-enabled":"default","ast-page-background-meta":{"desktop":{"background-color":"var(--ast-global-color-4)","background-image":"","background-repeat":"repeat","background-position":"center center","background-size":"auto","background-attachment":"scroll","background-type":"","background-media":"","overlay-type":"","overlay-color":"","overlay-opacity":"","overlay-gradient":""},"tablet":{"background-color":"","background-image":"","background-repeat":"repeat","background-position":"center center","background-size":"auto","background-attachment":"scroll","background-type":"","background-media":"","overlay-type":"","overlay-color":"","overlay-opacity":"","overlay-gradient":""},"mobile":{"background-color":"","background-image":"","background-repeat":"repeat","background-position":"center center","background-size":"auto","background-attachment":"scroll","background-type":"","background-media":"","overlay-type":"","overlay-color":"","overlay-opacity":"","overlay-gradient":""}},"ast-content-background-meta":{"desktop":{"background-color":"var(--ast-global-color-5)","background-image":"","background-repeat":"repeat","background-position":"center center","background-size":"auto","background-attachment":"scroll","background-type":"","background-media":"","overlay-type":"","overlay-color":"","overlay-opacity":"","overlay-gradient":""},"tablet":{"background-color":"var(--ast-global-color-5)","background-image":"","background-repeat":"repeat","background-position":"center center","background-size":"auto","background-attachment":"scroll","background-type":"","background-media":"","overlay-type":"","overlay-color":"","overlay-opacity":"","overlay-gradient":""},"mobile":{"background-color":"var(--ast-global-color-5)","background-image":"","background-repeat":"repeat","background-position":"center center","background-size":"auto","background-attachment":"scroll","background-type":"","background-media":"","overlay-type":"","overlay-color":"","overlay-opacity":"","overlay-gradient":""}}},"product_brand":[],"product_cat":[3159],"product_tag":[],"class_list":{"0":"post-272664","1":"product","2":"type-product","3":"status-publish","4":"has-post-thumbnail","6":"product_cat-oferta-specjalna-diamenty-i-produkcja","7":"desktop-align-center","8":"tablet-align-left","9":"mobile-align-left","10":"ast-product-gallery-layout-horizontal-slider","11":"ast-product-tabs-layout-accordion","12":"ast-qv-on-image","14":"first","15":"instock","16":"sale","17":"taxable","18":"shipping-taxable","19":"purchasable","20":"product-type-simple"},"yoast_head":"<!-- This site is optimized with the Yoast SEO plugin v26.6 - https:\/\/yoast.com\/wordpress\/plugins\/seo\/ -->\n<title>0.33 ct Diament laboratoryjny \u2013 Barwa D (EW+)<\/title>\n<meta name=\"description\" content=\"0.33 ct Diament laboratoryjny w kszta\u0142cie gruszki \u2013 Kolor D (EW+), Czysto\u015b\u0107 VVS1. Idealna jako\u015b\u0107 \u2013 3EX, bez fluorescencji. Doskona\u0142y wyb\u00f3r do Twojego pier\u015bcionka.\" \/>\n<meta name=\"robots\" content=\"index, follow, max-snippet:-1, max-image-preview:large, max-video-preview:-1\" \/>\n<link rel=\"canonical\" href=\"https:\/\/fashiongold.lt\/pl\/papuosalas\/033-ct-diament-laboratoryjny-o-ksztalcie-lezki-kolor-d-ew-czystosc-vvs1\/\" \/>\n<meta property=\"og:locale\" content=\"pl_PL\" \/>\n<meta property=\"og:type\" content=\"article\" \/>\n<meta property=\"og:title\" content=\"0.33 ct Diament laboratoryjny \u2013 Barwa D (EW+)\" \/>\n<meta property=\"og:description\" content=\"0.33 ct Diament laboratoryjny w kszta\u0142cie gruszki \u2013 Kolor D (EW+), Czysto\u015b\u0107 VVS1. Idealna jako\u015b\u0107 \u2013 3EX, bez fluorescencji. Doskona\u0142y wyb\u00f3r do Twojego pier\u015bcionka.\" \/>\n<meta property=\"og:url\" content=\"https:\/\/fashiongold.lt\/pl\/papuosalas\/033-ct-diament-laboratoryjny-o-ksztalcie-lezki-kolor-d-ew-czystosc-vvs1\/\" \/>\n<meta property=\"og:site_name\" content=\"FashionGold.lt\" \/>\n<meta property=\"og:image\" content=\"https:\/\/fashiongold.lt\/wp-content\/uploads\/2025\/11\/Laboratorinis-laso-formos-deimantas.webp\" \/>\n\t<meta property=\"og:image:width\" content=\"1000\" \/>\n\t<meta property=\"og:image:height\" content=\"1000\" \/>\n\t<meta property=\"og:image:type\" content=\"image\/png\" \/>\n<meta name=\"twitter:card\" content=\"summary_large_image\" \/>\n<meta name=\"twitter:label1\" content=\"Szacowany czas czytania\" \/>\n\t<meta name=\"twitter:data1\" content=\"3 minuty\" \/>\n<script type=\"application\/ld+json\" class=\"yoast-schema-graph\">{\"@context\":\"https:\/\/schema.org\",\"@graph\":[{\"@type\":\"WebPage\",\"@id\":\"https:\/\/fashiongold.lt\/pl\/papuosalas\/033-ct-diament-laboratoryjny-o-ksztalcie-lezki-kolor-d-ew-czystosc-vvs1\/\",\"url\":\"https:\/\/fashiongold.lt\/pl\/papuosalas\/033-ct-diament-laboratoryjny-o-ksztalcie-lezki-kolor-d-ew-czystosc-vvs1\/\",\"name\":\"0.33 ct Diament laboratoryjny \u2013 Barwa D (EW+)\",\"isPartOf\":{\"@id\":\"https:\/\/fashiongold.lt\/pl\/#website\"},\"primaryImageOfPage\":{\"@id\":\"https:\/\/fashiongold.lt\/pl\/papuosalas\/033-ct-diament-laboratoryjny-o-ksztalcie-lezki-kolor-d-ew-czystosc-vvs1\/#primaryimage\"},\"image\":{\"@id\":\"https:\/\/fashiongold.lt\/pl\/papuosalas\/033-ct-diament-laboratoryjny-o-ksztalcie-lezki-kolor-d-ew-czystosc-vvs1\/#primaryimage\"},\"thumbnailUrl\":\"https:\/\/fashiongold.lt\/wp-content\/uploads\/2025\/11\/Laboratorinis-laso-formos-deimantas.png\",\"datePublished\":\"2025-11-26T15:24:54+00:00\",\"description\":\"0.33 ct Diament laboratoryjny w kszta\u0142cie gruszki \u2013 Kolor D (EW+), Czysto\u015b\u0107 VVS1. Idealna jako\u015b\u0107 \u2013 3EX, bez fluorescencji. Doskona\u0142y wyb\u00f3r do Twojego pier\u015bcionka.\",\"breadcrumb\":{\"@id\":\"https:\/\/fashiongold.lt\/pl\/papuosalas\/033-ct-diament-laboratoryjny-o-ksztalcie-lezki-kolor-d-ew-czystosc-vvs1\/#breadcrumb\"},\"inLanguage\":\"pl-PL\",\"potentialAction\":[{\"@type\":\"ReadAction\",\"target\":[\"https:\/\/fashiongold.lt\/pl\/papuosalas\/033-ct-diament-laboratoryjny-o-ksztalcie-lezki-kolor-d-ew-czystosc-vvs1\/\"]}]},{\"@type\":\"ImageObject\",\"inLanguage\":\"pl-PL\",\"@id\":\"https:\/\/fashiongold.lt\/pl\/papuosalas\/033-ct-diament-laboratoryjny-o-ksztalcie-lezki-kolor-d-ew-czystosc-vvs1\/#primaryimage\",\"url\":\"https:\/\/fashiongold.lt\/wp-content\/uploads\/2025\/11\/Laboratorinis-laso-formos-deimantas.png\",\"contentUrl\":\"https:\/\/fashiongold.lt\/wp-content\/uploads\/2025\/11\/Laboratorinis-laso-formos-deimantas.png\",\"width\":1000,\"height\":1000,\"caption\":\"Laboratorinis-laso-formos-deimantas 0,33 CT\"},{\"@type\":\"BreadcrumbList\",\"@id\":\"https:\/\/fashiongold.lt\/pl\/papuosalas\/033-ct-diament-laboratoryjny-o-ksztalcie-lezki-kolor-d-ew-czystosc-vvs1\/#breadcrumb\",\"itemListElement\":[{\"@type\":\"ListItem\",\"position\":1,\"name\":\"Home\",\"item\":\"https:\/\/fashiongold.lt\/pl\/\"},{\"@type\":\"ListItem\",\"position\":2,\"name\":\"Sklep z diamentami Fashiongold.lt\",\"item\":\"https:\/\/fashiongold.lt\/shop-2\/\"},{\"@type\":\"ListItem\",\"position\":3,\"name\":\"0,33 ct Diament laboratoryjny o kszta\u0142cie \u0142ezki \u2013 Kolor D (EW+), Czysto\u015b\u0107 VVS1\"}]},{\"@type\":\"WebSite\",\"@id\":\"https:\/\/fashiongold.lt\/pl\/#website\",\"url\":\"https:\/\/fashiongold.lt\/pl\/\",\"name\":\"Fashion Gold\",\"description\":\"Juvelyrikos namai\",\"publisher\":{\"@id\":\"https:\/\/fashiongold.lt\/pl\/#organization\"},\"potentialAction\":[{\"@type\":\"SearchAction\",\"target\":{\"@type\":\"EntryPoint\",\"urlTemplate\":\"https:\/\/fashiongold.lt\/pl\/?s={search_term_string}\"},\"query-input\":{\"@type\":\"PropertyValueSpecification\",\"valueRequired\":true,\"valueName\":\"search_term_string\"}}],\"inLanguage\":\"pl-PL\"},{\"@type\":\"Organization\",\"@id\":\"https:\/\/fashiongold.lt\/pl\/#organization\",\"name\":\"Topdiamonds Online\",\"url\":\"https:\/\/fashiongold.lt\/pl\/\",\"logo\":{\"@type\":\"ImageObject\",\"inLanguage\":\"pl-PL\",\"@id\":\"https:\/\/fashiongold.lt\/pl\/#\/schema\/logo\/image\/\",\"url\":\"https:\/\/fashiongold.lt\/wp-content\/uploads\/2025\/04\/cropped-fashion_gold_logotipas2-scaled-1.png\",\"contentUrl\":\"https:\/\/fashiongold.lt\/wp-content\/uploads\/2025\/04\/cropped-fashion_gold_logotipas2-scaled-1.png\",\"width\":2559,\"height\":421,\"caption\":\"Topdiamonds Online\"},\"image\":{\"@id\":\"https:\/\/fashiongold.lt\/pl\/#\/schema\/logo\/image\/\"}}]}<\/script>\n<!-- \/ Yoast SEO plugin. -->","yoast_head_json":{"title":"0.33 ct Diament laboratoryjny \u2013 Barwa D (EW+)","description":"0.33 ct Diament laboratoryjny w kszta\u0142cie gruszki \u2013 Kolor D (EW+), Czysto\u015b\u0107 VVS1. Idealna jako\u015b\u0107 \u2013 3EX, bez fluorescencji. Doskona\u0142y wyb\u00f3r do Twojego pier\u015bcionka.","robots":{"index":"index","follow":"follow","max-snippet":"max-snippet:-1","max-image-preview":"max-image-preview:large","max-video-preview":"max-video-preview:-1"},"canonical":"https:\/\/fashiongold.lt\/pl\/papuosalas\/033-ct-diament-laboratoryjny-o-ksztalcie-lezki-kolor-d-ew-czystosc-vvs1\/","og_locale":"pl_PL","og_type":"article","og_title":"0.33 ct Diament laboratoryjny \u2013 Barwa D (EW+)","og_description":"0.33 ct Diament laboratoryjny w kszta\u0142cie gruszki \u2013 Kolor D (EW+), Czysto\u015b\u0107 VVS1. Idealna jako\u015b\u0107 \u2013 3EX, bez fluorescencji. Doskona\u0142y wyb\u00f3r do Twojego pier\u015bcionka.","og_url":"https:\/\/fashiongold.lt\/pl\/papuosalas\/033-ct-diament-laboratoryjny-o-ksztalcie-lezki-kolor-d-ew-czystosc-vvs1\/","og_site_name":"FashionGold.lt","og_image":[{"width":1000,"height":1000,"url":"https:\/\/fashiongold.lt\/wp-content\/uploads\/2025\/11\/Laboratorinis-laso-formos-deimantas.webp","type":"image\/png"}],"twitter_card":"summary_large_image","twitter_misc":{"Szacowany czas czytania":"3 minuty"},"schema":{"@context":"https:\/\/schema.org","@graph":[{"@type":"WebPage","@id":"https:\/\/fashiongold.lt\/pl\/papuosalas\/033-ct-diament-laboratoryjny-o-ksztalcie-lezki-kolor-d-ew-czystosc-vvs1\/","url":"https:\/\/fashiongold.lt\/pl\/papuosalas\/033-ct-diament-laboratoryjny-o-ksztalcie-lezki-kolor-d-ew-czystosc-vvs1\/","name":"0.33 ct Diament laboratoryjny \u2013 Barwa D (EW+)","isPartOf":{"@id":"https:\/\/fashiongold.lt\/pl\/#website"},"primaryImageOfPage":{"@id":"https:\/\/fashiongold.lt\/pl\/papuosalas\/033-ct-diament-laboratoryjny-o-ksztalcie-lezki-kolor-d-ew-czystosc-vvs1\/#primaryimage"},"image":{"@id":"https:\/\/fashiongold.lt\/pl\/papuosalas\/033-ct-diament-laboratoryjny-o-ksztalcie-lezki-kolor-d-ew-czystosc-vvs1\/#primaryimage"},"thumbnailUrl":"https:\/\/fashiongold.lt\/wp-content\/uploads\/2025\/11\/Laboratorinis-laso-formos-deimantas.png","datePublished":"2025-11-26T15:24:54+00:00","description":"0.33 ct Diament laboratoryjny w kszta\u0142cie gruszki \u2013 Kolor D (EW+), Czysto\u015b\u0107 VVS1. Idealna jako\u015b\u0107 \u2013 3EX, bez fluorescencji. Doskona\u0142y wyb\u00f3r do Twojego pier\u015bcionka.","breadcrumb":{"@id":"https:\/\/fashiongold.lt\/pl\/papuosalas\/033-ct-diament-laboratoryjny-o-ksztalcie-lezki-kolor-d-ew-czystosc-vvs1\/#breadcrumb"},"inLanguage":"pl-PL","potentialAction":[{"@type":"ReadAction","target":["https:\/\/fashiongold.lt\/pl\/papuosalas\/033-ct-diament-laboratoryjny-o-ksztalcie-lezki-kolor-d-ew-czystosc-vvs1\/"]}]},{"@type":"ImageObject","inLanguage":"pl-PL","@id":"https:\/\/fashiongold.lt\/pl\/papuosalas\/033-ct-diament-laboratoryjny-o-ksztalcie-lezki-kolor-d-ew-czystosc-vvs1\/#primaryimage","url":"https:\/\/fashiongold.lt\/wp-content\/uploads\/2025\/11\/Laboratorinis-laso-formos-deimantas.png","contentUrl":"https:\/\/fashiongold.lt\/wp-content\/uploads\/2025\/11\/Laboratorinis-laso-formos-deimantas.png","width":1000,"height":1000,"caption":"Laboratorinis-laso-formos-deimantas 0,33 CT"},{"@type":"BreadcrumbList","@id":"https:\/\/fashiongold.lt\/pl\/papuosalas\/033-ct-diament-laboratoryjny-o-ksztalcie-lezki-kolor-d-ew-czystosc-vvs1\/#breadcrumb","itemListElement":[{"@type":"ListItem","position":1,"name":"Home","item":"https:\/\/fashiongold.lt\/pl\/"},{"@type":"ListItem","position":2,"name":"Sklep z diamentami Fashiongold.lt","item":"https:\/\/fashiongold.lt\/shop-2\/"},{"@type":"ListItem","position":3,"name":"0,33 ct Diament laboratoryjny o kszta\u0142cie \u0142ezki \u2013 Kolor D (EW+), Czysto\u015b\u0107 VVS1"}]},{"@type":"WebSite","@id":"https:\/\/fashiongold.lt\/pl\/#website","url":"https:\/\/fashiongold.lt\/pl\/","name":"Fashion Gold","description":"Juvelyrikos namai","publisher":{"@id":"https:\/\/fashiongold.lt\/pl\/#organization"},"potentialAction":[{"@type":"SearchAction","target":{"@type":"EntryPoint","urlTemplate":"https:\/\/fashiongold.lt\/pl\/?s={search_term_string}"},"query-input":{"@type":"PropertyValueSpecification","valueRequired":true,"valueName":"search_term_string"}}],"inLanguage":"pl-PL"},{"@type":"Organization","@id":"https:\/\/fashiongold.lt\/pl\/#organization","name":"Topdiamonds Online","url":"https:\/\/fashiongold.lt\/pl\/","logo":{"@type":"ImageObject","inLanguage":"pl-PL","@id":"https:\/\/fashiongold.lt\/pl\/#\/schema\/logo\/image\/","url":"https:\/\/fashiongold.lt\/wp-content\/uploads\/2025\/04\/cropped-fashion_gold_logotipas2-scaled-1.png","contentUrl":"https:\/\/fashiongold.lt\/wp-content\/uploads\/2025\/04\/cropped-fashion_gold_logotipas2-scaled-1.png","width":2559,"height":421,"caption":"Topdiamonds Online"},"image":{"@id":"https:\/\/fashiongold.lt\/pl\/#\/schema\/logo\/image\/"}}]}},"_links":{"self":[{"href":"https:\/\/fashiongold.lt\/pl\/wp-json\/wp\/v2\/product\/272664","targetHints":{"allow":["GET"]}}],"collection":[{"href":"https:\/\/fashiongold.lt\/pl\/wp-json\/wp\/v2\/product"}],"about":[{"href":"https:\/\/fashiongold.lt\/pl\/wp-json\/wp\/v2\/types\/product"}],"version-history":[{"count":0,"href":"https:\/\/fashiongold.lt\/pl\/wp-json\/wp\/v2\/product\/272664\/revisions"}],"wp:featuredmedia":[{"embeddable":true,"href":"https:\/\/fashiongold.lt\/pl\/wp-json\/wp\/v2\/media\/264256"}],"wp:attachment":[{"href":"https:\/\/fashiongold.lt\/pl\/wp-json\/wp\/v2\/media?parent=272664"}],"wp:term":[{"taxonomy":"product_brand","embeddable":true,"href":"https:\/\/fashiongold.lt\/pl\/wp-json\/wp\/v2\/product_brand?post=272664"},{"taxonomy":"product_cat","embeddable":true,"href":"https:\/\/fashiongold.lt\/pl\/wp-json\/wp\/v2\/product_cat?post=272664"},{"taxonomy":"product_tag","embeddable":true,"href":"https:\/\/fashiongold.lt\/pl\/wp-json\/wp\/v2\/product_tag?post=272664"}],"curies":[{"name":"wp","href":"https:\/\/api.w.org\/{rel}","templated":true}]}}