{"id":272741,"date":"2025-12-28T10:29:00","date_gmt":"2025-12-28T10:29:00","guid":{"rendered":"https:\/\/fashiongold.lt\/papuosalas\/turmaliny-kolczyki-z-rozowymi-turmalinami-ai-jubiler\/"},"modified":"2025-12-28T10:29:00","modified_gmt":"2025-12-28T10:29:00","slug":"turmaliny-kolczyki-z-rozowymi-turmalinami-ai-jubiler","status":"publish","type":"product","link":"https:\/\/fashiongold.lt\/pl\/papuosalas\/turmaliny-kolczyki-z-rozowymi-turmalinami-ai-jubiler\/","title":{"rendered":"Turmaliny &#8211; Kolczyki z r\u00f3\u017cowymi turmalinami. AI Jubiler"},"content":{"rendered":"<h3 data-start=\"192\" data-end=\"289\">AI Jubiler: kolczyki sztyfty z r\u00f3\u017cowymi turmalinami \u2013 wykonanie wed\u0142ug indywidualnego projektu<\/h3>\n<p data-start=\"288\" data-end=\"753\">Kolczyki sztyfty z r\u00f3\u017cowymi turmalinami w kszta\u0142cie serca to indywidualny projekt stworzony i wykonany przez jubilera, w kt\u00f3rym ka\u017cdy szczeg\u00f3\u0142 jest przemy\u015blany z uwzgl\u0119dnieniem wybranego kamienia szlachetnego \u2013 turmalinu, wyr\u00f3\u017cniaj\u0105cego si\u0119 delikatnymi odcieniami r\u00f3\u017cu, maliny lub g\u0142\u0119bszymi odcieniami r\u00f3\u017cu oraz \u017cywym blaskiem. Nie jest to produkt seryjny \u2013 to prawdziwe rzemios\u0142o jubilerskie, zaczynaj\u0105ce si\u0119 od pomys\u0142u, a ko\u0144cz\u0105ce na r\u0119cznie wykonanych, unikatowych kolczykach.<\/p>\n<p data-start=\"755\" data-end=\"1247\">Projektuj\u0105c kolczyki sztyfty z r\u00f3\u017cowymi turmalinami, jubiler najpierw ocenia w\u0142a\u015bciwo\u015bci samego kamienia \u2013 intensywno\u015b\u0107 koloru, przejrzysto\u015b\u0107, proporcje kszta\u0142tu serca oraz gr\u0119 \u015bwiat\u0142a. Ca\u0142y design tworzony jest pod konkretny turmalin: wielko\u015b\u0107 kolczyk\u00f3w, wysoko\u015b\u0107 korony, rozmieszczenie diament\u00f3w halo oraz og\u00f3lna r\u00f3wnowaga wizualna. Ka\u017cda para kolczyk\u00f3w wymaga niezwykle starannej i profesjonalnej pracy, aby osi\u0105gn\u0105\u0107 idealne po\u0142\u0105czenie estetyki, wygody i trwa\u0142o\u015bci.<\/p>\n<p data-start=\"1249\" data-end=\"1354\">Kolczyki sztyfty z r\u00f3\u017cowymi turmalinami s\u0105 wykonywane na indywidualne zam\u00f3wienie, dlatego mo\u017cemy dostosowa\u0107:<\/p>\n<ul data-start=\"997\" data-end=\"1252\">\n<li data-start=\"997\" data-end=\"1056\">\n<p data-start=\"999\" data-end=\"1056\">dowolny kolor z\u0142ota (bia\u0142y, \u017c\u00f3\u0142ty lub r\u00f3\u017cowy),<\/p>\n<\/li>\n<li data-start=\"1057\" data-end=\"1103\">\n<p data-start=\"1059\" data-end=\"1103\">wybran\u0105 <a href=\"https:\/\/fashiongold.lt\/pl\/patarimai-pl\/proba-zlota-w-bizuterii-jak-wybrac-odpowiednia\/\">pr\u00f3b\u0119<\/a> z\u0142ota \u2013 585 lub 750,<\/p>\n<\/li>\n<li data-start=\"1104\" data-end=\"1152\">\n<p data-start=\"1106\" data-end=\"1152\">r\u00f3\u017cn\u0105 wielko\u015b\u0107 diament\u00f3w i ich rozmieszczenie,<\/p>\n<\/li>\n<li data-start=\"1153\" data-end=\"1252\">\n<p data-start=\"1155\" data-end=\"1252\">indywidualny odcie\u0144 r\u00f3\u017cowego turmalinu \u2013 od delikatnego pudrowego r\u00f3\u017cu po g\u0142\u0119bok\u0105 malin\u0119 czy r\u00f3\u017cowawy fiolet.<\/p>\n<\/li>\n<\/ul>\n<p data-start=\"1644\" data-end=\"1849\">Wybieraj\u0105c kolczyki wed\u0142ug indywidualnego projektu, najwa\u017cniejsze jest to, co pasuje do Twojej osobowo\u015bci, stylu i trybu \u017cycia. Takie kolczyki staj\u0105 si\u0119 nie tylko subtelnym, ale i emocjonalnie wa\u017cnym elementem bi\u017cuterii.<\/p>\n<p data-start=\"1851\" data-end=\"2280\">W tym modelu wybrano design halo, kt\u00f3ry subtelnie podkre\u015bla blask r\u00f3\u017cowego turmalinu w kszta\u0142cie serca i nadaje kolczykom dodatkowego luksusu oraz romantyzmu. Drobne diamenty elegancko oprawiaj\u0105 centralny kamie\u0144, wzmacniaj\u0105c gr\u0119 \u015bwiat\u0142a, a sam kamie\u0144 szlachetny \u2013 r\u00f3\u017cowy turmalin \u2013 staje si\u0119 g\u0142\u00f3wnym akcentem kompozycji. Kamie\u0144 ten cz\u0119sto kojarzony jest z mi\u0142o\u015bci\u0105, czu\u0142o\u015bci\u0105, r\u00f3wnowag\u0105 emocjonaln\u0105 i wewn\u0119trzn\u0105 harmoni\u0105.<\/p>\n<p data-start=\"2282\" data-end=\"2474\">Wszystkie kolczyki sztyfty z r\u00f3\u017cowymi turmalinami oraz inna bi\u017cuteria s\u0105 produkowane na Litwie i posiadaj\u0105 certyfikaty Litewskiego Urz\u0119du Probierczego, co gwarantuje autentyczno\u015b\u0107 metali i najwy\u017csz\u0105 jako\u015b\u0107.<\/p>\n<p data-start=\"2017\" data-end=\"2283\">Jest to <a href=\"https:\/\/fashiongold.lt\/pl\/patarimai-pl\/jubiler-kiedy-twoje-marzenie-przybiera-forme-zlota\/\">produkcja<\/a> jubilerska wed\u0142ug indywidualnego projektu, przeznaczona dla os\u00f3b poszukuj\u0105cych nie tylko kolczyk\u00f3w, ale i osobistej historii stworzonej ze z\u0142ota, diament\u00f3w i r\u00f3\u017cowego turmalinu. Ka\u017cda taka para kolczyk\u00f3w jest unikatowa, stworzona w\u0142a\u015bnie dla Ciebie i wybranego przez Ciebie kamienia szlachetnego.<\/p>\n<h4>Nasze us\u0142ugi<\/h4>\n<p>Oferujemy <a href=\"https:\/\/fashiongold.lt\/pl\/kategorija\/produkcja-bizuterii\/\" target=\"_self\" rel=\"noopener noreferrer\">indywidualny projekt, w kt\u00f3rym ka\u017cdy element bi\u017cuterii powstaje zgodnie z Twoimi pomys\u0142ami i wizj\u0105<\/a>. Zajmujemy si\u0119 r\u00f3wnie\u017c renowacj\u0105, aby Twoja cenna bi\u017cuteria zn\u00f3w l\u015bni\u0142a jak nowa. Ka\u017cde nasze dzie\u0142o to nie tylko ozdoba, ale tak\u017ce odzwierciedlenie Twojej osobowo\u015bci. Ka\u017cda nasza praca jest dowodem na to, \u017ce jako\u015b\u0107 i kreatywno\u015b\u0107 mog\u0105 i\u015b\u0107 w parze.<\/p>\n<h4>Otwarto\u015b\u0107 i Gwarancja<\/h4>\n<p>Nasze podej\u015bcie to otwarto\u015b\u0107 i szczera komunikacja z ka\u017cdym klientem. Od pierwszej konsultacji po ostateczny odbi\u00f3r bi\u017cuterii jeste\u015bmy obok, aby pom\u00f3c we wszystkich kwestiach. Udzielamy 5-letniej gwarancji jako\u015bci na wszystkie nasze wyroby, dzi\u0119ki czemu mo\u017cesz mie\u0107 pewno\u015b\u0107 co do ich niezawodno\u015bci i trwa\u0142o\u015bci. Nasza gwarancja obejmuje wszystkie aspekty jako\u015bci wykonania, aby\u015b m\u00f3g\u0142 cieszy\u0107 si\u0119 bi\u017cuteri\u0105 bez obaw przez wiele lat. Dbamy o to, aby ka\u017cdy nasz klient czu\u0142 si\u0119 pewnie i wiedzia\u0142, \u017ce nasza bi\u017cuteria jest godna zaufania.<\/p>\n<h4>Zam\u00f3wienia i konsultacje<\/h4>\n<p>Je\u015bli chcesz zam\u00f3wi\u0107 indywidualn\u0105 bi\u017cuteri\u0119 lub skonsultowa\u0107 swoje pomys\u0142y, nasz zesp\u00f3\u0142 jest zawsze gotowy do pomocy. Podczas konsultacji omawiamy Twoj\u0105 wizj\u0119, preferencje i proponujemy najlepsze rozwi\u0105zania, aby stworzy\u0107 bi\u017cuteri\u0119 spe\u0142niaj\u0105c\u0105 Twoje oczekiwania. Ka\u017cdemu zam\u00f3wieniu po\u015bwi\u0119camy szczeg\u00f3ln\u0105 uwag\u0119, dlatego mo\u017cemy zaproponowa\u0107 indywidualne rozwi\u0105zania zar\u00f3wno dla pier\u015bcionk\u00f3w zar\u0119czynowych, jak i innej bi\u017cuterii. Produkcja bi\u017cuterii trwa zazwyczaj oko\u0142o 5 tygodni, ale zawsze staramy si\u0119, aby Twoje zam\u00f3wienie by\u0142o gotowe jak najszybciej. Skontaktuj si\u0119 z nami \u2013 wsp\u00f3lnie stworzymy bi\u017cuteri\u0119, kt\u00f3ra stanie si\u0119 cz\u0119\u015bci\u0105 Twojej historii.<\/p>\n","protected":false},"excerpt":{"rendered":"<p>AI Jubiler: kolczyki sztyfty z r\u00f3\u017cowymi turmalinami \u2013 wykonanie wed\u0142ug indywidualnego projektu Kolczyki sztyfty z r\u00f3\u017cowymi turmalinami w kszta\u0142cie serca [&hellip;]<\/p>\n","protected":false},"featured_media":265662,"template":"","meta":{"site-sidebar-layout":"default","site-content-layout":"","ast-site-content-layout":"default","site-content-style":"default","site-sidebar-style":"default","ast-global-header-display":"","ast-banner-title-visibility":"","ast-main-header-display":"","ast-hfb-above-header-display":"","ast-hfb-below-header-display":"","ast-hfb-mobile-header-display":"","site-post-title":"","ast-breadcrumbs-content":"","ast-featured-img":"","footer-sml-layout":"","ast-disable-related-posts":"","theme-transparent-header-meta":"default","adv-header-id-meta":"","stick-header-meta":"","header-above-stick-meta":"","header-main-stick-meta":"","header-below-stick-meta":"","astra-migrate-meta-layouts":"default","ast-page-background-enabled":"default","ast-page-background-meta":{"desktop":{"background-color":"var(--ast-global-color-4)","background-image":"","background-repeat":"repeat","background-position":"center center","background-size":"auto","background-attachment":"scroll","background-type":"","background-media":"","overlay-type":"","overlay-color":"","overlay-opacity":"","overlay-gradient":""},"tablet":{"background-color":"","background-image":"","background-repeat":"repeat","background-position":"center center","background-size":"auto","background-attachment":"scroll","background-type":"","background-media":"","overlay-type":"","overlay-color":"","overlay-opacity":"","overlay-gradient":""},"mobile":{"background-color":"","background-image":"","background-repeat":"repeat","background-position":"center center","background-size":"auto","background-attachment":"scroll","background-type":"","background-media":"","overlay-type":"","overlay-color":"","overlay-opacity":"","overlay-gradient":""}},"ast-content-background-meta":{"desktop":{"background-color":"var(--ast-global-color-5)","background-image":"","background-repeat":"repeat","background-position":"center center","background-size":"auto","background-attachment":"scroll","background-type":"","background-media":"","overlay-type":"","overlay-color":"","overlay-opacity":"","overlay-gradient":""},"tablet":{"background-color":"var(--ast-global-color-5)","background-image":"","background-repeat":"repeat","background-position":"center center","background-size":"auto","background-attachment":"scroll","background-type":"","background-media":"","overlay-type":"","overlay-color":"","overlay-opacity":"","overlay-gradient":""},"mobile":{"background-color":"var(--ast-global-color-5)","background-image":"","background-repeat":"repeat","background-position":"center center","background-size":"auto","background-attachment":"scroll","background-type":"","background-media":"","overlay-type":"","overlay-color":"","overlay-opacity":"","overlay-gradient":""}}},"product_brand":[],"product_cat":[2871,2973,3056,2877,2869,2975,2974,2872,2853,2875,2860,2852,2868],"product_tag":[],"class_list":{"0":"post-272741","1":"product","2":"type-product","3":"status-publish","4":"has-post-thumbnail","6":"product_cat-bizuteria-dla-kobiet","7":"product_cat-bizuteria-z-czerwonego-zlota","8":"product_cat-bizuteria-z-czerwonymi-kamieniami-szlachetnymi","9":"product_cat-bizuteria-z-kamieniami-polszlachetnymi","10":"product_cat-jubiler","11":"product_cat-kolczyki-sztyfty","12":"product_cat-kolczyki-z-kamieniami-szlachetnymi","13":"product_cat-pomysly-na-prezent","14":"product_cat-prezenty-dla-kobiet","15":"product_cat-prezenty-na-dzien-matki","16":"product_cat-prezenty-na-wyjatkowe-okazje","17":"product_cat-prezenty-z-okazji-urodzin","18":"product_cat-produkcja-bizuterii","19":"desktop-align-center","20":"tablet-align-left","21":"mobile-align-left","22":"ast-product-gallery-layout-horizontal-slider","23":"ast-product-tabs-layout-accordion","24":"ast-qv-on-image","26":"first","27":"onbackorder","28":"taxable","29":"shipping-taxable","30":"purchasable","31":"product-type-simple"},"yoast_head":"<!-- This site is optimized with the Yoast SEO plugin v26.6 - https:\/\/yoast.com\/wordpress\/plugins\/seo\/ -->\n<title>Kolczyki sztyfty z r\u00f3\u017cowym turmalinem i diamentami<\/title>\n<meta name=\"description\" content=\"Kolczyki sztyfty z r\u00f3\u017cowym turmalinem w kszta\u0142cie serca i diamentami \u2013 indywidualna produkcja jubilerska, romantyczny design halo ze z\u0142ota.\" \/>\n<meta name=\"robots\" content=\"index, follow, max-snippet:-1, max-image-preview:large, max-video-preview:-1\" \/>\n<link rel=\"canonical\" href=\"https:\/\/fashiongold.lt\/pl\/papuosalas\/turmaliny-kolczyki-z-rozowymi-turmalinami-ai-jubiler\/\" \/>\n<meta property=\"og:locale\" content=\"pl_PL\" \/>\n<meta property=\"og:type\" content=\"article\" \/>\n<meta property=\"og:title\" content=\"Kolczyki sztyfty z r\u00f3\u017cowym turmalinem i diamentami\" \/>\n<meta property=\"og:description\" content=\"Kolczyki sztyfty z r\u00f3\u017cowym turmalinem w kszta\u0142cie serca i diamentami \u2013 indywidualna produkcja jubilerska, romantyczny design halo ze z\u0142ota.\" \/>\n<meta property=\"og:url\" content=\"https:\/\/fashiongold.lt\/pl\/papuosalas\/turmaliny-kolczyki-z-rozowymi-turmalinami-ai-jubiler\/\" \/>\n<meta property=\"og:site_name\" content=\"FashionGold.lt\" \/>\n<meta property=\"og:image\" content=\"https:\/\/fashiongold.lt\/wp-content\/uploads\/2025\/12\/Eskizas-\u2013-auskarai-vinukai-su-sirdeles-formos-roziniais-turmalinais-ir-deimantais-halo-dizainas-baltas-auksas.webp\" \/>\n\t<meta property=\"og:image:width\" content=\"1536\" \/>\n\t<meta property=\"og:image:height\" content=\"1024\" \/>\n\t<meta property=\"og:image:type\" content=\"image\/png\" \/>\n<meta name=\"twitter:card\" content=\"summary_large_image\" \/>\n<meta name=\"twitter:label1\" content=\"Szacowany czas czytania\" \/>\n\t<meta name=\"twitter:data1\" content=\"3 minuty\" \/>\n<script type=\"application\/ld+json\" class=\"yoast-schema-graph\">{\"@context\":\"https:\/\/schema.org\",\"@graph\":[{\"@type\":\"WebPage\",\"@id\":\"https:\/\/fashiongold.lt\/pl\/papuosalas\/turmaliny-kolczyki-z-rozowymi-turmalinami-ai-jubiler\/\",\"url\":\"https:\/\/fashiongold.lt\/pl\/papuosalas\/turmaliny-kolczyki-z-rozowymi-turmalinami-ai-jubiler\/\",\"name\":\"Kolczyki sztyfty z r\u00f3\u017cowym turmalinem i diamentami\",\"isPartOf\":{\"@id\":\"https:\/\/fashiongold.lt\/pl\/#website\"},\"primaryImageOfPage\":{\"@id\":\"https:\/\/fashiongold.lt\/pl\/papuosalas\/turmaliny-kolczyki-z-rozowymi-turmalinami-ai-jubiler\/#primaryimage\"},\"image\":{\"@id\":\"https:\/\/fashiongold.lt\/pl\/papuosalas\/turmaliny-kolczyki-z-rozowymi-turmalinami-ai-jubiler\/#primaryimage\"},\"thumbnailUrl\":\"https:\/\/fashiongold.lt\/wp-content\/uploads\/2025\/12\/Eskizas-\u2013-auskarai-vinukai-su-sirdeles-formos-roziniais-turmalinais-ir-deimantais-halo-dizainas-baltas-auksas.png\",\"datePublished\":\"2025-12-28T10:29:00+00:00\",\"description\":\"Kolczyki sztyfty z r\u00f3\u017cowym turmalinem w kszta\u0142cie serca i diamentami \u2013 indywidualna produkcja jubilerska, romantyczny design halo ze z\u0142ota.\",\"breadcrumb\":{\"@id\":\"https:\/\/fashiongold.lt\/pl\/papuosalas\/turmaliny-kolczyki-z-rozowymi-turmalinami-ai-jubiler\/#breadcrumb\"},\"inLanguage\":\"pl-PL\",\"potentialAction\":[{\"@type\":\"ReadAction\",\"target\":[\"https:\/\/fashiongold.lt\/pl\/papuosalas\/turmaliny-kolczyki-z-rozowymi-turmalinami-ai-jubiler\/\"]}]},{\"@type\":\"ImageObject\",\"inLanguage\":\"pl-PL\",\"@id\":\"https:\/\/fashiongold.lt\/pl\/papuosalas\/turmaliny-kolczyki-z-rozowymi-turmalinami-ai-jubiler\/#primaryimage\",\"url\":\"https:\/\/fashiongold.lt\/wp-content\/uploads\/2025\/12\/Eskizas-\u2013-auskarai-vinukai-su-sirdeles-formos-roziniais-turmalinais-ir-deimantais-halo-dizainas-baltas-auksas.png\",\"contentUrl\":\"https:\/\/fashiongold.lt\/wp-content\/uploads\/2025\/12\/Eskizas-\u2013-auskarai-vinukai-su-sirdeles-formos-roziniais-turmalinais-ir-deimantais-halo-dizainas-baltas-auksas.png\",\"width\":1536,\"height\":1024,\"caption\":\"Auskarai vinukai su s\u030cirdele\u0307s formos roz\u030ciniais turmalinais ir deimantais halo dizainas\"},{\"@type\":\"BreadcrumbList\",\"@id\":\"https:\/\/fashiongold.lt\/pl\/papuosalas\/turmaliny-kolczyki-z-rozowymi-turmalinami-ai-jubiler\/#breadcrumb\",\"itemListElement\":[{\"@type\":\"ListItem\",\"position\":1,\"name\":\"Home\",\"item\":\"https:\/\/fashiongold.lt\/pl\/\"},{\"@type\":\"ListItem\",\"position\":2,\"name\":\"Sklep z diamentami Fashiongold.lt\",\"item\":\"https:\/\/fashiongold.lt\/shop-2\/\"},{\"@type\":\"ListItem\",\"position\":3,\"name\":\"Turmaliny &#8211; Kolczyki z r\u00f3\u017cowymi turmalinami. AI Jubiler\"}]},{\"@type\":\"WebSite\",\"@id\":\"https:\/\/fashiongold.lt\/pl\/#website\",\"url\":\"https:\/\/fashiongold.lt\/pl\/\",\"name\":\"Fashion Gold\",\"description\":\"Juvelyrikos namai\",\"publisher\":{\"@id\":\"https:\/\/fashiongold.lt\/pl\/#organization\"},\"potentialAction\":[{\"@type\":\"SearchAction\",\"target\":{\"@type\":\"EntryPoint\",\"urlTemplate\":\"https:\/\/fashiongold.lt\/pl\/?s={search_term_string}\"},\"query-input\":{\"@type\":\"PropertyValueSpecification\",\"valueRequired\":true,\"valueName\":\"search_term_string\"}}],\"inLanguage\":\"pl-PL\"},{\"@type\":\"Organization\",\"@id\":\"https:\/\/fashiongold.lt\/pl\/#organization\",\"name\":\"Topdiamonds Online\",\"url\":\"https:\/\/fashiongold.lt\/pl\/\",\"logo\":{\"@type\":\"ImageObject\",\"inLanguage\":\"pl-PL\",\"@id\":\"https:\/\/fashiongold.lt\/pl\/#\/schema\/logo\/image\/\",\"url\":\"https:\/\/fashiongold.lt\/wp-content\/uploads\/2025\/04\/cropped-fashion_gold_logotipas2-scaled-1.png\",\"contentUrl\":\"https:\/\/fashiongold.lt\/wp-content\/uploads\/2025\/04\/cropped-fashion_gold_logotipas2-scaled-1.png\",\"width\":2559,\"height\":421,\"caption\":\"Topdiamonds Online\"},\"image\":{\"@id\":\"https:\/\/fashiongold.lt\/pl\/#\/schema\/logo\/image\/\"}}]}<\/script>\n<!-- \/ Yoast SEO plugin. -->","yoast_head_json":{"title":"Kolczyki sztyfty z r\u00f3\u017cowym turmalinem i diamentami","description":"Kolczyki sztyfty z r\u00f3\u017cowym turmalinem w kszta\u0142cie serca i diamentami \u2013 indywidualna produkcja jubilerska, romantyczny design halo ze z\u0142ota.","robots":{"index":"index","follow":"follow","max-snippet":"max-snippet:-1","max-image-preview":"max-image-preview:large","max-video-preview":"max-video-preview:-1"},"canonical":"https:\/\/fashiongold.lt\/pl\/papuosalas\/turmaliny-kolczyki-z-rozowymi-turmalinami-ai-jubiler\/","og_locale":"pl_PL","og_type":"article","og_title":"Kolczyki sztyfty z r\u00f3\u017cowym turmalinem i diamentami","og_description":"Kolczyki sztyfty z r\u00f3\u017cowym turmalinem w kszta\u0142cie serca i diamentami \u2013 indywidualna produkcja jubilerska, romantyczny design halo ze z\u0142ota.","og_url":"https:\/\/fashiongold.lt\/pl\/papuosalas\/turmaliny-kolczyki-z-rozowymi-turmalinami-ai-jubiler\/","og_site_name":"FashionGold.lt","og_image":[{"width":1536,"height":1024,"url":"https:\/\/fashiongold.lt\/wp-content\/uploads\/2025\/12\/Eskizas-\u2013-auskarai-vinukai-su-sirdeles-formos-roziniais-turmalinais-ir-deimantais-halo-dizainas-baltas-auksas.webp","type":"image\/png"}],"twitter_card":"summary_large_image","twitter_misc":{"Szacowany czas czytania":"3 minuty"},"schema":{"@context":"https:\/\/schema.org","@graph":[{"@type":"WebPage","@id":"https:\/\/fashiongold.lt\/pl\/papuosalas\/turmaliny-kolczyki-z-rozowymi-turmalinami-ai-jubiler\/","url":"https:\/\/fashiongold.lt\/pl\/papuosalas\/turmaliny-kolczyki-z-rozowymi-turmalinami-ai-jubiler\/","name":"Kolczyki sztyfty z r\u00f3\u017cowym turmalinem i diamentami","isPartOf":{"@id":"https:\/\/fashiongold.lt\/pl\/#website"},"primaryImageOfPage":{"@id":"https:\/\/fashiongold.lt\/pl\/papuosalas\/turmaliny-kolczyki-z-rozowymi-turmalinami-ai-jubiler\/#primaryimage"},"image":{"@id":"https:\/\/fashiongold.lt\/pl\/papuosalas\/turmaliny-kolczyki-z-rozowymi-turmalinami-ai-jubiler\/#primaryimage"},"thumbnailUrl":"https:\/\/fashiongold.lt\/wp-content\/uploads\/2025\/12\/Eskizas-\u2013-auskarai-vinukai-su-sirdeles-formos-roziniais-turmalinais-ir-deimantais-halo-dizainas-baltas-auksas.png","datePublished":"2025-12-28T10:29:00+00:00","description":"Kolczyki sztyfty z r\u00f3\u017cowym turmalinem w kszta\u0142cie serca i diamentami \u2013 indywidualna produkcja jubilerska, romantyczny design halo ze z\u0142ota.","breadcrumb":{"@id":"https:\/\/fashiongold.lt\/pl\/papuosalas\/turmaliny-kolczyki-z-rozowymi-turmalinami-ai-jubiler\/#breadcrumb"},"inLanguage":"pl-PL","potentialAction":[{"@type":"ReadAction","target":["https:\/\/fashiongold.lt\/pl\/papuosalas\/turmaliny-kolczyki-z-rozowymi-turmalinami-ai-jubiler\/"]}]},{"@type":"ImageObject","inLanguage":"pl-PL","@id":"https:\/\/fashiongold.lt\/pl\/papuosalas\/turmaliny-kolczyki-z-rozowymi-turmalinami-ai-jubiler\/#primaryimage","url":"https:\/\/fashiongold.lt\/wp-content\/uploads\/2025\/12\/Eskizas-\u2013-auskarai-vinukai-su-sirdeles-formos-roziniais-turmalinais-ir-deimantais-halo-dizainas-baltas-auksas.png","contentUrl":"https:\/\/fashiongold.lt\/wp-content\/uploads\/2025\/12\/Eskizas-\u2013-auskarai-vinukai-su-sirdeles-formos-roziniais-turmalinais-ir-deimantais-halo-dizainas-baltas-auksas.png","width":1536,"height":1024,"caption":"Auskarai vinukai su s\u030cirdele\u0307s formos roz\u030ciniais turmalinais ir deimantais halo dizainas"},{"@type":"BreadcrumbList","@id":"https:\/\/fashiongold.lt\/pl\/papuosalas\/turmaliny-kolczyki-z-rozowymi-turmalinami-ai-jubiler\/#breadcrumb","itemListElement":[{"@type":"ListItem","position":1,"name":"Home","item":"https:\/\/fashiongold.lt\/pl\/"},{"@type":"ListItem","position":2,"name":"Sklep z diamentami Fashiongold.lt","item":"https:\/\/fashiongold.lt\/shop-2\/"},{"@type":"ListItem","position":3,"name":"Turmaliny &#8211; Kolczyki z r\u00f3\u017cowymi turmalinami. AI Jubiler"}]},{"@type":"WebSite","@id":"https:\/\/fashiongold.lt\/pl\/#website","url":"https:\/\/fashiongold.lt\/pl\/","name":"Fashion Gold","description":"Juvelyrikos namai","publisher":{"@id":"https:\/\/fashiongold.lt\/pl\/#organization"},"potentialAction":[{"@type":"SearchAction","target":{"@type":"EntryPoint","urlTemplate":"https:\/\/fashiongold.lt\/pl\/?s={search_term_string}"},"query-input":{"@type":"PropertyValueSpecification","valueRequired":true,"valueName":"search_term_string"}}],"inLanguage":"pl-PL"},{"@type":"Organization","@id":"https:\/\/fashiongold.lt\/pl\/#organization","name":"Topdiamonds Online","url":"https:\/\/fashiongold.lt\/pl\/","logo":{"@type":"ImageObject","inLanguage":"pl-PL","@id":"https:\/\/fashiongold.lt\/pl\/#\/schema\/logo\/image\/","url":"https:\/\/fashiongold.lt\/wp-content\/uploads\/2025\/04\/cropped-fashion_gold_logotipas2-scaled-1.png","contentUrl":"https:\/\/fashiongold.lt\/wp-content\/uploads\/2025\/04\/cropped-fashion_gold_logotipas2-scaled-1.png","width":2559,"height":421,"caption":"Topdiamonds Online"},"image":{"@id":"https:\/\/fashiongold.lt\/pl\/#\/schema\/logo\/image\/"}}]}},"_links":{"self":[{"href":"https:\/\/fashiongold.lt\/pl\/wp-json\/wp\/v2\/product\/272741","targetHints":{"allow":["GET"]}}],"collection":[{"href":"https:\/\/fashiongold.lt\/pl\/wp-json\/wp\/v2\/product"}],"about":[{"href":"https:\/\/fashiongold.lt\/pl\/wp-json\/wp\/v2\/types\/product"}],"version-history":[{"count":0,"href":"https:\/\/fashiongold.lt\/pl\/wp-json\/wp\/v2\/product\/272741\/revisions"}],"wp:featuredmedia":[{"embeddable":true,"href":"https:\/\/fashiongold.lt\/pl\/wp-json\/wp\/v2\/media\/265662"}],"wp:attachment":[{"href":"https:\/\/fashiongold.lt\/pl\/wp-json\/wp\/v2\/media?parent=272741"}],"wp:term":[{"taxonomy":"product_brand","embeddable":true,"href":"https:\/\/fashiongold.lt\/pl\/wp-json\/wp\/v2\/product_brand?post=272741"},{"taxonomy":"product_cat","embeddable":true,"href":"https:\/\/fashiongold.lt\/pl\/wp-json\/wp\/v2\/product_cat?post=272741"},{"taxonomy":"product_tag","embeddable":true,"href":"https:\/\/fashiongold.lt\/pl\/wp-json\/wp\/v2\/product_tag?post=272741"}],"curies":[{"name":"wp","href":"https:\/\/api.w.org\/{rel}","templated":true}]}}