{"id":272744,"date":"2025-12-28T07:39:39","date_gmt":"2025-12-28T07:39:39","guid":{"rendered":"https:\/\/fashiongold.lt\/papuosalas\/rubellit-zawieszka-z-rozowym-turmalinem-ai-jubiler\/"},"modified":"2025-12-28T07:39:39","modified_gmt":"2025-12-28T07:39:39","slug":"rubellit-zawieszka-z-rozowym-turmalinem-ai-jubiler","status":"publish","type":"product","link":"https:\/\/fashiongold.lt\/pl\/papuosalas\/rubellit-zawieszka-z-rozowym-turmalinem-ai-jubiler\/","title":{"rendered":"Rubellit &#8211; Zawieszka z r\u00f3\u017cowym turmalinem. AI Jubiler"},"content":{"rendered":"<h2 data-start=\"209\" data-end=\"300\">AI Jubiler: z<strong data-start=\"233\" data-end=\"331\">awieszka z r\u00f3\u017cowym turmalinem Rubelitem (w kszta\u0142cie serca) \u2013 produkcja wed\u0142ug indywidualnego projektu<\/strong><\/h2>\n<p data-start=\"333\" data-end=\"1115\">Ta zawieszka w kszta\u0142cie serca z r\u00f3\u017cowym turmalinem Rubelitem i diamentami to indywidualny projekt stworzony i wykonany przez jubilera, w kt\u00f3rym ka\u017cdy szczeg\u00f3\u0142 jest przemy\u015blany z uwzgl\u0119dnieniem wybranego kamienia szlachetnego \u2013 r\u00f3\u017cowego turmalinu Rubelitu w kszta\u0142cie serca, wyr\u00f3\u017cniaj\u0105cego si\u0119 g\u0142\u0119bokimi odcieniami r\u00f3\u017cu, maliny lub czerwonawo-r\u00f3\u017cowymi barwami przypominaj\u0105cymi kolor rubinu oraz intensywnym blaskiem. Nie jest to produkt seryjny, lecz prawdziwe rzemios\u0142o jubilerskie, zaczynaj\u0105ce si\u0119 od pomys\u0142u, a ko\u0144cz\u0105ce na r\u0119cznie wykonanej, unikalnej zawieszce. Jubiler wykonuje nie tylko zawieszki, ale tak\u017ce kolczyki i inn\u0105 bi\u017cuteri\u0119 na indywidualne zam\u00f3wienie, k\u0142ad\u0105c nacisk na ich jako\u015b\u0107 i wyj\u0105tkowo\u015b\u0107. Wi\u0119cej o turmalinie Rubelicie, jego pochodzeniu, niuansach kolorystycznych i symbolice mo\u017cna dowiedzie\u0107 si\u0119 <a href=\"https:\/\/fashiongold.lt\/pl\/turmalin-tajemniczy-wielobarwny-kamien-szlachetny\/\">tutaj<\/a>.<\/p>\n<p data-start=\"1117\" data-end=\"1694\">Projektuj\u0105c zawieszk\u0119 w kszta\u0142cie serca z r\u00f3\u017cowym turmalinem Rubelitem, jubiler najpierw ocenia sam kamie\u0144 \u2013 jego przejrzysto\u015b\u0107, nasycenie barwy i oddzia\u0142ywanie emocjonalne, kt\u00f3re mo\u017ce waha\u0107 si\u0119 od delikatnego r\u00f3\u017cu po intensywn\u0105 malin\u0119 czy g\u0142\u0119bok\u0105 czerwie\u0144. To w\u0142a\u015bnie kszta\u0142t serca oraz charakter kolorystyczny Rubelitu determinuj\u0105 ca\u0142e rozwi\u0105zanie projektowe: proporcje zawieszki, wysoko\u015b\u0107 korony i rozmieszczenie diament\u00f3w. Ka\u017cda zawieszka wymaga niezwykle starannej i profesjonalnej pracy, pozwalaj\u0105cej osi\u0105gn\u0105\u0107 idealn\u0105 r\u00f3wnowag\u0119 mi\u0119dzy estetyk\u0105, wygod\u0105 a trwa\u0142o\u015bci\u0105.<\/p>\n<p data-start=\"1696\" data-end=\"1833\">Zawieszka w kszta\u0142cie serca z r\u00f3\u017cowym turmalinem Rubelitem i diamentami jest wykonywana na indywidualne zam\u00f3wienie, dlatego mo\u017cemy dostosowa\u0107:<\/p>\n<ul>\n<li>dowolny <a href=\"https:\/\/fashiongold.lt\/pl\/patarimai-pl\/kolor-zlota-co-warto-wiedziec-o-roznych-odcieniach-i-ich-wlasciwosciach\/\" target=\"_self\" rel=\"noopener noreferrer\">kolor z\u0142ota<\/a> (bia\u0142y, \u017c\u00f3\u0142ty lub czerwony),<\/li>\n<li><a href=\"https:\/\/fashiongold.lt\/pl\/patarimai-pl\/proba-zlota-w-bizuterii-jak-wybrac-odpowiednia\/\" target=\"_self\" rel=\"noopener noreferrer\">wybran\u0105 pr\u00f3b\u0119 z\u0142ota 585 lub 750<\/a>,<\/li>\n<li>r\u00f3\u017cn\u0105 wielko\u015b\u0107 i rozmieszczenie kamieni szlachetnych,<\/li>\n<li>indywidualny odcie\u0144 Rubelitu \u2013 od delikatnego r\u00f3\u017cu po g\u0142\u0119bok\u0105 czerwie\u0144 przypominaj\u0105c\u0105 rubin.<\/li>\n<\/ul>\n<p data-start=\"2200\" data-end=\"2379\">Przy wyborze zawieszki w kszta\u0142cie serca z r\u00f3\u017cowym turmalinem Rubelitem wed\u0142ug indywidualnego projektu najwa\u017cniejsze jest to, co odpowiada Twoim uczuciom, osobowo\u015bci i wybranej symbolice.<\/p>\n<p data-start=\"2381\" data-end=\"2897\">W tym modelu wybrano romantyczny design z drobnymi diamentami, kt\u00f3re subtelnie obramowuj\u0105 Rubelit w kszta\u0142cie serca i wzmacniaj\u0105 gr\u0119 \u015bwiat\u0142a. Diamenty nadaj\u0105 zawieszce dodatkowego luksusu i wyj\u0105tkowo\u015bci, a sam kamie\u0144 szlachetny \u2013 r\u00f3\u017cowy turmalin Rubelit \u2013 staje si\u0119 g\u0142\u00f3wnym akcentem wizualnym i emocjonalnym. W\u015br\u00f3d r\u00f3\u017cowych i czerwonych kamieni szlachetnych Rubelit ceniony jest za g\u0142\u0119bi\u0119 koloru i siln\u0105 symbolik\u0119 \u2013 kojarzony jest z mi\u0142o\u015bci\u0105, pasj\u0105, energi\u0105 serca i wewn\u0119trzn\u0105 si\u0142\u0105.<\/p>\n<p data-start=\"2899\" data-end=\"3024\">Wszystkie zawieszki z turmalinem Rubelitem <span style=\"font-size: 16px;\">oraz <\/span><a style=\"font-size: 16px; background-color: #ffffff;\" href=\"https:\/\/fashiongold.lt\/pl\/kategorija\/kolczyki-okazyjne\/\" target=\"_self\" rel=\"noopener noreferrer\">inna bi\u017cuteria<\/a><span style=\"font-size: 16px;\"> s\u0105 produkowane na Litwie i posiadaj\u0105 certyfikaty Litewskiego Urz\u0119du Probierczego.<\/span><\/p>\n<p>To <a href=\"https:\/\/fashiongold.lt\/pl\/patarimai-pl\/jubiler-kiedy-twoje-marzenie-przybiera-forme-zlota\/\" target=\"_self\" rel=\"noopener noreferrer\">produkcja jubilerska wed\u0142ug indywidualnego projektu<\/a>, przeznaczona dla tych, kt\u00f3rzy szukaj\u0105 nie tylko zawieszki, ale i osobistej historii mi\u0142osnej, stworzonej ze z\u0142ota, diament\u00f3w i r\u00f3\u017cowego turmalinu Rubelitu w kszta\u0142cie serca. Ka\u017cda taka zawieszka jest unikalna, dopasowana w\u0142a\u015bnie do Ciebie i wybranego przez Ciebie kamienia szlachetnego, a kszta\u0142t serca pozwala subtelnie wyrazi\u0107 uczucia, wspomnienia i warto\u015bci, kt\u00f3re zostaj\u0105 na d\u0142ugo.<\/p>\n<h4>Nasze us\u0142ugi<\/h4>\n<p>Oferujemy <a href=\"https:\/\/fashiongold.lt\/pl\/kategorija\/produkcja-bizuterii\/\" target=\"_self\" rel=\"noopener noreferrer\">indywidualny design, w kt\u00f3rym ka\u017cda bi\u017cuteria jest tworzona zgodnie z Twoimi pomys\u0142ami i wizj\u0105<\/a>. Wykonujemy r\u00f3wnie\u017c renowacj\u0119, aby Twoja cenna bi\u017cuteria zn\u00f3w l\u015bni\u0142a jak nowa. Ka\u017cde nasze dzie\u0142o to nie tylko ozdoba, ale tak\u017ce odzwierciedlenie Twojej osobowo\u015bci. Ka\u017cda nasza praca to dow\u00f3d na to, \u017ce jako\u015b\u0107 i kreatywno\u015b\u0107 mog\u0105 i\u015b\u0107 w parze.<\/p>\n<h4>Otwarto\u015b\u0107 i Gwarancja<\/h4>\n<p>Naszym podej\u015bciem jest otwarto\u015b\u0107 i szczera komunikacja z ka\u017cdym klientem. Od pierwszej konsultacji po ostateczny odbi\u00f3r bi\u017cuterii jeste\u015bmy obok, aby pom\u00f3c we wszystkich kwestiach. Udzielamy 5-letniej gwarancji jako\u015bci na wszystkie nasze wyroby, dzi\u0119ki czemu mo\u017cesz by\u0107 pewien ich niezawodno\u015bci i trwa\u0142o\u015bci. Nasza gwarancja obejmuje wszystkie aspekty jako\u015bci wykonania, aby\u015b m\u00f3g\u0142 cieszy\u0107 si\u0119 bi\u017cuteri\u0105 bez zmartwie\u0144 przez wiele lat. Dbamy o to, aby ka\u017cdy nasz klient czu\u0142 si\u0119 pewnie i wiedzia\u0142, \u017ce nasza bi\u017cuteria jest godna zaufania.<\/p>\n<h4>Zam\u00f3wienia i konsultacje<\/h4>\n<p>Je\u015bli chcesz zam\u00f3wi\u0107 indywidualn\u0105 bi\u017cuteri\u0119 lub skonsultowa\u0107 swoje pomys\u0142y, nasz zesp\u00f3\u0142 jest zawsze gotowy do pomocy. Podczas konsultacji omawiamy Twoj\u0105 wizj\u0119, preferencje i proponujemy najlepsze rozwi\u0105zania, aby\u015bmy mogli wykona\u0107 bi\u017cuteri\u0119 spe\u0142niaj\u0105c\u0105 Twoje oczekiwania. Ka\u017cdemu zam\u00f3wieniu po\u015bwi\u0119camy szczeg\u00f3ln\u0105 uwag\u0119, dlatego mo\u017cemy zaproponowa\u0107 indywidualne rozwi\u0105zania zar\u00f3wno dla pier\u015bcionk\u00f3w zar\u0119czynowych, jak i innej bi\u017cuterii. Produkcja bi\u017cuterii trwa zazwyczaj oko\u0142o 5 tygodni, ale zawsze staramy si\u0119, aby Twoje zam\u00f3wienie zosta\u0142o zrealizowane jak najszybciej. Skontaktuj si\u0119 z nami \u2013 wsp\u00f3lnie stworzymy bi\u017cuteri\u0119, kt\u00f3ra stanie si\u0119 cz\u0119\u015bci\u0105 Twojej historii.<\/p>\n","protected":false},"excerpt":{"rendered":"<p>AI Jubiler: zawieszka z r\u00f3\u017cowym turmalinem Rubelitem (w kszta\u0142cie serca) \u2013 produkcja wed\u0142ug indywidualnego projektu Ta zawieszka w kszta\u0142cie serca [&hellip;]<\/p>\n","protected":false},"featured_media":265563,"template":"","meta":{"site-sidebar-layout":"default","site-content-layout":"","ast-site-content-layout":"default","site-content-style":"default","site-sidebar-style":"default","ast-global-header-display":"","ast-banner-title-visibility":"","ast-main-header-display":"","ast-hfb-above-header-display":"","ast-hfb-below-header-display":"","ast-hfb-mobile-header-display":"","site-post-title":"","ast-breadcrumbs-content":"","ast-featured-img":"","footer-sml-layout":"","ast-disable-related-posts":"","theme-transparent-header-meta":"default","adv-header-id-meta":"","stick-header-meta":"","header-above-stick-meta":"","header-main-stick-meta":"","header-below-stick-meta":"","astra-migrate-meta-layouts":"default","ast-page-background-enabled":"default","ast-page-background-meta":{"desktop":{"background-color":"var(--ast-global-color-4)","background-image":"","background-repeat":"repeat","background-position":"center center","background-size":"auto","background-attachment":"scroll","background-type":"","background-media":"","overlay-type":"","overlay-color":"","overlay-opacity":"","overlay-gradient":""},"tablet":{"background-color":"","background-image":"","background-repeat":"repeat","background-position":"center center","background-size":"auto","background-attachment":"scroll","background-type":"","background-media":"","overlay-type":"","overlay-color":"","overlay-opacity":"","overlay-gradient":""},"mobile":{"background-color":"","background-image":"","background-repeat":"repeat","background-position":"center center","background-size":"auto","background-attachment":"scroll","background-type":"","background-media":"","overlay-type":"","overlay-color":"","overlay-opacity":"","overlay-gradient":""}},"ast-content-background-meta":{"desktop":{"background-color":"var(--ast-global-color-5)","background-image":"","background-repeat":"repeat","background-position":"center center","background-size":"auto","background-attachment":"scroll","background-type":"","background-media":"","overlay-type":"","overlay-color":"","overlay-opacity":"","overlay-gradient":""},"tablet":{"background-color":"var(--ast-global-color-5)","background-image":"","background-repeat":"repeat","background-position":"center center","background-size":"auto","background-attachment":"scroll","background-type":"","background-media":"","overlay-type":"","overlay-color":"","overlay-opacity":"","overlay-gradient":""},"mobile":{"background-color":"var(--ast-global-color-5)","background-image":"","background-repeat":"repeat","background-position":"center center","background-size":"auto","background-attachment":"scroll","background-type":"","background-media":"","overlay-type":"","overlay-color":"","overlay-opacity":"","overlay-gradient":""}}},"product_brand":[],"product_cat":[2877,2878,2869,2868],"product_tag":[],"class_list":{"0":"post-272744","1":"product","2":"type-product","3":"status-publish","4":"has-post-thumbnail","6":"product_cat-bizuteria-z-kamieniami-polszlachetnymi","7":"product_cat-bizuteria-z-niebieskimi-kamieniami-szlachetnymi","8":"product_cat-jubiler","9":"product_cat-produkcja-bizuterii","10":"desktop-align-center","11":"tablet-align-left","12":"mobile-align-left","13":"ast-product-gallery-layout-horizontal-slider","14":"ast-product-tabs-layout-accordion","15":"ast-qv-on-image","17":"first","18":"onbackorder","19":"taxable","20":"shipping-taxable","21":"purchasable","22":"product-type-simple"},"yoast_head":"<!-- This site is optimized with the Yoast SEO plugin v26.6 - https:\/\/yoast.com\/wordpress\/plugins\/seo\/ -->\n<title>Zawieszka w kszta\u0142cie serca z rubelitem i diamentami<\/title>\n<meta name=\"description\" content=\"Romantyczna zawieszka w kszta\u0142cie serca z r\u00f3\u017cowym turmalinem Rubelitem i diamentami. Indywidualny wyr\u00f3b jubilerski ze z\u0142ota, certyfikowana jako\u015b\u0107.\" \/>\n<meta name=\"robots\" content=\"index, follow, max-snippet:-1, max-image-preview:large, max-video-preview:-1\" \/>\n<link rel=\"canonical\" href=\"https:\/\/fashiongold.lt\/pl\/papuosalas\/rubellit-zawieszka-z-rozowym-turmalinem-ai-jubiler\/\" \/>\n<meta property=\"og:locale\" content=\"pl_PL\" \/>\n<meta property=\"og:type\" content=\"article\" \/>\n<meta property=\"og:title\" content=\"Zawieszka w kszta\u0142cie serca z rubelitem i diamentami\" \/>\n<meta property=\"og:description\" content=\"Romantyczna zawieszka w kszta\u0142cie serca z r\u00f3\u017cowym turmalinem Rubelitem i diamentami. Indywidualny wyr\u00f3b jubilerski ze z\u0142ota, certyfikowana jako\u015b\u0107.\" \/>\n<meta property=\"og:url\" content=\"https:\/\/fashiongold.lt\/pl\/papuosalas\/rubellit-zawieszka-z-rozowym-turmalinem-ai-jubiler\/\" \/>\n<meta property=\"og:site_name\" content=\"FashionGold.lt\" \/>\n<meta property=\"og:image\" content=\"https:\/\/fashiongold.lt\/wp-content\/uploads\/2025\/12\/Eskizas-balto-aukso-pakabukas-su-roziniu-turmalinu.webp\" \/>\n\t<meta property=\"og:image:width\" content=\"1536\" \/>\n\t<meta property=\"og:image:height\" content=\"1024\" \/>\n\t<meta property=\"og:image:type\" content=\"image\/png\" \/>\n<meta name=\"twitter:card\" content=\"summary_large_image\" \/>\n<meta name=\"twitter:label1\" content=\"Szacowany czas czytania\" \/>\n\t<meta name=\"twitter:data1\" content=\"4 minuty\" \/>\n<script type=\"application\/ld+json\" class=\"yoast-schema-graph\">{\"@context\":\"https:\/\/schema.org\",\"@graph\":[{\"@type\":\"WebPage\",\"@id\":\"https:\/\/fashiongold.lt\/pl\/papuosalas\/rubellit-zawieszka-z-rozowym-turmalinem-ai-jubiler\/\",\"url\":\"https:\/\/fashiongold.lt\/pl\/papuosalas\/rubellit-zawieszka-z-rozowym-turmalinem-ai-jubiler\/\",\"name\":\"Zawieszka w kszta\u0142cie serca z rubelitem i diamentami\",\"isPartOf\":{\"@id\":\"https:\/\/fashiongold.lt\/pl\/#website\"},\"primaryImageOfPage\":{\"@id\":\"https:\/\/fashiongold.lt\/pl\/papuosalas\/rubellit-zawieszka-z-rozowym-turmalinem-ai-jubiler\/#primaryimage\"},\"image\":{\"@id\":\"https:\/\/fashiongold.lt\/pl\/papuosalas\/rubellit-zawieszka-z-rozowym-turmalinem-ai-jubiler\/#primaryimage\"},\"thumbnailUrl\":\"https:\/\/fashiongold.lt\/wp-content\/uploads\/2025\/12\/Eskizas-balto-aukso-pakabukas-su-roziniu-turmalinu.png\",\"datePublished\":\"2025-12-28T07:39:39+00:00\",\"description\":\"Romantyczna zawieszka w kszta\u0142cie serca z r\u00f3\u017cowym turmalinem Rubelitem i diamentami. Indywidualny wyr\u00f3b jubilerski ze z\u0142ota, certyfikowana jako\u015b\u0107.\",\"breadcrumb\":{\"@id\":\"https:\/\/fashiongold.lt\/pl\/papuosalas\/rubellit-zawieszka-z-rozowym-turmalinem-ai-jubiler\/#breadcrumb\"},\"inLanguage\":\"pl-PL\",\"potentialAction\":[{\"@type\":\"ReadAction\",\"target\":[\"https:\/\/fashiongold.lt\/pl\/papuosalas\/rubellit-zawieszka-z-rozowym-turmalinem-ai-jubiler\/\"]}]},{\"@type\":\"ImageObject\",\"inLanguage\":\"pl-PL\",\"@id\":\"https:\/\/fashiongold.lt\/pl\/papuosalas\/rubellit-zawieszka-z-rozowym-turmalinem-ai-jubiler\/#primaryimage\",\"url\":\"https:\/\/fashiongold.lt\/wp-content\/uploads\/2025\/12\/Eskizas-balto-aukso-pakabukas-su-roziniu-turmalinu.png\",\"contentUrl\":\"https:\/\/fashiongold.lt\/wp-content\/uploads\/2025\/12\/Eskizas-balto-aukso-pakabukas-su-roziniu-turmalinu.png\",\"width\":1536,\"height\":1024,\"caption\":\"Eskizas balto aukso pakabukas su roz\u030ciniu turmalinu\"},{\"@type\":\"BreadcrumbList\",\"@id\":\"https:\/\/fashiongold.lt\/pl\/papuosalas\/rubellit-zawieszka-z-rozowym-turmalinem-ai-jubiler\/#breadcrumb\",\"itemListElement\":[{\"@type\":\"ListItem\",\"position\":1,\"name\":\"Home\",\"item\":\"https:\/\/fashiongold.lt\/pl\/\"},{\"@type\":\"ListItem\",\"position\":2,\"name\":\"Sklep z diamentami Fashiongold.lt\",\"item\":\"https:\/\/fashiongold.lt\/shop-2\/\"},{\"@type\":\"ListItem\",\"position\":3,\"name\":\"Rubellit &#8211; Zawieszka z r\u00f3\u017cowym turmalinem. AI Jubiler\"}]},{\"@type\":\"WebSite\",\"@id\":\"https:\/\/fashiongold.lt\/pl\/#website\",\"url\":\"https:\/\/fashiongold.lt\/pl\/\",\"name\":\"Fashion Gold\",\"description\":\"Juvelyrikos namai\",\"publisher\":{\"@id\":\"https:\/\/fashiongold.lt\/pl\/#organization\"},\"potentialAction\":[{\"@type\":\"SearchAction\",\"target\":{\"@type\":\"EntryPoint\",\"urlTemplate\":\"https:\/\/fashiongold.lt\/pl\/?s={search_term_string}\"},\"query-input\":{\"@type\":\"PropertyValueSpecification\",\"valueRequired\":true,\"valueName\":\"search_term_string\"}}],\"inLanguage\":\"pl-PL\"},{\"@type\":\"Organization\",\"@id\":\"https:\/\/fashiongold.lt\/pl\/#organization\",\"name\":\"Topdiamonds Online\",\"url\":\"https:\/\/fashiongold.lt\/pl\/\",\"logo\":{\"@type\":\"ImageObject\",\"inLanguage\":\"pl-PL\",\"@id\":\"https:\/\/fashiongold.lt\/pl\/#\/schema\/logo\/image\/\",\"url\":\"https:\/\/fashiongold.lt\/wp-content\/uploads\/2025\/04\/cropped-fashion_gold_logotipas2-scaled-1.png\",\"contentUrl\":\"https:\/\/fashiongold.lt\/wp-content\/uploads\/2025\/04\/cropped-fashion_gold_logotipas2-scaled-1.png\",\"width\":2559,\"height\":421,\"caption\":\"Topdiamonds Online\"},\"image\":{\"@id\":\"https:\/\/fashiongold.lt\/pl\/#\/schema\/logo\/image\/\"}}]}<\/script>\n<!-- \/ Yoast SEO plugin. -->","yoast_head_json":{"title":"Zawieszka w kszta\u0142cie serca z rubelitem i diamentami","description":"Romantyczna zawieszka w kszta\u0142cie serca z r\u00f3\u017cowym turmalinem Rubelitem i diamentami. Indywidualny wyr\u00f3b jubilerski ze z\u0142ota, certyfikowana jako\u015b\u0107.","robots":{"index":"index","follow":"follow","max-snippet":"max-snippet:-1","max-image-preview":"max-image-preview:large","max-video-preview":"max-video-preview:-1"},"canonical":"https:\/\/fashiongold.lt\/pl\/papuosalas\/rubellit-zawieszka-z-rozowym-turmalinem-ai-jubiler\/","og_locale":"pl_PL","og_type":"article","og_title":"Zawieszka w kszta\u0142cie serca z rubelitem i diamentami","og_description":"Romantyczna zawieszka w kszta\u0142cie serca z r\u00f3\u017cowym turmalinem Rubelitem i diamentami. Indywidualny wyr\u00f3b jubilerski ze z\u0142ota, certyfikowana jako\u015b\u0107.","og_url":"https:\/\/fashiongold.lt\/pl\/papuosalas\/rubellit-zawieszka-z-rozowym-turmalinem-ai-jubiler\/","og_site_name":"FashionGold.lt","og_image":[{"width":1536,"height":1024,"url":"https:\/\/fashiongold.lt\/wp-content\/uploads\/2025\/12\/Eskizas-balto-aukso-pakabukas-su-roziniu-turmalinu.webp","type":"image\/png"}],"twitter_card":"summary_large_image","twitter_misc":{"Szacowany czas czytania":"4 minuty"},"schema":{"@context":"https:\/\/schema.org","@graph":[{"@type":"WebPage","@id":"https:\/\/fashiongold.lt\/pl\/papuosalas\/rubellit-zawieszka-z-rozowym-turmalinem-ai-jubiler\/","url":"https:\/\/fashiongold.lt\/pl\/papuosalas\/rubellit-zawieszka-z-rozowym-turmalinem-ai-jubiler\/","name":"Zawieszka w kszta\u0142cie serca z rubelitem i diamentami","isPartOf":{"@id":"https:\/\/fashiongold.lt\/pl\/#website"},"primaryImageOfPage":{"@id":"https:\/\/fashiongold.lt\/pl\/papuosalas\/rubellit-zawieszka-z-rozowym-turmalinem-ai-jubiler\/#primaryimage"},"image":{"@id":"https:\/\/fashiongold.lt\/pl\/papuosalas\/rubellit-zawieszka-z-rozowym-turmalinem-ai-jubiler\/#primaryimage"},"thumbnailUrl":"https:\/\/fashiongold.lt\/wp-content\/uploads\/2025\/12\/Eskizas-balto-aukso-pakabukas-su-roziniu-turmalinu.png","datePublished":"2025-12-28T07:39:39+00:00","description":"Romantyczna zawieszka w kszta\u0142cie serca z r\u00f3\u017cowym turmalinem Rubelitem i diamentami. Indywidualny wyr\u00f3b jubilerski ze z\u0142ota, certyfikowana jako\u015b\u0107.","breadcrumb":{"@id":"https:\/\/fashiongold.lt\/pl\/papuosalas\/rubellit-zawieszka-z-rozowym-turmalinem-ai-jubiler\/#breadcrumb"},"inLanguage":"pl-PL","potentialAction":[{"@type":"ReadAction","target":["https:\/\/fashiongold.lt\/pl\/papuosalas\/rubellit-zawieszka-z-rozowym-turmalinem-ai-jubiler\/"]}]},{"@type":"ImageObject","inLanguage":"pl-PL","@id":"https:\/\/fashiongold.lt\/pl\/papuosalas\/rubellit-zawieszka-z-rozowym-turmalinem-ai-jubiler\/#primaryimage","url":"https:\/\/fashiongold.lt\/wp-content\/uploads\/2025\/12\/Eskizas-balto-aukso-pakabukas-su-roziniu-turmalinu.png","contentUrl":"https:\/\/fashiongold.lt\/wp-content\/uploads\/2025\/12\/Eskizas-balto-aukso-pakabukas-su-roziniu-turmalinu.png","width":1536,"height":1024,"caption":"Eskizas balto aukso pakabukas su roz\u030ciniu turmalinu"},{"@type":"BreadcrumbList","@id":"https:\/\/fashiongold.lt\/pl\/papuosalas\/rubellit-zawieszka-z-rozowym-turmalinem-ai-jubiler\/#breadcrumb","itemListElement":[{"@type":"ListItem","position":1,"name":"Home","item":"https:\/\/fashiongold.lt\/pl\/"},{"@type":"ListItem","position":2,"name":"Sklep z diamentami Fashiongold.lt","item":"https:\/\/fashiongold.lt\/shop-2\/"},{"@type":"ListItem","position":3,"name":"Rubellit &#8211; Zawieszka z r\u00f3\u017cowym turmalinem. AI Jubiler"}]},{"@type":"WebSite","@id":"https:\/\/fashiongold.lt\/pl\/#website","url":"https:\/\/fashiongold.lt\/pl\/","name":"Fashion Gold","description":"Juvelyrikos namai","publisher":{"@id":"https:\/\/fashiongold.lt\/pl\/#organization"},"potentialAction":[{"@type":"SearchAction","target":{"@type":"EntryPoint","urlTemplate":"https:\/\/fashiongold.lt\/pl\/?s={search_term_string}"},"query-input":{"@type":"PropertyValueSpecification","valueRequired":true,"valueName":"search_term_string"}}],"inLanguage":"pl-PL"},{"@type":"Organization","@id":"https:\/\/fashiongold.lt\/pl\/#organization","name":"Topdiamonds Online","url":"https:\/\/fashiongold.lt\/pl\/","logo":{"@type":"ImageObject","inLanguage":"pl-PL","@id":"https:\/\/fashiongold.lt\/pl\/#\/schema\/logo\/image\/","url":"https:\/\/fashiongold.lt\/wp-content\/uploads\/2025\/04\/cropped-fashion_gold_logotipas2-scaled-1.png","contentUrl":"https:\/\/fashiongold.lt\/wp-content\/uploads\/2025\/04\/cropped-fashion_gold_logotipas2-scaled-1.png","width":2559,"height":421,"caption":"Topdiamonds Online"},"image":{"@id":"https:\/\/fashiongold.lt\/pl\/#\/schema\/logo\/image\/"}}]}},"_links":{"self":[{"href":"https:\/\/fashiongold.lt\/pl\/wp-json\/wp\/v2\/product\/272744","targetHints":{"allow":["GET"]}}],"collection":[{"href":"https:\/\/fashiongold.lt\/pl\/wp-json\/wp\/v2\/product"}],"about":[{"href":"https:\/\/fashiongold.lt\/pl\/wp-json\/wp\/v2\/types\/product"}],"version-history":[{"count":0,"href":"https:\/\/fashiongold.lt\/pl\/wp-json\/wp\/v2\/product\/272744\/revisions"}],"wp:featuredmedia":[{"embeddable":true,"href":"https:\/\/fashiongold.lt\/pl\/wp-json\/wp\/v2\/media\/265563"}],"wp:attachment":[{"href":"https:\/\/fashiongold.lt\/pl\/wp-json\/wp\/v2\/media?parent=272744"}],"wp:term":[{"taxonomy":"product_brand","embeddable":true,"href":"https:\/\/fashiongold.lt\/pl\/wp-json\/wp\/v2\/product_brand?post=272744"},{"taxonomy":"product_cat","embeddable":true,"href":"https:\/\/fashiongold.lt\/pl\/wp-json\/wp\/v2\/product_cat?post=272744"},{"taxonomy":"product_tag","embeddable":true,"href":"https:\/\/fashiongold.lt\/pl\/wp-json\/wp\/v2\/product_tag?post=272744"}],"curies":[{"name":"wp","href":"https:\/\/api.w.org\/{rel}","templated":true}]}}