{"id":272746,"date":"2025-12-27T13:26:36","date_gmt":"2025-12-27T13:26:36","guid":{"rendered":"https:\/\/fashiongold.lt\/papuosalas\/perydot-zawieszka-z-perydotem-i-diamentami-ai-jubiler\/"},"modified":"2025-12-27T13:26:36","modified_gmt":"2025-12-27T13:26:36","slug":"perydot-zawieszka-z-perydotem-i-diamentami-ai-jubiler","status":"publish","type":"product","link":"https:\/\/fashiongold.lt\/pl\/papuosalas\/perydot-zawieszka-z-perydotem-i-diamentami-ai-jubiler\/","title":{"rendered":"Perydot &#8211; Zawieszka z perydotem i diamentami. AI Jubiler"},"content":{"rendered":"<h2 data-start=\"209\" data-end=\"300\">AI Jubiler: <strong data-start=\"108\" data-end=\"183\">zawieszka z peridotem \u2013 produkcja wed\u0142ug indywidualnego projektu<\/strong><\/h2>\n<p data-start=\"185\" data-end=\"732\">Ta zawieszka z zielonym peridotem to indywidualny projekt stworzony i wykonany przez jubilera, w kt\u00f3rym ka\u017cdy detal jest przemy\u015blany z uwzgl\u0119dnieniem wybranego kamienia szlachetnego \u2013 peridotu. To nie jest produkt seryjny, lecz prawdziwe rzemios\u0142o jubilerskie, zaczynaj\u0105ce si\u0119 od pomys\u0142u, a ko\u0144cz\u0105ce na r\u0119cznie wykonanej, unikalnej zawieszce. Jubiler wykonuje nie tylko zawieszki, ale tak\u017ce kolczyki i inn\u0105 bi\u017cuteri\u0119 na indywidualne zam\u00f3wienie, podkre\u015blaj\u0105c ich jako\u015b\u0107 i wyj\u0105tkowo\u015b\u0107. Wi\u0119cej o peridocie, jego odcieniach i w\u0142a\u015bciwo\u015bciach mo\u017cna dowiedzie\u0107 si\u0119 w osobnym opisie.<\/p>\n<p data-start=\"734\" data-end=\"1192\">Projektuj\u0105c zawieszk\u0119 z peridotem, jubiler najpierw ocenia w\u0142a\u015bciwo\u015bci tego kamienia szlachetnego \u2013 jego intensywn\u0105 zielon\u0105 barw\u0119, przejrzysto\u015b\u0107, kszta\u0142t i proporcje. To w\u0142a\u015bnie pod konkretny okaz peridotu tworzony jest ca\u0142y projekt: wysoko\u015b\u0107 korony, rozmieszczenie diament\u00f3w halo, szeroko\u015b\u0107 i kszta\u0142t zawieszki. Ka\u017cda zawieszka oraz inna bi\u017cuteria wymaga niezwykle starannej i profesjonalnej pracy, co pozwala osi\u0105gn\u0105\u0107 idealn\u0105 r\u00f3wnowag\u0119 mi\u0119dzy estetyk\u0105, wygod\u0105 a trwa\u0142o\u015bci\u0105.<\/p>\n<p data-start=\"1194\" data-end=\"1297\">Zawieszka z zielonym peridotem jest wykonywana na indywidualne zam\u00f3wienie, dlatego mo\u017cemy dostosowa\u0107:<\/p>\n<ul>\n<li>dowolny <a href=\"https:\/\/fashiongold.lt\/pl\/patarimai-pl\/kolor-zlota-co-warto-wiedziec-o-roznych-odcieniach-i-ich-wlasciwosciach\/\" target=\"_self\" rel=\"noopener noreferrer\">kolor z\u0142ota<\/a> (bia\u0142y, \u017c\u00f3\u0142ty lub czerwony),<\/li>\n<li><a href=\"https:\/\/fashiongold.lt\/pl\/patarimai-pl\/proba-zlota-w-bizuterii-jak-wybrac-odpowiednia\/\" target=\"_self\" rel=\"noopener noreferrer\">wybran\u0105 pr\u00f3b\u0119 z\u0142ota 585 lub 750<\/a>,<\/li>\n<li>r\u00f3\u017cn\u0105 wielko\u015b\u0107 i rozmieszczenie diament\u00f3w,<\/li>\n<li>indywidualny odcie\u0144 peridotu \u2013 od delikatnej jasnej zieleni po nasycony ton oliwkowy lub \u017c\u00f3\u0142to-zielony.<span style=\"font-size: 16px;\">\u00a0<\/span><\/li>\n<\/ul>\n<p>Wybieraj\u0105c zawieszk\u0119 lub inn\u0105 bi\u017cuteri\u0119 wed\u0142ug indywidualnego projektu, najwa\u017cniejsze jest to, co odpowiada Twojej osobowo\u015bci, stylowi i potrzebom.<\/p>\n<p>W tym modelu wybrano design typu halo, kt\u00f3ry subtelnie podkre\u015bla blask peridotu i nadaje zawieszce dodatkowego luksusu oraz wyj\u0105tkowo\u015bci. Drobne diamenty elegancko obramowuj\u0105 centralny kamie\u0144 i wzmacniaj\u0105 gr\u0119 \u015bwiat\u0142a, a sam kamie\u0144 szlachetny \u2013 peridot \u2013 staje si\u0119 g\u0142\u00f3wnym akcentem wizualnym. W\u015br\u00f3d wyj\u0105tkowych kamieni szlachetnych warto r\u00f3wnie\u017c wspomnie\u0107 o <a href=\"https:\/\/fashiongold.lt\/pl\/szafir-kamien-madrosci-spokoju-i-wiernosci-w-jubilerstwie\/\"><strong data-start=\"2216\" data-end=\"2228\">szafirze<\/strong><\/a>, jednak morganit wyr\u00f3\u017cnia si\u0119 swoj\u0105 delikatn\u0105, romantyczn\u0105 i nowoczesn\u0105 estetyk\u0105.<\/p>\n<p>Wszystkie pier\u015bcionki i <a href=\"https:\/\/fashiongold.lt\/pl\/kategorija\/kolczyki-okazyjne\/\" target=\"_self\" rel=\"noopener noreferrer\">inna bi\u017cuteria<\/a> s\u0105 produkowane na Litwie i posiadaj\u0105 certyfikaty Litewskiej Izby Probierczej.<\/p>\n<p>To <a href=\"https:\/\/fashiongold.lt\/pl\/patarimai-pl\/jubiler-kiedy-twoje-marzenie-przybiera-forme-zlota\/\" target=\"_self\" rel=\"noopener noreferrer\">produkcja jubilerska wed\u0142ug indywidualnego projektu<\/a>, przeznaczona dla tych, kt\u00f3rzy szukaj\u0105 nie tylko zawieszki, ale tak\u017ce osobistej historii, stworzonej ze z\u0142ota, diament\u00f3w i peridotu. Ka\u017cda taka zawieszka jest unikatowa, dopasowana w\u0142a\u015bnie do Ciebie i wybranego przez Ciebie kamienia szlachetnego. Ka\u017cda taka zawieszka jest unikatowa, dopasowana w\u0142a\u015bnie do Ciebie i wybranego przez Ciebie kamienia szlachetnego, a indywidualny design pozwala subtelnie ujawni\u0107 Twoj\u0105 osobist\u0105 estetyk\u0119 i warto\u015bci.<\/p>\n<h4>Nasze us\u0142ugi<\/h4>\n<p>Oferujemy <a href=\"https:\/\/fashiongold.lt\/pl\/kategorija\/produkcja-bizuterii\/\" target=\"_self\" rel=\"noopener noreferrer\">indywidualny design, w kt\u00f3rym ka\u017cdy element bi\u017cuterii powstaje zgodnie z Twoimi pomys\u0142ami i wizj\u0105<\/a>. Zajmujemy si\u0119 r\u00f3wnie\u017c renowacj\u0105, aby Twoja cenna bi\u017cuteria zn\u00f3w l\u015bni\u0142a jak nowa. Ka\u017cde nasze dzie\u0142o to nie tylko ozdoba, ale tak\u017ce odzwierciedlenie Twojej osobowo\u015bci. Ka\u017cda nasza praca to dow\u00f3d na to, \u017ce jako\u015b\u0107 i kreatywno\u015b\u0107 mog\u0105 i\u015b\u0107 w parze.<\/p>\n<h4>Otwarto\u015b\u0107 i Gwarancja<\/h4>\n<p>Naszym podej\u015bciem jest otwarto\u015b\u0107 i szczera komunikacja z ka\u017cdym klientem. Od pierwszej konsultacji a\u017c do ko\u0144cowego odbioru bi\u017cuterii jeste\u015bmy obok, aby pom\u00f3c Ci we wszystkich kwestiach. Udzielamy 5-letniej gwarancji jako\u015bci na wszystkie nasze produkty, dzi\u0119ki czemu mo\u017cesz by\u0107 pewien ich niezawodno\u015bci i trwa\u0142o\u015bci. Nasza gwarancja obejmuje wszystkie aspekty jako\u015bci wykonania, aby\u015b m\u00f3g\u0142 cieszy\u0107 si\u0119 bi\u017cuteri\u0105 bez zmartwie\u0144 przez wiele lat. Dbamy o to, aby ka\u017cdy nasz klient czu\u0142 si\u0119 pewnie i wiedzia\u0142, \u017ce nasza bi\u017cuteria jest godna zaufania.<\/p>\n<h4>Zam\u00f3wienia i konsultacje<\/h4>\n<p>Je\u015bli chcesz zam\u00f3wi\u0107 indywidualn\u0105 bi\u017cuteri\u0119 lub skonsultowa\u0107 swoje pomys\u0142y, nasz zesp\u00f3\u0142 jest zawsze gotowy do pomocy. Podczas konsultacji omawiamy Twoj\u0105 wizj\u0119, preferencje i proponujemy najlepsze rozwi\u0105zania, aby\u015bmy mogli wykona\u0107 bi\u017cuteri\u0119 spe\u0142niaj\u0105c\u0105 Twoje oczekiwania. Ka\u017cdemu zam\u00f3wieniu po\u015bwi\u0119camy szczeg\u00f3ln\u0105 uwag\u0119, dlatego mo\u017cemy zaoferowa\u0107 indywidualne rozwi\u0105zania zar\u00f3wno dla pier\u015bcionk\u00f3w zar\u0119czynowych, jak i innej bi\u017cuterii. Produkcja bi\u017cuterii trwa zazwyczaj oko\u0142o 5 tygodni, ale zawsze staramy si\u0119, aby Twoja bi\u017cuteria zosta\u0142a wykonana jak najszybciej. Skontaktuj si\u0119 z nami \u2013 wsp\u00f3lnie stworzymy bi\u017cuteri\u0119, kt\u00f3ra stanie si\u0119 cz\u0119\u015bci\u0105 Twojej historii.<\/p>\n","protected":false},"excerpt":{"rendered":"<p>AI Jubiler: zawieszka z peridotem \u2013 produkcja wed\u0142ug indywidualnego projektu Ta zawieszka z zielonym peridotem to indywidualny projekt stworzony i [&hellip;]<\/p>\n","protected":false},"featured_media":265169,"template":"","meta":{"site-sidebar-layout":"default","site-content-layout":"","ast-site-content-layout":"default","site-content-style":"default","site-sidebar-style":"default","ast-global-header-display":"","ast-banner-title-visibility":"","ast-main-header-display":"","ast-hfb-above-header-display":"","ast-hfb-below-header-display":"","ast-hfb-mobile-header-display":"","site-post-title":"","ast-breadcrumbs-content":"","ast-featured-img":"","footer-sml-layout":"","ast-disable-related-posts":"","theme-transparent-header-meta":"default","adv-header-id-meta":"","stick-header-meta":"","header-above-stick-meta":"","header-main-stick-meta":"","header-below-stick-meta":"","astra-migrate-meta-layouts":"default","ast-page-background-enabled":"default","ast-page-background-meta":{"desktop":{"background-color":"var(--ast-global-color-4)","background-image":"","background-repeat":"repeat","background-position":"center center","background-size":"auto","background-attachment":"scroll","background-type":"","background-media":"","overlay-type":"","overlay-color":"","overlay-opacity":"","overlay-gradient":""},"tablet":{"background-color":"","background-image":"","background-repeat":"repeat","background-position":"center center","background-size":"auto","background-attachment":"scroll","background-type":"","background-media":"","overlay-type":"","overlay-color":"","overlay-opacity":"","overlay-gradient":""},"mobile":{"background-color":"","background-image":"","background-repeat":"repeat","background-position":"center center","background-size":"auto","background-attachment":"scroll","background-type":"","background-media":"","overlay-type":"","overlay-color":"","overlay-opacity":"","overlay-gradient":""}},"ast-content-background-meta":{"desktop":{"background-color":"var(--ast-global-color-5)","background-image":"","background-repeat":"repeat","background-position":"center center","background-size":"auto","background-attachment":"scroll","background-type":"","background-media":"","overlay-type":"","overlay-color":"","overlay-opacity":"","overlay-gradient":""},"tablet":{"background-color":"var(--ast-global-color-5)","background-image":"","background-repeat":"repeat","background-position":"center center","background-size":"auto","background-attachment":"scroll","background-type":"","background-media":"","overlay-type":"","overlay-color":"","overlay-opacity":"","overlay-gradient":""},"mobile":{"background-color":"var(--ast-global-color-5)","background-image":"","background-repeat":"repeat","background-position":"center center","background-size":"auto","background-attachment":"scroll","background-type":"","background-media":"","overlay-type":"","overlay-color":"","overlay-opacity":"","overlay-gradient":""}}},"product_brand":[],"product_cat":[2869,2868],"product_tag":[],"class_list":{"0":"post-272746","1":"product","2":"type-product","3":"status-publish","4":"has-post-thumbnail","6":"product_cat-jubiler","7":"product_cat-produkcja-bizuterii","8":"desktop-align-center","9":"tablet-align-left","10":"mobile-align-left","11":"ast-product-gallery-layout-horizontal-slider","12":"ast-product-tabs-layout-accordion","13":"ast-qv-on-image","15":"first","16":"onbackorder","17":"taxable","18":"shipping-taxable","19":"purchasable","20":"product-type-simple"},"yoast_head":"<!-- This site is optimized with the Yoast SEO plugin v26.6 - https:\/\/yoast.com\/wordpress\/plugins\/seo\/ -->\n<title>Jubiler: Wisiorek z perydotem \u2013 produkcja indywidualna<\/title>\n<meta name=\"description\" content=\"Zawieszka z zielonym peridotem, wykonywana na indywidualne zam\u00f3wienie. Wybierz kolor z\u0142ota, pr\u00f3b\u0119, diamenty oraz odcie\u0144 peridotu.\" \/>\n<meta name=\"robots\" content=\"index, follow, max-snippet:-1, max-image-preview:large, max-video-preview:-1\" \/>\n<link rel=\"canonical\" href=\"https:\/\/fashiongold.lt\/pl\/papuosalas\/perydot-zawieszka-z-perydotem-i-diamentami-ai-jubiler\/\" \/>\n<meta property=\"og:locale\" content=\"pl_PL\" \/>\n<meta property=\"og:type\" content=\"article\" \/>\n<meta property=\"og:title\" content=\"Jubiler: Wisiorek z perydotem \u2013 produkcja indywidualna\" \/>\n<meta property=\"og:description\" content=\"Zawieszka z zielonym peridotem, wykonywana na indywidualne zam\u00f3wienie. Wybierz kolor z\u0142ota, pr\u00f3b\u0119, diamenty oraz odcie\u0144 peridotu.\" \/>\n<meta property=\"og:url\" content=\"https:\/\/fashiongold.lt\/pl\/papuosalas\/perydot-zawieszka-z-perydotem-i-diamentami-ai-jubiler\/\" \/>\n<meta property=\"og:site_name\" content=\"FashionGold.lt\" \/>\n<meta property=\"og:image\" content=\"https:\/\/fashiongold.lt\/wp-content\/uploads\/2025\/12\/Juvelyro-eskizas-halo-dizaino-pakabukas-su-laso-formos-peridotu-centre-ir-smulkiais-deimantais-1024x683.png\" \/>\n\t<meta property=\"og:image:width\" content=\"1024\" \/>\n\t<meta property=\"og:image:height\" content=\"683\" \/>\n\t<meta property=\"og:image:type\" content=\"image\/png\" \/>\n<meta name=\"twitter:card\" content=\"summary_large_image\" \/>\n<meta name=\"twitter:label1\" content=\"Szacowany czas czytania\" \/>\n\t<meta name=\"twitter:data1\" content=\"4 minuty\" \/>\n<script type=\"application\/ld+json\" class=\"yoast-schema-graph\">{\"@context\":\"https:\/\/schema.org\",\"@graph\":[{\"@type\":\"WebPage\",\"@id\":\"https:\/\/fashiongold.lt\/pl\/papuosalas\/perydot-zawieszka-z-perydotem-i-diamentami-ai-jubiler\/\",\"url\":\"https:\/\/fashiongold.lt\/pl\/papuosalas\/perydot-zawieszka-z-perydotem-i-diamentami-ai-jubiler\/\",\"name\":\"Jubiler: Wisiorek z perydotem \u2013 produkcja indywidualna\",\"isPartOf\":{\"@id\":\"https:\/\/fashiongold.lt\/pl\/#website\"},\"primaryImageOfPage\":{\"@id\":\"https:\/\/fashiongold.lt\/pl\/papuosalas\/perydot-zawieszka-z-perydotem-i-diamentami-ai-jubiler\/#primaryimage\"},\"image\":{\"@id\":\"https:\/\/fashiongold.lt\/pl\/papuosalas\/perydot-zawieszka-z-perydotem-i-diamentami-ai-jubiler\/#primaryimage\"},\"thumbnailUrl\":\"https:\/\/fashiongold.lt\/wp-content\/uploads\/2025\/12\/Juvelyro-eskizas-halo-dizaino-pakabukas-su-laso-formos-peridotu-centre-ir-smulkiais-deimantais.png\",\"datePublished\":\"2025-12-27T13:26:36+00:00\",\"description\":\"Zawieszka z zielonym peridotem, wykonywana na indywidualne zam\u00f3wienie. Wybierz kolor z\u0142ota, pr\u00f3b\u0119, diamenty oraz odcie\u0144 peridotu.\",\"breadcrumb\":{\"@id\":\"https:\/\/fashiongold.lt\/pl\/papuosalas\/perydot-zawieszka-z-perydotem-i-diamentami-ai-jubiler\/#breadcrumb\"},\"inLanguage\":\"pl-PL\",\"potentialAction\":[{\"@type\":\"ReadAction\",\"target\":[\"https:\/\/fashiongold.lt\/pl\/papuosalas\/perydot-zawieszka-z-perydotem-i-diamentami-ai-jubiler\/\"]}]},{\"@type\":\"ImageObject\",\"inLanguage\":\"pl-PL\",\"@id\":\"https:\/\/fashiongold.lt\/pl\/papuosalas\/perydot-zawieszka-z-perydotem-i-diamentami-ai-jubiler\/#primaryimage\",\"url\":\"https:\/\/fashiongold.lt\/wp-content\/uploads\/2025\/12\/Juvelyro-eskizas-halo-dizaino-pakabukas-su-laso-formos-peridotu-centre-ir-smulkiais-deimantais.png\",\"contentUrl\":\"https:\/\/fashiongold.lt\/wp-content\/uploads\/2025\/12\/Juvelyro-eskizas-halo-dizaino-pakabukas-su-laso-formos-peridotu-centre-ir-smulkiais-deimantais.png\",\"width\":1536,\"height\":1024,\"caption\":\"Juvelyro eskizas, halo dizaino pakabukas su la\u0161o formos peridotu centre ir smulkiais deimantais\"},{\"@type\":\"BreadcrumbList\",\"@id\":\"https:\/\/fashiongold.lt\/pl\/papuosalas\/perydot-zawieszka-z-perydotem-i-diamentami-ai-jubiler\/#breadcrumb\",\"itemListElement\":[{\"@type\":\"ListItem\",\"position\":1,\"name\":\"Home\",\"item\":\"https:\/\/fashiongold.lt\/pl\/\"},{\"@type\":\"ListItem\",\"position\":2,\"name\":\"Sklep z diamentami Fashiongold.lt\",\"item\":\"https:\/\/fashiongold.lt\/shop-2\/\"},{\"@type\":\"ListItem\",\"position\":3,\"name\":\"Perydot &#8211; Zawieszka z perydotem i diamentami. AI Jubiler\"}]},{\"@type\":\"WebSite\",\"@id\":\"https:\/\/fashiongold.lt\/pl\/#website\",\"url\":\"https:\/\/fashiongold.lt\/pl\/\",\"name\":\"Fashion Gold\",\"description\":\"Juvelyrikos namai\",\"publisher\":{\"@id\":\"https:\/\/fashiongold.lt\/pl\/#organization\"},\"potentialAction\":[{\"@type\":\"SearchAction\",\"target\":{\"@type\":\"EntryPoint\",\"urlTemplate\":\"https:\/\/fashiongold.lt\/pl\/?s={search_term_string}\"},\"query-input\":{\"@type\":\"PropertyValueSpecification\",\"valueRequired\":true,\"valueName\":\"search_term_string\"}}],\"inLanguage\":\"pl-PL\"},{\"@type\":\"Organization\",\"@id\":\"https:\/\/fashiongold.lt\/pl\/#organization\",\"name\":\"Topdiamonds Online\",\"url\":\"https:\/\/fashiongold.lt\/pl\/\",\"logo\":{\"@type\":\"ImageObject\",\"inLanguage\":\"pl-PL\",\"@id\":\"https:\/\/fashiongold.lt\/pl\/#\/schema\/logo\/image\/\",\"url\":\"https:\/\/fashiongold.lt\/wp-content\/uploads\/2025\/04\/cropped-fashion_gold_logotipas2-scaled-1.png\",\"contentUrl\":\"https:\/\/fashiongold.lt\/wp-content\/uploads\/2025\/04\/cropped-fashion_gold_logotipas2-scaled-1.png\",\"width\":2559,\"height\":421,\"caption\":\"Topdiamonds Online\"},\"image\":{\"@id\":\"https:\/\/fashiongold.lt\/pl\/#\/schema\/logo\/image\/\"}}]}<\/script>\n<!-- \/ Yoast SEO plugin. -->","yoast_head_json":{"title":"Jubiler: Wisiorek z perydotem \u2013 produkcja indywidualna","description":"Zawieszka z zielonym peridotem, wykonywana na indywidualne zam\u00f3wienie. Wybierz kolor z\u0142ota, pr\u00f3b\u0119, diamenty oraz odcie\u0144 peridotu.","robots":{"index":"index","follow":"follow","max-snippet":"max-snippet:-1","max-image-preview":"max-image-preview:large","max-video-preview":"max-video-preview:-1"},"canonical":"https:\/\/fashiongold.lt\/pl\/papuosalas\/perydot-zawieszka-z-perydotem-i-diamentami-ai-jubiler\/","og_locale":"pl_PL","og_type":"article","og_title":"Jubiler: Wisiorek z perydotem \u2013 produkcja indywidualna","og_description":"Zawieszka z zielonym peridotem, wykonywana na indywidualne zam\u00f3wienie. Wybierz kolor z\u0142ota, pr\u00f3b\u0119, diamenty oraz odcie\u0144 peridotu.","og_url":"https:\/\/fashiongold.lt\/pl\/papuosalas\/perydot-zawieszka-z-perydotem-i-diamentami-ai-jubiler\/","og_site_name":"FashionGold.lt","og_image":[{"width":1024,"height":683,"url":"https:\/\/fashiongold.lt\/wp-content\/uploads\/2025\/12\/Juvelyro-eskizas-halo-dizaino-pakabukas-su-laso-formos-peridotu-centre-ir-smulkiais-deimantais-1024x683.png","type":"image\/png"}],"twitter_card":"summary_large_image","twitter_misc":{"Szacowany czas czytania":"4 minuty"},"schema":{"@context":"https:\/\/schema.org","@graph":[{"@type":"WebPage","@id":"https:\/\/fashiongold.lt\/pl\/papuosalas\/perydot-zawieszka-z-perydotem-i-diamentami-ai-jubiler\/","url":"https:\/\/fashiongold.lt\/pl\/papuosalas\/perydot-zawieszka-z-perydotem-i-diamentami-ai-jubiler\/","name":"Jubiler: Wisiorek z perydotem \u2013 produkcja indywidualna","isPartOf":{"@id":"https:\/\/fashiongold.lt\/pl\/#website"},"primaryImageOfPage":{"@id":"https:\/\/fashiongold.lt\/pl\/papuosalas\/perydot-zawieszka-z-perydotem-i-diamentami-ai-jubiler\/#primaryimage"},"image":{"@id":"https:\/\/fashiongold.lt\/pl\/papuosalas\/perydot-zawieszka-z-perydotem-i-diamentami-ai-jubiler\/#primaryimage"},"thumbnailUrl":"https:\/\/fashiongold.lt\/wp-content\/uploads\/2025\/12\/Juvelyro-eskizas-halo-dizaino-pakabukas-su-laso-formos-peridotu-centre-ir-smulkiais-deimantais.png","datePublished":"2025-12-27T13:26:36+00:00","description":"Zawieszka z zielonym peridotem, wykonywana na indywidualne zam\u00f3wienie. Wybierz kolor z\u0142ota, pr\u00f3b\u0119, diamenty oraz odcie\u0144 peridotu.","breadcrumb":{"@id":"https:\/\/fashiongold.lt\/pl\/papuosalas\/perydot-zawieszka-z-perydotem-i-diamentami-ai-jubiler\/#breadcrumb"},"inLanguage":"pl-PL","potentialAction":[{"@type":"ReadAction","target":["https:\/\/fashiongold.lt\/pl\/papuosalas\/perydot-zawieszka-z-perydotem-i-diamentami-ai-jubiler\/"]}]},{"@type":"ImageObject","inLanguage":"pl-PL","@id":"https:\/\/fashiongold.lt\/pl\/papuosalas\/perydot-zawieszka-z-perydotem-i-diamentami-ai-jubiler\/#primaryimage","url":"https:\/\/fashiongold.lt\/wp-content\/uploads\/2025\/12\/Juvelyro-eskizas-halo-dizaino-pakabukas-su-laso-formos-peridotu-centre-ir-smulkiais-deimantais.png","contentUrl":"https:\/\/fashiongold.lt\/wp-content\/uploads\/2025\/12\/Juvelyro-eskizas-halo-dizaino-pakabukas-su-laso-formos-peridotu-centre-ir-smulkiais-deimantais.png","width":1536,"height":1024,"caption":"Juvelyro eskizas, halo dizaino pakabukas su la\u0161o formos peridotu centre ir smulkiais deimantais"},{"@type":"BreadcrumbList","@id":"https:\/\/fashiongold.lt\/pl\/papuosalas\/perydot-zawieszka-z-perydotem-i-diamentami-ai-jubiler\/#breadcrumb","itemListElement":[{"@type":"ListItem","position":1,"name":"Home","item":"https:\/\/fashiongold.lt\/pl\/"},{"@type":"ListItem","position":2,"name":"Sklep z diamentami Fashiongold.lt","item":"https:\/\/fashiongold.lt\/shop-2\/"},{"@type":"ListItem","position":3,"name":"Perydot &#8211; Zawieszka z perydotem i diamentami. AI Jubiler"}]},{"@type":"WebSite","@id":"https:\/\/fashiongold.lt\/pl\/#website","url":"https:\/\/fashiongold.lt\/pl\/","name":"Fashion Gold","description":"Juvelyrikos namai","publisher":{"@id":"https:\/\/fashiongold.lt\/pl\/#organization"},"potentialAction":[{"@type":"SearchAction","target":{"@type":"EntryPoint","urlTemplate":"https:\/\/fashiongold.lt\/pl\/?s={search_term_string}"},"query-input":{"@type":"PropertyValueSpecification","valueRequired":true,"valueName":"search_term_string"}}],"inLanguage":"pl-PL"},{"@type":"Organization","@id":"https:\/\/fashiongold.lt\/pl\/#organization","name":"Topdiamonds Online","url":"https:\/\/fashiongold.lt\/pl\/","logo":{"@type":"ImageObject","inLanguage":"pl-PL","@id":"https:\/\/fashiongold.lt\/pl\/#\/schema\/logo\/image\/","url":"https:\/\/fashiongold.lt\/wp-content\/uploads\/2025\/04\/cropped-fashion_gold_logotipas2-scaled-1.png","contentUrl":"https:\/\/fashiongold.lt\/wp-content\/uploads\/2025\/04\/cropped-fashion_gold_logotipas2-scaled-1.png","width":2559,"height":421,"caption":"Topdiamonds Online"},"image":{"@id":"https:\/\/fashiongold.lt\/pl\/#\/schema\/logo\/image\/"}}]}},"_links":{"self":[{"href":"https:\/\/fashiongold.lt\/pl\/wp-json\/wp\/v2\/product\/272746","targetHints":{"allow":["GET"]}}],"collection":[{"href":"https:\/\/fashiongold.lt\/pl\/wp-json\/wp\/v2\/product"}],"about":[{"href":"https:\/\/fashiongold.lt\/pl\/wp-json\/wp\/v2\/types\/product"}],"version-history":[{"count":0,"href":"https:\/\/fashiongold.lt\/pl\/wp-json\/wp\/v2\/product\/272746\/revisions"}],"wp:featuredmedia":[{"embeddable":true,"href":"https:\/\/fashiongold.lt\/pl\/wp-json\/wp\/v2\/media\/265169"}],"wp:attachment":[{"href":"https:\/\/fashiongold.lt\/pl\/wp-json\/wp\/v2\/media?parent=272746"}],"wp:term":[{"taxonomy":"product_brand","embeddable":true,"href":"https:\/\/fashiongold.lt\/pl\/wp-json\/wp\/v2\/product_brand?post=272746"},{"taxonomy":"product_cat","embeddable":true,"href":"https:\/\/fashiongold.lt\/pl\/wp-json\/wp\/v2\/product_cat?post=272746"},{"taxonomy":"product_tag","embeddable":true,"href":"https:\/\/fashiongold.lt\/pl\/wp-json\/wp\/v2\/product_tag?post=272746"}],"curies":[{"name":"wp","href":"https:\/\/api.w.org\/{rel}","templated":true}]}}