{"id":272831,"date":"2025-10-24T00:34:42","date_gmt":"2025-10-24T00:34:42","guid":{"rendered":"https:\/\/fashiongold.lt\/papuosalas\/nowoczesny-morganitas-pink-pierscionek-z-morganitem-i-diamentami-3-08-ct\/"},"modified":"2025-10-24T00:34:42","modified_gmt":"2025-10-24T00:34:42","slug":"nowoczesny-morganitas-pink-pierscionek-z-morganitem-i-diamentami-3-08-ct","status":"publish","type":"product","link":"https:\/\/fashiongold.lt\/pl\/papuosalas\/nowoczesny-morganitas-pink-pierscionek-z-morganitem-i-diamentami-3-08-ct\/","title":{"rendered":"Nowoczesny Morganitas Pink \u2013 pier\u015bcionek z morganitem i diamentami (3.08 ct)"},"content":{"rendered":"<p>Wyprodukowany w Niemczech z wysokiej jako\u015bci kamieni szlachetnych. Magiczna moc morganitu \u2013 dzia\u0142a jako talizman r\u00f3wnowagi duszy. Uwa\u017ca si\u0119, \u017ce kamie\u0144 przyci\u0105ga szcz\u0119\u015bcie, pomaga odnale\u017a\u0107 mi\u0142o\u015b\u0107 i ujawnia ukryte talenty, przynosi sukces w pracy, tw\u00f3rcom \u2013 inspiracj\u0119, to domowy anio\u0142 str\u00f3\u017c. Morganit chroni przed negatywnymi wp\u0142ywami energetycznymi \u2013 urokami lub zazdro\u015bci\u0105, a nawet przed wypadkami. Morganit jest odpowiedni dla ka\u017cdego, ale najbardziej dla Skorpiona, Ryb i Raka, Strzelca, Lwa, Bli\u017ani\u0105t, Wodnika i Wagi.<\/p>\n<p>\u2022 Z\u0142oto pier\u015bcionka: 18 karat\u00f3w (pr\u00f3ba 750)<\/p>\n<p>\u2022 Kolor pier\u015bcionka: \u017c\u00f3\u0142te z\u0142oto<\/p>\n<p>\u2022 Waga pier\u015bcionka: oko\u0142o 2,80\u20133,00 g<\/p>\n<p>\u2022 Typ diamentu: Naturalny diament<\/p>\n<p>\u2022 Kszta\u0142t diamentu: Okr\u0105g\u0142y szlif (Round cut)<\/p>\n<p>\u2022 Charakterystyka diamentu: 0,08 ct, kolor G-H (RW-W); czysto\u015b\u0107 SI<\/p>\n<p>\u2022 Kamie\u0144 centralny: r\u00f3\u017cowy morganit o kszta\u0142cie prostok\u0105tnym \u2013 3,00 ct<\/p>\n<p>\u2022 Certyfikat: Litewski Urz\u0105d Probierczy (LPR)<\/p>\n<p>\u2022 Wymiary pier\u015bcionka: 11,0 mm x 9,3 mm<\/p>\n<p>\u2022 Grawerowanie gratis<\/p>\n<p>\u2022 Jednorazowa bezp\u0142atna gwarancja zmiany rozmiaru pier\u015bcionka<\/p>\n<p>\u2022 Termin produkcji i dostawy od 14 dni roboczych, w trybie pilnym w ci\u0105gu 3 dni roboczych.<\/p>\n<p>Masz w\u0142asne z\u0142oto? Skontaktuj si\u0119 z nami, przeliczymy cen\u0119 \u2013 zap\u0142acisz tylko za wykonanie pier\u015bcionka.<\/p>\n","protected":false},"excerpt":{"rendered":"<p>Luksusowy z\u0142oty pier\u015bcionek o nowoczesnym designie z r\u00f3\u017cowym morganitem i diamentami. Wyj\u0105tkowy pier\u015bcionek dla stylowej kobiety.<\/p>\n","protected":false},"featured_media":250807,"template":"","meta":{"site-sidebar-layout":"","site-content-layout":"","ast-site-content-layout":"","site-content-style":"","site-sidebar-style":"","ast-global-header-display":"","ast-banner-title-visibility":"","ast-main-header-display":"","ast-hfb-above-header-display":"","ast-hfb-below-header-display":"","ast-hfb-mobile-header-display":"","site-post-title":"","ast-breadcrumbs-content":"","ast-featured-img":"","footer-sml-layout":"","ast-disable-related-posts":"","theme-transparent-header-meta":"","adv-header-id-meta":"","stick-header-meta":"","header-above-stick-meta":"","header-main-stick-meta":"","header-below-stick-meta":"","astra-migrate-meta-layouts":"default","ast-page-background-enabled":"default","ast-page-background-meta":{"desktop":{"background-color":"var(--ast-global-color-4)","background-image":"","background-repeat":"repeat","background-position":"center center","background-size":"auto","background-attachment":"scroll","background-type":"","background-media":"","overlay-type":"","overlay-color":"","overlay-opacity":"","overlay-gradient":""},"tablet":{"background-color":"","background-image":"","background-repeat":"repeat","background-position":"center center","background-size":"auto","background-attachment":"scroll","background-type":"","background-media":"","overlay-type":"","overlay-color":"","overlay-opacity":"","overlay-gradient":""},"mobile":{"background-color":"","background-image":"","background-repeat":"repeat","background-position":"center center","background-size":"auto","background-attachment":"scroll","background-type":"","background-media":"","overlay-type":"","overlay-color":"","overlay-opacity":"","overlay-gradient":""}},"ast-content-background-meta":{"desktop":{"background-color":"var(--ast-global-color-5)","background-image":"","background-repeat":"repeat","background-position":"center center","background-size":"auto","background-attachment":"scroll","background-type":"","background-media":"","overlay-type":"","overlay-color":"","overlay-opacity":"","overlay-gradient":""},"tablet":{"background-color":"var(--ast-global-color-5)","background-image":"","background-repeat":"repeat","background-position":"center center","background-size":"auto","background-attachment":"scroll","background-type":"","background-media":"","overlay-type":"","overlay-color":"","overlay-opacity":"","overlay-gradient":""},"mobile":{"background-color":"var(--ast-global-color-5)","background-image":"","background-repeat":"repeat","background-position":"center center","background-size":"auto","background-attachment":"scroll","background-type":"","background-media":"","overlay-type":"","overlay-color":"","overlay-opacity":"","overlay-gradient":""}}},"product_brand":[],"product_cat":[3044,2877,3278,2861,2879,2853,2875,2876,2860,2857,2854,2855,3169,2859,2852,3280,3279],"product_tag":[],"class_list":{"0":"post-272831","1":"product","2":"type-product","3":"status-publish","4":"has-post-thumbnail","6":"product_cat-bizuteria","7":"product_cat-bizuteria-z-kamieniami-polszlachetnymi","8":"product_cat-bizuteria-z-rozowymi-kamieniami-szlachetnymi","9":"product_cat-bizuteria-z-zoltego-zlota","10":"product_cat-pierscionki-z-kamieniami-szlachetnymi","11":"product_cat-prezenty-dla-kobiet","12":"product_cat-prezenty-na-dzien-matki","13":"product_cat-prezenty-na-walentynki","14":"product_cat-prezenty-na-wyjatkowe-okazje","15":"product_cat-prezenty-swiateczne","16":"product_cat-prezenty-z-okazji-narodzin-dziecka","17":"product_cat-prezenty-z-okazji-rocznicy-slubu","18":"product_cat-prezenty-z-okazji-slubu","19":"product_cat-prezenty-z-okazji-ukonczenia-szkoly","20":"product_cat-prezenty-z-okazji-urodzin","21":"product_cat-rozane-gody-10-lat","22":"product_cat-rozowe-kamienie-szlachetne","23":"desktop-align-center","24":"tablet-align-left","25":"mobile-align-left","26":"ast-product-gallery-layout-horizontal-slider","27":"ast-product-gallery-with-no-image","28":"ast-product-single-variable","29":"ast-product-tabs-layout-accordion","30":"ast-qv-on-image","32":"first","33":"instock","34":"taxable","35":"shipping-taxable","36":"purchasable","37":"product-type-variable"},"yoast_head":"<!-- This site is optimized with the Yoast SEO plugin v26.6 - https:\/\/yoast.com\/wordpress\/plugins\/seo\/ -->\n<title>Nowoczesny Morganit Pink - pier\u015bcionek z morganitem i diamentami<\/title>\n<meta name=\"description\" content=\"Luksusowy z\u0142oty pier\u015bcionek o nowoczesnym designu z r\u00f3\u017cowym morganitem i diamentami. Wyj\u0105tkowy wyb\u00f3r dla stylowej kobiety i na specjalne okazje.\" \/>\n<meta name=\"robots\" content=\"index, follow, max-snippet:-1, max-image-preview:large, max-video-preview:-1\" \/>\n<link rel=\"canonical\" href=\"https:\/\/fashiongold.lt\/pl\/papuosalas\/nowoczesny-morganitas-pink-pierscionek-z-morganitem-i-diamentami-3-08-ct\/\" \/>\n<meta property=\"og:locale\" content=\"pl_PL\" \/>\n<meta property=\"og:type\" content=\"article\" \/>\n<meta property=\"og:title\" content=\"Nowoczesny Morganit Pink - pier\u015bcionek z morganitem i diamentami\" \/>\n<meta property=\"og:description\" content=\"Luksusowy z\u0142oty pier\u015bcionek o nowoczesnym designu z r\u00f3\u017cowym morganitem i diamentami. Wyj\u0105tkowy wyb\u00f3r dla stylowej kobiety i na specjalne okazje.\" \/>\n<meta property=\"og:url\" content=\"https:\/\/fashiongold.lt\/pl\/papuosalas\/nowoczesny-morganitas-pink-pierscionek-z-morganitem-i-diamentami-3-08-ct\/\" \/>\n<meta property=\"og:site_name\" content=\"FashionGold.lt\" \/>\n<meta property=\"og:image\" content=\"https:\/\/fashiongold.lt\/wp-content\/uploads\/2025\/10\/11617-4ae-Modernus-Morganitas-Pink-ziedas-su-morganitu-ir-deimantais.webp\" \/>\n\t<meta property=\"og:image:width\" content=\"1000\" \/>\n\t<meta property=\"og:image:height\" content=\"1000\" \/>\n\t<meta property=\"og:image:type\" content=\"image\/png\" \/>\n<meta name=\"twitter:card\" content=\"summary_large_image\" \/>\n<meta name=\"twitter:label1\" content=\"Szacowany czas czytania\" \/>\n\t<meta name=\"twitter:data1\" content=\"1 minuta\" \/>\n<script type=\"application\/ld+json\" class=\"yoast-schema-graph\">{\"@context\":\"https:\/\/schema.org\",\"@graph\":[{\"@type\":\"WebPage\",\"@id\":\"https:\/\/fashiongold.lt\/pl\/papuosalas\/nowoczesny-morganitas-pink-pierscionek-z-morganitem-i-diamentami-3-08-ct\/\",\"url\":\"https:\/\/fashiongold.lt\/pl\/papuosalas\/nowoczesny-morganitas-pink-pierscionek-z-morganitem-i-diamentami-3-08-ct\/\",\"name\":\"Nowoczesny Morganit Pink - pier\u015bcionek z morganitem i diamentami\",\"isPartOf\":{\"@id\":\"https:\/\/fashiongold.lt\/pl\/#website\"},\"primaryImageOfPage\":{\"@id\":\"https:\/\/fashiongold.lt\/pl\/papuosalas\/nowoczesny-morganitas-pink-pierscionek-z-morganitem-i-diamentami-3-08-ct\/#primaryimage\"},\"image\":{\"@id\":\"https:\/\/fashiongold.lt\/pl\/papuosalas\/nowoczesny-morganitas-pink-pierscionek-z-morganitem-i-diamentami-3-08-ct\/#primaryimage\"},\"thumbnailUrl\":\"https:\/\/fashiongold.lt\/wp-content\/uploads\/2025\/10\/11617-4ae-Modernus-Morganitas-Pink-ziedas-su-morganitu-ir-deimantais.png\",\"datePublished\":\"2025-10-24T00:34:42+00:00\",\"description\":\"Luksusowy z\u0142oty pier\u015bcionek o nowoczesnym designu z r\u00f3\u017cowym morganitem i diamentami. Wyj\u0105tkowy wyb\u00f3r dla stylowej kobiety i na specjalne okazje.\",\"breadcrumb\":{\"@id\":\"https:\/\/fashiongold.lt\/pl\/papuosalas\/nowoczesny-morganitas-pink-pierscionek-z-morganitem-i-diamentami-3-08-ct\/#breadcrumb\"},\"inLanguage\":\"pl-PL\",\"potentialAction\":[{\"@type\":\"ReadAction\",\"target\":[\"https:\/\/fashiongold.lt\/pl\/papuosalas\/nowoczesny-morganitas-pink-pierscionek-z-morganitem-i-diamentami-3-08-ct\/\"]}]},{\"@type\":\"ImageObject\",\"inLanguage\":\"pl-PL\",\"@id\":\"https:\/\/fashiongold.lt\/pl\/papuosalas\/nowoczesny-morganitas-pink-pierscionek-z-morganitem-i-diamentami-3-08-ct\/#primaryimage\",\"url\":\"https:\/\/fashiongold.lt\/wp-content\/uploads\/2025\/10\/11617-4ae-Modernus-Morganitas-Pink-ziedas-su-morganitu-ir-deimantais.png\",\"contentUrl\":\"https:\/\/fashiongold.lt\/wp-content\/uploads\/2025\/10\/11617-4ae-Modernus-Morganitas-Pink-ziedas-su-morganitu-ir-deimantais.png\",\"width\":1000,\"height\":1000},{\"@type\":\"BreadcrumbList\",\"@id\":\"https:\/\/fashiongold.lt\/pl\/papuosalas\/nowoczesny-morganitas-pink-pierscionek-z-morganitem-i-diamentami-3-08-ct\/#breadcrumb\",\"itemListElement\":[{\"@type\":\"ListItem\",\"position\":1,\"name\":\"Home\",\"item\":\"https:\/\/fashiongold.lt\/pl\/\"},{\"@type\":\"ListItem\",\"position\":2,\"name\":\"Sklep z diamentami Fashiongold.lt\",\"item\":\"https:\/\/fashiongold.lt\/shop-2\/\"},{\"@type\":\"ListItem\",\"position\":3,\"name\":\"Nowoczesny Morganitas Pink \u2013 pier\u015bcionek z morganitem i diamentami (3.08 ct)\"}]},{\"@type\":\"WebSite\",\"@id\":\"https:\/\/fashiongold.lt\/pl\/#website\",\"url\":\"https:\/\/fashiongold.lt\/pl\/\",\"name\":\"Fashion Gold\",\"description\":\"Juvelyrikos namai\",\"publisher\":{\"@id\":\"https:\/\/fashiongold.lt\/pl\/#organization\"},\"potentialAction\":[{\"@type\":\"SearchAction\",\"target\":{\"@type\":\"EntryPoint\",\"urlTemplate\":\"https:\/\/fashiongold.lt\/pl\/?s={search_term_string}\"},\"query-input\":{\"@type\":\"PropertyValueSpecification\",\"valueRequired\":true,\"valueName\":\"search_term_string\"}}],\"inLanguage\":\"pl-PL\"},{\"@type\":\"Organization\",\"@id\":\"https:\/\/fashiongold.lt\/pl\/#organization\",\"name\":\"Topdiamonds Online\",\"url\":\"https:\/\/fashiongold.lt\/pl\/\",\"logo\":{\"@type\":\"ImageObject\",\"inLanguage\":\"pl-PL\",\"@id\":\"https:\/\/fashiongold.lt\/pl\/#\/schema\/logo\/image\/\",\"url\":\"https:\/\/fashiongold.lt\/wp-content\/uploads\/2025\/04\/cropped-fashion_gold_logotipas2-scaled-1.png\",\"contentUrl\":\"https:\/\/fashiongold.lt\/wp-content\/uploads\/2025\/04\/cropped-fashion_gold_logotipas2-scaled-1.png\",\"width\":2559,\"height\":421,\"caption\":\"Topdiamonds Online\"},\"image\":{\"@id\":\"https:\/\/fashiongold.lt\/pl\/#\/schema\/logo\/image\/\"}}]}<\/script>\n<!-- \/ Yoast SEO plugin. -->","yoast_head_json":{"title":"Nowoczesny Morganit Pink - pier\u015bcionek z morganitem i diamentami","description":"Luksusowy z\u0142oty pier\u015bcionek o nowoczesnym designu z r\u00f3\u017cowym morganitem i diamentami. Wyj\u0105tkowy wyb\u00f3r dla stylowej kobiety i na specjalne okazje.","robots":{"index":"index","follow":"follow","max-snippet":"max-snippet:-1","max-image-preview":"max-image-preview:large","max-video-preview":"max-video-preview:-1"},"canonical":"https:\/\/fashiongold.lt\/pl\/papuosalas\/nowoczesny-morganitas-pink-pierscionek-z-morganitem-i-diamentami-3-08-ct\/","og_locale":"pl_PL","og_type":"article","og_title":"Nowoczesny Morganit Pink - pier\u015bcionek z morganitem i diamentami","og_description":"Luksusowy z\u0142oty pier\u015bcionek o nowoczesnym designu z r\u00f3\u017cowym morganitem i diamentami. Wyj\u0105tkowy wyb\u00f3r dla stylowej kobiety i na specjalne okazje.","og_url":"https:\/\/fashiongold.lt\/pl\/papuosalas\/nowoczesny-morganitas-pink-pierscionek-z-morganitem-i-diamentami-3-08-ct\/","og_site_name":"FashionGold.lt","og_image":[{"width":1000,"height":1000,"url":"https:\/\/fashiongold.lt\/wp-content\/uploads\/2025\/10\/11617-4ae-Modernus-Morganitas-Pink-ziedas-su-morganitu-ir-deimantais.webp","type":"image\/png"}],"twitter_card":"summary_large_image","twitter_misc":{"Szacowany czas czytania":"1 minuta"},"schema":{"@context":"https:\/\/schema.org","@graph":[{"@type":"WebPage","@id":"https:\/\/fashiongold.lt\/pl\/papuosalas\/nowoczesny-morganitas-pink-pierscionek-z-morganitem-i-diamentami-3-08-ct\/","url":"https:\/\/fashiongold.lt\/pl\/papuosalas\/nowoczesny-morganitas-pink-pierscionek-z-morganitem-i-diamentami-3-08-ct\/","name":"Nowoczesny Morganit Pink - pier\u015bcionek z morganitem i diamentami","isPartOf":{"@id":"https:\/\/fashiongold.lt\/pl\/#website"},"primaryImageOfPage":{"@id":"https:\/\/fashiongold.lt\/pl\/papuosalas\/nowoczesny-morganitas-pink-pierscionek-z-morganitem-i-diamentami-3-08-ct\/#primaryimage"},"image":{"@id":"https:\/\/fashiongold.lt\/pl\/papuosalas\/nowoczesny-morganitas-pink-pierscionek-z-morganitem-i-diamentami-3-08-ct\/#primaryimage"},"thumbnailUrl":"https:\/\/fashiongold.lt\/wp-content\/uploads\/2025\/10\/11617-4ae-Modernus-Morganitas-Pink-ziedas-su-morganitu-ir-deimantais.png","datePublished":"2025-10-24T00:34:42+00:00","description":"Luksusowy z\u0142oty pier\u015bcionek o nowoczesnym designu z r\u00f3\u017cowym morganitem i diamentami. Wyj\u0105tkowy wyb\u00f3r dla stylowej kobiety i na specjalne okazje.","breadcrumb":{"@id":"https:\/\/fashiongold.lt\/pl\/papuosalas\/nowoczesny-morganitas-pink-pierscionek-z-morganitem-i-diamentami-3-08-ct\/#breadcrumb"},"inLanguage":"pl-PL","potentialAction":[{"@type":"ReadAction","target":["https:\/\/fashiongold.lt\/pl\/papuosalas\/nowoczesny-morganitas-pink-pierscionek-z-morganitem-i-diamentami-3-08-ct\/"]}]},{"@type":"ImageObject","inLanguage":"pl-PL","@id":"https:\/\/fashiongold.lt\/pl\/papuosalas\/nowoczesny-morganitas-pink-pierscionek-z-morganitem-i-diamentami-3-08-ct\/#primaryimage","url":"https:\/\/fashiongold.lt\/wp-content\/uploads\/2025\/10\/11617-4ae-Modernus-Morganitas-Pink-ziedas-su-morganitu-ir-deimantais.png","contentUrl":"https:\/\/fashiongold.lt\/wp-content\/uploads\/2025\/10\/11617-4ae-Modernus-Morganitas-Pink-ziedas-su-morganitu-ir-deimantais.png","width":1000,"height":1000},{"@type":"BreadcrumbList","@id":"https:\/\/fashiongold.lt\/pl\/papuosalas\/nowoczesny-morganitas-pink-pierscionek-z-morganitem-i-diamentami-3-08-ct\/#breadcrumb","itemListElement":[{"@type":"ListItem","position":1,"name":"Home","item":"https:\/\/fashiongold.lt\/pl\/"},{"@type":"ListItem","position":2,"name":"Sklep z diamentami Fashiongold.lt","item":"https:\/\/fashiongold.lt\/shop-2\/"},{"@type":"ListItem","position":3,"name":"Nowoczesny Morganitas Pink \u2013 pier\u015bcionek z morganitem i diamentami (3.08 ct)"}]},{"@type":"WebSite","@id":"https:\/\/fashiongold.lt\/pl\/#website","url":"https:\/\/fashiongold.lt\/pl\/","name":"Fashion Gold","description":"Juvelyrikos namai","publisher":{"@id":"https:\/\/fashiongold.lt\/pl\/#organization"},"potentialAction":[{"@type":"SearchAction","target":{"@type":"EntryPoint","urlTemplate":"https:\/\/fashiongold.lt\/pl\/?s={search_term_string}"},"query-input":{"@type":"PropertyValueSpecification","valueRequired":true,"valueName":"search_term_string"}}],"inLanguage":"pl-PL"},{"@type":"Organization","@id":"https:\/\/fashiongold.lt\/pl\/#organization","name":"Topdiamonds Online","url":"https:\/\/fashiongold.lt\/pl\/","logo":{"@type":"ImageObject","inLanguage":"pl-PL","@id":"https:\/\/fashiongold.lt\/pl\/#\/schema\/logo\/image\/","url":"https:\/\/fashiongold.lt\/wp-content\/uploads\/2025\/04\/cropped-fashion_gold_logotipas2-scaled-1.png","contentUrl":"https:\/\/fashiongold.lt\/wp-content\/uploads\/2025\/04\/cropped-fashion_gold_logotipas2-scaled-1.png","width":2559,"height":421,"caption":"Topdiamonds Online"},"image":{"@id":"https:\/\/fashiongold.lt\/pl\/#\/schema\/logo\/image\/"}}]}},"_links":{"self":[{"href":"https:\/\/fashiongold.lt\/pl\/wp-json\/wp\/v2\/product\/272831","targetHints":{"allow":["GET"]}}],"collection":[{"href":"https:\/\/fashiongold.lt\/pl\/wp-json\/wp\/v2\/product"}],"about":[{"href":"https:\/\/fashiongold.lt\/pl\/wp-json\/wp\/v2\/types\/product"}],"version-history":[{"count":0,"href":"https:\/\/fashiongold.lt\/pl\/wp-json\/wp\/v2\/product\/272831\/revisions"}],"wp:featuredmedia":[{"embeddable":true,"href":"https:\/\/fashiongold.lt\/pl\/wp-json\/wp\/v2\/media\/250807"}],"wp:attachment":[{"href":"https:\/\/fashiongold.lt\/pl\/wp-json\/wp\/v2\/media?parent=272831"}],"wp:term":[{"taxonomy":"product_brand","embeddable":true,"href":"https:\/\/fashiongold.lt\/pl\/wp-json\/wp\/v2\/product_brand?post=272831"},{"taxonomy":"product_cat","embeddable":true,"href":"https:\/\/fashiongold.lt\/pl\/wp-json\/wp\/v2\/product_cat?post=272831"},{"taxonomy":"product_tag","embeddable":true,"href":"https:\/\/fashiongold.lt\/pl\/wp-json\/wp\/v2\/product_tag?post=272831"}],"curies":[{"name":"wp","href":"https:\/\/api.w.org\/{rel}","templated":true}]}}