{"id":272847,"date":"2025-11-26T18:46:26","date_gmt":"2025-11-26T18:46:26","guid":{"rendered":"https:\/\/fashiongold.lt\/papuosalas\/107-ct-diament-barwa-g-rw-czystosc-vvs1-wspanialy-diament-o-okraglym-ksztalcie-kopia-kopia\/"},"modified":"2025-11-26T18:46:26","modified_gmt":"2025-11-26T18:46:26","slug":"107-ct-diament-barwa-g-rw-czystosc-vvs1-wspanialy-diament-o-okraglym-ksztalcie-kopia-kopia","status":"publish","type":"product","link":"https:\/\/fashiongold.lt\/pl\/papuosalas\/107-ct-diament-barwa-g-rw-czystosc-vvs1-wspanialy-diament-o-okraglym-ksztalcie-kopia-kopia\/","title":{"rendered":"1,07 ct Diament \u2013 Barwa G (RW), Czysto\u015b\u0107 VVS1 Wspania\u0142y diament o okr\u0105g\u0142ym kszta\u0142cie (Kopia) (Kopia)"},"content":{"rendered":"<div class=\"elementor-element elementor-element-10e2271 elementor-widget elementor-widget-woocommerce-product-short-description\" data-id=\"10e2271\" data-element_type=\"widget\" data-widget_type=\"woocommerce-product-short-description.default\">\n<div class=\"elementor-widget-container\">\n<div class=\"woocommerce-product-details__short-description\">\n<p>Wspania\u0142y diament o okr\u0105g\u0142ym kszta\u0142cie: Zanurz si\u0119 w \u015bwiecie, w kt\u00f3rym spotykaj\u0105 si\u0119 luksus i blask.<\/p>\n<\/div>\n<\/div>\n<\/div>\n<div class=\"elementor-element elementor-element-5fc13b1 elementor-widget elementor-widget-woocommerce-product-content\" data-id=\"5fc13b1\" data-element_type=\"widget\" data-widget_type=\"woocommerce-product-content.default\">\n<div class=\"elementor-widget-container\">\n<h4>INFORMACJE O DIAMENCIE:<\/h4>\n<ul>\n<li>Kamie\u0144: Naturalny Diament (Brylant)<\/li>\n<li>Kszta\u0142t kamienia: Okr\u0105g\u0142y (57 faset)<\/li>\n<li>Waga kamienia: 1.07 ct<\/li>\n<li>Rozmiar kamienia: 6.51X6.53X4.07 mm<\/li>\n<li>Kolor kamienia: G (RW)<\/li>\n<li>Czysto\u015b\u0107 kamienia: VVS1<\/li>\n<li>Kamie\u0144<\/li>\n<li>Certyfikat (laboratorium): HRD zapewniaj\u0105cy jako\u015b\u0107 diamentu<\/li>\n<li>Darmowe opakowanie<\/li>\n<\/ul>\n<\/div>\n<\/div>\n","protected":false},"excerpt":{"rendered":"<p>Wspania\u0142y diament o okr\u0105g\u0142ym kszta\u0142cie: Zanurz si\u0119 w \u015bwiecie, w kt\u00f3rym spotykaj\u0105 si\u0119 luksus i blask. INFORMACJE O DIAMENCIE: Kamie\u0144: [&hellip;]<\/p>\n","protected":false},"featured_media":67828,"template":"","meta":{"site-sidebar-layout":"default","site-content-layout":"","ast-site-content-layout":"default","site-content-style":"default","site-sidebar-style":"default","ast-global-header-display":"","ast-banner-title-visibility":"","ast-main-header-display":"","ast-hfb-above-header-display":"","ast-hfb-below-header-display":"","ast-hfb-mobile-header-display":"","site-post-title":"","ast-breadcrumbs-content":"","ast-featured-img":"","footer-sml-layout":"","ast-disable-related-posts":"","theme-transparent-header-meta":"default","adv-header-id-meta":"","stick-header-meta":"","header-above-stick-meta":"","header-main-stick-meta":"","header-below-stick-meta":"","astra-migrate-meta-layouts":"default","ast-page-background-enabled":"default","ast-page-background-meta":{"desktop":{"background-color":"var(--ast-global-color-4)","background-image":"","background-repeat":"repeat","background-position":"center center","background-size":"auto","background-attachment":"scroll","background-type":"","background-media":"","overlay-type":"","overlay-color":"","overlay-opacity":"","overlay-gradient":""},"tablet":{"background-color":"","background-image":"","background-repeat":"repeat","background-position":"center center","background-size":"auto","background-attachment":"scroll","background-type":"","background-media":"","overlay-type":"","overlay-color":"","overlay-opacity":"","overlay-gradient":""},"mobile":{"background-color":"","background-image":"","background-repeat":"repeat","background-position":"center center","background-size":"auto","background-attachment":"scroll","background-type":"","background-media":"","overlay-type":"","overlay-color":"","overlay-opacity":"","overlay-gradient":""}},"ast-content-background-meta":{"desktop":{"background-color":"var(--ast-global-color-5)","background-image":"","background-repeat":"repeat","background-position":"center center","background-size":"auto","background-attachment":"scroll","background-type":"","background-media":"","overlay-type":"","overlay-color":"","overlay-opacity":"","overlay-gradient":""},"tablet":{"background-color":"var(--ast-global-color-5)","background-image":"","background-repeat":"repeat","background-position":"center center","background-size":"auto","background-attachment":"scroll","background-type":"","background-media":"","overlay-type":"","overlay-color":"","overlay-opacity":"","overlay-gradient":""},"mobile":{"background-color":"var(--ast-global-color-5)","background-image":"","background-repeat":"repeat","background-position":"center center","background-size":"auto","background-attachment":"scroll","background-type":"","background-media":"","overlay-type":"","overlay-color":"","overlay-opacity":"","overlay-gradient":""}}},"product_brand":[],"product_cat":[3158,3159],"product_tag":[],"class_list":{"0":"post-272847","1":"product","2":"type-product","3":"status-publish","4":"has-post-thumbnail","6":"product_cat-naturalne-diamenty-brylanty-od-030-karata","7":"product_cat-oferta-specjalna-diamenty-i-produkcja","8":"desktop-align-center","9":"tablet-align-left","10":"mobile-align-left","11":"ast-product-gallery-layout-horizontal-slider","12":"ast-product-tabs-layout-accordion","13":"ast-qv-on-image","15":"first","16":"instock","17":"sale","18":"taxable","19":"shipping-taxable","20":"purchasable","21":"product-type-simple"},"yoast_head":"<!-- This site is optimized with the Yoast SEO plugin v26.6 - https:\/\/yoast.com\/wordpress\/plugins\/seo\/ -->\n<title>Wspania\u0142y diament o szlifie okr\u0105g\u0142ym 1,01 ct G\/VVS1<\/title>\n<meta name=\"description\" content=\"Wspania\u0142y diament o szlifie okr\u0105g\u0142ym o masie 1,01 ct, G\/VVS1 z certyfikatem HRD. Idealna jako\u015b\u0107 \u2013 3EX, bez fluorescencji. Doskona\u0142y wyb\u00f3r do Twojego pier\u015bcionka.\" \/>\n<meta name=\"robots\" content=\"index, follow, max-snippet:-1, max-image-preview:large, max-video-preview:-1\" \/>\n<link rel=\"canonical\" href=\"https:\/\/fashiongold.lt\/pl\/papuosalas\/107-ct-diament-barwa-g-rw-czystosc-vvs1-wspanialy-diament-o-okraglym-ksztalcie-kopia-kopia\/\" \/>\n<meta property=\"og:locale\" content=\"pl_PL\" \/>\n<meta property=\"og:type\" content=\"article\" \/>\n<meta property=\"og:title\" content=\"Wspania\u0142y diament o szlifie okr\u0105g\u0142ym 1,01 ct G\/VVS1\" \/>\n<meta property=\"og:description\" content=\"Wspania\u0142y diament o szlifie okr\u0105g\u0142ym o masie 1,01 ct, G\/VVS1 z certyfikatem HRD. Idealna jako\u015b\u0107 \u2013 3EX, bez fluorescencji. Doskona\u0142y wyb\u00f3r do Twojego pier\u015bcionka.\" \/>\n<meta property=\"og:url\" content=\"https:\/\/fashiongold.lt\/pl\/papuosalas\/107-ct-diament-barwa-g-rw-czystosc-vvs1-wspanialy-diament-o-okraglym-ksztalcie-kopia-kopia\/\" \/>\n<meta property=\"og:site_name\" content=\"FashionGold.lt\" \/>\n<meta property=\"og:image\" content=\"https:\/\/fashiongold.lt\/wp-content\/uploads\/2025\/10\/3490-9d6-050-ct-deimantas-Spalvos-F-Svarumu-SI1.webp\" \/>\n\t<meta property=\"og:image:width\" content=\"513\" \/>\n\t<meta property=\"og:image:height\" content=\"461\" \/>\n\t<meta property=\"og:image:type\" content=\"image\/png\" \/>\n<meta name=\"twitter:card\" content=\"summary_large_image\" \/>\n<script type=\"application\/ld+json\" class=\"yoast-schema-graph\">{\"@context\":\"https:\/\/schema.org\",\"@graph\":[{\"@type\":\"WebPage\",\"@id\":\"https:\/\/fashiongold.lt\/pl\/papuosalas\/107-ct-diament-barwa-g-rw-czystosc-vvs1-wspanialy-diament-o-okraglym-ksztalcie-kopia-kopia\/\",\"url\":\"https:\/\/fashiongold.lt\/pl\/papuosalas\/107-ct-diament-barwa-g-rw-czystosc-vvs1-wspanialy-diament-o-okraglym-ksztalcie-kopia-kopia\/\",\"name\":\"Wspania\u0142y diament o szlifie okr\u0105g\u0142ym 1,01 ct G\/VVS1\",\"isPartOf\":{\"@id\":\"https:\/\/fashiongold.lt\/pl\/#website\"},\"primaryImageOfPage\":{\"@id\":\"https:\/\/fashiongold.lt\/pl\/papuosalas\/107-ct-diament-barwa-g-rw-czystosc-vvs1-wspanialy-diament-o-okraglym-ksztalcie-kopia-kopia\/#primaryimage\"},\"image\":{\"@id\":\"https:\/\/fashiongold.lt\/pl\/papuosalas\/107-ct-diament-barwa-g-rw-czystosc-vvs1-wspanialy-diament-o-okraglym-ksztalcie-kopia-kopia\/#primaryimage\"},\"thumbnailUrl\":\"https:\/\/fashiongold.lt\/wp-content\/uploads\/2025\/10\/3490-9d6-050-ct-deimantas-Spalvos-F-Svarumu-SI1.png\",\"datePublished\":\"2025-11-26T18:46:26+00:00\",\"description\":\"Wspania\u0142y diament o szlifie okr\u0105g\u0142ym o masie 1,01 ct, G\/VVS1 z certyfikatem HRD. Idealna jako\u015b\u0107 \u2013 3EX, bez fluorescencji. Doskona\u0142y wyb\u00f3r do Twojego pier\u015bcionka.\",\"breadcrumb\":{\"@id\":\"https:\/\/fashiongold.lt\/pl\/papuosalas\/107-ct-diament-barwa-g-rw-czystosc-vvs1-wspanialy-diament-o-okraglym-ksztalcie-kopia-kopia\/#breadcrumb\"},\"inLanguage\":\"pl-PL\",\"potentialAction\":[{\"@type\":\"ReadAction\",\"target\":[\"https:\/\/fashiongold.lt\/pl\/papuosalas\/107-ct-diament-barwa-g-rw-czystosc-vvs1-wspanialy-diament-o-okraglym-ksztalcie-kopia-kopia\/\"]}]},{\"@type\":\"ImageObject\",\"inLanguage\":\"pl-PL\",\"@id\":\"https:\/\/fashiongold.lt\/pl\/papuosalas\/107-ct-diament-barwa-g-rw-czystosc-vvs1-wspanialy-diament-o-okraglym-ksztalcie-kopia-kopia\/#primaryimage\",\"url\":\"https:\/\/fashiongold.lt\/wp-content\/uploads\/2025\/10\/3490-9d6-050-ct-deimantas-Spalvos-F-Svarumu-SI1.png\",\"contentUrl\":\"https:\/\/fashiongold.lt\/wp-content\/uploads\/2025\/10\/3490-9d6-050-ct-deimantas-Spalvos-F-Svarumu-SI1.png\",\"width\":513,\"height\":461},{\"@type\":\"BreadcrumbList\",\"@id\":\"https:\/\/fashiongold.lt\/pl\/papuosalas\/107-ct-diament-barwa-g-rw-czystosc-vvs1-wspanialy-diament-o-okraglym-ksztalcie-kopia-kopia\/#breadcrumb\",\"itemListElement\":[{\"@type\":\"ListItem\",\"position\":1,\"name\":\"Home\",\"item\":\"https:\/\/fashiongold.lt\/pl\/\"},{\"@type\":\"ListItem\",\"position\":2,\"name\":\"Sklep z diamentami Fashiongold.lt\",\"item\":\"https:\/\/fashiongold.lt\/shop-2\/\"},{\"@type\":\"ListItem\",\"position\":3,\"name\":\"1,07 ct Diament \u2013 Barwa G (RW), Czysto\u015b\u0107 VVS1 Wspania\u0142y diament o okr\u0105g\u0142ym kszta\u0142cie (Kopia) (Kopia)\"}]},{\"@type\":\"WebSite\",\"@id\":\"https:\/\/fashiongold.lt\/pl\/#website\",\"url\":\"https:\/\/fashiongold.lt\/pl\/\",\"name\":\"Fashion Gold\",\"description\":\"Juvelyrikos namai\",\"publisher\":{\"@id\":\"https:\/\/fashiongold.lt\/pl\/#organization\"},\"potentialAction\":[{\"@type\":\"SearchAction\",\"target\":{\"@type\":\"EntryPoint\",\"urlTemplate\":\"https:\/\/fashiongold.lt\/pl\/?s={search_term_string}\"},\"query-input\":{\"@type\":\"PropertyValueSpecification\",\"valueRequired\":true,\"valueName\":\"search_term_string\"}}],\"inLanguage\":\"pl-PL\"},{\"@type\":\"Organization\",\"@id\":\"https:\/\/fashiongold.lt\/pl\/#organization\",\"name\":\"Topdiamonds Online\",\"url\":\"https:\/\/fashiongold.lt\/pl\/\",\"logo\":{\"@type\":\"ImageObject\",\"inLanguage\":\"pl-PL\",\"@id\":\"https:\/\/fashiongold.lt\/pl\/#\/schema\/logo\/image\/\",\"url\":\"https:\/\/fashiongold.lt\/wp-content\/uploads\/2025\/04\/cropped-fashion_gold_logotipas2-scaled-1.png\",\"contentUrl\":\"https:\/\/fashiongold.lt\/wp-content\/uploads\/2025\/04\/cropped-fashion_gold_logotipas2-scaled-1.png\",\"width\":2559,\"height\":421,\"caption\":\"Topdiamonds Online\"},\"image\":{\"@id\":\"https:\/\/fashiongold.lt\/pl\/#\/schema\/logo\/image\/\"}}]}<\/script>\n<!-- \/ Yoast SEO plugin. -->","yoast_head_json":{"title":"Wspania\u0142y diament o szlifie okr\u0105g\u0142ym 1,01 ct G\/VVS1","description":"Wspania\u0142y diament o szlifie okr\u0105g\u0142ym o masie 1,01 ct, G\/VVS1 z certyfikatem HRD. Idealna jako\u015b\u0107 \u2013 3EX, bez fluorescencji. Doskona\u0142y wyb\u00f3r do Twojego pier\u015bcionka.","robots":{"index":"index","follow":"follow","max-snippet":"max-snippet:-1","max-image-preview":"max-image-preview:large","max-video-preview":"max-video-preview:-1"},"canonical":"https:\/\/fashiongold.lt\/pl\/papuosalas\/107-ct-diament-barwa-g-rw-czystosc-vvs1-wspanialy-diament-o-okraglym-ksztalcie-kopia-kopia\/","og_locale":"pl_PL","og_type":"article","og_title":"Wspania\u0142y diament o szlifie okr\u0105g\u0142ym 1,01 ct G\/VVS1","og_description":"Wspania\u0142y diament o szlifie okr\u0105g\u0142ym o masie 1,01 ct, G\/VVS1 z certyfikatem HRD. Idealna jako\u015b\u0107 \u2013 3EX, bez fluorescencji. Doskona\u0142y wyb\u00f3r do Twojego pier\u015bcionka.","og_url":"https:\/\/fashiongold.lt\/pl\/papuosalas\/107-ct-diament-barwa-g-rw-czystosc-vvs1-wspanialy-diament-o-okraglym-ksztalcie-kopia-kopia\/","og_site_name":"FashionGold.lt","og_image":[{"width":513,"height":461,"url":"https:\/\/fashiongold.lt\/wp-content\/uploads\/2025\/10\/3490-9d6-050-ct-deimantas-Spalvos-F-Svarumu-SI1.webp","type":"image\/png"}],"twitter_card":"summary_large_image","schema":{"@context":"https:\/\/schema.org","@graph":[{"@type":"WebPage","@id":"https:\/\/fashiongold.lt\/pl\/papuosalas\/107-ct-diament-barwa-g-rw-czystosc-vvs1-wspanialy-diament-o-okraglym-ksztalcie-kopia-kopia\/","url":"https:\/\/fashiongold.lt\/pl\/papuosalas\/107-ct-diament-barwa-g-rw-czystosc-vvs1-wspanialy-diament-o-okraglym-ksztalcie-kopia-kopia\/","name":"Wspania\u0142y diament o szlifie okr\u0105g\u0142ym 1,01 ct G\/VVS1","isPartOf":{"@id":"https:\/\/fashiongold.lt\/pl\/#website"},"primaryImageOfPage":{"@id":"https:\/\/fashiongold.lt\/pl\/papuosalas\/107-ct-diament-barwa-g-rw-czystosc-vvs1-wspanialy-diament-o-okraglym-ksztalcie-kopia-kopia\/#primaryimage"},"image":{"@id":"https:\/\/fashiongold.lt\/pl\/papuosalas\/107-ct-diament-barwa-g-rw-czystosc-vvs1-wspanialy-diament-o-okraglym-ksztalcie-kopia-kopia\/#primaryimage"},"thumbnailUrl":"https:\/\/fashiongold.lt\/wp-content\/uploads\/2025\/10\/3490-9d6-050-ct-deimantas-Spalvos-F-Svarumu-SI1.png","datePublished":"2025-11-26T18:46:26+00:00","description":"Wspania\u0142y diament o szlifie okr\u0105g\u0142ym o masie 1,01 ct, G\/VVS1 z certyfikatem HRD. Idealna jako\u015b\u0107 \u2013 3EX, bez fluorescencji. Doskona\u0142y wyb\u00f3r do Twojego pier\u015bcionka.","breadcrumb":{"@id":"https:\/\/fashiongold.lt\/pl\/papuosalas\/107-ct-diament-barwa-g-rw-czystosc-vvs1-wspanialy-diament-o-okraglym-ksztalcie-kopia-kopia\/#breadcrumb"},"inLanguage":"pl-PL","potentialAction":[{"@type":"ReadAction","target":["https:\/\/fashiongold.lt\/pl\/papuosalas\/107-ct-diament-barwa-g-rw-czystosc-vvs1-wspanialy-diament-o-okraglym-ksztalcie-kopia-kopia\/"]}]},{"@type":"ImageObject","inLanguage":"pl-PL","@id":"https:\/\/fashiongold.lt\/pl\/papuosalas\/107-ct-diament-barwa-g-rw-czystosc-vvs1-wspanialy-diament-o-okraglym-ksztalcie-kopia-kopia\/#primaryimage","url":"https:\/\/fashiongold.lt\/wp-content\/uploads\/2025\/10\/3490-9d6-050-ct-deimantas-Spalvos-F-Svarumu-SI1.png","contentUrl":"https:\/\/fashiongold.lt\/wp-content\/uploads\/2025\/10\/3490-9d6-050-ct-deimantas-Spalvos-F-Svarumu-SI1.png","width":513,"height":461},{"@type":"BreadcrumbList","@id":"https:\/\/fashiongold.lt\/pl\/papuosalas\/107-ct-diament-barwa-g-rw-czystosc-vvs1-wspanialy-diament-o-okraglym-ksztalcie-kopia-kopia\/#breadcrumb","itemListElement":[{"@type":"ListItem","position":1,"name":"Home","item":"https:\/\/fashiongold.lt\/pl\/"},{"@type":"ListItem","position":2,"name":"Sklep z diamentami Fashiongold.lt","item":"https:\/\/fashiongold.lt\/shop-2\/"},{"@type":"ListItem","position":3,"name":"1,07 ct Diament \u2013 Barwa G (RW), Czysto\u015b\u0107 VVS1 Wspania\u0142y diament o okr\u0105g\u0142ym kszta\u0142cie (Kopia) (Kopia)"}]},{"@type":"WebSite","@id":"https:\/\/fashiongold.lt\/pl\/#website","url":"https:\/\/fashiongold.lt\/pl\/","name":"Fashion Gold","description":"Juvelyrikos namai","publisher":{"@id":"https:\/\/fashiongold.lt\/pl\/#organization"},"potentialAction":[{"@type":"SearchAction","target":{"@type":"EntryPoint","urlTemplate":"https:\/\/fashiongold.lt\/pl\/?s={search_term_string}"},"query-input":{"@type":"PropertyValueSpecification","valueRequired":true,"valueName":"search_term_string"}}],"inLanguage":"pl-PL"},{"@type":"Organization","@id":"https:\/\/fashiongold.lt\/pl\/#organization","name":"Topdiamonds Online","url":"https:\/\/fashiongold.lt\/pl\/","logo":{"@type":"ImageObject","inLanguage":"pl-PL","@id":"https:\/\/fashiongold.lt\/pl\/#\/schema\/logo\/image\/","url":"https:\/\/fashiongold.lt\/wp-content\/uploads\/2025\/04\/cropped-fashion_gold_logotipas2-scaled-1.png","contentUrl":"https:\/\/fashiongold.lt\/wp-content\/uploads\/2025\/04\/cropped-fashion_gold_logotipas2-scaled-1.png","width":2559,"height":421,"caption":"Topdiamonds Online"},"image":{"@id":"https:\/\/fashiongold.lt\/pl\/#\/schema\/logo\/image\/"}}]}},"_links":{"self":[{"href":"https:\/\/fashiongold.lt\/pl\/wp-json\/wp\/v2\/product\/272847","targetHints":{"allow":["GET"]}}],"collection":[{"href":"https:\/\/fashiongold.lt\/pl\/wp-json\/wp\/v2\/product"}],"about":[{"href":"https:\/\/fashiongold.lt\/pl\/wp-json\/wp\/v2\/types\/product"}],"version-history":[{"count":0,"href":"https:\/\/fashiongold.lt\/pl\/wp-json\/wp\/v2\/product\/272847\/revisions"}],"wp:featuredmedia":[{"embeddable":true,"href":"https:\/\/fashiongold.lt\/pl\/wp-json\/wp\/v2\/media\/67828"}],"wp:attachment":[{"href":"https:\/\/fashiongold.lt\/pl\/wp-json\/wp\/v2\/media?parent=272847"}],"wp:term":[{"taxonomy":"product_brand","embeddable":true,"href":"https:\/\/fashiongold.lt\/pl\/wp-json\/wp\/v2\/product_brand?post=272847"},{"taxonomy":"product_cat","embeddable":true,"href":"https:\/\/fashiongold.lt\/pl\/wp-json\/wp\/v2\/product_cat?post=272847"},{"taxonomy":"product_tag","embeddable":true,"href":"https:\/\/fashiongold.lt\/pl\/wp-json\/wp\/v2\/product_tag?post=272847"}],"curies":[{"name":"wp","href":"https:\/\/api.w.org\/{rel}","templated":true}]}}