{"id":272899,"date":"2025-10-24T00:55:45","date_gmt":"2025-10-24T00:55:45","guid":{"rendered":"https:\/\/fashiongold.lt\/papuosalas\/klasyczna-zawieszka-z-perla-morska-i-diamentami-south-sea-115-mm-025-ct\/"},"modified":"2025-10-24T00:55:45","modified_gmt":"2025-10-24T00:55:45","slug":"klasyczna-zawieszka-z-perla-morska-i-diamentami-south-sea-115-mm-025-ct","status":"publish","type":"product","link":"https:\/\/fashiongold.lt\/pl\/papuosalas\/klasyczna-zawieszka-z-perla-morska-i-diamentami-south-sea-115-mm-025-ct\/","title":{"rendered":"Klasyczna zawieszka z per\u0142\u0105 morsk\u0105 i diamentami (South Sea, 11,5 mm, 0,25 ct)"},"content":{"rendered":"<p>Wyprodukowano w Niemczech z wysokiej jako\u015bci kamieni szlachetnych. Doskona\u0142y wyb\u00f3r dla stylowej kobiety. Per\u0142a emanuje harmoni\u0105 i spokojem w sercu. Ju\u017c w staro\u017cytno\u015bci per\u0142y reprezentowa\u0142y pi\u0119kno, niewinno\u015b\u0107 i zmys\u0142owo\u015b\u0107, a wielu wierzy\u0142o, \u017ce mog\u0105 one przyci\u0105ga\u0107 szcz\u0119\u015bcie oraz dobrobyt finansowy w\u0142a\u015bcicielowi. Per\u0142a jest odpowiednia dla \u2013 Raka, Wodnika i Ryb. Zawieszka mo\u017ce by\u0107 wykonana na zam\u00f3wienie: z czerwonego, \u017c\u00f3\u0142tego oraz bia\u0142ego z\u0142ota.<span lang=\"LT\"><o:p><\/o:p><\/span><\/p>\n<p>\u2022 Z\u0142oto zawieszki: 18 karat\u00f3w (pr\u00f3ba 750)\u00a0 \u00a0<\/p>\n<p>\u2022 Kolor zawieszki: bia\u0142e z\u0142oto\u00a0 \u00a0 \u00a0 \u00a0<\/p>\n<p>\u2022 Waga zawieszki: oko\u0142o 0,80 &#8211; 1,00 g\u00a0 \u00a0 \u00a0<\/p>\n<p>\u2022 Typ diamentu: Naturalny diament\u00a0 \u00a0<\/p>\n<p>\u2022 Kszta\u0142t diamentu: Okr\u0105g\u0142y kszta\u0142t (Round shape)\u00a0 \u00a0<\/p>\n<p>\u2022 Charakterystyka diamentu: 0,25 ct, kolor G-H (RW-W); czysto\u015b\u0107 SI\u00a0 \u00a0<\/p>\n<p>\u2022 Typ per\u0142y: PER\u0141Y SOUTH SEA (ang. \u201eSaltwater South Sea Pearls\u201d)<\/p>\n<p>\u2022 Kszta\u0142t per\u0142y: Okr\u0105g\u0142y kszta\u0142t (Round cut)\u00a0 \u00a0 \u00a0 \u00a0<\/p>\n<p>\u2022 Charakterystyka per\u0142y: 11.5 mm, AA (wysoka jako\u015b\u0107)\u00a0 \u00a0<\/p>\n<p>\u2022 Certyfikat: Litewski Urz\u0105d Probierczy (LPR)\u00a0 \u00a0 \u00a0<\/p>\n<p>\u2022 Wymiary zawieszki: h: 19.0 mm, w: 3.3 mm\u00a0\u00a0<\/p>\n<p>\u2022 Grawerowanie gratis\u00a0 \u00a0\u00a0\u00a0<\/p>\n<p>\u2022 Termin produkcji i dostawy od 21 dni roboczych, w trybie pilnym w ci\u0105gu 3 dni roboczych.\u00a0 \u00a0<\/p>\n<p><strong>Masz w\u0142asne z\u0142oto, kamienie szlachetne? Skontaktuj si\u0119 z nami, przeliczymy cen\u0119 \u2013 zap\u0142acisz tylko za wykonanie kolczyk\u00f3w.<\/strong><\/p>\n","protected":false},"excerpt":{"rendered":"<p>Klasyczny wisiorek z per\u0142\u0105 morsk\u0105 11,5 mm i diamentami. Uwiecznij chwil\u0119 z tym wyj\u0105tkowym wisiorkiem. Doskona\u0142y prezent na co dzie\u0144 i na wyj\u0105tkowe okazje, dla wyj\u0105tkowego stylu.\u00a0<\/p>\n","protected":false},"featured_media":251644,"template":"","meta":{"site-sidebar-layout":"","site-content-layout":"","ast-site-content-layout":"","site-content-style":"","site-sidebar-style":"","ast-global-header-display":"","ast-banner-title-visibility":"","ast-main-header-display":"","ast-hfb-above-header-display":"","ast-hfb-below-header-display":"","ast-hfb-mobile-header-display":"","site-post-title":"","ast-breadcrumbs-content":"","ast-featured-img":"","footer-sml-layout":"","ast-disable-related-posts":"","theme-transparent-header-meta":"","adv-header-id-meta":"","stick-header-meta":"","header-above-stick-meta":"","header-main-stick-meta":"","header-below-stick-meta":"","astra-migrate-meta-layouts":"default","ast-page-background-enabled":"default","ast-page-background-meta":{"desktop":{"background-color":"var(--ast-global-color-4)","background-image":"","background-repeat":"repeat","background-position":"center center","background-size":"auto","background-attachment":"scroll","background-type":"","background-media":"","overlay-type":"","overlay-color":"","overlay-opacity":"","overlay-gradient":""},"tablet":{"background-color":"","background-image":"","background-repeat":"repeat","background-position":"center center","background-size":"auto","background-attachment":"scroll","background-type":"","background-media":"","overlay-type":"","overlay-color":"","overlay-opacity":"","overlay-gradient":""},"mobile":{"background-color":"","background-image":"","background-repeat":"repeat","background-position":"center center","background-size":"auto","background-attachment":"scroll","background-type":"","background-media":"","overlay-type":"","overlay-color":"","overlay-opacity":"","overlay-gradient":""}},"ast-content-background-meta":{"desktop":{"background-color":"var(--ast-global-color-5)","background-image":"","background-repeat":"repeat","background-position":"center center","background-size":"auto","background-attachment":"scroll","background-type":"","background-media":"","overlay-type":"","overlay-color":"","overlay-opacity":"","overlay-gradient":""},"tablet":{"background-color":"var(--ast-global-color-5)","background-image":"","background-repeat":"repeat","background-position":"center center","background-size":"auto","background-attachment":"scroll","background-type":"","background-media":"","overlay-type":"","overlay-color":"","overlay-opacity":"","overlay-gradient":""},"mobile":{"background-color":"var(--ast-global-color-5)","background-image":"","background-repeat":"repeat","background-position":"center center","background-size":"auto","background-attachment":"scroll","background-type":"","background-media":"","overlay-type":"","overlay-color":"","overlay-opacity":"","overlay-gradient":""}}},"product_brand":[],"product_cat":[3044,2858,2861,2976,3166,2853,3165,2875,2876,2860,2857,2854,2855,3169,2859,2852,3051],"product_tag":[],"class_list":{"0":"post-272899","1":"product","2":"type-product","3":"status-publish","4":"has-post-thumbnail","6":"product_cat-bizuteria","7":"product_cat-bizuteria-z-bialego-zlota","8":"product_cat-bizuteria-z-zoltego-zlota","9":"product_cat-perly-bizuteria-z-perlami","10":"product_cat-prezent-z-okazji-pierwszej-komunii-swietej","11":"product_cat-prezenty-dla-kobiet","12":"product_cat-prezenty-na-chrzest","13":"product_cat-prezenty-na-dzien-matki","14":"product_cat-prezenty-na-walentynki","15":"product_cat-prezenty-na-wyjatkowe-okazje","16":"product_cat-prezenty-swiateczne","17":"product_cat-prezenty-z-okazji-narodzin-dziecka","18":"product_cat-prezenty-z-okazji-rocznicy-slubu","19":"product_cat-prezenty-z-okazji-slubu","20":"product_cat-prezenty-z-okazji-ukonczenia-szkoly","21":"product_cat-prezenty-z-okazji-urodzin","22":"product_cat-zawieszki-z-diamentami","23":"desktop-align-center","24":"tablet-align-left","25":"mobile-align-left","26":"ast-product-gallery-layout-horizontal-slider","27":"ast-product-gallery-with-no-image","28":"ast-product-tabs-layout-accordion","29":"ast-qv-on-image","31":"first","32":"instock","33":"taxable","34":"shipping-taxable","35":"purchasable","36":"product-type-simple"},"yoast_head":"<!-- This site is optimized with the Yoast SEO plugin v26.6 - https:\/\/yoast.com\/wordpress\/plugins\/seo\/ -->\n<title>Klasyczny wisiorek z per\u0142\u0105 morsk\u0105 11,5 mm i diamentami<\/title>\n<meta name=\"description\" content=\"Klasyczna zawieszka z per\u0142\u0105 morsk\u0105 11,5 mm i diamentami. Doskona\u0142y prezent na co dzie\u0144 i na specjalne okazje, dla wyj\u0105tkowego stylu.\" \/>\n<meta name=\"robots\" content=\"index, follow, max-snippet:-1, max-image-preview:large, max-video-preview:-1\" \/>\n<link rel=\"canonical\" href=\"https:\/\/fashiongold.lt\/pl\/papuosalas\/klasyczna-zawieszka-z-perla-morska-i-diamentami-south-sea-115-mm-025-ct\/\" \/>\n<meta property=\"og:locale\" content=\"pl_PL\" \/>\n<meta property=\"og:type\" content=\"article\" \/>\n<meta property=\"og:title\" content=\"Klasyczny wisiorek z per\u0142\u0105 morsk\u0105 11,5 mm i diamentami\" \/>\n<meta property=\"og:description\" content=\"Klasyczna zawieszka z per\u0142\u0105 morsk\u0105 11,5 mm i diamentami. Doskona\u0142y prezent na co dzie\u0144 i na specjalne okazje, dla wyj\u0105tkowego stylu.\" \/>\n<meta property=\"og:url\" content=\"https:\/\/fashiongold.lt\/pl\/papuosalas\/klasyczna-zawieszka-z-perla-morska-i-diamentami-south-sea-115-mm-025-ct\/\" \/>\n<meta property=\"og:site_name\" content=\"FashionGold.lt\" \/>\n<meta property=\"og:image\" content=\"https:\/\/fashiongold.lt\/wp-content\/uploads\/2025\/10\/12059-60b-Klasikinis-pakabukas-su-juriniu-perlu-ir-deimantais-South-Sea-11.5-mm-0.25-ct.webp\" \/>\n\t<meta property=\"og:image:width\" content=\"1000\" \/>\n\t<meta property=\"og:image:height\" content=\"1000\" \/>\n\t<meta property=\"og:image:type\" content=\"image\/png\" \/>\n<meta name=\"twitter:card\" content=\"summary_large_image\" \/>\n<meta name=\"twitter:label1\" content=\"Szacowany czas czytania\" \/>\n\t<meta name=\"twitter:data1\" content=\"1 minuta\" \/>\n<script type=\"application\/ld+json\" class=\"yoast-schema-graph\">{\"@context\":\"https:\/\/schema.org\",\"@graph\":[{\"@type\":\"WebPage\",\"@id\":\"https:\/\/fashiongold.lt\/pl\/papuosalas\/klasyczna-zawieszka-z-perla-morska-i-diamentami-south-sea-115-mm-025-ct\/\",\"url\":\"https:\/\/fashiongold.lt\/pl\/papuosalas\/klasyczna-zawieszka-z-perla-morska-i-diamentami-south-sea-115-mm-025-ct\/\",\"name\":\"Klasyczny wisiorek z per\u0142\u0105 morsk\u0105 11,5 mm i diamentami\",\"isPartOf\":{\"@id\":\"https:\/\/fashiongold.lt\/pl\/#website\"},\"primaryImageOfPage\":{\"@id\":\"https:\/\/fashiongold.lt\/pl\/papuosalas\/klasyczna-zawieszka-z-perla-morska-i-diamentami-south-sea-115-mm-025-ct\/#primaryimage\"},\"image\":{\"@id\":\"https:\/\/fashiongold.lt\/pl\/papuosalas\/klasyczna-zawieszka-z-perla-morska-i-diamentami-south-sea-115-mm-025-ct\/#primaryimage\"},\"thumbnailUrl\":\"https:\/\/fashiongold.lt\/wp-content\/uploads\/2025\/10\/12059-60b-Klasikinis-pakabukas-su-juriniu-perlu-ir-deimantais-South-Sea-11.5-mm-0.25-ct.png\",\"datePublished\":\"2025-10-24T00:55:45+00:00\",\"description\":\"Klasyczna zawieszka z per\u0142\u0105 morsk\u0105 11,5 mm i diamentami. Doskona\u0142y prezent na co dzie\u0144 i na specjalne okazje, dla wyj\u0105tkowego stylu.\",\"breadcrumb\":{\"@id\":\"https:\/\/fashiongold.lt\/pl\/papuosalas\/klasyczna-zawieszka-z-perla-morska-i-diamentami-south-sea-115-mm-025-ct\/#breadcrumb\"},\"inLanguage\":\"pl-PL\",\"potentialAction\":[{\"@type\":\"ReadAction\",\"target\":[\"https:\/\/fashiongold.lt\/pl\/papuosalas\/klasyczna-zawieszka-z-perla-morska-i-diamentami-south-sea-115-mm-025-ct\/\"]}]},{\"@type\":\"ImageObject\",\"inLanguage\":\"pl-PL\",\"@id\":\"https:\/\/fashiongold.lt\/pl\/papuosalas\/klasyczna-zawieszka-z-perla-morska-i-diamentami-south-sea-115-mm-025-ct\/#primaryimage\",\"url\":\"https:\/\/fashiongold.lt\/wp-content\/uploads\/2025\/10\/12059-60b-Klasikinis-pakabukas-su-juriniu-perlu-ir-deimantais-South-Sea-11.5-mm-0.25-ct.png\",\"contentUrl\":\"https:\/\/fashiongold.lt\/wp-content\/uploads\/2025\/10\/12059-60b-Klasikinis-pakabukas-su-juriniu-perlu-ir-deimantais-South-Sea-11.5-mm-0.25-ct.png\",\"width\":1000,\"height\":1000},{\"@type\":\"BreadcrumbList\",\"@id\":\"https:\/\/fashiongold.lt\/pl\/papuosalas\/klasyczna-zawieszka-z-perla-morska-i-diamentami-south-sea-115-mm-025-ct\/#breadcrumb\",\"itemListElement\":[{\"@type\":\"ListItem\",\"position\":1,\"name\":\"Home\",\"item\":\"https:\/\/fashiongold.lt\/pl\/\"},{\"@type\":\"ListItem\",\"position\":2,\"name\":\"Sklep z diamentami Fashiongold.lt\",\"item\":\"https:\/\/fashiongold.lt\/shop-2\/\"},{\"@type\":\"ListItem\",\"position\":3,\"name\":\"Klasyczna zawieszka z per\u0142\u0105 morsk\u0105 i diamentami (South Sea, 11,5 mm, 0,25 ct)\"}]},{\"@type\":\"WebSite\",\"@id\":\"https:\/\/fashiongold.lt\/pl\/#website\",\"url\":\"https:\/\/fashiongold.lt\/pl\/\",\"name\":\"Fashion Gold\",\"description\":\"Juvelyrikos namai\",\"publisher\":{\"@id\":\"https:\/\/fashiongold.lt\/pl\/#organization\"},\"potentialAction\":[{\"@type\":\"SearchAction\",\"target\":{\"@type\":\"EntryPoint\",\"urlTemplate\":\"https:\/\/fashiongold.lt\/pl\/?s={search_term_string}\"},\"query-input\":{\"@type\":\"PropertyValueSpecification\",\"valueRequired\":true,\"valueName\":\"search_term_string\"}}],\"inLanguage\":\"pl-PL\"},{\"@type\":\"Organization\",\"@id\":\"https:\/\/fashiongold.lt\/pl\/#organization\",\"name\":\"Topdiamonds Online\",\"url\":\"https:\/\/fashiongold.lt\/pl\/\",\"logo\":{\"@type\":\"ImageObject\",\"inLanguage\":\"pl-PL\",\"@id\":\"https:\/\/fashiongold.lt\/pl\/#\/schema\/logo\/image\/\",\"url\":\"https:\/\/fashiongold.lt\/wp-content\/uploads\/2025\/04\/cropped-fashion_gold_logotipas2-scaled-1.png\",\"contentUrl\":\"https:\/\/fashiongold.lt\/wp-content\/uploads\/2025\/04\/cropped-fashion_gold_logotipas2-scaled-1.png\",\"width\":2559,\"height\":421,\"caption\":\"Topdiamonds Online\"},\"image\":{\"@id\":\"https:\/\/fashiongold.lt\/pl\/#\/schema\/logo\/image\/\"}}]}<\/script>\n<!-- \/ Yoast SEO plugin. -->","yoast_head_json":{"title":"Klasyczny wisiorek z per\u0142\u0105 morsk\u0105 11,5 mm i diamentami","description":"Klasyczna zawieszka z per\u0142\u0105 morsk\u0105 11,5 mm i diamentami. Doskona\u0142y prezent na co dzie\u0144 i na specjalne okazje, dla wyj\u0105tkowego stylu.","robots":{"index":"index","follow":"follow","max-snippet":"max-snippet:-1","max-image-preview":"max-image-preview:large","max-video-preview":"max-video-preview:-1"},"canonical":"https:\/\/fashiongold.lt\/pl\/papuosalas\/klasyczna-zawieszka-z-perla-morska-i-diamentami-south-sea-115-mm-025-ct\/","og_locale":"pl_PL","og_type":"article","og_title":"Klasyczny wisiorek z per\u0142\u0105 morsk\u0105 11,5 mm i diamentami","og_description":"Klasyczna zawieszka z per\u0142\u0105 morsk\u0105 11,5 mm i diamentami. Doskona\u0142y prezent na co dzie\u0144 i na specjalne okazje, dla wyj\u0105tkowego stylu.","og_url":"https:\/\/fashiongold.lt\/pl\/papuosalas\/klasyczna-zawieszka-z-perla-morska-i-diamentami-south-sea-115-mm-025-ct\/","og_site_name":"FashionGold.lt","og_image":[{"width":1000,"height":1000,"url":"https:\/\/fashiongold.lt\/wp-content\/uploads\/2025\/10\/12059-60b-Klasikinis-pakabukas-su-juriniu-perlu-ir-deimantais-South-Sea-11.5-mm-0.25-ct.webp","type":"image\/png"}],"twitter_card":"summary_large_image","twitter_misc":{"Szacowany czas czytania":"1 minuta"},"schema":{"@context":"https:\/\/schema.org","@graph":[{"@type":"WebPage","@id":"https:\/\/fashiongold.lt\/pl\/papuosalas\/klasyczna-zawieszka-z-perla-morska-i-diamentami-south-sea-115-mm-025-ct\/","url":"https:\/\/fashiongold.lt\/pl\/papuosalas\/klasyczna-zawieszka-z-perla-morska-i-diamentami-south-sea-115-mm-025-ct\/","name":"Klasyczny wisiorek z per\u0142\u0105 morsk\u0105 11,5 mm i diamentami","isPartOf":{"@id":"https:\/\/fashiongold.lt\/pl\/#website"},"primaryImageOfPage":{"@id":"https:\/\/fashiongold.lt\/pl\/papuosalas\/klasyczna-zawieszka-z-perla-morska-i-diamentami-south-sea-115-mm-025-ct\/#primaryimage"},"image":{"@id":"https:\/\/fashiongold.lt\/pl\/papuosalas\/klasyczna-zawieszka-z-perla-morska-i-diamentami-south-sea-115-mm-025-ct\/#primaryimage"},"thumbnailUrl":"https:\/\/fashiongold.lt\/wp-content\/uploads\/2025\/10\/12059-60b-Klasikinis-pakabukas-su-juriniu-perlu-ir-deimantais-South-Sea-11.5-mm-0.25-ct.png","datePublished":"2025-10-24T00:55:45+00:00","description":"Klasyczna zawieszka z per\u0142\u0105 morsk\u0105 11,5 mm i diamentami. Doskona\u0142y prezent na co dzie\u0144 i na specjalne okazje, dla wyj\u0105tkowego stylu.","breadcrumb":{"@id":"https:\/\/fashiongold.lt\/pl\/papuosalas\/klasyczna-zawieszka-z-perla-morska-i-diamentami-south-sea-115-mm-025-ct\/#breadcrumb"},"inLanguage":"pl-PL","potentialAction":[{"@type":"ReadAction","target":["https:\/\/fashiongold.lt\/pl\/papuosalas\/klasyczna-zawieszka-z-perla-morska-i-diamentami-south-sea-115-mm-025-ct\/"]}]},{"@type":"ImageObject","inLanguage":"pl-PL","@id":"https:\/\/fashiongold.lt\/pl\/papuosalas\/klasyczna-zawieszka-z-perla-morska-i-diamentami-south-sea-115-mm-025-ct\/#primaryimage","url":"https:\/\/fashiongold.lt\/wp-content\/uploads\/2025\/10\/12059-60b-Klasikinis-pakabukas-su-juriniu-perlu-ir-deimantais-South-Sea-11.5-mm-0.25-ct.png","contentUrl":"https:\/\/fashiongold.lt\/wp-content\/uploads\/2025\/10\/12059-60b-Klasikinis-pakabukas-su-juriniu-perlu-ir-deimantais-South-Sea-11.5-mm-0.25-ct.png","width":1000,"height":1000},{"@type":"BreadcrumbList","@id":"https:\/\/fashiongold.lt\/pl\/papuosalas\/klasyczna-zawieszka-z-perla-morska-i-diamentami-south-sea-115-mm-025-ct\/#breadcrumb","itemListElement":[{"@type":"ListItem","position":1,"name":"Home","item":"https:\/\/fashiongold.lt\/pl\/"},{"@type":"ListItem","position":2,"name":"Sklep z diamentami Fashiongold.lt","item":"https:\/\/fashiongold.lt\/shop-2\/"},{"@type":"ListItem","position":3,"name":"Klasyczna zawieszka z per\u0142\u0105 morsk\u0105 i diamentami (South Sea, 11,5 mm, 0,25 ct)"}]},{"@type":"WebSite","@id":"https:\/\/fashiongold.lt\/pl\/#website","url":"https:\/\/fashiongold.lt\/pl\/","name":"Fashion Gold","description":"Juvelyrikos namai","publisher":{"@id":"https:\/\/fashiongold.lt\/pl\/#organization"},"potentialAction":[{"@type":"SearchAction","target":{"@type":"EntryPoint","urlTemplate":"https:\/\/fashiongold.lt\/pl\/?s={search_term_string}"},"query-input":{"@type":"PropertyValueSpecification","valueRequired":true,"valueName":"search_term_string"}}],"inLanguage":"pl-PL"},{"@type":"Organization","@id":"https:\/\/fashiongold.lt\/pl\/#organization","name":"Topdiamonds Online","url":"https:\/\/fashiongold.lt\/pl\/","logo":{"@type":"ImageObject","inLanguage":"pl-PL","@id":"https:\/\/fashiongold.lt\/pl\/#\/schema\/logo\/image\/","url":"https:\/\/fashiongold.lt\/wp-content\/uploads\/2025\/04\/cropped-fashion_gold_logotipas2-scaled-1.png","contentUrl":"https:\/\/fashiongold.lt\/wp-content\/uploads\/2025\/04\/cropped-fashion_gold_logotipas2-scaled-1.png","width":2559,"height":421,"caption":"Topdiamonds Online"},"image":{"@id":"https:\/\/fashiongold.lt\/pl\/#\/schema\/logo\/image\/"}}]}},"_links":{"self":[{"href":"https:\/\/fashiongold.lt\/pl\/wp-json\/wp\/v2\/product\/272899","targetHints":{"allow":["GET"]}}],"collection":[{"href":"https:\/\/fashiongold.lt\/pl\/wp-json\/wp\/v2\/product"}],"about":[{"href":"https:\/\/fashiongold.lt\/pl\/wp-json\/wp\/v2\/types\/product"}],"version-history":[{"count":0,"href":"https:\/\/fashiongold.lt\/pl\/wp-json\/wp\/v2\/product\/272899\/revisions"}],"wp:featuredmedia":[{"embeddable":true,"href":"https:\/\/fashiongold.lt\/pl\/wp-json\/wp\/v2\/media\/251644"}],"wp:attachment":[{"href":"https:\/\/fashiongold.lt\/pl\/wp-json\/wp\/v2\/media?parent=272899"}],"wp:term":[{"taxonomy":"product_brand","embeddable":true,"href":"https:\/\/fashiongold.lt\/pl\/wp-json\/wp\/v2\/product_brand?post=272899"},{"taxonomy":"product_cat","embeddable":true,"href":"https:\/\/fashiongold.lt\/pl\/wp-json\/wp\/v2\/product_cat?post=272899"},{"taxonomy":"product_tag","embeddable":true,"href":"https:\/\/fashiongold.lt\/pl\/wp-json\/wp\/v2\/product_tag?post=272899"}],"curies":[{"name":"wp","href":"https:\/\/api.w.org\/{rel}","templated":true}]}}