{"id":272946,"date":"2025-12-28T07:13:46","date_gmt":"2025-12-28T07:13:46","guid":{"rendered":"https:\/\/fashiongold.lt\/papuosalas\/turmalin-pierscionek-z-turmalinem-mint-ai-jubiler\/"},"modified":"2025-12-28T07:13:46","modified_gmt":"2025-12-28T07:13:46","slug":"turmalin-pierscionek-z-turmalinem-mint-ai-jubiler","status":"publish","type":"product","link":"https:\/\/fashiongold.lt\/pl\/papuosalas\/turmalin-pierscionek-z-turmalinem-mint-ai-jubiler\/","title":{"rendered":"Turmalin &#8211; Pier\u015bcionek z turmalinem Mint. AI Jubiler"},"content":{"rendered":"<h2 data-start=\"295\" data-end=\"371\">AI Jubiler: Nowoczesny pier\u015bcionek z turmalinem w kolorze mi\u0119towym \u2013 produkcja wed\u0142ug indywidualnego projektu<\/h2>\n<p data-start=\"303\" data-end=\"1009\">Ten nowoczesny pier\u015bcionek z turmalinem w kolorze mi\u0119towym z bia\u0142ego z\u0142ota to indywidualny projekt stworzony i wykonany przez jubilera, w kt\u00f3rym g\u0142\u00f3wny nacisk po\u0142o\u017cono na wyj\u0105tkowy, \u015bwie\u017cy turmalin w kolorze mi\u0119towym, charakteryzuj\u0105cy si\u0119 jasnym zielonkawym, niebiesko-zielonym odcieniem, wyj\u0105tkow\u0105 przejrzysto\u015bci\u0105 i subteln\u0105 gr\u0105 \u015bwiat\u0142a. Nie jest to produkt seryjny, lecz prawdziwa produkcja jubilerska, zaczynaj\u0105ca si\u0119 od pomys\u0142u, a ko\u0144cz\u0105ca na r\u0119cznie wykonanym, unikalnym pier\u015bcionku. Jubiler wykonuje nie tylko pier\u015bcionki, ale tak\u017ce kolczyki i inn\u0105 bi\u017cuteri\u0119 na indywidualne zam\u00f3wienie, podkre\u015blaj\u0105c ich jako\u015b\u0107, estetyk\u0119 i trwa\u0142o\u015b\u0107. Wi\u0119cej o turmalinie mi\u0119towym, niuansach jego odcieni i w\u0142a\u015bciwo\u015bciach mo\u017cna dowiedzie\u0107 si\u0119 <a href=\"https:\/\/fashiongold.lt\/pl\/turmalin-tajemniczy-wielobarwny-kamien-szlachetny\/\">tutaj<\/a>.<\/p>\n<p data-start=\"1011\" data-end=\"1742\">Projektuj\u0105c nowoczesny pier\u015bcionek z turmalinem mi\u0119towym, jubiler najpierw ocenia sam kamie\u0144 \u2013 jego przejrzysto\u015b\u0107, czysto\u015b\u0107 koloru i \u015bwie\u017cy odcie\u0144, kt\u00f3ry mo\u017ce waha\u0107 si\u0119 od delikatnej mi\u0119towej zieleni po niebiesko-zielony, pastelowy kolor. W tym modelu turmalin w kolorze mi\u0119towym jest subtelnie osadzony w obr\u0105czce z bia\u0142ego z\u0142ota, tworz\u0105c czysty, minimalistyczny i niezwykle nowoczesny design. Ca\u0142y projekt pier\u015bcionka jest formowany na podstawie konkretnego okazu turmalinu mi\u0119towego: grubo\u015b\u0107 z\u0142otej oprawy, proporcje kamienia oraz czyste, architektoniczne linie pier\u015bcionka. Ka\u017cdy pier\u015bcionek wymaga niezwykle starannej i profesjonalnej pracy, co pozwala osi\u0105gn\u0105\u0107 idealn\u0105 r\u00f3wnowag\u0119 mi\u0119dzy estetyk\u0105, komfortem a trwa\u0142o\u015bci\u0105.<\/p>\n<p data-start=\"1744\" data-end=\"1885\">Nowoczesny pier\u015bcionek z turmalinem w kolorze mi\u0119towym, osadzonym w obr\u0105czce z bia\u0142ego z\u0142ota, jest wykonywany na indywidualne zam\u00f3wienie, dlatego mo\u017cemy dostosowa\u0107:<\/p>\n<ul>\n<li>dowolny <a href=\"https:\/\/fashiongold.lt\/pl\/patarimai-pl\/kolor-zlota-co-warto-wiedziec-o-roznych-odcieniach-i-ich-wlasciwosciach\/\" target=\"_self\" rel=\"noopener noreferrer\">kolor z\u0142ota<\/a> (bia\u0142e, \u017c\u00f3\u0142te lub czerwone),<\/li>\n<li><a href=\"https:\/\/fashiongold.lt\/pl\/patarimai-pl\/proba-zlota-w-bizuterii-jak-wybrac-odpowiednia\/\" target=\"_self\" rel=\"noopener noreferrer\">wybran\u0105 pr\u00f3b\u0119 z\u0142ota 585 lub 750<\/a>,<\/li>\n<li>r\u00f3\u017cn\u0105 wielko\u015b\u0107 i rozmieszczenie diament\u00f3w,<\/li>\n<li data-start=\"1302\" data-end=\"1414\">\n<p data-start=\"1304\" data-end=\"1414\">indywidualny odcie\u0144 turmalinu mi\u0119towego \u2013 od bardzo delikatnego pastelowego po bardziej nasycony niebiesko-zielony kolor.<\/p>\n<\/li>\n<\/ul>\n<p data-start=\"2182\" data-end=\"2350\">Wybieraj\u0105c nowoczesny pier\u015bcionek z turmalinem w kolorze mi\u0119towym wed\u0142ug indywidualnego projektu, najwa\u017cniejsze jest to, co odpowiada Twojej osobowo\u015bci, nowoczesnemu stylowi i stylowi \u017cycia.<\/p>\n<p data-start=\"2352\" data-end=\"2817\">W tym modelu zrezygnowano z oprawy typu halo czy diament\u00f3w \u2013 ca\u0142a uwaga skupia si\u0119 na samym turmalinie mi\u0119towym. Czyste linie bia\u0142ego z\u0142ota subtelnie podkre\u015blaj\u0105 jasny, \u015bwie\u017cy kolor kamienia i jego naturalny blask, a osadzony kamie\u0144 nadaje pier\u015bcionkowi nowoczesny, minimalistyczny i architektoniczny charakter. Turmalin w kolorze mi\u0119towym staje si\u0119 w tym projekcie g\u0142\u00f3wnym i jedynym akcentem wizualnym, cenionym za swoj\u0105 \u015bwie\u017co\u015b\u0107, lekko\u015b\u0107 i ponadczasow\u0105 estetyk\u0119.<\/p>\n<p>Wszystkie pier\u015bcionki z turmalinem mi\u0119towym oraz <a href=\"https:\/\/fashiongold.lt\/pl\/kategorija\/kolczyki-okazyjne\/\" target=\"_self\" rel=\"noopener noreferrer\">inna bi\u017cuteria<\/a> s\u0105 produkowane na Litwie i posiadaj\u0105 certyfikaty Litewskiej Izby Probierczej.<\/p>\n<p>Jest to <a href=\"https:\/\/fashiongold.lt\/pl\/patarimai-pl\/jubiler-kiedy-twoje-marzenie-przybiera-forme-zlota\/\" target=\"_self\" rel=\"noopener noreferrer\">produkcja jubilerska wed\u0142ug indywidualnego projektu<\/a>, przeznaczona dla tych, kt\u00f3rzy szukaj\u0105 nie tylko pier\u015bcionka, ale tak\u017ce jasnej, nowoczesnej osobistej historii stworzonej z bia\u0142ego z\u0142ota i wyj\u0105tkowego turmalinu mi\u0119towego. Ka\u017cdy taki pier\u015bcionek jest unikatowy, dopasowany w\u0142a\u015bnie do Ciebie i wybranego przez Ciebie kamienia szlachetnego. Minimalistyczny design pozwala temu pier\u015bcionkowi sta\u0107 si\u0119 subtelnym, ale wyj\u0105tkowym codziennym akcentem stylizacji o trwa\u0142ej warto\u015bci.<\/p>\n<h4>Nasze us\u0142ugi<\/h4>\n<p>Oferujemy <a href=\"https:\/\/fashiongold.lt\/pl\/kategorija\/produkcja-bizuterii\/\" target=\"_self\" rel=\"noopener noreferrer\">indywidualne projektowanie, gdzie ka\u017cdy element bi\u017cuterii powstaje zgodnie z Twoimi pomys\u0142ami i wizj\u0105<\/a>. Wykonujemy r\u00f3wnie\u017c renowacj\u0119, aby Twoja cenna bi\u017cuteria zn\u00f3w l\u015bni\u0142a jak nowa. Ka\u017cde nasze dzie\u0142o to nie tylko bi\u017cuteria, ale tak\u017ce odzwierciedlenie Twojej osobowo\u015bci. Ka\u017cda nasza praca jest dowodem na to, \u017ce jako\u015b\u0107 i kreatywno\u015b\u0107 mog\u0105 i\u015b\u0107 w parze.<\/p>\n<h4>Otwarto\u015b\u0107 i Gwarancja<\/h4>\n<p>Naszym podej\u015bciem jest otwarto\u015b\u0107 i szczera komunikacja z ka\u017cdym klientem. Od pierwszej konsultacji po ko\u0144cowy odbi\u00f3r bi\u017cuterii jeste\u015bmy obok, aby pom\u00f3c we wszystkich kwestiach. Udzielamy 5-letniej gwarancji jako\u015bci na wszystkie nasze wyroby, dzi\u0119ki czemu mo\u017cesz by\u0107 pewien ich niezawodno\u015bci i trwa\u0142o\u015bci. Nasza gwarancja obejmuje wszystkie aspekty jako\u015bci wykonania, aby\u015b m\u00f3g\u0142 cieszy\u0107 si\u0119 bi\u017cuteri\u0105 bez obaw przez wiele lat. Dbamy o to, aby ka\u017cdy nasz klient czu\u0142 si\u0119 pewnie i wiedzia\u0142, \u017ce nasza bi\u017cuteria jest godna zaufania.<\/p>\n<h4>Zam\u00f3wienia i konsultacje<\/h4>\n<p>Je\u015bli chcesz zam\u00f3wi\u0107 indywidualn\u0105 bi\u017cuteri\u0119 lub skonsultowa\u0107 swoje pomys\u0142y, nasz zesp\u00f3\u0142 jest zawsze gotowy do pomocy. Podczas konsultacji omawiamy Twoj\u0105 wizj\u0119, preferencje i proponujemy najlepsze rozwi\u0105zania, aby\u015bmy mogli wykona\u0107 bi\u017cuteri\u0119 spe\u0142niaj\u0105c\u0105 Twoje oczekiwania. Ka\u017cdemu zam\u00f3wieniu po\u015bwi\u0119camy szczeg\u00f3ln\u0105 uwag\u0119, dlatego mo\u017cemy zaproponowa\u0107 indywidualne rozwi\u0105zania zar\u00f3wno dla pier\u015bcionk\u00f3w zar\u0119czynowych, jak i innej bi\u017cuterii. Produkcja bi\u017cuterii trwa zazwyczaj oko\u0142o 5 tygodni, ale zawsze staramy si\u0119, aby Twoja bi\u017cuteria zosta\u0142a wykonana jak najszybciej. Skontaktuj si\u0119 z nami \u2013 wsp\u00f3lnie stworzymy bi\u017cuteri\u0119, kt\u00f3ra stanie si\u0119 cz\u0119\u015bci\u0105 Twojej historii.<\/p>\n","protected":false},"excerpt":{"rendered":"<p>AI Jubiler: Nowoczesny pier\u015bcionek z turmalinem w kolorze mi\u0119towym \u2013 produkcja wed\u0142ug indywidualnego projektu Ten nowoczesny pier\u015bcionek z turmalinem w [&hellip;]<\/p>\n","protected":false},"featured_media":265480,"template":"","meta":{"site-sidebar-layout":"default","site-content-layout":"","ast-site-content-layout":"default","site-content-style":"default","site-sidebar-style":"default","ast-global-header-display":"","ast-banner-title-visibility":"","ast-main-header-display":"","ast-hfb-above-header-display":"","ast-hfb-below-header-display":"","ast-hfb-mobile-header-display":"","site-post-title":"","ast-breadcrumbs-content":"","ast-featured-img":"","footer-sml-layout":"","ast-disable-related-posts":"","theme-transparent-header-meta":"default","adv-header-id-meta":"","stick-header-meta":"","header-above-stick-meta":"","header-main-stick-meta":"","header-below-stick-meta":"","astra-migrate-meta-layouts":"default","ast-page-background-enabled":"default","ast-page-background-meta":{"desktop":{"background-color":"var(--ast-global-color-4)","background-image":"","background-repeat":"repeat","background-position":"center center","background-size":"auto","background-attachment":"scroll","background-type":"","background-media":"","overlay-type":"","overlay-color":"","overlay-opacity":"","overlay-gradient":""},"tablet":{"background-color":"","background-image":"","background-repeat":"repeat","background-position":"center center","background-size":"auto","background-attachment":"scroll","background-type":"","background-media":"","overlay-type":"","overlay-color":"","overlay-opacity":"","overlay-gradient":""},"mobile":{"background-color":"","background-image":"","background-repeat":"repeat","background-position":"center center","background-size":"auto","background-attachment":"scroll","background-type":"","background-media":"","overlay-type":"","overlay-color":"","overlay-opacity":"","overlay-gradient":""}},"ast-content-background-meta":{"desktop":{"background-color":"var(--ast-global-color-5)","background-image":"","background-repeat":"repeat","background-position":"center center","background-size":"auto","background-attachment":"scroll","background-type":"","background-media":"","overlay-type":"","overlay-color":"","overlay-opacity":"","overlay-gradient":""},"tablet":{"background-color":"var(--ast-global-color-5)","background-image":"","background-repeat":"repeat","background-position":"center center","background-size":"auto","background-attachment":"scroll","background-type":"","background-media":"","overlay-type":"","overlay-color":"","overlay-opacity":"","overlay-gradient":""},"mobile":{"background-color":"var(--ast-global-color-5)","background-image":"","background-repeat":"repeat","background-position":"center center","background-size":"auto","background-attachment":"scroll","background-type":"","background-media":"","overlay-type":"","overlay-color":"","overlay-opacity":"","overlay-gradient":""}}},"product_brand":[],"product_cat":[2877,2869,2879,2868],"product_tag":[],"class_list":{"0":"post-272946","1":"product","2":"type-product","3":"status-publish","4":"has-post-thumbnail","6":"product_cat-bizuteria-z-kamieniami-polszlachetnymi","7":"product_cat-jubiler","8":"product_cat-pierscionki-z-kamieniami-szlachetnymi","9":"product_cat-produkcja-bizuterii","10":"desktop-align-center","11":"tablet-align-left","12":"mobile-align-left","13":"ast-product-gallery-layout-horizontal-slider","14":"ast-product-tabs-layout-accordion","15":"ast-qv-on-image","17":"first","18":"onbackorder","19":"taxable","20":"shipping-taxable","21":"purchasable","22":"product-type-simple"},"yoast_head":"<!-- This site is optimized with the Yoast SEO plugin v26.6 - https:\/\/yoast.com\/wordpress\/plugins\/seo\/ -->\n<title>Nowoczesny pier\u015bcionek z turmalinem w kolorze mi\u0119towym | Jubiler<\/title>\n<meta name=\"description\" content=\"Nowoczesny pier\u015bcionek z bia\u0142ego z\u0142ota z turmalinem w kolorze mi\u0119towym, osadzonym w z\u0142otej obr\u0105czce. Indywidualne wykonanie jubilerskie, certyfikowana jako\u015b\u0107.\" \/>\n<meta name=\"robots\" content=\"index, follow, max-snippet:-1, max-image-preview:large, max-video-preview:-1\" \/>\n<link rel=\"canonical\" href=\"https:\/\/fashiongold.lt\/pl\/papuosalas\/turmalin-pierscionek-z-turmalinem-mint-ai-jubiler\/\" \/>\n<meta property=\"og:locale\" content=\"pl_PL\" \/>\n<meta property=\"og:type\" content=\"article\" \/>\n<meta property=\"og:title\" content=\"Nowoczesny pier\u015bcionek z turmalinem w kolorze mi\u0119towym | Jubiler\" \/>\n<meta property=\"og:description\" content=\"Nowoczesny pier\u015bcionek z bia\u0142ego z\u0142ota z turmalinem w kolorze mi\u0119towym, osadzonym w z\u0142otej obr\u0105czce. Indywidualne wykonanie jubilerskie, certyfikowana jako\u015b\u0107.\" \/>\n<meta property=\"og:url\" content=\"https:\/\/fashiongold.lt\/pl\/papuosalas\/turmalin-pierscionek-z-turmalinem-mint-ai-jubiler\/\" \/>\n<meta property=\"og:site_name\" content=\"FashionGold.lt\" \/>\n<meta property=\"og:image\" content=\"https:\/\/fashiongold.lt\/wp-content\/uploads\/2025\/12\/Balto-aukso-ziedas-su-ovalo-formos-minto-spalvos-turmalinu-1024x683.png\" \/>\n\t<meta property=\"og:image:width\" content=\"1024\" \/>\n\t<meta property=\"og:image:height\" content=\"683\" \/>\n\t<meta property=\"og:image:type\" content=\"image\/png\" \/>\n<meta name=\"twitter:card\" content=\"summary_large_image\" \/>\n<meta name=\"twitter:label1\" content=\"Szacowany czas czytania\" \/>\n\t<meta name=\"twitter:data1\" content=\"4 minuty\" \/>\n<script type=\"application\/ld+json\" class=\"yoast-schema-graph\">{\"@context\":\"https:\/\/schema.org\",\"@graph\":[{\"@type\":\"WebPage\",\"@id\":\"https:\/\/fashiongold.lt\/pl\/papuosalas\/turmalin-pierscionek-z-turmalinem-mint-ai-jubiler\/\",\"url\":\"https:\/\/fashiongold.lt\/pl\/papuosalas\/turmalin-pierscionek-z-turmalinem-mint-ai-jubiler\/\",\"name\":\"Nowoczesny pier\u015bcionek z turmalinem w kolorze mi\u0119towym | Jubiler\",\"isPartOf\":{\"@id\":\"https:\/\/fashiongold.lt\/pl\/#website\"},\"primaryImageOfPage\":{\"@id\":\"https:\/\/fashiongold.lt\/pl\/papuosalas\/turmalin-pierscionek-z-turmalinem-mint-ai-jubiler\/#primaryimage\"},\"image\":{\"@id\":\"https:\/\/fashiongold.lt\/pl\/papuosalas\/turmalin-pierscionek-z-turmalinem-mint-ai-jubiler\/#primaryimage\"},\"thumbnailUrl\":\"https:\/\/fashiongold.lt\/wp-content\/uploads\/2025\/12\/Balto-aukso-ziedas-su-ovalo-formos-minto-spalvos-turmalinu.png\",\"datePublished\":\"2025-12-28T07:13:46+00:00\",\"description\":\"Nowoczesny pier\u015bcionek z bia\u0142ego z\u0142ota z turmalinem w kolorze mi\u0119towym, osadzonym w z\u0142otej obr\u0105czce. Indywidualne wykonanie jubilerskie, certyfikowana jako\u015b\u0107.\",\"breadcrumb\":{\"@id\":\"https:\/\/fashiongold.lt\/pl\/papuosalas\/turmalin-pierscionek-z-turmalinem-mint-ai-jubiler\/#breadcrumb\"},\"inLanguage\":\"pl-PL\",\"potentialAction\":[{\"@type\":\"ReadAction\",\"target\":[\"https:\/\/fashiongold.lt\/pl\/papuosalas\/turmalin-pierscionek-z-turmalinem-mint-ai-jubiler\/\"]}]},{\"@type\":\"ImageObject\",\"inLanguage\":\"pl-PL\",\"@id\":\"https:\/\/fashiongold.lt\/pl\/papuosalas\/turmalin-pierscionek-z-turmalinem-mint-ai-jubiler\/#primaryimage\",\"url\":\"https:\/\/fashiongold.lt\/wp-content\/uploads\/2025\/12\/Balto-aukso-ziedas-su-ovalo-formos-minto-spalvos-turmalinu.png\",\"contentUrl\":\"https:\/\/fashiongold.lt\/wp-content\/uploads\/2025\/12\/Balto-aukso-ziedas-su-ovalo-formos-minto-spalvos-turmalinu.png\",\"width\":1536,\"height\":1024,\"caption\":\"Balto aukso z\u030ciedas su ovalo formos minto spalvos turmalinu\"},{\"@type\":\"BreadcrumbList\",\"@id\":\"https:\/\/fashiongold.lt\/pl\/papuosalas\/turmalin-pierscionek-z-turmalinem-mint-ai-jubiler\/#breadcrumb\",\"itemListElement\":[{\"@type\":\"ListItem\",\"position\":1,\"name\":\"Home\",\"item\":\"https:\/\/fashiongold.lt\/pl\/\"},{\"@type\":\"ListItem\",\"position\":2,\"name\":\"Sklep z diamentami Fashiongold.lt\",\"item\":\"https:\/\/fashiongold.lt\/shop-2\/\"},{\"@type\":\"ListItem\",\"position\":3,\"name\":\"Turmalin &#8211; Pier\u015bcionek z turmalinem Mint. AI Jubiler\"}]},{\"@type\":\"WebSite\",\"@id\":\"https:\/\/fashiongold.lt\/pl\/#website\",\"url\":\"https:\/\/fashiongold.lt\/pl\/\",\"name\":\"Fashion Gold\",\"description\":\"Juvelyrikos namai\",\"publisher\":{\"@id\":\"https:\/\/fashiongold.lt\/pl\/#organization\"},\"potentialAction\":[{\"@type\":\"SearchAction\",\"target\":{\"@type\":\"EntryPoint\",\"urlTemplate\":\"https:\/\/fashiongold.lt\/pl\/?s={search_term_string}\"},\"query-input\":{\"@type\":\"PropertyValueSpecification\",\"valueRequired\":true,\"valueName\":\"search_term_string\"}}],\"inLanguage\":\"pl-PL\"},{\"@type\":\"Organization\",\"@id\":\"https:\/\/fashiongold.lt\/pl\/#organization\",\"name\":\"Topdiamonds Online\",\"url\":\"https:\/\/fashiongold.lt\/pl\/\",\"logo\":{\"@type\":\"ImageObject\",\"inLanguage\":\"pl-PL\",\"@id\":\"https:\/\/fashiongold.lt\/pl\/#\/schema\/logo\/image\/\",\"url\":\"https:\/\/fashiongold.lt\/wp-content\/uploads\/2025\/04\/cropped-fashion_gold_logotipas2-scaled-1.png\",\"contentUrl\":\"https:\/\/fashiongold.lt\/wp-content\/uploads\/2025\/04\/cropped-fashion_gold_logotipas2-scaled-1.png\",\"width\":2559,\"height\":421,\"caption\":\"Topdiamonds Online\"},\"image\":{\"@id\":\"https:\/\/fashiongold.lt\/pl\/#\/schema\/logo\/image\/\"}}]}<\/script>\n<!-- \/ Yoast SEO plugin. -->","yoast_head_json":{"title":"Nowoczesny pier\u015bcionek z turmalinem w kolorze mi\u0119towym | Jubiler","description":"Nowoczesny pier\u015bcionek z bia\u0142ego z\u0142ota z turmalinem w kolorze mi\u0119towym, osadzonym w z\u0142otej obr\u0105czce. Indywidualne wykonanie jubilerskie, certyfikowana jako\u015b\u0107.","robots":{"index":"index","follow":"follow","max-snippet":"max-snippet:-1","max-image-preview":"max-image-preview:large","max-video-preview":"max-video-preview:-1"},"canonical":"https:\/\/fashiongold.lt\/pl\/papuosalas\/turmalin-pierscionek-z-turmalinem-mint-ai-jubiler\/","og_locale":"pl_PL","og_type":"article","og_title":"Nowoczesny pier\u015bcionek z turmalinem w kolorze mi\u0119towym | Jubiler","og_description":"Nowoczesny pier\u015bcionek z bia\u0142ego z\u0142ota z turmalinem w kolorze mi\u0119towym, osadzonym w z\u0142otej obr\u0105czce. Indywidualne wykonanie jubilerskie, certyfikowana jako\u015b\u0107.","og_url":"https:\/\/fashiongold.lt\/pl\/papuosalas\/turmalin-pierscionek-z-turmalinem-mint-ai-jubiler\/","og_site_name":"FashionGold.lt","og_image":[{"width":1024,"height":683,"url":"https:\/\/fashiongold.lt\/wp-content\/uploads\/2025\/12\/Balto-aukso-ziedas-su-ovalo-formos-minto-spalvos-turmalinu-1024x683.png","type":"image\/png"}],"twitter_card":"summary_large_image","twitter_misc":{"Szacowany czas czytania":"4 minuty"},"schema":{"@context":"https:\/\/schema.org","@graph":[{"@type":"WebPage","@id":"https:\/\/fashiongold.lt\/pl\/papuosalas\/turmalin-pierscionek-z-turmalinem-mint-ai-jubiler\/","url":"https:\/\/fashiongold.lt\/pl\/papuosalas\/turmalin-pierscionek-z-turmalinem-mint-ai-jubiler\/","name":"Nowoczesny pier\u015bcionek z turmalinem w kolorze mi\u0119towym | Jubiler","isPartOf":{"@id":"https:\/\/fashiongold.lt\/pl\/#website"},"primaryImageOfPage":{"@id":"https:\/\/fashiongold.lt\/pl\/papuosalas\/turmalin-pierscionek-z-turmalinem-mint-ai-jubiler\/#primaryimage"},"image":{"@id":"https:\/\/fashiongold.lt\/pl\/papuosalas\/turmalin-pierscionek-z-turmalinem-mint-ai-jubiler\/#primaryimage"},"thumbnailUrl":"https:\/\/fashiongold.lt\/wp-content\/uploads\/2025\/12\/Balto-aukso-ziedas-su-ovalo-formos-minto-spalvos-turmalinu.png","datePublished":"2025-12-28T07:13:46+00:00","description":"Nowoczesny pier\u015bcionek z bia\u0142ego z\u0142ota z turmalinem w kolorze mi\u0119towym, osadzonym w z\u0142otej obr\u0105czce. Indywidualne wykonanie jubilerskie, certyfikowana jako\u015b\u0107.","breadcrumb":{"@id":"https:\/\/fashiongold.lt\/pl\/papuosalas\/turmalin-pierscionek-z-turmalinem-mint-ai-jubiler\/#breadcrumb"},"inLanguage":"pl-PL","potentialAction":[{"@type":"ReadAction","target":["https:\/\/fashiongold.lt\/pl\/papuosalas\/turmalin-pierscionek-z-turmalinem-mint-ai-jubiler\/"]}]},{"@type":"ImageObject","inLanguage":"pl-PL","@id":"https:\/\/fashiongold.lt\/pl\/papuosalas\/turmalin-pierscionek-z-turmalinem-mint-ai-jubiler\/#primaryimage","url":"https:\/\/fashiongold.lt\/wp-content\/uploads\/2025\/12\/Balto-aukso-ziedas-su-ovalo-formos-minto-spalvos-turmalinu.png","contentUrl":"https:\/\/fashiongold.lt\/wp-content\/uploads\/2025\/12\/Balto-aukso-ziedas-su-ovalo-formos-minto-spalvos-turmalinu.png","width":1536,"height":1024,"caption":"Balto aukso z\u030ciedas su ovalo formos minto spalvos turmalinu"},{"@type":"BreadcrumbList","@id":"https:\/\/fashiongold.lt\/pl\/papuosalas\/turmalin-pierscionek-z-turmalinem-mint-ai-jubiler\/#breadcrumb","itemListElement":[{"@type":"ListItem","position":1,"name":"Home","item":"https:\/\/fashiongold.lt\/pl\/"},{"@type":"ListItem","position":2,"name":"Sklep z diamentami Fashiongold.lt","item":"https:\/\/fashiongold.lt\/shop-2\/"},{"@type":"ListItem","position":3,"name":"Turmalin &#8211; Pier\u015bcionek z turmalinem Mint. AI Jubiler"}]},{"@type":"WebSite","@id":"https:\/\/fashiongold.lt\/pl\/#website","url":"https:\/\/fashiongold.lt\/pl\/","name":"Fashion Gold","description":"Juvelyrikos namai","publisher":{"@id":"https:\/\/fashiongold.lt\/pl\/#organization"},"potentialAction":[{"@type":"SearchAction","target":{"@type":"EntryPoint","urlTemplate":"https:\/\/fashiongold.lt\/pl\/?s={search_term_string}"},"query-input":{"@type":"PropertyValueSpecification","valueRequired":true,"valueName":"search_term_string"}}],"inLanguage":"pl-PL"},{"@type":"Organization","@id":"https:\/\/fashiongold.lt\/pl\/#organization","name":"Topdiamonds Online","url":"https:\/\/fashiongold.lt\/pl\/","logo":{"@type":"ImageObject","inLanguage":"pl-PL","@id":"https:\/\/fashiongold.lt\/pl\/#\/schema\/logo\/image\/","url":"https:\/\/fashiongold.lt\/wp-content\/uploads\/2025\/04\/cropped-fashion_gold_logotipas2-scaled-1.png","contentUrl":"https:\/\/fashiongold.lt\/wp-content\/uploads\/2025\/04\/cropped-fashion_gold_logotipas2-scaled-1.png","width":2559,"height":421,"caption":"Topdiamonds Online"},"image":{"@id":"https:\/\/fashiongold.lt\/pl\/#\/schema\/logo\/image\/"}}]}},"_links":{"self":[{"href":"https:\/\/fashiongold.lt\/pl\/wp-json\/wp\/v2\/product\/272946","targetHints":{"allow":["GET"]}}],"collection":[{"href":"https:\/\/fashiongold.lt\/pl\/wp-json\/wp\/v2\/product"}],"about":[{"href":"https:\/\/fashiongold.lt\/pl\/wp-json\/wp\/v2\/types\/product"}],"version-history":[{"count":0,"href":"https:\/\/fashiongold.lt\/pl\/wp-json\/wp\/v2\/product\/272946\/revisions"}],"wp:featuredmedia":[{"embeddable":true,"href":"https:\/\/fashiongold.lt\/pl\/wp-json\/wp\/v2\/media\/265480"}],"wp:attachment":[{"href":"https:\/\/fashiongold.lt\/pl\/wp-json\/wp\/v2\/media?parent=272946"}],"wp:term":[{"taxonomy":"product_brand","embeddable":true,"href":"https:\/\/fashiongold.lt\/pl\/wp-json\/wp\/v2\/product_brand?post=272946"},{"taxonomy":"product_cat","embeddable":true,"href":"https:\/\/fashiongold.lt\/pl\/wp-json\/wp\/v2\/product_cat?post=272946"},{"taxonomy":"product_tag","embeddable":true,"href":"https:\/\/fashiongold.lt\/pl\/wp-json\/wp\/v2\/product_tag?post=272946"}],"curies":[{"name":"wp","href":"https:\/\/api.w.org\/{rel}","templated":true}]}}