{"id":273011,"date":"2025-10-24T01:29:02","date_gmt":"2025-10-24T01:29:02","guid":{"rendered":"https:\/\/fashiongold.lt\/papuosalas\/rubiny-pierscionek-z-rubinami-i-diamentami-0-42-ct\/"},"modified":"2025-10-24T01:29:02","modified_gmt":"2025-10-24T01:29:02","slug":"rubiny-pierscionek-z-rubinami-i-diamentami-0-42-ct","status":"publish","type":"product","link":"https:\/\/fashiongold.lt\/pl\/produkt\/rubiny-pierscionek-z-rubinami-i-diamentami-0-42-ct\/","title":{"rendered":"Rubiny &#8211; pier\u015bcionek z rubinami i diamentami (0.42 ct)"},"content":{"rendered":"<p>Wyprodukowano w Niemczech z wysokiej jako\u015bci kamieni szlachetnych. Doskona\u0142y wyb\u00f3r dla stylowej kobiety. Magiczna moc rubinu \u2013 dzia\u0142a jako amulet lub talizman, obdarza w\u0142a\u015bciciela zdrowiem, rado\u015bci\u0105, dobrobytem, szcz\u0119\u015bciem i sukcesem. Wspania\u0142y talizman ochrony rodziny i mi\u0142o\u015bci. Rubin jest odpowiedni dla Barana, Bli\u017ani\u0105t, Lwa, Byka, Raka, Skorpiona, Strzelca, Kozioro\u017cca, Wodnika i Ryb.<\/p>\n<p>\u2022 Z\u0142oto pier\u015bcionka: 18 karat\u00f3w (pr\u00f3ba 750)\u00a0 \u00a0 \u00a0<\/p>\n<p>\u2022 Kolor pier\u015bcionka: bia\u0142e z\u0142oto\u00a0 \u00a0 \u00a0 \u00a0 \u00a0<\/p>\n<p>\u2022 Waga pier\u015bcionka: oko\u0142o 1,80 &#8211; 3,00 g\u00a0 \u00a0 \u00a0 \u00a0 \u00a0<\/p>\n<p>\u2022 Typ diamentu: Naturalny diament\u00a0 \u00a0 \u00a0 \u00a0<\/p>\n<p>\u2022 Kszta\u0142t diamentu: okr\u0105g\u0142y (round shape)\u00a0 \u00a0 \u00a0 \u00a0<\/p>\n<p>\u2022 Charakterystyka diamentu: 0,10 ct, kolor G-H (RW-W); czysto\u015b\u0107 SI\u00a0 \u00a0 \u00a0 \u00a0<\/p>\n<p>\u2022 Kamie\u0144 centralny: rubin o szlifie okr\u0105g\u0142ym &#8211; 0,32 ct\u00a0 \u00a0 \u00a0 \u00a0 \u00a0<\/p>\n<p>\u2022 Certyfikat: Litewska Izba Probiercza (LPR)\u00a0 \u00a0 \u00a0 \u00a0 \u00a0<\/p>\n<p>\u2022 Wymiary pier\u015bcionka:\u00a0<\/p>\n<p>\u2022 Grawerowanie gratis\u00a0 \u00a0\u00a0<\/p>\n<p>\u2022 Jednorazowa bezp\u0142atna gwarancja zmiany rozmiaru pier\u015bcionka (w miar\u0119 mo\u017cliwo\u015bci)\u00a0 \u00a0 \u00a0<\/p>\n<p>\u2022 Termin produkcji i dostawy od 14 dni roboczych, w trybie pilnym w ci\u0105gu 3 dni roboczych.\u00a0 \u00a0<\/p>\n<p><strong>Masz w\u0142asne z\u0142oto lub kamienie szlachetne? Skontaktuj si\u0119 z nami, przeliczymy cen\u0119 \u2013 zap\u0142acisz tylko za wykonanie pier\u015bcionka.<\/strong><\/p>\n","protected":false},"excerpt":{"rendered":"<p>Diamentowa obr\u0105czka z najwy\u017cszej jako\u015bci rubinami. Wyj\u0105tkowy pier\u015bcionek, w kt\u00f3rym \u0142\u0105czna masa rubin\u00f3w wynosi 0,42 karata. Niepowtarzalny wyb\u00f3r, podkre\u015blaj\u0105cy stylowe detale. Doskona\u0142y prezent dla os\u00f3b ceni\u0105cych stylow\u0105 bi\u017cuteri\u0119.<\/p>\n","protected":false},"featured_media":1141760,"template":"","meta":{"site-sidebar-layout":"default","site-content-layout":"","ast-site-content-layout":"default","site-content-style":"default","site-sidebar-style":"default","ast-global-header-display":"","ast-banner-title-visibility":"","ast-main-header-display":"","ast-hfb-above-header-display":"","ast-hfb-below-header-display":"","ast-hfb-mobile-header-display":"","site-post-title":"","ast-breadcrumbs-content":"","ast-featured-img":"","footer-sml-layout":"","ast-disable-related-posts":"","theme-transparent-header-meta":"default","adv-header-id-meta":"","stick-header-meta":"","header-above-stick-meta":"","header-main-stick-meta":"","header-below-stick-meta":"","astra-migrate-meta-layouts":"default","ast-page-background-enabled":"default","ast-page-background-meta":{"desktop":{"background-color":"var(--ast-global-color-4)","background-image":"","background-repeat":"repeat","background-position":"center center","background-size":"auto","background-attachment":"scroll","background-type":"","background-media":"","overlay-type":"","overlay-color":"","overlay-opacity":"","overlay-gradient":""},"tablet":{"background-color":"","background-image":"","background-repeat":"repeat","background-position":"center center","background-size":"auto","background-attachment":"scroll","background-type":"","background-media":"","overlay-type":"","overlay-color":"","overlay-opacity":"","overlay-gradient":""},"mobile":{"background-color":"","background-image":"","background-repeat":"repeat","background-position":"center center","background-size":"auto","background-attachment":"scroll","background-type":"","background-media":"","overlay-type":"","overlay-color":"","overlay-opacity":"","overlay-gradient":""}},"ast-content-background-meta":{"desktop":{"background-color":"var(--ast-global-color-5)","background-image":"","background-repeat":"repeat","background-position":"center center","background-size":"auto","background-attachment":"scroll","background-type":"","background-media":"","overlay-type":"","overlay-color":"","overlay-opacity":"","overlay-gradient":""},"tablet":{"background-color":"var(--ast-global-color-5)","background-image":"","background-repeat":"repeat","background-position":"center center","background-size":"auto","background-attachment":"scroll","background-type":"","background-media":"","overlay-type":"","overlay-color":"","overlay-opacity":"","overlay-gradient":""},"mobile":{"background-color":"var(--ast-global-color-5)","background-image":"","background-repeat":"repeat","background-position":"center center","background-size":"auto","background-attachment":"scroll","background-type":"","background-media":"","overlay-type":"","overlay-color":"","overlay-opacity":"","overlay-gradient":""}}},"product_brand":[],"product_cat":[3044,2858,3056,3351,3373,2864,2863,2882,3350,2879,3361,3232,3273,2853,2875,2876,2857,2854,2855,3169,2859,2852,3349],"product_tag":[],"class_list":{"0":"post-273011","1":"product","2":"type-product","3":"status-publish","4":"has-post-thumbnail","6":"product_cat-bizuteria","7":"product_cat-bizuteria-z-bialego-zlota","8":"product_cat-bizuteria-z-czerwonymi-kamieniami-szlachetnymi","9":"product_cat-czerwony-kamien-szlachetny","10":"product_cat-damskie-obraczki-slubne","11":"product_cat-diamentowe-obraczki-do-polowy","12":"product_cat-diamentowe-paski","13":"product_cat-pierscionek-obraczka-z-kamieniami-szlachetnymi","14":"product_cat-pierscionek-zareczynowy-z-rubinem","15":"product_cat-pierscionki-z-kamieniami-szlachetnymi","16":"product_cat-pierscionki-z-rubinami","17":"product_cat-pierscionki-zareczynowe","18":"product_cat-pierscionki-zareczynowe-z-kamieniami-szlachetnymi","19":"product_cat-prezenty-dla-kobiet","20":"product_cat-prezenty-na-dzien-matki","21":"product_cat-prezenty-na-walentynki","22":"product_cat-prezenty-swiateczne","23":"product_cat-prezenty-z-okazji-narodzin-dziecka","24":"product_cat-prezenty-z-okazji-rocznicy-slubu","25":"product_cat-prezenty-z-okazji-slubu","26":"product_cat-prezenty-z-okazji-ukonczenia-szkoly","27":"product_cat-prezenty-z-okazji-urodzin","28":"product_cat-rubin-bizuteria-z-rubinami","29":"desktop-align-center","30":"tablet-align-left","31":"mobile-align-left","32":"ast-product-gallery-layout-horizontal-slider","33":"ast-product-single-variable","34":"ast-product-tabs-layout-accordion","35":"ast-qv-on-image","37":"first","38":"instock","39":"taxable","40":"shipping-taxable","41":"purchasable","42":"product-type-variable","43":"has-default-attributes"},"yoast_head":"<!-- This site is optimized with the Yoast SEO plugin v26.6 - https:\/\/yoast.com\/wordpress\/plugins\/seo\/ -->\n<title>Rubiny - pier\u015bcionek z rubinami i diamentami (0.42 ct)<\/title>\n<meta name=\"description\" content=\"Diamentowa obr\u0105czka z najwy\u017cszej jako\u015bci rubinami o \u0142\u0105cznej masie 0,42 karata. Wyj\u0105tkowy pier\u015bcionek dla stylowej kobiety \u2013 idealny na zar\u0119czyny i na co dzie\u0144.\" \/>\n<meta name=\"robots\" content=\"index, follow, max-snippet:-1, max-image-preview:large, max-video-preview:-1\" \/>\n<link rel=\"canonical\" href=\"https:\/\/fashiongold.lt\/pl\/produkt\/rubiny-pierscionek-z-rubinami-i-diamentami-0-42-ct\/\" \/>\n<meta property=\"og:locale\" content=\"pl_PL\" \/>\n<meta property=\"og:type\" content=\"article\" \/>\n<meta property=\"og:title\" content=\"Rubiny - pier\u015bcionek z rubinami i diamentami (0.42 ct)\" \/>\n<meta property=\"og:description\" content=\"Diamentowa obr\u0105czka z najwy\u017cszej jako\u015bci rubinami o \u0142\u0105cznej masie 0,42 karata. Wyj\u0105tkowy pier\u015bcionek dla stylowej kobiety \u2013 idealny na zar\u0119czyny i na co dzie\u0144.\" \/>\n<meta property=\"og:url\" content=\"https:\/\/fashiongold.lt\/pl\/produkt\/rubiny-pierscionek-z-rubinami-i-diamentami-0-42-ct\/\" \/>\n<meta property=\"og:site_name\" content=\"FashionGold.lt\" \/>\n<meta property=\"og:image\" content=\"https:\/\/fashiongold.lt\/wp-content\/uploads\/2025\/10\/Rubinai-ziedas-su-rubinais-ir-deimantais-0.42-ct-baltas-auksas-e1778134556530.png\" \/>\n\t<meta property=\"og:image:width\" content=\"1254\" \/>\n\t<meta property=\"og:image:height\" content=\"1254\" \/>\n\t<meta property=\"og:image:type\" content=\"image\/png\" \/>\n<meta name=\"twitter:card\" content=\"summary_large_image\" \/>\n<meta name=\"twitter:label1\" content=\"Szacowany czas czytania\" \/>\n\t<meta name=\"twitter:data1\" content=\"1 minuta\" \/>\n<script type=\"application\/ld+json\" class=\"yoast-schema-graph\">{\"@context\":\"https:\/\/schema.org\",\"@graph\":[{\"@type\":\"WebPage\",\"@id\":\"https:\/\/fashiongold.lt\/pl\/produkt\/rubiny-pierscionek-z-rubinami-i-diamentami-0-42-ct\/\",\"url\":\"https:\/\/fashiongold.lt\/pl\/produkt\/rubiny-pierscionek-z-rubinami-i-diamentami-0-42-ct\/\",\"name\":\"Rubiny - pier\u015bcionek z rubinami i diamentami (0.42 ct)\",\"isPartOf\":{\"@id\":\"https:\/\/fashiongold.lt\/pl\/#website\"},\"primaryImageOfPage\":{\"@id\":\"https:\/\/fashiongold.lt\/pl\/produkt\/rubiny-pierscionek-z-rubinami-i-diamentami-0-42-ct\/#primaryimage\"},\"image\":{\"@id\":\"https:\/\/fashiongold.lt\/pl\/produkt\/rubiny-pierscionek-z-rubinami-i-diamentami-0-42-ct\/#primaryimage\"},\"thumbnailUrl\":\"https:\/\/fashiongold.lt\/wp-content\/uploads\/2025\/10\/Rubinai-ziedas-su-rubinais-ir-deimantais-0.42-ct-baltas-auksas-e1778134556530.png\",\"datePublished\":\"2025-10-24T01:29:02+00:00\",\"description\":\"Diamentowa obr\u0105czka z najwy\u017cszej jako\u015bci rubinami o \u0142\u0105cznej masie 0,42 karata. Wyj\u0105tkowy pier\u015bcionek dla stylowej kobiety \u2013 idealny na zar\u0119czyny i na co dzie\u0144.\",\"breadcrumb\":{\"@id\":\"https:\/\/fashiongold.lt\/pl\/produkt\/rubiny-pierscionek-z-rubinami-i-diamentami-0-42-ct\/#breadcrumb\"},\"inLanguage\":\"pl-PL\",\"potentialAction\":[{\"@type\":\"ReadAction\",\"target\":[\"https:\/\/fashiongold.lt\/pl\/produkt\/rubiny-pierscionek-z-rubinami-i-diamentami-0-42-ct\/\"]}]},{\"@type\":\"ImageObject\",\"inLanguage\":\"pl-PL\",\"@id\":\"https:\/\/fashiongold.lt\/pl\/produkt\/rubiny-pierscionek-z-rubinami-i-diamentami-0-42-ct\/#primaryimage\",\"url\":\"https:\/\/fashiongold.lt\/wp-content\/uploads\/2025\/10\/Rubinai-ziedas-su-rubinais-ir-deimantais-0.42-ct-baltas-auksas-e1778134556530.png\",\"contentUrl\":\"https:\/\/fashiongold.lt\/wp-content\/uploads\/2025\/10\/Rubinai-ziedas-su-rubinais-ir-deimantais-0.42-ct-baltas-auksas-e1778134556530.png\",\"width\":1254,\"height\":1254,\"caption\":\"Rubinai - \u017eiedas su rubinais ir deimantais (0.42 ct) baltas auksas\"},{\"@type\":\"BreadcrumbList\",\"@id\":\"https:\/\/fashiongold.lt\/pl\/produkt\/rubiny-pierscionek-z-rubinami-i-diamentami-0-42-ct\/#breadcrumb\",\"itemListElement\":[{\"@type\":\"ListItem\",\"position\":1,\"name\":\"Home\",\"item\":\"https:\/\/fashiongold.lt\/pl\/\"},{\"@type\":\"ListItem\",\"position\":2,\"name\":\"Sklep z diamentami Fashiongold.lt\",\"item\":\"https:\/\/fashiongold.lt\/shop-2\/\"},{\"@type\":\"ListItem\",\"position\":3,\"name\":\"Rubiny &#8211; pier\u015bcionek z rubinami i diamentami (0.42 ct)\"}]},{\"@type\":\"WebSite\",\"@id\":\"https:\/\/fashiongold.lt\/pl\/#website\",\"url\":\"https:\/\/fashiongold.lt\/pl\/\",\"name\":\"Fashion Gold\",\"description\":\"Dom jubilerski\",\"publisher\":{\"@id\":\"https:\/\/fashiongold.lt\/pl\/#organization\"},\"potentialAction\":[{\"@type\":\"SearchAction\",\"target\":{\"@type\":\"EntryPoint\",\"urlTemplate\":\"https:\/\/fashiongold.lt\/pl\/?s={search_term_string}\"},\"query-input\":{\"@type\":\"PropertyValueSpecification\",\"valueRequired\":true,\"valueName\":\"search_term_string\"}}],\"inLanguage\":\"pl-PL\"},{\"@type\":\"Organization\",\"@id\":\"https:\/\/fashiongold.lt\/pl\/#organization\",\"name\":\"Topdiamonds Online\",\"url\":\"https:\/\/fashiongold.lt\/pl\/\",\"logo\":{\"@type\":\"ImageObject\",\"inLanguage\":\"pl-PL\",\"@id\":\"https:\/\/fashiongold.lt\/pl\/#\/schema\/logo\/image\/\",\"url\":\"https:\/\/fashiongold.lt\/wp-content\/uploads\/2025\/04\/cropped-fashion_gold_logotipas2-scaled-1.png\",\"contentUrl\":\"https:\/\/fashiongold.lt\/wp-content\/uploads\/2025\/04\/cropped-fashion_gold_logotipas2-scaled-1.png\",\"width\":2559,\"height\":421,\"caption\":\"Topdiamonds Online\"},\"image\":{\"@id\":\"https:\/\/fashiongold.lt\/pl\/#\/schema\/logo\/image\/\"}}]}<\/script>\n<!-- \/ Yoast SEO plugin. -->","yoast_head_json":{"title":"Rubiny - pier\u015bcionek z rubinami i diamentami (0.42 ct)","description":"Diamentowa obr\u0105czka z najwy\u017cszej jako\u015bci rubinami o \u0142\u0105cznej masie 0,42 karata. Wyj\u0105tkowy pier\u015bcionek dla stylowej kobiety \u2013 idealny na zar\u0119czyny i na co dzie\u0144.","robots":{"index":"index","follow":"follow","max-snippet":"max-snippet:-1","max-image-preview":"max-image-preview:large","max-video-preview":"max-video-preview:-1"},"canonical":"https:\/\/fashiongold.lt\/pl\/produkt\/rubiny-pierscionek-z-rubinami-i-diamentami-0-42-ct\/","og_locale":"pl_PL","og_type":"article","og_title":"Rubiny - pier\u015bcionek z rubinami i diamentami (0.42 ct)","og_description":"Diamentowa obr\u0105czka z najwy\u017cszej jako\u015bci rubinami o \u0142\u0105cznej masie 0,42 karata. Wyj\u0105tkowy pier\u015bcionek dla stylowej kobiety \u2013 idealny na zar\u0119czyny i na co dzie\u0144.","og_url":"https:\/\/fashiongold.lt\/pl\/produkt\/rubiny-pierscionek-z-rubinami-i-diamentami-0-42-ct\/","og_site_name":"FashionGold.lt","og_image":[{"width":1254,"height":1254,"url":"https:\/\/fashiongold.lt\/wp-content\/uploads\/2025\/10\/Rubinai-ziedas-su-rubinais-ir-deimantais-0.42-ct-baltas-auksas-e1778134556530.png","type":"image\/png"}],"twitter_card":"summary_large_image","twitter_misc":{"Szacowany czas czytania":"1 minuta"},"schema":{"@context":"https:\/\/schema.org","@graph":[{"@type":"WebPage","@id":"https:\/\/fashiongold.lt\/pl\/produkt\/rubiny-pierscionek-z-rubinami-i-diamentami-0-42-ct\/","url":"https:\/\/fashiongold.lt\/pl\/produkt\/rubiny-pierscionek-z-rubinami-i-diamentami-0-42-ct\/","name":"Rubiny - pier\u015bcionek z rubinami i diamentami (0.42 ct)","isPartOf":{"@id":"https:\/\/fashiongold.lt\/pl\/#website"},"primaryImageOfPage":{"@id":"https:\/\/fashiongold.lt\/pl\/produkt\/rubiny-pierscionek-z-rubinami-i-diamentami-0-42-ct\/#primaryimage"},"image":{"@id":"https:\/\/fashiongold.lt\/pl\/produkt\/rubiny-pierscionek-z-rubinami-i-diamentami-0-42-ct\/#primaryimage"},"thumbnailUrl":"https:\/\/fashiongold.lt\/wp-content\/uploads\/2025\/10\/Rubinai-ziedas-su-rubinais-ir-deimantais-0.42-ct-baltas-auksas-e1778134556530.png","datePublished":"2025-10-24T01:29:02+00:00","description":"Diamentowa obr\u0105czka z najwy\u017cszej jako\u015bci rubinami o \u0142\u0105cznej masie 0,42 karata. Wyj\u0105tkowy pier\u015bcionek dla stylowej kobiety \u2013 idealny na zar\u0119czyny i na co dzie\u0144.","breadcrumb":{"@id":"https:\/\/fashiongold.lt\/pl\/produkt\/rubiny-pierscionek-z-rubinami-i-diamentami-0-42-ct\/#breadcrumb"},"inLanguage":"pl-PL","potentialAction":[{"@type":"ReadAction","target":["https:\/\/fashiongold.lt\/pl\/produkt\/rubiny-pierscionek-z-rubinami-i-diamentami-0-42-ct\/"]}]},{"@type":"ImageObject","inLanguage":"pl-PL","@id":"https:\/\/fashiongold.lt\/pl\/produkt\/rubiny-pierscionek-z-rubinami-i-diamentami-0-42-ct\/#primaryimage","url":"https:\/\/fashiongold.lt\/wp-content\/uploads\/2025\/10\/Rubinai-ziedas-su-rubinais-ir-deimantais-0.42-ct-baltas-auksas-e1778134556530.png","contentUrl":"https:\/\/fashiongold.lt\/wp-content\/uploads\/2025\/10\/Rubinai-ziedas-su-rubinais-ir-deimantais-0.42-ct-baltas-auksas-e1778134556530.png","width":1254,"height":1254,"caption":"Rubinai - \u017eiedas su rubinais ir deimantais (0.42 ct) baltas auksas"},{"@type":"BreadcrumbList","@id":"https:\/\/fashiongold.lt\/pl\/produkt\/rubiny-pierscionek-z-rubinami-i-diamentami-0-42-ct\/#breadcrumb","itemListElement":[{"@type":"ListItem","position":1,"name":"Home","item":"https:\/\/fashiongold.lt\/pl\/"},{"@type":"ListItem","position":2,"name":"Sklep z diamentami Fashiongold.lt","item":"https:\/\/fashiongold.lt\/shop-2\/"},{"@type":"ListItem","position":3,"name":"Rubiny &#8211; pier\u015bcionek z rubinami i diamentami (0.42 ct)"}]},{"@type":"WebSite","@id":"https:\/\/fashiongold.lt\/pl\/#website","url":"https:\/\/fashiongold.lt\/pl\/","name":"Fashion Gold","description":"Dom jubilerski","publisher":{"@id":"https:\/\/fashiongold.lt\/pl\/#organization"},"potentialAction":[{"@type":"SearchAction","target":{"@type":"EntryPoint","urlTemplate":"https:\/\/fashiongold.lt\/pl\/?s={search_term_string}"},"query-input":{"@type":"PropertyValueSpecification","valueRequired":true,"valueName":"search_term_string"}}],"inLanguage":"pl-PL"},{"@type":"Organization","@id":"https:\/\/fashiongold.lt\/pl\/#organization","name":"Topdiamonds Online","url":"https:\/\/fashiongold.lt\/pl\/","logo":{"@type":"ImageObject","inLanguage":"pl-PL","@id":"https:\/\/fashiongold.lt\/pl\/#\/schema\/logo\/image\/","url":"https:\/\/fashiongold.lt\/wp-content\/uploads\/2025\/04\/cropped-fashion_gold_logotipas2-scaled-1.png","contentUrl":"https:\/\/fashiongold.lt\/wp-content\/uploads\/2025\/04\/cropped-fashion_gold_logotipas2-scaled-1.png","width":2559,"height":421,"caption":"Topdiamonds Online"},"image":{"@id":"https:\/\/fashiongold.lt\/pl\/#\/schema\/logo\/image\/"}}]}},"_links":{"self":[{"href":"https:\/\/fashiongold.lt\/pl\/wp-json\/wp\/v2\/product\/273011","targetHints":{"allow":["GET"]}}],"collection":[{"href":"https:\/\/fashiongold.lt\/pl\/wp-json\/wp\/v2\/product"}],"about":[{"href":"https:\/\/fashiongold.lt\/pl\/wp-json\/wp\/v2\/types\/product"}],"version-history":[{"count":0,"href":"https:\/\/fashiongold.lt\/pl\/wp-json\/wp\/v2\/product\/273011\/revisions"}],"wp:featuredmedia":[{"embeddable":true,"href":"https:\/\/fashiongold.lt\/pl\/wp-json\/wp\/v2\/media\/1141760"}],"wp:attachment":[{"href":"https:\/\/fashiongold.lt\/pl\/wp-json\/wp\/v2\/media?parent=273011"}],"wp:term":[{"taxonomy":"product_brand","embeddable":true,"href":"https:\/\/fashiongold.lt\/pl\/wp-json\/wp\/v2\/product_brand?post=273011"},{"taxonomy":"product_cat","embeddable":true,"href":"https:\/\/fashiongold.lt\/pl\/wp-json\/wp\/v2\/product_cat?post=273011"},{"taxonomy":"product_tag","embeddable":true,"href":"https:\/\/fashiongold.lt\/pl\/wp-json\/wp\/v2\/product_tag?post=273011"}],"curies":[{"name":"wp","href":"https:\/\/api.w.org\/{rel}","templated":true}]}}