{"id":273035,"date":"2025-10-23T23:57:08","date_gmt":"2025-10-23T23:57:08","guid":{"rendered":"https:\/\/fashiongold.lt\/papuosalas\/zloty-lancuszek-i-luksusowa-zawieszka-z-diamentami-laboratoryjnymi-045-ct-o-szlifie-szmaragdowym\/"},"modified":"2025-10-23T23:57:08","modified_gmt":"2025-10-23T23:57:08","slug":"zloty-lancuszek-i-luksusowa-zawieszka-z-diamentami-laboratoryjnymi-045-ct-o-szlifie-szmaragdowym","status":"publish","type":"product","link":"https:\/\/fashiongold.lt\/pl\/papuosalas\/zloty-lancuszek-i-luksusowa-zawieszka-z-diamentami-laboratoryjnymi-045-ct-o-szlifie-szmaragdowym\/","title":{"rendered":"Z\u0142oty \u0142a\u0144cuszek i luksusowa zawieszka z diamentami laboratoryjnymi 0,45 ct o szlifie szmaragdowym"},"content":{"rendered":"<p>Wyprodukowano na Litwie. Wisiorek mo\u017ce zosta\u0107 wykonany na zam\u00f3wienie: z czerwonego, \u017c\u00f3\u0142tego oraz bia\u0142ego z\u0142ota.<\/p>\n<p>\u2022 Z\u0142oto wisiorka i \u0142a\u0144cuszka: 14 K (pr\u00f3ba 585), mo\u017cemy wykona\u0107 z 10K (pr\u00f3ba 375), 18K (pr\u00f3ba 750)<\/p>\n<p>\u2022 Kolor wisiorka i \u0142a\u0144cuszka: do wyboru bia\u0142e, \u017c\u00f3\u0142te, czerwone z\u0142oto<\/p>\n<p>\u2022 Waga wisiorka i \u0142a\u0144cuszka (zale\u017cy od rozmiaru i pr\u00f3by): oko\u0142o 2,00 &#8211; 3,00 g<\/p>\n<p>\u2022 Wymiary wisiorka i \u0142a\u0144cuszka: (mo\u017cliwo\u015b\u0107 zmiany)<\/p>\n<p>\u2022 Typ diamentu: diamenty hodowlane (Lab Grown Diamonds)<\/p>\n<p>\u2022 Kszta\u0142t diamentu: szlif szmaragdowy (Emerald cut)<\/p>\n<p>\u2022 Charakterystyka diamentu: masa ca\u0142kowita 0,30 ct, (1&#215;0,30 ct szlif szmaragdowy, 0,15 ct &#8211; diamenty okr\u0105g\u0142e) kolor D-E(EW); czysto\u015b\u0107 VVS<\/p>\n<p>\u2022 Certyfikat: Litewski Urz\u0105d Probierczy (LPR) oraz dodatkowo mi\u0119dzynarodowy certyfikat IGI<\/p>\n<p>\u2022 D\u0142ugo\u015b\u0107 \u0142a\u0144cuszka: regulowana 42-45 cm<\/p>\n<p>\u2022 Termin produkcji i dostawy od 14 dni roboczych, w trybie pilnym w ci\u0105gu 3 dni roboczych.<\/p>\n<p><strong>Masz w\u0142asne z\u0142oto? Skontaktuj si\u0119 z nami, przeliczymy cen\u0119 \u2013 zap\u0142acisz tylko za wykonanie obr\u0105czek.<\/strong><\/p>\n","protected":false},"excerpt":{"rendered":"<p>Pozw\u00f3l swoim gwiazdom l\u015bni\u0107 dzi\u0119ki z\u0142otemu \u0142a\u0144cuszkowi i luksusowej, mieni\u0105cej si\u0119 zawieszce o wzorze Double Halo. Diament o szlifie szmaragdowym o masie 0,30 ct, otoczony kilkoma rz\u0119dami drobnych diament\u00f3w (0,15 ct), nada wyj\u0105tkowego blasku Twoim oczom i podkre\u015bli szczeg\u00f3lne okazje.<\/p>\n","protected":false},"featured_media":248821,"template":"","meta":{"site-sidebar-layout":"","site-content-layout":"","ast-site-content-layout":"","site-content-style":"","site-sidebar-style":"","ast-global-header-display":"","ast-banner-title-visibility":"","ast-main-header-display":"","ast-hfb-above-header-display":"","ast-hfb-below-header-display":"","ast-hfb-mobile-header-display":"","site-post-title":"","ast-breadcrumbs-content":"","ast-featured-img":"","footer-sml-layout":"","ast-disable-related-posts":"","theme-transparent-header-meta":"","adv-header-id-meta":"","stick-header-meta":"","header-above-stick-meta":"","header-main-stick-meta":"","header-below-stick-meta":"","astra-migrate-meta-layouts":"default","ast-page-background-enabled":"default","ast-page-background-meta":{"desktop":{"background-color":"var(--ast-global-color-4)","background-image":"","background-repeat":"repeat","background-position":"center center","background-size":"auto","background-attachment":"scroll","background-type":"","background-media":"","overlay-type":"","overlay-color":"","overlay-opacity":"","overlay-gradient":""},"tablet":{"background-color":"","background-image":"","background-repeat":"repeat","background-position":"center center","background-size":"auto","background-attachment":"scroll","background-type":"","background-media":"","overlay-type":"","overlay-color":"","overlay-opacity":"","overlay-gradient":""},"mobile":{"background-color":"","background-image":"","background-repeat":"repeat","background-position":"center center","background-size":"auto","background-attachment":"scroll","background-type":"","background-media":"","overlay-type":"","overlay-color":"","overlay-opacity":"","overlay-gradient":""}},"ast-content-background-meta":{"desktop":{"background-color":"var(--ast-global-color-5)","background-image":"","background-repeat":"repeat","background-position":"center center","background-size":"auto","background-attachment":"scroll","background-type":"","background-media":"","overlay-type":"","overlay-color":"","overlay-opacity":"","overlay-gradient":""},"tablet":{"background-color":"var(--ast-global-color-5)","background-image":"","background-repeat":"repeat","background-position":"center center","background-size":"auto","background-attachment":"scroll","background-type":"","background-media":"","overlay-type":"","overlay-color":"","overlay-opacity":"","overlay-gradient":""},"mobile":{"background-color":"var(--ast-global-color-5)","background-image":"","background-repeat":"repeat","background-position":"center center","background-size":"auto","background-attachment":"scroll","background-type":"","background-media":"","overlay-type":"","overlay-color":"","overlay-opacity":"","overlay-gradient":""}}},"product_brand":[],"product_cat":[3044,2858,3284,3059,2853,3165,2875,2876,2860,2857,2854,2855,3169,2859,2852,3051,3286],"product_tag":[],"class_list":{"0":"post-273035","1":"product","2":"type-product","3":"status-publish","4":"has-post-thumbnail","6":"product_cat-bizuteria","7":"product_cat-bizuteria-z-bialego-zlota","8":"product_cat-bizuteria-z-diamentami-laboratoryjnymi","9":"product_cat-naszyjnik-z-zawieszka-w-stylu-halo","10":"product_cat-prezenty-dla-kobiet","11":"product_cat-prezenty-na-chrzest","12":"product_cat-prezenty-na-dzien-matki","13":"product_cat-prezenty-na-walentynki","14":"product_cat-prezenty-na-wyjatkowe-okazje","15":"product_cat-prezenty-swiateczne","16":"product_cat-prezenty-z-okazji-narodzin-dziecka","17":"product_cat-prezenty-z-okazji-rocznicy-slubu","18":"product_cat-prezenty-z-okazji-slubu","19":"product_cat-prezenty-z-okazji-ukonczenia-szkoly","20":"product_cat-prezenty-z-okazji-urodzin","21":"product_cat-zawieszki-z-diamentami","22":"product_cat-zawieszki-z-diamentami-laboratoryjnymi","23":"desktop-align-center","24":"tablet-align-left","25":"mobile-align-left","26":"ast-product-gallery-layout-horizontal-slider","27":"ast-product-gallery-with-no-image","28":"ast-product-single-variable","29":"ast-product-tabs-layout-accordion","30":"ast-qv-on-image","32":"first","33":"instock","34":"taxable","35":"shipping-taxable","36":"purchasable","37":"product-type-variable"},"yoast_head":"<!-- This site is optimized with the Yoast SEO plugin v26.6 - https:\/\/yoast.com\/wordpress\/plugins\/seo\/ -->\n<title>Zawieszka z diamentami Lab Grown 0,30 ct o szlifie szmaragdowym i \u0142a\u0144cuszek<\/title>\n<meta name=\"description\" content=\"Luksusowy wisiorek o designie Double Halo z diamentami Lab Grown o szlifie szmaragdowym (Emerald) 0,30 ct oraz z\u0142oty \u0142a\u0144cuszek. Wyj\u0105tkowy prezent na szczeg\u00f3lne okazje.\" \/>\n<meta name=\"robots\" content=\"index, follow, max-snippet:-1, max-image-preview:large, max-video-preview:-1\" \/>\n<link rel=\"canonical\" href=\"https:\/\/fashiongold.lt\/pl\/papuosalas\/zloty-lancuszek-i-luksusowa-zawieszka-z-diamentami-laboratoryjnymi-045-ct-o-szlifie-szmaragdowym\/\" \/>\n<meta property=\"og:locale\" content=\"pl_PL\" \/>\n<meta property=\"og:type\" content=\"article\" \/>\n<meta property=\"og:title\" content=\"Zawieszka z diamentami Lab Grown 0,30 ct o szlifie szmaragdowym i \u0142a\u0144cuszek\" \/>\n<meta property=\"og:description\" content=\"Luksusowy wisiorek o designie Double Halo z diamentami Lab Grown o szlifie szmaragdowym (Emerald) 0,30 ct oraz z\u0142oty \u0142a\u0144cuszek. Wyj\u0105tkowy prezent na szczeg\u00f3lne okazje.\" \/>\n<meta property=\"og:url\" content=\"https:\/\/fashiongold.lt\/pl\/papuosalas\/zloty-lancuszek-i-luksusowa-zawieszka-z-diamentami-laboratoryjnymi-045-ct-o-szlifie-szmaragdowym\/\" \/>\n<meta property=\"og:site_name\" content=\"FashionGold.lt\" \/>\n<meta property=\"og:image\" content=\"https:\/\/fashiongold.lt\/wp-content\/uploads\/2025\/10\/10751-22b-Raudono-aukso-pakabukas-su-030-ct-Emerald-Lab-Grown-deimantais-ir-auksine-grandinele.webp\" \/>\n\t<meta property=\"og:image:width\" content=\"1000\" \/>\n\t<meta property=\"og:image:height\" content=\"1000\" \/>\n\t<meta property=\"og:image:type\" content=\"image\/png\" \/>\n<meta name=\"twitter:card\" content=\"summary_large_image\" \/>\n<meta name=\"twitter:label1\" content=\"Szacowany czas czytania\" \/>\n\t<meta name=\"twitter:data1\" content=\"1 minuta\" \/>\n<script type=\"application\/ld+json\" class=\"yoast-schema-graph\">{\"@context\":\"https:\/\/schema.org\",\"@graph\":[{\"@type\":\"WebPage\",\"@id\":\"https:\/\/fashiongold.lt\/pl\/papuosalas\/zloty-lancuszek-i-luksusowa-zawieszka-z-diamentami-laboratoryjnymi-045-ct-o-szlifie-szmaragdowym\/\",\"url\":\"https:\/\/fashiongold.lt\/pl\/papuosalas\/zloty-lancuszek-i-luksusowa-zawieszka-z-diamentami-laboratoryjnymi-045-ct-o-szlifie-szmaragdowym\/\",\"name\":\"Zawieszka z diamentami Lab Grown 0,30 ct o szlifie szmaragdowym i \u0142a\u0144cuszek\",\"isPartOf\":{\"@id\":\"https:\/\/fashiongold.lt\/pl\/#website\"},\"primaryImageOfPage\":{\"@id\":\"https:\/\/fashiongold.lt\/pl\/papuosalas\/zloty-lancuszek-i-luksusowa-zawieszka-z-diamentami-laboratoryjnymi-045-ct-o-szlifie-szmaragdowym\/#primaryimage\"},\"image\":{\"@id\":\"https:\/\/fashiongold.lt\/pl\/papuosalas\/zloty-lancuszek-i-luksusowa-zawieszka-z-diamentami-laboratoryjnymi-045-ct-o-szlifie-szmaragdowym\/#primaryimage\"},\"thumbnailUrl\":\"https:\/\/fashiongold.lt\/wp-content\/uploads\/2025\/10\/10751-22b-Raudono-aukso-pakabukas-su-030-ct-Emerald-Lab-Grown-deimantais-ir-auksine-grandinele.png\",\"datePublished\":\"2025-10-23T23:57:08+00:00\",\"description\":\"Luksusowy wisiorek o designie Double Halo z diamentami Lab Grown o szlifie szmaragdowym (Emerald) 0,30 ct oraz z\u0142oty \u0142a\u0144cuszek. Wyj\u0105tkowy prezent na szczeg\u00f3lne okazje.\",\"breadcrumb\":{\"@id\":\"https:\/\/fashiongold.lt\/pl\/papuosalas\/zloty-lancuszek-i-luksusowa-zawieszka-z-diamentami-laboratoryjnymi-045-ct-o-szlifie-szmaragdowym\/#breadcrumb\"},\"inLanguage\":\"pl-PL\",\"potentialAction\":[{\"@type\":\"ReadAction\",\"target\":[\"https:\/\/fashiongold.lt\/pl\/papuosalas\/zloty-lancuszek-i-luksusowa-zawieszka-z-diamentami-laboratoryjnymi-045-ct-o-szlifie-szmaragdowym\/\"]}]},{\"@type\":\"ImageObject\",\"inLanguage\":\"pl-PL\",\"@id\":\"https:\/\/fashiongold.lt\/pl\/papuosalas\/zloty-lancuszek-i-luksusowa-zawieszka-z-diamentami-laboratoryjnymi-045-ct-o-szlifie-szmaragdowym\/#primaryimage\",\"url\":\"https:\/\/fashiongold.lt\/wp-content\/uploads\/2025\/10\/10751-22b-Raudono-aukso-pakabukas-su-030-ct-Emerald-Lab-Grown-deimantais-ir-auksine-grandinele.png\",\"contentUrl\":\"https:\/\/fashiongold.lt\/wp-content\/uploads\/2025\/10\/10751-22b-Raudono-aukso-pakabukas-su-030-ct-Emerald-Lab-Grown-deimantais-ir-auksine-grandinele.png\",\"width\":1000,\"height\":1000},{\"@type\":\"BreadcrumbList\",\"@id\":\"https:\/\/fashiongold.lt\/pl\/papuosalas\/zloty-lancuszek-i-luksusowa-zawieszka-z-diamentami-laboratoryjnymi-045-ct-o-szlifie-szmaragdowym\/#breadcrumb\",\"itemListElement\":[{\"@type\":\"ListItem\",\"position\":1,\"name\":\"Home\",\"item\":\"https:\/\/fashiongold.lt\/pl\/\"},{\"@type\":\"ListItem\",\"position\":2,\"name\":\"Sklep z diamentami Fashiongold.lt\",\"item\":\"https:\/\/fashiongold.lt\/shop-2\/\"},{\"@type\":\"ListItem\",\"position\":3,\"name\":\"Z\u0142oty \u0142a\u0144cuszek i luksusowa zawieszka z diamentami laboratoryjnymi 0,45 ct o szlifie szmaragdowym\"}]},{\"@type\":\"WebSite\",\"@id\":\"https:\/\/fashiongold.lt\/pl\/#website\",\"url\":\"https:\/\/fashiongold.lt\/pl\/\",\"name\":\"Fashion Gold\",\"description\":\"Juvelyrikos namai\",\"publisher\":{\"@id\":\"https:\/\/fashiongold.lt\/pl\/#organization\"},\"potentialAction\":[{\"@type\":\"SearchAction\",\"target\":{\"@type\":\"EntryPoint\",\"urlTemplate\":\"https:\/\/fashiongold.lt\/pl\/?s={search_term_string}\"},\"query-input\":{\"@type\":\"PropertyValueSpecification\",\"valueRequired\":true,\"valueName\":\"search_term_string\"}}],\"inLanguage\":\"pl-PL\"},{\"@type\":\"Organization\",\"@id\":\"https:\/\/fashiongold.lt\/pl\/#organization\",\"name\":\"Topdiamonds Online\",\"url\":\"https:\/\/fashiongold.lt\/pl\/\",\"logo\":{\"@type\":\"ImageObject\",\"inLanguage\":\"pl-PL\",\"@id\":\"https:\/\/fashiongold.lt\/pl\/#\/schema\/logo\/image\/\",\"url\":\"https:\/\/fashiongold.lt\/wp-content\/uploads\/2025\/04\/cropped-fashion_gold_logotipas2-scaled-1.png\",\"contentUrl\":\"https:\/\/fashiongold.lt\/wp-content\/uploads\/2025\/04\/cropped-fashion_gold_logotipas2-scaled-1.png\",\"width\":2559,\"height\":421,\"caption\":\"Topdiamonds Online\"},\"image\":{\"@id\":\"https:\/\/fashiongold.lt\/pl\/#\/schema\/logo\/image\/\"}}]}<\/script>\n<!-- \/ Yoast SEO plugin. -->","yoast_head_json":{"title":"Zawieszka z diamentami Lab Grown 0,30 ct o szlifie szmaragdowym i \u0142a\u0144cuszek","description":"Luksusowy wisiorek o designie Double Halo z diamentami Lab Grown o szlifie szmaragdowym (Emerald) 0,30 ct oraz z\u0142oty \u0142a\u0144cuszek. Wyj\u0105tkowy prezent na szczeg\u00f3lne okazje.","robots":{"index":"index","follow":"follow","max-snippet":"max-snippet:-1","max-image-preview":"max-image-preview:large","max-video-preview":"max-video-preview:-1"},"canonical":"https:\/\/fashiongold.lt\/pl\/papuosalas\/zloty-lancuszek-i-luksusowa-zawieszka-z-diamentami-laboratoryjnymi-045-ct-o-szlifie-szmaragdowym\/","og_locale":"pl_PL","og_type":"article","og_title":"Zawieszka z diamentami Lab Grown 0,30 ct o szlifie szmaragdowym i \u0142a\u0144cuszek","og_description":"Luksusowy wisiorek o designie Double Halo z diamentami Lab Grown o szlifie szmaragdowym (Emerald) 0,30 ct oraz z\u0142oty \u0142a\u0144cuszek. Wyj\u0105tkowy prezent na szczeg\u00f3lne okazje.","og_url":"https:\/\/fashiongold.lt\/pl\/papuosalas\/zloty-lancuszek-i-luksusowa-zawieszka-z-diamentami-laboratoryjnymi-045-ct-o-szlifie-szmaragdowym\/","og_site_name":"FashionGold.lt","og_image":[{"width":1000,"height":1000,"url":"https:\/\/fashiongold.lt\/wp-content\/uploads\/2025\/10\/10751-22b-Raudono-aukso-pakabukas-su-030-ct-Emerald-Lab-Grown-deimantais-ir-auksine-grandinele.webp","type":"image\/png"}],"twitter_card":"summary_large_image","twitter_misc":{"Szacowany czas czytania":"1 minuta"},"schema":{"@context":"https:\/\/schema.org","@graph":[{"@type":"WebPage","@id":"https:\/\/fashiongold.lt\/pl\/papuosalas\/zloty-lancuszek-i-luksusowa-zawieszka-z-diamentami-laboratoryjnymi-045-ct-o-szlifie-szmaragdowym\/","url":"https:\/\/fashiongold.lt\/pl\/papuosalas\/zloty-lancuszek-i-luksusowa-zawieszka-z-diamentami-laboratoryjnymi-045-ct-o-szlifie-szmaragdowym\/","name":"Zawieszka z diamentami Lab Grown 0,30 ct o szlifie szmaragdowym i \u0142a\u0144cuszek","isPartOf":{"@id":"https:\/\/fashiongold.lt\/pl\/#website"},"primaryImageOfPage":{"@id":"https:\/\/fashiongold.lt\/pl\/papuosalas\/zloty-lancuszek-i-luksusowa-zawieszka-z-diamentami-laboratoryjnymi-045-ct-o-szlifie-szmaragdowym\/#primaryimage"},"image":{"@id":"https:\/\/fashiongold.lt\/pl\/papuosalas\/zloty-lancuszek-i-luksusowa-zawieszka-z-diamentami-laboratoryjnymi-045-ct-o-szlifie-szmaragdowym\/#primaryimage"},"thumbnailUrl":"https:\/\/fashiongold.lt\/wp-content\/uploads\/2025\/10\/10751-22b-Raudono-aukso-pakabukas-su-030-ct-Emerald-Lab-Grown-deimantais-ir-auksine-grandinele.png","datePublished":"2025-10-23T23:57:08+00:00","description":"Luksusowy wisiorek o designie Double Halo z diamentami Lab Grown o szlifie szmaragdowym (Emerald) 0,30 ct oraz z\u0142oty \u0142a\u0144cuszek. Wyj\u0105tkowy prezent na szczeg\u00f3lne okazje.","breadcrumb":{"@id":"https:\/\/fashiongold.lt\/pl\/papuosalas\/zloty-lancuszek-i-luksusowa-zawieszka-z-diamentami-laboratoryjnymi-045-ct-o-szlifie-szmaragdowym\/#breadcrumb"},"inLanguage":"pl-PL","potentialAction":[{"@type":"ReadAction","target":["https:\/\/fashiongold.lt\/pl\/papuosalas\/zloty-lancuszek-i-luksusowa-zawieszka-z-diamentami-laboratoryjnymi-045-ct-o-szlifie-szmaragdowym\/"]}]},{"@type":"ImageObject","inLanguage":"pl-PL","@id":"https:\/\/fashiongold.lt\/pl\/papuosalas\/zloty-lancuszek-i-luksusowa-zawieszka-z-diamentami-laboratoryjnymi-045-ct-o-szlifie-szmaragdowym\/#primaryimage","url":"https:\/\/fashiongold.lt\/wp-content\/uploads\/2025\/10\/10751-22b-Raudono-aukso-pakabukas-su-030-ct-Emerald-Lab-Grown-deimantais-ir-auksine-grandinele.png","contentUrl":"https:\/\/fashiongold.lt\/wp-content\/uploads\/2025\/10\/10751-22b-Raudono-aukso-pakabukas-su-030-ct-Emerald-Lab-Grown-deimantais-ir-auksine-grandinele.png","width":1000,"height":1000},{"@type":"BreadcrumbList","@id":"https:\/\/fashiongold.lt\/pl\/papuosalas\/zloty-lancuszek-i-luksusowa-zawieszka-z-diamentami-laboratoryjnymi-045-ct-o-szlifie-szmaragdowym\/#breadcrumb","itemListElement":[{"@type":"ListItem","position":1,"name":"Home","item":"https:\/\/fashiongold.lt\/pl\/"},{"@type":"ListItem","position":2,"name":"Sklep z diamentami Fashiongold.lt","item":"https:\/\/fashiongold.lt\/shop-2\/"},{"@type":"ListItem","position":3,"name":"Z\u0142oty \u0142a\u0144cuszek i luksusowa zawieszka z diamentami laboratoryjnymi 0,45 ct o szlifie szmaragdowym"}]},{"@type":"WebSite","@id":"https:\/\/fashiongold.lt\/pl\/#website","url":"https:\/\/fashiongold.lt\/pl\/","name":"Fashion Gold","description":"Juvelyrikos namai","publisher":{"@id":"https:\/\/fashiongold.lt\/pl\/#organization"},"potentialAction":[{"@type":"SearchAction","target":{"@type":"EntryPoint","urlTemplate":"https:\/\/fashiongold.lt\/pl\/?s={search_term_string}"},"query-input":{"@type":"PropertyValueSpecification","valueRequired":true,"valueName":"search_term_string"}}],"inLanguage":"pl-PL"},{"@type":"Organization","@id":"https:\/\/fashiongold.lt\/pl\/#organization","name":"Topdiamonds Online","url":"https:\/\/fashiongold.lt\/pl\/","logo":{"@type":"ImageObject","inLanguage":"pl-PL","@id":"https:\/\/fashiongold.lt\/pl\/#\/schema\/logo\/image\/","url":"https:\/\/fashiongold.lt\/wp-content\/uploads\/2025\/04\/cropped-fashion_gold_logotipas2-scaled-1.png","contentUrl":"https:\/\/fashiongold.lt\/wp-content\/uploads\/2025\/04\/cropped-fashion_gold_logotipas2-scaled-1.png","width":2559,"height":421,"caption":"Topdiamonds Online"},"image":{"@id":"https:\/\/fashiongold.lt\/pl\/#\/schema\/logo\/image\/"}}]}},"_links":{"self":[{"href":"https:\/\/fashiongold.lt\/pl\/wp-json\/wp\/v2\/product\/273035","targetHints":{"allow":["GET"]}}],"collection":[{"href":"https:\/\/fashiongold.lt\/pl\/wp-json\/wp\/v2\/product"}],"about":[{"href":"https:\/\/fashiongold.lt\/pl\/wp-json\/wp\/v2\/types\/product"}],"version-history":[{"count":0,"href":"https:\/\/fashiongold.lt\/pl\/wp-json\/wp\/v2\/product\/273035\/revisions"}],"wp:featuredmedia":[{"embeddable":true,"href":"https:\/\/fashiongold.lt\/pl\/wp-json\/wp\/v2\/media\/248821"}],"wp:attachment":[{"href":"https:\/\/fashiongold.lt\/pl\/wp-json\/wp\/v2\/media?parent=273035"}],"wp:term":[{"taxonomy":"product_brand","embeddable":true,"href":"https:\/\/fashiongold.lt\/pl\/wp-json\/wp\/v2\/product_brand?post=273035"},{"taxonomy":"product_cat","embeddable":true,"href":"https:\/\/fashiongold.lt\/pl\/wp-json\/wp\/v2\/product_cat?post=273035"},{"taxonomy":"product_tag","embeddable":true,"href":"https:\/\/fashiongold.lt\/pl\/wp-json\/wp\/v2\/product_tag?post=273035"}],"curies":[{"name":"wp","href":"https:\/\/api.w.org\/{rel}","templated":true}]}}