{"id":273047,"date":"2025-12-28T11:00:13","date_gmt":"2025-12-28T11:00:13","guid":{"rendered":"https:\/\/fashiongold.lt\/papuosalas\/granat-wisiorek-z-granatem-ai-jubiler\/"},"modified":"2025-12-28T11:00:13","modified_gmt":"2025-12-28T11:00:13","slug":"granat-wisiorek-z-granatem-ai-jubiler","status":"publish","type":"product","link":"https:\/\/fashiongold.lt\/pl\/papuosalas\/granat-wisiorek-z-granatem-ai-jubiler\/","title":{"rendered":"Granat &#8211; Wisiorek z granatem. AI Jubiler"},"content":{"rendered":"<h2 data-start=\"209\" data-end=\"300\">AI Jubiler: wisiorek z okr\u0105g\u0142ym czerwonym granatem i diamentami \u2013 wykonanie wed\u0142ug indywidualnego projektu<\/h2>\n<p data-start=\"302\" data-end=\"930\">Ten wisiorek z okr\u0105g\u0142ym czerwonym granatem w centrum i drobnymi diamentami w oprawie typu halo to indywidualny projekt stworzony i wykonany przez jubilera, w kt\u00f3rym ka\u017cdy szczeg\u00f3\u0142 jest przemy\u015blany z uwzgl\u0119dnieniem wybranego kamienia szlachetnego \u2013 granatu, wyr\u00f3\u017cniaj\u0105cego si\u0119 nasyconym czerwonym kolorem, g\u0142\u0119bokim odcieniem oraz intensywnym, \u017cywym blaskiem. Nie jest to produkt seryjny \u2013 to prawdziwe rzemios\u0142o jubilerskie, kt\u00f3re zaczyna si\u0119 od pomys\u0142u, a ko\u0144czy r\u0119cznie wykonanym, unikalnym wisiorkiem. Jubiler wykonuje nie tylko wisiorki, ale tak\u017ce kolczyki oraz inn\u0105 bi\u017cuteri\u0119 na indywidualne zam\u00f3wienie, zwracaj\u0105c szczeg\u00f3ln\u0105 uwag\u0119 na jako\u015b\u0107 i wyj\u0105tkowo\u015b\u0107.<\/p>\n<p data-start=\"932\" data-end=\"1506\">Projektuj\u0105c wisiorek z okr\u0105g\u0142ym czerwonym granatem, jubiler najpierw ocenia sam kamie\u0144 \u2013 jego przejrzysto\u015b\u0107, nasycenie koloru i gr\u0119 \u015bwiat\u0142a. Odcie\u0144 granatu mo\u017ce waha\u0107 si\u0119 od ciemnowi\u015bniowego po ja\u015bniejsz\u0105, ognist\u0105 czerwie\u0144, dlatego to w\u0142a\u015bnie konkretny kamie\u0144 staje si\u0119 podstaw\u0105 ca\u0142ego projektu. Na jego podstawie dobierane s\u0105 proporcje wisiorka, wysoko\u015b\u0107 korony, rozmieszczenie diament\u00f3w halo oraz og\u00f3lna r\u00f3wnowaga wizualna. Ka\u017cdy wisiorek wymaga niezwykle starannej i profesjonalnej pracy, aby osi\u0105gn\u0105\u0107 harmonijne po\u0142\u0105czenie estetyki, wygody i trwa\u0142o\u015bci.<\/p>\n<p data-start=\"1508\" data-end=\"1621\">Wisiorek z okr\u0105g\u0142ym czerwonym granatem i diamentami jest wykonywany na indywidualne zam\u00f3wienie, dlatego mo\u017cemy dostosowa\u0107:<\/p>\n<ul>\n<li>dowolny <a href=\"https:\/\/fashiongold.lt\/pl\/patarimai-pl\/kolor-zlota-co-warto-wiedziec-o-roznych-odcieniach-i-ich-wlasciwosciach\/\" target=\"_self\" rel=\"noopener noreferrer\">kolor z\u0142ota<\/a> (bia\u0142y, \u017c\u00f3\u0142ty lub r\u00f3\u017cowy),<\/li>\n<li><a href=\"https:\/\/fashiongold.lt\/pl\/patarimai-pl\/proba-zlota-w-bizuterii-jak-wybrac-odpowiednia\/\" target=\"_self\" rel=\"noopener noreferrer\">wybran\u0105 pr\u00f3b\u0119 z\u0142ota 585 lub 750<\/a>,<\/li>\n<li>r\u00f3\u017cn\u0105 wielko\u015b\u0107 i rozmieszczenie kamieni szlachetnych,<\/li>\n<li>indywidualny odcie\u0144 czerwonego granatu \u2013 od g\u0142\u0119bokiego ciemnego po ja\u015bniejszy czerwony ton.<\/li>\n<\/ul>\n<p data-start=\"1884\" data-end=\"2099\">Wybieraj\u0105c wisiorek wed\u0142ug indywidualnego projektu, najwa\u017cniejsze jest to, co odpowiada Twoim uczuciom, osobowo\u015bci i wybranej symbolice. Taka bi\u017cuteria staje si\u0119 nie tylko wyj\u0105tkowa estetycznie, ale r\u00f3wnie\u017c znacz\u0105ca emocjonalnie.<\/p>\n<p data-start=\"2101\" data-end=\"2547\">W tym modelu wybrano klasyczny wz\u00f3r halo, kt\u00f3ry subtelnie podkre\u015bla blask okr\u0105g\u0142ego czerwonego granatu i nadaje wisiorkowi dodatkowego luksusu oraz elegancji. Drobne diamenty oprawiaj\u0105 centralny kamie\u0144, wzmacniaj\u0105c gr\u0119 \u015bwiat\u0142a, a sam kamie\u0144 szlachetny \u2013 czerwony <a href=\"https:\/\/fashiongold.lt\/pl\/granat\/\">granat<\/a> \u2013 staje si\u0119 g\u0142\u00f3wnym akcentem wizualnym i emocjonalnym. Granat od dawna kojarzony jest z mi\u0142o\u015bci\u0105, pasj\u0105, wewn\u0119trzn\u0105 si\u0142\u0105, wierno\u015bci\u0105 i energi\u0105 \u017cyciow\u0105.<\/p>\n<p data-start=\"2549\" data-end=\"2736\">Wszystkie wisiorki z czerwonymi granatami <span style=\"font-size: 16px;\">oraz <\/span><a style=\"font-size: 16px; background-color: #ffffff;\" href=\"https:\/\/fashiongold.lt\/pl\/kategorija\/kolczyki-okazyjne\/\" target=\"_self\" rel=\"noopener noreferrer\">inna bi\u017cuteria<\/a><span style=\"font-size: 16px;\"> s\u0105 produkowane na Litwie i posiadaj\u0105 certyfikaty Litewskiej Izby Probierczej.<\/span><\/p>\n<p>To <a href=\"https:\/\/fashiongold.lt\/pl\/patarimai-pl\/jubiler-kiedy-twoje-marzenie-przybiera-forme-zlota\/\" target=\"_self\" rel=\"noopener noreferrer\">produkcja jubilerska wed\u0142ug indywidualnego projektu<\/a>, przeznaczona dla tych, kt\u00f3rzy szukaj\u0105 nie tylko wisiorka, ale tak\u017ce osobistej historii stworzonej ze z\u0142ota, diament\u00f3w i okr\u0105g\u0142ego czerwonego granatu. Ka\u017cdy taki wisiorek jest unikatowy, dostosowany w\u0142a\u015bnie do Ciebie i wybranego przez Ciebie kamienia szlachetnego, a okr\u0105g\u0142y kszta\u0142t pozwala subtelnie przekaza\u0107 uczucia, wspomnienia i warto\u015bci, kt\u00f3re pozostaj\u0105 na d\u0142ugo.<\/p>\n<h4>Nasze us\u0142ugi<\/h4>\n<p>Oferujemy <a href=\"https:\/\/fashiongold.lt\/pl\/kategorija\/produkcja-bizuterii\/\" target=\"_self\" rel=\"noopener noreferrer\">indywidualny projekt, w kt\u00f3rym ka\u017cdy element bi\u017cuterii powstaje zgodnie z Twoimi pomys\u0142ami i wizj\u0105<\/a>. Zajmujemy si\u0119 r\u00f3wnie\u017c renowacj\u0105, aby Twoja cenna bi\u017cuteria zn\u00f3w l\u015bni\u0142a jak nowa. Ka\u017cde nasze dzie\u0142o to nie tylko ozdoba, ale r\u00f3wnie\u017c odzwierciedlenie Twojej osobowo\u015bci. Ka\u017cda nasza praca to dow\u00f3d na to, \u017ce jako\u015b\u0107 i kreatywno\u015b\u0107 mog\u0105 i\u015b\u0107 w parze.<\/p>\n<h4>Otwarto\u015b\u0107 i Gwarancja<\/h4>\n<p>Nasze podej\u015bcie to otwarto\u015b\u0107 i szczera komunikacja z ka\u017cdym klientem. Od pierwszej konsultacji do ko\u0144cowego odbioru bi\u017cuterii jeste\u015bmy obok, aby pom\u00f3c Ci we wszystkich kwestiach. Udzielamy 5-letniej gwarancji jako\u015bci na wszystkie nasze wyroby, dzi\u0119ki czemu mo\u017cesz by\u0107 pewien ich niezawodno\u015bci i trwa\u0142o\u015bci. Nasza gwarancja obejmuje wszystkie aspekty jako\u015bci wykonania, aby\u015b m\u00f3g\u0142 cieszy\u0107 si\u0119 bi\u017cuteri\u0105 bez obaw przez wiele lat. Dbamy o to, aby ka\u017cdy nasz klient czu\u0142 si\u0119 pewnie i wiedzia\u0142, \u017ce nasza bi\u017cuteria jest godna zaufania.<\/p>\n<h4>Zam\u00f3wienia i konsultacje<\/h4>\n<p>Je\u015bli chcesz zam\u00f3wi\u0107 indywidualn\u0105 bi\u017cuteri\u0119 lub skonsultowa\u0107 swoje pomys\u0142y, nasz zesp\u00f3\u0142 jest zawsze gotowy do pomocy. Podczas konsultacji omawiamy Twoj\u0105 wizj\u0119, preferencje i proponujemy najlepsze rozwi\u0105zania, aby\u015bmy mogli wykona\u0107 bi\u017cuteri\u0119 spe\u0142niaj\u0105c\u0105 Twoje oczekiwania. Ka\u017cdemu zam\u00f3wieniu po\u015bwi\u0119camy szczeg\u00f3ln\u0105 uwag\u0119, dlatego mo\u017cemy zaoferowa\u0107 indywidualne rozwi\u0105zania zar\u00f3wno dla pier\u015bcionk\u00f3w zar\u0119czynowych, jak i innej bi\u017cuterii. Produkcja bi\u017cuterii zazwyczaj trwa oko\u0142o 5 tygodni, ale zawsze staramy si\u0119, aby Twoja bi\u017cuteria zosta\u0142a wykonana jak najszybciej. Skontaktuj si\u0119 z nami \u2013 wsp\u00f3lnie stworzymy bi\u017cuteri\u0119, kt\u00f3ra stanie si\u0119 cz\u0119\u015bci\u0105 Twojej historii.<\/p>\n","protected":false},"excerpt":{"rendered":"<p>AI Jubiler: wisiorek z okr\u0105g\u0142ym czerwonym granatem i diamentami \u2013 wykonanie wed\u0142ug indywidualnego projektu Ten wisiorek z okr\u0105g\u0142ym czerwonym granatem [&hellip;]<\/p>\n","protected":false},"featured_media":265697,"template":"","meta":{"site-sidebar-layout":"default","site-content-layout":"","ast-site-content-layout":"default","site-content-style":"default","site-sidebar-style":"default","ast-global-header-display":"","ast-banner-title-visibility":"","ast-main-header-display":"","ast-hfb-above-header-display":"","ast-hfb-below-header-display":"","ast-hfb-mobile-header-display":"","site-post-title":"","ast-breadcrumbs-content":"","ast-featured-img":"","footer-sml-layout":"","ast-disable-related-posts":"","theme-transparent-header-meta":"default","adv-header-id-meta":"","stick-header-meta":"","header-above-stick-meta":"","header-main-stick-meta":"","header-below-stick-meta":"","astra-migrate-meta-layouts":"default","ast-page-background-enabled":"default","ast-page-background-meta":{"desktop":{"background-color":"var(--ast-global-color-4)","background-image":"","background-repeat":"repeat","background-position":"center center","background-size":"auto","background-attachment":"scroll","background-type":"","background-media":"","overlay-type":"","overlay-color":"","overlay-opacity":"","overlay-gradient":""},"tablet":{"background-color":"","background-image":"","background-repeat":"repeat","background-position":"center center","background-size":"auto","background-attachment":"scroll","background-type":"","background-media":"","overlay-type":"","overlay-color":"","overlay-opacity":"","overlay-gradient":""},"mobile":{"background-color":"","background-image":"","background-repeat":"repeat","background-position":"center center","background-size":"auto","background-attachment":"scroll","background-type":"","background-media":"","overlay-type":"","overlay-color":"","overlay-opacity":"","overlay-gradient":""}},"ast-content-background-meta":{"desktop":{"background-color":"var(--ast-global-color-5)","background-image":"","background-repeat":"repeat","background-position":"center center","background-size":"auto","background-attachment":"scroll","background-type":"","background-media":"","overlay-type":"","overlay-color":"","overlay-opacity":"","overlay-gradient":""},"tablet":{"background-color":"var(--ast-global-color-5)","background-image":"","background-repeat":"repeat","background-position":"center center","background-size":"auto","background-attachment":"scroll","background-type":"","background-media":"","overlay-type":"","overlay-color":"","overlay-opacity":"","overlay-gradient":""},"mobile":{"background-color":"var(--ast-global-color-5)","background-image":"","background-repeat":"repeat","background-position":"center center","background-size":"auto","background-attachment":"scroll","background-type":"","background-media":"","overlay-type":"","overlay-color":"","overlay-opacity":"","overlay-gradient":""}}},"product_brand":[],"product_cat":[2877,2878,2869,2868],"product_tag":[],"class_list":{"0":"post-273047","1":"product","2":"type-product","3":"status-publish","4":"has-post-thumbnail","6":"product_cat-bizuteria-z-kamieniami-polszlachetnymi","7":"product_cat-bizuteria-z-niebieskimi-kamieniami-szlachetnymi","8":"product_cat-jubiler","9":"product_cat-produkcja-bizuterii","10":"desktop-align-center","11":"tablet-align-left","12":"mobile-align-left","13":"ast-product-gallery-layout-horizontal-slider","14":"ast-product-tabs-layout-accordion","15":"ast-qv-on-image","17":"first","18":"onbackorder","19":"taxable","20":"shipping-taxable","21":"purchasable","22":"product-type-simple"},"yoast_head":"<!-- This site is optimized with the Yoast SEO plugin v26.6 - https:\/\/yoast.com\/wordpress\/plugins\/seo\/ -->\n<title>Wisiorek z czerwonym granatem | Styl halo | Wykonanie na zam\u00f3wienie<\/title>\n<meta name=\"description\" content=\"Luksusowa zawieszka z okr\u0105g\u0142ym czerwonym granatem i diamentami halo. R\u0119czne wykonanie na indywidualne zam\u00f3wienie na Litwie, certyfikowana jako\u015b\u0107.\" \/>\n<meta name=\"robots\" content=\"index, follow, max-snippet:-1, max-image-preview:large, max-video-preview:-1\" \/>\n<link rel=\"canonical\" href=\"https:\/\/fashiongold.lt\/pl\/papuosalas\/granat-wisiorek-z-granatem-ai-jubiler\/\" \/>\n<meta property=\"og:locale\" content=\"pl_PL\" \/>\n<meta property=\"og:type\" content=\"article\" \/>\n<meta property=\"og:title\" content=\"Wisiorek z czerwonym granatem | Styl halo | Wykonanie na zam\u00f3wienie\" \/>\n<meta property=\"og:description\" content=\"Luksusowa zawieszka z okr\u0105g\u0142ym czerwonym granatem i diamentami halo. R\u0119czne wykonanie na indywidualne zam\u00f3wienie na Litwie, certyfikowana jako\u015b\u0107.\" \/>\n<meta property=\"og:url\" content=\"https:\/\/fashiongold.lt\/pl\/papuosalas\/granat-wisiorek-z-granatem-ai-jubiler\/\" \/>\n<meta property=\"og:site_name\" content=\"FashionGold.lt\" \/>\n<meta property=\"og:image\" content=\"https:\/\/fashiongold.lt\/wp-content\/uploads\/2025\/12\/Ant-stilingos-merginos-kaklo-spindi-baltas-auksinis-pakabukas-su-apvaliu-granatu-ir-deimantais-1024x683.png\" \/>\n\t<meta property=\"og:image:width\" content=\"1024\" \/>\n\t<meta property=\"og:image:height\" content=\"683\" \/>\n\t<meta property=\"og:image:type\" content=\"image\/png\" \/>\n<meta name=\"twitter:card\" content=\"summary_large_image\" \/>\n<meta name=\"twitter:label1\" content=\"Szacowany czas czytania\" \/>\n\t<meta name=\"twitter:data1\" content=\"4 minuty\" \/>\n<script type=\"application\/ld+json\" class=\"yoast-schema-graph\">{\"@context\":\"https:\/\/schema.org\",\"@graph\":[{\"@type\":\"WebPage\",\"@id\":\"https:\/\/fashiongold.lt\/pl\/papuosalas\/granat-wisiorek-z-granatem-ai-jubiler\/\",\"url\":\"https:\/\/fashiongold.lt\/pl\/papuosalas\/granat-wisiorek-z-granatem-ai-jubiler\/\",\"name\":\"Wisiorek z czerwonym granatem | Styl halo | Wykonanie na zam\u00f3wienie\",\"isPartOf\":{\"@id\":\"https:\/\/fashiongold.lt\/pl\/#website\"},\"primaryImageOfPage\":{\"@id\":\"https:\/\/fashiongold.lt\/pl\/papuosalas\/granat-wisiorek-z-granatem-ai-jubiler\/#primaryimage\"},\"image\":{\"@id\":\"https:\/\/fashiongold.lt\/pl\/papuosalas\/granat-wisiorek-z-granatem-ai-jubiler\/#primaryimage\"},\"thumbnailUrl\":\"https:\/\/fashiongold.lt\/wp-content\/uploads\/2025\/12\/Ant-stilingos-merginos-kaklo-spindi-baltas-auksinis-pakabukas-su-apvaliu-granatu-ir-deimantais.png\",\"datePublished\":\"2025-12-28T11:00:13+00:00\",\"description\":\"Luksusowa zawieszka z okr\u0105g\u0142ym czerwonym granatem i diamentami halo. R\u0119czne wykonanie na indywidualne zam\u00f3wienie na Litwie, certyfikowana jako\u015b\u0107.\",\"breadcrumb\":{\"@id\":\"https:\/\/fashiongold.lt\/pl\/papuosalas\/granat-wisiorek-z-granatem-ai-jubiler\/#breadcrumb\"},\"inLanguage\":\"pl-PL\",\"potentialAction\":[{\"@type\":\"ReadAction\",\"target\":[\"https:\/\/fashiongold.lt\/pl\/papuosalas\/granat-wisiorek-z-granatem-ai-jubiler\/\"]}]},{\"@type\":\"ImageObject\",\"inLanguage\":\"pl-PL\",\"@id\":\"https:\/\/fashiongold.lt\/pl\/papuosalas\/granat-wisiorek-z-granatem-ai-jubiler\/#primaryimage\",\"url\":\"https:\/\/fashiongold.lt\/wp-content\/uploads\/2025\/12\/Ant-stilingos-merginos-kaklo-spindi-baltas-auksinis-pakabukas-su-apvaliu-granatu-ir-deimantais.png\",\"contentUrl\":\"https:\/\/fashiongold.lt\/wp-content\/uploads\/2025\/12\/Ant-stilingos-merginos-kaklo-spindi-baltas-auksinis-pakabukas-su-apvaliu-granatu-ir-deimantais.png\",\"width\":1536,\"height\":1024,\"caption\":\"Ant stilingos merginos kaklo spindi baltas auksinis pakabukas su apvaliu granatu ir deimantais\"},{\"@type\":\"BreadcrumbList\",\"@id\":\"https:\/\/fashiongold.lt\/pl\/papuosalas\/granat-wisiorek-z-granatem-ai-jubiler\/#breadcrumb\",\"itemListElement\":[{\"@type\":\"ListItem\",\"position\":1,\"name\":\"Home\",\"item\":\"https:\/\/fashiongold.lt\/pl\/\"},{\"@type\":\"ListItem\",\"position\":2,\"name\":\"Sklep z diamentami Fashiongold.lt\",\"item\":\"https:\/\/fashiongold.lt\/shop-2\/\"},{\"@type\":\"ListItem\",\"position\":3,\"name\":\"Granat &#8211; Wisiorek z granatem. AI Jubiler\"}]},{\"@type\":\"WebSite\",\"@id\":\"https:\/\/fashiongold.lt\/pl\/#website\",\"url\":\"https:\/\/fashiongold.lt\/pl\/\",\"name\":\"Fashion Gold\",\"description\":\"Juvelyrikos namai\",\"publisher\":{\"@id\":\"https:\/\/fashiongold.lt\/pl\/#organization\"},\"potentialAction\":[{\"@type\":\"SearchAction\",\"target\":{\"@type\":\"EntryPoint\",\"urlTemplate\":\"https:\/\/fashiongold.lt\/pl\/?s={search_term_string}\"},\"query-input\":{\"@type\":\"PropertyValueSpecification\",\"valueRequired\":true,\"valueName\":\"search_term_string\"}}],\"inLanguage\":\"pl-PL\"},{\"@type\":\"Organization\",\"@id\":\"https:\/\/fashiongold.lt\/pl\/#organization\",\"name\":\"Topdiamonds Online\",\"url\":\"https:\/\/fashiongold.lt\/pl\/\",\"logo\":{\"@type\":\"ImageObject\",\"inLanguage\":\"pl-PL\",\"@id\":\"https:\/\/fashiongold.lt\/pl\/#\/schema\/logo\/image\/\",\"url\":\"https:\/\/fashiongold.lt\/wp-content\/uploads\/2025\/04\/cropped-fashion_gold_logotipas2-scaled-1.png\",\"contentUrl\":\"https:\/\/fashiongold.lt\/wp-content\/uploads\/2025\/04\/cropped-fashion_gold_logotipas2-scaled-1.png\",\"width\":2559,\"height\":421,\"caption\":\"Topdiamonds Online\"},\"image\":{\"@id\":\"https:\/\/fashiongold.lt\/pl\/#\/schema\/logo\/image\/\"}}]}<\/script>\n<!-- \/ Yoast SEO plugin. -->","yoast_head_json":{"title":"Wisiorek z czerwonym granatem | Styl halo | Wykonanie na zam\u00f3wienie","description":"Luksusowa zawieszka z okr\u0105g\u0142ym czerwonym granatem i diamentami halo. R\u0119czne wykonanie na indywidualne zam\u00f3wienie na Litwie, certyfikowana jako\u015b\u0107.","robots":{"index":"index","follow":"follow","max-snippet":"max-snippet:-1","max-image-preview":"max-image-preview:large","max-video-preview":"max-video-preview:-1"},"canonical":"https:\/\/fashiongold.lt\/pl\/papuosalas\/granat-wisiorek-z-granatem-ai-jubiler\/","og_locale":"pl_PL","og_type":"article","og_title":"Wisiorek z czerwonym granatem | Styl halo | Wykonanie na zam\u00f3wienie","og_description":"Luksusowa zawieszka z okr\u0105g\u0142ym czerwonym granatem i diamentami halo. R\u0119czne wykonanie na indywidualne zam\u00f3wienie na Litwie, certyfikowana jako\u015b\u0107.","og_url":"https:\/\/fashiongold.lt\/pl\/papuosalas\/granat-wisiorek-z-granatem-ai-jubiler\/","og_site_name":"FashionGold.lt","og_image":[{"width":1024,"height":683,"url":"https:\/\/fashiongold.lt\/wp-content\/uploads\/2025\/12\/Ant-stilingos-merginos-kaklo-spindi-baltas-auksinis-pakabukas-su-apvaliu-granatu-ir-deimantais-1024x683.png","type":"image\/png"}],"twitter_card":"summary_large_image","twitter_misc":{"Szacowany czas czytania":"4 minuty"},"schema":{"@context":"https:\/\/schema.org","@graph":[{"@type":"WebPage","@id":"https:\/\/fashiongold.lt\/pl\/papuosalas\/granat-wisiorek-z-granatem-ai-jubiler\/","url":"https:\/\/fashiongold.lt\/pl\/papuosalas\/granat-wisiorek-z-granatem-ai-jubiler\/","name":"Wisiorek z czerwonym granatem | Styl halo | Wykonanie na zam\u00f3wienie","isPartOf":{"@id":"https:\/\/fashiongold.lt\/pl\/#website"},"primaryImageOfPage":{"@id":"https:\/\/fashiongold.lt\/pl\/papuosalas\/granat-wisiorek-z-granatem-ai-jubiler\/#primaryimage"},"image":{"@id":"https:\/\/fashiongold.lt\/pl\/papuosalas\/granat-wisiorek-z-granatem-ai-jubiler\/#primaryimage"},"thumbnailUrl":"https:\/\/fashiongold.lt\/wp-content\/uploads\/2025\/12\/Ant-stilingos-merginos-kaklo-spindi-baltas-auksinis-pakabukas-su-apvaliu-granatu-ir-deimantais.png","datePublished":"2025-12-28T11:00:13+00:00","description":"Luksusowa zawieszka z okr\u0105g\u0142ym czerwonym granatem i diamentami halo. R\u0119czne wykonanie na indywidualne zam\u00f3wienie na Litwie, certyfikowana jako\u015b\u0107.","breadcrumb":{"@id":"https:\/\/fashiongold.lt\/pl\/papuosalas\/granat-wisiorek-z-granatem-ai-jubiler\/#breadcrumb"},"inLanguage":"pl-PL","potentialAction":[{"@type":"ReadAction","target":["https:\/\/fashiongold.lt\/pl\/papuosalas\/granat-wisiorek-z-granatem-ai-jubiler\/"]}]},{"@type":"ImageObject","inLanguage":"pl-PL","@id":"https:\/\/fashiongold.lt\/pl\/papuosalas\/granat-wisiorek-z-granatem-ai-jubiler\/#primaryimage","url":"https:\/\/fashiongold.lt\/wp-content\/uploads\/2025\/12\/Ant-stilingos-merginos-kaklo-spindi-baltas-auksinis-pakabukas-su-apvaliu-granatu-ir-deimantais.png","contentUrl":"https:\/\/fashiongold.lt\/wp-content\/uploads\/2025\/12\/Ant-stilingos-merginos-kaklo-spindi-baltas-auksinis-pakabukas-su-apvaliu-granatu-ir-deimantais.png","width":1536,"height":1024,"caption":"Ant stilingos merginos kaklo spindi baltas auksinis pakabukas su apvaliu granatu ir deimantais"},{"@type":"BreadcrumbList","@id":"https:\/\/fashiongold.lt\/pl\/papuosalas\/granat-wisiorek-z-granatem-ai-jubiler\/#breadcrumb","itemListElement":[{"@type":"ListItem","position":1,"name":"Home","item":"https:\/\/fashiongold.lt\/pl\/"},{"@type":"ListItem","position":2,"name":"Sklep z diamentami Fashiongold.lt","item":"https:\/\/fashiongold.lt\/shop-2\/"},{"@type":"ListItem","position":3,"name":"Granat &#8211; Wisiorek z granatem. AI Jubiler"}]},{"@type":"WebSite","@id":"https:\/\/fashiongold.lt\/pl\/#website","url":"https:\/\/fashiongold.lt\/pl\/","name":"Fashion Gold","description":"Juvelyrikos namai","publisher":{"@id":"https:\/\/fashiongold.lt\/pl\/#organization"},"potentialAction":[{"@type":"SearchAction","target":{"@type":"EntryPoint","urlTemplate":"https:\/\/fashiongold.lt\/pl\/?s={search_term_string}"},"query-input":{"@type":"PropertyValueSpecification","valueRequired":true,"valueName":"search_term_string"}}],"inLanguage":"pl-PL"},{"@type":"Organization","@id":"https:\/\/fashiongold.lt\/pl\/#organization","name":"Topdiamonds Online","url":"https:\/\/fashiongold.lt\/pl\/","logo":{"@type":"ImageObject","inLanguage":"pl-PL","@id":"https:\/\/fashiongold.lt\/pl\/#\/schema\/logo\/image\/","url":"https:\/\/fashiongold.lt\/wp-content\/uploads\/2025\/04\/cropped-fashion_gold_logotipas2-scaled-1.png","contentUrl":"https:\/\/fashiongold.lt\/wp-content\/uploads\/2025\/04\/cropped-fashion_gold_logotipas2-scaled-1.png","width":2559,"height":421,"caption":"Topdiamonds Online"},"image":{"@id":"https:\/\/fashiongold.lt\/pl\/#\/schema\/logo\/image\/"}}]}},"_links":{"self":[{"href":"https:\/\/fashiongold.lt\/pl\/wp-json\/wp\/v2\/product\/273047","targetHints":{"allow":["GET"]}}],"collection":[{"href":"https:\/\/fashiongold.lt\/pl\/wp-json\/wp\/v2\/product"}],"about":[{"href":"https:\/\/fashiongold.lt\/pl\/wp-json\/wp\/v2\/types\/product"}],"version-history":[{"count":0,"href":"https:\/\/fashiongold.lt\/pl\/wp-json\/wp\/v2\/product\/273047\/revisions"}],"wp:featuredmedia":[{"embeddable":true,"href":"https:\/\/fashiongold.lt\/pl\/wp-json\/wp\/v2\/media\/265697"}],"wp:attachment":[{"href":"https:\/\/fashiongold.lt\/pl\/wp-json\/wp\/v2\/media?parent=273047"}],"wp:term":[{"taxonomy":"product_brand","embeddable":true,"href":"https:\/\/fashiongold.lt\/pl\/wp-json\/wp\/v2\/product_brand?post=273047"},{"taxonomy":"product_cat","embeddable":true,"href":"https:\/\/fashiongold.lt\/pl\/wp-json\/wp\/v2\/product_cat?post=273047"},{"taxonomy":"product_tag","embeddable":true,"href":"https:\/\/fashiongold.lt\/pl\/wp-json\/wp\/v2\/product_tag?post=273047"}],"curies":[{"name":"wp","href":"https:\/\/api.w.org\/{rel}","templated":true}]}}