{"id":273069,"date":"2025-10-24T05:14:30","date_gmt":"2025-10-24T05:14:30","guid":{"rendered":"https:\/\/fashiongold.lt\/papuosalas\/klasyczny-pierscionek-zareczynowy-z-rubinem-i-diamentami-naturalny-rubin-0-17-ct\/"},"modified":"2025-10-24T05:14:30","modified_gmt":"2025-10-24T05:14:30","slug":"klasyczny-pierscionek-zareczynowy-z-rubinem-i-diamentami-naturalny-rubin-0-17-ct","status":"publish","type":"product","link":"https:\/\/fashiongold.lt\/pl\/papuosalas\/klasyczny-pierscionek-zareczynowy-z-rubinem-i-diamentami-naturalny-rubin-0-17-ct\/","title":{"rendered":"Klasyczny pier\u015bcionek zar\u0119czynowy z rubinem i diamentami &#8211; Naturalny Rubin (0.17 ct)"},"content":{"rendered":"<h2>Pier\u015bcionek zar\u0119czynowy z rubinem i diamentami &#8211; Rubin Natury (0.17 ct)<\/h2>\n<h3>Klasyczny pier\u015bcionek zar\u0119czynowy z okr\u0105g\u0142ym rubinem o masie 0,15 karata i naturalnymi diamentami o masie 0,02 karata. Bezp\u0142atny grawerunek.<\/h3>\n<p>Wykonany na Litwie z wysokiej jako\u015bci kamieni szlachetnych. Doskona\u0142y wyb\u00f3r dla stylowej kobiety. Magiczna moc rubinu \u2013 dzia\u0142a jako amulet lub talizman, obdarowuj\u0105c w\u0142a\u015bciciela zdrowiem, rado\u015bci\u0105, dobrobytem, szcz\u0119\u015bciem i sukcesem. Wspania\u0142y talizman ochrony rodziny i mi\u0142o\u015bci. Rubin jest odpowiedni dla Barana, Bli\u017ani\u0105t, Lwa, Byka, Raka, Skorpiona, Strzelca, Kozioro\u017cca, Wodnika i Ryb.<\/p>\n<p>\u2022 Metal pier\u015bcionka: 14K (pr\u00f3ba 585), mo\u017cemy wykona\u0107 z 10K (pr\u00f3ba 375), 18K (pr\u00f3ba 750), platyna 950<\/p>\n<p>\u2022 Kolor pier\u015bcionka: do wyboru bia\u0142e, \u017c\u00f3\u0142te, czerwone z\u0142oto<\/p>\n<p>\u2022 Waga pier\u015bcionka (zale\u017cy od rozmiaru i pr\u00f3by): oko\u0142o 2,00 &#8211; 2,40 g<\/p>\n<p>\u2022 Wymiary pier\u015bcionka: szeroko\u015b\u0107 korony &#8211; oko\u0142o 3,35 mm, szeroko\u015b\u0107 szyny &#8211; oko\u0142o 1.75 mm (wymiary s\u0105 przybli\u017cone i mog\u0105 si\u0119 r\u00f3\u017cni\u0107 w zale\u017cno\u015bci od rozmiaru pier\u015bcionka)<\/p>\n<p>\u2022 Profil komfortu pier\u015bcionka: tak<\/p>\n<p>\u2022 Rodzaj kamienia szlachetnego: rubin<\/p>\n<p>\u2022 Kszta\u0142t kamienia szlachetnego: okr\u0105g\u0142y rubin (Round shape)<\/p>\n<p>\u2022 Charakterystyka kamienia szlachetnego: 0.15 ct (mo\u017cliwo\u015b\u0107 zmiany)<\/p>\n<p>\u2022 Rodzaj diamentu: Naturalne diamenty<\/p>\n<p>\u2022 Kszta\u0142t diamentu: okr\u0105g\u0142y (Round shape)<\/p>\n<p>\u2022 Charakterystyka diamentu: 0,02 ct, kolor G-H (RW-W); czysto\u015b\u0107 SI<\/p>\n<p>\u2022 Certyfikat: Litewski Urz\u0105d Probierczy (LPR)<\/p>\n<p>\u2022 Grawerowanie gratis<\/p>\n<p>\u2022 Jednorazowa bezp\u0142atna gwarancja zmiany rozmiaru pier\u015bcionka (w miar\u0119 mo\u017cliwo\u015bci)<\/p>\n<p>\u2022 Termin wykonania i dostawy od 14 dni roboczych, w trybie pilnym w ci\u0105gu 3 dni roboczych<\/p>\n<p><strong>Masz w\u0142asne z\u0142oto lub kamienie szlachetne? Skontaktuj si\u0119 z nami, przeliczymy cen\u0119 \u2013 zap\u0142acisz tylko za wykonanie pier\u015bcionka.<\/strong><\/p>\n","protected":false},"excerpt":{"rendered":"<p>Otoczony motywami natury, ten pier\u015bcionek zar\u0119czynowy z okr\u0105g\u0142ym rubinem i unikalnymi z\u0142otymi detalami w kszta\u0142cie motyli z diamentami po obu stronach to prawdziwy symbol stylu i elegancji. Idealnie nadaje si\u0119 do noszenia na co dzie\u0144, na zar\u0119czyny oraz na wyj\u0105tkowe okazje.<\/p>\n","protected":false},"featured_media":226099,"template":"","meta":{"site-sidebar-layout":"","site-content-layout":"","ast-site-content-layout":"","site-content-style":"","site-sidebar-style":"","ast-global-header-display":"","ast-banner-title-visibility":"","ast-main-header-display":"","ast-hfb-above-header-display":"","ast-hfb-below-header-display":"","ast-hfb-mobile-header-display":"","site-post-title":"","ast-breadcrumbs-content":"","ast-featured-img":"","footer-sml-layout":"","ast-disable-related-posts":"","theme-transparent-header-meta":"","adv-header-id-meta":"","stick-header-meta":"","header-above-stick-meta":"","header-main-stick-meta":"","header-below-stick-meta":"","astra-migrate-meta-layouts":"default","ast-page-background-enabled":"default","ast-page-background-meta":{"desktop":{"background-color":"var(--ast-global-color-4)","background-image":"","background-repeat":"repeat","background-position":"center center","background-size":"auto","background-attachment":"scroll","background-type":"","background-media":"","overlay-type":"","overlay-color":"","overlay-opacity":"","overlay-gradient":""},"tablet":{"background-color":"","background-image":"","background-repeat":"repeat","background-position":"center center","background-size":"auto","background-attachment":"scroll","background-type":"","background-media":"","overlay-type":"","overlay-color":"","overlay-opacity":"","overlay-gradient":""},"mobile":{"background-color":"","background-image":"","background-repeat":"repeat","background-position":"center center","background-size":"auto","background-attachment":"scroll","background-type":"","background-media":"","overlay-type":"","overlay-color":"","overlay-opacity":"","overlay-gradient":""}},"ast-content-background-meta":{"desktop":{"background-color":"var(--ast-global-color-5)","background-image":"","background-repeat":"repeat","background-position":"center center","background-size":"auto","background-attachment":"scroll","background-type":"","background-media":"","overlay-type":"","overlay-color":"","overlay-opacity":"","overlay-gradient":""},"tablet":{"background-color":"var(--ast-global-color-5)","background-image":"","background-repeat":"repeat","background-position":"center center","background-size":"auto","background-attachment":"scroll","background-type":"","background-media":"","overlay-type":"","overlay-color":"","overlay-opacity":"","overlay-gradient":""},"mobile":{"background-color":"var(--ast-global-color-5)","background-image":"","background-repeat":"repeat","background-position":"center center","background-size":"auto","background-attachment":"scroll","background-type":"","background-media":"","overlay-type":"","overlay-color":"","overlay-opacity":"","overlay-gradient":""}}},"product_brand":[],"product_cat":[3056,3351,3350,3232,3233,3235,3273,3234,2876,2860,2854,2855,3169,3349],"product_tag":[],"class_list":{"0":"post-273069","1":"product","2":"type-product","3":"status-publish","4":"has-post-thumbnail","6":"product_cat-bizuteria-z-czerwonymi-kamieniami-szlachetnymi","7":"product_cat-czerwony-kamien-szlachetny","8":"product_cat-pierscionek-zareczynowy-z-rubinem","9":"product_cat-pierscionki-zareczynowe","10":"product_cat-pierscionki-zareczynowe-z-bialego-zlota","11":"product_cat-pierscionki-zareczynowe-z-czerwonego-zlota","12":"product_cat-pierscionki-zareczynowe-z-kamieniami-szlachetnymi","13":"product_cat-pierscionki-zareczynowe-z-zoltego-zlota","14":"product_cat-prezenty-na-walentynki","15":"product_cat-prezenty-na-wyjatkowe-okazje","16":"product_cat-prezenty-z-okazji-narodzin-dziecka","17":"product_cat-prezenty-z-okazji-rocznicy-slubu","18":"product_cat-prezenty-z-okazji-slubu","19":"product_cat-rubin-bizuteria-z-rubinami","20":"desktop-align-center","21":"tablet-align-left","22":"mobile-align-left","23":"ast-product-gallery-layout-horizontal-slider","24":"ast-product-gallery-with-no-image","25":"ast-product-single-variable","26":"ast-product-tabs-layout-accordion","27":"ast-qv-on-image","29":"first","30":"instock","31":"taxable","32":"shipping-taxable","33":"purchasable","34":"product-type-variable"},"yoast_head":"<!-- This site is optimized with the Yoast SEO plugin v26.6 - https:\/\/yoast.com\/wordpress\/plugins\/seo\/ -->\n<title>Pier\u015bcionek zar\u0119czynowy z rubinem i diamentami - Rubin Natury (0.17 ct)<\/title>\n<meta name=\"description\" content=\"Pier\u015bcionek zar\u0119czynowy z rubinem o okr\u0105g\u0142ym kszta\u0142cie oraz unikalnymi z\u0142otymi detalami w kszta\u0142cie motyla z diamentami. Idealnie nadaje si\u0119 na zar\u0119czyny i na co dzie\u0144.\" \/>\n<meta name=\"robots\" content=\"index, follow, max-snippet:-1, max-image-preview:large, max-video-preview:-1\" \/>\n<link rel=\"canonical\" href=\"https:\/\/fashiongold.lt\/pl\/papuosalas\/klasyczny-pierscionek-zareczynowy-z-rubinem-i-diamentami-naturalny-rubin-0-17-ct\/\" \/>\n<meta property=\"og:locale\" content=\"pl_PL\" \/>\n<meta property=\"og:type\" content=\"article\" \/>\n<meta property=\"og:title\" content=\"Pier\u015bcionek zar\u0119czynowy z rubinem i diamentami - Rubin Natury (0.17 ct)\" \/>\n<meta property=\"og:description\" content=\"Pier\u015bcionek zar\u0119czynowy z rubinem o okr\u0105g\u0142ym kszta\u0142cie oraz unikalnymi z\u0142otymi detalami w kszta\u0142cie motyla z diamentami. Idealnie nadaje si\u0119 na zar\u0119czyny i na co dzie\u0144.\" \/>\n<meta property=\"og:url\" content=\"https:\/\/fashiongold.lt\/pl\/papuosalas\/klasyczny-pierscionek-zareczynowy-z-rubinem-i-diamentami-naturalny-rubin-0-17-ct\/\" \/>\n<meta property=\"og:site_name\" content=\"FashionGold.lt\" \/>\n<meta property=\"og:image\" content=\"https:\/\/fashiongold.lt\/wp-content\/uploads\/2025\/10\/24490-7e2-Raudono-aukso-klasikinis-suzadetuviu-ziedas-su-rubinu-ir-deimantais-Gamtos-Rubinas-0.17-ct.webp\" \/>\n\t<meta property=\"og:image:width\" content=\"1000\" \/>\n\t<meta property=\"og:image:height\" content=\"1000\" \/>\n\t<meta property=\"og:image:type\" content=\"image\/png\" \/>\n<meta name=\"twitter:card\" content=\"summary_large_image\" \/>\n<meta name=\"twitter:label1\" content=\"Szacowany czas czytania\" \/>\n\t<meta name=\"twitter:data1\" content=\"1 minuta\" \/>\n<script type=\"application\/ld+json\" class=\"yoast-schema-graph\">{\"@context\":\"https:\/\/schema.org\",\"@graph\":[{\"@type\":\"WebPage\",\"@id\":\"https:\/\/fashiongold.lt\/pl\/papuosalas\/klasyczny-pierscionek-zareczynowy-z-rubinem-i-diamentami-naturalny-rubin-0-17-ct\/\",\"url\":\"https:\/\/fashiongold.lt\/pl\/papuosalas\/klasyczny-pierscionek-zareczynowy-z-rubinem-i-diamentami-naturalny-rubin-0-17-ct\/\",\"name\":\"Pier\u015bcionek zar\u0119czynowy z rubinem i diamentami - Rubin Natury (0.17 ct)\",\"isPartOf\":{\"@id\":\"https:\/\/fashiongold.lt\/pl\/#website\"},\"primaryImageOfPage\":{\"@id\":\"https:\/\/fashiongold.lt\/pl\/papuosalas\/klasyczny-pierscionek-zareczynowy-z-rubinem-i-diamentami-naturalny-rubin-0-17-ct\/#primaryimage\"},\"image\":{\"@id\":\"https:\/\/fashiongold.lt\/pl\/papuosalas\/klasyczny-pierscionek-zareczynowy-z-rubinem-i-diamentami-naturalny-rubin-0-17-ct\/#primaryimage\"},\"thumbnailUrl\":\"https:\/\/fashiongold.lt\/wp-content\/uploads\/2025\/10\/24490-7e2-Raudono-aukso-klasikinis-suzadetuviu-ziedas-su-rubinu-ir-deimantais-Gamtos-Rubinas-0.17-ct.png\",\"datePublished\":\"2025-10-24T05:14:30+00:00\",\"description\":\"Pier\u015bcionek zar\u0119czynowy z rubinem o okr\u0105g\u0142ym kszta\u0142cie oraz unikalnymi z\u0142otymi detalami w kszta\u0142cie motyla z diamentami. Idealnie nadaje si\u0119 na zar\u0119czyny i na co dzie\u0144.\",\"breadcrumb\":{\"@id\":\"https:\/\/fashiongold.lt\/pl\/papuosalas\/klasyczny-pierscionek-zareczynowy-z-rubinem-i-diamentami-naturalny-rubin-0-17-ct\/#breadcrumb\"},\"inLanguage\":\"pl-PL\",\"potentialAction\":[{\"@type\":\"ReadAction\",\"target\":[\"https:\/\/fashiongold.lt\/pl\/papuosalas\/klasyczny-pierscionek-zareczynowy-z-rubinem-i-diamentami-naturalny-rubin-0-17-ct\/\"]}]},{\"@type\":\"ImageObject\",\"inLanguage\":\"pl-PL\",\"@id\":\"https:\/\/fashiongold.lt\/pl\/papuosalas\/klasyczny-pierscionek-zareczynowy-z-rubinem-i-diamentami-naturalny-rubin-0-17-ct\/#primaryimage\",\"url\":\"https:\/\/fashiongold.lt\/wp-content\/uploads\/2025\/10\/24490-7e2-Raudono-aukso-klasikinis-suzadetuviu-ziedas-su-rubinu-ir-deimantais-Gamtos-Rubinas-0.17-ct.png\",\"contentUrl\":\"https:\/\/fashiongold.lt\/wp-content\/uploads\/2025\/10\/24490-7e2-Raudono-aukso-klasikinis-suzadetuviu-ziedas-su-rubinu-ir-deimantais-Gamtos-Rubinas-0.17-ct.png\",\"width\":1000,\"height\":1000},{\"@type\":\"BreadcrumbList\",\"@id\":\"https:\/\/fashiongold.lt\/pl\/papuosalas\/klasyczny-pierscionek-zareczynowy-z-rubinem-i-diamentami-naturalny-rubin-0-17-ct\/#breadcrumb\",\"itemListElement\":[{\"@type\":\"ListItem\",\"position\":1,\"name\":\"Home\",\"item\":\"https:\/\/fashiongold.lt\/pl\/\"},{\"@type\":\"ListItem\",\"position\":2,\"name\":\"Sklep z diamentami Fashiongold.lt\",\"item\":\"https:\/\/fashiongold.lt\/shop-2\/\"},{\"@type\":\"ListItem\",\"position\":3,\"name\":\"Klasyczny pier\u015bcionek zar\u0119czynowy z rubinem i diamentami &#8211; Naturalny Rubin (0.17 ct)\"}]},{\"@type\":\"WebSite\",\"@id\":\"https:\/\/fashiongold.lt\/pl\/#website\",\"url\":\"https:\/\/fashiongold.lt\/pl\/\",\"name\":\"Fashion Gold\",\"description\":\"Juvelyrikos namai\",\"publisher\":{\"@id\":\"https:\/\/fashiongold.lt\/pl\/#organization\"},\"potentialAction\":[{\"@type\":\"SearchAction\",\"target\":{\"@type\":\"EntryPoint\",\"urlTemplate\":\"https:\/\/fashiongold.lt\/pl\/?s={search_term_string}\"},\"query-input\":{\"@type\":\"PropertyValueSpecification\",\"valueRequired\":true,\"valueName\":\"search_term_string\"}}],\"inLanguage\":\"pl-PL\"},{\"@type\":\"Organization\",\"@id\":\"https:\/\/fashiongold.lt\/pl\/#organization\",\"name\":\"Topdiamonds Online\",\"url\":\"https:\/\/fashiongold.lt\/pl\/\",\"logo\":{\"@type\":\"ImageObject\",\"inLanguage\":\"pl-PL\",\"@id\":\"https:\/\/fashiongold.lt\/pl\/#\/schema\/logo\/image\/\",\"url\":\"https:\/\/fashiongold.lt\/wp-content\/uploads\/2025\/04\/cropped-fashion_gold_logotipas2-scaled-1.png\",\"contentUrl\":\"https:\/\/fashiongold.lt\/wp-content\/uploads\/2025\/04\/cropped-fashion_gold_logotipas2-scaled-1.png\",\"width\":2559,\"height\":421,\"caption\":\"Topdiamonds Online\"},\"image\":{\"@id\":\"https:\/\/fashiongold.lt\/pl\/#\/schema\/logo\/image\/\"}}]}<\/script>\n<!-- \/ Yoast SEO plugin. -->","yoast_head_json":{"title":"Pier\u015bcionek zar\u0119czynowy z rubinem i diamentami - Rubin Natury (0.17 ct)","description":"Pier\u015bcionek zar\u0119czynowy z rubinem o okr\u0105g\u0142ym kszta\u0142cie oraz unikalnymi z\u0142otymi detalami w kszta\u0142cie motyla z diamentami. Idealnie nadaje si\u0119 na zar\u0119czyny i na co dzie\u0144.","robots":{"index":"index","follow":"follow","max-snippet":"max-snippet:-1","max-image-preview":"max-image-preview:large","max-video-preview":"max-video-preview:-1"},"canonical":"https:\/\/fashiongold.lt\/pl\/papuosalas\/klasyczny-pierscionek-zareczynowy-z-rubinem-i-diamentami-naturalny-rubin-0-17-ct\/","og_locale":"pl_PL","og_type":"article","og_title":"Pier\u015bcionek zar\u0119czynowy z rubinem i diamentami - Rubin Natury (0.17 ct)","og_description":"Pier\u015bcionek zar\u0119czynowy z rubinem o okr\u0105g\u0142ym kszta\u0142cie oraz unikalnymi z\u0142otymi detalami w kszta\u0142cie motyla z diamentami. Idealnie nadaje si\u0119 na zar\u0119czyny i na co dzie\u0144.","og_url":"https:\/\/fashiongold.lt\/pl\/papuosalas\/klasyczny-pierscionek-zareczynowy-z-rubinem-i-diamentami-naturalny-rubin-0-17-ct\/","og_site_name":"FashionGold.lt","og_image":[{"width":1000,"height":1000,"url":"https:\/\/fashiongold.lt\/wp-content\/uploads\/2025\/10\/24490-7e2-Raudono-aukso-klasikinis-suzadetuviu-ziedas-su-rubinu-ir-deimantais-Gamtos-Rubinas-0.17-ct.webp","type":"image\/png"}],"twitter_card":"summary_large_image","twitter_misc":{"Szacowany czas czytania":"1 minuta"},"schema":{"@context":"https:\/\/schema.org","@graph":[{"@type":"WebPage","@id":"https:\/\/fashiongold.lt\/pl\/papuosalas\/klasyczny-pierscionek-zareczynowy-z-rubinem-i-diamentami-naturalny-rubin-0-17-ct\/","url":"https:\/\/fashiongold.lt\/pl\/papuosalas\/klasyczny-pierscionek-zareczynowy-z-rubinem-i-diamentami-naturalny-rubin-0-17-ct\/","name":"Pier\u015bcionek zar\u0119czynowy z rubinem i diamentami - Rubin Natury (0.17 ct)","isPartOf":{"@id":"https:\/\/fashiongold.lt\/pl\/#website"},"primaryImageOfPage":{"@id":"https:\/\/fashiongold.lt\/pl\/papuosalas\/klasyczny-pierscionek-zareczynowy-z-rubinem-i-diamentami-naturalny-rubin-0-17-ct\/#primaryimage"},"image":{"@id":"https:\/\/fashiongold.lt\/pl\/papuosalas\/klasyczny-pierscionek-zareczynowy-z-rubinem-i-diamentami-naturalny-rubin-0-17-ct\/#primaryimage"},"thumbnailUrl":"https:\/\/fashiongold.lt\/wp-content\/uploads\/2025\/10\/24490-7e2-Raudono-aukso-klasikinis-suzadetuviu-ziedas-su-rubinu-ir-deimantais-Gamtos-Rubinas-0.17-ct.png","datePublished":"2025-10-24T05:14:30+00:00","description":"Pier\u015bcionek zar\u0119czynowy z rubinem o okr\u0105g\u0142ym kszta\u0142cie oraz unikalnymi z\u0142otymi detalami w kszta\u0142cie motyla z diamentami. Idealnie nadaje si\u0119 na zar\u0119czyny i na co dzie\u0144.","breadcrumb":{"@id":"https:\/\/fashiongold.lt\/pl\/papuosalas\/klasyczny-pierscionek-zareczynowy-z-rubinem-i-diamentami-naturalny-rubin-0-17-ct\/#breadcrumb"},"inLanguage":"pl-PL","potentialAction":[{"@type":"ReadAction","target":["https:\/\/fashiongold.lt\/pl\/papuosalas\/klasyczny-pierscionek-zareczynowy-z-rubinem-i-diamentami-naturalny-rubin-0-17-ct\/"]}]},{"@type":"ImageObject","inLanguage":"pl-PL","@id":"https:\/\/fashiongold.lt\/pl\/papuosalas\/klasyczny-pierscionek-zareczynowy-z-rubinem-i-diamentami-naturalny-rubin-0-17-ct\/#primaryimage","url":"https:\/\/fashiongold.lt\/wp-content\/uploads\/2025\/10\/24490-7e2-Raudono-aukso-klasikinis-suzadetuviu-ziedas-su-rubinu-ir-deimantais-Gamtos-Rubinas-0.17-ct.png","contentUrl":"https:\/\/fashiongold.lt\/wp-content\/uploads\/2025\/10\/24490-7e2-Raudono-aukso-klasikinis-suzadetuviu-ziedas-su-rubinu-ir-deimantais-Gamtos-Rubinas-0.17-ct.png","width":1000,"height":1000},{"@type":"BreadcrumbList","@id":"https:\/\/fashiongold.lt\/pl\/papuosalas\/klasyczny-pierscionek-zareczynowy-z-rubinem-i-diamentami-naturalny-rubin-0-17-ct\/#breadcrumb","itemListElement":[{"@type":"ListItem","position":1,"name":"Home","item":"https:\/\/fashiongold.lt\/pl\/"},{"@type":"ListItem","position":2,"name":"Sklep z diamentami Fashiongold.lt","item":"https:\/\/fashiongold.lt\/shop-2\/"},{"@type":"ListItem","position":3,"name":"Klasyczny pier\u015bcionek zar\u0119czynowy z rubinem i diamentami &#8211; Naturalny Rubin (0.17 ct)"}]},{"@type":"WebSite","@id":"https:\/\/fashiongold.lt\/pl\/#website","url":"https:\/\/fashiongold.lt\/pl\/","name":"Fashion Gold","description":"Juvelyrikos namai","publisher":{"@id":"https:\/\/fashiongold.lt\/pl\/#organization"},"potentialAction":[{"@type":"SearchAction","target":{"@type":"EntryPoint","urlTemplate":"https:\/\/fashiongold.lt\/pl\/?s={search_term_string}"},"query-input":{"@type":"PropertyValueSpecification","valueRequired":true,"valueName":"search_term_string"}}],"inLanguage":"pl-PL"},{"@type":"Organization","@id":"https:\/\/fashiongold.lt\/pl\/#organization","name":"Topdiamonds Online","url":"https:\/\/fashiongold.lt\/pl\/","logo":{"@type":"ImageObject","inLanguage":"pl-PL","@id":"https:\/\/fashiongold.lt\/pl\/#\/schema\/logo\/image\/","url":"https:\/\/fashiongold.lt\/wp-content\/uploads\/2025\/04\/cropped-fashion_gold_logotipas2-scaled-1.png","contentUrl":"https:\/\/fashiongold.lt\/wp-content\/uploads\/2025\/04\/cropped-fashion_gold_logotipas2-scaled-1.png","width":2559,"height":421,"caption":"Topdiamonds Online"},"image":{"@id":"https:\/\/fashiongold.lt\/pl\/#\/schema\/logo\/image\/"}}]}},"_links":{"self":[{"href":"https:\/\/fashiongold.lt\/pl\/wp-json\/wp\/v2\/product\/273069","targetHints":{"allow":["GET"]}}],"collection":[{"href":"https:\/\/fashiongold.lt\/pl\/wp-json\/wp\/v2\/product"}],"about":[{"href":"https:\/\/fashiongold.lt\/pl\/wp-json\/wp\/v2\/types\/product"}],"version-history":[{"count":0,"href":"https:\/\/fashiongold.lt\/pl\/wp-json\/wp\/v2\/product\/273069\/revisions"}],"wp:featuredmedia":[{"embeddable":true,"href":"https:\/\/fashiongold.lt\/pl\/wp-json\/wp\/v2\/media\/226099"}],"wp:attachment":[{"href":"https:\/\/fashiongold.lt\/pl\/wp-json\/wp\/v2\/media?parent=273069"}],"wp:term":[{"taxonomy":"product_brand","embeddable":true,"href":"https:\/\/fashiongold.lt\/pl\/wp-json\/wp\/v2\/product_brand?post=273069"},{"taxonomy":"product_cat","embeddable":true,"href":"https:\/\/fashiongold.lt\/pl\/wp-json\/wp\/v2\/product_cat?post=273069"},{"taxonomy":"product_tag","embeddable":true,"href":"https:\/\/fashiongold.lt\/pl\/wp-json\/wp\/v2\/product_tag?post=273069"}],"curies":[{"name":"wp","href":"https:\/\/api.w.org\/{rel}","templated":true}]}}