{"id":273081,"date":"2025-10-24T01:58:55","date_gmt":"2025-10-24T01:58:55","guid":{"rendered":"https:\/\/fashiongold.lt\/papuosalas\/zloty-krzyzyk-z-czarnymi-diamentami-0-44-ct\/"},"modified":"2025-10-24T01:58:55","modified_gmt":"2025-10-24T01:58:55","slug":"zloty-krzyzyk-z-czarnymi-diamentami-0-44-ct","status":"publish","type":"product","link":"https:\/\/fashiongold.lt\/pl\/papuosalas\/zloty-krzyzyk-z-czarnymi-diamentami-0-44-ct\/","title":{"rendered":"Z\u0142oty krzy\u017cyk z czarnymi diamentami (0.44 ct)"},"content":{"rendered":"<p>Wyprodukowano w Niemczech. Zawieszka mo\u017ce zosta\u0107 wykonana na zam\u00f3wienie: z czerwonego, \u017c\u00f3\u0142tego oraz bia\u0142ego z\u0142ota.<\/p>\n<p>\u2022 Z\u0142oto zawieszki: 18K (pr\u00f3ba 750), mo\u017cemy wykona\u0107 z 10K (pr\u00f3ba 375), 14K (pr\u00f3ba 585)<\/p>\n<p>\u2022 Kolor zawieszki: do wyboru bia\u0142e, \u017c\u00f3\u0142te, czerwone z\u0142oto<\/p>\n<p>\u2022 Waga zawieszki (zale\u017cy od rozmiaru i pr\u00f3by): oko\u0142o 2,00 &#8211; 3,00 g<\/p>\n<p>\u2022 Wymiary zawieszki:<\/p>\n<p>\u2022 Typ diamentu: czarne diamenty (Black Diamonds)<\/p>\n<p>\u2022 Kszta\u0142t diamentu: Okr\u0105g\u0142y kszta\u0142t (Round shape)<\/p>\n<p>\u2022 Charakterystyka diamentu: 58 szt. &#8211; 0,44 karata, kolor G-H (RW-W); czysto\u015b\u0107 VS-SI<\/p>\n<p>\u2022 Certyfikat: Litewski Urz\u0105d Probierczy (LPR) <\/p>\n<p>\u2022 Czas produkcji i dostawy od 14 dni roboczych, w trybie pilnym w ci\u0105gu 3 dni roboczych.<\/p>\n<p><strong>Masz w\u0142asne z\u0142oto? Skontaktuj si\u0119 z nami, przeliczymy cen\u0119 \u2013 zap\u0142acisz tylko za wykonanie pier\u015bcionk\u00f3w.<\/strong><\/p>\n","protected":false},"excerpt":{"rendered":"<p>Z\u0142oty krzy\u017cyk z czarnymi diamentami o masie 0,44 karata. \u015awietny prezent na co dzie\u0144 i na specjalne okazje, dla wyj\u0105tkowego stylu.\u00a0<\/p>\n","protected":false},"featured_media":253429,"template":"","meta":{"site-sidebar-layout":"","site-content-layout":"","ast-site-content-layout":"","site-content-style":"","site-sidebar-style":"","ast-global-header-display":"","ast-banner-title-visibility":"","ast-main-header-display":"","ast-hfb-above-header-display":"","ast-hfb-below-header-display":"","ast-hfb-mobile-header-display":"","site-post-title":"","ast-breadcrumbs-content":"","ast-featured-img":"","footer-sml-layout":"","ast-disable-related-posts":"","theme-transparent-header-meta":"","adv-header-id-meta":"","stick-header-meta":"","header-above-stick-meta":"","header-main-stick-meta":"","header-below-stick-meta":"","astra-migrate-meta-layouts":"default","ast-page-background-enabled":"default","ast-page-background-meta":{"desktop":{"background-color":"var(--ast-global-color-4)","background-image":"","background-repeat":"repeat","background-position":"center center","background-size":"auto","background-attachment":"scroll","background-type":"","background-media":"","overlay-type":"","overlay-color":"","overlay-opacity":"","overlay-gradient":""},"tablet":{"background-color":"","background-image":"","background-repeat":"repeat","background-position":"center center","background-size":"auto","background-attachment":"scroll","background-type":"","background-media":"","overlay-type":"","overlay-color":"","overlay-opacity":"","overlay-gradient":""},"mobile":{"background-color":"","background-image":"","background-repeat":"repeat","background-position":"center center","background-size":"auto","background-attachment":"scroll","background-type":"","background-media":"","overlay-type":"","overlay-color":"","overlay-opacity":"","overlay-gradient":""}},"ast-content-background-meta":{"desktop":{"background-color":"var(--ast-global-color-5)","background-image":"","background-repeat":"repeat","background-position":"center center","background-size":"auto","background-attachment":"scroll","background-type":"","background-media":"","overlay-type":"","overlay-color":"","overlay-opacity":"","overlay-gradient":""},"tablet":{"background-color":"var(--ast-global-color-5)","background-image":"","background-repeat":"repeat","background-position":"center center","background-size":"auto","background-attachment":"scroll","background-type":"","background-media":"","overlay-type":"","overlay-color":"","overlay-opacity":"","overlay-gradient":""},"mobile":{"background-color":"var(--ast-global-color-5)","background-image":"","background-repeat":"repeat","background-position":"center center","background-size":"auto","background-attachment":"scroll","background-type":"","background-media":"","overlay-type":"","overlay-color":"","overlay-opacity":"","overlay-gradient":""}}},"product_brand":[],"product_cat":[3044,2858,3166,2853,2856,3165,2876,2860,2857,2854,2859,2852,3168,3051],"product_tag":[],"class_list":{"0":"post-273081","1":"product","2":"type-product","3":"status-publish","4":"has-post-thumbnail","6":"product_cat-bizuteria","7":"product_cat-bizuteria-z-bialego-zlota","8":"product_cat-prezent-z-okazji-pierwszej-komunii-swietej","9":"product_cat-prezenty-dla-kobiet","10":"product_cat-prezenty-dla-mezczyzn","11":"product_cat-prezenty-na-chrzest","12":"product_cat-prezenty-na-walentynki","13":"product_cat-prezenty-na-wyjatkowe-okazje","14":"product_cat-prezenty-swiateczne","15":"product_cat-prezenty-z-okazji-narodzin-dziecka","16":"product_cat-prezenty-z-okazji-ukonczenia-szkoly","17":"product_cat-prezenty-z-okazji-urodzin","18":"product_cat-zawieszka-krzyzyk-z-diamentami","19":"product_cat-zawieszki-z-diamentami","20":"desktop-align-center","21":"tablet-align-left","22":"mobile-align-left","23":"ast-product-gallery-layout-horizontal-slider","24":"ast-product-gallery-with-no-image","25":"ast-product-tabs-layout-accordion","26":"ast-qv-on-image","28":"first","29":"instock","30":"taxable","31":"shipping-taxable","32":"purchasable","33":"product-type-simple"},"yoast_head":"<!-- This site is optimized with the Yoast SEO plugin v26.6 - https:\/\/yoast.com\/wordpress\/plugins\/seo\/ -->\n<title>Z\u0142oty krzy\u017cyk z czarnymi diamentami (0.44 ct)<\/title>\n<meta name=\"description\" content=\"Z\u0142oty krzy\u017cyk z czarnymi diamentami o masie 0,44 karata. Doskona\u0142y prezent na co dzie\u0144 i na specjalne okazje. Wyprodukowano w Niemczech. Czas dostawy: 14 dni.\" \/>\n<meta name=\"robots\" content=\"index, follow, max-snippet:-1, max-image-preview:large, max-video-preview:-1\" \/>\n<link rel=\"canonical\" href=\"https:\/\/fashiongold.lt\/pl\/papuosalas\/zloty-krzyzyk-z-czarnymi-diamentami-0-44-ct\/\" \/>\n<meta property=\"og:locale\" content=\"pl_PL\" \/>\n<meta property=\"og:type\" content=\"article\" \/>\n<meta property=\"og:title\" content=\"Z\u0142oty krzy\u017cyk z czarnymi diamentami (0.44 ct)\" \/>\n<meta property=\"og:description\" content=\"Z\u0142oty krzy\u017cyk z czarnymi diamentami o masie 0,44 karata. Doskona\u0142y prezent na co dzie\u0144 i na specjalne okazje. Wyprodukowano w Niemczech. Czas dostawy: 14 dni.\" \/>\n<meta property=\"og:url\" content=\"https:\/\/fashiongold.lt\/pl\/papuosalas\/zloty-krzyzyk-z-czarnymi-diamentami-0-44-ct\/\" \/>\n<meta property=\"og:site_name\" content=\"FashionGold.lt\" \/>\n<meta property=\"og:image\" content=\"https:\/\/fashiongold.lt\/wp-content\/uploads\/2025\/10\/21738-f38-Auksinis-kryzelis-su-juodais-deimantais-0.44-ct.webp\" \/>\n\t<meta property=\"og:image:width\" content=\"1000\" \/>\n\t<meta property=\"og:image:height\" content=\"1000\" \/>\n\t<meta property=\"og:image:type\" content=\"image\/png\" \/>\n<meta name=\"twitter:card\" content=\"summary_large_image\" \/>\n<meta name=\"twitter:label1\" content=\"Szacowany czas czytania\" \/>\n\t<meta name=\"twitter:data1\" content=\"1 minuta\" \/>\n<script type=\"application\/ld+json\" class=\"yoast-schema-graph\">{\"@context\":\"https:\/\/schema.org\",\"@graph\":[{\"@type\":\"WebPage\",\"@id\":\"https:\/\/fashiongold.lt\/pl\/papuosalas\/zloty-krzyzyk-z-czarnymi-diamentami-0-44-ct\/\",\"url\":\"https:\/\/fashiongold.lt\/pl\/papuosalas\/zloty-krzyzyk-z-czarnymi-diamentami-0-44-ct\/\",\"name\":\"Z\u0142oty krzy\u017cyk z czarnymi diamentami (0.44 ct)\",\"isPartOf\":{\"@id\":\"https:\/\/fashiongold.lt\/pl\/#website\"},\"primaryImageOfPage\":{\"@id\":\"https:\/\/fashiongold.lt\/pl\/papuosalas\/zloty-krzyzyk-z-czarnymi-diamentami-0-44-ct\/#primaryimage\"},\"image\":{\"@id\":\"https:\/\/fashiongold.lt\/pl\/papuosalas\/zloty-krzyzyk-z-czarnymi-diamentami-0-44-ct\/#primaryimage\"},\"thumbnailUrl\":\"https:\/\/fashiongold.lt\/wp-content\/uploads\/2025\/10\/21738-f38-Auksinis-kryzelis-su-juodais-deimantais-0.44-ct.png\",\"datePublished\":\"2025-10-24T01:58:55+00:00\",\"description\":\"Z\u0142oty krzy\u017cyk z czarnymi diamentami o masie 0,44 karata. Doskona\u0142y prezent na co dzie\u0144 i na specjalne okazje. Wyprodukowano w Niemczech. Czas dostawy: 14 dni.\",\"breadcrumb\":{\"@id\":\"https:\/\/fashiongold.lt\/pl\/papuosalas\/zloty-krzyzyk-z-czarnymi-diamentami-0-44-ct\/#breadcrumb\"},\"inLanguage\":\"pl-PL\",\"potentialAction\":[{\"@type\":\"ReadAction\",\"target\":[\"https:\/\/fashiongold.lt\/pl\/papuosalas\/zloty-krzyzyk-z-czarnymi-diamentami-0-44-ct\/\"]}]},{\"@type\":\"ImageObject\",\"inLanguage\":\"pl-PL\",\"@id\":\"https:\/\/fashiongold.lt\/pl\/papuosalas\/zloty-krzyzyk-z-czarnymi-diamentami-0-44-ct\/#primaryimage\",\"url\":\"https:\/\/fashiongold.lt\/wp-content\/uploads\/2025\/10\/21738-f38-Auksinis-kryzelis-su-juodais-deimantais-0.44-ct.png\",\"contentUrl\":\"https:\/\/fashiongold.lt\/wp-content\/uploads\/2025\/10\/21738-f38-Auksinis-kryzelis-su-juodais-deimantais-0.44-ct.png\",\"width\":1000,\"height\":1000},{\"@type\":\"BreadcrumbList\",\"@id\":\"https:\/\/fashiongold.lt\/pl\/papuosalas\/zloty-krzyzyk-z-czarnymi-diamentami-0-44-ct\/#breadcrumb\",\"itemListElement\":[{\"@type\":\"ListItem\",\"position\":1,\"name\":\"Home\",\"item\":\"https:\/\/fashiongold.lt\/pl\/\"},{\"@type\":\"ListItem\",\"position\":2,\"name\":\"Sklep z diamentami Fashiongold.lt\",\"item\":\"https:\/\/fashiongold.lt\/shop-2\/\"},{\"@type\":\"ListItem\",\"position\":3,\"name\":\"Z\u0142oty krzy\u017cyk z czarnymi diamentami (0.44 ct)\"}]},{\"@type\":\"WebSite\",\"@id\":\"https:\/\/fashiongold.lt\/pl\/#website\",\"url\":\"https:\/\/fashiongold.lt\/pl\/\",\"name\":\"Fashion Gold\",\"description\":\"Juvelyrikos namai\",\"publisher\":{\"@id\":\"https:\/\/fashiongold.lt\/pl\/#organization\"},\"potentialAction\":[{\"@type\":\"SearchAction\",\"target\":{\"@type\":\"EntryPoint\",\"urlTemplate\":\"https:\/\/fashiongold.lt\/pl\/?s={search_term_string}\"},\"query-input\":{\"@type\":\"PropertyValueSpecification\",\"valueRequired\":true,\"valueName\":\"search_term_string\"}}],\"inLanguage\":\"pl-PL\"},{\"@type\":\"Organization\",\"@id\":\"https:\/\/fashiongold.lt\/pl\/#organization\",\"name\":\"Topdiamonds Online\",\"url\":\"https:\/\/fashiongold.lt\/pl\/\",\"logo\":{\"@type\":\"ImageObject\",\"inLanguage\":\"pl-PL\",\"@id\":\"https:\/\/fashiongold.lt\/pl\/#\/schema\/logo\/image\/\",\"url\":\"https:\/\/fashiongold.lt\/wp-content\/uploads\/2025\/04\/cropped-fashion_gold_logotipas2-scaled-1.png\",\"contentUrl\":\"https:\/\/fashiongold.lt\/wp-content\/uploads\/2025\/04\/cropped-fashion_gold_logotipas2-scaled-1.png\",\"width\":2559,\"height\":421,\"caption\":\"Topdiamonds Online\"},\"image\":{\"@id\":\"https:\/\/fashiongold.lt\/pl\/#\/schema\/logo\/image\/\"}}]}<\/script>\n<!-- \/ Yoast SEO plugin. -->","yoast_head_json":{"title":"Z\u0142oty krzy\u017cyk z czarnymi diamentami (0.44 ct)","description":"Z\u0142oty krzy\u017cyk z czarnymi diamentami o masie 0,44 karata. Doskona\u0142y prezent na co dzie\u0144 i na specjalne okazje. Wyprodukowano w Niemczech. Czas dostawy: 14 dni.","robots":{"index":"index","follow":"follow","max-snippet":"max-snippet:-1","max-image-preview":"max-image-preview:large","max-video-preview":"max-video-preview:-1"},"canonical":"https:\/\/fashiongold.lt\/pl\/papuosalas\/zloty-krzyzyk-z-czarnymi-diamentami-0-44-ct\/","og_locale":"pl_PL","og_type":"article","og_title":"Z\u0142oty krzy\u017cyk z czarnymi diamentami (0.44 ct)","og_description":"Z\u0142oty krzy\u017cyk z czarnymi diamentami o masie 0,44 karata. Doskona\u0142y prezent na co dzie\u0144 i na specjalne okazje. Wyprodukowano w Niemczech. Czas dostawy: 14 dni.","og_url":"https:\/\/fashiongold.lt\/pl\/papuosalas\/zloty-krzyzyk-z-czarnymi-diamentami-0-44-ct\/","og_site_name":"FashionGold.lt","og_image":[{"width":1000,"height":1000,"url":"https:\/\/fashiongold.lt\/wp-content\/uploads\/2025\/10\/21738-f38-Auksinis-kryzelis-su-juodais-deimantais-0.44-ct.webp","type":"image\/png"}],"twitter_card":"summary_large_image","twitter_misc":{"Szacowany czas czytania":"1 minuta"},"schema":{"@context":"https:\/\/schema.org","@graph":[{"@type":"WebPage","@id":"https:\/\/fashiongold.lt\/pl\/papuosalas\/zloty-krzyzyk-z-czarnymi-diamentami-0-44-ct\/","url":"https:\/\/fashiongold.lt\/pl\/papuosalas\/zloty-krzyzyk-z-czarnymi-diamentami-0-44-ct\/","name":"Z\u0142oty krzy\u017cyk z czarnymi diamentami (0.44 ct)","isPartOf":{"@id":"https:\/\/fashiongold.lt\/pl\/#website"},"primaryImageOfPage":{"@id":"https:\/\/fashiongold.lt\/pl\/papuosalas\/zloty-krzyzyk-z-czarnymi-diamentami-0-44-ct\/#primaryimage"},"image":{"@id":"https:\/\/fashiongold.lt\/pl\/papuosalas\/zloty-krzyzyk-z-czarnymi-diamentami-0-44-ct\/#primaryimage"},"thumbnailUrl":"https:\/\/fashiongold.lt\/wp-content\/uploads\/2025\/10\/21738-f38-Auksinis-kryzelis-su-juodais-deimantais-0.44-ct.png","datePublished":"2025-10-24T01:58:55+00:00","description":"Z\u0142oty krzy\u017cyk z czarnymi diamentami o masie 0,44 karata. Doskona\u0142y prezent na co dzie\u0144 i na specjalne okazje. Wyprodukowano w Niemczech. Czas dostawy: 14 dni.","breadcrumb":{"@id":"https:\/\/fashiongold.lt\/pl\/papuosalas\/zloty-krzyzyk-z-czarnymi-diamentami-0-44-ct\/#breadcrumb"},"inLanguage":"pl-PL","potentialAction":[{"@type":"ReadAction","target":["https:\/\/fashiongold.lt\/pl\/papuosalas\/zloty-krzyzyk-z-czarnymi-diamentami-0-44-ct\/"]}]},{"@type":"ImageObject","inLanguage":"pl-PL","@id":"https:\/\/fashiongold.lt\/pl\/papuosalas\/zloty-krzyzyk-z-czarnymi-diamentami-0-44-ct\/#primaryimage","url":"https:\/\/fashiongold.lt\/wp-content\/uploads\/2025\/10\/21738-f38-Auksinis-kryzelis-su-juodais-deimantais-0.44-ct.png","contentUrl":"https:\/\/fashiongold.lt\/wp-content\/uploads\/2025\/10\/21738-f38-Auksinis-kryzelis-su-juodais-deimantais-0.44-ct.png","width":1000,"height":1000},{"@type":"BreadcrumbList","@id":"https:\/\/fashiongold.lt\/pl\/papuosalas\/zloty-krzyzyk-z-czarnymi-diamentami-0-44-ct\/#breadcrumb","itemListElement":[{"@type":"ListItem","position":1,"name":"Home","item":"https:\/\/fashiongold.lt\/pl\/"},{"@type":"ListItem","position":2,"name":"Sklep z diamentami Fashiongold.lt","item":"https:\/\/fashiongold.lt\/shop-2\/"},{"@type":"ListItem","position":3,"name":"Z\u0142oty krzy\u017cyk z czarnymi diamentami (0.44 ct)"}]},{"@type":"WebSite","@id":"https:\/\/fashiongold.lt\/pl\/#website","url":"https:\/\/fashiongold.lt\/pl\/","name":"Fashion Gold","description":"Juvelyrikos namai","publisher":{"@id":"https:\/\/fashiongold.lt\/pl\/#organization"},"potentialAction":[{"@type":"SearchAction","target":{"@type":"EntryPoint","urlTemplate":"https:\/\/fashiongold.lt\/pl\/?s={search_term_string}"},"query-input":{"@type":"PropertyValueSpecification","valueRequired":true,"valueName":"search_term_string"}}],"inLanguage":"pl-PL"},{"@type":"Organization","@id":"https:\/\/fashiongold.lt\/pl\/#organization","name":"Topdiamonds Online","url":"https:\/\/fashiongold.lt\/pl\/","logo":{"@type":"ImageObject","inLanguage":"pl-PL","@id":"https:\/\/fashiongold.lt\/pl\/#\/schema\/logo\/image\/","url":"https:\/\/fashiongold.lt\/wp-content\/uploads\/2025\/04\/cropped-fashion_gold_logotipas2-scaled-1.png","contentUrl":"https:\/\/fashiongold.lt\/wp-content\/uploads\/2025\/04\/cropped-fashion_gold_logotipas2-scaled-1.png","width":2559,"height":421,"caption":"Topdiamonds Online"},"image":{"@id":"https:\/\/fashiongold.lt\/pl\/#\/schema\/logo\/image\/"}}]}},"_links":{"self":[{"href":"https:\/\/fashiongold.lt\/pl\/wp-json\/wp\/v2\/product\/273081","targetHints":{"allow":["GET"]}}],"collection":[{"href":"https:\/\/fashiongold.lt\/pl\/wp-json\/wp\/v2\/product"}],"about":[{"href":"https:\/\/fashiongold.lt\/pl\/wp-json\/wp\/v2\/types\/product"}],"version-history":[{"count":0,"href":"https:\/\/fashiongold.lt\/pl\/wp-json\/wp\/v2\/product\/273081\/revisions"}],"wp:featuredmedia":[{"embeddable":true,"href":"https:\/\/fashiongold.lt\/pl\/wp-json\/wp\/v2\/media\/253429"}],"wp:attachment":[{"href":"https:\/\/fashiongold.lt\/pl\/wp-json\/wp\/v2\/media?parent=273081"}],"wp:term":[{"taxonomy":"product_brand","embeddable":true,"href":"https:\/\/fashiongold.lt\/pl\/wp-json\/wp\/v2\/product_brand?post=273081"},{"taxonomy":"product_cat","embeddable":true,"href":"https:\/\/fashiongold.lt\/pl\/wp-json\/wp\/v2\/product_cat?post=273081"},{"taxonomy":"product_tag","embeddable":true,"href":"https:\/\/fashiongold.lt\/pl\/wp-json\/wp\/v2\/product_tag?post=273081"}],"curies":[{"name":"wp","href":"https:\/\/api.w.org\/{rel}","templated":true}]}}