{"id":273299,"date":"2025-10-24T02:15:32","date_gmt":"2025-10-24T02:15:32","guid":{"rendered":"https:\/\/fashiongold.lt\/papuosalas\/marzenie-emerald-pierscionek-z-morganitem-i-diamentami\/"},"modified":"2025-10-24T02:15:32","modified_gmt":"2025-10-24T02:15:32","slug":"marzenie-emerald-pierscionek-z-morganitem-i-diamentami","status":"publish","type":"product","link":"https:\/\/fashiongold.lt\/pl\/papuosalas\/marzenie-emerald-pierscionek-z-morganitem-i-diamentami\/","title":{"rendered":"Marzenie Emerald &#8211; pier\u015bcionek z morganitem i diamentami"},"content":{"rendered":"<p style=\"box-sizing: inherit; margin: 0px; color: #777777; font-family: Roboto; font-size: 16px; background-color: #fbfbfb;\">Magiczna moc morganitu \u2013 dzia\u0142a jako talizman r\u00f3wnowagi duszy. Uwa\u017ca si\u0119, \u017ce kamie\u0144 ten przyci\u0105ga szcz\u0119\u015bcie, pomaga odnale\u017a\u0107 mi\u0142o\u015b\u0107 i odkrywa ukryte talenty, przynosi sukces w pracy, inspiracj\u0119 tw\u00f3rcom i jest domowym anio\u0142em str\u00f3\u017cem. Morganit chroni przed negatywnym wp\u0142ywem energetycznym \u2013 urokami lub zazdro\u015bci\u0105, a nawet przed nieszcz\u0119\u015bliwymi wypadkami. Morganit jest odpowiedni dla ka\u017cdego, ale najbardziej dla Skorpiona, Ryb i Raka, Strzelca, Lwa, Bli\u017ani\u0105t, Wodnika i Wagi.<\/p>\n<p style=\"box-sizing: inherit; margin: 0px; color: #777777; font-family: Roboto; font-size: 16px; background-color: #fbfbfb;\">\u2022 Z\u0142oto pier\u015bcionka: 14 karat\u00f3w (pr\u00f3ba 585)<\/p>\n<p style=\"box-sizing: inherit; margin: 0px; color: #777777; font-family: Roboto; font-size: 16px; background-color: #fbfbfb;\">\u2022 Kolor pier\u015bcionka: czerwone z\u0142oto<\/p>\n<p style=\"box-sizing: inherit; margin: 0px; color: #777777; font-family: Roboto; font-size: 16px; background-color: #fbfbfb;\">\u2022 Waga pier\u015bcionka: oko\u0142o 2,00 &#8211; 2,0 g<\/p>\n<p style=\"box-sizing: inherit; margin: 0px; color: #777777; font-family: Roboto; font-size: 16px; background-color: #fbfbfb;\">\u2022 Typ diamentu: Naturalny diament<\/p>\n<p style=\"box-sizing: inherit; margin: 0px; color: #777777; font-family: Roboto; font-size: 16px; background-color: #fbfbfb;\">\u2022 Kszta\u0142t diamentu: Okr\u0105g\u0142y (Round cut)<\/p>\n<p style=\"box-sizing: inherit; margin: 0px; color: #777777; font-family: Roboto; font-size: 16px; background-color: #fbfbfb;\">\u2022 Charakterystyka diamentu: 0,19 ct, kolor G-H (RW-W); czysto\u015b\u0107 SI<\/p>\n<p style=\"box-sizing: inherit; margin: 0px; color: #777777; font-family: Roboto; font-size: 16px; background-color: #fbfbfb;\">\u2022 Kamie\u0144 centralny: r\u00f3\u017cowy morganit w kszta\u0142cie \u0142ezki &#8211; 0,60 ct<\/p>\n<p style=\"box-sizing: inherit; margin: 0px; color: #777777; font-family: Roboto; font-size: 16px; background-color: #fbfbfb;\">\u2022 Certyfikat: Litewski Urz\u0105d Probierczy (LPR)<\/p>\n<p style=\"box-sizing: inherit; margin: 0px; color: #777777; font-family: Roboto; font-size: 16px; background-color: #fbfbfb;\">\u2022 Jednorazowa bezp\u0142atna gwarancja zmiany rozmiaru pier\u015bcionka<\/p>\n<p style=\"box-sizing: inherit; margin: 0px; color: #777777; font-family: Roboto; font-size: 16px; background-color: #fbfbfb;\">\u2022 Termin produkcji i dostawy od 14 dni roboczych, w trybie pilnym w ci\u0105gu 3 dni roboczych.<\/p>\n<p style=\"box-sizing: inherit; margin: 0px; color: #777777; font-family: Roboto; font-size: 16px; background-color: #fbfbfb;\">Masz w\u0142asne z\u0142oto? Skontaktuj si\u0119 z nami, przeliczymy cen\u0119 \u2013 zap\u0142acisz tylko za wykonanie pier\u015bcionka.<\/p>\n","protected":false},"excerpt":{"rendered":"<p>Klasyczny z\u0142oty pier\u015bcionek z r\u00f3\u017cowym morganitem o masie 0,60 karata o szlifie szmaragdowym i diamentami wok\u00f3\u0142 morganitu. Doskona\u0142y prezent na wyj\u0105tkow\u0105 okazj\u0119 i dla siebie.<\/p>\n","protected":false},"featured_media":253647,"template":"","meta":{"site-sidebar-layout":"","site-content-layout":"","ast-site-content-layout":"","site-content-style":"","site-sidebar-style":"","ast-global-header-display":"","ast-banner-title-visibility":"","ast-main-header-display":"","ast-hfb-above-header-display":"","ast-hfb-below-header-display":"","ast-hfb-mobile-header-display":"","site-post-title":"","ast-breadcrumbs-content":"","ast-featured-img":"","footer-sml-layout":"","ast-disable-related-posts":"","theme-transparent-header-meta":"","adv-header-id-meta":"","stick-header-meta":"","header-above-stick-meta":"","header-main-stick-meta":"","header-below-stick-meta":"","astra-migrate-meta-layouts":"default","ast-page-background-enabled":"default","ast-page-background-meta":{"desktop":{"background-color":"var(--ast-global-color-4)","background-image":"","background-repeat":"repeat","background-position":"center center","background-size":"auto","background-attachment":"scroll","background-type":"","background-media":"","overlay-type":"","overlay-color":"","overlay-opacity":"","overlay-gradient":""},"tablet":{"background-color":"","background-image":"","background-repeat":"repeat","background-position":"center center","background-size":"auto","background-attachment":"scroll","background-type":"","background-media":"","overlay-type":"","overlay-color":"","overlay-opacity":"","overlay-gradient":""},"mobile":{"background-color":"","background-image":"","background-repeat":"repeat","background-position":"center center","background-size":"auto","background-attachment":"scroll","background-type":"","background-media":"","overlay-type":"","overlay-color":"","overlay-opacity":"","overlay-gradient":""}},"ast-content-background-meta":{"desktop":{"background-color":"var(--ast-global-color-5)","background-image":"","background-repeat":"repeat","background-position":"center center","background-size":"auto","background-attachment":"scroll","background-type":"","background-media":"","overlay-type":"","overlay-color":"","overlay-opacity":"","overlay-gradient":""},"tablet":{"background-color":"var(--ast-global-color-5)","background-image":"","background-repeat":"repeat","background-position":"center center","background-size":"auto","background-attachment":"scroll","background-type":"","background-media":"","overlay-type":"","overlay-color":"","overlay-opacity":"","overlay-gradient":""},"mobile":{"background-color":"var(--ast-global-color-5)","background-image":"","background-repeat":"repeat","background-position":"center center","background-size":"auto","background-attachment":"scroll","background-type":"","background-media":"","overlay-type":"","overlay-color":"","overlay-opacity":"","overlay-gradient":""}}},"product_brand":[],"product_cat":[3278,3232,3273,3280,3279],"product_tag":[],"class_list":{"0":"post-273299","1":"product","2":"type-product","3":"status-publish","4":"has-post-thumbnail","6":"product_cat-bizuteria-z-rozowymi-kamieniami-szlachetnymi","7":"product_cat-pierscionki-zareczynowe","8":"product_cat-pierscionki-zareczynowe-z-kamieniami-szlachetnymi","9":"product_cat-rozane-gody-10-lat","10":"product_cat-rozowe-kamienie-szlachetne","11":"desktop-align-center","12":"tablet-align-left","13":"mobile-align-left","14":"ast-product-gallery-layout-horizontal-slider","15":"ast-product-gallery-with-no-image","16":"ast-product-single-variable","17":"ast-product-tabs-layout-accordion","18":"ast-qv-on-image","20":"first","21":"instock","22":"taxable","23":"shipping-taxable","24":"purchasable","25":"product-type-variable"},"yoast_head":"<!-- This site is optimized with the Yoast SEO plugin v26.6 - https:\/\/yoast.com\/wordpress\/plugins\/seo\/ -->\n<title>Szmaragdowe marzenie \u2013 pier\u015bcionek z morganitem i diamentami<\/title>\n<meta name=\"description\" content=\"Klasyczny z\u0142oty pier\u015bcionek z r\u00f3\u017cowym morganitem o masie 0,60 karata o szlifie szmaragdowym i diamentami wok\u00f3\u0142 morganitu. Doskona\u0142y prezent na wyj\u0105tkow\u0105 okazj\u0119 i dla siebie.\" \/>\n<meta name=\"robots\" content=\"index, follow, max-snippet:-1, max-image-preview:large, max-video-preview:-1\" \/>\n<link rel=\"canonical\" href=\"https:\/\/fashiongold.lt\/pl\/papuosalas\/marzenie-emerald-pierscionek-z-morganitem-i-diamentami\/\" \/>\n<meta property=\"og:locale\" content=\"pl_PL\" \/>\n<meta property=\"og:type\" content=\"article\" \/>\n<meta property=\"og:title\" content=\"Szmaragdowe marzenie \u2013 pier\u015bcionek z morganitem i diamentami\" \/>\n<meta property=\"og:description\" content=\"Klasyczny z\u0142oty pier\u015bcionek z r\u00f3\u017cowym morganitem o masie 0,60 karata o szlifie szmaragdowym i diamentami wok\u00f3\u0142 morganitu. Doskona\u0142y prezent na wyj\u0105tkow\u0105 okazj\u0119 i dla siebie.\" \/>\n<meta property=\"og:url\" content=\"https:\/\/fashiongold.lt\/pl\/papuosalas\/marzenie-emerald-pierscionek-z-morganitem-i-diamentami\/\" \/>\n<meta property=\"og:site_name\" content=\"FashionGold.lt\" \/>\n<meta property=\"og:image\" content=\"https:\/\/fashiongold.lt\/wp-content\/uploads\/2025\/10\/22004-848-Emerald-svajone-ziedas-morganitu-ir-deimantais.webp\" \/>\n\t<meta property=\"og:image:width\" content=\"1200\" \/>\n\t<meta property=\"og:image:height\" content=\"1200\" \/>\n\t<meta property=\"og:image:type\" content=\"image\/jpeg\" \/>\n<meta name=\"twitter:card\" content=\"summary_large_image\" \/>\n<meta name=\"twitter:label1\" content=\"Szacowany czas czytania\" \/>\n\t<meta name=\"twitter:data1\" content=\"1 minuta\" \/>\n<script type=\"application\/ld+json\" class=\"yoast-schema-graph\">{\"@context\":\"https:\/\/schema.org\",\"@graph\":[{\"@type\":\"WebPage\",\"@id\":\"https:\/\/fashiongold.lt\/pl\/papuosalas\/marzenie-emerald-pierscionek-z-morganitem-i-diamentami\/\",\"url\":\"https:\/\/fashiongold.lt\/pl\/papuosalas\/marzenie-emerald-pierscionek-z-morganitem-i-diamentami\/\",\"name\":\"Szmaragdowe marzenie \u2013 pier\u015bcionek z morganitem i diamentami\",\"isPartOf\":{\"@id\":\"https:\/\/fashiongold.lt\/pl\/#website\"},\"primaryImageOfPage\":{\"@id\":\"https:\/\/fashiongold.lt\/pl\/papuosalas\/marzenie-emerald-pierscionek-z-morganitem-i-diamentami\/#primaryimage\"},\"image\":{\"@id\":\"https:\/\/fashiongold.lt\/pl\/papuosalas\/marzenie-emerald-pierscionek-z-morganitem-i-diamentami\/#primaryimage\"},\"thumbnailUrl\":\"https:\/\/fashiongold.lt\/wp-content\/uploads\/2025\/10\/22004-848-Emerald-svajone-ziedas-morganitu-ir-deimantais.jpg\",\"datePublished\":\"2025-10-24T02:15:32+00:00\",\"description\":\"Klasyczny z\u0142oty pier\u015bcionek z r\u00f3\u017cowym morganitem o masie 0,60 karata o szlifie szmaragdowym i diamentami wok\u00f3\u0142 morganitu. Doskona\u0142y prezent na wyj\u0105tkow\u0105 okazj\u0119 i dla siebie.\",\"breadcrumb\":{\"@id\":\"https:\/\/fashiongold.lt\/pl\/papuosalas\/marzenie-emerald-pierscionek-z-morganitem-i-diamentami\/#breadcrumb\"},\"inLanguage\":\"pl-PL\",\"potentialAction\":[{\"@type\":\"ReadAction\",\"target\":[\"https:\/\/fashiongold.lt\/pl\/papuosalas\/marzenie-emerald-pierscionek-z-morganitem-i-diamentami\/\"]}]},{\"@type\":\"ImageObject\",\"inLanguage\":\"pl-PL\",\"@id\":\"https:\/\/fashiongold.lt\/pl\/papuosalas\/marzenie-emerald-pierscionek-z-morganitem-i-diamentami\/#primaryimage\",\"url\":\"https:\/\/fashiongold.lt\/wp-content\/uploads\/2025\/10\/22004-848-Emerald-svajone-ziedas-morganitu-ir-deimantais.jpg\",\"contentUrl\":\"https:\/\/fashiongold.lt\/wp-content\/uploads\/2025\/10\/22004-848-Emerald-svajone-ziedas-morganitu-ir-deimantais.jpg\",\"width\":1200,\"height\":1200},{\"@type\":\"BreadcrumbList\",\"@id\":\"https:\/\/fashiongold.lt\/pl\/papuosalas\/marzenie-emerald-pierscionek-z-morganitem-i-diamentami\/#breadcrumb\",\"itemListElement\":[{\"@type\":\"ListItem\",\"position\":1,\"name\":\"Home\",\"item\":\"https:\/\/fashiongold.lt\/pl\/\"},{\"@type\":\"ListItem\",\"position\":2,\"name\":\"Sklep z diamentami Fashiongold.lt\",\"item\":\"https:\/\/fashiongold.lt\/shop-2\/\"},{\"@type\":\"ListItem\",\"position\":3,\"name\":\"Marzenie Emerald &#8211; pier\u015bcionek z morganitem i diamentami\"}]},{\"@type\":\"WebSite\",\"@id\":\"https:\/\/fashiongold.lt\/pl\/#website\",\"url\":\"https:\/\/fashiongold.lt\/pl\/\",\"name\":\"Fashion Gold\",\"description\":\"Juvelyrikos namai\",\"publisher\":{\"@id\":\"https:\/\/fashiongold.lt\/pl\/#organization\"},\"potentialAction\":[{\"@type\":\"SearchAction\",\"target\":{\"@type\":\"EntryPoint\",\"urlTemplate\":\"https:\/\/fashiongold.lt\/pl\/?s={search_term_string}\"},\"query-input\":{\"@type\":\"PropertyValueSpecification\",\"valueRequired\":true,\"valueName\":\"search_term_string\"}}],\"inLanguage\":\"pl-PL\"},{\"@type\":\"Organization\",\"@id\":\"https:\/\/fashiongold.lt\/pl\/#organization\",\"name\":\"Topdiamonds Online\",\"url\":\"https:\/\/fashiongold.lt\/pl\/\",\"logo\":{\"@type\":\"ImageObject\",\"inLanguage\":\"pl-PL\",\"@id\":\"https:\/\/fashiongold.lt\/pl\/#\/schema\/logo\/image\/\",\"url\":\"https:\/\/fashiongold.lt\/wp-content\/uploads\/2025\/04\/cropped-fashion_gold_logotipas2-scaled-1.png\",\"contentUrl\":\"https:\/\/fashiongold.lt\/wp-content\/uploads\/2025\/04\/cropped-fashion_gold_logotipas2-scaled-1.png\",\"width\":2559,\"height\":421,\"caption\":\"Topdiamonds Online\"},\"image\":{\"@id\":\"https:\/\/fashiongold.lt\/pl\/#\/schema\/logo\/image\/\"}}]}<\/script>\n<!-- \/ Yoast SEO plugin. -->","yoast_head_json":{"title":"Szmaragdowe marzenie \u2013 pier\u015bcionek z morganitem i diamentami","description":"Klasyczny z\u0142oty pier\u015bcionek z r\u00f3\u017cowym morganitem o masie 0,60 karata o szlifie szmaragdowym i diamentami wok\u00f3\u0142 morganitu. Doskona\u0142y prezent na wyj\u0105tkow\u0105 okazj\u0119 i dla siebie.","robots":{"index":"index","follow":"follow","max-snippet":"max-snippet:-1","max-image-preview":"max-image-preview:large","max-video-preview":"max-video-preview:-1"},"canonical":"https:\/\/fashiongold.lt\/pl\/papuosalas\/marzenie-emerald-pierscionek-z-morganitem-i-diamentami\/","og_locale":"pl_PL","og_type":"article","og_title":"Szmaragdowe marzenie \u2013 pier\u015bcionek z morganitem i diamentami","og_description":"Klasyczny z\u0142oty pier\u015bcionek z r\u00f3\u017cowym morganitem o masie 0,60 karata o szlifie szmaragdowym i diamentami wok\u00f3\u0142 morganitu. Doskona\u0142y prezent na wyj\u0105tkow\u0105 okazj\u0119 i dla siebie.","og_url":"https:\/\/fashiongold.lt\/pl\/papuosalas\/marzenie-emerald-pierscionek-z-morganitem-i-diamentami\/","og_site_name":"FashionGold.lt","og_image":[{"width":1200,"height":1200,"url":"https:\/\/fashiongold.lt\/wp-content\/uploads\/2025\/10\/22004-848-Emerald-svajone-ziedas-morganitu-ir-deimantais.webp","type":"image\/jpeg"}],"twitter_card":"summary_large_image","twitter_misc":{"Szacowany czas czytania":"1 minuta"},"schema":{"@context":"https:\/\/schema.org","@graph":[{"@type":"WebPage","@id":"https:\/\/fashiongold.lt\/pl\/papuosalas\/marzenie-emerald-pierscionek-z-morganitem-i-diamentami\/","url":"https:\/\/fashiongold.lt\/pl\/papuosalas\/marzenie-emerald-pierscionek-z-morganitem-i-diamentami\/","name":"Szmaragdowe marzenie \u2013 pier\u015bcionek z morganitem i diamentami","isPartOf":{"@id":"https:\/\/fashiongold.lt\/pl\/#website"},"primaryImageOfPage":{"@id":"https:\/\/fashiongold.lt\/pl\/papuosalas\/marzenie-emerald-pierscionek-z-morganitem-i-diamentami\/#primaryimage"},"image":{"@id":"https:\/\/fashiongold.lt\/pl\/papuosalas\/marzenie-emerald-pierscionek-z-morganitem-i-diamentami\/#primaryimage"},"thumbnailUrl":"https:\/\/fashiongold.lt\/wp-content\/uploads\/2025\/10\/22004-848-Emerald-svajone-ziedas-morganitu-ir-deimantais.jpg","datePublished":"2025-10-24T02:15:32+00:00","description":"Klasyczny z\u0142oty pier\u015bcionek z r\u00f3\u017cowym morganitem o masie 0,60 karata o szlifie szmaragdowym i diamentami wok\u00f3\u0142 morganitu. Doskona\u0142y prezent na wyj\u0105tkow\u0105 okazj\u0119 i dla siebie.","breadcrumb":{"@id":"https:\/\/fashiongold.lt\/pl\/papuosalas\/marzenie-emerald-pierscionek-z-morganitem-i-diamentami\/#breadcrumb"},"inLanguage":"pl-PL","potentialAction":[{"@type":"ReadAction","target":["https:\/\/fashiongold.lt\/pl\/papuosalas\/marzenie-emerald-pierscionek-z-morganitem-i-diamentami\/"]}]},{"@type":"ImageObject","inLanguage":"pl-PL","@id":"https:\/\/fashiongold.lt\/pl\/papuosalas\/marzenie-emerald-pierscionek-z-morganitem-i-diamentami\/#primaryimage","url":"https:\/\/fashiongold.lt\/wp-content\/uploads\/2025\/10\/22004-848-Emerald-svajone-ziedas-morganitu-ir-deimantais.jpg","contentUrl":"https:\/\/fashiongold.lt\/wp-content\/uploads\/2025\/10\/22004-848-Emerald-svajone-ziedas-morganitu-ir-deimantais.jpg","width":1200,"height":1200},{"@type":"BreadcrumbList","@id":"https:\/\/fashiongold.lt\/pl\/papuosalas\/marzenie-emerald-pierscionek-z-morganitem-i-diamentami\/#breadcrumb","itemListElement":[{"@type":"ListItem","position":1,"name":"Home","item":"https:\/\/fashiongold.lt\/pl\/"},{"@type":"ListItem","position":2,"name":"Sklep z diamentami Fashiongold.lt","item":"https:\/\/fashiongold.lt\/shop-2\/"},{"@type":"ListItem","position":3,"name":"Marzenie Emerald &#8211; pier\u015bcionek z morganitem i diamentami"}]},{"@type":"WebSite","@id":"https:\/\/fashiongold.lt\/pl\/#website","url":"https:\/\/fashiongold.lt\/pl\/","name":"Fashion Gold","description":"Juvelyrikos namai","publisher":{"@id":"https:\/\/fashiongold.lt\/pl\/#organization"},"potentialAction":[{"@type":"SearchAction","target":{"@type":"EntryPoint","urlTemplate":"https:\/\/fashiongold.lt\/pl\/?s={search_term_string}"},"query-input":{"@type":"PropertyValueSpecification","valueRequired":true,"valueName":"search_term_string"}}],"inLanguage":"pl-PL"},{"@type":"Organization","@id":"https:\/\/fashiongold.lt\/pl\/#organization","name":"Topdiamonds Online","url":"https:\/\/fashiongold.lt\/pl\/","logo":{"@type":"ImageObject","inLanguage":"pl-PL","@id":"https:\/\/fashiongold.lt\/pl\/#\/schema\/logo\/image\/","url":"https:\/\/fashiongold.lt\/wp-content\/uploads\/2025\/04\/cropped-fashion_gold_logotipas2-scaled-1.png","contentUrl":"https:\/\/fashiongold.lt\/wp-content\/uploads\/2025\/04\/cropped-fashion_gold_logotipas2-scaled-1.png","width":2559,"height":421,"caption":"Topdiamonds Online"},"image":{"@id":"https:\/\/fashiongold.lt\/pl\/#\/schema\/logo\/image\/"}}]}},"_links":{"self":[{"href":"https:\/\/fashiongold.lt\/pl\/wp-json\/wp\/v2\/product\/273299","targetHints":{"allow":["GET"]}}],"collection":[{"href":"https:\/\/fashiongold.lt\/pl\/wp-json\/wp\/v2\/product"}],"about":[{"href":"https:\/\/fashiongold.lt\/pl\/wp-json\/wp\/v2\/types\/product"}],"version-history":[{"count":0,"href":"https:\/\/fashiongold.lt\/pl\/wp-json\/wp\/v2\/product\/273299\/revisions"}],"wp:featuredmedia":[{"embeddable":true,"href":"https:\/\/fashiongold.lt\/pl\/wp-json\/wp\/v2\/media\/253647"}],"wp:attachment":[{"href":"https:\/\/fashiongold.lt\/pl\/wp-json\/wp\/v2\/media?parent=273299"}],"wp:term":[{"taxonomy":"product_brand","embeddable":true,"href":"https:\/\/fashiongold.lt\/pl\/wp-json\/wp\/v2\/product_brand?post=273299"},{"taxonomy":"product_cat","embeddable":true,"href":"https:\/\/fashiongold.lt\/pl\/wp-json\/wp\/v2\/product_cat?post=273299"},{"taxonomy":"product_tag","embeddable":true,"href":"https:\/\/fashiongold.lt\/pl\/wp-json\/wp\/v2\/product_tag?post=273299"}],"curies":[{"name":"wp","href":"https:\/\/api.w.org\/{rel}","templated":true}]}}