{"id":273326,"date":"2025-10-24T00:32:30","date_gmt":"2025-10-24T00:32:30","guid":{"rendered":"https:\/\/fashiongold.lt\/papuosalas\/imponujacy-szmaragd-pierscionek-z-bialego-zlota-ze-szmaragdem-i-diamentami-296-ct\/"},"modified":"2025-10-24T00:32:30","modified_gmt":"2025-10-24T00:32:30","slug":"imponujacy-szmaragd-pierscionek-z-bialego-zlota-ze-szmaragdem-i-diamentami-296-ct","status":"publish","type":"product","link":"https:\/\/fashiongold.lt\/pl\/papuosalas\/imponujacy-szmaragd-pierscionek-z-bialego-zlota-ze-szmaragdem-i-diamentami-296-ct\/","title":{"rendered":"Imponuj\u0105cy Szmaragd &#8211; pier\u015bcionek z bia\u0142ego z\u0142ota ze szmaragdem i diamentami (2,96 ct)"},"content":{"rendered":"<p style=\"box-sizing: inherit; margin: 0px; color: #777777; font-family: Roboto; font-size: 16px; background-color: #fbfbfb;\" data-mce-style=\"box-sizing: inherit; margin: 0px; color: #777777; font-family: Roboto; font-size: 16px; background-color: #fbfbfb;\">Wyprodukowany w Niemczech z wysokiej jako\u015bci kamieni szlachetnych. Doskona\u0142y wyb\u00f3r dla stylowej kobiety. Magiczna moc szmaragdu \u2013 dzia\u0142a jak amulet lub talizman, zapewnia w\u0142a\u015bcicielowi zdrowie, energi\u0119, przynosi sukces w biznesie, pracy i \u017cyciu osobistym. Szmaragd jest odpowiedni dla Byk\u00f3w, Bli\u017ani\u0105t, Lw\u00f3w, Rak\u00f3w, Ryb, Strzelc\u00f3w.&nbsp; &#038;nbsp<\/p>\n<p style=\"box-sizing: inherit; margin: 0px; color: #777777; font-family: Roboto; font-size: 16px; background-color: #fbfbfb;\" data-mce-style=\"box-sizing: inherit; margin: 0px; color: #777777; font-family: Roboto; font-size: 16px; background-color: #fbfbfb;\">\u2022 Z\u0142oto pier\u015bcionka: 18 karat\u00f3w (pr\u00f3ba 750)&nbsp; &#038;nbsp<\/p>\n<p style=\"box-sizing: inherit; margin: 0px; color: #777777; font-family: Roboto; font-size: 16px; background-color: #fbfbfb;\" data-mce-style=\"box-sizing: inherit; margin: 0px; color: #777777; font-family: Roboto; font-size: 16px; background-color: #fbfbfb;\">\u2022 Kolor pier\u015bcionka: \u017c\u00f3\u0142te z\u0142oto&nbsp; &nbsp; &nbsp; &#038;nbsp<\/p>\n<p style=\"box-sizing: inherit; margin: 0px; color: #777777; font-family: Roboto; font-size: 16px; background-color: #fbfbfb;\" data-mce-style=\"box-sizing: inherit; margin: 0px; color: #777777; font-family: Roboto; font-size: 16px; background-color: #fbfbfb;\">\u2022 Waga pier\u015bcionka: oko\u0142o 3,50 &#8211; 4,00 g&nbsp; &nbsp; &nbsp; &#038;nbsp<\/p>\n<p style=\"box-sizing: inherit; margin: 0px; color: #777777; font-family: Roboto; font-size: 16px; background-color: #fbfbfb;\" data-mce-style=\"box-sizing: inherit; margin: 0px; color: #777777; font-family: Roboto; font-size: 16px; background-color: #fbfbfb;\">\u2022 Rodzaj diamentu: Naturalny diament&nbsp; &nbsp; &#038;nbsp<\/p>\n<p style=\"box-sizing: inherit; margin: 0px; color: #777777; font-family: Roboto; font-size: 16px; background-color: #fbfbfb;\" data-mce-style=\"box-sizing: inherit; margin: 0px; color: #777777; font-family: Roboto; font-size: 16px; background-color: #fbfbfb;\">\u2022 Kszta\u0142t diamentu: Kszta\u0142t prostok\u0105tny (szlif szmaragdowy \/ Emerald cut)&nbsp; &nbsp; &#038;nbsp<\/p>\n<p style=\"box-sizing: inherit; margin: 0px; color: #777777; font-family: Roboto; font-size: 16px; background-color: #fbfbfb;\" data-mce-style=\"box-sizing: inherit; margin: 0px; color: #777777; font-family: Roboto; font-size: 16px; background-color: #fbfbfb;\">\u2022 Charakterystyka diamentu: 0,40 ct, kolor G-H (RW-W); czysto\u015b\u0107 SI&nbsp; &nbsp; &#038;nbsp<\/p>\n<p style=\"box-sizing: inherit; margin: 0px; color: #777777; font-family: Roboto; font-size: 16px; background-color: #fbfbfb;\" data-mce-style=\"box-sizing: inherit; margin: 0px; color: #777777; font-family: Roboto; font-size: 16px; background-color: #fbfbfb;\">\u2022 Kamie\u0144 centralny: cytryn o kszta\u0142cie prostok\u0105tnym &#8211; 2,56 ct&nbsp; &nbsp; &nbsp; &#038;nbsp<\/p>\n<p style=\"box-sizing: inherit; margin: 0px; color: #777777; font-family: Roboto; font-size: 16px; background-color: #fbfbfb;\" data-mce-style=\"box-sizing: inherit; margin: 0px; color: #777777; font-family: Roboto; font-size: 16px; background-color: #fbfbfb;\">\u2022 Certyfikat: Litewska Izba Probiercza (LPR)&nbsp; &nbsp; &nbsp; &#038;nbsp<\/p>\n<p style=\"box-sizing: inherit; margin: 0px; color: #777777; font-family: Roboto; font-size: 16px; background-color: #fbfbfb;\" data-mce-style=\"box-sizing: inherit; margin: 0px; color: #777777; font-family: Roboto; font-size: 16px; background-color: #fbfbfb;\">\u2022 Wymiary pier\u015bcionka:&nbsp; &#038;nbsp<\/p>\n<p style=\"box-sizing: inherit; margin: 0px; color: #777777; font-family: Roboto; font-size: 16px; background-color: #fbfbfb;\" data-mce-style=\"box-sizing: inherit; margin: 0px; color: #777777; font-family: Roboto; font-size: 16px; background-color: #fbfbfb;\">\u2022 Grawerowanie gratis&nbsp; &nbsp; &#038;nbsp<\/p>\n<p style=\"box-sizing: inherit; margin: 0px; color: #777777; font-family: Roboto; font-size: 16px; background-color: #fbfbfb;\" data-mce-style=\"box-sizing: inherit; margin: 0px; color: #777777; font-family: Roboto; font-size: 16px; background-color: #fbfbfb;\">\u2022 Jednorazowa bezp\u0142atna gwarancja zmiany rozmiaru pier\u015bcionka&nbsp; &nbsp; &#038;nbsp<\/p>\n<p style=\"box-sizing: inherit; margin: 0px; color: #777777; font-family: Roboto; font-size: 16px; background-color: #fbfbfb;\" data-mce-style=\"box-sizing: inherit; margin: 0px; color: #777777; font-family: Roboto; font-size: 16px; background-color: #fbfbfb;\">\u2022 Termin produkcji i dostawy od 14 dni roboczych, w trybie pilnym w ci\u0105gu 3 dni roboczych.&#038;nbsp<\/p>\n<p style=\"box-sizing: inherit; margin: 0px; color: #777777; font-family: Roboto; font-size: 16px; background-color: #fbfbfb;\" data-mce-style=\"box-sizing: inherit; margin: 0px; color: #777777; font-family: Roboto; font-size: 16px; background-color: #fbfbfb;\"><strong>Masz w\u0142asne z\u0142oto? Skontaktuj si\u0119 z nami, przeliczymy cen\u0119 \u2013 zap\u0142acisz tylko za wykonanie pier\u015bcionka.<\/strong><\/p>\n","protected":false},"excerpt":{"rendered":"<p>Imponuj\u0105cy pier\u015bcionek z bia\u0142ego z\u0142ota o klasycznym wzornictwie z naturalnym, wysokiej jako\u015bci szmaragdem o prostok\u0105tnym kszta\u0142cie i diamentami. Szmaragd w centrum, diamenty o prostok\u0105tnym kszta\u0142cie u\u0142o\u017cone po obu stronach. Wyj\u0105tkowy pier\u015bcionek dla stylowej kobiety. Idealny na zar\u0119czyny i na co dzie\u0144, dodaj\u0105cy luksusu Twojemu stylowi.&#038;nbsp<\/p>\n","protected":false},"featured_media":250741,"template":"","meta":{"site-sidebar-layout":"","site-content-layout":"","ast-site-content-layout":"","site-content-style":"","site-sidebar-style":"","ast-global-header-display":"","ast-banner-title-visibility":"","ast-main-header-display":"","ast-hfb-above-header-display":"","ast-hfb-below-header-display":"","ast-hfb-mobile-header-display":"","site-post-title":"","ast-breadcrumbs-content":"","ast-featured-img":"","footer-sml-layout":"","ast-disable-related-posts":"","theme-transparent-header-meta":"","adv-header-id-meta":"","stick-header-meta":"","header-above-stick-meta":"","header-main-stick-meta":"","header-below-stick-meta":"","astra-migrate-meta-layouts":"default","ast-page-background-enabled":"default","ast-page-background-meta":{"desktop":{"background-color":"var(--ast-global-color-4)","background-image":"","background-repeat":"repeat","background-position":"center center","background-size":"auto","background-attachment":"scroll","background-type":"","background-media":"","overlay-type":"","overlay-color":"","overlay-opacity":"","overlay-gradient":""},"tablet":{"background-color":"","background-image":"","background-repeat":"repeat","background-position":"center center","background-size":"auto","background-attachment":"scroll","background-type":"","background-media":"","overlay-type":"","overlay-color":"","overlay-opacity":"","overlay-gradient":""},"mobile":{"background-color":"","background-image":"","background-repeat":"repeat","background-position":"center center","background-size":"auto","background-attachment":"scroll","background-type":"","background-media":"","overlay-type":"","overlay-color":"","overlay-opacity":"","overlay-gradient":""}},"ast-content-background-meta":{"desktop":{"background-color":"var(--ast-global-color-5)","background-image":"","background-repeat":"repeat","background-position":"center center","background-size":"auto","background-attachment":"scroll","background-type":"","background-media":"","overlay-type":"","overlay-color":"","overlay-opacity":"","overlay-gradient":""},"tablet":{"background-color":"var(--ast-global-color-5)","background-image":"","background-repeat":"repeat","background-position":"center center","background-size":"auto","background-attachment":"scroll","background-type":"","background-media":"","overlay-type":"","overlay-color":"","overlay-opacity":"","overlay-gradient":""},"mobile":{"background-color":"var(--ast-global-color-5)","background-image":"","background-repeat":"repeat","background-position":"center center","background-size":"auto","background-attachment":"scroll","background-type":"","background-media":"","overlay-type":"","overlay-color":"","overlay-opacity":"","overlay-gradient":""}}},"product_brand":[],"product_cat":[3044,2858,2879,3232,3273,3272,2853,2875,2876,2857,2854,2855,3169,2859,2852,3213,3214],"product_tag":[],"class_list":{"0":"post-273326","1":"product","2":"type-product","3":"status-publish","4":"has-post-thumbnail","6":"product_cat-bizuteria","7":"product_cat-bizuteria-z-bialego-zlota","8":"product_cat-pierscionki-z-kamieniami-szlachetnymi","9":"product_cat-pierscionki-zareczynowe","10":"product_cat-pierscionki-zareczynowe-z-kamieniami-szlachetnymi","11":"product_cat-pierscionki-zareczynowe-ze-szmaragdem","12":"product_cat-prezenty-dla-kobiet","13":"product_cat-prezenty-na-dzien-matki","14":"product_cat-prezenty-na-walentynki","15":"product_cat-prezenty-swiateczne","16":"product_cat-prezenty-z-okazji-narodzin-dziecka","17":"product_cat-prezenty-z-okazji-rocznicy-slubu","18":"product_cat-prezenty-z-okazji-slubu","19":"product_cat-prezenty-z-okazji-ukonczenia-szkoly","20":"product_cat-prezenty-z-okazji-urodzin","21":"product_cat-szmaragd-bizuteria-ze-szmaragdem","22":"product_cat-szmaragd-pierscionki-ze-szmaragdem","23":"desktop-align-center","24":"tablet-align-left","25":"mobile-align-left","26":"ast-product-gallery-layout-horizontal-slider","27":"ast-product-gallery-with-no-image","28":"ast-product-single-variable","29":"ast-product-tabs-layout-accordion","30":"ast-qv-on-image","32":"first","33":"instock","34":"taxable","35":"shipping-taxable","36":"purchasable","37":"product-type-variable"},"yoast_head":"<!-- This site is optimized with the Yoast SEO plugin v26.6 - https:\/\/yoast.com\/wordpress\/plugins\/seo\/ -->\n<title>Spektakularny Szmaragd - pier\u015bcionek z bia\u0142ego z\u0142ota ze szmaragdem i diamentami<\/title>\n<meta name=\"description\" content=\"Efektowny pier\u015bcionek o klasycznym wzornictwie z naturalnym, wysokiej jako\u015bci szmaragdem o prostok\u0105tnym kszta\u0142cie i diamentami. Wyj\u0105tkowy pier\u015bcionek \u2013 dla stylowej kobiety.\" \/>\n<meta name=\"robots\" content=\"index, follow, max-snippet:-1, max-image-preview:large, max-video-preview:-1\" \/>\n<link rel=\"canonical\" href=\"https:\/\/fashiongold.lt\/pl\/papuosalas\/imponujacy-szmaragd-pierscionek-z-bialego-zlota-ze-szmaragdem-i-diamentami-296-ct\/\" \/>\n<meta property=\"og:locale\" content=\"pl_PL\" \/>\n<meta property=\"og:type\" content=\"article\" \/>\n<meta property=\"og:title\" content=\"Spektakularny Szmaragd - pier\u015bcionek z bia\u0142ego z\u0142ota ze szmaragdem i diamentami\" \/>\n<meta property=\"og:description\" content=\"Efektowny pier\u015bcionek o klasycznym wzornictwie z naturalnym, wysokiej jako\u015bci szmaragdem o prostok\u0105tnym kszta\u0142cie i diamentami. Wyj\u0105tkowy pier\u015bcionek \u2013 dla stylowej kobiety.\" \/>\n<meta property=\"og:url\" content=\"https:\/\/fashiongold.lt\/pl\/papuosalas\/imponujacy-szmaragd-pierscionek-z-bialego-zlota-ze-szmaragdem-i-diamentami-296-ct\/\" \/>\n<meta property=\"og:site_name\" content=\"FashionGold.lt\" \/>\n<meta property=\"og:image\" content=\"https:\/\/fashiongold.lt\/wp-content\/uploads\/2025\/10\/11605-7e8-Ispudingas-Smaragdas-balto-aukso-ziedas-su-smaragdu-ir-deimantais.webp\" \/>\n\t<meta property=\"og:image:width\" content=\"1000\" \/>\n\t<meta property=\"og:image:height\" content=\"1000\" \/>\n\t<meta property=\"og:image:type\" content=\"image\/png\" \/>\n<meta name=\"twitter:card\" content=\"summary_large_image\" \/>\n<meta name=\"twitter:label1\" content=\"Szacowany czas czytania\" \/>\n\t<meta name=\"twitter:data1\" content=\"1 minuta\" \/>\n<script type=\"application\/ld+json\" class=\"yoast-schema-graph\">{\"@context\":\"https:\/\/schema.org\",\"@graph\":[{\"@type\":\"WebPage\",\"@id\":\"https:\/\/fashiongold.lt\/pl\/papuosalas\/imponujacy-szmaragd-pierscionek-z-bialego-zlota-ze-szmaragdem-i-diamentami-296-ct\/\",\"url\":\"https:\/\/fashiongold.lt\/pl\/papuosalas\/imponujacy-szmaragd-pierscionek-z-bialego-zlota-ze-szmaragdem-i-diamentami-296-ct\/\",\"name\":\"Spektakularny Szmaragd - pier\u015bcionek z bia\u0142ego z\u0142ota ze szmaragdem i diamentami\",\"isPartOf\":{\"@id\":\"https:\/\/fashiongold.lt\/pl\/#website\"},\"primaryImageOfPage\":{\"@id\":\"https:\/\/fashiongold.lt\/pl\/papuosalas\/imponujacy-szmaragd-pierscionek-z-bialego-zlota-ze-szmaragdem-i-diamentami-296-ct\/#primaryimage\"},\"image\":{\"@id\":\"https:\/\/fashiongold.lt\/pl\/papuosalas\/imponujacy-szmaragd-pierscionek-z-bialego-zlota-ze-szmaragdem-i-diamentami-296-ct\/#primaryimage\"},\"thumbnailUrl\":\"https:\/\/fashiongold.lt\/wp-content\/uploads\/2025\/10\/11605-7e8-Ispudingas-Smaragdas-balto-aukso-ziedas-su-smaragdu-ir-deimantais.png\",\"datePublished\":\"2025-10-24T00:32:30+00:00\",\"description\":\"Efektowny pier\u015bcionek o klasycznym wzornictwie z naturalnym, wysokiej jako\u015bci szmaragdem o prostok\u0105tnym kszta\u0142cie i diamentami. Wyj\u0105tkowy pier\u015bcionek \u2013 dla stylowej kobiety.\",\"breadcrumb\":{\"@id\":\"https:\/\/fashiongold.lt\/pl\/papuosalas\/imponujacy-szmaragd-pierscionek-z-bialego-zlota-ze-szmaragdem-i-diamentami-296-ct\/#breadcrumb\"},\"inLanguage\":\"pl-PL\",\"potentialAction\":[{\"@type\":\"ReadAction\",\"target\":[\"https:\/\/fashiongold.lt\/pl\/papuosalas\/imponujacy-szmaragd-pierscionek-z-bialego-zlota-ze-szmaragdem-i-diamentami-296-ct\/\"]}]},{\"@type\":\"ImageObject\",\"inLanguage\":\"pl-PL\",\"@id\":\"https:\/\/fashiongold.lt\/pl\/papuosalas\/imponujacy-szmaragd-pierscionek-z-bialego-zlota-ze-szmaragdem-i-diamentami-296-ct\/#primaryimage\",\"url\":\"https:\/\/fashiongold.lt\/wp-content\/uploads\/2025\/10\/11605-7e8-Ispudingas-Smaragdas-balto-aukso-ziedas-su-smaragdu-ir-deimantais.png\",\"contentUrl\":\"https:\/\/fashiongold.lt\/wp-content\/uploads\/2025\/10\/11605-7e8-Ispudingas-Smaragdas-balto-aukso-ziedas-su-smaragdu-ir-deimantais.png\",\"width\":1000,\"height\":1000},{\"@type\":\"BreadcrumbList\",\"@id\":\"https:\/\/fashiongold.lt\/pl\/papuosalas\/imponujacy-szmaragd-pierscionek-z-bialego-zlota-ze-szmaragdem-i-diamentami-296-ct\/#breadcrumb\",\"itemListElement\":[{\"@type\":\"ListItem\",\"position\":1,\"name\":\"Home\",\"item\":\"https:\/\/fashiongold.lt\/pl\/\"},{\"@type\":\"ListItem\",\"position\":2,\"name\":\"Sklep z diamentami Fashiongold.lt\",\"item\":\"https:\/\/fashiongold.lt\/shop-2\/\"},{\"@type\":\"ListItem\",\"position\":3,\"name\":\"Imponuj\u0105cy Szmaragd &#8211; pier\u015bcionek z bia\u0142ego z\u0142ota ze szmaragdem i diamentami (2,96 ct)\"}]},{\"@type\":\"WebSite\",\"@id\":\"https:\/\/fashiongold.lt\/pl\/#website\",\"url\":\"https:\/\/fashiongold.lt\/pl\/\",\"name\":\"Fashion Gold\",\"description\":\"Juvelyrikos namai\",\"publisher\":{\"@id\":\"https:\/\/fashiongold.lt\/pl\/#organization\"},\"potentialAction\":[{\"@type\":\"SearchAction\",\"target\":{\"@type\":\"EntryPoint\",\"urlTemplate\":\"https:\/\/fashiongold.lt\/pl\/?s={search_term_string}\"},\"query-input\":{\"@type\":\"PropertyValueSpecification\",\"valueRequired\":true,\"valueName\":\"search_term_string\"}}],\"inLanguage\":\"pl-PL\"},{\"@type\":\"Organization\",\"@id\":\"https:\/\/fashiongold.lt\/pl\/#organization\",\"name\":\"Topdiamonds Online\",\"url\":\"https:\/\/fashiongold.lt\/pl\/\",\"logo\":{\"@type\":\"ImageObject\",\"inLanguage\":\"pl-PL\",\"@id\":\"https:\/\/fashiongold.lt\/pl\/#\/schema\/logo\/image\/\",\"url\":\"https:\/\/fashiongold.lt\/wp-content\/uploads\/2025\/04\/cropped-fashion_gold_logotipas2-scaled-1.png\",\"contentUrl\":\"https:\/\/fashiongold.lt\/wp-content\/uploads\/2025\/04\/cropped-fashion_gold_logotipas2-scaled-1.png\",\"width\":2559,\"height\":421,\"caption\":\"Topdiamonds Online\"},\"image\":{\"@id\":\"https:\/\/fashiongold.lt\/pl\/#\/schema\/logo\/image\/\"}}]}<\/script>\n<!-- \/ Yoast SEO plugin. -->","yoast_head_json":{"title":"Spektakularny Szmaragd - pier\u015bcionek z bia\u0142ego z\u0142ota ze szmaragdem i diamentami","description":"Efektowny pier\u015bcionek o klasycznym wzornictwie z naturalnym, wysokiej jako\u015bci szmaragdem o prostok\u0105tnym kszta\u0142cie i diamentami. Wyj\u0105tkowy pier\u015bcionek \u2013 dla stylowej kobiety.","robots":{"index":"index","follow":"follow","max-snippet":"max-snippet:-1","max-image-preview":"max-image-preview:large","max-video-preview":"max-video-preview:-1"},"canonical":"https:\/\/fashiongold.lt\/pl\/papuosalas\/imponujacy-szmaragd-pierscionek-z-bialego-zlota-ze-szmaragdem-i-diamentami-296-ct\/","og_locale":"pl_PL","og_type":"article","og_title":"Spektakularny Szmaragd - pier\u015bcionek z bia\u0142ego z\u0142ota ze szmaragdem i diamentami","og_description":"Efektowny pier\u015bcionek o klasycznym wzornictwie z naturalnym, wysokiej jako\u015bci szmaragdem o prostok\u0105tnym kszta\u0142cie i diamentami. Wyj\u0105tkowy pier\u015bcionek \u2013 dla stylowej kobiety.","og_url":"https:\/\/fashiongold.lt\/pl\/papuosalas\/imponujacy-szmaragd-pierscionek-z-bialego-zlota-ze-szmaragdem-i-diamentami-296-ct\/","og_site_name":"FashionGold.lt","og_image":[{"width":1000,"height":1000,"url":"https:\/\/fashiongold.lt\/wp-content\/uploads\/2025\/10\/11605-7e8-Ispudingas-Smaragdas-balto-aukso-ziedas-su-smaragdu-ir-deimantais.webp","type":"image\/png"}],"twitter_card":"summary_large_image","twitter_misc":{"Szacowany czas czytania":"1 minuta"},"schema":{"@context":"https:\/\/schema.org","@graph":[{"@type":"WebPage","@id":"https:\/\/fashiongold.lt\/pl\/papuosalas\/imponujacy-szmaragd-pierscionek-z-bialego-zlota-ze-szmaragdem-i-diamentami-296-ct\/","url":"https:\/\/fashiongold.lt\/pl\/papuosalas\/imponujacy-szmaragd-pierscionek-z-bialego-zlota-ze-szmaragdem-i-diamentami-296-ct\/","name":"Spektakularny Szmaragd - pier\u015bcionek z bia\u0142ego z\u0142ota ze szmaragdem i diamentami","isPartOf":{"@id":"https:\/\/fashiongold.lt\/pl\/#website"},"primaryImageOfPage":{"@id":"https:\/\/fashiongold.lt\/pl\/papuosalas\/imponujacy-szmaragd-pierscionek-z-bialego-zlota-ze-szmaragdem-i-diamentami-296-ct\/#primaryimage"},"image":{"@id":"https:\/\/fashiongold.lt\/pl\/papuosalas\/imponujacy-szmaragd-pierscionek-z-bialego-zlota-ze-szmaragdem-i-diamentami-296-ct\/#primaryimage"},"thumbnailUrl":"https:\/\/fashiongold.lt\/wp-content\/uploads\/2025\/10\/11605-7e8-Ispudingas-Smaragdas-balto-aukso-ziedas-su-smaragdu-ir-deimantais.png","datePublished":"2025-10-24T00:32:30+00:00","description":"Efektowny pier\u015bcionek o klasycznym wzornictwie z naturalnym, wysokiej jako\u015bci szmaragdem o prostok\u0105tnym kszta\u0142cie i diamentami. Wyj\u0105tkowy pier\u015bcionek \u2013 dla stylowej kobiety.","breadcrumb":{"@id":"https:\/\/fashiongold.lt\/pl\/papuosalas\/imponujacy-szmaragd-pierscionek-z-bialego-zlota-ze-szmaragdem-i-diamentami-296-ct\/#breadcrumb"},"inLanguage":"pl-PL","potentialAction":[{"@type":"ReadAction","target":["https:\/\/fashiongold.lt\/pl\/papuosalas\/imponujacy-szmaragd-pierscionek-z-bialego-zlota-ze-szmaragdem-i-diamentami-296-ct\/"]}]},{"@type":"ImageObject","inLanguage":"pl-PL","@id":"https:\/\/fashiongold.lt\/pl\/papuosalas\/imponujacy-szmaragd-pierscionek-z-bialego-zlota-ze-szmaragdem-i-diamentami-296-ct\/#primaryimage","url":"https:\/\/fashiongold.lt\/wp-content\/uploads\/2025\/10\/11605-7e8-Ispudingas-Smaragdas-balto-aukso-ziedas-su-smaragdu-ir-deimantais.png","contentUrl":"https:\/\/fashiongold.lt\/wp-content\/uploads\/2025\/10\/11605-7e8-Ispudingas-Smaragdas-balto-aukso-ziedas-su-smaragdu-ir-deimantais.png","width":1000,"height":1000},{"@type":"BreadcrumbList","@id":"https:\/\/fashiongold.lt\/pl\/papuosalas\/imponujacy-szmaragd-pierscionek-z-bialego-zlota-ze-szmaragdem-i-diamentami-296-ct\/#breadcrumb","itemListElement":[{"@type":"ListItem","position":1,"name":"Home","item":"https:\/\/fashiongold.lt\/pl\/"},{"@type":"ListItem","position":2,"name":"Sklep z diamentami Fashiongold.lt","item":"https:\/\/fashiongold.lt\/shop-2\/"},{"@type":"ListItem","position":3,"name":"Imponuj\u0105cy Szmaragd &#8211; pier\u015bcionek z bia\u0142ego z\u0142ota ze szmaragdem i diamentami (2,96 ct)"}]},{"@type":"WebSite","@id":"https:\/\/fashiongold.lt\/pl\/#website","url":"https:\/\/fashiongold.lt\/pl\/","name":"Fashion Gold","description":"Juvelyrikos namai","publisher":{"@id":"https:\/\/fashiongold.lt\/pl\/#organization"},"potentialAction":[{"@type":"SearchAction","target":{"@type":"EntryPoint","urlTemplate":"https:\/\/fashiongold.lt\/pl\/?s={search_term_string}"},"query-input":{"@type":"PropertyValueSpecification","valueRequired":true,"valueName":"search_term_string"}}],"inLanguage":"pl-PL"},{"@type":"Organization","@id":"https:\/\/fashiongold.lt\/pl\/#organization","name":"Topdiamonds Online","url":"https:\/\/fashiongold.lt\/pl\/","logo":{"@type":"ImageObject","inLanguage":"pl-PL","@id":"https:\/\/fashiongold.lt\/pl\/#\/schema\/logo\/image\/","url":"https:\/\/fashiongold.lt\/wp-content\/uploads\/2025\/04\/cropped-fashion_gold_logotipas2-scaled-1.png","contentUrl":"https:\/\/fashiongold.lt\/wp-content\/uploads\/2025\/04\/cropped-fashion_gold_logotipas2-scaled-1.png","width":2559,"height":421,"caption":"Topdiamonds Online"},"image":{"@id":"https:\/\/fashiongold.lt\/pl\/#\/schema\/logo\/image\/"}}]}},"_links":{"self":[{"href":"https:\/\/fashiongold.lt\/pl\/wp-json\/wp\/v2\/product\/273326","targetHints":{"allow":["GET"]}}],"collection":[{"href":"https:\/\/fashiongold.lt\/pl\/wp-json\/wp\/v2\/product"}],"about":[{"href":"https:\/\/fashiongold.lt\/pl\/wp-json\/wp\/v2\/types\/product"}],"version-history":[{"count":0,"href":"https:\/\/fashiongold.lt\/pl\/wp-json\/wp\/v2\/product\/273326\/revisions"}],"wp:featuredmedia":[{"embeddable":true,"href":"https:\/\/fashiongold.lt\/pl\/wp-json\/wp\/v2\/media\/250741"}],"wp:attachment":[{"href":"https:\/\/fashiongold.lt\/pl\/wp-json\/wp\/v2\/media?parent=273326"}],"wp:term":[{"taxonomy":"product_brand","embeddable":true,"href":"https:\/\/fashiongold.lt\/pl\/wp-json\/wp\/v2\/product_brand?post=273326"},{"taxonomy":"product_cat","embeddable":true,"href":"https:\/\/fashiongold.lt\/pl\/wp-json\/wp\/v2\/product_cat?post=273326"},{"taxonomy":"product_tag","embeddable":true,"href":"https:\/\/fashiongold.lt\/pl\/wp-json\/wp\/v2\/product_tag?post=273326"}],"curies":[{"name":"wp","href":"https:\/\/api.w.org\/{rel}","templated":true}]}}