{"id":275561,"date":"2025-10-23T09:26:16","date_gmt":"2025-10-23T09:26:16","guid":{"rendered":"https:\/\/fashiongold.lt\/papuosalas\/przynoszaca-szczescie-niebieska-bransoletka-sznurkowa-z-diamentem-001-ct-minimalistyczny-detal-z-czerwonego-zlota\/"},"modified":"2026-02-11T20:24:25","modified_gmt":"2026-02-11T20:24:25","slug":"przynoszaca-szczescie-niebieska-bransoletka-sznurkowa-z-diamentem-001-ct-minimalistyczny-detal-z-czerwonego-zlota","status":"publish","type":"product","link":"https:\/\/fashiongold.lt\/pl\/papuosalas\/przynoszaca-szczescie-niebieska-bransoletka-sznurkowa-z-diamentem-001-ct-minimalistyczny-detal-z-czerwonego-zlota\/","title":{"rendered":"Przynosz\u0105ca szcz\u0119\u015bcie niebieska bransoletka sznurkowa z diamentem 0,01 ct (minimalistyczny detal z czerwonego z\u0142ota)"},"content":{"rendered":"<h2 class=\"p1\">Przynosz\u0105ca szcz\u0119\u015bcie niebieska nitka-bransoletka z diamentem (minimalistyczny detal z czerwonego z\u0142ota)<\/h2>\n<h3 class=\"p1\">Bransoletka z niebieskiej nitki z detalem z czerwonego z\u0142ota i diamentem 0,01 karata. Naturalny diament. \u015awi\u0105teczne opakowanie w luksusowym pude\u0142ku jubilerskim i torebce &#8211; GRATIS.<\/h3>\n<p class=\"p1\">Magiczna czerwona nitka przeciw urokom, przynosz\u0105ca szcz\u0119\u015bcie i spe\u0142niaj\u0105ca \u017cyczenia. Odpowiednia zar\u00f3wno dla m\u0119\u017cczyzn, jak i kobiet oraz dzieci, na okazj\u0119 chrztu. <span style=\"font-size: 11px;\">Rozmiar jest regulowany podczas wi\u0105zania. Bransoletk\u0119 zdobi i jej wyj\u0105tkowym akcentem jest prawdziwy brylant o masie 0,01 ct, osadzony w oprawie z bia\u0142ego z\u0142ota pr\u00f3by 585. Wyprodukowano na Litwie.<\/span><\/p>\n<p class=\"p1\">Niebieska nitka mo\u017ce zosta\u0107 wykonana na zam\u00f3wienie: za dodatkow\u0105 op\u0142at\u0105 z diamentem o wy\u017cszej jako\u015bci.<\/p>\n<p class=\"p1\">\u2022 Metal z\u0142otego detalu bransoletki: 14K (pr\u00f3ba 585), mo\u017cemy wykona\u0107 z 10K (pr\u00f3ba 375), 18K (pr\u00f3ba 750), platyna 950<\/p>\n<p class=\"p1\">\u2022 Kolor z\u0142otego detalu bransoletki: czerwone z\u0142oto, mo\u017cemy wykona\u0107 z \u017c\u00f3\u0142tego z\u0142ota lub bia\u0142ego z\u0142ota<\/p>\n<p class=\"p1\">\u2022 Waga z\u0142otego detalu bransoletki (zale\u017cy od rozmiaru): oko\u0142o 0,15 g &#8211; 0,20 g<\/p>\n<p class=\"p1\">\u2022 Wymiary z\u0142otego detalu bransoletki &#8211; 2 mm, wielko\u015b\u0107 brylantu &#8211; 1,35 mm.<\/p>\n<p class=\"p1\">\u2022 Rodzaj diamentu: Naturalny diament<\/p>\n<p class=\"p1\">\u2022 Kszta\u0142t diamentu: Okr\u0105g\u0142y (Round cut)<\/p>\n<p class=\"p1\">\u2022 Charakterystyka diamentu: 0.01 ct (kolor G-H, czysto\u015b\u0107 SI) (mo\u017cliwo\u015b\u0107 zmiany)<\/p>\n<p class=\"p1\">\u2022 Certyfikat diamentu: Litewska Izba Probiercza (LPR)<\/p>\n<p class=\"p1\">\u2022 \u015awi\u0105teczne opakowanie w luksusowym pude\u0142ku jubilerskim i torebce &#8211; GRATIS.<\/p>\n<p class=\"p1\">Masz w\u0142asny kamie\u0144 szlachetny? Skontaktuj si\u0119 z nami, przeliczymy cen\u0119 &#8211; zap\u0142acisz tylko za oprawienie kamienia.<\/p>\n<p class=\"p1\">produkcj\u0119.<\/p>\n","protected":false},"excerpt":{"rendered":"<p>Amulet, kt\u00f3ry nie tylko chroni przed z\u0142ym urokiem, ale tak\u017ce przynosi szcz\u0119\u015bcie i spe\u0142nia \u017cyczenia. Ta magiczna niebieska nitka z detalem z czerwonego z\u0142ota jest odpowiednia zar\u00f3wno dla m\u0119\u017cczyzn, jak i kobiet oraz dzieci. Doskona\u0142y wyb\u00f3r na prezent z okazji urodzin, pierwszej komunii, chrztu lub innych wyj\u0105tkowych okazji. Ka\u017cda nitka jest dostarczana w wyj\u0105tkowym, bezp\u0142atnym opakowaniu, kt\u00f3re nadaje poczucie wyj\u0105tkowo\u015bci i luksusu.<\/p>\n","protected":false},"featured_media":243139,"template":"","meta":{"site-sidebar-layout":"default","site-content-layout":"","ast-site-content-layout":"default","site-content-style":"default","site-sidebar-style":"default","ast-global-header-display":"","ast-banner-title-visibility":"","ast-main-header-display":"","ast-hfb-above-header-display":"","ast-hfb-below-header-display":"","ast-hfb-mobile-header-display":"","site-post-title":"","ast-breadcrumbs-content":"","ast-featured-img":"","footer-sml-layout":"","ast-disable-related-posts":"","theme-transparent-header-meta":"default","adv-header-id-meta":"","stick-header-meta":"","header-above-stick-meta":"","header-main-stick-meta":"","header-below-stick-meta":"","astra-migrate-meta-layouts":"default","ast-page-background-enabled":"default","ast-page-background-meta":{"desktop":{"background-color":"var(--ast-global-color-4)","background-image":"","background-repeat":"repeat","background-position":"center center","background-size":"auto","background-attachment":"scroll","background-type":"","background-media":"","overlay-type":"","overlay-color":"","overlay-opacity":"","overlay-gradient":""},"tablet":{"background-color":"","background-image":"","background-repeat":"repeat","background-position":"center center","background-size":"auto","background-attachment":"scroll","background-type":"","background-media":"","overlay-type":"","overlay-color":"","overlay-opacity":"","overlay-gradient":""},"mobile":{"background-color":"","background-image":"","background-repeat":"repeat","background-position":"center center","background-size":"auto","background-attachment":"scroll","background-type":"","background-media":"","overlay-type":"","overlay-color":"","overlay-opacity":"","overlay-gradient":""}},"ast-content-background-meta":{"desktop":{"background-color":"var(--ast-global-color-5)","background-image":"","background-repeat":"repeat","background-position":"center center","background-size":"auto","background-attachment":"scroll","background-type":"","background-media":"","overlay-type":"","overlay-color":"","overlay-opacity":"","overlay-gradient":""},"tablet":{"background-color":"var(--ast-global-color-5)","background-image":"","background-repeat":"repeat","background-position":"center center","background-size":"auto","background-attachment":"scroll","background-type":"","background-media":"","overlay-type":"","overlay-color":"","overlay-opacity":"","overlay-gradient":""},"mobile":{"background-color":"var(--ast-global-color-5)","background-image":"","background-repeat":"repeat","background-position":"center center","background-size":"auto","background-attachment":"scroll","background-type":"","background-media":"","overlay-type":"","overlay-color":"","overlay-opacity":"","overlay-gradient":""}}},"product_brand":[],"product_cat":[3044,2858,3342,3166,2853,2856,3165,2875,2876,2860,2857,2854,2855,3169,2859,2852],"product_tag":[],"class_list":{"0":"post-275561","1":"product","2":"type-product","3":"status-publish","4":"has-post-thumbnail","6":"product_cat-bizuteria","7":"product_cat-bizuteria-z-bialego-zlota","8":"product_cat-bransoletki-z-czerwonego-sznurka","9":"product_cat-prezent-z-okazji-pierwszej-komunii-swietej","10":"product_cat-prezenty-dla-kobiet","11":"product_cat-prezenty-dla-mezczyzn","12":"product_cat-prezenty-na-chrzest","13":"product_cat-prezenty-na-dzien-matki","14":"product_cat-prezenty-na-walentynki","15":"product_cat-prezenty-na-wyjatkowe-okazje","16":"product_cat-prezenty-swiateczne","17":"product_cat-prezenty-z-okazji-narodzin-dziecka","18":"product_cat-prezenty-z-okazji-rocznicy-slubu","19":"product_cat-prezenty-z-okazji-slubu","20":"product_cat-prezenty-z-okazji-ukonczenia-szkoly","21":"product_cat-prezenty-z-okazji-urodzin","22":"desktop-align-center","23":"tablet-align-left","24":"mobile-align-left","25":"ast-product-gallery-layout-horizontal-slider","26":"ast-product-single-variable","27":"ast-product-tabs-layout-accordion","28":"ast-qv-on-image","30":"first","31":"instock","32":"taxable","33":"shipping-taxable","34":"purchasable","35":"product-type-variable"},"yoast_head":"<!-- This site is optimized with the Yoast SEO plugin v26.6 - https:\/\/yoast.com\/wordpress\/plugins\/seo\/ -->\n<title>Przynosz\u0105ca szcz\u0119\u015bcie niebieska bransoletka sznurkowa z diamentem. Czerwone z\u0142oto.<\/title>\n<meta name=\"description\" content=\"Minimalistyczny niebieski sznurek z elementem z r\u00f3\u017cowego z\u0142ota, przynosz\u0105cy szcz\u0119\u015bcie i spe\u0142niaj\u0105cy \u017cyczenia. Odpowiedni zar\u00f3wno dla m\u0119\u017cczyzn, jak i kobiet czy dzieci, na okazj\u0119 chrztu.\" \/>\n<meta name=\"robots\" content=\"index, follow, max-snippet:-1, max-image-preview:large, max-video-preview:-1\" \/>\n<link rel=\"canonical\" href=\"https:\/\/fashiongold.lt\/pl\/papuosalas\/przynoszaca-szczescie-niebieska-bransoletka-sznurkowa-z-diamentem-001-ct-minimalistyczny-detal-z-czerwonego-zlota\/\" \/>\n<meta property=\"og:locale\" content=\"pl_PL\" \/>\n<meta property=\"og:type\" content=\"article\" \/>\n<meta property=\"og:title\" content=\"Przynosz\u0105ca szcz\u0119\u015bcie niebieska bransoletka sznurkowa z diamentem. Czerwone z\u0142oto.\" \/>\n<meta property=\"og:description\" content=\"Minimalistyczny niebieski sznurek z elementem z r\u00f3\u017cowego z\u0142ota, przynosz\u0105cy szcz\u0119\u015bcie i spe\u0142niaj\u0105cy \u017cyczenia. Odpowiedni zar\u00f3wno dla m\u0119\u017cczyzn, jak i kobiet czy dzieci, na okazj\u0119 chrztu.\" \/>\n<meta property=\"og:url\" content=\"https:\/\/fashiongold.lt\/pl\/papuosalas\/przynoszaca-szczescie-niebieska-bransoletka-sznurkowa-z-diamentem-001-ct-minimalistyczny-detal-z-czerwonego-zlota\/\" \/>\n<meta property=\"og:site_name\" content=\"FashionGold.lt\" \/>\n<meta property=\"article:modified_time\" content=\"2026-02-11T20:24:25+00:00\" \/>\n<meta property=\"og:image\" content=\"https:\/\/fashiongold.lt\/wp-content\/uploads\/2025\/10\/23882-e24-Laime-nesantis-melynas-siulas-apyranke-su-deimantu-001-ct-minimalistine-raudono-aukso-detale.webp\" \/>\n\t<meta property=\"og:image:width\" content=\"1000\" \/>\n\t<meta property=\"og:image:height\" content=\"1000\" \/>\n\t<meta property=\"og:image:type\" content=\"image\/png\" \/>\n<meta name=\"twitter:card\" content=\"summary_large_image\" \/>\n<meta name=\"twitter:label1\" content=\"Szacowany czas czytania\" \/>\n\t<meta name=\"twitter:data1\" content=\"1 minuta\" \/>\n<script type=\"application\/ld+json\" class=\"yoast-schema-graph\">{\"@context\":\"https:\/\/schema.org\",\"@graph\":[{\"@type\":\"WebPage\",\"@id\":\"https:\/\/fashiongold.lt\/pl\/papuosalas\/przynoszaca-szczescie-niebieska-bransoletka-sznurkowa-z-diamentem-001-ct-minimalistyczny-detal-z-czerwonego-zlota\/\",\"url\":\"https:\/\/fashiongold.lt\/pl\/papuosalas\/przynoszaca-szczescie-niebieska-bransoletka-sznurkowa-z-diamentem-001-ct-minimalistyczny-detal-z-czerwonego-zlota\/\",\"name\":\"Przynosz\u0105ca szcz\u0119\u015bcie niebieska bransoletka sznurkowa z diamentem. Czerwone z\u0142oto.\",\"isPartOf\":{\"@id\":\"https:\/\/fashiongold.lt\/pl\/#website\"},\"primaryImageOfPage\":{\"@id\":\"https:\/\/fashiongold.lt\/pl\/papuosalas\/przynoszaca-szczescie-niebieska-bransoletka-sznurkowa-z-diamentem-001-ct-minimalistyczny-detal-z-czerwonego-zlota\/#primaryimage\"},\"image\":{\"@id\":\"https:\/\/fashiongold.lt\/pl\/papuosalas\/przynoszaca-szczescie-niebieska-bransoletka-sznurkowa-z-diamentem-001-ct-minimalistyczny-detal-z-czerwonego-zlota\/#primaryimage\"},\"thumbnailUrl\":\"https:\/\/fashiongold.lt\/wp-content\/uploads\/2025\/10\/23882-e24-Laime-nesantis-melynas-siulas-apyranke-su-deimantu-001-ct-minimalistine-raudono-aukso-detale.png\",\"datePublished\":\"2025-10-23T09:26:16+00:00\",\"dateModified\":\"2026-02-11T20:24:25+00:00\",\"description\":\"Minimalistyczny niebieski sznurek z elementem z r\u00f3\u017cowego z\u0142ota, przynosz\u0105cy szcz\u0119\u015bcie i spe\u0142niaj\u0105cy \u017cyczenia. Odpowiedni zar\u00f3wno dla m\u0119\u017cczyzn, jak i kobiet czy dzieci, na okazj\u0119 chrztu.\",\"breadcrumb\":{\"@id\":\"https:\/\/fashiongold.lt\/pl\/papuosalas\/przynoszaca-szczescie-niebieska-bransoletka-sznurkowa-z-diamentem-001-ct-minimalistyczny-detal-z-czerwonego-zlota\/#breadcrumb\"},\"inLanguage\":\"pl-PL\",\"potentialAction\":[{\"@type\":\"ReadAction\",\"target\":[\"https:\/\/fashiongold.lt\/pl\/papuosalas\/przynoszaca-szczescie-niebieska-bransoletka-sznurkowa-z-diamentem-001-ct-minimalistyczny-detal-z-czerwonego-zlota\/\"]}]},{\"@type\":\"ImageObject\",\"inLanguage\":\"pl-PL\",\"@id\":\"https:\/\/fashiongold.lt\/pl\/papuosalas\/przynoszaca-szczescie-niebieska-bransoletka-sznurkowa-z-diamentem-001-ct-minimalistyczny-detal-z-czerwonego-zlota\/#primaryimage\",\"url\":\"https:\/\/fashiongold.lt\/wp-content\/uploads\/2025\/10\/23882-e24-Laime-nesantis-melynas-siulas-apyranke-su-deimantu-001-ct-minimalistine-raudono-aukso-detale.png\",\"contentUrl\":\"https:\/\/fashiongold.lt\/wp-content\/uploads\/2025\/10\/23882-e24-Laime-nesantis-melynas-siulas-apyranke-su-deimantu-001-ct-minimalistine-raudono-aukso-detale.png\",\"width\":1000,\"height\":1000},{\"@type\":\"BreadcrumbList\",\"@id\":\"https:\/\/fashiongold.lt\/pl\/papuosalas\/przynoszaca-szczescie-niebieska-bransoletka-sznurkowa-z-diamentem-001-ct-minimalistyczny-detal-z-czerwonego-zlota\/#breadcrumb\",\"itemListElement\":[{\"@type\":\"ListItem\",\"position\":1,\"name\":\"Home\",\"item\":\"https:\/\/fashiongold.lt\/pl\/\"},{\"@type\":\"ListItem\",\"position\":2,\"name\":\"Sklep z diamentami Fashiongold.lt\",\"item\":\"https:\/\/fashiongold.lt\/shop-2\/\"},{\"@type\":\"ListItem\",\"position\":3,\"name\":\"Przynosz\u0105ca szcz\u0119\u015bcie niebieska bransoletka sznurkowa z diamentem 0,01 ct (minimalistyczny detal z czerwonego z\u0142ota)\"}]},{\"@type\":\"WebSite\",\"@id\":\"https:\/\/fashiongold.lt\/pl\/#website\",\"url\":\"https:\/\/fashiongold.lt\/pl\/\",\"name\":\"Fashion Gold\",\"description\":\"Juvelyrikos namai\",\"publisher\":{\"@id\":\"https:\/\/fashiongold.lt\/pl\/#organization\"},\"potentialAction\":[{\"@type\":\"SearchAction\",\"target\":{\"@type\":\"EntryPoint\",\"urlTemplate\":\"https:\/\/fashiongold.lt\/pl\/?s={search_term_string}\"},\"query-input\":{\"@type\":\"PropertyValueSpecification\",\"valueRequired\":true,\"valueName\":\"search_term_string\"}}],\"inLanguage\":\"pl-PL\"},{\"@type\":\"Organization\",\"@id\":\"https:\/\/fashiongold.lt\/pl\/#organization\",\"name\":\"Topdiamonds Online\",\"url\":\"https:\/\/fashiongold.lt\/pl\/\",\"logo\":{\"@type\":\"ImageObject\",\"inLanguage\":\"pl-PL\",\"@id\":\"https:\/\/fashiongold.lt\/pl\/#\/schema\/logo\/image\/\",\"url\":\"https:\/\/fashiongold.lt\/wp-content\/uploads\/2025\/04\/cropped-fashion_gold_logotipas2-scaled-1.png\",\"contentUrl\":\"https:\/\/fashiongold.lt\/wp-content\/uploads\/2025\/04\/cropped-fashion_gold_logotipas2-scaled-1.png\",\"width\":2559,\"height\":421,\"caption\":\"Topdiamonds Online\"},\"image\":{\"@id\":\"https:\/\/fashiongold.lt\/pl\/#\/schema\/logo\/image\/\"}}]}<\/script>\n<!-- \/ Yoast SEO plugin. -->","yoast_head_json":{"title":"Przynosz\u0105ca szcz\u0119\u015bcie niebieska bransoletka sznurkowa z diamentem. Czerwone z\u0142oto.","description":"Minimalistyczny niebieski sznurek z elementem z r\u00f3\u017cowego z\u0142ota, przynosz\u0105cy szcz\u0119\u015bcie i spe\u0142niaj\u0105cy \u017cyczenia. Odpowiedni zar\u00f3wno dla m\u0119\u017cczyzn, jak i kobiet czy dzieci, na okazj\u0119 chrztu.","robots":{"index":"index","follow":"follow","max-snippet":"max-snippet:-1","max-image-preview":"max-image-preview:large","max-video-preview":"max-video-preview:-1"},"canonical":"https:\/\/fashiongold.lt\/pl\/papuosalas\/przynoszaca-szczescie-niebieska-bransoletka-sznurkowa-z-diamentem-001-ct-minimalistyczny-detal-z-czerwonego-zlota\/","og_locale":"pl_PL","og_type":"article","og_title":"Przynosz\u0105ca szcz\u0119\u015bcie niebieska bransoletka sznurkowa z diamentem. Czerwone z\u0142oto.","og_description":"Minimalistyczny niebieski sznurek z elementem z r\u00f3\u017cowego z\u0142ota, przynosz\u0105cy szcz\u0119\u015bcie i spe\u0142niaj\u0105cy \u017cyczenia. Odpowiedni zar\u00f3wno dla m\u0119\u017cczyzn, jak i kobiet czy dzieci, na okazj\u0119 chrztu.","og_url":"https:\/\/fashiongold.lt\/pl\/papuosalas\/przynoszaca-szczescie-niebieska-bransoletka-sznurkowa-z-diamentem-001-ct-minimalistyczny-detal-z-czerwonego-zlota\/","og_site_name":"FashionGold.lt","article_modified_time":"2026-02-11T20:24:25+00:00","og_image":[{"width":1000,"height":1000,"url":"https:\/\/fashiongold.lt\/wp-content\/uploads\/2025\/10\/23882-e24-Laime-nesantis-melynas-siulas-apyranke-su-deimantu-001-ct-minimalistine-raudono-aukso-detale.webp","type":"image\/png"}],"twitter_card":"summary_large_image","twitter_misc":{"Szacowany czas czytania":"1 minuta"},"schema":{"@context":"https:\/\/schema.org","@graph":[{"@type":"WebPage","@id":"https:\/\/fashiongold.lt\/pl\/papuosalas\/przynoszaca-szczescie-niebieska-bransoletka-sznurkowa-z-diamentem-001-ct-minimalistyczny-detal-z-czerwonego-zlota\/","url":"https:\/\/fashiongold.lt\/pl\/papuosalas\/przynoszaca-szczescie-niebieska-bransoletka-sznurkowa-z-diamentem-001-ct-minimalistyczny-detal-z-czerwonego-zlota\/","name":"Przynosz\u0105ca szcz\u0119\u015bcie niebieska bransoletka sznurkowa z diamentem. Czerwone z\u0142oto.","isPartOf":{"@id":"https:\/\/fashiongold.lt\/pl\/#website"},"primaryImageOfPage":{"@id":"https:\/\/fashiongold.lt\/pl\/papuosalas\/przynoszaca-szczescie-niebieska-bransoletka-sznurkowa-z-diamentem-001-ct-minimalistyczny-detal-z-czerwonego-zlota\/#primaryimage"},"image":{"@id":"https:\/\/fashiongold.lt\/pl\/papuosalas\/przynoszaca-szczescie-niebieska-bransoletka-sznurkowa-z-diamentem-001-ct-minimalistyczny-detal-z-czerwonego-zlota\/#primaryimage"},"thumbnailUrl":"https:\/\/fashiongold.lt\/wp-content\/uploads\/2025\/10\/23882-e24-Laime-nesantis-melynas-siulas-apyranke-su-deimantu-001-ct-minimalistine-raudono-aukso-detale.png","datePublished":"2025-10-23T09:26:16+00:00","dateModified":"2026-02-11T20:24:25+00:00","description":"Minimalistyczny niebieski sznurek z elementem z r\u00f3\u017cowego z\u0142ota, przynosz\u0105cy szcz\u0119\u015bcie i spe\u0142niaj\u0105cy \u017cyczenia. Odpowiedni zar\u00f3wno dla m\u0119\u017cczyzn, jak i kobiet czy dzieci, na okazj\u0119 chrztu.","breadcrumb":{"@id":"https:\/\/fashiongold.lt\/pl\/papuosalas\/przynoszaca-szczescie-niebieska-bransoletka-sznurkowa-z-diamentem-001-ct-minimalistyczny-detal-z-czerwonego-zlota\/#breadcrumb"},"inLanguage":"pl-PL","potentialAction":[{"@type":"ReadAction","target":["https:\/\/fashiongold.lt\/pl\/papuosalas\/przynoszaca-szczescie-niebieska-bransoletka-sznurkowa-z-diamentem-001-ct-minimalistyczny-detal-z-czerwonego-zlota\/"]}]},{"@type":"ImageObject","inLanguage":"pl-PL","@id":"https:\/\/fashiongold.lt\/pl\/papuosalas\/przynoszaca-szczescie-niebieska-bransoletka-sznurkowa-z-diamentem-001-ct-minimalistyczny-detal-z-czerwonego-zlota\/#primaryimage","url":"https:\/\/fashiongold.lt\/wp-content\/uploads\/2025\/10\/23882-e24-Laime-nesantis-melynas-siulas-apyranke-su-deimantu-001-ct-minimalistine-raudono-aukso-detale.png","contentUrl":"https:\/\/fashiongold.lt\/wp-content\/uploads\/2025\/10\/23882-e24-Laime-nesantis-melynas-siulas-apyranke-su-deimantu-001-ct-minimalistine-raudono-aukso-detale.png","width":1000,"height":1000},{"@type":"BreadcrumbList","@id":"https:\/\/fashiongold.lt\/pl\/papuosalas\/przynoszaca-szczescie-niebieska-bransoletka-sznurkowa-z-diamentem-001-ct-minimalistyczny-detal-z-czerwonego-zlota\/#breadcrumb","itemListElement":[{"@type":"ListItem","position":1,"name":"Home","item":"https:\/\/fashiongold.lt\/pl\/"},{"@type":"ListItem","position":2,"name":"Sklep z diamentami Fashiongold.lt","item":"https:\/\/fashiongold.lt\/shop-2\/"},{"@type":"ListItem","position":3,"name":"Przynosz\u0105ca szcz\u0119\u015bcie niebieska bransoletka sznurkowa z diamentem 0,01 ct (minimalistyczny detal z czerwonego z\u0142ota)"}]},{"@type":"WebSite","@id":"https:\/\/fashiongold.lt\/pl\/#website","url":"https:\/\/fashiongold.lt\/pl\/","name":"Fashion Gold","description":"Juvelyrikos namai","publisher":{"@id":"https:\/\/fashiongold.lt\/pl\/#organization"},"potentialAction":[{"@type":"SearchAction","target":{"@type":"EntryPoint","urlTemplate":"https:\/\/fashiongold.lt\/pl\/?s={search_term_string}"},"query-input":{"@type":"PropertyValueSpecification","valueRequired":true,"valueName":"search_term_string"}}],"inLanguage":"pl-PL"},{"@type":"Organization","@id":"https:\/\/fashiongold.lt\/pl\/#organization","name":"Topdiamonds Online","url":"https:\/\/fashiongold.lt\/pl\/","logo":{"@type":"ImageObject","inLanguage":"pl-PL","@id":"https:\/\/fashiongold.lt\/pl\/#\/schema\/logo\/image\/","url":"https:\/\/fashiongold.lt\/wp-content\/uploads\/2025\/04\/cropped-fashion_gold_logotipas2-scaled-1.png","contentUrl":"https:\/\/fashiongold.lt\/wp-content\/uploads\/2025\/04\/cropped-fashion_gold_logotipas2-scaled-1.png","width":2559,"height":421,"caption":"Topdiamonds Online"},"image":{"@id":"https:\/\/fashiongold.lt\/pl\/#\/schema\/logo\/image\/"}}]}},"_links":{"self":[{"href":"https:\/\/fashiongold.lt\/pl\/wp-json\/wp\/v2\/product\/275561","targetHints":{"allow":["GET"]}}],"collection":[{"href":"https:\/\/fashiongold.lt\/pl\/wp-json\/wp\/v2\/product"}],"about":[{"href":"https:\/\/fashiongold.lt\/pl\/wp-json\/wp\/v2\/types\/product"}],"version-history":[{"count":0,"href":"https:\/\/fashiongold.lt\/pl\/wp-json\/wp\/v2\/product\/275561\/revisions"}],"wp:featuredmedia":[{"embeddable":true,"href":"https:\/\/fashiongold.lt\/pl\/wp-json\/wp\/v2\/media\/243139"}],"wp:attachment":[{"href":"https:\/\/fashiongold.lt\/pl\/wp-json\/wp\/v2\/media?parent=275561"}],"wp:term":[{"taxonomy":"product_brand","embeddable":true,"href":"https:\/\/fashiongold.lt\/pl\/wp-json\/wp\/v2\/product_brand?post=275561"},{"taxonomy":"product_cat","embeddable":true,"href":"https:\/\/fashiongold.lt\/pl\/wp-json\/wp\/v2\/product_cat?post=275561"},{"taxonomy":"product_tag","embeddable":true,"href":"https:\/\/fashiongold.lt\/pl\/wp-json\/wp\/v2\/product_tag?post=275561"}],"curies":[{"name":"wp","href":"https:\/\/api.w.org\/{rel}","templated":true}]}}