{"id":275753,"date":"2025-10-23T09:26:21","date_gmt":"2025-10-23T09:26:21","guid":{"rendered":"https:\/\/fashiongold.lt\/papuosalas\/bransoletka-z-czarnego-sznurka-z-elementem-z-bialego-zlota-i-diamentem-001-ct\/"},"modified":"2026-02-11T20:02:02","modified_gmt":"2026-02-11T20:02:02","slug":"bransoletka-z-czarnego-sznurka-z-elementem-z-bialego-zlota-i-diamentem-001-ct","status":"publish","type":"product","link":"https:\/\/fashiongold.lt\/pl\/papuosalas\/bransoletka-z-czarnego-sznurka-z-elementem-z-bialego-zlota-i-diamentem-001-ct\/","title":{"rendered":"Bransoletka z czarnego sznurka z elementem z bia\u0142ego z\u0142ota i diamentem 0,01 ct"},"content":{"rendered":"<h2 class=\"p1\">Czarna bransoletka sznurkowa przynosz\u0105ca szcz\u0119\u015bcie z diamentem (element z bia\u0142ego z\u0142ota)<\/h2>\n<h3 class=\"p1\">Bransoletka na czarnym sznurku z elementem z bia\u0142ego z\u0142ota i diamentem 0,01 karata. Naturalny diament<\/h3>\n<p class=\"p1\">Magiczny czarny sznurek przynosz\u0105cy szcz\u0119\u015bcie i spe\u0142niaj\u0105cy \u017cyczenia. Odpowiedni zar\u00f3wno dla m\u0119\u017cczyzn, jak i kobiet czy dzieci, z okazji chrztu. <span style=\"font-size: 11px;\">Bransoletk\u0119 zdobi i stanowi jej wyj\u0105tkowy akcent prawdziwy brylant o wielko\u015bci 0,01 ct, osadzony w oprawie pr\u00f3by 585. Wyprodukowano na Litwie.<\/span><\/p>\n<p class=\"p1\">Czarny sznurek mo\u017ce zosta\u0107 wykonany na zam\u00f3wienie: za dodatkow\u0105 op\u0142at\u0105 z diamentami wy\u017cszej jako\u015bci.\u00a0<\/p>\n<p class=\"p1\">\u2022 Metal z\u0142otego elementu bransoletki: 14K (pr\u00f3ba 585), mo\u017cemy wykona\u0107 z 10K (pr\u00f3ba 375), 18K (pr\u00f3ba 750), platyna 950\u00a0 \u00a0 \u00a0 \u00a0 \u00a0<\/p>\n<p class=\"p1\">\u2022 Kolor z\u0142otego elementu bransoletki: bia\u0142e z\u0142oto, mo\u017cemy r\u00f3wnie\u017c wykona\u0107 z czerwonego lub \u017c\u00f3\u0142tego z\u0142ota\u00a0 \u00a0<\/p>\n<p class=\"p1\">\u2022 Waga z\u0142otego elementu bransoletki (zale\u017cy od rozmiaru): oko\u0142o 0,15 g &#8211; 0,20 g\u00a0 \u00a0 \u00a0 \u00a0 \u00a0 \u00a0 \u00a0<\/p>\n<p class=\"p1\">\u2022 Wymiary z\u0142otego elementu bransoletki \u2013 4,00 mm, wielko\u015b\u0107 brylantu \u2013 1,35 mm.\u00a0<\/p>\n<p class=\"p1\">\u2022 D\u0142ugo\u015b\u0107 bransoletki \u2013 regulowana poprzez wi\u0105zanie.\u00a0 \u00a0 \u00a0<\/p>\n<p class=\"p1\">\u2022 Rodzaj diamentu: Naturalny diament\u00a0<\/p>\n<p class=\"p1\">\u2022 Kszta\u0142t diamentu: Okr\u0105g\u0142y (Round cut)\u00a0 \u00a0 \u00a0 \u00a0 \u00a0<\/p>\n<p class=\"p1\">\u2022 Charakterystyka diamentu: 0,01 ct (kolor G-H, czysto\u015b\u0107 SI) (mo\u017cliwo\u015b\u0107 zmiany)\u00a0 \u00a0 \u00a0 \u00a0 \u00a0<\/p>\n<p class=\"p1\">\u2022 Certyfikat diamentu: Litewska Izba Probiercza (LPR)\u00a0<\/p>\n<p class=\"p1\">\u2022 \u015awi\u0105teczne opakowanie w luksusowym pude\u0142ku jubilerskim i torebce \u2013 GRATIS.\u00a0<\/p>\n<p class=\"p1\"><strong>Posiadasz w\u0142asny kamie\u0144 szlachetny? Skontaktuj si\u0119 z nami, przeliczymy cen\u0119 \u2013 zap\u0142acisz tylko za oprawienie kamienia.\u00a0<\/strong><\/p>\n","protected":false},"excerpt":{"rendered":"<p>Amulet, kt\u00f3ry przynosi szcz\u0119\u015bcie oraz spe\u0142nia \u017cyczenia. Ta magiczna czarna nitka z elementem z bia\u0142ego z\u0142ota jest odpowiednia zar\u00f3wno dla m\u0119\u017cczyzn, jak i kobiet oraz dzieci. Doskona\u0142y wyb\u00f3r na prezent z okazji urodzin, pierwszej komunii, chrztu lub innych wyj\u0105tkowych okazji. Ka\u017cda nitka jest prezentowana w wyj\u0105tkowym, bezp\u0142atnym opakowaniu, kt\u00f3re nadaje poczucie wyj\u0105tkowo\u015bci i luksusu.\u00a0<\/p>\n","protected":false},"featured_media":243336,"template":"","meta":{"site-sidebar-layout":"default","site-content-layout":"","ast-site-content-layout":"default","site-content-style":"default","site-sidebar-style":"default","ast-global-header-display":"","ast-banner-title-visibility":"","ast-main-header-display":"","ast-hfb-above-header-display":"","ast-hfb-below-header-display":"","ast-hfb-mobile-header-display":"","site-post-title":"","ast-breadcrumbs-content":"","ast-featured-img":"","footer-sml-layout":"","ast-disable-related-posts":"","theme-transparent-header-meta":"","adv-header-id-meta":"","stick-header-meta":"","header-above-stick-meta":"","header-main-stick-meta":"","header-below-stick-meta":"","astra-migrate-meta-layouts":"default","ast-page-background-enabled":"default","ast-page-background-meta":{"desktop":{"background-color":"var(--ast-global-color-4)","background-image":"","background-repeat":"repeat","background-position":"center center","background-size":"auto","background-attachment":"scroll","background-type":"","background-media":"","overlay-type":"","overlay-color":"","overlay-opacity":"","overlay-gradient":""},"tablet":{"background-color":"","background-image":"","background-repeat":"repeat","background-position":"center center","background-size":"auto","background-attachment":"scroll","background-type":"","background-media":"","overlay-type":"","overlay-color":"","overlay-opacity":"","overlay-gradient":""},"mobile":{"background-color":"","background-image":"","background-repeat":"repeat","background-position":"center center","background-size":"auto","background-attachment":"scroll","background-type":"","background-media":"","overlay-type":"","overlay-color":"","overlay-opacity":"","overlay-gradient":""}},"ast-content-background-meta":{"desktop":{"background-color":"var(--ast-global-color-5)","background-image":"","background-repeat":"repeat","background-position":"center center","background-size":"auto","background-attachment":"scroll","background-type":"","background-media":"","overlay-type":"","overlay-color":"","overlay-opacity":"","overlay-gradient":""},"tablet":{"background-color":"var(--ast-global-color-5)","background-image":"","background-repeat":"repeat","background-position":"center center","background-size":"auto","background-attachment":"scroll","background-type":"","background-media":"","overlay-type":"","overlay-color":"","overlay-opacity":"","overlay-gradient":""},"mobile":{"background-color":"var(--ast-global-color-5)","background-image":"","background-repeat":"repeat","background-position":"center center","background-size":"auto","background-attachment":"scroll","background-type":"","background-media":"","overlay-type":"","overlay-color":"","overlay-opacity":"","overlay-gradient":""}}},"product_brand":[],"product_cat":[3044,2858,3342,3166,2853,2856,3165,2875,2876,2860,2857,2854,2855,3169,2859,2852],"product_tag":[],"class_list":{"0":"post-275753","1":"product","2":"type-product","3":"status-publish","4":"has-post-thumbnail","6":"product_cat-bizuteria","7":"product_cat-bizuteria-z-bialego-zlota","8":"product_cat-bransoletki-z-czerwonego-sznurka","9":"product_cat-prezent-z-okazji-pierwszej-komunii-swietej","10":"product_cat-prezenty-dla-kobiet","11":"product_cat-prezenty-dla-mezczyzn","12":"product_cat-prezenty-na-chrzest","13":"product_cat-prezenty-na-dzien-matki","14":"product_cat-prezenty-na-walentynki","15":"product_cat-prezenty-na-wyjatkowe-okazje","16":"product_cat-prezenty-swiateczne","17":"product_cat-prezenty-z-okazji-narodzin-dziecka","18":"product_cat-prezenty-z-okazji-rocznicy-slubu","19":"product_cat-prezenty-z-okazji-slubu","20":"product_cat-prezenty-z-okazji-ukonczenia-szkoly","21":"product_cat-prezenty-z-okazji-urodzin","22":"desktop-align-center","23":"tablet-align-left","24":"mobile-align-left","25":"ast-product-gallery-layout-horizontal-slider","26":"ast-product-gallery-with-no-image","27":"ast-product-single-variable","28":"ast-product-tabs-layout-accordion","29":"ast-qv-on-image","31":"first","32":"instock","33":"taxable","34":"shipping-taxable","35":"purchasable","36":"product-type-variable"},"yoast_head":"<!-- This site is optimized with the Yoast SEO plugin v26.6 - https:\/\/yoast.com\/wordpress\/plugins\/seo\/ -->\n<title>Bransoletka z czarnej nitki z elementem z bia\u0142ego z\u0142ota i diamentem 0,01 ct<\/title>\n<meta name=\"description\" content=\"Czarny sznurek przynosz\u0105cy szcz\u0119\u015bcie i spe\u0142niaj\u0105cy \u017cyczenia z elementem z bia\u0142ego z\u0142ota i diamentem 0,01 ct. Odpowiedni dla m\u0119\u017cczyzn, kobiet i dzieci, na wyj\u0105tkow\u0105 okazj\u0119.\" \/>\n<meta name=\"robots\" content=\"index, follow, max-snippet:-1, max-image-preview:large, max-video-preview:-1\" \/>\n<link rel=\"canonical\" href=\"https:\/\/fashiongold.lt\/pl\/papuosalas\/bransoletka-z-czarnego-sznurka-z-elementem-z-bialego-zlota-i-diamentem-001-ct\/\" \/>\n<meta property=\"og:locale\" content=\"pl_PL\" \/>\n<meta property=\"og:type\" content=\"article\" \/>\n<meta property=\"og:title\" content=\"Bransoletka z czarnej nitki z elementem z bia\u0142ego z\u0142ota i diamentem 0,01 ct\" \/>\n<meta property=\"og:description\" content=\"Czarny sznurek przynosz\u0105cy szcz\u0119\u015bcie i spe\u0142niaj\u0105cy \u017cyczenia z elementem z bia\u0142ego z\u0142ota i diamentem 0,01 ct. Odpowiedni dla m\u0119\u017cczyzn, kobiet i dzieci, na wyj\u0105tkow\u0105 okazj\u0119.\" \/>\n<meta property=\"og:url\" content=\"https:\/\/fashiongold.lt\/pl\/papuosalas\/bransoletka-z-czarnego-sznurka-z-elementem-z-bialego-zlota-i-diamentem-001-ct\/\" \/>\n<meta property=\"og:site_name\" content=\"FashionGold.lt\" \/>\n<meta property=\"article:modified_time\" content=\"2026-02-11T20:02:02+00:00\" \/>\n<meta property=\"og:image\" content=\"https:\/\/fashiongold.lt\/wp-content\/uploads\/2025\/10\/23923-9ae-Juodo-siulo-apyranke-su-balto-aukso-detale-ir-deimantu-001-ct.webp\" \/>\n\t<meta property=\"og:image:width\" content=\"1000\" \/>\n\t<meta property=\"og:image:height\" content=\"1000\" \/>\n\t<meta property=\"og:image:type\" content=\"image\/png\" \/>\n<meta name=\"twitter:card\" content=\"summary_large_image\" \/>\n<meta name=\"twitter:label1\" content=\"Szacowany czas czytania\" \/>\n\t<meta name=\"twitter:data1\" content=\"1 minuta\" \/>\n<script type=\"application\/ld+json\" class=\"yoast-schema-graph\">{\"@context\":\"https:\/\/schema.org\",\"@graph\":[{\"@type\":\"WebPage\",\"@id\":\"https:\/\/fashiongold.lt\/pl\/papuosalas\/bransoletka-z-czarnego-sznurka-z-elementem-z-bialego-zlota-i-diamentem-001-ct\/\",\"url\":\"https:\/\/fashiongold.lt\/pl\/papuosalas\/bransoletka-z-czarnego-sznurka-z-elementem-z-bialego-zlota-i-diamentem-001-ct\/\",\"name\":\"Bransoletka z czarnej nitki z elementem z bia\u0142ego z\u0142ota i diamentem 0,01 ct\",\"isPartOf\":{\"@id\":\"https:\/\/fashiongold.lt\/pl\/#website\"},\"primaryImageOfPage\":{\"@id\":\"https:\/\/fashiongold.lt\/pl\/papuosalas\/bransoletka-z-czarnego-sznurka-z-elementem-z-bialego-zlota-i-diamentem-001-ct\/#primaryimage\"},\"image\":{\"@id\":\"https:\/\/fashiongold.lt\/pl\/papuosalas\/bransoletka-z-czarnego-sznurka-z-elementem-z-bialego-zlota-i-diamentem-001-ct\/#primaryimage\"},\"thumbnailUrl\":\"https:\/\/fashiongold.lt\/wp-content\/uploads\/2025\/10\/23923-9ae-Juodo-siulo-apyranke-su-balto-aukso-detale-ir-deimantu-001-ct.png\",\"datePublished\":\"2025-10-23T09:26:21+00:00\",\"dateModified\":\"2026-02-11T20:02:02+00:00\",\"description\":\"Czarny sznurek przynosz\u0105cy szcz\u0119\u015bcie i spe\u0142niaj\u0105cy \u017cyczenia z elementem z bia\u0142ego z\u0142ota i diamentem 0,01 ct. Odpowiedni dla m\u0119\u017cczyzn, kobiet i dzieci, na wyj\u0105tkow\u0105 okazj\u0119.\",\"breadcrumb\":{\"@id\":\"https:\/\/fashiongold.lt\/pl\/papuosalas\/bransoletka-z-czarnego-sznurka-z-elementem-z-bialego-zlota-i-diamentem-001-ct\/#breadcrumb\"},\"inLanguage\":\"pl-PL\",\"potentialAction\":[{\"@type\":\"ReadAction\",\"target\":[\"https:\/\/fashiongold.lt\/pl\/papuosalas\/bransoletka-z-czarnego-sznurka-z-elementem-z-bialego-zlota-i-diamentem-001-ct\/\"]}]},{\"@type\":\"ImageObject\",\"inLanguage\":\"pl-PL\",\"@id\":\"https:\/\/fashiongold.lt\/pl\/papuosalas\/bransoletka-z-czarnego-sznurka-z-elementem-z-bialego-zlota-i-diamentem-001-ct\/#primaryimage\",\"url\":\"https:\/\/fashiongold.lt\/wp-content\/uploads\/2025\/10\/23923-9ae-Juodo-siulo-apyranke-su-balto-aukso-detale-ir-deimantu-001-ct.png\",\"contentUrl\":\"https:\/\/fashiongold.lt\/wp-content\/uploads\/2025\/10\/23923-9ae-Juodo-siulo-apyranke-su-balto-aukso-detale-ir-deimantu-001-ct.png\",\"width\":1000,\"height\":1000},{\"@type\":\"BreadcrumbList\",\"@id\":\"https:\/\/fashiongold.lt\/pl\/papuosalas\/bransoletka-z-czarnego-sznurka-z-elementem-z-bialego-zlota-i-diamentem-001-ct\/#breadcrumb\",\"itemListElement\":[{\"@type\":\"ListItem\",\"position\":1,\"name\":\"Home\",\"item\":\"https:\/\/fashiongold.lt\/pl\/\"},{\"@type\":\"ListItem\",\"position\":2,\"name\":\"Sklep z diamentami Fashiongold.lt\",\"item\":\"https:\/\/fashiongold.lt\/shop-2\/\"},{\"@type\":\"ListItem\",\"position\":3,\"name\":\"Bransoletka z czarnego sznurka z elementem z bia\u0142ego z\u0142ota i diamentem 0,01 ct\"}]},{\"@type\":\"WebSite\",\"@id\":\"https:\/\/fashiongold.lt\/pl\/#website\",\"url\":\"https:\/\/fashiongold.lt\/pl\/\",\"name\":\"Fashion Gold\",\"description\":\"Juvelyrikos namai\",\"publisher\":{\"@id\":\"https:\/\/fashiongold.lt\/pl\/#organization\"},\"potentialAction\":[{\"@type\":\"SearchAction\",\"target\":{\"@type\":\"EntryPoint\",\"urlTemplate\":\"https:\/\/fashiongold.lt\/pl\/?s={search_term_string}\"},\"query-input\":{\"@type\":\"PropertyValueSpecification\",\"valueRequired\":true,\"valueName\":\"search_term_string\"}}],\"inLanguage\":\"pl-PL\"},{\"@type\":\"Organization\",\"@id\":\"https:\/\/fashiongold.lt\/pl\/#organization\",\"name\":\"Topdiamonds Online\",\"url\":\"https:\/\/fashiongold.lt\/pl\/\",\"logo\":{\"@type\":\"ImageObject\",\"inLanguage\":\"pl-PL\",\"@id\":\"https:\/\/fashiongold.lt\/pl\/#\/schema\/logo\/image\/\",\"url\":\"https:\/\/fashiongold.lt\/wp-content\/uploads\/2025\/04\/cropped-fashion_gold_logotipas2-scaled-1.png\",\"contentUrl\":\"https:\/\/fashiongold.lt\/wp-content\/uploads\/2025\/04\/cropped-fashion_gold_logotipas2-scaled-1.png\",\"width\":2559,\"height\":421,\"caption\":\"Topdiamonds Online\"},\"image\":{\"@id\":\"https:\/\/fashiongold.lt\/pl\/#\/schema\/logo\/image\/\"}}]}<\/script>\n<!-- \/ Yoast SEO plugin. -->","yoast_head_json":{"title":"Bransoletka z czarnej nitki z elementem z bia\u0142ego z\u0142ota i diamentem 0,01 ct","description":"Czarny sznurek przynosz\u0105cy szcz\u0119\u015bcie i spe\u0142niaj\u0105cy \u017cyczenia z elementem z bia\u0142ego z\u0142ota i diamentem 0,01 ct. Odpowiedni dla m\u0119\u017cczyzn, kobiet i dzieci, na wyj\u0105tkow\u0105 okazj\u0119.","robots":{"index":"index","follow":"follow","max-snippet":"max-snippet:-1","max-image-preview":"max-image-preview:large","max-video-preview":"max-video-preview:-1"},"canonical":"https:\/\/fashiongold.lt\/pl\/papuosalas\/bransoletka-z-czarnego-sznurka-z-elementem-z-bialego-zlota-i-diamentem-001-ct\/","og_locale":"pl_PL","og_type":"article","og_title":"Bransoletka z czarnej nitki z elementem z bia\u0142ego z\u0142ota i diamentem 0,01 ct","og_description":"Czarny sznurek przynosz\u0105cy szcz\u0119\u015bcie i spe\u0142niaj\u0105cy \u017cyczenia z elementem z bia\u0142ego z\u0142ota i diamentem 0,01 ct. Odpowiedni dla m\u0119\u017cczyzn, kobiet i dzieci, na wyj\u0105tkow\u0105 okazj\u0119.","og_url":"https:\/\/fashiongold.lt\/pl\/papuosalas\/bransoletka-z-czarnego-sznurka-z-elementem-z-bialego-zlota-i-diamentem-001-ct\/","og_site_name":"FashionGold.lt","article_modified_time":"2026-02-11T20:02:02+00:00","og_image":[{"width":1000,"height":1000,"url":"https:\/\/fashiongold.lt\/wp-content\/uploads\/2025\/10\/23923-9ae-Juodo-siulo-apyranke-su-balto-aukso-detale-ir-deimantu-001-ct.webp","type":"image\/png"}],"twitter_card":"summary_large_image","twitter_misc":{"Szacowany czas czytania":"1 minuta"},"schema":{"@context":"https:\/\/schema.org","@graph":[{"@type":"WebPage","@id":"https:\/\/fashiongold.lt\/pl\/papuosalas\/bransoletka-z-czarnego-sznurka-z-elementem-z-bialego-zlota-i-diamentem-001-ct\/","url":"https:\/\/fashiongold.lt\/pl\/papuosalas\/bransoletka-z-czarnego-sznurka-z-elementem-z-bialego-zlota-i-diamentem-001-ct\/","name":"Bransoletka z czarnej nitki z elementem z bia\u0142ego z\u0142ota i diamentem 0,01 ct","isPartOf":{"@id":"https:\/\/fashiongold.lt\/pl\/#website"},"primaryImageOfPage":{"@id":"https:\/\/fashiongold.lt\/pl\/papuosalas\/bransoletka-z-czarnego-sznurka-z-elementem-z-bialego-zlota-i-diamentem-001-ct\/#primaryimage"},"image":{"@id":"https:\/\/fashiongold.lt\/pl\/papuosalas\/bransoletka-z-czarnego-sznurka-z-elementem-z-bialego-zlota-i-diamentem-001-ct\/#primaryimage"},"thumbnailUrl":"https:\/\/fashiongold.lt\/wp-content\/uploads\/2025\/10\/23923-9ae-Juodo-siulo-apyranke-su-balto-aukso-detale-ir-deimantu-001-ct.png","datePublished":"2025-10-23T09:26:21+00:00","dateModified":"2026-02-11T20:02:02+00:00","description":"Czarny sznurek przynosz\u0105cy szcz\u0119\u015bcie i spe\u0142niaj\u0105cy \u017cyczenia z elementem z bia\u0142ego z\u0142ota i diamentem 0,01 ct. Odpowiedni dla m\u0119\u017cczyzn, kobiet i dzieci, na wyj\u0105tkow\u0105 okazj\u0119.","breadcrumb":{"@id":"https:\/\/fashiongold.lt\/pl\/papuosalas\/bransoletka-z-czarnego-sznurka-z-elementem-z-bialego-zlota-i-diamentem-001-ct\/#breadcrumb"},"inLanguage":"pl-PL","potentialAction":[{"@type":"ReadAction","target":["https:\/\/fashiongold.lt\/pl\/papuosalas\/bransoletka-z-czarnego-sznurka-z-elementem-z-bialego-zlota-i-diamentem-001-ct\/"]}]},{"@type":"ImageObject","inLanguage":"pl-PL","@id":"https:\/\/fashiongold.lt\/pl\/papuosalas\/bransoletka-z-czarnego-sznurka-z-elementem-z-bialego-zlota-i-diamentem-001-ct\/#primaryimage","url":"https:\/\/fashiongold.lt\/wp-content\/uploads\/2025\/10\/23923-9ae-Juodo-siulo-apyranke-su-balto-aukso-detale-ir-deimantu-001-ct.png","contentUrl":"https:\/\/fashiongold.lt\/wp-content\/uploads\/2025\/10\/23923-9ae-Juodo-siulo-apyranke-su-balto-aukso-detale-ir-deimantu-001-ct.png","width":1000,"height":1000},{"@type":"BreadcrumbList","@id":"https:\/\/fashiongold.lt\/pl\/papuosalas\/bransoletka-z-czarnego-sznurka-z-elementem-z-bialego-zlota-i-diamentem-001-ct\/#breadcrumb","itemListElement":[{"@type":"ListItem","position":1,"name":"Home","item":"https:\/\/fashiongold.lt\/pl\/"},{"@type":"ListItem","position":2,"name":"Sklep z diamentami Fashiongold.lt","item":"https:\/\/fashiongold.lt\/shop-2\/"},{"@type":"ListItem","position":3,"name":"Bransoletka z czarnego sznurka z elementem z bia\u0142ego z\u0142ota i diamentem 0,01 ct"}]},{"@type":"WebSite","@id":"https:\/\/fashiongold.lt\/pl\/#website","url":"https:\/\/fashiongold.lt\/pl\/","name":"Fashion Gold","description":"Juvelyrikos namai","publisher":{"@id":"https:\/\/fashiongold.lt\/pl\/#organization"},"potentialAction":[{"@type":"SearchAction","target":{"@type":"EntryPoint","urlTemplate":"https:\/\/fashiongold.lt\/pl\/?s={search_term_string}"},"query-input":{"@type":"PropertyValueSpecification","valueRequired":true,"valueName":"search_term_string"}}],"inLanguage":"pl-PL"},{"@type":"Organization","@id":"https:\/\/fashiongold.lt\/pl\/#organization","name":"Topdiamonds Online","url":"https:\/\/fashiongold.lt\/pl\/","logo":{"@type":"ImageObject","inLanguage":"pl-PL","@id":"https:\/\/fashiongold.lt\/pl\/#\/schema\/logo\/image\/","url":"https:\/\/fashiongold.lt\/wp-content\/uploads\/2025\/04\/cropped-fashion_gold_logotipas2-scaled-1.png","contentUrl":"https:\/\/fashiongold.lt\/wp-content\/uploads\/2025\/04\/cropped-fashion_gold_logotipas2-scaled-1.png","width":2559,"height":421,"caption":"Topdiamonds Online"},"image":{"@id":"https:\/\/fashiongold.lt\/pl\/#\/schema\/logo\/image\/"}}]}},"_links":{"self":[{"href":"https:\/\/fashiongold.lt\/pl\/wp-json\/wp\/v2\/product\/275753","targetHints":{"allow":["GET"]}}],"collection":[{"href":"https:\/\/fashiongold.lt\/pl\/wp-json\/wp\/v2\/product"}],"about":[{"href":"https:\/\/fashiongold.lt\/pl\/wp-json\/wp\/v2\/types\/product"}],"version-history":[{"count":0,"href":"https:\/\/fashiongold.lt\/pl\/wp-json\/wp\/v2\/product\/275753\/revisions"}],"wp:featuredmedia":[{"embeddable":true,"href":"https:\/\/fashiongold.lt\/pl\/wp-json\/wp\/v2\/media\/243336"}],"wp:attachment":[{"href":"https:\/\/fashiongold.lt\/pl\/wp-json\/wp\/v2\/media?parent=275753"}],"wp:term":[{"taxonomy":"product_brand","embeddable":true,"href":"https:\/\/fashiongold.lt\/pl\/wp-json\/wp\/v2\/product_brand?post=275753"},{"taxonomy":"product_cat","embeddable":true,"href":"https:\/\/fashiongold.lt\/pl\/wp-json\/wp\/v2\/product_cat?post=275753"},{"taxonomy":"product_tag","embeddable":true,"href":"https:\/\/fashiongold.lt\/pl\/wp-json\/wp\/v2\/product_tag?post=275753"}],"curies":[{"name":"wp","href":"https:\/\/api.w.org\/{rel}","templated":true}]}}