{"id":275761,"date":"2025-10-23T07:59:28","date_gmt":"2025-10-23T07:59:28","guid":{"rendered":"https:\/\/fashiongold.lt\/papuosalas\/kolczyki-z-diamentami-diament-bagiet-0-59-ct\/"},"modified":"2026-02-11T20:48:10","modified_gmt":"2026-02-11T20:48:10","slug":"kolczyki-z-diamentami-diament-bagiet-0-59-ct","status":"publish","type":"product","link":"https:\/\/fashiongold.lt\/pl\/papuosalas\/kolczyki-z-diamentami-diament-bagiet-0-59-ct\/","title":{"rendered":"Kolczyki z diamentami &#8211; Diament bagiet (0.59 ct)"},"content":{"rendered":"<h2>Kolczyki z angielskim zapi\u0119ciem i diamentami \u2013 Diamenty o szlifie bagietkowym (0,59 ct)<\/h2>\n<h3>Z\u0142ote kolczyki o klasycznym designie z angielskim zapi\u0119ciem i diamentami o szlifie bagietkowym, o \u0142\u0105cznej masie 0,59 karata. Naturalne diamenty o szlifie bagietkowym.<\/h3>\n<p>Wyprodukowano w Niemczech. Kolczyki o niepowtarzalnym pi\u0119knie, wyj\u0105tkowym stylu i wysokiej jako\u015bci. Kolczyki mog\u0105 zosta\u0107 wykonane na zam\u00f3wienie: z czerwonego, \u017c\u00f3\u0142tego oraz bia\u0142ego z\u0142ota.\u00a0<\/p>\n<p>\u2022 Pr\u00f3ba z\u0142ota kolczyk\u00f3w: 14 karat\u00f3w (pr\u00f3ba 585), 18 karat\u00f3w (pr\u00f3ba 750)<\/p>\n<p>\u2022 Kolor kolczyk\u00f3w: bia\u0142e, \u017c\u00f3\u0142te, czerwone z\u0142oto\u00a0 \u00a0 \u00a0<\/p>\n<p>\u2022 Waga kolczyk\u00f3w: oko\u0142o 3,30 g\u00a0 \u00a0<\/p>\n<p>\u2022 Rodzaj diamentu: Diament naturalny\u00a0<\/p>\n<p>\u2022 Kszta\u0142t diamentu: Kszta\u0142t okr\u0105g\u0142y i kszta\u0142t bagietki (Round shape, Marquise shape)\u00a0<\/p>\n<p>\u2022 Charakterystyka diamentu: 0,59 ct, kolor G-H (RW-W); czysto\u015b\u0107 SI\u00a0<\/p>\n<p>\u2022 Certyfikat: Litewski Urz\u0105d Probierczy (LPR)\u00a0 \u00a0<\/p>\n<p>\u2022 Wymiary kolczyk\u00f3w: h: 23,7 mm, w: 7,2 mm, th: 3,4 mm<\/p>\n<p>\u2022 Termin produkcji i dostawy od 14 dni roboczych, w trybie pilnym w ci\u0105gu 3 dni roboczych.\u00a0<\/p>\n<p><strong>Masz w\u0142asne z\u0142oto? Skontaktuj si\u0119 z nami, przeliczymy cen\u0119 \u2013 zap\u0142acisz tylko za wykonanie kolczyk\u00f3w.<\/strong><\/p>\n","protected":false},"excerpt":{"rendered":"<p>Z\u0142ote kolczyki o klasycznym wzornictwie z angielskim zapi\u0119ciem i diamentami o \u0142\u0105cznej masie 0,59 karata. Odpowiednie na co dzie\u0144 i na wyj\u0105tkowe okazje, dla wyj\u0105tkowego stylu.<\/p>\n","protected":false},"featured_media":241844,"template":"","meta":{"site-sidebar-layout":"","site-content-layout":"","ast-site-content-layout":"","site-content-style":"","site-sidebar-style":"","ast-global-header-display":"","ast-banner-title-visibility":"","ast-main-header-display":"","ast-hfb-above-header-display":"","ast-hfb-below-header-display":"","ast-hfb-mobile-header-display":"","site-post-title":"","ast-breadcrumbs-content":"","ast-featured-img":"","footer-sml-layout":"","ast-disable-related-posts":"","theme-transparent-header-meta":"","adv-header-id-meta":"","stick-header-meta":"","header-above-stick-meta":"","header-main-stick-meta":"","header-below-stick-meta":"","astra-migrate-meta-layouts":"default","ast-page-background-enabled":"default","ast-page-background-meta":{"desktop":{"background-color":"var(--ast-global-color-4)","background-image":"","background-repeat":"repeat","background-position":"center center","background-size":"auto","background-attachment":"scroll","background-type":"","background-media":"","overlay-type":"","overlay-color":"","overlay-opacity":"","overlay-gradient":""},"tablet":{"background-color":"","background-image":"","background-repeat":"repeat","background-position":"center center","background-size":"auto","background-attachment":"scroll","background-type":"","background-media":"","overlay-type":"","overlay-color":"","overlay-opacity":"","overlay-gradient":""},"mobile":{"background-color":"","background-image":"","background-repeat":"repeat","background-position":"center center","background-size":"auto","background-attachment":"scroll","background-type":"","background-media":"","overlay-type":"","overlay-color":"","overlay-opacity":"","overlay-gradient":""}},"ast-content-background-meta":{"desktop":{"background-color":"var(--ast-global-color-5)","background-image":"","background-repeat":"repeat","background-position":"center center","background-size":"auto","background-attachment":"scroll","background-type":"","background-media":"","overlay-type":"","overlay-color":"","overlay-opacity":"","overlay-gradient":""},"tablet":{"background-color":"var(--ast-global-color-5)","background-image":"","background-repeat":"repeat","background-position":"center center","background-size":"auto","background-attachment":"scroll","background-type":"","background-media":"","overlay-type":"","overlay-color":"","overlay-opacity":"","overlay-gradient":""},"mobile":{"background-color":"var(--ast-global-color-5)","background-image":"","background-repeat":"repeat","background-position":"center center","background-size":"auto","background-attachment":"scroll","background-type":"","background-media":"","overlay-type":"","overlay-color":"","overlay-opacity":"","overlay-gradient":""}}},"product_brand":[],"product_cat":[3044,2858,3170,3180,3377,2972,3166,2853,3165,2875,2876,2860,2857,2854,2855,3169,2859,2852],"product_tag":[],"class_list":{"0":"post-275761","1":"product","2":"type-product","3":"status-publish","4":"has-post-thumbnail","6":"product_cat-bizuteria","7":"product_cat-bizuteria-z-bialego-zlota","8":"product_cat-kolczyki-dla-dziewczynek-kolczyki-dzieciece","9":"product_cat-kolczyki-okazyjne","10":"product_cat-kolczyki-z-angielskim-zapieciem","11":"product_cat-kolczyki-z-diamentami","12":"product_cat-prezent-z-okazji-pierwszej-komunii-swietej","13":"product_cat-prezenty-dla-kobiet","14":"product_cat-prezenty-na-chrzest","15":"product_cat-prezenty-na-dzien-matki","16":"product_cat-prezenty-na-walentynki","17":"product_cat-prezenty-na-wyjatkowe-okazje","18":"product_cat-prezenty-swiateczne","19":"product_cat-prezenty-z-okazji-narodzin-dziecka","20":"product_cat-prezenty-z-okazji-rocznicy-slubu","21":"product_cat-prezenty-z-okazji-slubu","22":"product_cat-prezenty-z-okazji-ukonczenia-szkoly","23":"product_cat-prezenty-z-okazji-urodzin","24":"desktop-align-center","25":"tablet-align-left","26":"mobile-align-left","27":"ast-product-gallery-layout-horizontal-slider","28":"ast-product-gallery-with-no-image","29":"ast-product-tabs-layout-accordion","30":"ast-qv-on-image","32":"first","33":"instock","34":"taxable","35":"shipping-taxable","36":"purchasable","37":"product-type-simple"},"yoast_head":"<!-- This site is optimized with the Yoast SEO plugin v26.6 - https:\/\/yoast.com\/wordpress\/plugins\/seo\/ -->\n<title>Kolczyki z diamentami - Diament bagiet (0.59 ct)<\/title>\n<meta name=\"description\" content=\"Z\u0142ote kolczyki z angielskim zapi\u0119ciem i diamentami o \u0142\u0105cznej masie 0,59 karata. Idealne na co dzie\u0144 i na specjalne okazje, podkre\u015blaj\u0105ce wyj\u0105tkowy styl.\" \/>\n<meta name=\"robots\" content=\"index, follow, max-snippet:-1, max-image-preview:large, max-video-preview:-1\" \/>\n<link rel=\"canonical\" href=\"https:\/\/fashiongold.lt\/pl\/papuosalas\/kolczyki-z-diamentami-diament-bagiet-0-59-ct\/\" \/>\n<meta property=\"og:locale\" content=\"pl_PL\" \/>\n<meta property=\"og:type\" content=\"article\" \/>\n<meta property=\"og:title\" content=\"Kolczyki z diamentami - Diament bagiet (0.59 ct)\" \/>\n<meta property=\"og:description\" content=\"Z\u0142ote kolczyki z angielskim zapi\u0119ciem i diamentami o \u0142\u0105cznej masie 0,59 karata. Idealne na co dzie\u0144 i na specjalne okazje, podkre\u015blaj\u0105ce wyj\u0105tkowy styl.\" \/>\n<meta property=\"og:url\" content=\"https:\/\/fashiongold.lt\/pl\/papuosalas\/kolczyki-z-diamentami-diament-bagiet-0-59-ct\/\" \/>\n<meta property=\"og:site_name\" content=\"FashionGold.lt\" \/>\n<meta property=\"article:modified_time\" content=\"2026-02-11T20:48:10+00:00\" \/>\n<meta property=\"og:image\" content=\"https:\/\/fashiongold.lt\/wp-content\/uploads\/2025\/10\/14058-fd0-Auskarai-su-deimantais-Deimantas-bagetas-0.59-ct.webp\" \/>\n\t<meta property=\"og:image:width\" content=\"1000\" \/>\n\t<meta property=\"og:image:height\" content=\"1000\" \/>\n\t<meta property=\"og:image:type\" content=\"image\/png\" \/>\n<meta name=\"twitter:card\" content=\"summary_large_image\" \/>\n<meta name=\"twitter:label1\" content=\"Szacowany czas czytania\" \/>\n\t<meta name=\"twitter:data1\" content=\"1 minuta\" \/>\n<script type=\"application\/ld+json\" class=\"yoast-schema-graph\">{\"@context\":\"https:\/\/schema.org\",\"@graph\":[{\"@type\":\"WebPage\",\"@id\":\"https:\/\/fashiongold.lt\/pl\/papuosalas\/kolczyki-z-diamentami-diament-bagiet-0-59-ct\/\",\"url\":\"https:\/\/fashiongold.lt\/pl\/papuosalas\/kolczyki-z-diamentami-diament-bagiet-0-59-ct\/\",\"name\":\"Kolczyki z diamentami - Diament bagiet (0.59 ct)\",\"isPartOf\":{\"@id\":\"https:\/\/fashiongold.lt\/pl\/#website\"},\"primaryImageOfPage\":{\"@id\":\"https:\/\/fashiongold.lt\/pl\/papuosalas\/kolczyki-z-diamentami-diament-bagiet-0-59-ct\/#primaryimage\"},\"image\":{\"@id\":\"https:\/\/fashiongold.lt\/pl\/papuosalas\/kolczyki-z-diamentami-diament-bagiet-0-59-ct\/#primaryimage\"},\"thumbnailUrl\":\"https:\/\/fashiongold.lt\/wp-content\/uploads\/2025\/10\/14058-fd0-Auskarai-su-deimantais-Deimantas-bagetas-0.59-ct.png\",\"datePublished\":\"2025-10-23T07:59:28+00:00\",\"dateModified\":\"2026-02-11T20:48:10+00:00\",\"description\":\"Z\u0142ote kolczyki z angielskim zapi\u0119ciem i diamentami o \u0142\u0105cznej masie 0,59 karata. Idealne na co dzie\u0144 i na specjalne okazje, podkre\u015blaj\u0105ce wyj\u0105tkowy styl.\",\"breadcrumb\":{\"@id\":\"https:\/\/fashiongold.lt\/pl\/papuosalas\/kolczyki-z-diamentami-diament-bagiet-0-59-ct\/#breadcrumb\"},\"inLanguage\":\"pl-PL\",\"potentialAction\":[{\"@type\":\"ReadAction\",\"target\":[\"https:\/\/fashiongold.lt\/pl\/papuosalas\/kolczyki-z-diamentami-diament-bagiet-0-59-ct\/\"]}]},{\"@type\":\"ImageObject\",\"inLanguage\":\"pl-PL\",\"@id\":\"https:\/\/fashiongold.lt\/pl\/papuosalas\/kolczyki-z-diamentami-diament-bagiet-0-59-ct\/#primaryimage\",\"url\":\"https:\/\/fashiongold.lt\/wp-content\/uploads\/2025\/10\/14058-fd0-Auskarai-su-deimantais-Deimantas-bagetas-0.59-ct.png\",\"contentUrl\":\"https:\/\/fashiongold.lt\/wp-content\/uploads\/2025\/10\/14058-fd0-Auskarai-su-deimantais-Deimantas-bagetas-0.59-ct.png\",\"width\":1000,\"height\":1000},{\"@type\":\"BreadcrumbList\",\"@id\":\"https:\/\/fashiongold.lt\/pl\/papuosalas\/kolczyki-z-diamentami-diament-bagiet-0-59-ct\/#breadcrumb\",\"itemListElement\":[{\"@type\":\"ListItem\",\"position\":1,\"name\":\"Home\",\"item\":\"https:\/\/fashiongold.lt\/pl\/\"},{\"@type\":\"ListItem\",\"position\":2,\"name\":\"Sklep z diamentami Fashiongold.lt\",\"item\":\"https:\/\/fashiongold.lt\/shop-2\/\"},{\"@type\":\"ListItem\",\"position\":3,\"name\":\"Kolczyki z diamentami &#8211; Diament bagiet (0.59 ct)\"}]},{\"@type\":\"WebSite\",\"@id\":\"https:\/\/fashiongold.lt\/pl\/#website\",\"url\":\"https:\/\/fashiongold.lt\/pl\/\",\"name\":\"Fashion Gold\",\"description\":\"Juvelyrikos namai\",\"publisher\":{\"@id\":\"https:\/\/fashiongold.lt\/pl\/#organization\"},\"potentialAction\":[{\"@type\":\"SearchAction\",\"target\":{\"@type\":\"EntryPoint\",\"urlTemplate\":\"https:\/\/fashiongold.lt\/pl\/?s={search_term_string}\"},\"query-input\":{\"@type\":\"PropertyValueSpecification\",\"valueRequired\":true,\"valueName\":\"search_term_string\"}}],\"inLanguage\":\"pl-PL\"},{\"@type\":\"Organization\",\"@id\":\"https:\/\/fashiongold.lt\/pl\/#organization\",\"name\":\"Topdiamonds Online\",\"url\":\"https:\/\/fashiongold.lt\/pl\/\",\"logo\":{\"@type\":\"ImageObject\",\"inLanguage\":\"pl-PL\",\"@id\":\"https:\/\/fashiongold.lt\/pl\/#\/schema\/logo\/image\/\",\"url\":\"https:\/\/fashiongold.lt\/wp-content\/uploads\/2025\/04\/cropped-fashion_gold_logotipas2-scaled-1.png\",\"contentUrl\":\"https:\/\/fashiongold.lt\/wp-content\/uploads\/2025\/04\/cropped-fashion_gold_logotipas2-scaled-1.png\",\"width\":2559,\"height\":421,\"caption\":\"Topdiamonds Online\"},\"image\":{\"@id\":\"https:\/\/fashiongold.lt\/pl\/#\/schema\/logo\/image\/\"}}]}<\/script>\n<!-- \/ Yoast SEO plugin. -->","yoast_head_json":{"title":"Kolczyki z diamentami - Diament bagiet (0.59 ct)","description":"Z\u0142ote kolczyki z angielskim zapi\u0119ciem i diamentami o \u0142\u0105cznej masie 0,59 karata. Idealne na co dzie\u0144 i na specjalne okazje, podkre\u015blaj\u0105ce wyj\u0105tkowy styl.","robots":{"index":"index","follow":"follow","max-snippet":"max-snippet:-1","max-image-preview":"max-image-preview:large","max-video-preview":"max-video-preview:-1"},"canonical":"https:\/\/fashiongold.lt\/pl\/papuosalas\/kolczyki-z-diamentami-diament-bagiet-0-59-ct\/","og_locale":"pl_PL","og_type":"article","og_title":"Kolczyki z diamentami - Diament bagiet (0.59 ct)","og_description":"Z\u0142ote kolczyki z angielskim zapi\u0119ciem i diamentami o \u0142\u0105cznej masie 0,59 karata. Idealne na co dzie\u0144 i na specjalne okazje, podkre\u015blaj\u0105ce wyj\u0105tkowy styl.","og_url":"https:\/\/fashiongold.lt\/pl\/papuosalas\/kolczyki-z-diamentami-diament-bagiet-0-59-ct\/","og_site_name":"FashionGold.lt","article_modified_time":"2026-02-11T20:48:10+00:00","og_image":[{"width":1000,"height":1000,"url":"https:\/\/fashiongold.lt\/wp-content\/uploads\/2025\/10\/14058-fd0-Auskarai-su-deimantais-Deimantas-bagetas-0.59-ct.webp","type":"image\/png"}],"twitter_card":"summary_large_image","twitter_misc":{"Szacowany czas czytania":"1 minuta"},"schema":{"@context":"https:\/\/schema.org","@graph":[{"@type":"WebPage","@id":"https:\/\/fashiongold.lt\/pl\/papuosalas\/kolczyki-z-diamentami-diament-bagiet-0-59-ct\/","url":"https:\/\/fashiongold.lt\/pl\/papuosalas\/kolczyki-z-diamentami-diament-bagiet-0-59-ct\/","name":"Kolczyki z diamentami - Diament bagiet (0.59 ct)","isPartOf":{"@id":"https:\/\/fashiongold.lt\/pl\/#website"},"primaryImageOfPage":{"@id":"https:\/\/fashiongold.lt\/pl\/papuosalas\/kolczyki-z-diamentami-diament-bagiet-0-59-ct\/#primaryimage"},"image":{"@id":"https:\/\/fashiongold.lt\/pl\/papuosalas\/kolczyki-z-diamentami-diament-bagiet-0-59-ct\/#primaryimage"},"thumbnailUrl":"https:\/\/fashiongold.lt\/wp-content\/uploads\/2025\/10\/14058-fd0-Auskarai-su-deimantais-Deimantas-bagetas-0.59-ct.png","datePublished":"2025-10-23T07:59:28+00:00","dateModified":"2026-02-11T20:48:10+00:00","description":"Z\u0142ote kolczyki z angielskim zapi\u0119ciem i diamentami o \u0142\u0105cznej masie 0,59 karata. Idealne na co dzie\u0144 i na specjalne okazje, podkre\u015blaj\u0105ce wyj\u0105tkowy styl.","breadcrumb":{"@id":"https:\/\/fashiongold.lt\/pl\/papuosalas\/kolczyki-z-diamentami-diament-bagiet-0-59-ct\/#breadcrumb"},"inLanguage":"pl-PL","potentialAction":[{"@type":"ReadAction","target":["https:\/\/fashiongold.lt\/pl\/papuosalas\/kolczyki-z-diamentami-diament-bagiet-0-59-ct\/"]}]},{"@type":"ImageObject","inLanguage":"pl-PL","@id":"https:\/\/fashiongold.lt\/pl\/papuosalas\/kolczyki-z-diamentami-diament-bagiet-0-59-ct\/#primaryimage","url":"https:\/\/fashiongold.lt\/wp-content\/uploads\/2025\/10\/14058-fd0-Auskarai-su-deimantais-Deimantas-bagetas-0.59-ct.png","contentUrl":"https:\/\/fashiongold.lt\/wp-content\/uploads\/2025\/10\/14058-fd0-Auskarai-su-deimantais-Deimantas-bagetas-0.59-ct.png","width":1000,"height":1000},{"@type":"BreadcrumbList","@id":"https:\/\/fashiongold.lt\/pl\/papuosalas\/kolczyki-z-diamentami-diament-bagiet-0-59-ct\/#breadcrumb","itemListElement":[{"@type":"ListItem","position":1,"name":"Home","item":"https:\/\/fashiongold.lt\/pl\/"},{"@type":"ListItem","position":2,"name":"Sklep z diamentami Fashiongold.lt","item":"https:\/\/fashiongold.lt\/shop-2\/"},{"@type":"ListItem","position":3,"name":"Kolczyki z diamentami &#8211; Diament bagiet (0.59 ct)"}]},{"@type":"WebSite","@id":"https:\/\/fashiongold.lt\/pl\/#website","url":"https:\/\/fashiongold.lt\/pl\/","name":"Fashion Gold","description":"Juvelyrikos namai","publisher":{"@id":"https:\/\/fashiongold.lt\/pl\/#organization"},"potentialAction":[{"@type":"SearchAction","target":{"@type":"EntryPoint","urlTemplate":"https:\/\/fashiongold.lt\/pl\/?s={search_term_string}"},"query-input":{"@type":"PropertyValueSpecification","valueRequired":true,"valueName":"search_term_string"}}],"inLanguage":"pl-PL"},{"@type":"Organization","@id":"https:\/\/fashiongold.lt\/pl\/#organization","name":"Topdiamonds Online","url":"https:\/\/fashiongold.lt\/pl\/","logo":{"@type":"ImageObject","inLanguage":"pl-PL","@id":"https:\/\/fashiongold.lt\/pl\/#\/schema\/logo\/image\/","url":"https:\/\/fashiongold.lt\/wp-content\/uploads\/2025\/04\/cropped-fashion_gold_logotipas2-scaled-1.png","contentUrl":"https:\/\/fashiongold.lt\/wp-content\/uploads\/2025\/04\/cropped-fashion_gold_logotipas2-scaled-1.png","width":2559,"height":421,"caption":"Topdiamonds Online"},"image":{"@id":"https:\/\/fashiongold.lt\/pl\/#\/schema\/logo\/image\/"}}]}},"_links":{"self":[{"href":"https:\/\/fashiongold.lt\/pl\/wp-json\/wp\/v2\/product\/275761","targetHints":{"allow":["GET"]}}],"collection":[{"href":"https:\/\/fashiongold.lt\/pl\/wp-json\/wp\/v2\/product"}],"about":[{"href":"https:\/\/fashiongold.lt\/pl\/wp-json\/wp\/v2\/types\/product"}],"version-history":[{"count":0,"href":"https:\/\/fashiongold.lt\/pl\/wp-json\/wp\/v2\/product\/275761\/revisions"}],"wp:featuredmedia":[{"embeddable":true,"href":"https:\/\/fashiongold.lt\/pl\/wp-json\/wp\/v2\/media\/241844"}],"wp:attachment":[{"href":"https:\/\/fashiongold.lt\/pl\/wp-json\/wp\/v2\/media?parent=275761"}],"wp:term":[{"taxonomy":"product_brand","embeddable":true,"href":"https:\/\/fashiongold.lt\/pl\/wp-json\/wp\/v2\/product_brand?post=275761"},{"taxonomy":"product_cat","embeddable":true,"href":"https:\/\/fashiongold.lt\/pl\/wp-json\/wp\/v2\/product_cat?post=275761"},{"taxonomy":"product_tag","embeddable":true,"href":"https:\/\/fashiongold.lt\/pl\/wp-json\/wp\/v2\/product_tag?post=275761"}],"curies":[{"name":"wp","href":"https:\/\/api.w.org\/{rel}","templated":true}]}}