{"id":276041,"date":"2025-10-23T08:04:29","date_gmt":"2025-10-23T08:04:29","guid":{"rendered":"https:\/\/fashiongold.lt\/papuosalas\/kolczyki-kola-z-diamentami-diamenty-0-23-ct-2\/"},"modified":"2026-02-11T20:30:48","modified_gmt":"2026-02-11T20:30:48","slug":"kolczyki-kola-z-diamentami-diamenty-0-23-ct-2","status":"publish","type":"product","link":"https:\/\/fashiongold.lt\/pl\/papuosalas\/kolczyki-kola-z-diamentami-diamenty-0-23-ct-2\/","title":{"rendered":"Kolczyki ko\u0142a z diamentami &#8211; Diamenty (0.23 ct)"},"content":{"rendered":"<h2><span style=\"color: #222222; font-family: Arial, Helvetica, sans-serif; font-size: small; background-color: #ffffff;\">Z\u0142ote kolczyki ko\u0142a z diamentami \u2013 Diamenty (0,23 ct) <\/span><\/h2>\n<h3 style=\"color: #222222; font-family: Arial, Helvetica, sans-serif; font-size: small;\">Klasyczne z\u0142ote kolczyki ko\u0142a z diamentami o \u0142\u0105cznej masie 0,23 karata. Naturalne diamenty. <\/h3>\n<p>Wyprodukowano w Niemczech. Wyj\u0105tkowej urody kolczyki o unikalnym stylu i wysokiej jako\u015bci. Kolczyki mog\u0105 zosta\u0107 wykonane na zam\u00f3wienie z r\u00f3\u017cowego, \u017c\u00f3\u0142tego oraz bia\u0142ego z\u0142ota. <\/p>\n<p>\u2022 Pr\u00f3ba z\u0142ota kolczyk\u00f3w: 18 karat\u00f3w (pr\u00f3ba 750), 14 karat\u00f3w (pr\u00f3ba 585)<\/p>\n<p>\u2022 Waga kolczyk\u00f3w: oko\u0142o 4,20 g <\/p>\n<p>\u2022 Rodzaj diamentu: Naturalny diament <\/p>\n<p>\u2022 Kszta\u0142t diamentu: Okr\u0105g\u0142y (Round shape) <\/p>\n<p>\u2022 Charakterystyka diamentu: 48 szt. \u2013 0,23 ct, barwa G-H (RW-W); czysto\u015b\u0107 SI <\/p>\n<p>\u2022 Certyfikat: Litewska Izba Probiercza (LPR) <\/p>\n<p>\u2022 Wymiary kolczyk\u00f3w: <\/p>\n<p>\u2022 Czas produkcji i dostawy od 14 dni roboczych, w trybie pilnym w ci\u0105gu 3 dni roboczych. <\/p>\n<p><strong>Masz w\u0142asne z\u0142oto? Skontaktuj si\u0119 z nami, przeliczymy cen\u0119 \u2013 zap\u0142acisz tylko za wykonanie kolczyk\u00f3w.<\/strong><\/p>\n","protected":false},"excerpt":{"rendered":"<p>Z\u0142ote kolczyki ko\u0142a o klasycznym wzornictwie z diamentami o \u0142\u0105cznej masie 0,23 karata. Odpowiednie na co dzie\u0144 i na specjalne okazje, dla wyj\u0105tkowego stylu.<\/p>\n","protected":false},"featured_media":215821,"template":"","meta":{"site-sidebar-layout":"","site-content-layout":"","ast-site-content-layout":"","site-content-style":"","site-sidebar-style":"","ast-global-header-display":"","ast-banner-title-visibility":"","ast-main-header-display":"","ast-hfb-above-header-display":"","ast-hfb-below-header-display":"","ast-hfb-mobile-header-display":"","site-post-title":"","ast-breadcrumbs-content":"","ast-featured-img":"","footer-sml-layout":"","ast-disable-related-posts":"","theme-transparent-header-meta":"","adv-header-id-meta":"","stick-header-meta":"","header-above-stick-meta":"","header-main-stick-meta":"","header-below-stick-meta":"","astra-migrate-meta-layouts":"default","ast-page-background-enabled":"default","ast-page-background-meta":{"desktop":{"background-color":"var(--ast-global-color-4)","background-image":"","background-repeat":"repeat","background-position":"center center","background-size":"auto","background-attachment":"scroll","background-type":"","background-media":"","overlay-type":"","overlay-color":"","overlay-opacity":"","overlay-gradient":""},"tablet":{"background-color":"","background-image":"","background-repeat":"repeat","background-position":"center center","background-size":"auto","background-attachment":"scroll","background-type":"","background-media":"","overlay-type":"","overlay-color":"","overlay-opacity":"","overlay-gradient":""},"mobile":{"background-color":"","background-image":"","background-repeat":"repeat","background-position":"center center","background-size":"auto","background-attachment":"scroll","background-type":"","background-media":"","overlay-type":"","overlay-color":"","overlay-opacity":"","overlay-gradient":""}},"ast-content-background-meta":{"desktop":{"background-color":"var(--ast-global-color-5)","background-image":"","background-repeat":"repeat","background-position":"center center","background-size":"auto","background-attachment":"scroll","background-type":"","background-media":"","overlay-type":"","overlay-color":"","overlay-opacity":"","overlay-gradient":""},"tablet":{"background-color":"var(--ast-global-color-5)","background-image":"","background-repeat":"repeat","background-position":"center center","background-size":"auto","background-attachment":"scroll","background-type":"","background-media":"","overlay-type":"","overlay-color":"","overlay-opacity":"","overlay-gradient":""},"mobile":{"background-color":"var(--ast-global-color-5)","background-image":"","background-repeat":"repeat","background-position":"center center","background-size":"auto","background-attachment":"scroll","background-type":"","background-media":"","overlay-type":"","overlay-color":"","overlay-opacity":"","overlay-gradient":""}}},"product_brand":[],"product_cat":[3044,2858,2973,2861,3170,3335,3180,2972,3166,2853,3165,2875,2876,2860,2857,2854,2855,3169,2859,2852],"product_tag":[],"class_list":{"0":"post-276041","1":"product","2":"type-product","3":"status-publish","4":"has-post-thumbnail","6":"product_cat-bizuteria","7":"product_cat-bizuteria-z-bialego-zlota","8":"product_cat-bizuteria-z-czerwonego-zlota","9":"product_cat-bizuteria-z-zoltego-zlota","10":"product_cat-kolczyki-dla-dziewczynek-kolczyki-dzieciece","11":"product_cat-kolczyki-kola","12":"product_cat-kolczyki-okazyjne","13":"product_cat-kolczyki-z-diamentami","14":"product_cat-prezent-z-okazji-pierwszej-komunii-swietej","15":"product_cat-prezenty-dla-kobiet","16":"product_cat-prezenty-na-chrzest","17":"product_cat-prezenty-na-dzien-matki","18":"product_cat-prezenty-na-walentynki","19":"product_cat-prezenty-na-wyjatkowe-okazje","20":"product_cat-prezenty-swiateczne","21":"product_cat-prezenty-z-okazji-narodzin-dziecka","22":"product_cat-prezenty-z-okazji-rocznicy-slubu","23":"product_cat-prezenty-z-okazji-slubu","24":"product_cat-prezenty-z-okazji-ukonczenia-szkoly","25":"product_cat-prezenty-z-okazji-urodzin","26":"desktop-align-center","27":"tablet-align-left","28":"mobile-align-left","29":"ast-product-gallery-layout-horizontal-slider","30":"ast-product-gallery-with-no-image","31":"ast-product-single-variable","32":"ast-product-tabs-layout-accordion","33":"ast-qv-on-image","35":"first","36":"instock","37":"taxable","38":"shipping-taxable","39":"purchasable","40":"product-type-variable"},"yoast_head":"<!-- This site is optimized with the Yoast SEO plugin v26.6 - https:\/\/yoast.com\/wordpress\/plugins\/seo\/ -->\n<title>Kolczyki ko\u0142a z diamentami - Diamenty (0.23 ct)<\/title>\n<meta name=\"description\" content=\"Z\u0142ote kolczyki ko\u0142a z diamentami o \u0142\u0105cznej masie 0,23 karata. Idealne na co dzie\u0144 i na specjalne okazje, dla wyj\u0105tkowego stylu. Czas dostawy 14 dni roboczych.\" \/>\n<meta name=\"robots\" content=\"index, follow, max-snippet:-1, max-image-preview:large, max-video-preview:-1\" \/>\n<link rel=\"canonical\" href=\"https:\/\/fashiongold.lt\/pl\/papuosalas\/kolczyki-kola-z-diamentami-diamenty-0-23-ct-2\/\" \/>\n<meta property=\"og:locale\" content=\"pl_PL\" \/>\n<meta property=\"og:type\" content=\"article\" \/>\n<meta property=\"og:title\" content=\"Kolczyki ko\u0142a z diamentami - Diamenty (0.23 ct)\" \/>\n<meta property=\"og:description\" content=\"Z\u0142ote kolczyki ko\u0142a z diamentami o \u0142\u0105cznej masie 0,23 karata. Idealne na co dzie\u0144 i na specjalne okazje, dla wyj\u0105tkowego stylu. Czas dostawy 14 dni roboczych.\" \/>\n<meta property=\"og:url\" content=\"https:\/\/fashiongold.lt\/pl\/papuosalas\/kolczyki-kola-z-diamentami-diamenty-0-23-ct-2\/\" \/>\n<meta property=\"og:site_name\" content=\"FashionGold.lt\" \/>\n<meta property=\"article:modified_time\" content=\"2026-02-11T20:30:48+00:00\" \/>\n<meta property=\"og:image\" content=\"https:\/\/fashiongold.lt\/wp-content\/uploads\/2025\/10\/19116-dd5-Auskarai-rinkutes-su-deimantais-Deimantai-0.23-ct.webp\" \/>\n\t<meta property=\"og:image:width\" content=\"1000\" \/>\n\t<meta property=\"og:image:height\" content=\"1000\" \/>\n\t<meta property=\"og:image:type\" content=\"image\/png\" \/>\n<meta name=\"twitter:card\" content=\"summary_large_image\" \/>\n<meta name=\"twitter:label1\" content=\"Szacowany czas czytania\" \/>\n\t<meta name=\"twitter:data1\" content=\"1 minuta\" \/>\n<script type=\"application\/ld+json\" class=\"yoast-schema-graph\">{\"@context\":\"https:\/\/schema.org\",\"@graph\":[{\"@type\":\"WebPage\",\"@id\":\"https:\/\/fashiongold.lt\/pl\/papuosalas\/kolczyki-kola-z-diamentami-diamenty-0-23-ct-2\/\",\"url\":\"https:\/\/fashiongold.lt\/pl\/papuosalas\/kolczyki-kola-z-diamentami-diamenty-0-23-ct-2\/\",\"name\":\"Kolczyki ko\u0142a z diamentami - Diamenty (0.23 ct)\",\"isPartOf\":{\"@id\":\"https:\/\/fashiongold.lt\/pl\/#website\"},\"primaryImageOfPage\":{\"@id\":\"https:\/\/fashiongold.lt\/pl\/papuosalas\/kolczyki-kola-z-diamentami-diamenty-0-23-ct-2\/#primaryimage\"},\"image\":{\"@id\":\"https:\/\/fashiongold.lt\/pl\/papuosalas\/kolczyki-kola-z-diamentami-diamenty-0-23-ct-2\/#primaryimage\"},\"thumbnailUrl\":\"https:\/\/fashiongold.lt\/wp-content\/uploads\/2025\/10\/19116-dd5-Auskarai-rinkutes-su-deimantais-Deimantai-0.23-ct.png\",\"datePublished\":\"2025-10-23T08:04:29+00:00\",\"dateModified\":\"2026-02-11T20:30:48+00:00\",\"description\":\"Z\u0142ote kolczyki ko\u0142a z diamentami o \u0142\u0105cznej masie 0,23 karata. Idealne na co dzie\u0144 i na specjalne okazje, dla wyj\u0105tkowego stylu. Czas dostawy 14 dni roboczych.\",\"breadcrumb\":{\"@id\":\"https:\/\/fashiongold.lt\/pl\/papuosalas\/kolczyki-kola-z-diamentami-diamenty-0-23-ct-2\/#breadcrumb\"},\"inLanguage\":\"pl-PL\",\"potentialAction\":[{\"@type\":\"ReadAction\",\"target\":[\"https:\/\/fashiongold.lt\/pl\/papuosalas\/kolczyki-kola-z-diamentami-diamenty-0-23-ct-2\/\"]}]},{\"@type\":\"ImageObject\",\"inLanguage\":\"pl-PL\",\"@id\":\"https:\/\/fashiongold.lt\/pl\/papuosalas\/kolczyki-kola-z-diamentami-diamenty-0-23-ct-2\/#primaryimage\",\"url\":\"https:\/\/fashiongold.lt\/wp-content\/uploads\/2025\/10\/19116-dd5-Auskarai-rinkutes-su-deimantais-Deimantai-0.23-ct.png\",\"contentUrl\":\"https:\/\/fashiongold.lt\/wp-content\/uploads\/2025\/10\/19116-dd5-Auskarai-rinkutes-su-deimantais-Deimantai-0.23-ct.png\",\"width\":1000,\"height\":1000},{\"@type\":\"BreadcrumbList\",\"@id\":\"https:\/\/fashiongold.lt\/pl\/papuosalas\/kolczyki-kola-z-diamentami-diamenty-0-23-ct-2\/#breadcrumb\",\"itemListElement\":[{\"@type\":\"ListItem\",\"position\":1,\"name\":\"Home\",\"item\":\"https:\/\/fashiongold.lt\/pl\/\"},{\"@type\":\"ListItem\",\"position\":2,\"name\":\"Sklep z diamentami Fashiongold.lt\",\"item\":\"https:\/\/fashiongold.lt\/shop-2\/\"},{\"@type\":\"ListItem\",\"position\":3,\"name\":\"Kolczyki ko\u0142a z diamentami &#8211; Diamenty (0.23 ct)\"}]},{\"@type\":\"WebSite\",\"@id\":\"https:\/\/fashiongold.lt\/pl\/#website\",\"url\":\"https:\/\/fashiongold.lt\/pl\/\",\"name\":\"Fashion Gold\",\"description\":\"Juvelyrikos namai\",\"publisher\":{\"@id\":\"https:\/\/fashiongold.lt\/pl\/#organization\"},\"potentialAction\":[{\"@type\":\"SearchAction\",\"target\":{\"@type\":\"EntryPoint\",\"urlTemplate\":\"https:\/\/fashiongold.lt\/pl\/?s={search_term_string}\"},\"query-input\":{\"@type\":\"PropertyValueSpecification\",\"valueRequired\":true,\"valueName\":\"search_term_string\"}}],\"inLanguage\":\"pl-PL\"},{\"@type\":\"Organization\",\"@id\":\"https:\/\/fashiongold.lt\/pl\/#organization\",\"name\":\"Topdiamonds Online\",\"url\":\"https:\/\/fashiongold.lt\/pl\/\",\"logo\":{\"@type\":\"ImageObject\",\"inLanguage\":\"pl-PL\",\"@id\":\"https:\/\/fashiongold.lt\/pl\/#\/schema\/logo\/image\/\",\"url\":\"https:\/\/fashiongold.lt\/wp-content\/uploads\/2025\/04\/cropped-fashion_gold_logotipas2-scaled-1.png\",\"contentUrl\":\"https:\/\/fashiongold.lt\/wp-content\/uploads\/2025\/04\/cropped-fashion_gold_logotipas2-scaled-1.png\",\"width\":2559,\"height\":421,\"caption\":\"Topdiamonds Online\"},\"image\":{\"@id\":\"https:\/\/fashiongold.lt\/pl\/#\/schema\/logo\/image\/\"}}]}<\/script>\n<!-- \/ Yoast SEO plugin. -->","yoast_head_json":{"title":"Kolczyki ko\u0142a z diamentami - Diamenty (0.23 ct)","description":"Z\u0142ote kolczyki ko\u0142a z diamentami o \u0142\u0105cznej masie 0,23 karata. Idealne na co dzie\u0144 i na specjalne okazje, dla wyj\u0105tkowego stylu. Czas dostawy 14 dni roboczych.","robots":{"index":"index","follow":"follow","max-snippet":"max-snippet:-1","max-image-preview":"max-image-preview:large","max-video-preview":"max-video-preview:-1"},"canonical":"https:\/\/fashiongold.lt\/pl\/papuosalas\/kolczyki-kola-z-diamentami-diamenty-0-23-ct-2\/","og_locale":"pl_PL","og_type":"article","og_title":"Kolczyki ko\u0142a z diamentami - Diamenty (0.23 ct)","og_description":"Z\u0142ote kolczyki ko\u0142a z diamentami o \u0142\u0105cznej masie 0,23 karata. Idealne na co dzie\u0144 i na specjalne okazje, dla wyj\u0105tkowego stylu. Czas dostawy 14 dni roboczych.","og_url":"https:\/\/fashiongold.lt\/pl\/papuosalas\/kolczyki-kola-z-diamentami-diamenty-0-23-ct-2\/","og_site_name":"FashionGold.lt","article_modified_time":"2026-02-11T20:30:48+00:00","og_image":[{"width":1000,"height":1000,"url":"https:\/\/fashiongold.lt\/wp-content\/uploads\/2025\/10\/19116-dd5-Auskarai-rinkutes-su-deimantais-Deimantai-0.23-ct.webp","type":"image\/png"}],"twitter_card":"summary_large_image","twitter_misc":{"Szacowany czas czytania":"1 minuta"},"schema":{"@context":"https:\/\/schema.org","@graph":[{"@type":"WebPage","@id":"https:\/\/fashiongold.lt\/pl\/papuosalas\/kolczyki-kola-z-diamentami-diamenty-0-23-ct-2\/","url":"https:\/\/fashiongold.lt\/pl\/papuosalas\/kolczyki-kola-z-diamentami-diamenty-0-23-ct-2\/","name":"Kolczyki ko\u0142a z diamentami - Diamenty (0.23 ct)","isPartOf":{"@id":"https:\/\/fashiongold.lt\/pl\/#website"},"primaryImageOfPage":{"@id":"https:\/\/fashiongold.lt\/pl\/papuosalas\/kolczyki-kola-z-diamentami-diamenty-0-23-ct-2\/#primaryimage"},"image":{"@id":"https:\/\/fashiongold.lt\/pl\/papuosalas\/kolczyki-kola-z-diamentami-diamenty-0-23-ct-2\/#primaryimage"},"thumbnailUrl":"https:\/\/fashiongold.lt\/wp-content\/uploads\/2025\/10\/19116-dd5-Auskarai-rinkutes-su-deimantais-Deimantai-0.23-ct.png","datePublished":"2025-10-23T08:04:29+00:00","dateModified":"2026-02-11T20:30:48+00:00","description":"Z\u0142ote kolczyki ko\u0142a z diamentami o \u0142\u0105cznej masie 0,23 karata. Idealne na co dzie\u0144 i na specjalne okazje, dla wyj\u0105tkowego stylu. Czas dostawy 14 dni roboczych.","breadcrumb":{"@id":"https:\/\/fashiongold.lt\/pl\/papuosalas\/kolczyki-kola-z-diamentami-diamenty-0-23-ct-2\/#breadcrumb"},"inLanguage":"pl-PL","potentialAction":[{"@type":"ReadAction","target":["https:\/\/fashiongold.lt\/pl\/papuosalas\/kolczyki-kola-z-diamentami-diamenty-0-23-ct-2\/"]}]},{"@type":"ImageObject","inLanguage":"pl-PL","@id":"https:\/\/fashiongold.lt\/pl\/papuosalas\/kolczyki-kola-z-diamentami-diamenty-0-23-ct-2\/#primaryimage","url":"https:\/\/fashiongold.lt\/wp-content\/uploads\/2025\/10\/19116-dd5-Auskarai-rinkutes-su-deimantais-Deimantai-0.23-ct.png","contentUrl":"https:\/\/fashiongold.lt\/wp-content\/uploads\/2025\/10\/19116-dd5-Auskarai-rinkutes-su-deimantais-Deimantai-0.23-ct.png","width":1000,"height":1000},{"@type":"BreadcrumbList","@id":"https:\/\/fashiongold.lt\/pl\/papuosalas\/kolczyki-kola-z-diamentami-diamenty-0-23-ct-2\/#breadcrumb","itemListElement":[{"@type":"ListItem","position":1,"name":"Home","item":"https:\/\/fashiongold.lt\/pl\/"},{"@type":"ListItem","position":2,"name":"Sklep z diamentami Fashiongold.lt","item":"https:\/\/fashiongold.lt\/shop-2\/"},{"@type":"ListItem","position":3,"name":"Kolczyki ko\u0142a z diamentami &#8211; Diamenty (0.23 ct)"}]},{"@type":"WebSite","@id":"https:\/\/fashiongold.lt\/pl\/#website","url":"https:\/\/fashiongold.lt\/pl\/","name":"Fashion Gold","description":"Juvelyrikos namai","publisher":{"@id":"https:\/\/fashiongold.lt\/pl\/#organization"},"potentialAction":[{"@type":"SearchAction","target":{"@type":"EntryPoint","urlTemplate":"https:\/\/fashiongold.lt\/pl\/?s={search_term_string}"},"query-input":{"@type":"PropertyValueSpecification","valueRequired":true,"valueName":"search_term_string"}}],"inLanguage":"pl-PL"},{"@type":"Organization","@id":"https:\/\/fashiongold.lt\/pl\/#organization","name":"Topdiamonds Online","url":"https:\/\/fashiongold.lt\/pl\/","logo":{"@type":"ImageObject","inLanguage":"pl-PL","@id":"https:\/\/fashiongold.lt\/pl\/#\/schema\/logo\/image\/","url":"https:\/\/fashiongold.lt\/wp-content\/uploads\/2025\/04\/cropped-fashion_gold_logotipas2-scaled-1.png","contentUrl":"https:\/\/fashiongold.lt\/wp-content\/uploads\/2025\/04\/cropped-fashion_gold_logotipas2-scaled-1.png","width":2559,"height":421,"caption":"Topdiamonds Online"},"image":{"@id":"https:\/\/fashiongold.lt\/pl\/#\/schema\/logo\/image\/"}}]}},"_links":{"self":[{"href":"https:\/\/fashiongold.lt\/pl\/wp-json\/wp\/v2\/product\/276041","targetHints":{"allow":["GET"]}}],"collection":[{"href":"https:\/\/fashiongold.lt\/pl\/wp-json\/wp\/v2\/product"}],"about":[{"href":"https:\/\/fashiongold.lt\/pl\/wp-json\/wp\/v2\/types\/product"}],"version-history":[{"count":0,"href":"https:\/\/fashiongold.lt\/pl\/wp-json\/wp\/v2\/product\/276041\/revisions"}],"wp:featuredmedia":[{"embeddable":true,"href":"https:\/\/fashiongold.lt\/pl\/wp-json\/wp\/v2\/media\/215821"}],"wp:attachment":[{"href":"https:\/\/fashiongold.lt\/pl\/wp-json\/wp\/v2\/media?parent=276041"}],"wp:term":[{"taxonomy":"product_brand","embeddable":true,"href":"https:\/\/fashiongold.lt\/pl\/wp-json\/wp\/v2\/product_brand?post=276041"},{"taxonomy":"product_cat","embeddable":true,"href":"https:\/\/fashiongold.lt\/pl\/wp-json\/wp\/v2\/product_cat?post=276041"},{"taxonomy":"product_tag","embeddable":true,"href":"https:\/\/fashiongold.lt\/pl\/wp-json\/wp\/v2\/product_tag?post=276041"}],"curies":[{"name":"wp","href":"https:\/\/api.w.org\/{rel}","templated":true}]}}