{"id":276324,"date":"2025-10-23T07:39:54","date_gmt":"2025-10-23T07:39:54","guid":{"rendered":"https:\/\/fashiongold.lt\/papuosalas\/morganity-kolczyki-z-diamentami-i-morganitami-o-szlifie-prostokatnym-6-10-ct\/"},"modified":"2026-02-11T20:48:26","modified_gmt":"2026-02-11T20:48:26","slug":"morganity-kolczyki-z-diamentami-i-morganitami-o-szlifie-prostokatnym-6-10-ct","status":"publish","type":"product","link":"https:\/\/fashiongold.lt\/pl\/papuosalas\/morganity-kolczyki-z-diamentami-i-morganitami-o-szlifie-prostokatnym-6-10-ct\/","title":{"rendered":"Morganity &#8211; kolczyki z diamentami i morganitami o szlifie prostok\u0105tnym (6.10 ct)"},"content":{"rendered":"<h2>Kolczyki z diamentami i morganitami o szlifie prostok\u0105tnym &#8211; Morganity (6.10 ct)<\/h2>\n<h3>Z\u0142ote kolczyki o nowoczesnym designie z angielskim zapi\u0119ciem, r\u00f3\u017cowymi morganitami o szlifie prostok\u0105tnym o masie 6.00 karat\u00f3w oraz diamentami wok\u00f3\u0142 morganitu. Naturalne diamenty.<\/h3>\n<p>Wykonane w Niemczech z wysokiej jako\u015bci kamieni szlachetnych. Doskona\u0142y wyb\u00f3r dla stylowej kobiety. Magiczna moc morganitu &#8211; dzia\u0142a jako talizman r\u00f3wnowagi duszy. Uwa\u017ca si\u0119, \u017ce kamie\u0144 ten przyci\u0105ga szcz\u0119\u015bcie, pomaga odnale\u017a\u0107 mi\u0142o\u015b\u0107 i odkrywa ukryte talenty, przynosi sukces w pracy, tw\u00f3rcom \u2014 inspiracj\u0119, jest domowym anio\u0142em str\u00f3\u017cem. Morganit chroni przed negatywnymi wp\u0142ywami energetycznymi &#8211; urokami lub zazdro\u015bci\u0105, a nawet przed nieszcz\u0119\u015bliwymi wypadkami. Morganit pasuje do wszystkich znak\u00f3w zodiaku, ale najbardziej do Byka, Skorpiona, Ryb i Raka, Strzelca, Lwa, Bli\u017ani\u0105t, Wodnika, Wagi.<\/p>\n<p>\u2022 Z\u0142oto kolczyk\u00f3w: 18 karat\u00f3w (pr\u00f3ba 750)\u00a0<\/p>\n<p>\u2022 Kolor kolczyk\u00f3w: czerwone z\u0142oto\u00a0 \u00a0 \u00a0<\/p>\n<p>\u2022 Waga kolczyk\u00f3w: oko\u0142o 3,00 &#8211; 4,00 g\u00a0 \u00a0<\/p>\n<p>\u2022 Rodzaj diamentu: Naturalny diament\u00a0<\/p>\n<p>\u2022 Kszta\u0142t diamentu: Okr\u0105g\u0142y (Round cut)\u00a0<\/p>\n<p>\u2022 Charakterystyka diamentu: 0,10 ct, kolor G-H (RW-W); czysto\u015b\u0107 SI\u00a0<\/p>\n<p>\u2022 Kamie\u0144 centralny: morganity o szlifie prostok\u0105tnym &#8211; 6.00 ct\u00a0 \u00a0<\/p>\n<p>\u2022 Certyfikat: Litewska Izba Probiercza (LPR)\u00a0 \u00a0<\/p>\n<p>\u2022 Wymiary: h:24,8 mm, w:9,1 mm, th:4,5 mm<\/p>\n<p>\u2022 Grawerowanie gratis\u00a0<\/p>\n<p>\u2022 Jednorazowa bezp\u0142atna gwarancja zmiany rozmiaru\u00a0<\/p>\n<p>\u2022 Termin produkcji i dostawy od 21 dni roboczych, w trybie pilnym w ci\u0105gu 3 dni roboczych.\u00a0<\/p>\n<p><strong>Masz w\u0142asne z\u0142oto? Skontaktuj si\u0119 z nami, przeliczymy cen\u0119 &#8211; zap\u0142acisz tylko za wykonanie kolczyk\u00f3w.<\/strong><\/p>\n","protected":false},"excerpt":{"rendered":"<p>Z\u0142ote kolczyki o nowoczesnym designie z angielskim zapi\u0119ciem, z r\u00f3\u017cowymi morganitami o masie 6,00 karat\u00f3w w kszta\u0142cie prostok\u0105ta i diamentami wok\u00f3\u0142 morganitu. Idealne na co dzie\u0144 i na specjalne okazje, dla wyj\u0105tkowego stylu.<\/p>\n","protected":false},"featured_media":240246,"template":"","meta":{"site-sidebar-layout":"","site-content-layout":"","ast-site-content-layout":"","site-content-style":"","site-sidebar-style":"","ast-global-header-display":"","ast-banner-title-visibility":"","ast-main-header-display":"","ast-hfb-above-header-display":"","ast-hfb-below-header-display":"","ast-hfb-mobile-header-display":"","site-post-title":"","ast-breadcrumbs-content":"","ast-featured-img":"","footer-sml-layout":"","ast-disable-related-posts":"","theme-transparent-header-meta":"","adv-header-id-meta":"","stick-header-meta":"","header-above-stick-meta":"","header-main-stick-meta":"","header-below-stick-meta":"","astra-migrate-meta-layouts":"default","ast-page-background-enabled":"default","ast-page-background-meta":{"desktop":{"background-color":"var(--ast-global-color-4)","background-image":"","background-repeat":"repeat","background-position":"center center","background-size":"auto","background-attachment":"scroll","background-type":"","background-media":"","overlay-type":"","overlay-color":"","overlay-opacity":"","overlay-gradient":""},"tablet":{"background-color":"","background-image":"","background-repeat":"repeat","background-position":"center center","background-size":"auto","background-attachment":"scroll","background-type":"","background-media":"","overlay-type":"","overlay-color":"","overlay-opacity":"","overlay-gradient":""},"mobile":{"background-color":"","background-image":"","background-repeat":"repeat","background-position":"center center","background-size":"auto","background-attachment":"scroll","background-type":"","background-media":"","overlay-type":"","overlay-color":"","overlay-opacity":"","overlay-gradient":""}},"ast-content-background-meta":{"desktop":{"background-color":"var(--ast-global-color-5)","background-image":"","background-repeat":"repeat","background-position":"center center","background-size":"auto","background-attachment":"scroll","background-type":"","background-media":"","overlay-type":"","overlay-color":"","overlay-opacity":"","overlay-gradient":""},"tablet":{"background-color":"var(--ast-global-color-5)","background-image":"","background-repeat":"repeat","background-position":"center center","background-size":"auto","background-attachment":"scroll","background-type":"","background-media":"","overlay-type":"","overlay-color":"","overlay-opacity":"","overlay-gradient":""},"mobile":{"background-color":"var(--ast-global-color-5)","background-image":"","background-repeat":"repeat","background-position":"center center","background-size":"auto","background-attachment":"scroll","background-type":"","background-media":"","overlay-type":"","overlay-color":"","overlay-opacity":"","overlay-gradient":""}}},"product_brand":[],"product_cat":[3044,2973,2877,3278,3180,3377,2972,2974,2853,2875,2876,2860,2857,2854,2855,3169,2859,2852,3280,3279],"product_tag":[],"class_list":{"0":"post-276324","1":"product","2":"type-product","3":"status-publish","4":"has-post-thumbnail","6":"product_cat-bizuteria","7":"product_cat-bizuteria-z-czerwonego-zlota","8":"product_cat-bizuteria-z-kamieniami-polszlachetnymi","9":"product_cat-bizuteria-z-rozowymi-kamieniami-szlachetnymi","10":"product_cat-kolczyki-okazyjne","11":"product_cat-kolczyki-z-angielskim-zapieciem","12":"product_cat-kolczyki-z-diamentami","13":"product_cat-kolczyki-z-kamieniami-szlachetnymi","14":"product_cat-prezenty-dla-kobiet","15":"product_cat-prezenty-na-dzien-matki","16":"product_cat-prezenty-na-walentynki","17":"product_cat-prezenty-na-wyjatkowe-okazje","18":"product_cat-prezenty-swiateczne","19":"product_cat-prezenty-z-okazji-narodzin-dziecka","20":"product_cat-prezenty-z-okazji-rocznicy-slubu","21":"product_cat-prezenty-z-okazji-slubu","22":"product_cat-prezenty-z-okazji-ukonczenia-szkoly","23":"product_cat-prezenty-z-okazji-urodzin","24":"product_cat-rozane-gody-10-lat","25":"product_cat-rozowe-kamienie-szlachetne","26":"desktop-align-center","27":"tablet-align-left","28":"mobile-align-left","29":"ast-product-gallery-layout-horizontal-slider","30":"ast-product-gallery-with-no-image","31":"ast-product-tabs-layout-accordion","32":"ast-qv-on-image","34":"first","35":"instock","36":"taxable","37":"shipping-taxable","38":"purchasable","39":"product-type-simple"},"yoast_head":"<!-- This site is optimized with the Yoast SEO plugin v26.6 - https:\/\/yoast.com\/wordpress\/plugins\/seo\/ -->\n<title>Kolczyki z diamentami i morganitami (6.10 ct)<\/title>\n<meta name=\"description\" content=\"Kolczyki o nowoczesnym designie z angielskim zapi\u0119ciem, z morganitami o prostok\u0105tnym kszta\u0142cie o masie 6,00 karat\u00f3w oraz diamentami. Pasuj\u0105 na co dzie\u0144 i na specjalne okazje.\" \/>\n<meta name=\"robots\" content=\"index, follow, max-snippet:-1, max-image-preview:large, max-video-preview:-1\" \/>\n<link rel=\"canonical\" href=\"https:\/\/fashiongold.lt\/pl\/papuosalas\/morganity-kolczyki-z-diamentami-i-morganitami-o-szlifie-prostokatnym-6-10-ct\/\" \/>\n<meta property=\"og:locale\" content=\"pl_PL\" \/>\n<meta property=\"og:type\" content=\"article\" \/>\n<meta property=\"og:title\" content=\"Kolczyki z diamentami i morganitami (6.10 ct)\" \/>\n<meta property=\"og:description\" content=\"Kolczyki o nowoczesnym designie z angielskim zapi\u0119ciem, z morganitami o prostok\u0105tnym kszta\u0142cie o masie 6,00 karat\u00f3w oraz diamentami. Pasuj\u0105 na co dzie\u0144 i na specjalne okazje.\" \/>\n<meta property=\"og:url\" content=\"https:\/\/fashiongold.lt\/pl\/papuosalas\/morganity-kolczyki-z-diamentami-i-morganitami-o-szlifie-prostokatnym-6-10-ct\/\" \/>\n<meta property=\"og:site_name\" content=\"FashionGold.lt\" \/>\n<meta property=\"article:modified_time\" content=\"2026-02-11T20:48:26+00:00\" \/>\n<meta property=\"og:image\" content=\"https:\/\/fashiongold.lt\/wp-content\/uploads\/2025\/10\/13378-da5-Morganitai-auskarai-su-deimantais-ir-staciakampio-formos-morganitais-6.10-ct.webp\" \/>\n\t<meta property=\"og:image:width\" content=\"1000\" \/>\n\t<meta property=\"og:image:height\" content=\"1000\" \/>\n\t<meta property=\"og:image:type\" content=\"image\/png\" \/>\n<meta name=\"twitter:card\" content=\"summary_large_image\" \/>\n<meta name=\"twitter:label1\" content=\"Szacowany czas czytania\" \/>\n\t<meta name=\"twitter:data1\" content=\"1 minuta\" \/>\n<script type=\"application\/ld+json\" class=\"yoast-schema-graph\">{\"@context\":\"https:\/\/schema.org\",\"@graph\":[{\"@type\":\"WebPage\",\"@id\":\"https:\/\/fashiongold.lt\/pl\/papuosalas\/morganity-kolczyki-z-diamentami-i-morganitami-o-szlifie-prostokatnym-6-10-ct\/\",\"url\":\"https:\/\/fashiongold.lt\/pl\/papuosalas\/morganity-kolczyki-z-diamentami-i-morganitami-o-szlifie-prostokatnym-6-10-ct\/\",\"name\":\"Kolczyki z diamentami i morganitami (6.10 ct)\",\"isPartOf\":{\"@id\":\"https:\/\/fashiongold.lt\/pl\/#website\"},\"primaryImageOfPage\":{\"@id\":\"https:\/\/fashiongold.lt\/pl\/papuosalas\/morganity-kolczyki-z-diamentami-i-morganitami-o-szlifie-prostokatnym-6-10-ct\/#primaryimage\"},\"image\":{\"@id\":\"https:\/\/fashiongold.lt\/pl\/papuosalas\/morganity-kolczyki-z-diamentami-i-morganitami-o-szlifie-prostokatnym-6-10-ct\/#primaryimage\"},\"thumbnailUrl\":\"https:\/\/fashiongold.lt\/wp-content\/uploads\/2025\/10\/13378-da5-Morganitai-auskarai-su-deimantais-ir-staciakampio-formos-morganitais-6.10-ct.png\",\"datePublished\":\"2025-10-23T07:39:54+00:00\",\"dateModified\":\"2026-02-11T20:48:26+00:00\",\"description\":\"Kolczyki o nowoczesnym designie z angielskim zapi\u0119ciem, z morganitami o prostok\u0105tnym kszta\u0142cie o masie 6,00 karat\u00f3w oraz diamentami. Pasuj\u0105 na co dzie\u0144 i na specjalne okazje.\",\"breadcrumb\":{\"@id\":\"https:\/\/fashiongold.lt\/pl\/papuosalas\/morganity-kolczyki-z-diamentami-i-morganitami-o-szlifie-prostokatnym-6-10-ct\/#breadcrumb\"},\"inLanguage\":\"pl-PL\",\"potentialAction\":[{\"@type\":\"ReadAction\",\"target\":[\"https:\/\/fashiongold.lt\/pl\/papuosalas\/morganity-kolczyki-z-diamentami-i-morganitami-o-szlifie-prostokatnym-6-10-ct\/\"]}]},{\"@type\":\"ImageObject\",\"inLanguage\":\"pl-PL\",\"@id\":\"https:\/\/fashiongold.lt\/pl\/papuosalas\/morganity-kolczyki-z-diamentami-i-morganitami-o-szlifie-prostokatnym-6-10-ct\/#primaryimage\",\"url\":\"https:\/\/fashiongold.lt\/wp-content\/uploads\/2025\/10\/13378-da5-Morganitai-auskarai-su-deimantais-ir-staciakampio-formos-morganitais-6.10-ct.png\",\"contentUrl\":\"https:\/\/fashiongold.lt\/wp-content\/uploads\/2025\/10\/13378-da5-Morganitai-auskarai-su-deimantais-ir-staciakampio-formos-morganitais-6.10-ct.png\",\"width\":1000,\"height\":1000},{\"@type\":\"BreadcrumbList\",\"@id\":\"https:\/\/fashiongold.lt\/pl\/papuosalas\/morganity-kolczyki-z-diamentami-i-morganitami-o-szlifie-prostokatnym-6-10-ct\/#breadcrumb\",\"itemListElement\":[{\"@type\":\"ListItem\",\"position\":1,\"name\":\"Home\",\"item\":\"https:\/\/fashiongold.lt\/pl\/\"},{\"@type\":\"ListItem\",\"position\":2,\"name\":\"Sklep z diamentami Fashiongold.lt\",\"item\":\"https:\/\/fashiongold.lt\/shop-2\/\"},{\"@type\":\"ListItem\",\"position\":3,\"name\":\"Morganity &#8211; kolczyki z diamentami i morganitami o szlifie prostok\u0105tnym (6.10 ct)\"}]},{\"@type\":\"WebSite\",\"@id\":\"https:\/\/fashiongold.lt\/pl\/#website\",\"url\":\"https:\/\/fashiongold.lt\/pl\/\",\"name\":\"Fashion Gold\",\"description\":\"Juvelyrikos namai\",\"publisher\":{\"@id\":\"https:\/\/fashiongold.lt\/pl\/#organization\"},\"potentialAction\":[{\"@type\":\"SearchAction\",\"target\":{\"@type\":\"EntryPoint\",\"urlTemplate\":\"https:\/\/fashiongold.lt\/pl\/?s={search_term_string}\"},\"query-input\":{\"@type\":\"PropertyValueSpecification\",\"valueRequired\":true,\"valueName\":\"search_term_string\"}}],\"inLanguage\":\"pl-PL\"},{\"@type\":\"Organization\",\"@id\":\"https:\/\/fashiongold.lt\/pl\/#organization\",\"name\":\"Topdiamonds Online\",\"url\":\"https:\/\/fashiongold.lt\/pl\/\",\"logo\":{\"@type\":\"ImageObject\",\"inLanguage\":\"pl-PL\",\"@id\":\"https:\/\/fashiongold.lt\/pl\/#\/schema\/logo\/image\/\",\"url\":\"https:\/\/fashiongold.lt\/wp-content\/uploads\/2025\/04\/cropped-fashion_gold_logotipas2-scaled-1.png\",\"contentUrl\":\"https:\/\/fashiongold.lt\/wp-content\/uploads\/2025\/04\/cropped-fashion_gold_logotipas2-scaled-1.png\",\"width\":2559,\"height\":421,\"caption\":\"Topdiamonds Online\"},\"image\":{\"@id\":\"https:\/\/fashiongold.lt\/pl\/#\/schema\/logo\/image\/\"}}]}<\/script>\n<!-- \/ Yoast SEO plugin. -->","yoast_head_json":{"title":"Kolczyki z diamentami i morganitami (6.10 ct)","description":"Kolczyki o nowoczesnym designie z angielskim zapi\u0119ciem, z morganitami o prostok\u0105tnym kszta\u0142cie o masie 6,00 karat\u00f3w oraz diamentami. Pasuj\u0105 na co dzie\u0144 i na specjalne okazje.","robots":{"index":"index","follow":"follow","max-snippet":"max-snippet:-1","max-image-preview":"max-image-preview:large","max-video-preview":"max-video-preview:-1"},"canonical":"https:\/\/fashiongold.lt\/pl\/papuosalas\/morganity-kolczyki-z-diamentami-i-morganitami-o-szlifie-prostokatnym-6-10-ct\/","og_locale":"pl_PL","og_type":"article","og_title":"Kolczyki z diamentami i morganitami (6.10 ct)","og_description":"Kolczyki o nowoczesnym designie z angielskim zapi\u0119ciem, z morganitami o prostok\u0105tnym kszta\u0142cie o masie 6,00 karat\u00f3w oraz diamentami. Pasuj\u0105 na co dzie\u0144 i na specjalne okazje.","og_url":"https:\/\/fashiongold.lt\/pl\/papuosalas\/morganity-kolczyki-z-diamentami-i-morganitami-o-szlifie-prostokatnym-6-10-ct\/","og_site_name":"FashionGold.lt","article_modified_time":"2026-02-11T20:48:26+00:00","og_image":[{"width":1000,"height":1000,"url":"https:\/\/fashiongold.lt\/wp-content\/uploads\/2025\/10\/13378-da5-Morganitai-auskarai-su-deimantais-ir-staciakampio-formos-morganitais-6.10-ct.webp","type":"image\/png"}],"twitter_card":"summary_large_image","twitter_misc":{"Szacowany czas czytania":"1 minuta"},"schema":{"@context":"https:\/\/schema.org","@graph":[{"@type":"WebPage","@id":"https:\/\/fashiongold.lt\/pl\/papuosalas\/morganity-kolczyki-z-diamentami-i-morganitami-o-szlifie-prostokatnym-6-10-ct\/","url":"https:\/\/fashiongold.lt\/pl\/papuosalas\/morganity-kolczyki-z-diamentami-i-morganitami-o-szlifie-prostokatnym-6-10-ct\/","name":"Kolczyki z diamentami i morganitami (6.10 ct)","isPartOf":{"@id":"https:\/\/fashiongold.lt\/pl\/#website"},"primaryImageOfPage":{"@id":"https:\/\/fashiongold.lt\/pl\/papuosalas\/morganity-kolczyki-z-diamentami-i-morganitami-o-szlifie-prostokatnym-6-10-ct\/#primaryimage"},"image":{"@id":"https:\/\/fashiongold.lt\/pl\/papuosalas\/morganity-kolczyki-z-diamentami-i-morganitami-o-szlifie-prostokatnym-6-10-ct\/#primaryimage"},"thumbnailUrl":"https:\/\/fashiongold.lt\/wp-content\/uploads\/2025\/10\/13378-da5-Morganitai-auskarai-su-deimantais-ir-staciakampio-formos-morganitais-6.10-ct.png","datePublished":"2025-10-23T07:39:54+00:00","dateModified":"2026-02-11T20:48:26+00:00","description":"Kolczyki o nowoczesnym designie z angielskim zapi\u0119ciem, z morganitami o prostok\u0105tnym kszta\u0142cie o masie 6,00 karat\u00f3w oraz diamentami. Pasuj\u0105 na co dzie\u0144 i na specjalne okazje.","breadcrumb":{"@id":"https:\/\/fashiongold.lt\/pl\/papuosalas\/morganity-kolczyki-z-diamentami-i-morganitami-o-szlifie-prostokatnym-6-10-ct\/#breadcrumb"},"inLanguage":"pl-PL","potentialAction":[{"@type":"ReadAction","target":["https:\/\/fashiongold.lt\/pl\/papuosalas\/morganity-kolczyki-z-diamentami-i-morganitami-o-szlifie-prostokatnym-6-10-ct\/"]}]},{"@type":"ImageObject","inLanguage":"pl-PL","@id":"https:\/\/fashiongold.lt\/pl\/papuosalas\/morganity-kolczyki-z-diamentami-i-morganitami-o-szlifie-prostokatnym-6-10-ct\/#primaryimage","url":"https:\/\/fashiongold.lt\/wp-content\/uploads\/2025\/10\/13378-da5-Morganitai-auskarai-su-deimantais-ir-staciakampio-formos-morganitais-6.10-ct.png","contentUrl":"https:\/\/fashiongold.lt\/wp-content\/uploads\/2025\/10\/13378-da5-Morganitai-auskarai-su-deimantais-ir-staciakampio-formos-morganitais-6.10-ct.png","width":1000,"height":1000},{"@type":"BreadcrumbList","@id":"https:\/\/fashiongold.lt\/pl\/papuosalas\/morganity-kolczyki-z-diamentami-i-morganitami-o-szlifie-prostokatnym-6-10-ct\/#breadcrumb","itemListElement":[{"@type":"ListItem","position":1,"name":"Home","item":"https:\/\/fashiongold.lt\/pl\/"},{"@type":"ListItem","position":2,"name":"Sklep z diamentami Fashiongold.lt","item":"https:\/\/fashiongold.lt\/shop-2\/"},{"@type":"ListItem","position":3,"name":"Morganity &#8211; kolczyki z diamentami i morganitami o szlifie prostok\u0105tnym (6.10 ct)"}]},{"@type":"WebSite","@id":"https:\/\/fashiongold.lt\/pl\/#website","url":"https:\/\/fashiongold.lt\/pl\/","name":"Fashion Gold","description":"Juvelyrikos namai","publisher":{"@id":"https:\/\/fashiongold.lt\/pl\/#organization"},"potentialAction":[{"@type":"SearchAction","target":{"@type":"EntryPoint","urlTemplate":"https:\/\/fashiongold.lt\/pl\/?s={search_term_string}"},"query-input":{"@type":"PropertyValueSpecification","valueRequired":true,"valueName":"search_term_string"}}],"inLanguage":"pl-PL"},{"@type":"Organization","@id":"https:\/\/fashiongold.lt\/pl\/#organization","name":"Topdiamonds Online","url":"https:\/\/fashiongold.lt\/pl\/","logo":{"@type":"ImageObject","inLanguage":"pl-PL","@id":"https:\/\/fashiongold.lt\/pl\/#\/schema\/logo\/image\/","url":"https:\/\/fashiongold.lt\/wp-content\/uploads\/2025\/04\/cropped-fashion_gold_logotipas2-scaled-1.png","contentUrl":"https:\/\/fashiongold.lt\/wp-content\/uploads\/2025\/04\/cropped-fashion_gold_logotipas2-scaled-1.png","width":2559,"height":421,"caption":"Topdiamonds Online"},"image":{"@id":"https:\/\/fashiongold.lt\/pl\/#\/schema\/logo\/image\/"}}]}},"_links":{"self":[{"href":"https:\/\/fashiongold.lt\/pl\/wp-json\/wp\/v2\/product\/276324","targetHints":{"allow":["GET"]}}],"collection":[{"href":"https:\/\/fashiongold.lt\/pl\/wp-json\/wp\/v2\/product"}],"about":[{"href":"https:\/\/fashiongold.lt\/pl\/wp-json\/wp\/v2\/types\/product"}],"version-history":[{"count":0,"href":"https:\/\/fashiongold.lt\/pl\/wp-json\/wp\/v2\/product\/276324\/revisions"}],"wp:featuredmedia":[{"embeddable":true,"href":"https:\/\/fashiongold.lt\/pl\/wp-json\/wp\/v2\/media\/240246"}],"wp:attachment":[{"href":"https:\/\/fashiongold.lt\/pl\/wp-json\/wp\/v2\/media?parent=276324"}],"wp:term":[{"taxonomy":"product_brand","embeddable":true,"href":"https:\/\/fashiongold.lt\/pl\/wp-json\/wp\/v2\/product_brand?post=276324"},{"taxonomy":"product_cat","embeddable":true,"href":"https:\/\/fashiongold.lt\/pl\/wp-json\/wp\/v2\/product_cat?post=276324"},{"taxonomy":"product_tag","embeddable":true,"href":"https:\/\/fashiongold.lt\/pl\/wp-json\/wp\/v2\/product_tag?post=276324"}],"curies":[{"name":"wp","href":"https:\/\/api.w.org\/{rel}","templated":true}]}}