{"id":276740,"date":"2025-10-23T07:44:15","date_gmt":"2025-10-23T07:44:15","guid":{"rendered":"https:\/\/fashiongold.lt\/papuosalas\/kolczyki-sztyfty-z-diamentami-diamenty-0-25-ct\/"},"modified":"2026-02-11T20:40:02","modified_gmt":"2026-02-11T20:40:02","slug":"kolczyki-sztyfty-z-diamentami-diamenty-0-25-ct","status":"publish","type":"product","link":"https:\/\/fashiongold.lt\/pl\/papuosalas\/kolczyki-sztyfty-z-diamentami-diamenty-0-25-ct\/","title":{"rendered":"Kolczyki sztyfty z diamentami &#8211; Diamenty (0.25 ct)"},"content":{"rendered":"<h2><span style=\"color: #222222; font-family: Arial, Helvetica, sans-serif; font-size: small; background-color: #ffffff;\">Kolczyki sztyfty z diamentami &#8211; Diamenty (0.25 ct) <\/span><\/h2>\n<h3 style=\"color: #222222; font-family: Arial, Helvetica, sans-serif; font-size: small;\">Z\u0142ote kolczyki sztyfty o klasycznym wzornictwie z diamentami o \u0142\u0105cznej masie 0,25 karata. Naturalne diamenty.<\/h3>\n<p>Wykonane w Niemczech z wysokiej jako\u015bci kamieni szlachetnych. Kolczyki o niepowtarzalnym pi\u0119knie, wyj\u0105tkowym stylu i wysokiej jako\u015bci. Kolczyki mog\u0105 by\u0107 wykonane na zam\u00f3wienie w kolorze czerwonego, \u017c\u00f3\u0142tego lub bia\u0142ego z\u0142ota. <\/p>\n<p>\u2022 Pr\u00f3ba z\u0142ota kolczyk\u00f3w: 14 karat\u00f3w (pr\u00f3ba 585), 18 karat\u00f3w (pr\u00f3ba 750)<\/p>\n<p>\u2022 Kolor kolczyk\u00f3w: bia\u0142e, \u017c\u00f3\u0142te, czerwone z\u0142oto <\/p>\n<p>\u2022 Waga kolczyk\u00f3w: oko\u0142o 1.00 &#8211; 1.50 g <\/p>\n<p>\u2022 Rodzaj diamentu: Naturalny diament <\/p>\n<p>\u2022 Kszta\u0142t diamentu: Okr\u0105g\u0142y (szlif brylantowy \/ Round cut) <\/p>\n<p>\u2022 Charakterystyka diamentu: 0.25 ct, barwa G-H (RW-W); czysto\u015b\u0107 SI <\/p>\n<p>\u2022 Certyfikat: Litewska Izba Probiercza (LPR) <\/p>\n<p>\u2022 Wymiary kolczyk\u00f3w: \u00d8: 3,5 mm<\/p>\n<p>\u2022 Termin produkcji i dostawy od 14 dni roboczych, w trybie pilnym w ci\u0105gu 3 dni roboczych. <\/p>\n<p><strong>Masz w\u0142asne z\u0142oto? Skontaktuj si\u0119 z nami, przeliczymy cen\u0119 \u2013 zap\u0142acisz tylko za wykonanie kolczyk\u00f3w.<\/strong><\/p>\n","protected":false},"excerpt":{"rendered":"<p>Z\u0142ote kolczyki sztyfty o klasycznym wzornictwie z diamentami o \u0142\u0105cznej masie 0,25 karata. Odpowiednie na co dzie\u0144 i na specjalne okazje, dla wyj\u0105tkowego stylu.<\/p>\n","protected":false},"featured_media":214724,"template":"","meta":{"site-sidebar-layout":"","site-content-layout":"","ast-site-content-layout":"","site-content-style":"","site-sidebar-style":"","ast-global-header-display":"","ast-banner-title-visibility":"","ast-main-header-display":"","ast-hfb-above-header-display":"","ast-hfb-below-header-display":"","ast-hfb-mobile-header-display":"","site-post-title":"","ast-breadcrumbs-content":"","ast-featured-img":"","footer-sml-layout":"","ast-disable-related-posts":"","theme-transparent-header-meta":"","adv-header-id-meta":"","stick-header-meta":"","header-above-stick-meta":"","header-main-stick-meta":"","header-below-stick-meta":"","astra-migrate-meta-layouts":"default","ast-page-background-enabled":"default","ast-page-background-meta":{"desktop":{"background-color":"var(--ast-global-color-4)","background-image":"","background-repeat":"repeat","background-position":"center center","background-size":"auto","background-attachment":"scroll","background-type":"","background-media":"","overlay-type":"","overlay-color":"","overlay-opacity":"","overlay-gradient":""},"tablet":{"background-color":"","background-image":"","background-repeat":"repeat","background-position":"center center","background-size":"auto","background-attachment":"scroll","background-type":"","background-media":"","overlay-type":"","overlay-color":"","overlay-opacity":"","overlay-gradient":""},"mobile":{"background-color":"","background-image":"","background-repeat":"repeat","background-position":"center center","background-size":"auto","background-attachment":"scroll","background-type":"","background-media":"","overlay-type":"","overlay-color":"","overlay-opacity":"","overlay-gradient":""}},"ast-content-background-meta":{"desktop":{"background-color":"var(--ast-global-color-5)","background-image":"","background-repeat":"repeat","background-position":"center center","background-size":"auto","background-attachment":"scroll","background-type":"","background-media":"","overlay-type":"","overlay-color":"","overlay-opacity":"","overlay-gradient":""},"tablet":{"background-color":"var(--ast-global-color-5)","background-image":"","background-repeat":"repeat","background-position":"center center","background-size":"auto","background-attachment":"scroll","background-type":"","background-media":"","overlay-type":"","overlay-color":"","overlay-opacity":"","overlay-gradient":""},"mobile":{"background-color":"var(--ast-global-color-5)","background-image":"","background-repeat":"repeat","background-position":"center center","background-size":"auto","background-attachment":"scroll","background-type":"","background-media":"","overlay-type":"","overlay-color":"","overlay-opacity":"","overlay-gradient":""}}},"product_brand":[],"product_cat":[3044,2858,3170,2975,2972,3166,2853,3165,2875,2876,2860,2857,2854,2855,3169,2859,2852],"product_tag":[],"class_list":{"0":"post-276740","1":"product","2":"type-product","3":"status-publish","4":"has-post-thumbnail","6":"product_cat-bizuteria","7":"product_cat-bizuteria-z-bialego-zlota","8":"product_cat-kolczyki-dla-dziewczynek-kolczyki-dzieciece","9":"product_cat-kolczyki-sztyfty","10":"product_cat-kolczyki-z-diamentami","11":"product_cat-prezent-z-okazji-pierwszej-komunii-swietej","12":"product_cat-prezenty-dla-kobiet","13":"product_cat-prezenty-na-chrzest","14":"product_cat-prezenty-na-dzien-matki","15":"product_cat-prezenty-na-walentynki","16":"product_cat-prezenty-na-wyjatkowe-okazje","17":"product_cat-prezenty-swiateczne","18":"product_cat-prezenty-z-okazji-narodzin-dziecka","19":"product_cat-prezenty-z-okazji-rocznicy-slubu","20":"product_cat-prezenty-z-okazji-slubu","21":"product_cat-prezenty-z-okazji-ukonczenia-szkoly","22":"product_cat-prezenty-z-okazji-urodzin","23":"desktop-align-center","24":"tablet-align-left","25":"mobile-align-left","26":"ast-product-gallery-layout-horizontal-slider","27":"ast-product-gallery-with-no-image","28":"ast-product-single-variable","29":"ast-product-tabs-layout-accordion","30":"ast-qv-on-image","32":"first","33":"instock","34":"taxable","35":"shipping-taxable","36":"purchasable","37":"product-type-variable","38":"has-default-attributes"},"yoast_head":"<!-- This site is optimized with the Yoast SEO plugin v26.6 - https:\/\/yoast.com\/wordpress\/plugins\/seo\/ -->\n<title>Kolczyki sztyfty z diamentami - Diamenty (0.25 ct)<\/title>\n<meta name=\"description\" content=\"Z\u0142ote kolczyki sztyfty o klasycznym wzornictwie z diamentami o \u0142\u0105cznej masie 0,25 karata. Idealne na co dzie\u0144 i na wyj\u0105tkowe okazje, dla wyj\u0105tkowego stylu.\" \/>\n<meta name=\"robots\" content=\"index, follow, max-snippet:-1, max-image-preview:large, max-video-preview:-1\" \/>\n<link rel=\"canonical\" href=\"https:\/\/fashiongold.lt\/pl\/papuosalas\/kolczyki-sztyfty-z-diamentami-diamenty-0-25-ct\/\" \/>\n<meta property=\"og:locale\" content=\"pl_PL\" \/>\n<meta property=\"og:type\" content=\"article\" \/>\n<meta property=\"og:title\" content=\"Kolczyki sztyfty z diamentami - Diamenty (0.25 ct)\" \/>\n<meta property=\"og:description\" content=\"Z\u0142ote kolczyki sztyfty o klasycznym wzornictwie z diamentami o \u0142\u0105cznej masie 0,25 karata. Idealne na co dzie\u0144 i na wyj\u0105tkowe okazje, dla wyj\u0105tkowego stylu.\" \/>\n<meta property=\"og:url\" content=\"https:\/\/fashiongold.lt\/pl\/papuosalas\/kolczyki-sztyfty-z-diamentami-diamenty-0-25-ct\/\" \/>\n<meta property=\"og:site_name\" content=\"FashionGold.lt\" \/>\n<meta property=\"article:modified_time\" content=\"2026-02-11T20:40:02+00:00\" \/>\n<meta property=\"og:image\" content=\"https:\/\/fashiongold.lt\/wp-content\/uploads\/2025\/10\/13639-1c2-balto-aukso-Auskarai-vinukai-su-deimantais-Deimantai-0.25-ct.webp\" \/>\n\t<meta property=\"og:image:width\" content=\"1000\" \/>\n\t<meta property=\"og:image:height\" content=\"1000\" \/>\n\t<meta property=\"og:image:type\" content=\"image\/png\" \/>\n<meta name=\"twitter:card\" content=\"summary_large_image\" \/>\n<meta name=\"twitter:label1\" content=\"Szacowany czas czytania\" \/>\n\t<meta name=\"twitter:data1\" content=\"1 minuta\" \/>\n<script type=\"application\/ld+json\" class=\"yoast-schema-graph\">{\"@context\":\"https:\/\/schema.org\",\"@graph\":[{\"@type\":\"WebPage\",\"@id\":\"https:\/\/fashiongold.lt\/pl\/papuosalas\/kolczyki-sztyfty-z-diamentami-diamenty-0-25-ct\/\",\"url\":\"https:\/\/fashiongold.lt\/pl\/papuosalas\/kolczyki-sztyfty-z-diamentami-diamenty-0-25-ct\/\",\"name\":\"Kolczyki sztyfty z diamentami - Diamenty (0.25 ct)\",\"isPartOf\":{\"@id\":\"https:\/\/fashiongold.lt\/pl\/#website\"},\"primaryImageOfPage\":{\"@id\":\"https:\/\/fashiongold.lt\/pl\/papuosalas\/kolczyki-sztyfty-z-diamentami-diamenty-0-25-ct\/#primaryimage\"},\"image\":{\"@id\":\"https:\/\/fashiongold.lt\/pl\/papuosalas\/kolczyki-sztyfty-z-diamentami-diamenty-0-25-ct\/#primaryimage\"},\"thumbnailUrl\":\"https:\/\/fashiongold.lt\/wp-content\/uploads\/2025\/10\/13639-1c2-balto-aukso-Auskarai-vinukai-su-deimantais-Deimantai-0.25-ct.png\",\"datePublished\":\"2025-10-23T07:44:15+00:00\",\"dateModified\":\"2026-02-11T20:40:02+00:00\",\"description\":\"Z\u0142ote kolczyki sztyfty o klasycznym wzornictwie z diamentami o \u0142\u0105cznej masie 0,25 karata. Idealne na co dzie\u0144 i na wyj\u0105tkowe okazje, dla wyj\u0105tkowego stylu.\",\"breadcrumb\":{\"@id\":\"https:\/\/fashiongold.lt\/pl\/papuosalas\/kolczyki-sztyfty-z-diamentami-diamenty-0-25-ct\/#breadcrumb\"},\"inLanguage\":\"pl-PL\",\"potentialAction\":[{\"@type\":\"ReadAction\",\"target\":[\"https:\/\/fashiongold.lt\/pl\/papuosalas\/kolczyki-sztyfty-z-diamentami-diamenty-0-25-ct\/\"]}]},{\"@type\":\"ImageObject\",\"inLanguage\":\"pl-PL\",\"@id\":\"https:\/\/fashiongold.lt\/pl\/papuosalas\/kolczyki-sztyfty-z-diamentami-diamenty-0-25-ct\/#primaryimage\",\"url\":\"https:\/\/fashiongold.lt\/wp-content\/uploads\/2025\/10\/13639-1c2-balto-aukso-Auskarai-vinukai-su-deimantais-Deimantai-0.25-ct.png\",\"contentUrl\":\"https:\/\/fashiongold.lt\/wp-content\/uploads\/2025\/10\/13639-1c2-balto-aukso-Auskarai-vinukai-su-deimantais-Deimantai-0.25-ct.png\",\"width\":1000,\"height\":1000},{\"@type\":\"BreadcrumbList\",\"@id\":\"https:\/\/fashiongold.lt\/pl\/papuosalas\/kolczyki-sztyfty-z-diamentami-diamenty-0-25-ct\/#breadcrumb\",\"itemListElement\":[{\"@type\":\"ListItem\",\"position\":1,\"name\":\"Home\",\"item\":\"https:\/\/fashiongold.lt\/pl\/\"},{\"@type\":\"ListItem\",\"position\":2,\"name\":\"Sklep z diamentami Fashiongold.lt\",\"item\":\"https:\/\/fashiongold.lt\/shop-2\/\"},{\"@type\":\"ListItem\",\"position\":3,\"name\":\"Kolczyki sztyfty z diamentami &#8211; Diamenty (0.25 ct)\"}]},{\"@type\":\"WebSite\",\"@id\":\"https:\/\/fashiongold.lt\/pl\/#website\",\"url\":\"https:\/\/fashiongold.lt\/pl\/\",\"name\":\"Fashion Gold\",\"description\":\"Juvelyrikos namai\",\"publisher\":{\"@id\":\"https:\/\/fashiongold.lt\/pl\/#organization\"},\"potentialAction\":[{\"@type\":\"SearchAction\",\"target\":{\"@type\":\"EntryPoint\",\"urlTemplate\":\"https:\/\/fashiongold.lt\/pl\/?s={search_term_string}\"},\"query-input\":{\"@type\":\"PropertyValueSpecification\",\"valueRequired\":true,\"valueName\":\"search_term_string\"}}],\"inLanguage\":\"pl-PL\"},{\"@type\":\"Organization\",\"@id\":\"https:\/\/fashiongold.lt\/pl\/#organization\",\"name\":\"Topdiamonds Online\",\"url\":\"https:\/\/fashiongold.lt\/pl\/\",\"logo\":{\"@type\":\"ImageObject\",\"inLanguage\":\"pl-PL\",\"@id\":\"https:\/\/fashiongold.lt\/pl\/#\/schema\/logo\/image\/\",\"url\":\"https:\/\/fashiongold.lt\/wp-content\/uploads\/2025\/04\/cropped-fashion_gold_logotipas2-scaled-1.png\",\"contentUrl\":\"https:\/\/fashiongold.lt\/wp-content\/uploads\/2025\/04\/cropped-fashion_gold_logotipas2-scaled-1.png\",\"width\":2559,\"height\":421,\"caption\":\"Topdiamonds Online\"},\"image\":{\"@id\":\"https:\/\/fashiongold.lt\/pl\/#\/schema\/logo\/image\/\"}}]}<\/script>\n<!-- \/ Yoast SEO plugin. -->","yoast_head_json":{"title":"Kolczyki sztyfty z diamentami - Diamenty (0.25 ct)","description":"Z\u0142ote kolczyki sztyfty o klasycznym wzornictwie z diamentami o \u0142\u0105cznej masie 0,25 karata. Idealne na co dzie\u0144 i na wyj\u0105tkowe okazje, dla wyj\u0105tkowego stylu.","robots":{"index":"index","follow":"follow","max-snippet":"max-snippet:-1","max-image-preview":"max-image-preview:large","max-video-preview":"max-video-preview:-1"},"canonical":"https:\/\/fashiongold.lt\/pl\/papuosalas\/kolczyki-sztyfty-z-diamentami-diamenty-0-25-ct\/","og_locale":"pl_PL","og_type":"article","og_title":"Kolczyki sztyfty z diamentami - Diamenty (0.25 ct)","og_description":"Z\u0142ote kolczyki sztyfty o klasycznym wzornictwie z diamentami o \u0142\u0105cznej masie 0,25 karata. Idealne na co dzie\u0144 i na wyj\u0105tkowe okazje, dla wyj\u0105tkowego stylu.","og_url":"https:\/\/fashiongold.lt\/pl\/papuosalas\/kolczyki-sztyfty-z-diamentami-diamenty-0-25-ct\/","og_site_name":"FashionGold.lt","article_modified_time":"2026-02-11T20:40:02+00:00","og_image":[{"width":1000,"height":1000,"url":"https:\/\/fashiongold.lt\/wp-content\/uploads\/2025\/10\/13639-1c2-balto-aukso-Auskarai-vinukai-su-deimantais-Deimantai-0.25-ct.webp","type":"image\/png"}],"twitter_card":"summary_large_image","twitter_misc":{"Szacowany czas czytania":"1 minuta"},"schema":{"@context":"https:\/\/schema.org","@graph":[{"@type":"WebPage","@id":"https:\/\/fashiongold.lt\/pl\/papuosalas\/kolczyki-sztyfty-z-diamentami-diamenty-0-25-ct\/","url":"https:\/\/fashiongold.lt\/pl\/papuosalas\/kolczyki-sztyfty-z-diamentami-diamenty-0-25-ct\/","name":"Kolczyki sztyfty z diamentami - Diamenty (0.25 ct)","isPartOf":{"@id":"https:\/\/fashiongold.lt\/pl\/#website"},"primaryImageOfPage":{"@id":"https:\/\/fashiongold.lt\/pl\/papuosalas\/kolczyki-sztyfty-z-diamentami-diamenty-0-25-ct\/#primaryimage"},"image":{"@id":"https:\/\/fashiongold.lt\/pl\/papuosalas\/kolczyki-sztyfty-z-diamentami-diamenty-0-25-ct\/#primaryimage"},"thumbnailUrl":"https:\/\/fashiongold.lt\/wp-content\/uploads\/2025\/10\/13639-1c2-balto-aukso-Auskarai-vinukai-su-deimantais-Deimantai-0.25-ct.png","datePublished":"2025-10-23T07:44:15+00:00","dateModified":"2026-02-11T20:40:02+00:00","description":"Z\u0142ote kolczyki sztyfty o klasycznym wzornictwie z diamentami o \u0142\u0105cznej masie 0,25 karata. Idealne na co dzie\u0144 i na wyj\u0105tkowe okazje, dla wyj\u0105tkowego stylu.","breadcrumb":{"@id":"https:\/\/fashiongold.lt\/pl\/papuosalas\/kolczyki-sztyfty-z-diamentami-diamenty-0-25-ct\/#breadcrumb"},"inLanguage":"pl-PL","potentialAction":[{"@type":"ReadAction","target":["https:\/\/fashiongold.lt\/pl\/papuosalas\/kolczyki-sztyfty-z-diamentami-diamenty-0-25-ct\/"]}]},{"@type":"ImageObject","inLanguage":"pl-PL","@id":"https:\/\/fashiongold.lt\/pl\/papuosalas\/kolczyki-sztyfty-z-diamentami-diamenty-0-25-ct\/#primaryimage","url":"https:\/\/fashiongold.lt\/wp-content\/uploads\/2025\/10\/13639-1c2-balto-aukso-Auskarai-vinukai-su-deimantais-Deimantai-0.25-ct.png","contentUrl":"https:\/\/fashiongold.lt\/wp-content\/uploads\/2025\/10\/13639-1c2-balto-aukso-Auskarai-vinukai-su-deimantais-Deimantai-0.25-ct.png","width":1000,"height":1000},{"@type":"BreadcrumbList","@id":"https:\/\/fashiongold.lt\/pl\/papuosalas\/kolczyki-sztyfty-z-diamentami-diamenty-0-25-ct\/#breadcrumb","itemListElement":[{"@type":"ListItem","position":1,"name":"Home","item":"https:\/\/fashiongold.lt\/pl\/"},{"@type":"ListItem","position":2,"name":"Sklep z diamentami Fashiongold.lt","item":"https:\/\/fashiongold.lt\/shop-2\/"},{"@type":"ListItem","position":3,"name":"Kolczyki sztyfty z diamentami &#8211; Diamenty (0.25 ct)"}]},{"@type":"WebSite","@id":"https:\/\/fashiongold.lt\/pl\/#website","url":"https:\/\/fashiongold.lt\/pl\/","name":"Fashion Gold","description":"Juvelyrikos namai","publisher":{"@id":"https:\/\/fashiongold.lt\/pl\/#organization"},"potentialAction":[{"@type":"SearchAction","target":{"@type":"EntryPoint","urlTemplate":"https:\/\/fashiongold.lt\/pl\/?s={search_term_string}"},"query-input":{"@type":"PropertyValueSpecification","valueRequired":true,"valueName":"search_term_string"}}],"inLanguage":"pl-PL"},{"@type":"Organization","@id":"https:\/\/fashiongold.lt\/pl\/#organization","name":"Topdiamonds Online","url":"https:\/\/fashiongold.lt\/pl\/","logo":{"@type":"ImageObject","inLanguage":"pl-PL","@id":"https:\/\/fashiongold.lt\/pl\/#\/schema\/logo\/image\/","url":"https:\/\/fashiongold.lt\/wp-content\/uploads\/2025\/04\/cropped-fashion_gold_logotipas2-scaled-1.png","contentUrl":"https:\/\/fashiongold.lt\/wp-content\/uploads\/2025\/04\/cropped-fashion_gold_logotipas2-scaled-1.png","width":2559,"height":421,"caption":"Topdiamonds Online"},"image":{"@id":"https:\/\/fashiongold.lt\/pl\/#\/schema\/logo\/image\/"}}]}},"_links":{"self":[{"href":"https:\/\/fashiongold.lt\/pl\/wp-json\/wp\/v2\/product\/276740","targetHints":{"allow":["GET"]}}],"collection":[{"href":"https:\/\/fashiongold.lt\/pl\/wp-json\/wp\/v2\/product"}],"about":[{"href":"https:\/\/fashiongold.lt\/pl\/wp-json\/wp\/v2\/types\/product"}],"version-history":[{"count":0,"href":"https:\/\/fashiongold.lt\/pl\/wp-json\/wp\/v2\/product\/276740\/revisions"}],"wp:featuredmedia":[{"embeddable":true,"href":"https:\/\/fashiongold.lt\/pl\/wp-json\/wp\/v2\/media\/214724"}],"wp:attachment":[{"href":"https:\/\/fashiongold.lt\/pl\/wp-json\/wp\/v2\/media?parent=276740"}],"wp:term":[{"taxonomy":"product_brand","embeddable":true,"href":"https:\/\/fashiongold.lt\/pl\/wp-json\/wp\/v2\/product_brand?post=276740"},{"taxonomy":"product_cat","embeddable":true,"href":"https:\/\/fashiongold.lt\/pl\/wp-json\/wp\/v2\/product_cat?post=276740"},{"taxonomy":"product_tag","embeddable":true,"href":"https:\/\/fashiongold.lt\/pl\/wp-json\/wp\/v2\/product_tag?post=276740"}],"curies":[{"name":"wp","href":"https:\/\/api.w.org\/{rel}","templated":true}]}}