{"id":276742,"date":"2025-10-23T07:42:46","date_gmt":"2025-10-23T07:42:46","guid":{"rendered":"https:\/\/fashiongold.lt\/papuosalas\/szafiry-kolczyki-sztyfty-z-szafirami-w-ksztalcie-lezki-i-diamentami-1-75-ct\/"},"modified":"2026-02-11T20:06:05","modified_gmt":"2026-02-11T20:06:05","slug":"szafiry-kolczyki-sztyfty-z-szafirami-w-ksztalcie-lezki-i-diamentami-1-75-ct","status":"publish","type":"product","link":"https:\/\/fashiongold.lt\/pl\/papuosalas\/szafiry-kolczyki-sztyfty-z-szafirami-w-ksztalcie-lezki-i-diamentami-1-75-ct\/","title":{"rendered":"Szafiry &#8211; kolczyki sztyfty z szafirami w kszta\u0142cie \u0142ezki i diamentami (1.75 ct)"},"content":{"rendered":"<h2>Kolczyki sztyfty z szafirami w kszta\u0142cie \u0142ezki i diamentami &#8211; Szafiry (1.75 ct)<\/h2>\n<h3>Z\u0142ote kolczyki sztyfty o klasycznym wzornictwie z szafirami w kszta\u0142cie \u0142ezki 1.62 karata i diamentami wok\u00f3\u0142 szafiru. Naturalne diamenty. Szafiry w kszta\u0142cie \u0142ezki &#8211; 1.62 ct.<\/h3>\n<p>Wyprodukowane w Niemczech z wysokiej jako\u015bci kamieni szlachetnych. Kolczyki o niepowtarzalnym pi\u0119knie, wyj\u0105tkowym stylu i wysokiej jako\u015bci. Produkt mo\u017ce zosta\u0107 wykonany na zam\u00f3wienie: z czerwonego, \u017c\u00f3\u0142tego oraz bia\u0142ego z\u0142ota. Szafir jest symbolem si\u0142y, optymizmu i aktywno\u015bci. Magiczna moc szafiru pomaga redukowa\u0107 napi\u0119cie podczas konflikt\u00f3w i rozwi\u0105zywa\u0107 problemy zdrowotne. Szafir jest odpowiedni dla znak\u00f3w zodiaku: Ryby, Waga, Skorpion, Bli\u017ani\u0119ta, Panna, Lew, Baran, Byk, Wodnik, Strzelec.<\/p>\n<p>\u2022 Z\u0142oto kolczyk\u00f3w: 18 karat\u00f3w (pr\u00f3ba 750)<\/p>\n<p>\u2022 Kolor kolczyk\u00f3w: bia\u0142e z\u0142oto<\/p>\n<p>\u2022 Waga kolczyk\u00f3w: oko\u0142o 1.80 &#8211; 2.00 g<\/p>\n<p>\u2022 Rodzaj diamentu: Naturalny diament<\/p>\n<p>\u2022 Kszta\u0142t diamentu: Okr\u0105g\u0142y (Round cut)<\/p>\n<p>\u2022 Charakterystyka diamentu: 0.13 ct, kolor G-H (RW-W); czysto\u015b\u0107 SI<\/p>\n<p>\u2022 Kamie\u0144 centralny: szafiry w kszta\u0142cie \u0142ezki &#8211; 1.62 ct<\/p>\n<p>\u2022 Certyfikat: Litewska Izba Probiercza (LPR)<\/p>\n<p>\u2022 Wymiary kolczyk\u00f3w:<\/p>\n<p>\u2022 Termin wykonania i dostawy od 14 dni roboczych, w trybie pilnym w ci\u0105gu 3 dni roboczych.<\/p>\n<p><strong>Masz w\u0142asne z\u0142oto? Skontaktuj si\u0119 z nami, przeliczymy cen\u0119 \u2013 zap\u0142acisz tylko za wykonanie kolczyk\u00f3w.<\/strong><\/p>\n","protected":false},"excerpt":{"rendered":"<p>Klasyczne z\u0142ote kolczyki sztyfty z szafirami w kszta\u0142cie \u0142ezki o masie 1,62 karata i diamentami wok\u00f3\u0142 szafiru. Odpowiednie na co dzie\u0144 i na specjalne okazje, dla wyj\u0105tkowego stylu.<\/p>\n","protected":false},"featured_media":240766,"template":"","meta":{"site-sidebar-layout":"","site-content-layout":"","ast-site-content-layout":"","site-content-style":"","site-sidebar-style":"","ast-global-header-display":"","ast-banner-title-visibility":"","ast-main-header-display":"","ast-hfb-above-header-display":"","ast-hfb-below-header-display":"","ast-hfb-mobile-header-display":"","site-post-title":"","ast-breadcrumbs-content":"","ast-featured-img":"","footer-sml-layout":"","ast-disable-related-posts":"","theme-transparent-header-meta":"","adv-header-id-meta":"","stick-header-meta":"","header-above-stick-meta":"","header-main-stick-meta":"","header-below-stick-meta":"","astra-migrate-meta-layouts":"default","ast-page-background-enabled":"default","ast-page-background-meta":{"desktop":{"background-color":"var(--ast-global-color-4)","background-image":"","background-repeat":"repeat","background-position":"center center","background-size":"auto","background-attachment":"scroll","background-type":"","background-media":"","overlay-type":"","overlay-color":"","overlay-opacity":"","overlay-gradient":""},"tablet":{"background-color":"","background-image":"","background-repeat":"repeat","background-position":"center center","background-size":"auto","background-attachment":"scroll","background-type":"","background-media":"","overlay-type":"","overlay-color":"","overlay-opacity":"","overlay-gradient":""},"mobile":{"background-color":"","background-image":"","background-repeat":"repeat","background-position":"center center","background-size":"auto","background-attachment":"scroll","background-type":"","background-media":"","overlay-type":"","overlay-color":"","overlay-opacity":"","overlay-gradient":""}},"ast-content-background-meta":{"desktop":{"background-color":"var(--ast-global-color-5)","background-image":"","background-repeat":"repeat","background-position":"center center","background-size":"auto","background-attachment":"scroll","background-type":"","background-media":"","overlay-type":"","overlay-color":"","overlay-opacity":"","overlay-gradient":""},"tablet":{"background-color":"var(--ast-global-color-5)","background-image":"","background-repeat":"repeat","background-position":"center center","background-size":"auto","background-attachment":"scroll","background-type":"","background-media":"","overlay-type":"","overlay-color":"","overlay-opacity":"","overlay-gradient":""},"mobile":{"background-color":"var(--ast-global-color-5)","background-image":"","background-repeat":"repeat","background-position":"center center","background-size":"auto","background-attachment":"scroll","background-type":"","background-media":"","overlay-type":"","overlay-color":"","overlay-opacity":"","overlay-gradient":""}}},"product_brand":[],"product_cat":[3044,2858,2877,2878,3170,3180,2975,2972,2974,3179,2853,3165,2875,2876,2860,2857,2854,2855,3169,2859,2852,2873],"product_tag":[],"class_list":{"0":"post-276742","1":"product","2":"type-product","3":"status-publish","4":"has-post-thumbnail","6":"product_cat-bizuteria","7":"product_cat-bizuteria-z-bialego-zlota","8":"product_cat-bizuteria-z-kamieniami-polszlachetnymi","9":"product_cat-bizuteria-z-niebieskimi-kamieniami-szlachetnymi","10":"product_cat-kolczyki-dla-dziewczynek-kolczyki-dzieciece","11":"product_cat-kolczyki-okazyjne","12":"product_cat-kolczyki-sztyfty","13":"product_cat-kolczyki-z-diamentami","14":"product_cat-kolczyki-z-kamieniami-szlachetnymi","15":"product_cat-niebieski-klejnot","16":"product_cat-prezenty-dla-kobiet","17":"product_cat-prezenty-na-chrzest","18":"product_cat-prezenty-na-dzien-matki","19":"product_cat-prezenty-na-walentynki","20":"product_cat-prezenty-na-wyjatkowe-okazje","21":"product_cat-prezenty-swiateczne","22":"product_cat-prezenty-z-okazji-narodzin-dziecka","23":"product_cat-prezenty-z-okazji-rocznicy-slubu","24":"product_cat-prezenty-z-okazji-slubu","25":"product_cat-prezenty-z-okazji-ukonczenia-szkoly","26":"product_cat-prezenty-z-okazji-urodzin","27":"product_cat-szafir-bizuteria-z-szafirami","28":"desktop-align-center","29":"tablet-align-left","30":"mobile-align-left","31":"ast-product-gallery-layout-horizontal-slider","32":"ast-product-gallery-with-no-image","33":"ast-product-tabs-layout-accordion","34":"ast-qv-on-image","36":"first","37":"instock","38":"taxable","39":"shipping-taxable","40":"purchasable","41":"product-type-simple"},"yoast_head":"<!-- This site is optimized with the Yoast SEO plugin v26.6 - https:\/\/yoast.com\/wordpress\/plugins\/seo\/ -->\n<title>Sztyfty z szafirami w kszta\u0142cie \u0142ezki i diamentami (1.75 ct)<\/title>\n<meta name=\"description\" content=\"Z\u0142ote kolczyki sztyfty z szafirami w kszta\u0142cie \u0142ezki o masie 1,62 karata i diamentami wok\u00f3\u0142 szafiru. Idealne na co dzie\u0144 i na specjalne okazje, dla wyj\u0105tkowego stylu.\" \/>\n<meta name=\"robots\" content=\"index, follow, max-snippet:-1, max-image-preview:large, max-video-preview:-1\" \/>\n<link rel=\"canonical\" href=\"https:\/\/fashiongold.lt\/pl\/papuosalas\/szafiry-kolczyki-sztyfty-z-szafirami-w-ksztalcie-lezki-i-diamentami-1-75-ct\/\" \/>\n<meta property=\"og:locale\" content=\"pl_PL\" \/>\n<meta property=\"og:type\" content=\"article\" \/>\n<meta property=\"og:title\" content=\"Sztyfty z szafirami w kszta\u0142cie \u0142ezki i diamentami (1.75 ct)\" \/>\n<meta property=\"og:description\" content=\"Z\u0142ote kolczyki sztyfty z szafirami w kszta\u0142cie \u0142ezki o masie 1,62 karata i diamentami wok\u00f3\u0142 szafiru. Idealne na co dzie\u0144 i na specjalne okazje, dla wyj\u0105tkowego stylu.\" \/>\n<meta property=\"og:url\" content=\"https:\/\/fashiongold.lt\/pl\/papuosalas\/szafiry-kolczyki-sztyfty-z-szafirami-w-ksztalcie-lezki-i-diamentami-1-75-ct\/\" \/>\n<meta property=\"og:site_name\" content=\"FashionGold.lt\" \/>\n<meta property=\"article:modified_time\" content=\"2026-02-11T20:06:05+00:00\" \/>\n<meta property=\"og:image\" content=\"https:\/\/fashiongold.lt\/wp-content\/uploads\/2025\/10\/13589-b1b-Safyrai-auskarai-vinukai-su-safyrais-laso-formos-ir-deimantais-1.75-ct.webp\" \/>\n\t<meta property=\"og:image:width\" content=\"1000\" \/>\n\t<meta property=\"og:image:height\" content=\"1000\" \/>\n\t<meta property=\"og:image:type\" content=\"image\/png\" \/>\n<meta name=\"twitter:card\" content=\"summary_large_image\" \/>\n<meta name=\"twitter:label1\" content=\"Szacowany czas czytania\" \/>\n\t<meta name=\"twitter:data1\" content=\"1 minuta\" \/>\n<script type=\"application\/ld+json\" class=\"yoast-schema-graph\">{\"@context\":\"https:\/\/schema.org\",\"@graph\":[{\"@type\":\"WebPage\",\"@id\":\"https:\/\/fashiongold.lt\/pl\/papuosalas\/szafiry-kolczyki-sztyfty-z-szafirami-w-ksztalcie-lezki-i-diamentami-1-75-ct\/\",\"url\":\"https:\/\/fashiongold.lt\/pl\/papuosalas\/szafiry-kolczyki-sztyfty-z-szafirami-w-ksztalcie-lezki-i-diamentami-1-75-ct\/\",\"name\":\"Sztyfty z szafirami w kszta\u0142cie \u0142ezki i diamentami (1.75 ct)\",\"isPartOf\":{\"@id\":\"https:\/\/fashiongold.lt\/pl\/#website\"},\"primaryImageOfPage\":{\"@id\":\"https:\/\/fashiongold.lt\/pl\/papuosalas\/szafiry-kolczyki-sztyfty-z-szafirami-w-ksztalcie-lezki-i-diamentami-1-75-ct\/#primaryimage\"},\"image\":{\"@id\":\"https:\/\/fashiongold.lt\/pl\/papuosalas\/szafiry-kolczyki-sztyfty-z-szafirami-w-ksztalcie-lezki-i-diamentami-1-75-ct\/#primaryimage\"},\"thumbnailUrl\":\"https:\/\/fashiongold.lt\/wp-content\/uploads\/2025\/10\/13589-b1b-Safyrai-auskarai-vinukai-su-safyrais-laso-formos-ir-deimantais-1.75-ct.png\",\"datePublished\":\"2025-10-23T07:42:46+00:00\",\"dateModified\":\"2026-02-11T20:06:05+00:00\",\"description\":\"Z\u0142ote kolczyki sztyfty z szafirami w kszta\u0142cie \u0142ezki o masie 1,62 karata i diamentami wok\u00f3\u0142 szafiru. Idealne na co dzie\u0144 i na specjalne okazje, dla wyj\u0105tkowego stylu.\",\"breadcrumb\":{\"@id\":\"https:\/\/fashiongold.lt\/pl\/papuosalas\/szafiry-kolczyki-sztyfty-z-szafirami-w-ksztalcie-lezki-i-diamentami-1-75-ct\/#breadcrumb\"},\"inLanguage\":\"pl-PL\",\"potentialAction\":[{\"@type\":\"ReadAction\",\"target\":[\"https:\/\/fashiongold.lt\/pl\/papuosalas\/szafiry-kolczyki-sztyfty-z-szafirami-w-ksztalcie-lezki-i-diamentami-1-75-ct\/\"]}]},{\"@type\":\"ImageObject\",\"inLanguage\":\"pl-PL\",\"@id\":\"https:\/\/fashiongold.lt\/pl\/papuosalas\/szafiry-kolczyki-sztyfty-z-szafirami-w-ksztalcie-lezki-i-diamentami-1-75-ct\/#primaryimage\",\"url\":\"https:\/\/fashiongold.lt\/wp-content\/uploads\/2025\/10\/13589-b1b-Safyrai-auskarai-vinukai-su-safyrais-laso-formos-ir-deimantais-1.75-ct.png\",\"contentUrl\":\"https:\/\/fashiongold.lt\/wp-content\/uploads\/2025\/10\/13589-b1b-Safyrai-auskarai-vinukai-su-safyrais-laso-formos-ir-deimantais-1.75-ct.png\",\"width\":1000,\"height\":1000},{\"@type\":\"BreadcrumbList\",\"@id\":\"https:\/\/fashiongold.lt\/pl\/papuosalas\/szafiry-kolczyki-sztyfty-z-szafirami-w-ksztalcie-lezki-i-diamentami-1-75-ct\/#breadcrumb\",\"itemListElement\":[{\"@type\":\"ListItem\",\"position\":1,\"name\":\"Home\",\"item\":\"https:\/\/fashiongold.lt\/pl\/\"},{\"@type\":\"ListItem\",\"position\":2,\"name\":\"Sklep z diamentami Fashiongold.lt\",\"item\":\"https:\/\/fashiongold.lt\/shop-2\/\"},{\"@type\":\"ListItem\",\"position\":3,\"name\":\"Szafiry &#8211; kolczyki sztyfty z szafirami w kszta\u0142cie \u0142ezki i diamentami (1.75 ct)\"}]},{\"@type\":\"WebSite\",\"@id\":\"https:\/\/fashiongold.lt\/pl\/#website\",\"url\":\"https:\/\/fashiongold.lt\/pl\/\",\"name\":\"Fashion Gold\",\"description\":\"Juvelyrikos namai\",\"publisher\":{\"@id\":\"https:\/\/fashiongold.lt\/pl\/#organization\"},\"potentialAction\":[{\"@type\":\"SearchAction\",\"target\":{\"@type\":\"EntryPoint\",\"urlTemplate\":\"https:\/\/fashiongold.lt\/pl\/?s={search_term_string}\"},\"query-input\":{\"@type\":\"PropertyValueSpecification\",\"valueRequired\":true,\"valueName\":\"search_term_string\"}}],\"inLanguage\":\"pl-PL\"},{\"@type\":\"Organization\",\"@id\":\"https:\/\/fashiongold.lt\/pl\/#organization\",\"name\":\"Topdiamonds Online\",\"url\":\"https:\/\/fashiongold.lt\/pl\/\",\"logo\":{\"@type\":\"ImageObject\",\"inLanguage\":\"pl-PL\",\"@id\":\"https:\/\/fashiongold.lt\/pl\/#\/schema\/logo\/image\/\",\"url\":\"https:\/\/fashiongold.lt\/wp-content\/uploads\/2025\/04\/cropped-fashion_gold_logotipas2-scaled-1.png\",\"contentUrl\":\"https:\/\/fashiongold.lt\/wp-content\/uploads\/2025\/04\/cropped-fashion_gold_logotipas2-scaled-1.png\",\"width\":2559,\"height\":421,\"caption\":\"Topdiamonds Online\"},\"image\":{\"@id\":\"https:\/\/fashiongold.lt\/pl\/#\/schema\/logo\/image\/\"}}]}<\/script>\n<!-- \/ Yoast SEO plugin. -->","yoast_head_json":{"title":"Sztyfty z szafirami w kszta\u0142cie \u0142ezki i diamentami (1.75 ct)","description":"Z\u0142ote kolczyki sztyfty z szafirami w kszta\u0142cie \u0142ezki o masie 1,62 karata i diamentami wok\u00f3\u0142 szafiru. Idealne na co dzie\u0144 i na specjalne okazje, dla wyj\u0105tkowego stylu.","robots":{"index":"index","follow":"follow","max-snippet":"max-snippet:-1","max-image-preview":"max-image-preview:large","max-video-preview":"max-video-preview:-1"},"canonical":"https:\/\/fashiongold.lt\/pl\/papuosalas\/szafiry-kolczyki-sztyfty-z-szafirami-w-ksztalcie-lezki-i-diamentami-1-75-ct\/","og_locale":"pl_PL","og_type":"article","og_title":"Sztyfty z szafirami w kszta\u0142cie \u0142ezki i diamentami (1.75 ct)","og_description":"Z\u0142ote kolczyki sztyfty z szafirami w kszta\u0142cie \u0142ezki o masie 1,62 karata i diamentami wok\u00f3\u0142 szafiru. Idealne na co dzie\u0144 i na specjalne okazje, dla wyj\u0105tkowego stylu.","og_url":"https:\/\/fashiongold.lt\/pl\/papuosalas\/szafiry-kolczyki-sztyfty-z-szafirami-w-ksztalcie-lezki-i-diamentami-1-75-ct\/","og_site_name":"FashionGold.lt","article_modified_time":"2026-02-11T20:06:05+00:00","og_image":[{"width":1000,"height":1000,"url":"https:\/\/fashiongold.lt\/wp-content\/uploads\/2025\/10\/13589-b1b-Safyrai-auskarai-vinukai-su-safyrais-laso-formos-ir-deimantais-1.75-ct.webp","type":"image\/png"}],"twitter_card":"summary_large_image","twitter_misc":{"Szacowany czas czytania":"1 minuta"},"schema":{"@context":"https:\/\/schema.org","@graph":[{"@type":"WebPage","@id":"https:\/\/fashiongold.lt\/pl\/papuosalas\/szafiry-kolczyki-sztyfty-z-szafirami-w-ksztalcie-lezki-i-diamentami-1-75-ct\/","url":"https:\/\/fashiongold.lt\/pl\/papuosalas\/szafiry-kolczyki-sztyfty-z-szafirami-w-ksztalcie-lezki-i-diamentami-1-75-ct\/","name":"Sztyfty z szafirami w kszta\u0142cie \u0142ezki i diamentami (1.75 ct)","isPartOf":{"@id":"https:\/\/fashiongold.lt\/pl\/#website"},"primaryImageOfPage":{"@id":"https:\/\/fashiongold.lt\/pl\/papuosalas\/szafiry-kolczyki-sztyfty-z-szafirami-w-ksztalcie-lezki-i-diamentami-1-75-ct\/#primaryimage"},"image":{"@id":"https:\/\/fashiongold.lt\/pl\/papuosalas\/szafiry-kolczyki-sztyfty-z-szafirami-w-ksztalcie-lezki-i-diamentami-1-75-ct\/#primaryimage"},"thumbnailUrl":"https:\/\/fashiongold.lt\/wp-content\/uploads\/2025\/10\/13589-b1b-Safyrai-auskarai-vinukai-su-safyrais-laso-formos-ir-deimantais-1.75-ct.png","datePublished":"2025-10-23T07:42:46+00:00","dateModified":"2026-02-11T20:06:05+00:00","description":"Z\u0142ote kolczyki sztyfty z szafirami w kszta\u0142cie \u0142ezki o masie 1,62 karata i diamentami wok\u00f3\u0142 szafiru. Idealne na co dzie\u0144 i na specjalne okazje, dla wyj\u0105tkowego stylu.","breadcrumb":{"@id":"https:\/\/fashiongold.lt\/pl\/papuosalas\/szafiry-kolczyki-sztyfty-z-szafirami-w-ksztalcie-lezki-i-diamentami-1-75-ct\/#breadcrumb"},"inLanguage":"pl-PL","potentialAction":[{"@type":"ReadAction","target":["https:\/\/fashiongold.lt\/pl\/papuosalas\/szafiry-kolczyki-sztyfty-z-szafirami-w-ksztalcie-lezki-i-diamentami-1-75-ct\/"]}]},{"@type":"ImageObject","inLanguage":"pl-PL","@id":"https:\/\/fashiongold.lt\/pl\/papuosalas\/szafiry-kolczyki-sztyfty-z-szafirami-w-ksztalcie-lezki-i-diamentami-1-75-ct\/#primaryimage","url":"https:\/\/fashiongold.lt\/wp-content\/uploads\/2025\/10\/13589-b1b-Safyrai-auskarai-vinukai-su-safyrais-laso-formos-ir-deimantais-1.75-ct.png","contentUrl":"https:\/\/fashiongold.lt\/wp-content\/uploads\/2025\/10\/13589-b1b-Safyrai-auskarai-vinukai-su-safyrais-laso-formos-ir-deimantais-1.75-ct.png","width":1000,"height":1000},{"@type":"BreadcrumbList","@id":"https:\/\/fashiongold.lt\/pl\/papuosalas\/szafiry-kolczyki-sztyfty-z-szafirami-w-ksztalcie-lezki-i-diamentami-1-75-ct\/#breadcrumb","itemListElement":[{"@type":"ListItem","position":1,"name":"Home","item":"https:\/\/fashiongold.lt\/pl\/"},{"@type":"ListItem","position":2,"name":"Sklep z diamentami Fashiongold.lt","item":"https:\/\/fashiongold.lt\/shop-2\/"},{"@type":"ListItem","position":3,"name":"Szafiry &#8211; kolczyki sztyfty z szafirami w kszta\u0142cie \u0142ezki i diamentami (1.75 ct)"}]},{"@type":"WebSite","@id":"https:\/\/fashiongold.lt\/pl\/#website","url":"https:\/\/fashiongold.lt\/pl\/","name":"Fashion Gold","description":"Juvelyrikos namai","publisher":{"@id":"https:\/\/fashiongold.lt\/pl\/#organization"},"potentialAction":[{"@type":"SearchAction","target":{"@type":"EntryPoint","urlTemplate":"https:\/\/fashiongold.lt\/pl\/?s={search_term_string}"},"query-input":{"@type":"PropertyValueSpecification","valueRequired":true,"valueName":"search_term_string"}}],"inLanguage":"pl-PL"},{"@type":"Organization","@id":"https:\/\/fashiongold.lt\/pl\/#organization","name":"Topdiamonds Online","url":"https:\/\/fashiongold.lt\/pl\/","logo":{"@type":"ImageObject","inLanguage":"pl-PL","@id":"https:\/\/fashiongold.lt\/pl\/#\/schema\/logo\/image\/","url":"https:\/\/fashiongold.lt\/wp-content\/uploads\/2025\/04\/cropped-fashion_gold_logotipas2-scaled-1.png","contentUrl":"https:\/\/fashiongold.lt\/wp-content\/uploads\/2025\/04\/cropped-fashion_gold_logotipas2-scaled-1.png","width":2559,"height":421,"caption":"Topdiamonds Online"},"image":{"@id":"https:\/\/fashiongold.lt\/pl\/#\/schema\/logo\/image\/"}}]}},"_links":{"self":[{"href":"https:\/\/fashiongold.lt\/pl\/wp-json\/wp\/v2\/product\/276742","targetHints":{"allow":["GET"]}}],"collection":[{"href":"https:\/\/fashiongold.lt\/pl\/wp-json\/wp\/v2\/product"}],"about":[{"href":"https:\/\/fashiongold.lt\/pl\/wp-json\/wp\/v2\/types\/product"}],"version-history":[{"count":0,"href":"https:\/\/fashiongold.lt\/pl\/wp-json\/wp\/v2\/product\/276742\/revisions"}],"wp:featuredmedia":[{"embeddable":true,"href":"https:\/\/fashiongold.lt\/pl\/wp-json\/wp\/v2\/media\/240766"}],"wp:attachment":[{"href":"https:\/\/fashiongold.lt\/pl\/wp-json\/wp\/v2\/media?parent=276742"}],"wp:term":[{"taxonomy":"product_brand","embeddable":true,"href":"https:\/\/fashiongold.lt\/pl\/wp-json\/wp\/v2\/product_brand?post=276742"},{"taxonomy":"product_cat","embeddable":true,"href":"https:\/\/fashiongold.lt\/pl\/wp-json\/wp\/v2\/product_cat?post=276742"},{"taxonomy":"product_tag","embeddable":true,"href":"https:\/\/fashiongold.lt\/pl\/wp-json\/wp\/v2\/product_tag?post=276742"}],"curies":[{"name":"wp","href":"https:\/\/api.w.org\/{rel}","templated":true}]}}